{"id":5900,"date":"2025-11-26T15:00:50","date_gmt":"2025-11-26T14:00:50","guid":{"rendered":"https:\/\/lifesupportdistribution.fr\/produits\/klingenwunde-sw25\/"},"modified":"2025-11-26T15:00:50","modified_gmt":"2025-11-26T14:00:50","slug":"klingenwunde-sw25","status":"publish","type":"product","link":"https:\/\/lifesupportdistribution.fr\/de\/produkt\/klingenwunde-sw25\/","title":{"rendered":"Klingenwunde &#8211; SW25"},"content":{"rendered":"<p>Die SW25-Wunde ist ideal, um die Versorgung offener Verletzungen im Rahmen der Traumatologie zu \u00fcben. Ihre gekr\u00fcmmte Form und realistische Tiefe erm\u00f6glichen die Simulation von versehentlichen Schnitten oder Stichwunden. Dank ihrer Kompatibilit\u00e4t mit dem SW-BL1-Ger\u00e4t (Blood Line) kann eine aktive Blutung integriert werden, was die Lernenden dazu zwingt, die richtigen Reflexe zur Blutstillung anzuwenden. Einfach mit dem SW-AK1-Kit anzuwenden, passt sie sowohl zu Simulationspuppen als auch zu standardisierten Patienten.   <\/p>\n","protected":false},"excerpt":{"rendered":"<p>Das Simoulage SW25-Modell bildet eine gekr\u00fcmmte Wunde von etwa 10 cm nach, konzipiert f\u00fcr die Simulation realistischer Traumata. Hergestellt aus verkapseltem Silikon und handbemalt, kann es mit dem Blutliniensystem verwendet werden, um eine aktive Blutung zu simulieren, was die \u00dcbungen noch immersiver macht. <\/p>\n","protected":false},"featured_media":2036,"template":"","meta":[],"product_brand":[208],"product_cat":[217],"product_tag":[250,238,251,236,255],"class_list":{"0":"post-5900","1":"product","2":"type-product","3":"status-publish","4":"has-post-thumbnail","6":"product_brand-simoulage","7":"product_cat-schminken-und-spezialeffekte","8":"product_tag-chirurgie","9":"product_tag-erste-hilfe","10":"product_tag-krankenpflege","11":"product_tag-notfallmedizin","12":"product_tag-traumatologie","14":"first","15":"instock","16":"shipping-taxable","17":"purchasable","18":"product-type-simple"},"yoast_head":"<!-- This site is optimized with the Yoast SEO plugin v26.8 - https:\/\/yoast.com\/product\/yoast-seo-wordpress\/ -->\n<title>SW25 Simoulage \u2013 Hyperrealistische Klingenwunde<\/title>\n<meta name=\"description\" content=\"SW25 Simoulage: Realistische Klingenwunde f\u00fcr die Erste-Hilfe-Ausbildung, Wundbeurteilung und das Traumamanagement.\" \/>\n<meta name=\"robots\" content=\"index, follow, max-snippet:-1, max-image-preview:large, max-video-preview:-1\" \/>\n<link rel=\"canonical\" href=\"https:\/\/lifesupportdistribution.fr\/de\/produkt\/klingenwunde-sw25\/\" \/>\n<meta property=\"og:locale\" content=\"de_DE\" \/>\n<meta property=\"og:type\" content=\"article\" \/>\n<meta property=\"og:title\" content=\"SW25 Simoulage \u2013 Hyperrealistische Klingenwunde\" \/>\n<meta property=\"og:description\" content=\"SW25 Simoulage: Realistische Klingenwunde f\u00fcr die Erste-Hilfe-Ausbildung, Wundbeurteilung und das Traumamanagement.\" \/>\n<meta property=\"og:url\" content=\"https:\/\/lifesupportdistribution.fr\/de\/produkt\/klingenwunde-sw25\/\" \/>\n<meta property=\"og:site_name\" content=\"Life Support Distribution\" \/>\n<meta property=\"og:image\" content=\"https:\/\/lifesupportdistribution.fr\/wp-content\/uploads\/2025\/11\/Photo-SW25-simoulage-1.png\" \/>\n\t<meta property=\"og:image:width\" content=\"880\" \/>\n\t<meta property=\"og:image:height\" content=\"634\" \/>\n\t<meta property=\"og:image:type\" content=\"image\/png\" \/>\n<meta name=\"twitter:card\" content=\"summary_large_image\" \/>\n<script type=\"application\/ld+json\" class=\"yoast-schema-graph\">{\"@context\":\"https:\/\/schema.org\",\"@graph\":[{\"@type\":\"WebPage\",\"@id\":\"https:\/\/lifesupportdistribution.fr\/de\/produkt\/klingenwunde-sw25\/\",\"url\":\"https:\/\/lifesupportdistribution.fr\/de\/produkt\/klingenwunde-sw25\/\",\"name\":\"SW25 Simoulage \u2013 Hyperrealistische Klingenwunde\",\"isPartOf\":{\"@id\":\"https:\/\/lifesupportdistribution.fr\/de\/#website\"},\"primaryImageOfPage\":{\"@id\":\"https:\/\/lifesupportdistribution.fr\/de\/produkt\/klingenwunde-sw25\/#primaryimage\"},\"image\":{\"@id\":\"https:\/\/lifesupportdistribution.fr\/de\/produkt\/klingenwunde-sw25\/#primaryimage\"},\"thumbnailUrl\":\"https:\/\/lifesupportdistribution.fr\/wp-content\/uploads\/2025\/11\/Photo-SW25-simoulage-1.png\",\"datePublished\":\"2025-11-26T14:00:50+00:00\",\"description\":\"SW25 Simoulage: Realistische Klingenwunde f\u00fcr die Erste-Hilfe-Ausbildung, Wundbeurteilung und das Traumamanagement.\",\"breadcrumb\":{\"@id\":\"https:\/\/lifesupportdistribution.fr\/de\/produkt\/klingenwunde-sw25\/#breadcrumb\"},\"inLanguage\":\"de\",\"potentialAction\":[{\"@type\":\"ReadAction\",\"target\":[\"https:\/\/lifesupportdistribution.fr\/de\/produkt\/klingenwunde-sw25\/\"]}]},{\"@type\":\"ImageObject\",\"inLanguage\":\"de\",\"@id\":\"https:\/\/lifesupportdistribution.fr\/de\/produkt\/klingenwunde-sw25\/#primaryimage\",\"url\":\"https:\/\/lifesupportdistribution.fr\/wp-content\/uploads\/2025\/11\/Photo-SW25-simoulage-1.png\",\"contentUrl\":\"https:\/\/lifesupportdistribution.fr\/wp-content\/uploads\/2025\/11\/Photo-SW25-simoulage-1.png\",\"width\":880,\"height\":634},{\"@type\":\"BreadcrumbList\",\"@id\":\"https:\/\/lifesupportdistribution.fr\/de\/produkt\/klingenwunde-sw25\/#breadcrumb\",\"itemListElement\":[{\"@type\":\"ListItem\",\"position\":1,\"name\":\"Accueil\",\"item\":\"https:\/\/lifesupportdistribution.fr\/de\/startseite\/\"},{\"@type\":\"ListItem\",\"position\":2,\"name\":\"Shop\",\"item\":\"https:\/\/lifesupportdistribution.fr\/de\/shop\/\"},{\"@type\":\"ListItem\",\"position\":3,\"name\":\"Klingenwunde &#8211; SW25\"}]},{\"@type\":\"WebSite\",\"@id\":\"https:\/\/lifesupportdistribution.fr\/de\/#website\",\"url\":\"https:\/\/lifesupportdistribution.fr\/de\/\",\"name\":\"Life Support Distribution\",\"description\":\"Solutions en simulation m\u00e9dicale\",\"publisher\":{\"@id\":\"https:\/\/lifesupportdistribution.fr\/de\/#organization\"},\"potentialAction\":[{\"@type\":\"SearchAction\",\"target\":{\"@type\":\"EntryPoint\",\"urlTemplate\":\"https:\/\/lifesupportdistribution.fr\/de\/?s={search_term_string}\"},\"query-input\":{\"@type\":\"PropertyValueSpecification\",\"valueRequired\":true,\"valueName\":\"search_term_string\"}}],\"inLanguage\":\"de\"},{\"@type\":\"Organization\",\"@id\":\"https:\/\/lifesupportdistribution.fr\/de\/#organization\",\"name\":\"Life Support Distribution\",\"url\":\"https:\/\/lifesupportdistribution.fr\/de\/\",\"logo\":{\"@type\":\"ImageObject\",\"inLanguage\":\"de\",\"@id\":\"https:\/\/lifesupportdistribution.fr\/de\/#\/schema\/logo\/image\/\",\"url\":\"https:\/\/lifesupportdistribution.fr\/wp-content\/uploads\/2025\/10\/logo-life-support-distribution.svg\",\"contentUrl\":\"https:\/\/lifesupportdistribution.fr\/wp-content\/uploads\/2025\/10\/logo-life-support-distribution.svg\",\"width\":698,\"height\":223,\"caption\":\"Life Support Distribution\"},\"image\":{\"@id\":\"https:\/\/lifesupportdistribution.fr\/de\/#\/schema\/logo\/image\/\"},\"sameAs\":[\"https:\/\/www.linkedin.com\/company\/life-support-distribution\/\"]}]}<\/script>\n<!-- \/ Yoast SEO plugin. -->","yoast_head_json":{"title":"SW25 Simoulage \u2013 Hyperrealistische Klingenwunde","description":"SW25 Simoulage: Realistische Klingenwunde f\u00fcr die Erste-Hilfe-Ausbildung, Wundbeurteilung und das Traumamanagement.","robots":{"index":"index","follow":"follow","max-snippet":"max-snippet:-1","max-image-preview":"max-image-preview:large","max-video-preview":"max-video-preview:-1"},"canonical":"https:\/\/lifesupportdistribution.fr\/de\/produkt\/klingenwunde-sw25\/","og_locale":"de_DE","og_type":"article","og_title":"SW25 Simoulage \u2013 Hyperrealistische Klingenwunde","og_description":"SW25 Simoulage: Realistische Klingenwunde f\u00fcr die Erste-Hilfe-Ausbildung, Wundbeurteilung und das Traumamanagement.","og_url":"https:\/\/lifesupportdistribution.fr\/de\/produkt\/klingenwunde-sw25\/","og_site_name":"Life Support Distribution","og_image":[{"width":880,"height":634,"url":"https:\/\/lifesupportdistribution.fr\/wp-content\/uploads\/2025\/11\/Photo-SW25-simoulage-1.png","type":"image\/png"}],"twitter_card":"summary_large_image","schema":{"@context":"https:\/\/schema.org","@graph":[{"@type":"WebPage","@id":"https:\/\/lifesupportdistribution.fr\/de\/produkt\/klingenwunde-sw25\/","url":"https:\/\/lifesupportdistribution.fr\/de\/produkt\/klingenwunde-sw25\/","name":"SW25 Simoulage \u2013 Hyperrealistische Klingenwunde","isPartOf":{"@id":"https:\/\/lifesupportdistribution.fr\/de\/#website"},"primaryImageOfPage":{"@id":"https:\/\/lifesupportdistribution.fr\/de\/produkt\/klingenwunde-sw25\/#primaryimage"},"image":{"@id":"https:\/\/lifesupportdistribution.fr\/de\/produkt\/klingenwunde-sw25\/#primaryimage"},"thumbnailUrl":"https:\/\/lifesupportdistribution.fr\/wp-content\/uploads\/2025\/11\/Photo-SW25-simoulage-1.png","datePublished":"2025-11-26T14:00:50+00:00","description":"SW25 Simoulage: Realistische Klingenwunde f\u00fcr die Erste-Hilfe-Ausbildung, Wundbeurteilung und das Traumamanagement.","breadcrumb":{"@id":"https:\/\/lifesupportdistribution.fr\/de\/produkt\/klingenwunde-sw25\/#breadcrumb"},"inLanguage":"de","potentialAction":[{"@type":"ReadAction","target":["https:\/\/lifesupportdistribution.fr\/de\/produkt\/klingenwunde-sw25\/"]}]},{"@type":"ImageObject","inLanguage":"de","@id":"https:\/\/lifesupportdistribution.fr\/de\/produkt\/klingenwunde-sw25\/#primaryimage","url":"https:\/\/lifesupportdistribution.fr\/wp-content\/uploads\/2025\/11\/Photo-SW25-simoulage-1.png","contentUrl":"https:\/\/lifesupportdistribution.fr\/wp-content\/uploads\/2025\/11\/Photo-SW25-simoulage-1.png","width":880,"height":634},{"@type":"BreadcrumbList","@id":"https:\/\/lifesupportdistribution.fr\/de\/produkt\/klingenwunde-sw25\/#breadcrumb","itemListElement":[{"@type":"ListItem","position":1,"name":"Accueil","item":"https:\/\/lifesupportdistribution.fr\/de\/startseite\/"},{"@type":"ListItem","position":2,"name":"Shop","item":"https:\/\/lifesupportdistribution.fr\/de\/shop\/"},{"@type":"ListItem","position":3,"name":"Klingenwunde &#8211; SW25"}]},{"@type":"WebSite","@id":"https:\/\/lifesupportdistribution.fr\/de\/#website","url":"https:\/\/lifesupportdistribution.fr\/de\/","name":"Life Support Distribution","description":"Solutions en simulation m\u00e9dicale","publisher":{"@id":"https:\/\/lifesupportdistribution.fr\/de\/#organization"},"potentialAction":[{"@type":"SearchAction","target":{"@type":"EntryPoint","urlTemplate":"https:\/\/lifesupportdistribution.fr\/de\/?s={search_term_string}"},"query-input":{"@type":"PropertyValueSpecification","valueRequired":true,"valueName":"search_term_string"}}],"inLanguage":"de"},{"@type":"Organization","@id":"https:\/\/lifesupportdistribution.fr\/de\/#organization","name":"Life Support Distribution","url":"https:\/\/lifesupportdistribution.fr\/de\/","logo":{"@type":"ImageObject","inLanguage":"de","@id":"https:\/\/lifesupportdistribution.fr\/de\/#\/schema\/logo\/image\/","url":"https:\/\/lifesupportdistribution.fr\/wp-content\/uploads\/2025\/10\/logo-life-support-distribution.svg","contentUrl":"https:\/\/lifesupportdistribution.fr\/wp-content\/uploads\/2025\/10\/logo-life-support-distribution.svg","width":698,"height":223,"caption":"Life Support Distribution"},"image":{"@id":"https:\/\/lifesupportdistribution.fr\/de\/#\/schema\/logo\/image\/"},"sameAs":["https:\/\/www.linkedin.com\/company\/life-support-distribution\/"]}]}},"_links":{"self":[{"href":"https:\/\/lifesupportdistribution.fr\/de\/wp-json\/wp\/v2\/product\/5900","targetHints":{"allow":["GET"]}}],"collection":[{"href":"https:\/\/lifesupportdistribution.fr\/de\/wp-json\/wp\/v2\/product"}],"about":[{"href":"https:\/\/lifesupportdistribution.fr\/de\/wp-json\/wp\/v2\/types\/product"}],"wp:featuredmedia":[{"embeddable":true,"href":"https:\/\/lifesupportdistribution.fr\/de\/wp-json\/wp\/v2\/media\/2036"}],"wp:attachment":[{"href":"https:\/\/lifesupportdistribution.fr\/de\/wp-json\/wp\/v2\/media?parent=5900"}],"wp:term":[{"taxonomy":"product_brand","embeddable":true,"href":"https:\/\/lifesupportdistribution.fr\/de\/wp-json\/wp\/v2\/product_brand?post=5900"},{"taxonomy":"product_cat","embeddable":true,"href":"https:\/\/lifesupportdistribution.fr\/de\/wp-json\/wp\/v2\/product_cat?post=5900"},{"taxonomy":"product_tag","embeddable":true,"href":"https:\/\/lifesupportdistribution.fr\/de\/wp-json\/wp\/v2\/product_tag?post=5900"}],"curies":[{"name":"wp","href":"https:\/\/api.w.org\/{rel}","templated":true}]}}