{"id":5909,"date":"2025-11-26T15:39:38","date_gmt":"2025-11-26T14:39:38","guid":{"rendered":"https:\/\/lifesupportdistribution.fr\/produits\/nasenbruch-mit-hautverletzung-sw27\/"},"modified":"2025-11-26T15:39:38","modified_gmt":"2025-11-26T14:39:38","slug":"nasenbruch-mit-hautverletzung-sw27","status":"publish","type":"product","link":"https:\/\/lifesupportdistribution.fr\/de\/produkt\/nasenbruch-mit-hautverletzung-sw27\/","title":{"rendered":"Nasenbruch mit Hautverletzung &#8211; SW27"},"content":{"rendered":"<p>Die SW27-Wunde soll einen Nasenbruch nachbilden, wie er bei \u00dcbergriffen, Sportverletzungen oder Unf\u00e4llen auftreten kann. Sie zeigt die klassischen klinischen Anzeichen: Schwellung, Abweichung und Prellung. Dieses Modell erm\u00f6glicht es den Lernenden, die Beurteilung eines Gesichtstraumas, die initiale Stabilisierung, die Schmerzkontrolle und die Vorbereitung einer spezialisierten medizinischen Versorgung zu \u00fcben. Einfach auf Puppen oder standardisierten Patienten anzuwenden, beh\u00e4lt sie ein realistisches Aussehen bei, das die Effektivit\u00e4t der p\u00e4dagogischen Szenarien verst\u00e4rkt.   <\/p>\n","protected":false},"excerpt":{"rendered":"<p>Das Simoulage-Modell SW27 bildet einen Nasenbruch mit sichtbarer Schwellung und Deformation nach. Entwickelt aus ultrarealistischem, verkapseltem Silikon, erm\u00f6glicht es, die Folgen eines Gesichtstraumas zu simulieren und die Lernenden darin zu schulen, einen Nasenbruch zu identifizieren und zu behandeln. <\/p>\n","protected":false},"featured_media":2055,"template":"","meta":[],"product_brand":[208],"product_cat":[217],"product_tag":[254,238,236,255],"class_list":{"0":"post-5909","1":"product","2":"type-product","3":"status-publish","4":"has-post-thumbnail","6":"product_brand-simoulage","7":"product_cat-schminken-und-spezialeffekte","8":"product_tag-dermatologie","9":"product_tag-erste-hilfe","10":"product_tag-notfallmedizin","11":"product_tag-traumatologie","13":"first","14":"instock","15":"shipping-taxable","16":"purchasable","17":"product-type-simple"},"yoast_head":"<!-- This site is optimized with the Yoast SEO plugin v26.8 - https:\/\/yoast.com\/product\/yoast-seo-wordpress\/ -->\n<title>SW27 Simoulage \u2013 Nasenbruch mit realistischer Wunde<\/title>\n<meta name=\"description\" content=\"SW27 Simoulage: Nasenbruch mit Hautverletzung, ideal f\u00fcr das Training von Gesichtstraumata, zur Beurteilung und Notfallversorgung.\" \/>\n<meta name=\"robots\" content=\"index, follow, max-snippet:-1, max-image-preview:large, max-video-preview:-1\" \/>\n<link rel=\"canonical\" href=\"https:\/\/lifesupportdistribution.fr\/de\/produkt\/nasenbruch-mit-hautverletzung-sw27\/\" \/>\n<meta property=\"og:locale\" content=\"de_DE\" \/>\n<meta property=\"og:type\" content=\"article\" \/>\n<meta property=\"og:title\" content=\"SW27 Simoulage \u2013 Nasenbruch mit realistischer Wunde\" \/>\n<meta property=\"og:description\" content=\"SW27 Simoulage: Nasenbruch mit Hautverletzung, ideal f\u00fcr das Training von Gesichtstraumata, zur Beurteilung und Notfallversorgung.\" \/>\n<meta property=\"og:url\" content=\"https:\/\/lifesupportdistribution.fr\/de\/produkt\/nasenbruch-mit-hautverletzung-sw27\/\" \/>\n<meta property=\"og:site_name\" content=\"Life Support Distribution\" \/>\n<meta property=\"og:image\" content=\"https:\/\/lifesupportdistribution.fr\/wp-content\/uploads\/2025\/11\/Photo-SW27-simoulage-1.png\" \/>\n\t<meta property=\"og:image:width\" content=\"876\" \/>\n\t<meta property=\"og:image:height\" content=\"588\" \/>\n\t<meta property=\"og:image:type\" content=\"image\/png\" \/>\n<meta name=\"twitter:card\" content=\"summary_large_image\" \/>\n<script type=\"application\/ld+json\" class=\"yoast-schema-graph\">{\"@context\":\"https:\/\/schema.org\",\"@graph\":[{\"@type\":\"WebPage\",\"@id\":\"https:\/\/lifesupportdistribution.fr\/de\/produkt\/nasenbruch-mit-hautverletzung-sw27\/\",\"url\":\"https:\/\/lifesupportdistribution.fr\/de\/produkt\/nasenbruch-mit-hautverletzung-sw27\/\",\"name\":\"SW27 Simoulage \u2013 Nasenbruch mit realistischer Wunde\",\"isPartOf\":{\"@id\":\"https:\/\/lifesupportdistribution.fr\/de\/#website\"},\"primaryImageOfPage\":{\"@id\":\"https:\/\/lifesupportdistribution.fr\/de\/produkt\/nasenbruch-mit-hautverletzung-sw27\/#primaryimage\"},\"image\":{\"@id\":\"https:\/\/lifesupportdistribution.fr\/de\/produkt\/nasenbruch-mit-hautverletzung-sw27\/#primaryimage\"},\"thumbnailUrl\":\"https:\/\/lifesupportdistribution.fr\/wp-content\/uploads\/2025\/11\/Photo-SW27-simoulage-1.png\",\"datePublished\":\"2025-11-26T14:39:38+00:00\",\"description\":\"SW27 Simoulage: Nasenbruch mit Hautverletzung, ideal f\u00fcr das Training von Gesichtstraumata, zur Beurteilung und Notfallversorgung.\",\"breadcrumb\":{\"@id\":\"https:\/\/lifesupportdistribution.fr\/de\/produkt\/nasenbruch-mit-hautverletzung-sw27\/#breadcrumb\"},\"inLanguage\":\"de\",\"potentialAction\":[{\"@type\":\"ReadAction\",\"target\":[\"https:\/\/lifesupportdistribution.fr\/de\/produkt\/nasenbruch-mit-hautverletzung-sw27\/\"]}]},{\"@type\":\"ImageObject\",\"inLanguage\":\"de\",\"@id\":\"https:\/\/lifesupportdistribution.fr\/de\/produkt\/nasenbruch-mit-hautverletzung-sw27\/#primaryimage\",\"url\":\"https:\/\/lifesupportdistribution.fr\/wp-content\/uploads\/2025\/11\/Photo-SW27-simoulage-1.png\",\"contentUrl\":\"https:\/\/lifesupportdistribution.fr\/wp-content\/uploads\/2025\/11\/Photo-SW27-simoulage-1.png\",\"width\":876,\"height\":588},{\"@type\":\"BreadcrumbList\",\"@id\":\"https:\/\/lifesupportdistribution.fr\/de\/produkt\/nasenbruch-mit-hautverletzung-sw27\/#breadcrumb\",\"itemListElement\":[{\"@type\":\"ListItem\",\"position\":1,\"name\":\"Accueil\",\"item\":\"https:\/\/lifesupportdistribution.fr\/de\/startseite\/\"},{\"@type\":\"ListItem\",\"position\":2,\"name\":\"Shop\",\"item\":\"https:\/\/lifesupportdistribution.fr\/de\/shop\/\"},{\"@type\":\"ListItem\",\"position\":3,\"name\":\"Nasenbruch mit Hautverletzung &#8211; SW27\"}]},{\"@type\":\"WebSite\",\"@id\":\"https:\/\/lifesupportdistribution.fr\/de\/#website\",\"url\":\"https:\/\/lifesupportdistribution.fr\/de\/\",\"name\":\"Life Support Distribution\",\"description\":\"Solutions en simulation m\u00e9dicale\",\"publisher\":{\"@id\":\"https:\/\/lifesupportdistribution.fr\/de\/#organization\"},\"potentialAction\":[{\"@type\":\"SearchAction\",\"target\":{\"@type\":\"EntryPoint\",\"urlTemplate\":\"https:\/\/lifesupportdistribution.fr\/de\/?s={search_term_string}\"},\"query-input\":{\"@type\":\"PropertyValueSpecification\",\"valueRequired\":true,\"valueName\":\"search_term_string\"}}],\"inLanguage\":\"de\"},{\"@type\":\"Organization\",\"@id\":\"https:\/\/lifesupportdistribution.fr\/de\/#organization\",\"name\":\"Life Support Distribution\",\"url\":\"https:\/\/lifesupportdistribution.fr\/de\/\",\"logo\":{\"@type\":\"ImageObject\",\"inLanguage\":\"de\",\"@id\":\"https:\/\/lifesupportdistribution.fr\/de\/#\/schema\/logo\/image\/\",\"url\":\"https:\/\/lifesupportdistribution.fr\/wp-content\/uploads\/2025\/10\/logo-life-support-distribution.svg\",\"contentUrl\":\"https:\/\/lifesupportdistribution.fr\/wp-content\/uploads\/2025\/10\/logo-life-support-distribution.svg\",\"width\":698,\"height\":223,\"caption\":\"Life Support Distribution\"},\"image\":{\"@id\":\"https:\/\/lifesupportdistribution.fr\/de\/#\/schema\/logo\/image\/\"},\"sameAs\":[\"https:\/\/www.linkedin.com\/company\/life-support-distribution\/\"]}]}<\/script>\n<!-- \/ Yoast SEO plugin. -->","yoast_head_json":{"title":"SW27 Simoulage \u2013 Nasenbruch mit realistischer Wunde","description":"SW27 Simoulage: Nasenbruch mit Hautverletzung, ideal f\u00fcr das Training von Gesichtstraumata, zur Beurteilung und Notfallversorgung.","robots":{"index":"index","follow":"follow","max-snippet":"max-snippet:-1","max-image-preview":"max-image-preview:large","max-video-preview":"max-video-preview:-1"},"canonical":"https:\/\/lifesupportdistribution.fr\/de\/produkt\/nasenbruch-mit-hautverletzung-sw27\/","og_locale":"de_DE","og_type":"article","og_title":"SW27 Simoulage \u2013 Nasenbruch mit realistischer Wunde","og_description":"SW27 Simoulage: Nasenbruch mit Hautverletzung, ideal f\u00fcr das Training von Gesichtstraumata, zur Beurteilung und Notfallversorgung.","og_url":"https:\/\/lifesupportdistribution.fr\/de\/produkt\/nasenbruch-mit-hautverletzung-sw27\/","og_site_name":"Life Support Distribution","og_image":[{"width":876,"height":588,"url":"https:\/\/lifesupportdistribution.fr\/wp-content\/uploads\/2025\/11\/Photo-SW27-simoulage-1.png","type":"image\/png"}],"twitter_card":"summary_large_image","schema":{"@context":"https:\/\/schema.org","@graph":[{"@type":"WebPage","@id":"https:\/\/lifesupportdistribution.fr\/de\/produkt\/nasenbruch-mit-hautverletzung-sw27\/","url":"https:\/\/lifesupportdistribution.fr\/de\/produkt\/nasenbruch-mit-hautverletzung-sw27\/","name":"SW27 Simoulage \u2013 Nasenbruch mit realistischer Wunde","isPartOf":{"@id":"https:\/\/lifesupportdistribution.fr\/de\/#website"},"primaryImageOfPage":{"@id":"https:\/\/lifesupportdistribution.fr\/de\/produkt\/nasenbruch-mit-hautverletzung-sw27\/#primaryimage"},"image":{"@id":"https:\/\/lifesupportdistribution.fr\/de\/produkt\/nasenbruch-mit-hautverletzung-sw27\/#primaryimage"},"thumbnailUrl":"https:\/\/lifesupportdistribution.fr\/wp-content\/uploads\/2025\/11\/Photo-SW27-simoulage-1.png","datePublished":"2025-11-26T14:39:38+00:00","description":"SW27 Simoulage: Nasenbruch mit Hautverletzung, ideal f\u00fcr das Training von Gesichtstraumata, zur Beurteilung und Notfallversorgung.","breadcrumb":{"@id":"https:\/\/lifesupportdistribution.fr\/de\/produkt\/nasenbruch-mit-hautverletzung-sw27\/#breadcrumb"},"inLanguage":"de","potentialAction":[{"@type":"ReadAction","target":["https:\/\/lifesupportdistribution.fr\/de\/produkt\/nasenbruch-mit-hautverletzung-sw27\/"]}]},{"@type":"ImageObject","inLanguage":"de","@id":"https:\/\/lifesupportdistribution.fr\/de\/produkt\/nasenbruch-mit-hautverletzung-sw27\/#primaryimage","url":"https:\/\/lifesupportdistribution.fr\/wp-content\/uploads\/2025\/11\/Photo-SW27-simoulage-1.png","contentUrl":"https:\/\/lifesupportdistribution.fr\/wp-content\/uploads\/2025\/11\/Photo-SW27-simoulage-1.png","width":876,"height":588},{"@type":"BreadcrumbList","@id":"https:\/\/lifesupportdistribution.fr\/de\/produkt\/nasenbruch-mit-hautverletzung-sw27\/#breadcrumb","itemListElement":[{"@type":"ListItem","position":1,"name":"Accueil","item":"https:\/\/lifesupportdistribution.fr\/de\/startseite\/"},{"@type":"ListItem","position":2,"name":"Shop","item":"https:\/\/lifesupportdistribution.fr\/de\/shop\/"},{"@type":"ListItem","position":3,"name":"Nasenbruch mit Hautverletzung &#8211; SW27"}]},{"@type":"WebSite","@id":"https:\/\/lifesupportdistribution.fr\/de\/#website","url":"https:\/\/lifesupportdistribution.fr\/de\/","name":"Life Support Distribution","description":"Solutions en simulation m\u00e9dicale","publisher":{"@id":"https:\/\/lifesupportdistribution.fr\/de\/#organization"},"potentialAction":[{"@type":"SearchAction","target":{"@type":"EntryPoint","urlTemplate":"https:\/\/lifesupportdistribution.fr\/de\/?s={search_term_string}"},"query-input":{"@type":"PropertyValueSpecification","valueRequired":true,"valueName":"search_term_string"}}],"inLanguage":"de"},{"@type":"Organization","@id":"https:\/\/lifesupportdistribution.fr\/de\/#organization","name":"Life Support Distribution","url":"https:\/\/lifesupportdistribution.fr\/de\/","logo":{"@type":"ImageObject","inLanguage":"de","@id":"https:\/\/lifesupportdistribution.fr\/de\/#\/schema\/logo\/image\/","url":"https:\/\/lifesupportdistribution.fr\/wp-content\/uploads\/2025\/10\/logo-life-support-distribution.svg","contentUrl":"https:\/\/lifesupportdistribution.fr\/wp-content\/uploads\/2025\/10\/logo-life-support-distribution.svg","width":698,"height":223,"caption":"Life Support Distribution"},"image":{"@id":"https:\/\/lifesupportdistribution.fr\/de\/#\/schema\/logo\/image\/"},"sameAs":["https:\/\/www.linkedin.com\/company\/life-support-distribution\/"]}]}},"_links":{"self":[{"href":"https:\/\/lifesupportdistribution.fr\/de\/wp-json\/wp\/v2\/product\/5909","targetHints":{"allow":["GET"]}}],"collection":[{"href":"https:\/\/lifesupportdistribution.fr\/de\/wp-json\/wp\/v2\/product"}],"about":[{"href":"https:\/\/lifesupportdistribution.fr\/de\/wp-json\/wp\/v2\/types\/product"}],"wp:featuredmedia":[{"embeddable":true,"href":"https:\/\/lifesupportdistribution.fr\/de\/wp-json\/wp\/v2\/media\/2055"}],"wp:attachment":[{"href":"https:\/\/lifesupportdistribution.fr\/de\/wp-json\/wp\/v2\/media?parent=5909"}],"wp:term":[{"taxonomy":"product_brand","embeddable":true,"href":"https:\/\/lifesupportdistribution.fr\/de\/wp-json\/wp\/v2\/product_brand?post=5909"},{"taxonomy":"product_cat","embeddable":true,"href":"https:\/\/lifesupportdistribution.fr\/de\/wp-json\/wp\/v2\/product_cat?post=5909"},{"taxonomy":"product_tag","embeddable":true,"href":"https:\/\/lifesupportdistribution.fr\/de\/wp-json\/wp\/v2\/product_tag?post=5909"}],"curies":[{"name":"wp","href":"https:\/\/api.w.org\/{rel}","templated":true}]}}