{"id":5920,"date":"2025-11-27T21:12:43","date_gmt":"2025-11-27T20:12:43","guid":{"rendered":"https:\/\/lifesupportdistribution.fr\/produits\/kompakter-rinderdystokie-simulator\/"},"modified":"2025-11-27T21:12:43","modified_gmt":"2025-11-27T20:12:43","slug":"kompakter-rinderdystokie-simulator","status":"publish","type":"product","link":"https:\/\/lifesupportdistribution.fr\/de\/produkt\/kompakter-rinderdystokie-simulator\/","title":{"rendered":"Kompakter Rinderdystokie-Simulator"},"content":{"rendered":"<p>Ideal f\u00fcr veterin\u00e4rmedizinische Bildungseinrichtungen oder mobile Schulungszentren kombiniert der kompakte Rinderdystokie-Simulator anatomischen Realismus und Praktikabilit\u00e4t.<br \/>\nSeine robuste Epoxidharz-\/Glasfaserstruktur ist wasserbest\u00e4ndig und pflegeleicht, wobei die gleiche p\u00e4dagogische Genauigkeit wie bei den lebensgro\u00dfen Modellen erhalten bleibt.<br \/>\nSein komplettes Geburtshilfesystem erm\u00f6glicht die Reproduktion aller Schritte einer Kalbung, von der Anbringung der Geburtsketten bis zur Extraktion des Kalbes, mit realistischem taktilem Feedback.<br \/>\nGeliefert mit einem passenden aufblasbaren Kalb, f\u00f6rdert er das schrittweise Erlernen geburtshilflicher Handgriffe unter kontrollierten Bedingungen.<br \/>\nErh\u00e4ltlich in Schwarz oder Braun, f\u00fcgt er sich leicht in jede Schulungsumgebung ein.<\/p>\n","protected":false},"excerpt":{"rendered":"<p>Der kompakte Rinderdystokie-Simulator ist eine Tischversion, die vom lebensgro\u00dfen Hereford-Modell inspiriert ist.<br \/>\nEntwickelt f\u00fcr die Schulung in Kalbungstechniken und Dystokie-Management, bietet er eine leichte, transportable und ergonomische L\u00f6sung f\u00fcr Lehrumgebungen, die Mobilit\u00e4t und Platzersparnis erfordern.<br \/>\nGeliefert mit einem passenden Kalb und mehreren geburtshilflichen Zubeh\u00f6rteilen, erm\u00f6glicht er ein umfassendes und sicheres Lernen.<\/p>\n","protected":false},"featured_media":2421,"template":"","meta":[],"product_brand":[214],"product_cat":[226],"product_tag":[240],"class_list":{"0":"post-5920","1":"product","2":"type-product","3":"status-publish","4":"has-post-thumbnail","6":"product_brand-vsi","7":"product_cat-simulatoren-fur-veterinarpflege","8":"product_tag-tiermedizin","10":"first","11":"instock","12":"shipping-taxable","13":"purchasable","14":"product-type-simple"},"yoast_head":"<!-- This site is optimized with the Yoast SEO plugin v26.8 - https:\/\/yoast.com\/product\/yoast-seo-wordpress\/ -->\n<title>Kompakter Rinderdystokie-Simulator<\/title>\n<meta name=\"description\" content=\"Kompakter Rinderdystokie-Simulator: realistisches Modell zur Schulung bei schwierigen Geburten auf engem Raum und in Feldsituationen.\" \/>\n<meta name=\"robots\" content=\"index, follow, max-snippet:-1, max-image-preview:large, max-video-preview:-1\" \/>\n<link rel=\"canonical\" href=\"https:\/\/lifesupportdistribution.fr\/de\/produkt\/kompakter-rinderdystokie-simulator\/\" \/>\n<meta property=\"og:locale\" content=\"de_DE\" \/>\n<meta property=\"og:type\" content=\"article\" \/>\n<meta property=\"og:title\" content=\"Kompakter Rinderdystokie-Simulator\" \/>\n<meta property=\"og:description\" content=\"Kompakter Rinderdystokie-Simulator: realistisches Modell zur Schulung bei schwierigen Geburten auf engem Raum und in Feldsituationen.\" \/>\n<meta property=\"og:url\" content=\"https:\/\/lifesupportdistribution.fr\/de\/produkt\/kompakter-rinderdystokie-simulator\/\" \/>\n<meta property=\"og:site_name\" content=\"Life Support Distribution\" \/>\n<meta property=\"og:image\" content=\"https:\/\/lifesupportdistribution.fr\/wp-content\/uploads\/2025\/11\/Photo-Simulateur-de-dystocie-bovine-compact-1.png\" \/>\n\t<meta property=\"og:image:width\" content=\"1022\" \/>\n\t<meta property=\"og:image:height\" content=\"732\" \/>\n\t<meta property=\"og:image:type\" content=\"image\/png\" \/>\n<meta name=\"twitter:card\" content=\"summary_large_image\" \/>\n<script type=\"application\/ld+json\" class=\"yoast-schema-graph\">{\"@context\":\"https:\/\/schema.org\",\"@graph\":[{\"@type\":\"WebPage\",\"@id\":\"https:\/\/lifesupportdistribution.fr\/de\/produkt\/kompakter-rinderdystokie-simulator\/\",\"url\":\"https:\/\/lifesupportdistribution.fr\/de\/produkt\/kompakter-rinderdystokie-simulator\/\",\"name\":\"Kompakter Rinderdystokie-Simulator\",\"isPartOf\":{\"@id\":\"https:\/\/lifesupportdistribution.fr\/de\/#website\"},\"primaryImageOfPage\":{\"@id\":\"https:\/\/lifesupportdistribution.fr\/de\/produkt\/kompakter-rinderdystokie-simulator\/#primaryimage\"},\"image\":{\"@id\":\"https:\/\/lifesupportdistribution.fr\/de\/produkt\/kompakter-rinderdystokie-simulator\/#primaryimage\"},\"thumbnailUrl\":\"https:\/\/lifesupportdistribution.fr\/wp-content\/uploads\/2025\/11\/Photo-Simulateur-de-dystocie-bovine-compact-1.png\",\"datePublished\":\"2025-11-27T20:12:43+00:00\",\"description\":\"Kompakter Rinderdystokie-Simulator: realistisches Modell zur Schulung bei schwierigen Geburten auf engem Raum und in Feldsituationen.\",\"breadcrumb\":{\"@id\":\"https:\/\/lifesupportdistribution.fr\/de\/produkt\/kompakter-rinderdystokie-simulator\/#breadcrumb\"},\"inLanguage\":\"de\",\"potentialAction\":[{\"@type\":\"ReadAction\",\"target\":[\"https:\/\/lifesupportdistribution.fr\/de\/produkt\/kompakter-rinderdystokie-simulator\/\"]}]},{\"@type\":\"ImageObject\",\"inLanguage\":\"de\",\"@id\":\"https:\/\/lifesupportdistribution.fr\/de\/produkt\/kompakter-rinderdystokie-simulator\/#primaryimage\",\"url\":\"https:\/\/lifesupportdistribution.fr\/wp-content\/uploads\/2025\/11\/Photo-Simulateur-de-dystocie-bovine-compact-1.png\",\"contentUrl\":\"https:\/\/lifesupportdistribution.fr\/wp-content\/uploads\/2025\/11\/Photo-Simulateur-de-dystocie-bovine-compact-1.png\",\"width\":1022,\"height\":732},{\"@type\":\"BreadcrumbList\",\"@id\":\"https:\/\/lifesupportdistribution.fr\/de\/produkt\/kompakter-rinderdystokie-simulator\/#breadcrumb\",\"itemListElement\":[{\"@type\":\"ListItem\",\"position\":1,\"name\":\"Accueil\",\"item\":\"https:\/\/lifesupportdistribution.fr\/de\/startseite\/\"},{\"@type\":\"ListItem\",\"position\":2,\"name\":\"Shop\",\"item\":\"https:\/\/lifesupportdistribution.fr\/de\/shop\/\"},{\"@type\":\"ListItem\",\"position\":3,\"name\":\"Kompakter Rinderdystokie-Simulator\"}]},{\"@type\":\"WebSite\",\"@id\":\"https:\/\/lifesupportdistribution.fr\/de\/#website\",\"url\":\"https:\/\/lifesupportdistribution.fr\/de\/\",\"name\":\"Life Support Distribution\",\"description\":\"Solutions en simulation m\u00e9dicale\",\"publisher\":{\"@id\":\"https:\/\/lifesupportdistribution.fr\/de\/#organization\"},\"potentialAction\":[{\"@type\":\"SearchAction\",\"target\":{\"@type\":\"EntryPoint\",\"urlTemplate\":\"https:\/\/lifesupportdistribution.fr\/de\/?s={search_term_string}\"},\"query-input\":{\"@type\":\"PropertyValueSpecification\",\"valueRequired\":true,\"valueName\":\"search_term_string\"}}],\"inLanguage\":\"de\"},{\"@type\":\"Organization\",\"@id\":\"https:\/\/lifesupportdistribution.fr\/de\/#organization\",\"name\":\"Life Support Distribution\",\"url\":\"https:\/\/lifesupportdistribution.fr\/de\/\",\"logo\":{\"@type\":\"ImageObject\",\"inLanguage\":\"de\",\"@id\":\"https:\/\/lifesupportdistribution.fr\/de\/#\/schema\/logo\/image\/\",\"url\":\"https:\/\/lifesupportdistribution.fr\/wp-content\/uploads\/2025\/10\/logo-life-support-distribution.svg\",\"contentUrl\":\"https:\/\/lifesupportdistribution.fr\/wp-content\/uploads\/2025\/10\/logo-life-support-distribution.svg\",\"width\":698,\"height\":223,\"caption\":\"Life Support Distribution\"},\"image\":{\"@id\":\"https:\/\/lifesupportdistribution.fr\/de\/#\/schema\/logo\/image\/\"},\"sameAs\":[\"https:\/\/www.linkedin.com\/company\/life-support-distribution\/\"]}]}<\/script>\n<!-- \/ Yoast SEO plugin. -->","yoast_head_json":{"title":"Kompakter Rinderdystokie-Simulator","description":"Kompakter Rinderdystokie-Simulator: realistisches Modell zur Schulung bei schwierigen Geburten auf engem Raum und in Feldsituationen.","robots":{"index":"index","follow":"follow","max-snippet":"max-snippet:-1","max-image-preview":"max-image-preview:large","max-video-preview":"max-video-preview:-1"},"canonical":"https:\/\/lifesupportdistribution.fr\/de\/produkt\/kompakter-rinderdystokie-simulator\/","og_locale":"de_DE","og_type":"article","og_title":"Kompakter Rinderdystokie-Simulator","og_description":"Kompakter Rinderdystokie-Simulator: realistisches Modell zur Schulung bei schwierigen Geburten auf engem Raum und in Feldsituationen.","og_url":"https:\/\/lifesupportdistribution.fr\/de\/produkt\/kompakter-rinderdystokie-simulator\/","og_site_name":"Life Support Distribution","og_image":[{"width":1022,"height":732,"url":"https:\/\/lifesupportdistribution.fr\/wp-content\/uploads\/2025\/11\/Photo-Simulateur-de-dystocie-bovine-compact-1.png","type":"image\/png"}],"twitter_card":"summary_large_image","schema":{"@context":"https:\/\/schema.org","@graph":[{"@type":"WebPage","@id":"https:\/\/lifesupportdistribution.fr\/de\/produkt\/kompakter-rinderdystokie-simulator\/","url":"https:\/\/lifesupportdistribution.fr\/de\/produkt\/kompakter-rinderdystokie-simulator\/","name":"Kompakter Rinderdystokie-Simulator","isPartOf":{"@id":"https:\/\/lifesupportdistribution.fr\/de\/#website"},"primaryImageOfPage":{"@id":"https:\/\/lifesupportdistribution.fr\/de\/produkt\/kompakter-rinderdystokie-simulator\/#primaryimage"},"image":{"@id":"https:\/\/lifesupportdistribution.fr\/de\/produkt\/kompakter-rinderdystokie-simulator\/#primaryimage"},"thumbnailUrl":"https:\/\/lifesupportdistribution.fr\/wp-content\/uploads\/2025\/11\/Photo-Simulateur-de-dystocie-bovine-compact-1.png","datePublished":"2025-11-27T20:12:43+00:00","description":"Kompakter Rinderdystokie-Simulator: realistisches Modell zur Schulung bei schwierigen Geburten auf engem Raum und in Feldsituationen.","breadcrumb":{"@id":"https:\/\/lifesupportdistribution.fr\/de\/produkt\/kompakter-rinderdystokie-simulator\/#breadcrumb"},"inLanguage":"de","potentialAction":[{"@type":"ReadAction","target":["https:\/\/lifesupportdistribution.fr\/de\/produkt\/kompakter-rinderdystokie-simulator\/"]}]},{"@type":"ImageObject","inLanguage":"de","@id":"https:\/\/lifesupportdistribution.fr\/de\/produkt\/kompakter-rinderdystokie-simulator\/#primaryimage","url":"https:\/\/lifesupportdistribution.fr\/wp-content\/uploads\/2025\/11\/Photo-Simulateur-de-dystocie-bovine-compact-1.png","contentUrl":"https:\/\/lifesupportdistribution.fr\/wp-content\/uploads\/2025\/11\/Photo-Simulateur-de-dystocie-bovine-compact-1.png","width":1022,"height":732},{"@type":"BreadcrumbList","@id":"https:\/\/lifesupportdistribution.fr\/de\/produkt\/kompakter-rinderdystokie-simulator\/#breadcrumb","itemListElement":[{"@type":"ListItem","position":1,"name":"Accueil","item":"https:\/\/lifesupportdistribution.fr\/de\/startseite\/"},{"@type":"ListItem","position":2,"name":"Shop","item":"https:\/\/lifesupportdistribution.fr\/de\/shop\/"},{"@type":"ListItem","position":3,"name":"Kompakter Rinderdystokie-Simulator"}]},{"@type":"WebSite","@id":"https:\/\/lifesupportdistribution.fr\/de\/#website","url":"https:\/\/lifesupportdistribution.fr\/de\/","name":"Life Support Distribution","description":"Solutions en simulation m\u00e9dicale","publisher":{"@id":"https:\/\/lifesupportdistribution.fr\/de\/#organization"},"potentialAction":[{"@type":"SearchAction","target":{"@type":"EntryPoint","urlTemplate":"https:\/\/lifesupportdistribution.fr\/de\/?s={search_term_string}"},"query-input":{"@type":"PropertyValueSpecification","valueRequired":true,"valueName":"search_term_string"}}],"inLanguage":"de"},{"@type":"Organization","@id":"https:\/\/lifesupportdistribution.fr\/de\/#organization","name":"Life Support Distribution","url":"https:\/\/lifesupportdistribution.fr\/de\/","logo":{"@type":"ImageObject","inLanguage":"de","@id":"https:\/\/lifesupportdistribution.fr\/de\/#\/schema\/logo\/image\/","url":"https:\/\/lifesupportdistribution.fr\/wp-content\/uploads\/2025\/10\/logo-life-support-distribution.svg","contentUrl":"https:\/\/lifesupportdistribution.fr\/wp-content\/uploads\/2025\/10\/logo-life-support-distribution.svg","width":698,"height":223,"caption":"Life Support Distribution"},"image":{"@id":"https:\/\/lifesupportdistribution.fr\/de\/#\/schema\/logo\/image\/"},"sameAs":["https:\/\/www.linkedin.com\/company\/life-support-distribution\/"]}]}},"_links":{"self":[{"href":"https:\/\/lifesupportdistribution.fr\/de\/wp-json\/wp\/v2\/product\/5920","targetHints":{"allow":["GET"]}}],"collection":[{"href":"https:\/\/lifesupportdistribution.fr\/de\/wp-json\/wp\/v2\/product"}],"about":[{"href":"https:\/\/lifesupportdistribution.fr\/de\/wp-json\/wp\/v2\/types\/product"}],"wp:featuredmedia":[{"embeddable":true,"href":"https:\/\/lifesupportdistribution.fr\/de\/wp-json\/wp\/v2\/media\/2421"}],"wp:attachment":[{"href":"https:\/\/lifesupportdistribution.fr\/de\/wp-json\/wp\/v2\/media?parent=5920"}],"wp:term":[{"taxonomy":"product_brand","embeddable":true,"href":"https:\/\/lifesupportdistribution.fr\/de\/wp-json\/wp\/v2\/product_brand?post=5920"},{"taxonomy":"product_cat","embeddable":true,"href":"https:\/\/lifesupportdistribution.fr\/de\/wp-json\/wp\/v2\/product_cat?post=5920"},{"taxonomy":"product_tag","embeddable":true,"href":"https:\/\/lifesupportdistribution.fr\/de\/wp-json\/wp\/v2\/product_tag?post=5920"}],"curies":[{"name":"wp","href":"https:\/\/api.w.org\/{rel}","templated":true}]}}