{"id":5921,"date":"2025-11-26T16:51:42","date_gmt":"2025-11-26T15:51:42","guid":{"rendered":"https:\/\/lifesupportdistribution.fr\/produits\/jugularvenenstauung-sw23\/"},"modified":"2025-11-26T16:51:42","modified_gmt":"2025-11-26T15:51:42","slug":"jugularvenenstauung-sw23","status":"publish","type":"product","link":"https:\/\/lifesupportdistribution.fr\/de\/produkt\/jugularvenenstauung-sw23\/","title":{"rendered":"Jugularvenenstauung &#8211; SW23"},"content":{"rendered":"<p>Das SW23-Modell wurde entwickelt, um ein wichtiges klinisches Zeichen zu simulieren: die Stauung der \u00e4u\u00dferen Halsvene (JVP), ein Indikator f\u00fcr Pathologien wie Rechtsherzinsuffizienz, Tamponade oder bestimmte Situationen der Volumen\u00fcberladung. Dank des Applikationskits einfach anzubringen, erm\u00f6glicht es Studierenden und medizinischem Fachpersonal, das Beobachten und Erkennen dieser klinischen Manifestation zu \u00fcben. Es f\u00fcgt sich perfekt in medizinische Simulationsszenarien ein, die auf Diagnose, klinische Beurteilung und schnelle Entscheidungsfindung ausgerichtet sind.  <\/p>\n","protected":false},"excerpt":{"rendered":"<p>Das Simoulage SW23-Modell bildet eine gestaute \u00e4u\u00dfere Halsvene nach, die sowohl auf der linken als auch auf der rechten Seite des Halses eines Mannequins oder eines standardisierten Patienten angebracht werden kann. Dieses realistische Lehrmittel erm\u00f6glicht es Lernenden, die Erkennung und Beurteilung eines wesentlichen klinischen Zeichens in der Notfallmedizin und Kardiologie zu trainieren. <\/p>\n","protected":false},"featured_media":2085,"template":"","meta":[],"product_brand":[208],"product_cat":[217],"product_tag":[238,239,236],"class_list":{"0":"post-5921","1":"product","2":"type-product","3":"status-publish","4":"has-post-thumbnail","6":"product_brand-simoulage","7":"product_cat-schminken-und-spezialeffekte","8":"product_tag-erste-hilfe","9":"product_tag-herz-lungen","10":"product_tag-notfallmedizin","12":"first","13":"instock","14":"shipping-taxable","15":"purchasable","16":"product-type-simple"},"yoast_head":"<!-- This site is optimized with the Yoast SEO plugin v26.8 - https:\/\/yoast.com\/product\/yoast-seo-wordpress\/ -->\n<title>SW23 Simoulage \u2013 Realistische Jugularvenenstauung<\/title>\n<meta name=\"description\" content=\"SW23 Simoulage: Realistisches Modell der Jugularvenenstauung zur Schulung in klinischer Beurteilung, Diagnose und Notfallmanagement.\" \/>\n<meta name=\"robots\" content=\"index, follow, max-snippet:-1, max-image-preview:large, max-video-preview:-1\" \/>\n<link rel=\"canonical\" href=\"https:\/\/lifesupportdistribution.fr\/de\/produkt\/jugularvenenstauung-sw23\/\" \/>\n<meta property=\"og:locale\" content=\"de_DE\" \/>\n<meta property=\"og:type\" content=\"article\" \/>\n<meta property=\"og:title\" content=\"SW23 Simoulage \u2013 Realistische Jugularvenenstauung\" \/>\n<meta property=\"og:description\" content=\"SW23 Simoulage: Realistisches Modell der Jugularvenenstauung zur Schulung in klinischer Beurteilung, Diagnose und Notfallmanagement.\" \/>\n<meta property=\"og:url\" content=\"https:\/\/lifesupportdistribution.fr\/de\/produkt\/jugularvenenstauung-sw23\/\" \/>\n<meta property=\"og:site_name\" content=\"Life Support Distribution\" \/>\n<meta property=\"og:image\" content=\"https:\/\/lifesupportdistribution.fr\/wp-content\/uploads\/2025\/11\/Photo-SW23-simoulage-1.png\" \/>\n\t<meta property=\"og:image:width\" content=\"492\" \/>\n\t<meta property=\"og:image:height\" content=\"474\" \/>\n\t<meta property=\"og:image:type\" content=\"image\/png\" \/>\n<meta name=\"twitter:card\" content=\"summary_large_image\" \/>\n<script type=\"application\/ld+json\" class=\"yoast-schema-graph\">{\"@context\":\"https:\/\/schema.org\",\"@graph\":[{\"@type\":\"WebPage\",\"@id\":\"https:\/\/lifesupportdistribution.fr\/de\/produkt\/jugularvenenstauung-sw23\/\",\"url\":\"https:\/\/lifesupportdistribution.fr\/de\/produkt\/jugularvenenstauung-sw23\/\",\"name\":\"SW23 Simoulage \u2013 Realistische Jugularvenenstauung\",\"isPartOf\":{\"@id\":\"https:\/\/lifesupportdistribution.fr\/de\/#website\"},\"primaryImageOfPage\":{\"@id\":\"https:\/\/lifesupportdistribution.fr\/de\/produkt\/jugularvenenstauung-sw23\/#primaryimage\"},\"image\":{\"@id\":\"https:\/\/lifesupportdistribution.fr\/de\/produkt\/jugularvenenstauung-sw23\/#primaryimage\"},\"thumbnailUrl\":\"https:\/\/lifesupportdistribution.fr\/wp-content\/uploads\/2025\/11\/Photo-SW23-simoulage-1.png\",\"datePublished\":\"2025-11-26T15:51:42+00:00\",\"description\":\"SW23 Simoulage: Realistisches Modell der Jugularvenenstauung zur Schulung in klinischer Beurteilung, Diagnose und Notfallmanagement.\",\"breadcrumb\":{\"@id\":\"https:\/\/lifesupportdistribution.fr\/de\/produkt\/jugularvenenstauung-sw23\/#breadcrumb\"},\"inLanguage\":\"de\",\"potentialAction\":[{\"@type\":\"ReadAction\",\"target\":[\"https:\/\/lifesupportdistribution.fr\/de\/produkt\/jugularvenenstauung-sw23\/\"]}]},{\"@type\":\"ImageObject\",\"inLanguage\":\"de\",\"@id\":\"https:\/\/lifesupportdistribution.fr\/de\/produkt\/jugularvenenstauung-sw23\/#primaryimage\",\"url\":\"https:\/\/lifesupportdistribution.fr\/wp-content\/uploads\/2025\/11\/Photo-SW23-simoulage-1.png\",\"contentUrl\":\"https:\/\/lifesupportdistribution.fr\/wp-content\/uploads\/2025\/11\/Photo-SW23-simoulage-1.png\",\"width\":492,\"height\":474},{\"@type\":\"BreadcrumbList\",\"@id\":\"https:\/\/lifesupportdistribution.fr\/de\/produkt\/jugularvenenstauung-sw23\/#breadcrumb\",\"itemListElement\":[{\"@type\":\"ListItem\",\"position\":1,\"name\":\"Accueil\",\"item\":\"https:\/\/lifesupportdistribution.fr\/de\/startseite\/\"},{\"@type\":\"ListItem\",\"position\":2,\"name\":\"Shop\",\"item\":\"https:\/\/lifesupportdistribution.fr\/de\/shop\/\"},{\"@type\":\"ListItem\",\"position\":3,\"name\":\"Jugularvenenstauung &#8211; SW23\"}]},{\"@type\":\"WebSite\",\"@id\":\"https:\/\/lifesupportdistribution.fr\/de\/#website\",\"url\":\"https:\/\/lifesupportdistribution.fr\/de\/\",\"name\":\"Life Support Distribution\",\"description\":\"Solutions en simulation m\u00e9dicale\",\"publisher\":{\"@id\":\"https:\/\/lifesupportdistribution.fr\/de\/#organization\"},\"potentialAction\":[{\"@type\":\"SearchAction\",\"target\":{\"@type\":\"EntryPoint\",\"urlTemplate\":\"https:\/\/lifesupportdistribution.fr\/de\/?s={search_term_string}\"},\"query-input\":{\"@type\":\"PropertyValueSpecification\",\"valueRequired\":true,\"valueName\":\"search_term_string\"}}],\"inLanguage\":\"de\"},{\"@type\":\"Organization\",\"@id\":\"https:\/\/lifesupportdistribution.fr\/de\/#organization\",\"name\":\"Life Support Distribution\",\"url\":\"https:\/\/lifesupportdistribution.fr\/de\/\",\"logo\":{\"@type\":\"ImageObject\",\"inLanguage\":\"de\",\"@id\":\"https:\/\/lifesupportdistribution.fr\/de\/#\/schema\/logo\/image\/\",\"url\":\"https:\/\/lifesupportdistribution.fr\/wp-content\/uploads\/2025\/10\/logo-life-support-distribution.svg\",\"contentUrl\":\"https:\/\/lifesupportdistribution.fr\/wp-content\/uploads\/2025\/10\/logo-life-support-distribution.svg\",\"width\":698,\"height\":223,\"caption\":\"Life Support Distribution\"},\"image\":{\"@id\":\"https:\/\/lifesupportdistribution.fr\/de\/#\/schema\/logo\/image\/\"},\"sameAs\":[\"https:\/\/www.linkedin.com\/company\/life-support-distribution\/\"]}]}<\/script>\n<!-- \/ Yoast SEO plugin. -->","yoast_head_json":{"title":"SW23 Simoulage \u2013 Realistische Jugularvenenstauung","description":"SW23 Simoulage: Realistisches Modell der Jugularvenenstauung zur Schulung in klinischer Beurteilung, Diagnose und Notfallmanagement.","robots":{"index":"index","follow":"follow","max-snippet":"max-snippet:-1","max-image-preview":"max-image-preview:large","max-video-preview":"max-video-preview:-1"},"canonical":"https:\/\/lifesupportdistribution.fr\/de\/produkt\/jugularvenenstauung-sw23\/","og_locale":"de_DE","og_type":"article","og_title":"SW23 Simoulage \u2013 Realistische Jugularvenenstauung","og_description":"SW23 Simoulage: Realistisches Modell der Jugularvenenstauung zur Schulung in klinischer Beurteilung, Diagnose und Notfallmanagement.","og_url":"https:\/\/lifesupportdistribution.fr\/de\/produkt\/jugularvenenstauung-sw23\/","og_site_name":"Life Support Distribution","og_image":[{"width":492,"height":474,"url":"https:\/\/lifesupportdistribution.fr\/wp-content\/uploads\/2025\/11\/Photo-SW23-simoulage-1.png","type":"image\/png"}],"twitter_card":"summary_large_image","schema":{"@context":"https:\/\/schema.org","@graph":[{"@type":"WebPage","@id":"https:\/\/lifesupportdistribution.fr\/de\/produkt\/jugularvenenstauung-sw23\/","url":"https:\/\/lifesupportdistribution.fr\/de\/produkt\/jugularvenenstauung-sw23\/","name":"SW23 Simoulage \u2013 Realistische Jugularvenenstauung","isPartOf":{"@id":"https:\/\/lifesupportdistribution.fr\/de\/#website"},"primaryImageOfPage":{"@id":"https:\/\/lifesupportdistribution.fr\/de\/produkt\/jugularvenenstauung-sw23\/#primaryimage"},"image":{"@id":"https:\/\/lifesupportdistribution.fr\/de\/produkt\/jugularvenenstauung-sw23\/#primaryimage"},"thumbnailUrl":"https:\/\/lifesupportdistribution.fr\/wp-content\/uploads\/2025\/11\/Photo-SW23-simoulage-1.png","datePublished":"2025-11-26T15:51:42+00:00","description":"SW23 Simoulage: Realistisches Modell der Jugularvenenstauung zur Schulung in klinischer Beurteilung, Diagnose und Notfallmanagement.","breadcrumb":{"@id":"https:\/\/lifesupportdistribution.fr\/de\/produkt\/jugularvenenstauung-sw23\/#breadcrumb"},"inLanguage":"de","potentialAction":[{"@type":"ReadAction","target":["https:\/\/lifesupportdistribution.fr\/de\/produkt\/jugularvenenstauung-sw23\/"]}]},{"@type":"ImageObject","inLanguage":"de","@id":"https:\/\/lifesupportdistribution.fr\/de\/produkt\/jugularvenenstauung-sw23\/#primaryimage","url":"https:\/\/lifesupportdistribution.fr\/wp-content\/uploads\/2025\/11\/Photo-SW23-simoulage-1.png","contentUrl":"https:\/\/lifesupportdistribution.fr\/wp-content\/uploads\/2025\/11\/Photo-SW23-simoulage-1.png","width":492,"height":474},{"@type":"BreadcrumbList","@id":"https:\/\/lifesupportdistribution.fr\/de\/produkt\/jugularvenenstauung-sw23\/#breadcrumb","itemListElement":[{"@type":"ListItem","position":1,"name":"Accueil","item":"https:\/\/lifesupportdistribution.fr\/de\/startseite\/"},{"@type":"ListItem","position":2,"name":"Shop","item":"https:\/\/lifesupportdistribution.fr\/de\/shop\/"},{"@type":"ListItem","position":3,"name":"Jugularvenenstauung &#8211; SW23"}]},{"@type":"WebSite","@id":"https:\/\/lifesupportdistribution.fr\/de\/#website","url":"https:\/\/lifesupportdistribution.fr\/de\/","name":"Life Support Distribution","description":"Solutions en simulation m\u00e9dicale","publisher":{"@id":"https:\/\/lifesupportdistribution.fr\/de\/#organization"},"potentialAction":[{"@type":"SearchAction","target":{"@type":"EntryPoint","urlTemplate":"https:\/\/lifesupportdistribution.fr\/de\/?s={search_term_string}"},"query-input":{"@type":"PropertyValueSpecification","valueRequired":true,"valueName":"search_term_string"}}],"inLanguage":"de"},{"@type":"Organization","@id":"https:\/\/lifesupportdistribution.fr\/de\/#organization","name":"Life Support Distribution","url":"https:\/\/lifesupportdistribution.fr\/de\/","logo":{"@type":"ImageObject","inLanguage":"de","@id":"https:\/\/lifesupportdistribution.fr\/de\/#\/schema\/logo\/image\/","url":"https:\/\/lifesupportdistribution.fr\/wp-content\/uploads\/2025\/10\/logo-life-support-distribution.svg","contentUrl":"https:\/\/lifesupportdistribution.fr\/wp-content\/uploads\/2025\/10\/logo-life-support-distribution.svg","width":698,"height":223,"caption":"Life Support Distribution"},"image":{"@id":"https:\/\/lifesupportdistribution.fr\/de\/#\/schema\/logo\/image\/"},"sameAs":["https:\/\/www.linkedin.com\/company\/life-support-distribution\/"]}]}},"_links":{"self":[{"href":"https:\/\/lifesupportdistribution.fr\/de\/wp-json\/wp\/v2\/product\/5921","targetHints":{"allow":["GET"]}}],"collection":[{"href":"https:\/\/lifesupportdistribution.fr\/de\/wp-json\/wp\/v2\/product"}],"about":[{"href":"https:\/\/lifesupportdistribution.fr\/de\/wp-json\/wp\/v2\/types\/product"}],"wp:featuredmedia":[{"embeddable":true,"href":"https:\/\/lifesupportdistribution.fr\/de\/wp-json\/wp\/v2\/media\/2085"}],"wp:attachment":[{"href":"https:\/\/lifesupportdistribution.fr\/de\/wp-json\/wp\/v2\/media?parent=5921"}],"wp:term":[{"taxonomy":"product_brand","embeddable":true,"href":"https:\/\/lifesupportdistribution.fr\/de\/wp-json\/wp\/v2\/product_brand?post=5921"},{"taxonomy":"product_cat","embeddable":true,"href":"https:\/\/lifesupportdistribution.fr\/de\/wp-json\/wp\/v2\/product_cat?post=5921"},{"taxonomy":"product_tag","embeddable":true,"href":"https:\/\/lifesupportdistribution.fr\/de\/wp-json\/wp\/v2\/product_tag?post=5921"}],"curies":[{"name":"wp","href":"https:\/\/api.w.org\/{rel}","templated":true}]}}