{"id":5928,"date":"2025-11-26T17:07:58","date_gmt":"2025-11-26T16:07:58","guid":{"rendered":"https:\/\/lifesupportdistribution.fr\/produits\/bluterguss-applikationsset-sw-bk1\/"},"modified":"2025-11-26T17:07:58","modified_gmt":"2025-11-26T16:07:58","slug":"bluterguss-applikationsset-sw-bk1","status":"publish","type":"product","link":"https:\/\/lifesupportdistribution.fr\/de\/produkt\/bluterguss-applikationsset-sw-bk1\/","title":{"rendered":"Bluterguss-Applikationsset &#8211; SW-BK1"},"content":{"rendered":"<p>Das SW-BK1 Set wurde speziell entwickelt, um Bluterg\u00fcsse unterschiedlicher Stadien und Intensit\u00e4ten sowie andere mit Traumata verbundene Hauteffekte zu simulieren. Es erm\u00f6glicht Ausbildern, Szenarien zu variieren, indem sie an der Erkennung und Interpretation sichtbarer klinischer Zeichen arbeiten. Einfach in der Anwendung, wird es auf Mannequins oder standardisierten Patienten angewendet und bietet ein professionelles Ergebnis. In Kombination mit Simoulage-Wundmodellen verleiht es Notfall-, Traumata- und Milit\u00e4rmedizin-Schulungen eine realistische Dimension.   <\/p>\n","protected":false},"excerpt":{"rendered":"<p>Das Simoulage SW-BK1 ist ein Komplettset, das entwickelt wurde, um realistische traumatische Bluterg\u00fcsse und Prellungen zu reproduzieren. Ideal zur Bereicherung Ihrer medizinischen Simulationsszenarien, erm\u00f6glicht es die einfache Erstellung von blauen Flecken, Prellungen und Hautfarbvariationen, was ein zus\u00e4tzliches Ma\u00df an Realismus bietet. <\/p>\n","protected":false},"featured_media":2091,"template":"","meta":[],"product_brand":[208],"product_cat":[217],"product_tag":[238,236,255],"class_list":{"0":"post-5928","1":"product","2":"type-product","3":"status-publish","4":"has-post-thumbnail","6":"product_brand-simoulage","7":"product_cat-schminken-und-spezialeffekte","8":"product_tag-erste-hilfe","9":"product_tag-notfallmedizin","10":"product_tag-traumatologie","12":"first","13":"instock","14":"shipping-taxable","15":"purchasable","16":"product-type-simple"},"yoast_head":"<!-- This site is optimized with the Yoast SEO plugin v26.8 - https:\/\/yoast.com\/product\/yoast-seo-wordpress\/ -->\n<title>SW-BK1 SiMoulage \u2013 Bluterguss-Applikationsset<\/title>\n<meta name=\"description\" content=\"SW-BK1 SiMoulage: Praktisches Set zum Auftragen realistischer Bluterg\u00fcsse in Simulationsszenarien und Traumata-Schulungen.\" \/>\n<meta name=\"robots\" content=\"index, follow, max-snippet:-1, max-image-preview:large, max-video-preview:-1\" \/>\n<link rel=\"canonical\" href=\"https:\/\/lifesupportdistribution.fr\/de\/produkt\/bluterguss-applikationsset-sw-bk1\/\" \/>\n<meta property=\"og:locale\" content=\"de_DE\" \/>\n<meta property=\"og:type\" content=\"article\" \/>\n<meta property=\"og:title\" content=\"SW-BK1 SiMoulage \u2013 Bluterguss-Applikationsset\" \/>\n<meta property=\"og:description\" content=\"SW-BK1 SiMoulage: Praktisches Set zum Auftragen realistischer Bluterg\u00fcsse in Simulationsszenarien und Traumata-Schulungen.\" \/>\n<meta property=\"og:url\" content=\"https:\/\/lifesupportdistribution.fr\/de\/produkt\/bluterguss-applikationsset-sw-bk1\/\" \/>\n<meta property=\"og:site_name\" content=\"Life Support Distribution\" \/>\n<meta property=\"og:image\" content=\"https:\/\/lifesupportdistribution.fr\/wp-content\/uploads\/2025\/11\/Photo-SW-BK1.png\" \/>\n\t<meta property=\"og:image:width\" content=\"872\" \/>\n\t<meta property=\"og:image:height\" content=\"634\" \/>\n\t<meta property=\"og:image:type\" content=\"image\/png\" \/>\n<meta name=\"twitter:card\" content=\"summary_large_image\" \/>\n<script type=\"application\/ld+json\" class=\"yoast-schema-graph\">{\"@context\":\"https:\/\/schema.org\",\"@graph\":[{\"@type\":\"WebPage\",\"@id\":\"https:\/\/lifesupportdistribution.fr\/de\/produkt\/bluterguss-applikationsset-sw-bk1\/\",\"url\":\"https:\/\/lifesupportdistribution.fr\/de\/produkt\/bluterguss-applikationsset-sw-bk1\/\",\"name\":\"SW-BK1 SiMoulage \u2013 Bluterguss-Applikationsset\",\"isPartOf\":{\"@id\":\"https:\/\/lifesupportdistribution.fr\/de\/#website\"},\"primaryImageOfPage\":{\"@id\":\"https:\/\/lifesupportdistribution.fr\/de\/produkt\/bluterguss-applikationsset-sw-bk1\/#primaryimage\"},\"image\":{\"@id\":\"https:\/\/lifesupportdistribution.fr\/de\/produkt\/bluterguss-applikationsset-sw-bk1\/#primaryimage\"},\"thumbnailUrl\":\"https:\/\/lifesupportdistribution.fr\/wp-content\/uploads\/2025\/11\/Photo-SW-BK1.png\",\"datePublished\":\"2025-11-26T16:07:58+00:00\",\"description\":\"SW-BK1 SiMoulage: Praktisches Set zum Auftragen realistischer Bluterg\u00fcsse in Simulationsszenarien und Traumata-Schulungen.\",\"breadcrumb\":{\"@id\":\"https:\/\/lifesupportdistribution.fr\/de\/produkt\/bluterguss-applikationsset-sw-bk1\/#breadcrumb\"},\"inLanguage\":\"de\",\"potentialAction\":[{\"@type\":\"ReadAction\",\"target\":[\"https:\/\/lifesupportdistribution.fr\/de\/produkt\/bluterguss-applikationsset-sw-bk1\/\"]}]},{\"@type\":\"ImageObject\",\"inLanguage\":\"de\",\"@id\":\"https:\/\/lifesupportdistribution.fr\/de\/produkt\/bluterguss-applikationsset-sw-bk1\/#primaryimage\",\"url\":\"https:\/\/lifesupportdistribution.fr\/wp-content\/uploads\/2025\/11\/Photo-SW-BK1.png\",\"contentUrl\":\"https:\/\/lifesupportdistribution.fr\/wp-content\/uploads\/2025\/11\/Photo-SW-BK1.png\",\"width\":872,\"height\":634},{\"@type\":\"BreadcrumbList\",\"@id\":\"https:\/\/lifesupportdistribution.fr\/de\/produkt\/bluterguss-applikationsset-sw-bk1\/#breadcrumb\",\"itemListElement\":[{\"@type\":\"ListItem\",\"position\":1,\"name\":\"Accueil\",\"item\":\"https:\/\/lifesupportdistribution.fr\/de\/startseite\/\"},{\"@type\":\"ListItem\",\"position\":2,\"name\":\"Shop\",\"item\":\"https:\/\/lifesupportdistribution.fr\/de\/shop\/\"},{\"@type\":\"ListItem\",\"position\":3,\"name\":\"Bluterguss-Applikationsset &#8211; SW-BK1\"}]},{\"@type\":\"WebSite\",\"@id\":\"https:\/\/lifesupportdistribution.fr\/de\/#website\",\"url\":\"https:\/\/lifesupportdistribution.fr\/de\/\",\"name\":\"Life Support Distribution\",\"description\":\"Solutions en simulation m\u00e9dicale\",\"publisher\":{\"@id\":\"https:\/\/lifesupportdistribution.fr\/de\/#organization\"},\"potentialAction\":[{\"@type\":\"SearchAction\",\"target\":{\"@type\":\"EntryPoint\",\"urlTemplate\":\"https:\/\/lifesupportdistribution.fr\/de\/?s={search_term_string}\"},\"query-input\":{\"@type\":\"PropertyValueSpecification\",\"valueRequired\":true,\"valueName\":\"search_term_string\"}}],\"inLanguage\":\"de\"},{\"@type\":\"Organization\",\"@id\":\"https:\/\/lifesupportdistribution.fr\/de\/#organization\",\"name\":\"Life Support Distribution\",\"url\":\"https:\/\/lifesupportdistribution.fr\/de\/\",\"logo\":{\"@type\":\"ImageObject\",\"inLanguage\":\"de\",\"@id\":\"https:\/\/lifesupportdistribution.fr\/de\/#\/schema\/logo\/image\/\",\"url\":\"https:\/\/lifesupportdistribution.fr\/wp-content\/uploads\/2025\/10\/logo-life-support-distribution.svg\",\"contentUrl\":\"https:\/\/lifesupportdistribution.fr\/wp-content\/uploads\/2025\/10\/logo-life-support-distribution.svg\",\"width\":698,\"height\":223,\"caption\":\"Life Support Distribution\"},\"image\":{\"@id\":\"https:\/\/lifesupportdistribution.fr\/de\/#\/schema\/logo\/image\/\"},\"sameAs\":[\"https:\/\/www.linkedin.com\/company\/life-support-distribution\/\"]}]}<\/script>\n<!-- \/ Yoast SEO plugin. -->","yoast_head_json":{"title":"SW-BK1 SiMoulage \u2013 Bluterguss-Applikationsset","description":"SW-BK1 SiMoulage: Praktisches Set zum Auftragen realistischer Bluterg\u00fcsse in Simulationsszenarien und Traumata-Schulungen.","robots":{"index":"index","follow":"follow","max-snippet":"max-snippet:-1","max-image-preview":"max-image-preview:large","max-video-preview":"max-video-preview:-1"},"canonical":"https:\/\/lifesupportdistribution.fr\/de\/produkt\/bluterguss-applikationsset-sw-bk1\/","og_locale":"de_DE","og_type":"article","og_title":"SW-BK1 SiMoulage \u2013 Bluterguss-Applikationsset","og_description":"SW-BK1 SiMoulage: Praktisches Set zum Auftragen realistischer Bluterg\u00fcsse in Simulationsszenarien und Traumata-Schulungen.","og_url":"https:\/\/lifesupportdistribution.fr\/de\/produkt\/bluterguss-applikationsset-sw-bk1\/","og_site_name":"Life Support Distribution","og_image":[{"width":872,"height":634,"url":"https:\/\/lifesupportdistribution.fr\/wp-content\/uploads\/2025\/11\/Photo-SW-BK1.png","type":"image\/png"}],"twitter_card":"summary_large_image","schema":{"@context":"https:\/\/schema.org","@graph":[{"@type":"WebPage","@id":"https:\/\/lifesupportdistribution.fr\/de\/produkt\/bluterguss-applikationsset-sw-bk1\/","url":"https:\/\/lifesupportdistribution.fr\/de\/produkt\/bluterguss-applikationsset-sw-bk1\/","name":"SW-BK1 SiMoulage \u2013 Bluterguss-Applikationsset","isPartOf":{"@id":"https:\/\/lifesupportdistribution.fr\/de\/#website"},"primaryImageOfPage":{"@id":"https:\/\/lifesupportdistribution.fr\/de\/produkt\/bluterguss-applikationsset-sw-bk1\/#primaryimage"},"image":{"@id":"https:\/\/lifesupportdistribution.fr\/de\/produkt\/bluterguss-applikationsset-sw-bk1\/#primaryimage"},"thumbnailUrl":"https:\/\/lifesupportdistribution.fr\/wp-content\/uploads\/2025\/11\/Photo-SW-BK1.png","datePublished":"2025-11-26T16:07:58+00:00","description":"SW-BK1 SiMoulage: Praktisches Set zum Auftragen realistischer Bluterg\u00fcsse in Simulationsszenarien und Traumata-Schulungen.","breadcrumb":{"@id":"https:\/\/lifesupportdistribution.fr\/de\/produkt\/bluterguss-applikationsset-sw-bk1\/#breadcrumb"},"inLanguage":"de","potentialAction":[{"@type":"ReadAction","target":["https:\/\/lifesupportdistribution.fr\/de\/produkt\/bluterguss-applikationsset-sw-bk1\/"]}]},{"@type":"ImageObject","inLanguage":"de","@id":"https:\/\/lifesupportdistribution.fr\/de\/produkt\/bluterguss-applikationsset-sw-bk1\/#primaryimage","url":"https:\/\/lifesupportdistribution.fr\/wp-content\/uploads\/2025\/11\/Photo-SW-BK1.png","contentUrl":"https:\/\/lifesupportdistribution.fr\/wp-content\/uploads\/2025\/11\/Photo-SW-BK1.png","width":872,"height":634},{"@type":"BreadcrumbList","@id":"https:\/\/lifesupportdistribution.fr\/de\/produkt\/bluterguss-applikationsset-sw-bk1\/#breadcrumb","itemListElement":[{"@type":"ListItem","position":1,"name":"Accueil","item":"https:\/\/lifesupportdistribution.fr\/de\/startseite\/"},{"@type":"ListItem","position":2,"name":"Shop","item":"https:\/\/lifesupportdistribution.fr\/de\/shop\/"},{"@type":"ListItem","position":3,"name":"Bluterguss-Applikationsset &#8211; SW-BK1"}]},{"@type":"WebSite","@id":"https:\/\/lifesupportdistribution.fr\/de\/#website","url":"https:\/\/lifesupportdistribution.fr\/de\/","name":"Life Support Distribution","description":"Solutions en simulation m\u00e9dicale","publisher":{"@id":"https:\/\/lifesupportdistribution.fr\/de\/#organization"},"potentialAction":[{"@type":"SearchAction","target":{"@type":"EntryPoint","urlTemplate":"https:\/\/lifesupportdistribution.fr\/de\/?s={search_term_string}"},"query-input":{"@type":"PropertyValueSpecification","valueRequired":true,"valueName":"search_term_string"}}],"inLanguage":"de"},{"@type":"Organization","@id":"https:\/\/lifesupportdistribution.fr\/de\/#organization","name":"Life Support Distribution","url":"https:\/\/lifesupportdistribution.fr\/de\/","logo":{"@type":"ImageObject","inLanguage":"de","@id":"https:\/\/lifesupportdistribution.fr\/de\/#\/schema\/logo\/image\/","url":"https:\/\/lifesupportdistribution.fr\/wp-content\/uploads\/2025\/10\/logo-life-support-distribution.svg","contentUrl":"https:\/\/lifesupportdistribution.fr\/wp-content\/uploads\/2025\/10\/logo-life-support-distribution.svg","width":698,"height":223,"caption":"Life Support Distribution"},"image":{"@id":"https:\/\/lifesupportdistribution.fr\/de\/#\/schema\/logo\/image\/"},"sameAs":["https:\/\/www.linkedin.com\/company\/life-support-distribution\/"]}]}},"_links":{"self":[{"href":"https:\/\/lifesupportdistribution.fr\/de\/wp-json\/wp\/v2\/product\/5928","targetHints":{"allow":["GET"]}}],"collection":[{"href":"https:\/\/lifesupportdistribution.fr\/de\/wp-json\/wp\/v2\/product"}],"about":[{"href":"https:\/\/lifesupportdistribution.fr\/de\/wp-json\/wp\/v2\/types\/product"}],"wp:featuredmedia":[{"embeddable":true,"href":"https:\/\/lifesupportdistribution.fr\/de\/wp-json\/wp\/v2\/media\/2091"}],"wp:attachment":[{"href":"https:\/\/lifesupportdistribution.fr\/de\/wp-json\/wp\/v2\/media?parent=5928"}],"wp:term":[{"taxonomy":"product_brand","embeddable":true,"href":"https:\/\/lifesupportdistribution.fr\/de\/wp-json\/wp\/v2\/product_brand?post=5928"},{"taxonomy":"product_cat","embeddable":true,"href":"https:\/\/lifesupportdistribution.fr\/de\/wp-json\/wp\/v2\/product_cat?post=5928"},{"taxonomy":"product_tag","embeddable":true,"href":"https:\/\/lifesupportdistribution.fr\/de\/wp-json\/wp\/v2\/product_tag?post=5928"}],"curies":[{"name":"wp","href":"https:\/\/api.w.org\/{rel}","templated":true}]}}