{"id":5935,"date":"2025-11-30T23:06:41","date_gmt":"2025-11-30T22:06:41","guid":{"rendered":"https:\/\/lifesupportdistribution.fr\/produits\/centrallineman-pro-simulator-fuer-ultraschallgefuehrten-zentralvenoesen-zugang\/"},"modified":"2025-11-30T23:06:41","modified_gmt":"2025-11-30T22:06:41","slug":"centrallineman-pro-simulator-fuer-ultraschallgefuehrten-zentralvenoesen-zugang","status":"publish","type":"product","link":"https:\/\/lifesupportdistribution.fr\/de\/produkt\/centrallineman-pro-simulator-fuer-ultraschallgefuehrten-zentralvenoesen-zugang\/","title":{"rendered":"CentralLineMan\u00ae Pro \u2013 Simulator f\u00fcr ultraschallgef\u00fchrten zentralven\u00f6sen Zugang"},"content":{"rendered":"<p>Der CentralLineMan\u00ae Pro von Simulab ist der internationale Standard f\u00fcr die Lehre des zentralven\u00f6sen Katheterismus.<br \/>\nEntwickelt, um einen au\u00dfergew\u00f6hnlichen anatomischen und taktilen Realismus zu bieten, erm\u00f6glicht er die pr\u00e4zise Reproduktion externer und interner Orientierungspunkte, die f\u00fcr die ultraschallgef\u00fchrte Katheterplatzierung erforderlich sind.<br \/>\nDas Modell integriert ultraschallkompatible Gewebe, die Haut, Muskeln und Blutgef\u00e4\u00dfe naturgetreu simulieren.<br \/>\nDas integrierte Fl\u00fcssigkeitssystem liefert einen realistischen Blutr\u00fcckfluss bei der Punktion und gew\u00e4hrleistet einen kontinuierlichen Fl\u00fcssigkeitsfluss f\u00fcr ein immersives Erlebnis.<br \/>\nEinfach zu konfigurieren und tragbar, l\u00e4sst er sich schnell f\u00fcr Schulungen in Simulationsr\u00e4umen, Kliniken oder mobilen Umgebungen einrichten.<br \/>\nDer CentralLineMan\u00ae Pro ist ideal f\u00fcr ATLS-, ECMO-, Intensivpflege-, An\u00e4sthesie-, Reanimations- oder Gef\u00e4\u00dfchirurgie-Schulungen.<\/p>\n","protected":false},"excerpt":{"rendered":"<p>Der CentralLineMan\u00ae Pro ist ein fortschrittlicher Simulator, der dem Erlernen des ultraschallgef\u00fchrten zentralen Gef\u00e4\u00dfzugangs gewidmet ist.<br \/>\nEr erm\u00f6glicht die vollst\u00e4ndige \u00dcbung der Punktion der Vena jugularis interna, Vena subclavia und Vena supraclavicularis unter Bedingungen, die der klinischen Realit\u00e4t nahekommen.<\/p>\n","protected":false},"featured_media":2573,"template":"","meta":[],"product_brand":[210],"product_cat":[222],"product_tag":[237,252,245,236,248],"class_list":{"0":"post-5935","1":"product","2":"type-product","3":"status-publish","4":"has-post-thumbnail","6":"product_brand-simulab","7":"product_cat-simulatoren-fur-medizinische-versorgung","8":"product_tag-anasthesie","9":"product_tag-intensivmedizin","10":"product_tag-intensivpflege","11":"product_tag-notfallmedizin","12":"product_tag-radiologie","14":"first","15":"instock","16":"shipping-taxable","17":"purchasable","18":"product-type-simple"},"yoast_head":"<!-- This site is optimized with the Yoast SEO plugin v26.8 - https:\/\/yoast.com\/product\/yoast-seo-wordpress\/ -->\n<title>CentralLineMan\u00ae Pro \u2013 Zentralven\u00f6ser Zugang<\/title>\n<meta name=\"description\" content=\"Simulabs CentralLineMan\u00ae Pro f\u00fcr das Training des ultraschallgef\u00fchrten zentralven\u00f6sen Zugangs. Erm\u00f6glicht das \u00dcben von Punktionen, F\u00fchrung und Sicherheit.\" \/>\n<meta name=\"robots\" content=\"index, follow, max-snippet:-1, max-image-preview:large, max-video-preview:-1\" \/>\n<link rel=\"canonical\" href=\"https:\/\/lifesupportdistribution.fr\/de\/produkt\/centrallineman-pro-simulator-fuer-ultraschallgefuehrten-zentralvenoesen-zugang\/\" \/>\n<meta property=\"og:locale\" content=\"de_DE\" \/>\n<meta property=\"og:type\" content=\"article\" \/>\n<meta property=\"og:title\" content=\"CentralLineMan\u00ae Pro \u2013 Zentralven\u00f6ser Zugang\" \/>\n<meta property=\"og:description\" content=\"Simulabs CentralLineMan\u00ae Pro f\u00fcr das Training des ultraschallgef\u00fchrten zentralven\u00f6sen Zugangs. Erm\u00f6glicht das \u00dcben von Punktionen, F\u00fchrung und Sicherheit.\" \/>\n<meta property=\"og:url\" content=\"https:\/\/lifesupportdistribution.fr\/de\/produkt\/centrallineman-pro-simulator-fuer-ultraschallgefuehrten-zentralvenoesen-zugang\/\" \/>\n<meta property=\"og:site_name\" content=\"Life Support Distribution\" \/>\n<meta property=\"og:image\" content=\"https:\/\/lifesupportdistribution.fr\/wp-content\/uploads\/2025\/11\/CentralLineMan\u00ae-Pro-1.png\" \/>\n\t<meta property=\"og:image:width\" content=\"614\" \/>\n\t<meta property=\"og:image:height\" content=\"298\" \/>\n\t<meta property=\"og:image:type\" content=\"image\/png\" \/>\n<meta name=\"twitter:card\" content=\"summary_large_image\" \/>\n<meta name=\"twitter:label1\" content=\"Gesch\u00e4tzte Lesezeit\" \/>\n\t<meta name=\"twitter:data1\" content=\"1\u00a0Minute\" \/>\n<script type=\"application\/ld+json\" class=\"yoast-schema-graph\">{\"@context\":\"https:\/\/schema.org\",\"@graph\":[{\"@type\":\"WebPage\",\"@id\":\"https:\/\/lifesupportdistribution.fr\/de\/produkt\/centrallineman-pro-simulator-fuer-ultraschallgefuehrten-zentralvenoesen-zugang\/\",\"url\":\"https:\/\/lifesupportdistribution.fr\/de\/produkt\/centrallineman-pro-simulator-fuer-ultraschallgefuehrten-zentralvenoesen-zugang\/\",\"name\":\"CentralLineMan\u00ae Pro \u2013 Zentralven\u00f6ser Zugang\",\"isPartOf\":{\"@id\":\"https:\/\/lifesupportdistribution.fr\/de\/#website\"},\"primaryImageOfPage\":{\"@id\":\"https:\/\/lifesupportdistribution.fr\/de\/produkt\/centrallineman-pro-simulator-fuer-ultraschallgefuehrten-zentralvenoesen-zugang\/#primaryimage\"},\"image\":{\"@id\":\"https:\/\/lifesupportdistribution.fr\/de\/produkt\/centrallineman-pro-simulator-fuer-ultraschallgefuehrten-zentralvenoesen-zugang\/#primaryimage\"},\"thumbnailUrl\":\"https:\/\/lifesupportdistribution.fr\/wp-content\/uploads\/2025\/11\/CentralLineMan\u00ae-Pro-1.png\",\"datePublished\":\"2025-11-30T22:06:41+00:00\",\"description\":\"Simulabs CentralLineMan\u00ae Pro f\u00fcr das Training des ultraschallgef\u00fchrten zentralven\u00f6sen Zugangs. Erm\u00f6glicht das \u00dcben von Punktionen, F\u00fchrung und Sicherheit.\",\"breadcrumb\":{\"@id\":\"https:\/\/lifesupportdistribution.fr\/de\/produkt\/centrallineman-pro-simulator-fuer-ultraschallgefuehrten-zentralvenoesen-zugang\/#breadcrumb\"},\"inLanguage\":\"de\",\"potentialAction\":[{\"@type\":\"ReadAction\",\"target\":[\"https:\/\/lifesupportdistribution.fr\/de\/produkt\/centrallineman-pro-simulator-fuer-ultraschallgefuehrten-zentralvenoesen-zugang\/\"]}]},{\"@type\":\"ImageObject\",\"inLanguage\":\"de\",\"@id\":\"https:\/\/lifesupportdistribution.fr\/de\/produkt\/centrallineman-pro-simulator-fuer-ultraschallgefuehrten-zentralvenoesen-zugang\/#primaryimage\",\"url\":\"https:\/\/lifesupportdistribution.fr\/wp-content\/uploads\/2025\/11\/CentralLineMan\u00ae-Pro-1.png\",\"contentUrl\":\"https:\/\/lifesupportdistribution.fr\/wp-content\/uploads\/2025\/11\/CentralLineMan\u00ae-Pro-1.png\",\"width\":614,\"height\":298},{\"@type\":\"BreadcrumbList\",\"@id\":\"https:\/\/lifesupportdistribution.fr\/de\/produkt\/centrallineman-pro-simulator-fuer-ultraschallgefuehrten-zentralvenoesen-zugang\/#breadcrumb\",\"itemListElement\":[{\"@type\":\"ListItem\",\"position\":1,\"name\":\"Accueil\",\"item\":\"https:\/\/lifesupportdistribution.fr\/de\/startseite\/\"},{\"@type\":\"ListItem\",\"position\":2,\"name\":\"Shop\",\"item\":\"https:\/\/lifesupportdistribution.fr\/de\/shop\/\"},{\"@type\":\"ListItem\",\"position\":3,\"name\":\"CentralLineMan\u00ae Pro \u2013 Simulator f\u00fcr ultraschallgef\u00fchrten zentralven\u00f6sen Zugang\"}]},{\"@type\":\"WebSite\",\"@id\":\"https:\/\/lifesupportdistribution.fr\/de\/#website\",\"url\":\"https:\/\/lifesupportdistribution.fr\/de\/\",\"name\":\"Life Support Distribution\",\"description\":\"Solutions en simulation m\u00e9dicale\",\"publisher\":{\"@id\":\"https:\/\/lifesupportdistribution.fr\/de\/#organization\"},\"potentialAction\":[{\"@type\":\"SearchAction\",\"target\":{\"@type\":\"EntryPoint\",\"urlTemplate\":\"https:\/\/lifesupportdistribution.fr\/de\/?s={search_term_string}\"},\"query-input\":{\"@type\":\"PropertyValueSpecification\",\"valueRequired\":true,\"valueName\":\"search_term_string\"}}],\"inLanguage\":\"de\"},{\"@type\":\"Organization\",\"@id\":\"https:\/\/lifesupportdistribution.fr\/de\/#organization\",\"name\":\"Life Support Distribution\",\"url\":\"https:\/\/lifesupportdistribution.fr\/de\/\",\"logo\":{\"@type\":\"ImageObject\",\"inLanguage\":\"de\",\"@id\":\"https:\/\/lifesupportdistribution.fr\/de\/#\/schema\/logo\/image\/\",\"url\":\"https:\/\/lifesupportdistribution.fr\/wp-content\/uploads\/2025\/10\/logo-life-support-distribution.svg\",\"contentUrl\":\"https:\/\/lifesupportdistribution.fr\/wp-content\/uploads\/2025\/10\/logo-life-support-distribution.svg\",\"width\":698,\"height\":223,\"caption\":\"Life Support Distribution\"},\"image\":{\"@id\":\"https:\/\/lifesupportdistribution.fr\/de\/#\/schema\/logo\/image\/\"},\"sameAs\":[\"https:\/\/www.linkedin.com\/company\/life-support-distribution\/\"]}]}<\/script>\n<!-- \/ Yoast SEO plugin. -->","yoast_head_json":{"title":"CentralLineMan\u00ae Pro \u2013 Zentralven\u00f6ser Zugang","description":"Simulabs CentralLineMan\u00ae Pro f\u00fcr das Training des ultraschallgef\u00fchrten zentralven\u00f6sen Zugangs. Erm\u00f6glicht das \u00dcben von Punktionen, F\u00fchrung und Sicherheit.","robots":{"index":"index","follow":"follow","max-snippet":"max-snippet:-1","max-image-preview":"max-image-preview:large","max-video-preview":"max-video-preview:-1"},"canonical":"https:\/\/lifesupportdistribution.fr\/de\/produkt\/centrallineman-pro-simulator-fuer-ultraschallgefuehrten-zentralvenoesen-zugang\/","og_locale":"de_DE","og_type":"article","og_title":"CentralLineMan\u00ae Pro \u2013 Zentralven\u00f6ser Zugang","og_description":"Simulabs CentralLineMan\u00ae Pro f\u00fcr das Training des ultraschallgef\u00fchrten zentralven\u00f6sen Zugangs. Erm\u00f6glicht das \u00dcben von Punktionen, F\u00fchrung und Sicherheit.","og_url":"https:\/\/lifesupportdistribution.fr\/de\/produkt\/centrallineman-pro-simulator-fuer-ultraschallgefuehrten-zentralvenoesen-zugang\/","og_site_name":"Life Support Distribution","og_image":[{"width":614,"height":298,"url":"https:\/\/lifesupportdistribution.fr\/wp-content\/uploads\/2025\/11\/CentralLineMan\u00ae-Pro-1.png","type":"image\/png"}],"twitter_card":"summary_large_image","twitter_misc":{"Gesch\u00e4tzte Lesezeit":"1\u00a0Minute"},"schema":{"@context":"https:\/\/schema.org","@graph":[{"@type":"WebPage","@id":"https:\/\/lifesupportdistribution.fr\/de\/produkt\/centrallineman-pro-simulator-fuer-ultraschallgefuehrten-zentralvenoesen-zugang\/","url":"https:\/\/lifesupportdistribution.fr\/de\/produkt\/centrallineman-pro-simulator-fuer-ultraschallgefuehrten-zentralvenoesen-zugang\/","name":"CentralLineMan\u00ae Pro \u2013 Zentralven\u00f6ser Zugang","isPartOf":{"@id":"https:\/\/lifesupportdistribution.fr\/de\/#website"},"primaryImageOfPage":{"@id":"https:\/\/lifesupportdistribution.fr\/de\/produkt\/centrallineman-pro-simulator-fuer-ultraschallgefuehrten-zentralvenoesen-zugang\/#primaryimage"},"image":{"@id":"https:\/\/lifesupportdistribution.fr\/de\/produkt\/centrallineman-pro-simulator-fuer-ultraschallgefuehrten-zentralvenoesen-zugang\/#primaryimage"},"thumbnailUrl":"https:\/\/lifesupportdistribution.fr\/wp-content\/uploads\/2025\/11\/CentralLineMan\u00ae-Pro-1.png","datePublished":"2025-11-30T22:06:41+00:00","description":"Simulabs CentralLineMan\u00ae Pro f\u00fcr das Training des ultraschallgef\u00fchrten zentralven\u00f6sen Zugangs. Erm\u00f6glicht das \u00dcben von Punktionen, F\u00fchrung und Sicherheit.","breadcrumb":{"@id":"https:\/\/lifesupportdistribution.fr\/de\/produkt\/centrallineman-pro-simulator-fuer-ultraschallgefuehrten-zentralvenoesen-zugang\/#breadcrumb"},"inLanguage":"de","potentialAction":[{"@type":"ReadAction","target":["https:\/\/lifesupportdistribution.fr\/de\/produkt\/centrallineman-pro-simulator-fuer-ultraschallgefuehrten-zentralvenoesen-zugang\/"]}]},{"@type":"ImageObject","inLanguage":"de","@id":"https:\/\/lifesupportdistribution.fr\/de\/produkt\/centrallineman-pro-simulator-fuer-ultraschallgefuehrten-zentralvenoesen-zugang\/#primaryimage","url":"https:\/\/lifesupportdistribution.fr\/wp-content\/uploads\/2025\/11\/CentralLineMan\u00ae-Pro-1.png","contentUrl":"https:\/\/lifesupportdistribution.fr\/wp-content\/uploads\/2025\/11\/CentralLineMan\u00ae-Pro-1.png","width":614,"height":298},{"@type":"BreadcrumbList","@id":"https:\/\/lifesupportdistribution.fr\/de\/produkt\/centrallineman-pro-simulator-fuer-ultraschallgefuehrten-zentralvenoesen-zugang\/#breadcrumb","itemListElement":[{"@type":"ListItem","position":1,"name":"Accueil","item":"https:\/\/lifesupportdistribution.fr\/de\/startseite\/"},{"@type":"ListItem","position":2,"name":"Shop","item":"https:\/\/lifesupportdistribution.fr\/de\/shop\/"},{"@type":"ListItem","position":3,"name":"CentralLineMan\u00ae Pro \u2013 Simulator f\u00fcr ultraschallgef\u00fchrten zentralven\u00f6sen Zugang"}]},{"@type":"WebSite","@id":"https:\/\/lifesupportdistribution.fr\/de\/#website","url":"https:\/\/lifesupportdistribution.fr\/de\/","name":"Life Support Distribution","description":"Solutions en simulation m\u00e9dicale","publisher":{"@id":"https:\/\/lifesupportdistribution.fr\/de\/#organization"},"potentialAction":[{"@type":"SearchAction","target":{"@type":"EntryPoint","urlTemplate":"https:\/\/lifesupportdistribution.fr\/de\/?s={search_term_string}"},"query-input":{"@type":"PropertyValueSpecification","valueRequired":true,"valueName":"search_term_string"}}],"inLanguage":"de"},{"@type":"Organization","@id":"https:\/\/lifesupportdistribution.fr\/de\/#organization","name":"Life Support Distribution","url":"https:\/\/lifesupportdistribution.fr\/de\/","logo":{"@type":"ImageObject","inLanguage":"de","@id":"https:\/\/lifesupportdistribution.fr\/de\/#\/schema\/logo\/image\/","url":"https:\/\/lifesupportdistribution.fr\/wp-content\/uploads\/2025\/10\/logo-life-support-distribution.svg","contentUrl":"https:\/\/lifesupportdistribution.fr\/wp-content\/uploads\/2025\/10\/logo-life-support-distribution.svg","width":698,"height":223,"caption":"Life Support Distribution"},"image":{"@id":"https:\/\/lifesupportdistribution.fr\/de\/#\/schema\/logo\/image\/"},"sameAs":["https:\/\/www.linkedin.com\/company\/life-support-distribution\/"]}]}},"_links":{"self":[{"href":"https:\/\/lifesupportdistribution.fr\/de\/wp-json\/wp\/v2\/product\/5935","targetHints":{"allow":["GET"]}}],"collection":[{"href":"https:\/\/lifesupportdistribution.fr\/de\/wp-json\/wp\/v2\/product"}],"about":[{"href":"https:\/\/lifesupportdistribution.fr\/de\/wp-json\/wp\/v2\/types\/product"}],"wp:featuredmedia":[{"embeddable":true,"href":"https:\/\/lifesupportdistribution.fr\/de\/wp-json\/wp\/v2\/media\/2573"}],"wp:attachment":[{"href":"https:\/\/lifesupportdistribution.fr\/de\/wp-json\/wp\/v2\/media?parent=5935"}],"wp:term":[{"taxonomy":"product_brand","embeddable":true,"href":"https:\/\/lifesupportdistribution.fr\/de\/wp-json\/wp\/v2\/product_brand?post=5935"},{"taxonomy":"product_cat","embeddable":true,"href":"https:\/\/lifesupportdistribution.fr\/de\/wp-json\/wp\/v2\/product_cat?post=5935"},{"taxonomy":"product_tag","embeddable":true,"href":"https:\/\/lifesupportdistribution.fr\/de\/wp-json\/wp\/v2\/product_tag?post=5935"}],"curies":[{"name":"wp","href":"https:\/\/api.w.org\/{rel}","templated":true}]}}