{"id":5943,"date":"2025-12-02T15:24:51","date_gmt":"2025-12-02T14:24:51","guid":{"rendered":"https:\/\/lifesupportdistribution.fr\/produits\/fortgeschrittener-cpr-hund\/"},"modified":"2025-12-02T15:24:51","modified_gmt":"2025-12-02T14:24:51","slug":"fortgeschrittener-cpr-hund","status":"publish","type":"product","link":"https:\/\/lifesupportdistribution.fr\/de\/produkt\/fortgeschrittener-cpr-hund\/","title":{"rendered":"Fortgeschrittener CPR-Hund"},"content":{"rendered":"<p>Entwickelt f\u00fcr Studierende der Veterin\u00e4rmedizin und Ausbilder in Tiernotf\u00e4llen, reproduziert dieser Simulator naturgetreu die Morphologie eines mittelgro\u00dfen Hundes.<br \/>\nDank seines elektronischen Feedback-Systems bietet er eine sofortige Bewertung der Reanimationsqualit\u00e4t.<br \/>\nDie visuellen und akustischen Anzeigen leiten den Benutzer an bei:<\/p>\n<ul>\n<li>der korrekten Handposition,<\/li>\n<li>der angemessenen Kompressionstiefe,<\/li>\n<li>und der Qualit\u00e4t der Mund-zu-Nase-Beatmung.<\/li>\n<\/ul>\n<p>Das Modell wird mit Einweg-Atemwegen und -Aufs\u00e4tzen geliefert, was eine perfekte Hygiene zwischen den Benutzern gew\u00e4hrleistet.<\/p>\n","protected":false},"excerpt":{"rendered":"<p>Der fortgeschrittene CPR-Hund von Erler Zimmer ist ein umfassendes Trainingsger\u00e4t f\u00fcr die Vermittlung von Techniken der veterin\u00e4rmedizinischen Herz-Lungen-Wiederbelebung (HLW).<br \/>\nDieses Modell umfasst Einweg-Nasenaufs\u00e4tze und ein optisches und akustisches Feedback-System, das Lernenden erm\u00f6glicht, die Handposition, die Kompressionstiefe und die Effektivit\u00e4t der Beatmung zu beherrschen.<br \/>\nGeliefert mit Transportkoffer und Zubeh\u00f6r, stellt er eine ideale L\u00f6sung f\u00fcr hygienische, effektive und realistische Trainingseinheiten dar.<\/p>\n","protected":false},"featured_media":2798,"template":"","meta":[],"product_brand":[193],"product_cat":[226],"product_tag":[240],"class_list":{"0":"post-5943","1":"product","2":"type-product","3":"status-publish","4":"has-post-thumbnail","6":"product_brand-erler-zimmer","7":"product_cat-simulatoren-fur-veterinarpflege","8":"product_tag-tiermedizin","10":"first","11":"instock","12":"shipping-taxable","13":"purchasable","14":"product-type-simple"},"yoast_head":"<!-- This site is optimized with the Yoast SEO plugin v26.8 - https:\/\/yoast.com\/product\/yoast-seo-wordpress\/ -->\n<title>Fortgeschrittener CPR-Hund \u2013 Kompletter Veterin\u00e4rsimulator<\/title>\n<meta name=\"description\" content=\"Fortgeschrittener CPR-Simulator f\u00fcr Hunde mit optischem\/akustischem Feedback, Einweg-Aufs\u00e4tzen und realistischer Beatmung f\u00fcr eine effektive Veterin\u00e4rschulung.\" \/>\n<meta name=\"robots\" content=\"index, follow, max-snippet:-1, max-image-preview:large, max-video-preview:-1\" \/>\n<link rel=\"canonical\" href=\"https:\/\/lifesupportdistribution.fr\/de\/produkt\/fortgeschrittener-cpr-hund\/\" \/>\n<meta property=\"og:locale\" content=\"de_DE\" \/>\n<meta property=\"og:type\" content=\"article\" \/>\n<meta property=\"og:title\" content=\"Fortgeschrittener CPR-Hund \u2013 Kompletter Veterin\u00e4rsimulator\" \/>\n<meta property=\"og:description\" content=\"Fortgeschrittener CPR-Simulator f\u00fcr Hunde mit optischem\/akustischem Feedback, Einweg-Aufs\u00e4tzen und realistischer Beatmung f\u00fcr eine effektive Veterin\u00e4rschulung.\" \/>\n<meta property=\"og:url\" content=\"https:\/\/lifesupportdistribution.fr\/de\/produkt\/fortgeschrittener-cpr-hund\/\" \/>\n<meta property=\"og:site_name\" content=\"Life Support Distribution\" \/>\n<meta property=\"og:image\" content=\"https:\/\/lifesupportdistribution.fr\/wp-content\/uploads\/2025\/12\/Chien-de-RCP-avance.webp\" \/>\n\t<meta property=\"og:image:width\" content=\"800\" \/>\n\t<meta property=\"og:image:height\" content=\"604\" \/>\n\t<meta property=\"og:image:type\" content=\"image\/webp\" \/>\n<meta name=\"twitter:card\" content=\"summary_large_image\" \/>\n<script type=\"application\/ld+json\" class=\"yoast-schema-graph\">{\"@context\":\"https:\/\/schema.org\",\"@graph\":[{\"@type\":\"WebPage\",\"@id\":\"https:\/\/lifesupportdistribution.fr\/de\/produkt\/fortgeschrittener-cpr-hund\/\",\"url\":\"https:\/\/lifesupportdistribution.fr\/de\/produkt\/fortgeschrittener-cpr-hund\/\",\"name\":\"Fortgeschrittener CPR-Hund \u2013 Kompletter Veterin\u00e4rsimulator\",\"isPartOf\":{\"@id\":\"https:\/\/lifesupportdistribution.fr\/de\/#website\"},\"primaryImageOfPage\":{\"@id\":\"https:\/\/lifesupportdistribution.fr\/de\/produkt\/fortgeschrittener-cpr-hund\/#primaryimage\"},\"image\":{\"@id\":\"https:\/\/lifesupportdistribution.fr\/de\/produkt\/fortgeschrittener-cpr-hund\/#primaryimage\"},\"thumbnailUrl\":\"https:\/\/lifesupportdistribution.fr\/wp-content\/uploads\/2025\/12\/Chien-de-RCP-avance.webp\",\"datePublished\":\"2025-12-02T14:24:51+00:00\",\"description\":\"Fortgeschrittener CPR-Simulator f\u00fcr Hunde mit optischem\/akustischem Feedback, Einweg-Aufs\u00e4tzen und realistischer Beatmung f\u00fcr eine effektive Veterin\u00e4rschulung.\",\"breadcrumb\":{\"@id\":\"https:\/\/lifesupportdistribution.fr\/de\/produkt\/fortgeschrittener-cpr-hund\/#breadcrumb\"},\"inLanguage\":\"de\",\"potentialAction\":[{\"@type\":\"ReadAction\",\"target\":[\"https:\/\/lifesupportdistribution.fr\/de\/produkt\/fortgeschrittener-cpr-hund\/\"]}]},{\"@type\":\"ImageObject\",\"inLanguage\":\"de\",\"@id\":\"https:\/\/lifesupportdistribution.fr\/de\/produkt\/fortgeschrittener-cpr-hund\/#primaryimage\",\"url\":\"https:\/\/lifesupportdistribution.fr\/wp-content\/uploads\/2025\/12\/Chien-de-RCP-avance.webp\",\"contentUrl\":\"https:\/\/lifesupportdistribution.fr\/wp-content\/uploads\/2025\/12\/Chien-de-RCP-avance.webp\",\"width\":800,\"height\":604},{\"@type\":\"BreadcrumbList\",\"@id\":\"https:\/\/lifesupportdistribution.fr\/de\/produkt\/fortgeschrittener-cpr-hund\/#breadcrumb\",\"itemListElement\":[{\"@type\":\"ListItem\",\"position\":1,\"name\":\"Accueil\",\"item\":\"https:\/\/lifesupportdistribution.fr\/de\/startseite\/\"},{\"@type\":\"ListItem\",\"position\":2,\"name\":\"Shop\",\"item\":\"https:\/\/lifesupportdistribution.fr\/de\/shop\/\"},{\"@type\":\"ListItem\",\"position\":3,\"name\":\"Fortgeschrittener CPR-Hund\"}]},{\"@type\":\"WebSite\",\"@id\":\"https:\/\/lifesupportdistribution.fr\/de\/#website\",\"url\":\"https:\/\/lifesupportdistribution.fr\/de\/\",\"name\":\"Life Support Distribution\",\"description\":\"Solutions en simulation m\u00e9dicale\",\"publisher\":{\"@id\":\"https:\/\/lifesupportdistribution.fr\/de\/#organization\"},\"potentialAction\":[{\"@type\":\"SearchAction\",\"target\":{\"@type\":\"EntryPoint\",\"urlTemplate\":\"https:\/\/lifesupportdistribution.fr\/de\/?s={search_term_string}\"},\"query-input\":{\"@type\":\"PropertyValueSpecification\",\"valueRequired\":true,\"valueName\":\"search_term_string\"}}],\"inLanguage\":\"de\"},{\"@type\":\"Organization\",\"@id\":\"https:\/\/lifesupportdistribution.fr\/de\/#organization\",\"name\":\"Life Support Distribution\",\"url\":\"https:\/\/lifesupportdistribution.fr\/de\/\",\"logo\":{\"@type\":\"ImageObject\",\"inLanguage\":\"de\",\"@id\":\"https:\/\/lifesupportdistribution.fr\/de\/#\/schema\/logo\/image\/\",\"url\":\"https:\/\/lifesupportdistribution.fr\/wp-content\/uploads\/2025\/10\/logo-life-support-distribution.svg\",\"contentUrl\":\"https:\/\/lifesupportdistribution.fr\/wp-content\/uploads\/2025\/10\/logo-life-support-distribution.svg\",\"width\":698,\"height\":223,\"caption\":\"Life Support Distribution\"},\"image\":{\"@id\":\"https:\/\/lifesupportdistribution.fr\/de\/#\/schema\/logo\/image\/\"},\"sameAs\":[\"https:\/\/www.linkedin.com\/company\/life-support-distribution\/\"]}]}<\/script>\n<!-- \/ Yoast SEO plugin. -->","yoast_head_json":{"title":"Fortgeschrittener CPR-Hund \u2013 Kompletter Veterin\u00e4rsimulator","description":"Fortgeschrittener CPR-Simulator f\u00fcr Hunde mit optischem\/akustischem Feedback, Einweg-Aufs\u00e4tzen und realistischer Beatmung f\u00fcr eine effektive Veterin\u00e4rschulung.","robots":{"index":"index","follow":"follow","max-snippet":"max-snippet:-1","max-image-preview":"max-image-preview:large","max-video-preview":"max-video-preview:-1"},"canonical":"https:\/\/lifesupportdistribution.fr\/de\/produkt\/fortgeschrittener-cpr-hund\/","og_locale":"de_DE","og_type":"article","og_title":"Fortgeschrittener CPR-Hund \u2013 Kompletter Veterin\u00e4rsimulator","og_description":"Fortgeschrittener CPR-Simulator f\u00fcr Hunde mit optischem\/akustischem Feedback, Einweg-Aufs\u00e4tzen und realistischer Beatmung f\u00fcr eine effektive Veterin\u00e4rschulung.","og_url":"https:\/\/lifesupportdistribution.fr\/de\/produkt\/fortgeschrittener-cpr-hund\/","og_site_name":"Life Support Distribution","og_image":[{"width":800,"height":604,"url":"https:\/\/lifesupportdistribution.fr\/wp-content\/uploads\/2025\/12\/Chien-de-RCP-avance.webp","type":"image\/webp"}],"twitter_card":"summary_large_image","schema":{"@context":"https:\/\/schema.org","@graph":[{"@type":"WebPage","@id":"https:\/\/lifesupportdistribution.fr\/de\/produkt\/fortgeschrittener-cpr-hund\/","url":"https:\/\/lifesupportdistribution.fr\/de\/produkt\/fortgeschrittener-cpr-hund\/","name":"Fortgeschrittener CPR-Hund \u2013 Kompletter Veterin\u00e4rsimulator","isPartOf":{"@id":"https:\/\/lifesupportdistribution.fr\/de\/#website"},"primaryImageOfPage":{"@id":"https:\/\/lifesupportdistribution.fr\/de\/produkt\/fortgeschrittener-cpr-hund\/#primaryimage"},"image":{"@id":"https:\/\/lifesupportdistribution.fr\/de\/produkt\/fortgeschrittener-cpr-hund\/#primaryimage"},"thumbnailUrl":"https:\/\/lifesupportdistribution.fr\/wp-content\/uploads\/2025\/12\/Chien-de-RCP-avance.webp","datePublished":"2025-12-02T14:24:51+00:00","description":"Fortgeschrittener CPR-Simulator f\u00fcr Hunde mit optischem\/akustischem Feedback, Einweg-Aufs\u00e4tzen und realistischer Beatmung f\u00fcr eine effektive Veterin\u00e4rschulung.","breadcrumb":{"@id":"https:\/\/lifesupportdistribution.fr\/de\/produkt\/fortgeschrittener-cpr-hund\/#breadcrumb"},"inLanguage":"de","potentialAction":[{"@type":"ReadAction","target":["https:\/\/lifesupportdistribution.fr\/de\/produkt\/fortgeschrittener-cpr-hund\/"]}]},{"@type":"ImageObject","inLanguage":"de","@id":"https:\/\/lifesupportdistribution.fr\/de\/produkt\/fortgeschrittener-cpr-hund\/#primaryimage","url":"https:\/\/lifesupportdistribution.fr\/wp-content\/uploads\/2025\/12\/Chien-de-RCP-avance.webp","contentUrl":"https:\/\/lifesupportdistribution.fr\/wp-content\/uploads\/2025\/12\/Chien-de-RCP-avance.webp","width":800,"height":604},{"@type":"BreadcrumbList","@id":"https:\/\/lifesupportdistribution.fr\/de\/produkt\/fortgeschrittener-cpr-hund\/#breadcrumb","itemListElement":[{"@type":"ListItem","position":1,"name":"Accueil","item":"https:\/\/lifesupportdistribution.fr\/de\/startseite\/"},{"@type":"ListItem","position":2,"name":"Shop","item":"https:\/\/lifesupportdistribution.fr\/de\/shop\/"},{"@type":"ListItem","position":3,"name":"Fortgeschrittener CPR-Hund"}]},{"@type":"WebSite","@id":"https:\/\/lifesupportdistribution.fr\/de\/#website","url":"https:\/\/lifesupportdistribution.fr\/de\/","name":"Life Support Distribution","description":"Solutions en simulation m\u00e9dicale","publisher":{"@id":"https:\/\/lifesupportdistribution.fr\/de\/#organization"},"potentialAction":[{"@type":"SearchAction","target":{"@type":"EntryPoint","urlTemplate":"https:\/\/lifesupportdistribution.fr\/de\/?s={search_term_string}"},"query-input":{"@type":"PropertyValueSpecification","valueRequired":true,"valueName":"search_term_string"}}],"inLanguage":"de"},{"@type":"Organization","@id":"https:\/\/lifesupportdistribution.fr\/de\/#organization","name":"Life Support Distribution","url":"https:\/\/lifesupportdistribution.fr\/de\/","logo":{"@type":"ImageObject","inLanguage":"de","@id":"https:\/\/lifesupportdistribution.fr\/de\/#\/schema\/logo\/image\/","url":"https:\/\/lifesupportdistribution.fr\/wp-content\/uploads\/2025\/10\/logo-life-support-distribution.svg","contentUrl":"https:\/\/lifesupportdistribution.fr\/wp-content\/uploads\/2025\/10\/logo-life-support-distribution.svg","width":698,"height":223,"caption":"Life Support Distribution"},"image":{"@id":"https:\/\/lifesupportdistribution.fr\/de\/#\/schema\/logo\/image\/"},"sameAs":["https:\/\/www.linkedin.com\/company\/life-support-distribution\/"]}]}},"_links":{"self":[{"href":"https:\/\/lifesupportdistribution.fr\/de\/wp-json\/wp\/v2\/product\/5943","targetHints":{"allow":["GET"]}}],"collection":[{"href":"https:\/\/lifesupportdistribution.fr\/de\/wp-json\/wp\/v2\/product"}],"about":[{"href":"https:\/\/lifesupportdistribution.fr\/de\/wp-json\/wp\/v2\/types\/product"}],"wp:featuredmedia":[{"embeddable":true,"href":"https:\/\/lifesupportdistribution.fr\/de\/wp-json\/wp\/v2\/media\/2798"}],"wp:attachment":[{"href":"https:\/\/lifesupportdistribution.fr\/de\/wp-json\/wp\/v2\/media?parent=5943"}],"wp:term":[{"taxonomy":"product_brand","embeddable":true,"href":"https:\/\/lifesupportdistribution.fr\/de\/wp-json\/wp\/v2\/product_brand?post=5943"},{"taxonomy":"product_cat","embeddable":true,"href":"https:\/\/lifesupportdistribution.fr\/de\/wp-json\/wp\/v2\/product_cat?post=5943"},{"taxonomy":"product_tag","embeddable":true,"href":"https:\/\/lifesupportdistribution.fr\/de\/wp-json\/wp\/v2\/product_tag?post=5943"}],"curies":[{"name":"wp","href":"https:\/\/api.w.org\/{rel}","templated":true}]}}