{"id":5946,"date":"2025-12-05T11:38:11","date_gmt":"2025-12-05T10:38:11","guid":{"rendered":"https:\/\/lifesupportdistribution.fr\/produits\/weiblicher-und-maennlicher-blasenkatheterisierungs-simulator\/"},"modified":"2025-12-05T11:38:11","modified_gmt":"2025-12-05T10:38:11","slug":"weiblicher-und-maennlicher-blasenkatheterisierungs-simulator","status":"publish","type":"product","link":"https:\/\/lifesupportdistribution.fr\/de\/produkt\/weiblicher-und-maennlicher-blasenkatheterisierungs-simulator\/","title":{"rendered":"Weiblicher und m\u00e4nnlicher Blasenkatheterisierungs-Simulator"},"content":{"rendered":"<p>Die Blasenkatheterisierungs-Simulatoren von BT Inc. wurden entwickelt, um ein pr\u00e4zises und praktisches Erlernen der Harnkatheterisierungstechniken bei Frauen und M\u00e4nnern zu erm\u00f6glichen.<br \/>\nIhre realistische Anatomie erm\u00f6glicht es, die physischen Orientierungspunkte des Patienten wiederzufinden, w\u00e4hrend der Widerstand beim Einf\u00fchren des Katheters das Gef\u00fchl des klinischen Eingriffs naturgetreu wiedergibt. <\/p>\n<p>Jedes Modell verf\u00fcgt \u00fcber ein R\u00fcckschlagventilsystem, das Leckagen verhindert, einen Anschluss an einen Urindrainagebeutel und ist mit verschiedenen Katheterdurchmessern kompatibel.<br \/>\nDas m\u00e4nnliche Modell verf\u00fcgt \u00fcber eine bewegliche Vorhaut, die das Training der anatomischen Manipulation erm\u00f6glicht, w\u00e4hrend das weibliche Modell die Becken- und Harnr\u00f6hrenstrukturen pr\u00e4zise nachbildet.<\/p>\n<p>Diese Simulatoren sind f\u00fcr den intensiven Schulungseinsatz konzipiert und bieten eine hohe Haltbarkeit, einfache Reinigung und schnelle Installation.<\/p>\n","protected":false},"excerpt":{"rendered":"<p>Die Simulatoren BT-CSCF (weiblich) und BT-CSCM (m\u00e4nnlich) erm\u00f6glichen das \u00dcben der Harnkatheterisierung unter realistischen und sicheren Bedingungen.<br \/>\nEntwickelt, um Widerstand, Position und Anatomie eines echten Patienten nachzubilden, sind diese Modelle ideal f\u00fcr die Ausbildung von Krankenpflegesch\u00fclern, \u00c4rzten und Pflegehelfern in der Praxis der Blasenkatheterisierung.<\/p>\n","protected":false},"featured_media":2870,"template":"","meta":[],"product_brand":[189],"product_cat":[222],"product_tag":[232,249,245,251,236,244],"class_list":{"0":"post-5946","1":"product","2":"type-product","3":"status-publish","4":"has-post-thumbnail","6":"product_brand-bt-inc","7":"product_cat-simulatoren-fur-medizinische-versorgung","8":"product_tag-geriatrische-medizin","9":"product_tag-innere-medizin","10":"product_tag-intensivpflege","11":"product_tag-krankenpflege","12":"product_tag-notfallmedizin","13":"product_tag-urologie","15":"first","16":"instock","17":"shipping-taxable","18":"purchasable","19":"product-type-simple"},"yoast_head":"<!-- This site is optimized with the Yoast SEO plugin v26.8 - https:\/\/yoast.com\/product\/yoast-seo-wordpress\/ -->\n<title>BT-CSCF \/ CSCM \u2013 Blasenkatheterisierungs-Simulatoren<\/title>\n<meta name=\"description\" content=\"Realistische Simulatoren zum Erlernen der weiblichen und m\u00e4nnlichen Blasenkatheterisierung, mit authentischem Widerstand, R\u00fcckschlagventil und naturgetreuer Anatomie.\" \/>\n<meta name=\"robots\" content=\"index, follow, max-snippet:-1, max-image-preview:large, max-video-preview:-1\" \/>\n<link rel=\"canonical\" href=\"https:\/\/lifesupportdistribution.fr\/de\/produkt\/weiblicher-und-maennlicher-blasenkatheterisierungs-simulator\/\" \/>\n<meta property=\"og:locale\" content=\"de_DE\" \/>\n<meta property=\"og:type\" content=\"article\" \/>\n<meta property=\"og:title\" content=\"BT-CSCF \/ CSCM \u2013 Blasenkatheterisierungs-Simulatoren\" \/>\n<meta property=\"og:description\" content=\"Realistische Simulatoren zum Erlernen der weiblichen und m\u00e4nnlichen Blasenkatheterisierung, mit authentischem Widerstand, R\u00fcckschlagventil und naturgetreuer Anatomie.\" \/>\n<meta property=\"og:url\" content=\"https:\/\/lifesupportdistribution.fr\/de\/produkt\/weiblicher-und-maennlicher-blasenkatheterisierungs-simulator\/\" \/>\n<meta property=\"og:site_name\" content=\"Life Support Distribution\" \/>\n<meta property=\"og:image\" content=\"https:\/\/lifesupportdistribution.fr\/wp-content\/uploads\/2025\/12\/Simulateur-de-catheterisme-vesical-Modele-feminin.jpg\" \/>\n\t<meta property=\"og:image:width\" content=\"1000\" \/>\n\t<meta property=\"og:image:height\" content=\"1000\" \/>\n\t<meta property=\"og:image:type\" content=\"image\/jpeg\" \/>\n<meta name=\"twitter:card\" content=\"summary_large_image\" \/>\n<meta name=\"twitter:label1\" content=\"Gesch\u00e4tzte Lesezeit\" \/>\n\t<meta name=\"twitter:data1\" content=\"1\u00a0Minute\" \/>\n<script type=\"application\/ld+json\" class=\"yoast-schema-graph\">{\"@context\":\"https:\/\/schema.org\",\"@graph\":[{\"@type\":\"WebPage\",\"@id\":\"https:\/\/lifesupportdistribution.fr\/de\/produkt\/weiblicher-und-maennlicher-blasenkatheterisierungs-simulator\/\",\"url\":\"https:\/\/lifesupportdistribution.fr\/de\/produkt\/weiblicher-und-maennlicher-blasenkatheterisierungs-simulator\/\",\"name\":\"BT-CSCF \/ CSCM \u2013 Blasenkatheterisierungs-Simulatoren\",\"isPartOf\":{\"@id\":\"https:\/\/lifesupportdistribution.fr\/de\/#website\"},\"primaryImageOfPage\":{\"@id\":\"https:\/\/lifesupportdistribution.fr\/de\/produkt\/weiblicher-und-maennlicher-blasenkatheterisierungs-simulator\/#primaryimage\"},\"image\":{\"@id\":\"https:\/\/lifesupportdistribution.fr\/de\/produkt\/weiblicher-und-maennlicher-blasenkatheterisierungs-simulator\/#primaryimage\"},\"thumbnailUrl\":\"https:\/\/lifesupportdistribution.fr\/wp-content\/uploads\/2025\/12\/Simulateur-de-catheterisme-vesical-Modele-feminin.jpg\",\"datePublished\":\"2025-12-05T10:38:11+00:00\",\"description\":\"Realistische Simulatoren zum Erlernen der weiblichen und m\u00e4nnlichen Blasenkatheterisierung, mit authentischem Widerstand, R\u00fcckschlagventil und naturgetreuer Anatomie.\",\"breadcrumb\":{\"@id\":\"https:\/\/lifesupportdistribution.fr\/de\/produkt\/weiblicher-und-maennlicher-blasenkatheterisierungs-simulator\/#breadcrumb\"},\"inLanguage\":\"de\",\"potentialAction\":[{\"@type\":\"ReadAction\",\"target\":[\"https:\/\/lifesupportdistribution.fr\/de\/produkt\/weiblicher-und-maennlicher-blasenkatheterisierungs-simulator\/\"]}]},{\"@type\":\"ImageObject\",\"inLanguage\":\"de\",\"@id\":\"https:\/\/lifesupportdistribution.fr\/de\/produkt\/weiblicher-und-maennlicher-blasenkatheterisierungs-simulator\/#primaryimage\",\"url\":\"https:\/\/lifesupportdistribution.fr\/wp-content\/uploads\/2025\/12\/Simulateur-de-catheterisme-vesical-Modele-feminin.jpg\",\"contentUrl\":\"https:\/\/lifesupportdistribution.fr\/wp-content\/uploads\/2025\/12\/Simulateur-de-catheterisme-vesical-Modele-feminin.jpg\",\"width\":1000,\"height\":1000},{\"@type\":\"BreadcrumbList\",\"@id\":\"https:\/\/lifesupportdistribution.fr\/de\/produkt\/weiblicher-und-maennlicher-blasenkatheterisierungs-simulator\/#breadcrumb\",\"itemListElement\":[{\"@type\":\"ListItem\",\"position\":1,\"name\":\"Accueil\",\"item\":\"https:\/\/lifesupportdistribution.fr\/de\/startseite\/\"},{\"@type\":\"ListItem\",\"position\":2,\"name\":\"Shop\",\"item\":\"https:\/\/lifesupportdistribution.fr\/de\/shop\/\"},{\"@type\":\"ListItem\",\"position\":3,\"name\":\"Weiblicher und m\u00e4nnlicher Blasenkatheterisierungs-Simulator\"}]},{\"@type\":\"WebSite\",\"@id\":\"https:\/\/lifesupportdistribution.fr\/de\/#website\",\"url\":\"https:\/\/lifesupportdistribution.fr\/de\/\",\"name\":\"Life Support Distribution\",\"description\":\"Solutions en simulation m\u00e9dicale\",\"publisher\":{\"@id\":\"https:\/\/lifesupportdistribution.fr\/de\/#organization\"},\"potentialAction\":[{\"@type\":\"SearchAction\",\"target\":{\"@type\":\"EntryPoint\",\"urlTemplate\":\"https:\/\/lifesupportdistribution.fr\/de\/?s={search_term_string}\"},\"query-input\":{\"@type\":\"PropertyValueSpecification\",\"valueRequired\":true,\"valueName\":\"search_term_string\"}}],\"inLanguage\":\"de\"},{\"@type\":\"Organization\",\"@id\":\"https:\/\/lifesupportdistribution.fr\/de\/#organization\",\"name\":\"Life Support Distribution\",\"url\":\"https:\/\/lifesupportdistribution.fr\/de\/\",\"logo\":{\"@type\":\"ImageObject\",\"inLanguage\":\"de\",\"@id\":\"https:\/\/lifesupportdistribution.fr\/de\/#\/schema\/logo\/image\/\",\"url\":\"https:\/\/lifesupportdistribution.fr\/wp-content\/uploads\/2025\/10\/logo-life-support-distribution.svg\",\"contentUrl\":\"https:\/\/lifesupportdistribution.fr\/wp-content\/uploads\/2025\/10\/logo-life-support-distribution.svg\",\"width\":698,\"height\":223,\"caption\":\"Life Support Distribution\"},\"image\":{\"@id\":\"https:\/\/lifesupportdistribution.fr\/de\/#\/schema\/logo\/image\/\"},\"sameAs\":[\"https:\/\/www.linkedin.com\/company\/life-support-distribution\/\"]}]}<\/script>\n<!-- \/ Yoast SEO plugin. -->","yoast_head_json":{"title":"BT-CSCF \/ CSCM \u2013 Blasenkatheterisierungs-Simulatoren","description":"Realistische Simulatoren zum Erlernen der weiblichen und m\u00e4nnlichen Blasenkatheterisierung, mit authentischem Widerstand, R\u00fcckschlagventil und naturgetreuer Anatomie.","robots":{"index":"index","follow":"follow","max-snippet":"max-snippet:-1","max-image-preview":"max-image-preview:large","max-video-preview":"max-video-preview:-1"},"canonical":"https:\/\/lifesupportdistribution.fr\/de\/produkt\/weiblicher-und-maennlicher-blasenkatheterisierungs-simulator\/","og_locale":"de_DE","og_type":"article","og_title":"BT-CSCF \/ CSCM \u2013 Blasenkatheterisierungs-Simulatoren","og_description":"Realistische Simulatoren zum Erlernen der weiblichen und m\u00e4nnlichen Blasenkatheterisierung, mit authentischem Widerstand, R\u00fcckschlagventil und naturgetreuer Anatomie.","og_url":"https:\/\/lifesupportdistribution.fr\/de\/produkt\/weiblicher-und-maennlicher-blasenkatheterisierungs-simulator\/","og_site_name":"Life Support Distribution","og_image":[{"width":1000,"height":1000,"url":"https:\/\/lifesupportdistribution.fr\/wp-content\/uploads\/2025\/12\/Simulateur-de-catheterisme-vesical-Modele-feminin.jpg","type":"image\/jpeg"}],"twitter_card":"summary_large_image","twitter_misc":{"Gesch\u00e4tzte Lesezeit":"1\u00a0Minute"},"schema":{"@context":"https:\/\/schema.org","@graph":[{"@type":"WebPage","@id":"https:\/\/lifesupportdistribution.fr\/de\/produkt\/weiblicher-und-maennlicher-blasenkatheterisierungs-simulator\/","url":"https:\/\/lifesupportdistribution.fr\/de\/produkt\/weiblicher-und-maennlicher-blasenkatheterisierungs-simulator\/","name":"BT-CSCF \/ CSCM \u2013 Blasenkatheterisierungs-Simulatoren","isPartOf":{"@id":"https:\/\/lifesupportdistribution.fr\/de\/#website"},"primaryImageOfPage":{"@id":"https:\/\/lifesupportdistribution.fr\/de\/produkt\/weiblicher-und-maennlicher-blasenkatheterisierungs-simulator\/#primaryimage"},"image":{"@id":"https:\/\/lifesupportdistribution.fr\/de\/produkt\/weiblicher-und-maennlicher-blasenkatheterisierungs-simulator\/#primaryimage"},"thumbnailUrl":"https:\/\/lifesupportdistribution.fr\/wp-content\/uploads\/2025\/12\/Simulateur-de-catheterisme-vesical-Modele-feminin.jpg","datePublished":"2025-12-05T10:38:11+00:00","description":"Realistische Simulatoren zum Erlernen der weiblichen und m\u00e4nnlichen Blasenkatheterisierung, mit authentischem Widerstand, R\u00fcckschlagventil und naturgetreuer Anatomie.","breadcrumb":{"@id":"https:\/\/lifesupportdistribution.fr\/de\/produkt\/weiblicher-und-maennlicher-blasenkatheterisierungs-simulator\/#breadcrumb"},"inLanguage":"de","potentialAction":[{"@type":"ReadAction","target":["https:\/\/lifesupportdistribution.fr\/de\/produkt\/weiblicher-und-maennlicher-blasenkatheterisierungs-simulator\/"]}]},{"@type":"ImageObject","inLanguage":"de","@id":"https:\/\/lifesupportdistribution.fr\/de\/produkt\/weiblicher-und-maennlicher-blasenkatheterisierungs-simulator\/#primaryimage","url":"https:\/\/lifesupportdistribution.fr\/wp-content\/uploads\/2025\/12\/Simulateur-de-catheterisme-vesical-Modele-feminin.jpg","contentUrl":"https:\/\/lifesupportdistribution.fr\/wp-content\/uploads\/2025\/12\/Simulateur-de-catheterisme-vesical-Modele-feminin.jpg","width":1000,"height":1000},{"@type":"BreadcrumbList","@id":"https:\/\/lifesupportdistribution.fr\/de\/produkt\/weiblicher-und-maennlicher-blasenkatheterisierungs-simulator\/#breadcrumb","itemListElement":[{"@type":"ListItem","position":1,"name":"Accueil","item":"https:\/\/lifesupportdistribution.fr\/de\/startseite\/"},{"@type":"ListItem","position":2,"name":"Shop","item":"https:\/\/lifesupportdistribution.fr\/de\/shop\/"},{"@type":"ListItem","position":3,"name":"Weiblicher und m\u00e4nnlicher Blasenkatheterisierungs-Simulator"}]},{"@type":"WebSite","@id":"https:\/\/lifesupportdistribution.fr\/de\/#website","url":"https:\/\/lifesupportdistribution.fr\/de\/","name":"Life Support Distribution","description":"Solutions en simulation m\u00e9dicale","publisher":{"@id":"https:\/\/lifesupportdistribution.fr\/de\/#organization"},"potentialAction":[{"@type":"SearchAction","target":{"@type":"EntryPoint","urlTemplate":"https:\/\/lifesupportdistribution.fr\/de\/?s={search_term_string}"},"query-input":{"@type":"PropertyValueSpecification","valueRequired":true,"valueName":"search_term_string"}}],"inLanguage":"de"},{"@type":"Organization","@id":"https:\/\/lifesupportdistribution.fr\/de\/#organization","name":"Life Support Distribution","url":"https:\/\/lifesupportdistribution.fr\/de\/","logo":{"@type":"ImageObject","inLanguage":"de","@id":"https:\/\/lifesupportdistribution.fr\/de\/#\/schema\/logo\/image\/","url":"https:\/\/lifesupportdistribution.fr\/wp-content\/uploads\/2025\/10\/logo-life-support-distribution.svg","contentUrl":"https:\/\/lifesupportdistribution.fr\/wp-content\/uploads\/2025\/10\/logo-life-support-distribution.svg","width":698,"height":223,"caption":"Life Support Distribution"},"image":{"@id":"https:\/\/lifesupportdistribution.fr\/de\/#\/schema\/logo\/image\/"},"sameAs":["https:\/\/www.linkedin.com\/company\/life-support-distribution\/"]}]}},"_links":{"self":[{"href":"https:\/\/lifesupportdistribution.fr\/de\/wp-json\/wp\/v2\/product\/5946","targetHints":{"allow":["GET"]}}],"collection":[{"href":"https:\/\/lifesupportdistribution.fr\/de\/wp-json\/wp\/v2\/product"}],"about":[{"href":"https:\/\/lifesupportdistribution.fr\/de\/wp-json\/wp\/v2\/types\/product"}],"wp:featuredmedia":[{"embeddable":true,"href":"https:\/\/lifesupportdistribution.fr\/de\/wp-json\/wp\/v2\/media\/2870"}],"wp:attachment":[{"href":"https:\/\/lifesupportdistribution.fr\/de\/wp-json\/wp\/v2\/media?parent=5946"}],"wp:term":[{"taxonomy":"product_brand","embeddable":true,"href":"https:\/\/lifesupportdistribution.fr\/de\/wp-json\/wp\/v2\/product_brand?post=5946"},{"taxonomy":"product_cat","embeddable":true,"href":"https:\/\/lifesupportdistribution.fr\/de\/wp-json\/wp\/v2\/product_cat?post=5946"},{"taxonomy":"product_tag","embeddable":true,"href":"https:\/\/lifesupportdistribution.fr\/de\/wp-json\/wp\/v2\/product_tag?post=5946"}],"curies":[{"name":"wp","href":"https:\/\/api.w.org\/{rel}","templated":true}]}}