{"id":5960,"date":"2025-12-05T11:48:37","date_gmt":"2025-12-05T10:48:37","guid":{"rendered":"https:\/\/lifesupportdistribution.fr\/produits\/airsim-difficult-airway-with-bronchi-fortgeschrittener-simulator-fuer-schwierige-atemwege\/"},"modified":"2025-12-05T11:48:37","modified_gmt":"2025-12-05T10:48:37","slug":"airsim-difficult-airway-with-bronchi-fortgeschrittener-simulator-fuer-schwierige-atemwege","status":"publish","type":"product","link":"https:\/\/lifesupportdistribution.fr\/de\/produkt\/airsim-difficult-airway-with-bronchi-fortgeschrittener-simulator-fuer-schwierige-atemwege\/","title":{"rendered":"AirSim Difficult Airway with Bronchi \u2013 Fortgeschrittener Simulator f\u00fcr schwierige Atemwege"},"content":{"rendered":"<p>Dieses Modell kombiniert den anatomischen Realismus des AirSim Simulators mit einer vollst\u00e4ndigen bronchialen Erweiterung, was die Praxis der diagnostischen und therapeutischen Bronchoskopie in einem fortgeschrittenen Simulationsumfeld erm\u00f6glicht. Entwickelt, um den Empfehlungen der Difficult Airway Society (DAS) zu entsprechen, bietet er eine immersive Erfahrung f\u00fcr das Erlernen von Strategien zum Management komplexer Atemwege. Seine realistische interne Struktur erm\u00f6glicht die Beobachtung des Fortschreitens endoskopischer Ger\u00e4te und die naturgetreue Reproduktion von Schwierigkeiten, die in der klinischen Praxis auftreten, wie Obstruktion, schlechte Visualisierung oder selektive Intubation.  <\/p>\n","protected":false},"excerpt":{"rendered":"<p>Der AirSim Difficult Airway with Bronchi erweitert die F\u00e4higkeiten des klassischen Difficult Airway Modells durch die Integration eines anatomisch getreuen Bronchialbaums bis zur 4. Generation. Dieser High-Fidelity-Simulator erm\u00f6glicht das Training von Bronchoskopie, Lungenisolation und bronchialer Absaugung, w\u00e4hrend er die anspruchsvollsten klinischen Szenarien reproduziert. Er ist ein umfassendes Werkzeug f\u00fcr die Lehre des Managements schwieriger Atemwege, von der Intubation bis zu komplexen endoskopischen Eingriffen.  <\/p>\n","protected":false},"featured_media":2925,"template":"","meta":[],"product_brand":[212],"product_cat":[222],"product_tag":[237,239,252,236],"class_list":{"0":"post-5960","1":"product","2":"type-product","3":"status-publish","4":"has-post-thumbnail","6":"product_brand-trucorp","7":"product_cat-simulatoren-fur-medizinische-versorgung","8":"product_tag-anasthesie","9":"product_tag-herz-lungen","10":"product_tag-intensivmedizin","11":"product_tag-notfallmedizin","13":"first","14":"instock","15":"shipping-taxable","16":"purchasable","17":"product-type-simple"},"yoast_head":"<!-- This site is optimized with the Yoast SEO plugin v26.8 - https:\/\/yoast.com\/product\/yoast-seo-wordpress\/ -->\n<title>AirSim Difficult Airway Bronchi \u2013 Fortgeschrittener Simulator<\/title>\n<meta name=\"description\" content=\"AirSim Difficult Airway with Bronchi von TruCorp f\u00fcr das fortgeschrittene Management schwieriger Atemwege, einschlie\u00dflich Intubation und sicherer Endoskopie.\" \/>\n<meta name=\"robots\" content=\"index, follow, max-snippet:-1, max-image-preview:large, max-video-preview:-1\" \/>\n<link rel=\"canonical\" href=\"https:\/\/lifesupportdistribution.fr\/de\/produkt\/airsim-difficult-airway-with-bronchi-fortgeschrittener-simulator-fuer-schwierige-atemwege\/\" \/>\n<meta property=\"og:locale\" content=\"de_DE\" \/>\n<meta property=\"og:type\" content=\"article\" \/>\n<meta property=\"og:title\" content=\"AirSim Difficult Airway Bronchi \u2013 Fortgeschrittener Simulator\" \/>\n<meta property=\"og:description\" content=\"AirSim Difficult Airway with Bronchi von TruCorp f\u00fcr das fortgeschrittene Management schwieriger Atemwege, einschlie\u00dflich Intubation und sicherer Endoskopie.\" \/>\n<meta property=\"og:url\" content=\"https:\/\/lifesupportdistribution.fr\/de\/produkt\/airsim-difficult-airway-with-bronchi-fortgeschrittener-simulator-fuer-schwierige-atemwege\/\" \/>\n<meta property=\"og:site_name\" content=\"Life Support Distribution\" \/>\n<meta property=\"og:image\" content=\"https:\/\/lifesupportdistribution.fr\/wp-content\/uploads\/2025\/12\/Photo-AirSim-Difficult-Airway-with-Bronchi-1-.png\" \/>\n\t<meta property=\"og:image:width\" content=\"1328\" \/>\n\t<meta property=\"og:image:height\" content=\"694\" \/>\n\t<meta property=\"og:image:type\" content=\"image\/png\" \/>\n<meta name=\"twitter:card\" content=\"summary_large_image\" \/>\n<script type=\"application\/ld+json\" class=\"yoast-schema-graph\">{\"@context\":\"https:\/\/schema.org\",\"@graph\":[{\"@type\":\"WebPage\",\"@id\":\"https:\/\/lifesupportdistribution.fr\/de\/produkt\/airsim-difficult-airway-with-bronchi-fortgeschrittener-simulator-fuer-schwierige-atemwege\/\",\"url\":\"https:\/\/lifesupportdistribution.fr\/de\/produkt\/airsim-difficult-airway-with-bronchi-fortgeschrittener-simulator-fuer-schwierige-atemwege\/\",\"name\":\"AirSim Difficult Airway Bronchi \u2013 Fortgeschrittener Simulator\",\"isPartOf\":{\"@id\":\"https:\/\/lifesupportdistribution.fr\/de\/#website\"},\"primaryImageOfPage\":{\"@id\":\"https:\/\/lifesupportdistribution.fr\/de\/produkt\/airsim-difficult-airway-with-bronchi-fortgeschrittener-simulator-fuer-schwierige-atemwege\/#primaryimage\"},\"image\":{\"@id\":\"https:\/\/lifesupportdistribution.fr\/de\/produkt\/airsim-difficult-airway-with-bronchi-fortgeschrittener-simulator-fuer-schwierige-atemwege\/#primaryimage\"},\"thumbnailUrl\":\"https:\/\/lifesupportdistribution.fr\/wp-content\/uploads\/2025\/12\/Photo-AirSim-Difficult-Airway-with-Bronchi-1-.png\",\"datePublished\":\"2025-12-05T10:48:37+00:00\",\"description\":\"AirSim Difficult Airway with Bronchi von TruCorp f\u00fcr das fortgeschrittene Management schwieriger Atemwege, einschlie\u00dflich Intubation und sicherer Endoskopie.\",\"breadcrumb\":{\"@id\":\"https:\/\/lifesupportdistribution.fr\/de\/produkt\/airsim-difficult-airway-with-bronchi-fortgeschrittener-simulator-fuer-schwierige-atemwege\/#breadcrumb\"},\"inLanguage\":\"de\",\"potentialAction\":[{\"@type\":\"ReadAction\",\"target\":[\"https:\/\/lifesupportdistribution.fr\/de\/produkt\/airsim-difficult-airway-with-bronchi-fortgeschrittener-simulator-fuer-schwierige-atemwege\/\"]}]},{\"@type\":\"ImageObject\",\"inLanguage\":\"de\",\"@id\":\"https:\/\/lifesupportdistribution.fr\/de\/produkt\/airsim-difficult-airway-with-bronchi-fortgeschrittener-simulator-fuer-schwierige-atemwege\/#primaryimage\",\"url\":\"https:\/\/lifesupportdistribution.fr\/wp-content\/uploads\/2025\/12\/Photo-AirSim-Difficult-Airway-with-Bronchi-1-.png\",\"contentUrl\":\"https:\/\/lifesupportdistribution.fr\/wp-content\/uploads\/2025\/12\/Photo-AirSim-Difficult-Airway-with-Bronchi-1-.png\",\"width\":1328,\"height\":694},{\"@type\":\"BreadcrumbList\",\"@id\":\"https:\/\/lifesupportdistribution.fr\/de\/produkt\/airsim-difficult-airway-with-bronchi-fortgeschrittener-simulator-fuer-schwierige-atemwege\/#breadcrumb\",\"itemListElement\":[{\"@type\":\"ListItem\",\"position\":1,\"name\":\"Accueil\",\"item\":\"https:\/\/lifesupportdistribution.fr\/de\/startseite\/\"},{\"@type\":\"ListItem\",\"position\":2,\"name\":\"Shop\",\"item\":\"https:\/\/lifesupportdistribution.fr\/de\/shop\/\"},{\"@type\":\"ListItem\",\"position\":3,\"name\":\"AirSim Difficult Airway with Bronchi \u2013 Fortgeschrittener Simulator f\u00fcr schwierige Atemwege\"}]},{\"@type\":\"WebSite\",\"@id\":\"https:\/\/lifesupportdistribution.fr\/de\/#website\",\"url\":\"https:\/\/lifesupportdistribution.fr\/de\/\",\"name\":\"Life Support Distribution\",\"description\":\"Solutions en simulation m\u00e9dicale\",\"publisher\":{\"@id\":\"https:\/\/lifesupportdistribution.fr\/de\/#organization\"},\"potentialAction\":[{\"@type\":\"SearchAction\",\"target\":{\"@type\":\"EntryPoint\",\"urlTemplate\":\"https:\/\/lifesupportdistribution.fr\/de\/?s={search_term_string}\"},\"query-input\":{\"@type\":\"PropertyValueSpecification\",\"valueRequired\":true,\"valueName\":\"search_term_string\"}}],\"inLanguage\":\"de\"},{\"@type\":\"Organization\",\"@id\":\"https:\/\/lifesupportdistribution.fr\/de\/#organization\",\"name\":\"Life Support Distribution\",\"url\":\"https:\/\/lifesupportdistribution.fr\/de\/\",\"logo\":{\"@type\":\"ImageObject\",\"inLanguage\":\"de\",\"@id\":\"https:\/\/lifesupportdistribution.fr\/de\/#\/schema\/logo\/image\/\",\"url\":\"https:\/\/lifesupportdistribution.fr\/wp-content\/uploads\/2025\/10\/logo-life-support-distribution.svg\",\"contentUrl\":\"https:\/\/lifesupportdistribution.fr\/wp-content\/uploads\/2025\/10\/logo-life-support-distribution.svg\",\"width\":698,\"height\":223,\"caption\":\"Life Support Distribution\"},\"image\":{\"@id\":\"https:\/\/lifesupportdistribution.fr\/de\/#\/schema\/logo\/image\/\"},\"sameAs\":[\"https:\/\/www.linkedin.com\/company\/life-support-distribution\/\"]}]}<\/script>\n<!-- \/ Yoast SEO plugin. -->","yoast_head_json":{"title":"AirSim Difficult Airway Bronchi \u2013 Fortgeschrittener Simulator","description":"AirSim Difficult Airway with Bronchi von TruCorp f\u00fcr das fortgeschrittene Management schwieriger Atemwege, einschlie\u00dflich Intubation und sicherer Endoskopie.","robots":{"index":"index","follow":"follow","max-snippet":"max-snippet:-1","max-image-preview":"max-image-preview:large","max-video-preview":"max-video-preview:-1"},"canonical":"https:\/\/lifesupportdistribution.fr\/de\/produkt\/airsim-difficult-airway-with-bronchi-fortgeschrittener-simulator-fuer-schwierige-atemwege\/","og_locale":"de_DE","og_type":"article","og_title":"AirSim Difficult Airway Bronchi \u2013 Fortgeschrittener Simulator","og_description":"AirSim Difficult Airway with Bronchi von TruCorp f\u00fcr das fortgeschrittene Management schwieriger Atemwege, einschlie\u00dflich Intubation und sicherer Endoskopie.","og_url":"https:\/\/lifesupportdistribution.fr\/de\/produkt\/airsim-difficult-airway-with-bronchi-fortgeschrittener-simulator-fuer-schwierige-atemwege\/","og_site_name":"Life Support Distribution","og_image":[{"width":1328,"height":694,"url":"https:\/\/lifesupportdistribution.fr\/wp-content\/uploads\/2025\/12\/Photo-AirSim-Difficult-Airway-with-Bronchi-1-.png","type":"image\/png"}],"twitter_card":"summary_large_image","schema":{"@context":"https:\/\/schema.org","@graph":[{"@type":"WebPage","@id":"https:\/\/lifesupportdistribution.fr\/de\/produkt\/airsim-difficult-airway-with-bronchi-fortgeschrittener-simulator-fuer-schwierige-atemwege\/","url":"https:\/\/lifesupportdistribution.fr\/de\/produkt\/airsim-difficult-airway-with-bronchi-fortgeschrittener-simulator-fuer-schwierige-atemwege\/","name":"AirSim Difficult Airway Bronchi \u2013 Fortgeschrittener Simulator","isPartOf":{"@id":"https:\/\/lifesupportdistribution.fr\/de\/#website"},"primaryImageOfPage":{"@id":"https:\/\/lifesupportdistribution.fr\/de\/produkt\/airsim-difficult-airway-with-bronchi-fortgeschrittener-simulator-fuer-schwierige-atemwege\/#primaryimage"},"image":{"@id":"https:\/\/lifesupportdistribution.fr\/de\/produkt\/airsim-difficult-airway-with-bronchi-fortgeschrittener-simulator-fuer-schwierige-atemwege\/#primaryimage"},"thumbnailUrl":"https:\/\/lifesupportdistribution.fr\/wp-content\/uploads\/2025\/12\/Photo-AirSim-Difficult-Airway-with-Bronchi-1-.png","datePublished":"2025-12-05T10:48:37+00:00","description":"AirSim Difficult Airway with Bronchi von TruCorp f\u00fcr das fortgeschrittene Management schwieriger Atemwege, einschlie\u00dflich Intubation und sicherer Endoskopie.","breadcrumb":{"@id":"https:\/\/lifesupportdistribution.fr\/de\/produkt\/airsim-difficult-airway-with-bronchi-fortgeschrittener-simulator-fuer-schwierige-atemwege\/#breadcrumb"},"inLanguage":"de","potentialAction":[{"@type":"ReadAction","target":["https:\/\/lifesupportdistribution.fr\/de\/produkt\/airsim-difficult-airway-with-bronchi-fortgeschrittener-simulator-fuer-schwierige-atemwege\/"]}]},{"@type":"ImageObject","inLanguage":"de","@id":"https:\/\/lifesupportdistribution.fr\/de\/produkt\/airsim-difficult-airway-with-bronchi-fortgeschrittener-simulator-fuer-schwierige-atemwege\/#primaryimage","url":"https:\/\/lifesupportdistribution.fr\/wp-content\/uploads\/2025\/12\/Photo-AirSim-Difficult-Airway-with-Bronchi-1-.png","contentUrl":"https:\/\/lifesupportdistribution.fr\/wp-content\/uploads\/2025\/12\/Photo-AirSim-Difficult-Airway-with-Bronchi-1-.png","width":1328,"height":694},{"@type":"BreadcrumbList","@id":"https:\/\/lifesupportdistribution.fr\/de\/produkt\/airsim-difficult-airway-with-bronchi-fortgeschrittener-simulator-fuer-schwierige-atemwege\/#breadcrumb","itemListElement":[{"@type":"ListItem","position":1,"name":"Accueil","item":"https:\/\/lifesupportdistribution.fr\/de\/startseite\/"},{"@type":"ListItem","position":2,"name":"Shop","item":"https:\/\/lifesupportdistribution.fr\/de\/shop\/"},{"@type":"ListItem","position":3,"name":"AirSim Difficult Airway with Bronchi \u2013 Fortgeschrittener Simulator f\u00fcr schwierige Atemwege"}]},{"@type":"WebSite","@id":"https:\/\/lifesupportdistribution.fr\/de\/#website","url":"https:\/\/lifesupportdistribution.fr\/de\/","name":"Life Support Distribution","description":"Solutions en simulation m\u00e9dicale","publisher":{"@id":"https:\/\/lifesupportdistribution.fr\/de\/#organization"},"potentialAction":[{"@type":"SearchAction","target":{"@type":"EntryPoint","urlTemplate":"https:\/\/lifesupportdistribution.fr\/de\/?s={search_term_string}"},"query-input":{"@type":"PropertyValueSpecification","valueRequired":true,"valueName":"search_term_string"}}],"inLanguage":"de"},{"@type":"Organization","@id":"https:\/\/lifesupportdistribution.fr\/de\/#organization","name":"Life Support Distribution","url":"https:\/\/lifesupportdistribution.fr\/de\/","logo":{"@type":"ImageObject","inLanguage":"de","@id":"https:\/\/lifesupportdistribution.fr\/de\/#\/schema\/logo\/image\/","url":"https:\/\/lifesupportdistribution.fr\/wp-content\/uploads\/2025\/10\/logo-life-support-distribution.svg","contentUrl":"https:\/\/lifesupportdistribution.fr\/wp-content\/uploads\/2025\/10\/logo-life-support-distribution.svg","width":698,"height":223,"caption":"Life Support Distribution"},"image":{"@id":"https:\/\/lifesupportdistribution.fr\/de\/#\/schema\/logo\/image\/"},"sameAs":["https:\/\/www.linkedin.com\/company\/life-support-distribution\/"]}]}},"_links":{"self":[{"href":"https:\/\/lifesupportdistribution.fr\/de\/wp-json\/wp\/v2\/product\/5960","targetHints":{"allow":["GET"]}}],"collection":[{"href":"https:\/\/lifesupportdistribution.fr\/de\/wp-json\/wp\/v2\/product"}],"about":[{"href":"https:\/\/lifesupportdistribution.fr\/de\/wp-json\/wp\/v2\/types\/product"}],"wp:featuredmedia":[{"embeddable":true,"href":"https:\/\/lifesupportdistribution.fr\/de\/wp-json\/wp\/v2\/media\/2925"}],"wp:attachment":[{"href":"https:\/\/lifesupportdistribution.fr\/de\/wp-json\/wp\/v2\/media?parent=5960"}],"wp:term":[{"taxonomy":"product_brand","embeddable":true,"href":"https:\/\/lifesupportdistribution.fr\/de\/wp-json\/wp\/v2\/product_brand?post=5960"},{"taxonomy":"product_cat","embeddable":true,"href":"https:\/\/lifesupportdistribution.fr\/de\/wp-json\/wp\/v2\/product_cat?post=5960"},{"taxonomy":"product_tag","embeddable":true,"href":"https:\/\/lifesupportdistribution.fr\/de\/wp-json\/wp\/v2\/product_tag?post=5960"}],"curies":[{"name":"wp","href":"https:\/\/api.w.org\/{rel}","templated":true}]}}