{"id":5967,"date":"2025-12-05T11:59:31","date_gmt":"2025-12-05T10:59:31","guid":{"rendered":"https:\/\/lifesupportdistribution.fr\/produits\/airsim-child-x\/"},"modified":"2025-12-05T11:59:31","modified_gmt":"2025-12-05T10:59:31","slug":"airsim-child-x","status":"publish","type":"product","link":"https:\/\/lifesupportdistribution.fr\/de\/produkt\/airsim-child-x\/","title":{"rendered":"AirSim Child X"},"content":{"rendered":"<p>Der AirSim Child X zeichnet sich durch seine hyperrealistische p\u00e4diatrische Anatomie aus, die eine Zungen\u00f6demsimulation und visuelles Feedback zur Lungen- und Magenexpansion integriert. Er erm\u00f6glicht das \u00dcben von Intubation und Beatmung unter verschiedenen Bedingungen, von einfachen Szenarien bis hin zu komplexen Notfallsituationen. Dieses Modell wurde f\u00fcr die klinische und universit\u00e4re Ausbildung entwickelt und bildet die anatomischen Landmarken des Kindes originalgetreu ab, was einen schrittweisen Erwerb technischer und nicht-technischer F\u00e4higkeiten f\u00f6rdert.  <\/p>\n","protected":false},"excerpt":{"rendered":"<p>Der AirSim Child X stellt ein 6-j\u00e4hriges Kind naturgetreu dar und ist f\u00fcr das Erlernen und \u00dcben p\u00e4diatrischer Verfahren wie oro-\/nasotracheale Intubation, nasogastrische Sondeninsertion (NG) und Beatmung konzipiert. Dieser Simulator bietet eine umfassende und realistische Trainingserfahrung, die die Beherrschung technischer Handgriffe und die Sicherheit in der p\u00e4diatrischen Versorgung verbessert. <\/p>\n","protected":false},"featured_media":2931,"template":"","meta":[],"product_brand":[212],"product_cat":[222],"product_tag":[237,239,252,236,235],"class_list":{"0":"post-5967","1":"product","2":"type-product","3":"status-publish","4":"has-post-thumbnail","6":"product_brand-trucorp","7":"product_cat-simulatoren-fur-medizinische-versorgung","8":"product_tag-anasthesie","9":"product_tag-herz-lungen","10":"product_tag-intensivmedizin","11":"product_tag-notfallmedizin","12":"product_tag-padiatrie","14":"first","15":"instock","16":"shipping-taxable","17":"purchasable","18":"product-type-simple"},"yoast_head":"<!-- This site is optimized with the Yoast SEO plugin v26.8 - https:\/\/yoast.com\/product\/yoast-seo-wordpress\/ -->\n<title>AirSim Child X \u2013 P\u00e4diatrische Intubation<\/title>\n<meta name=\"description\" content=\"TruCorp AirSim Child X zum Erlernen der p\u00e4diatrischen Intubation. Realistisches Modell zum \u00dcben des sicheren Atemwegsmanagements.\" \/>\n<meta name=\"robots\" content=\"index, follow, max-snippet:-1, max-image-preview:large, max-video-preview:-1\" \/>\n<link rel=\"canonical\" href=\"https:\/\/lifesupportdistribution.fr\/de\/produkt\/airsim-child-x\/\" \/>\n<meta property=\"og:locale\" content=\"de_DE\" \/>\n<meta property=\"og:type\" content=\"article\" \/>\n<meta property=\"og:title\" content=\"AirSim Child X \u2013 P\u00e4diatrische Intubation\" \/>\n<meta property=\"og:description\" content=\"TruCorp AirSim Child X zum Erlernen der p\u00e4diatrischen Intubation. Realistisches Modell zum \u00dcben des sicheren Atemwegsmanagements.\" \/>\n<meta property=\"og:url\" content=\"https:\/\/lifesupportdistribution.fr\/de\/produkt\/airsim-child-x\/\" \/>\n<meta property=\"og:site_name\" content=\"Life Support Distribution\" \/>\n<meta property=\"og:image\" content=\"https:\/\/lifesupportdistribution.fr\/wp-content\/uploads\/2025\/12\/Photo-AirSim\u00ae-Child-X-1.png\" \/>\n\t<meta property=\"og:image:width\" content=\"1000\" \/>\n\t<meta property=\"og:image:height\" content=\"558\" \/>\n\t<meta property=\"og:image:type\" content=\"image\/png\" \/>\n<meta name=\"twitter:card\" content=\"summary_large_image\" \/>\n<script type=\"application\/ld+json\" class=\"yoast-schema-graph\">{\"@context\":\"https:\/\/schema.org\",\"@graph\":[{\"@type\":\"WebPage\",\"@id\":\"https:\/\/lifesupportdistribution.fr\/de\/produkt\/airsim-child-x\/\",\"url\":\"https:\/\/lifesupportdistribution.fr\/de\/produkt\/airsim-child-x\/\",\"name\":\"AirSim Child X \u2013 P\u00e4diatrische Intubation\",\"isPartOf\":{\"@id\":\"https:\/\/lifesupportdistribution.fr\/de\/#website\"},\"primaryImageOfPage\":{\"@id\":\"https:\/\/lifesupportdistribution.fr\/de\/produkt\/airsim-child-x\/#primaryimage\"},\"image\":{\"@id\":\"https:\/\/lifesupportdistribution.fr\/de\/produkt\/airsim-child-x\/#primaryimage\"},\"thumbnailUrl\":\"https:\/\/lifesupportdistribution.fr\/wp-content\/uploads\/2025\/12\/Photo-AirSim\u00ae-Child-X-1.png\",\"datePublished\":\"2025-12-05T10:59:31+00:00\",\"description\":\"TruCorp AirSim Child X zum Erlernen der p\u00e4diatrischen Intubation. Realistisches Modell zum \u00dcben des sicheren Atemwegsmanagements.\",\"breadcrumb\":{\"@id\":\"https:\/\/lifesupportdistribution.fr\/de\/produkt\/airsim-child-x\/#breadcrumb\"},\"inLanguage\":\"de\",\"potentialAction\":[{\"@type\":\"ReadAction\",\"target\":[\"https:\/\/lifesupportdistribution.fr\/de\/produkt\/airsim-child-x\/\"]}]},{\"@type\":\"ImageObject\",\"inLanguage\":\"de\",\"@id\":\"https:\/\/lifesupportdistribution.fr\/de\/produkt\/airsim-child-x\/#primaryimage\",\"url\":\"https:\/\/lifesupportdistribution.fr\/wp-content\/uploads\/2025\/12\/Photo-AirSim\u00ae-Child-X-1.png\",\"contentUrl\":\"https:\/\/lifesupportdistribution.fr\/wp-content\/uploads\/2025\/12\/Photo-AirSim\u00ae-Child-X-1.png\",\"width\":1000,\"height\":558},{\"@type\":\"BreadcrumbList\",\"@id\":\"https:\/\/lifesupportdistribution.fr\/de\/produkt\/airsim-child-x\/#breadcrumb\",\"itemListElement\":[{\"@type\":\"ListItem\",\"position\":1,\"name\":\"Accueil\",\"item\":\"https:\/\/lifesupportdistribution.fr\/de\/startseite\/\"},{\"@type\":\"ListItem\",\"position\":2,\"name\":\"Shop\",\"item\":\"https:\/\/lifesupportdistribution.fr\/de\/shop\/\"},{\"@type\":\"ListItem\",\"position\":3,\"name\":\"AirSim Child X\"}]},{\"@type\":\"WebSite\",\"@id\":\"https:\/\/lifesupportdistribution.fr\/de\/#website\",\"url\":\"https:\/\/lifesupportdistribution.fr\/de\/\",\"name\":\"Life Support Distribution\",\"description\":\"Solutions en simulation m\u00e9dicale\",\"publisher\":{\"@id\":\"https:\/\/lifesupportdistribution.fr\/de\/#organization\"},\"potentialAction\":[{\"@type\":\"SearchAction\",\"target\":{\"@type\":\"EntryPoint\",\"urlTemplate\":\"https:\/\/lifesupportdistribution.fr\/de\/?s={search_term_string}\"},\"query-input\":{\"@type\":\"PropertyValueSpecification\",\"valueRequired\":true,\"valueName\":\"search_term_string\"}}],\"inLanguage\":\"de\"},{\"@type\":\"Organization\",\"@id\":\"https:\/\/lifesupportdistribution.fr\/de\/#organization\",\"name\":\"Life Support Distribution\",\"url\":\"https:\/\/lifesupportdistribution.fr\/de\/\",\"logo\":{\"@type\":\"ImageObject\",\"inLanguage\":\"de\",\"@id\":\"https:\/\/lifesupportdistribution.fr\/de\/#\/schema\/logo\/image\/\",\"url\":\"https:\/\/lifesupportdistribution.fr\/wp-content\/uploads\/2025\/10\/logo-life-support-distribution.svg\",\"contentUrl\":\"https:\/\/lifesupportdistribution.fr\/wp-content\/uploads\/2025\/10\/logo-life-support-distribution.svg\",\"width\":698,\"height\":223,\"caption\":\"Life Support Distribution\"},\"image\":{\"@id\":\"https:\/\/lifesupportdistribution.fr\/de\/#\/schema\/logo\/image\/\"},\"sameAs\":[\"https:\/\/www.linkedin.com\/company\/life-support-distribution\/\"]}]}<\/script>\n<!-- \/ Yoast SEO plugin. -->","yoast_head_json":{"title":"AirSim Child X \u2013 P\u00e4diatrische Intubation","description":"TruCorp AirSim Child X zum Erlernen der p\u00e4diatrischen Intubation. Realistisches Modell zum \u00dcben des sicheren Atemwegsmanagements.","robots":{"index":"index","follow":"follow","max-snippet":"max-snippet:-1","max-image-preview":"max-image-preview:large","max-video-preview":"max-video-preview:-1"},"canonical":"https:\/\/lifesupportdistribution.fr\/de\/produkt\/airsim-child-x\/","og_locale":"de_DE","og_type":"article","og_title":"AirSim Child X \u2013 P\u00e4diatrische Intubation","og_description":"TruCorp AirSim Child X zum Erlernen der p\u00e4diatrischen Intubation. Realistisches Modell zum \u00dcben des sicheren Atemwegsmanagements.","og_url":"https:\/\/lifesupportdistribution.fr\/de\/produkt\/airsim-child-x\/","og_site_name":"Life Support Distribution","og_image":[{"width":1000,"height":558,"url":"https:\/\/lifesupportdistribution.fr\/wp-content\/uploads\/2025\/12\/Photo-AirSim\u00ae-Child-X-1.png","type":"image\/png"}],"twitter_card":"summary_large_image","schema":{"@context":"https:\/\/schema.org","@graph":[{"@type":"WebPage","@id":"https:\/\/lifesupportdistribution.fr\/de\/produkt\/airsim-child-x\/","url":"https:\/\/lifesupportdistribution.fr\/de\/produkt\/airsim-child-x\/","name":"AirSim Child X \u2013 P\u00e4diatrische Intubation","isPartOf":{"@id":"https:\/\/lifesupportdistribution.fr\/de\/#website"},"primaryImageOfPage":{"@id":"https:\/\/lifesupportdistribution.fr\/de\/produkt\/airsim-child-x\/#primaryimage"},"image":{"@id":"https:\/\/lifesupportdistribution.fr\/de\/produkt\/airsim-child-x\/#primaryimage"},"thumbnailUrl":"https:\/\/lifesupportdistribution.fr\/wp-content\/uploads\/2025\/12\/Photo-AirSim\u00ae-Child-X-1.png","datePublished":"2025-12-05T10:59:31+00:00","description":"TruCorp AirSim Child X zum Erlernen der p\u00e4diatrischen Intubation. Realistisches Modell zum \u00dcben des sicheren Atemwegsmanagements.","breadcrumb":{"@id":"https:\/\/lifesupportdistribution.fr\/de\/produkt\/airsim-child-x\/#breadcrumb"},"inLanguage":"de","potentialAction":[{"@type":"ReadAction","target":["https:\/\/lifesupportdistribution.fr\/de\/produkt\/airsim-child-x\/"]}]},{"@type":"ImageObject","inLanguage":"de","@id":"https:\/\/lifesupportdistribution.fr\/de\/produkt\/airsim-child-x\/#primaryimage","url":"https:\/\/lifesupportdistribution.fr\/wp-content\/uploads\/2025\/12\/Photo-AirSim\u00ae-Child-X-1.png","contentUrl":"https:\/\/lifesupportdistribution.fr\/wp-content\/uploads\/2025\/12\/Photo-AirSim\u00ae-Child-X-1.png","width":1000,"height":558},{"@type":"BreadcrumbList","@id":"https:\/\/lifesupportdistribution.fr\/de\/produkt\/airsim-child-x\/#breadcrumb","itemListElement":[{"@type":"ListItem","position":1,"name":"Accueil","item":"https:\/\/lifesupportdistribution.fr\/de\/startseite\/"},{"@type":"ListItem","position":2,"name":"Shop","item":"https:\/\/lifesupportdistribution.fr\/de\/shop\/"},{"@type":"ListItem","position":3,"name":"AirSim Child X"}]},{"@type":"WebSite","@id":"https:\/\/lifesupportdistribution.fr\/de\/#website","url":"https:\/\/lifesupportdistribution.fr\/de\/","name":"Life Support Distribution","description":"Solutions en simulation m\u00e9dicale","publisher":{"@id":"https:\/\/lifesupportdistribution.fr\/de\/#organization"},"potentialAction":[{"@type":"SearchAction","target":{"@type":"EntryPoint","urlTemplate":"https:\/\/lifesupportdistribution.fr\/de\/?s={search_term_string}"},"query-input":{"@type":"PropertyValueSpecification","valueRequired":true,"valueName":"search_term_string"}}],"inLanguage":"de"},{"@type":"Organization","@id":"https:\/\/lifesupportdistribution.fr\/de\/#organization","name":"Life Support Distribution","url":"https:\/\/lifesupportdistribution.fr\/de\/","logo":{"@type":"ImageObject","inLanguage":"de","@id":"https:\/\/lifesupportdistribution.fr\/de\/#\/schema\/logo\/image\/","url":"https:\/\/lifesupportdistribution.fr\/wp-content\/uploads\/2025\/10\/logo-life-support-distribution.svg","contentUrl":"https:\/\/lifesupportdistribution.fr\/wp-content\/uploads\/2025\/10\/logo-life-support-distribution.svg","width":698,"height":223,"caption":"Life Support Distribution"},"image":{"@id":"https:\/\/lifesupportdistribution.fr\/de\/#\/schema\/logo\/image\/"},"sameAs":["https:\/\/www.linkedin.com\/company\/life-support-distribution\/"]}]}},"_links":{"self":[{"href":"https:\/\/lifesupportdistribution.fr\/de\/wp-json\/wp\/v2\/product\/5967","targetHints":{"allow":["GET"]}}],"collection":[{"href":"https:\/\/lifesupportdistribution.fr\/de\/wp-json\/wp\/v2\/product"}],"about":[{"href":"https:\/\/lifesupportdistribution.fr\/de\/wp-json\/wp\/v2\/types\/product"}],"wp:featuredmedia":[{"embeddable":true,"href":"https:\/\/lifesupportdistribution.fr\/de\/wp-json\/wp\/v2\/media\/2931"}],"wp:attachment":[{"href":"https:\/\/lifesupportdistribution.fr\/de\/wp-json\/wp\/v2\/media?parent=5967"}],"wp:term":[{"taxonomy":"product_brand","embeddable":true,"href":"https:\/\/lifesupportdistribution.fr\/de\/wp-json\/wp\/v2\/product_brand?post=5967"},{"taxonomy":"product_cat","embeddable":true,"href":"https:\/\/lifesupportdistribution.fr\/de\/wp-json\/wp\/v2\/product_cat?post=5967"},{"taxonomy":"product_tag","embeddable":true,"href":"https:\/\/lifesupportdistribution.fr\/de\/wp-json\/wp\/v2\/product_tag?post=5967"}],"curies":[{"name":"wp","href":"https:\/\/api.w.org\/{rel}","templated":true}]}}