{"id":5971,"date":"2025-12-05T12:10:45","date_gmt":"2025-12-05T11:10:45","guid":{"rendered":"https:\/\/lifesupportdistribution.fr\/produits\/airsim-child-bronchi-x-paediatrischer-intubations-und-bronchoskopie-simulator\/"},"modified":"2025-12-05T12:10:45","modified_gmt":"2025-12-05T11:10:45","slug":"airsim-child-bronchi-x-paediatrischer-intubations-und-bronchoskopie-simulator","status":"publish","type":"product","link":"https:\/\/lifesupportdistribution.fr\/de\/produkt\/airsim-child-bronchi-x-paediatrischer-intubations-und-bronchoskopie-simulator\/","title":{"rendered":"AirSim Child Bronchi X \u2013 P\u00e4diatrischer Intubations- und Bronchoskopie-Simulator"},"content":{"rendered":"<p>Entwickelt f\u00fcr die klinische und universit\u00e4re Ausbildung, bildet der AirSim Child Bronchi X die Anatomie der p\u00e4diatrischen Atemwege originalgetreu ab. Er erm\u00f6glicht das \u00dcben der oro\/nasotrachealen Intubation, der Beatmung, der Nasensondeninsertion und der diagnostischen oder therapeutischen Bronchoskopie. Die Pr\u00e4senz eines detaillierten Bronchialbaums erm\u00f6glicht die direkte Beobachtung des Fortschreitens des Bronchoskops und der bronchialen Absaugman\u00f6ver. Dieses Lehrmittel f\u00f6rdert ein umfassendes Verst\u00e4ndnis des Atemwegsmanagements bei Kindern, von der einfachen Untersuchung bis zur Behandlung kritischer Situationen.   <\/p>\n","protected":false},"excerpt":{"rendered":"<p>Der AirSim Child Bronchi X ist ein hochpr\u00e4ziser p\u00e4diatrischer Simulator, der dem Erlernen der Intubation, Beatmung und Bronchoskopie bei Kindern gewidmet ist. Dank seines realistischen Bronchialbaums bis zur vierten Generation erm\u00f6glicht er die Durchf\u00fchrung fortgeschrittener Verfahren und st\u00e4rkt gleichzeitig die Pr\u00e4zision, Koordination und das Vertrauen der Lernenden. <\/p>\n","protected":false},"featured_media":2964,"template":"","meta":[],"product_brand":[212],"product_cat":[222],"product_tag":[237,239,252,236,235],"class_list":{"0":"post-5971","1":"product","2":"type-product","3":"status-publish","4":"has-post-thumbnail","6":"product_brand-trucorp","7":"product_cat-simulatoren-fur-medizinische-versorgung","8":"product_tag-anasthesie","9":"product_tag-herz-lungen","10":"product_tag-intensivmedizin","11":"product_tag-notfallmedizin","12":"product_tag-padiatrie","14":"first","15":"instock","16":"shipping-taxable","17":"purchasable","18":"product-type-simple"},"yoast_head":"<!-- This site is optimized with the Yoast SEO plugin v27.5 - https:\/\/yoast.com\/product\/yoast-seo-wordpress\/ -->\n<title>AirSim Child Bronchi X \u2013 P\u00e4diatrisch<\/title>\n<meta name=\"description\" content=\"TruCorp AirSim Child Bronchi X zum Erlernen der p\u00e4diatrischen Intubation und Bronchoskopie. Modell f\u00fcr klinisches Atemwegstraining.\" \/>\n<meta name=\"robots\" content=\"index, follow, max-snippet:-1, max-image-preview:large, max-video-preview:-1\" \/>\n<link rel=\"canonical\" href=\"https:\/\/lifesupportdistribution.fr\/de\/produkt\/airsim-child-bronchi-x-paediatrischer-intubations-und-bronchoskopie-simulator\/\" \/>\n<meta property=\"og:locale\" content=\"de_DE\" \/>\n<meta property=\"og:type\" content=\"article\" \/>\n<meta property=\"og:title\" content=\"AirSim Child Bronchi X \u2013 P\u00e4diatrisch\" \/>\n<meta property=\"og:description\" content=\"TruCorp AirSim Child Bronchi X zum Erlernen der p\u00e4diatrischen Intubation und Bronchoskopie. Modell f\u00fcr klinisches Atemwegstraining.\" \/>\n<meta property=\"og:url\" content=\"https:\/\/lifesupportdistribution.fr\/de\/produkt\/airsim-child-bronchi-x-paediatrischer-intubations-und-bronchoskopie-simulator\/\" \/>\n<meta property=\"og:site_name\" content=\"Life Support Distribution\" \/>\n<meta property=\"og:image\" content=\"https:\/\/lifesupportdistribution.fr\/wp-content\/uploads\/2025\/12\/Photo-AirSim\u00ae-Child-X-with-bronchi-1.png\" \/>\n\t<meta property=\"og:image:width\" content=\"1286\" \/>\n\t<meta property=\"og:image:height\" content=\"622\" \/>\n\t<meta property=\"og:image:type\" content=\"image\/png\" \/>\n<meta name=\"twitter:card\" content=\"summary_large_image\" \/>\n<script type=\"application\/ld+json\" class=\"yoast-schema-graph\">{\"@context\":\"https:\\\/\\\/schema.org\",\"@graph\":[{\"@type\":\"WebPage\",\"@id\":\"https:\\\/\\\/lifesupportdistribution.fr\\\/de\\\/produkt\\\/airsim-child-bronchi-x-paediatrischer-intubations-und-bronchoskopie-simulator\\\/\",\"url\":\"https:\\\/\\\/lifesupportdistribution.fr\\\/de\\\/produkt\\\/airsim-child-bronchi-x-paediatrischer-intubations-und-bronchoskopie-simulator\\\/\",\"name\":\"AirSim Child Bronchi X \u2013 P\u00e4diatrisch\",\"isPartOf\":{\"@id\":\"https:\\\/\\\/lifesupportdistribution.fr\\\/de\\\/#website\"},\"primaryImageOfPage\":{\"@id\":\"https:\\\/\\\/lifesupportdistribution.fr\\\/de\\\/produkt\\\/airsim-child-bronchi-x-paediatrischer-intubations-und-bronchoskopie-simulator\\\/#primaryimage\"},\"image\":{\"@id\":\"https:\\\/\\\/lifesupportdistribution.fr\\\/de\\\/produkt\\\/airsim-child-bronchi-x-paediatrischer-intubations-und-bronchoskopie-simulator\\\/#primaryimage\"},\"thumbnailUrl\":\"https:\\\/\\\/lifesupportdistribution.fr\\\/wp-content\\\/uploads\\\/2025\\\/12\\\/Photo-AirSim\u00ae-Child-X-with-bronchi-1.png\",\"datePublished\":\"2025-12-05T11:10:45+00:00\",\"description\":\"TruCorp AirSim Child Bronchi X zum Erlernen der p\u00e4diatrischen Intubation und Bronchoskopie. Modell f\u00fcr klinisches Atemwegstraining.\",\"breadcrumb\":{\"@id\":\"https:\\\/\\\/lifesupportdistribution.fr\\\/de\\\/produkt\\\/airsim-child-bronchi-x-paediatrischer-intubations-und-bronchoskopie-simulator\\\/#breadcrumb\"},\"inLanguage\":\"de\",\"potentialAction\":[{\"@type\":\"ReadAction\",\"target\":[\"https:\\\/\\\/lifesupportdistribution.fr\\\/de\\\/produkt\\\/airsim-child-bronchi-x-paediatrischer-intubations-und-bronchoskopie-simulator\\\/\"]}]},{\"@type\":\"ImageObject\",\"inLanguage\":\"de\",\"@id\":\"https:\\\/\\\/lifesupportdistribution.fr\\\/de\\\/produkt\\\/airsim-child-bronchi-x-paediatrischer-intubations-und-bronchoskopie-simulator\\\/#primaryimage\",\"url\":\"https:\\\/\\\/lifesupportdistribution.fr\\\/wp-content\\\/uploads\\\/2025\\\/12\\\/Photo-AirSim\u00ae-Child-X-with-bronchi-1.png\",\"contentUrl\":\"https:\\\/\\\/lifesupportdistribution.fr\\\/wp-content\\\/uploads\\\/2025\\\/12\\\/Photo-AirSim\u00ae-Child-X-with-bronchi-1.png\",\"width\":1286,\"height\":622},{\"@type\":\"BreadcrumbList\",\"@id\":\"https:\\\/\\\/lifesupportdistribution.fr\\\/de\\\/produkt\\\/airsim-child-bronchi-x-paediatrischer-intubations-und-bronchoskopie-simulator\\\/#breadcrumb\",\"itemListElement\":[{\"@type\":\"ListItem\",\"position\":1,\"name\":\"Accueil\",\"item\":\"https:\\\/\\\/lifesupportdistribution.fr\\\/de\\\/startseite\\\/\"},{\"@type\":\"ListItem\",\"position\":2,\"name\":\"Shop\",\"item\":\"https:\\\/\\\/lifesupportdistribution.fr\\\/de\\\/shop\\\/\"},{\"@type\":\"ListItem\",\"position\":3,\"name\":\"AirSim Child Bronchi X \u2013 P\u00e4diatrischer Intubations- und Bronchoskopie-Simulator\"}]},{\"@type\":\"WebSite\",\"@id\":\"https:\\\/\\\/lifesupportdistribution.fr\\\/de\\\/#website\",\"url\":\"https:\\\/\\\/lifesupportdistribution.fr\\\/de\\\/\",\"name\":\"Life Support Distribution\",\"description\":\"Solutions en simulation m\u00e9dicale\",\"publisher\":{\"@id\":\"https:\\\/\\\/lifesupportdistribution.fr\\\/de\\\/#organization\"},\"potentialAction\":[{\"@type\":\"SearchAction\",\"target\":{\"@type\":\"EntryPoint\",\"urlTemplate\":\"https:\\\/\\\/lifesupportdistribution.fr\\\/de\\\/?s={search_term_string}\"},\"query-input\":{\"@type\":\"PropertyValueSpecification\",\"valueRequired\":true,\"valueName\":\"search_term_string\"}}],\"inLanguage\":\"de\"},{\"@type\":\"Organization\",\"@id\":\"https:\\\/\\\/lifesupportdistribution.fr\\\/de\\\/#organization\",\"name\":\"Life Support Distribution\",\"url\":\"https:\\\/\\\/lifesupportdistribution.fr\\\/de\\\/\",\"logo\":{\"@type\":\"ImageObject\",\"inLanguage\":\"de\",\"@id\":\"https:\\\/\\\/lifesupportdistribution.fr\\\/de\\\/#\\\/schema\\\/logo\\\/image\\\/\",\"url\":\"https:\\\/\\\/lifesupportdistribution.fr\\\/wp-content\\\/uploads\\\/2025\\\/10\\\/logo-life-support-distribution.svg\",\"contentUrl\":\"https:\\\/\\\/lifesupportdistribution.fr\\\/wp-content\\\/uploads\\\/2025\\\/10\\\/logo-life-support-distribution.svg\",\"width\":698,\"height\":223,\"caption\":\"Life Support Distribution\"},\"image\":{\"@id\":\"https:\\\/\\\/lifesupportdistribution.fr\\\/de\\\/#\\\/schema\\\/logo\\\/image\\\/\"},\"sameAs\":[\"https:\\\/\\\/www.linkedin.com\\\/company\\\/life-support-distribution\\\/\"]}]}<\/script>\n<!-- \/ Yoast SEO plugin. -->","yoast_head_json":{"title":"AirSim Child Bronchi X \u2013 P\u00e4diatrisch","description":"TruCorp AirSim Child Bronchi X zum Erlernen der p\u00e4diatrischen Intubation und Bronchoskopie. Modell f\u00fcr klinisches Atemwegstraining.","robots":{"index":"index","follow":"follow","max-snippet":"max-snippet:-1","max-image-preview":"max-image-preview:large","max-video-preview":"max-video-preview:-1"},"canonical":"https:\/\/lifesupportdistribution.fr\/de\/produkt\/airsim-child-bronchi-x-paediatrischer-intubations-und-bronchoskopie-simulator\/","og_locale":"de_DE","og_type":"article","og_title":"AirSim Child Bronchi X \u2013 P\u00e4diatrisch","og_description":"TruCorp AirSim Child Bronchi X zum Erlernen der p\u00e4diatrischen Intubation und Bronchoskopie. Modell f\u00fcr klinisches Atemwegstraining.","og_url":"https:\/\/lifesupportdistribution.fr\/de\/produkt\/airsim-child-bronchi-x-paediatrischer-intubations-und-bronchoskopie-simulator\/","og_site_name":"Life Support Distribution","og_image":[{"width":1286,"height":622,"url":"https:\/\/lifesupportdistribution.fr\/wp-content\/uploads\/2025\/12\/Photo-AirSim\u00ae-Child-X-with-bronchi-1.png","type":"image\/png"}],"twitter_card":"summary_large_image","schema":{"@context":"https:\/\/schema.org","@graph":[{"@type":"WebPage","@id":"https:\/\/lifesupportdistribution.fr\/de\/produkt\/airsim-child-bronchi-x-paediatrischer-intubations-und-bronchoskopie-simulator\/","url":"https:\/\/lifesupportdistribution.fr\/de\/produkt\/airsim-child-bronchi-x-paediatrischer-intubations-und-bronchoskopie-simulator\/","name":"AirSim Child Bronchi X \u2013 P\u00e4diatrisch","isPartOf":{"@id":"https:\/\/lifesupportdistribution.fr\/de\/#website"},"primaryImageOfPage":{"@id":"https:\/\/lifesupportdistribution.fr\/de\/produkt\/airsim-child-bronchi-x-paediatrischer-intubations-und-bronchoskopie-simulator\/#primaryimage"},"image":{"@id":"https:\/\/lifesupportdistribution.fr\/de\/produkt\/airsim-child-bronchi-x-paediatrischer-intubations-und-bronchoskopie-simulator\/#primaryimage"},"thumbnailUrl":"https:\/\/lifesupportdistribution.fr\/wp-content\/uploads\/2025\/12\/Photo-AirSim\u00ae-Child-X-with-bronchi-1.png","datePublished":"2025-12-05T11:10:45+00:00","description":"TruCorp AirSim Child Bronchi X zum Erlernen der p\u00e4diatrischen Intubation und Bronchoskopie. Modell f\u00fcr klinisches Atemwegstraining.","breadcrumb":{"@id":"https:\/\/lifesupportdistribution.fr\/de\/produkt\/airsim-child-bronchi-x-paediatrischer-intubations-und-bronchoskopie-simulator\/#breadcrumb"},"inLanguage":"de","potentialAction":[{"@type":"ReadAction","target":["https:\/\/lifesupportdistribution.fr\/de\/produkt\/airsim-child-bronchi-x-paediatrischer-intubations-und-bronchoskopie-simulator\/"]}]},{"@type":"ImageObject","inLanguage":"de","@id":"https:\/\/lifesupportdistribution.fr\/de\/produkt\/airsim-child-bronchi-x-paediatrischer-intubations-und-bronchoskopie-simulator\/#primaryimage","url":"https:\/\/lifesupportdistribution.fr\/wp-content\/uploads\/2025\/12\/Photo-AirSim\u00ae-Child-X-with-bronchi-1.png","contentUrl":"https:\/\/lifesupportdistribution.fr\/wp-content\/uploads\/2025\/12\/Photo-AirSim\u00ae-Child-X-with-bronchi-1.png","width":1286,"height":622},{"@type":"BreadcrumbList","@id":"https:\/\/lifesupportdistribution.fr\/de\/produkt\/airsim-child-bronchi-x-paediatrischer-intubations-und-bronchoskopie-simulator\/#breadcrumb","itemListElement":[{"@type":"ListItem","position":1,"name":"Accueil","item":"https:\/\/lifesupportdistribution.fr\/de\/startseite\/"},{"@type":"ListItem","position":2,"name":"Shop","item":"https:\/\/lifesupportdistribution.fr\/de\/shop\/"},{"@type":"ListItem","position":3,"name":"AirSim Child Bronchi X \u2013 P\u00e4diatrischer Intubations- und Bronchoskopie-Simulator"}]},{"@type":"WebSite","@id":"https:\/\/lifesupportdistribution.fr\/de\/#website","url":"https:\/\/lifesupportdistribution.fr\/de\/","name":"Life Support Distribution","description":"Solutions en simulation m\u00e9dicale","publisher":{"@id":"https:\/\/lifesupportdistribution.fr\/de\/#organization"},"potentialAction":[{"@type":"SearchAction","target":{"@type":"EntryPoint","urlTemplate":"https:\/\/lifesupportdistribution.fr\/de\/?s={search_term_string}"},"query-input":{"@type":"PropertyValueSpecification","valueRequired":true,"valueName":"search_term_string"}}],"inLanguage":"de"},{"@type":"Organization","@id":"https:\/\/lifesupportdistribution.fr\/de\/#organization","name":"Life Support Distribution","url":"https:\/\/lifesupportdistribution.fr\/de\/","logo":{"@type":"ImageObject","inLanguage":"de","@id":"https:\/\/lifesupportdistribution.fr\/de\/#\/schema\/logo\/image\/","url":"https:\/\/lifesupportdistribution.fr\/wp-content\/uploads\/2025\/10\/logo-life-support-distribution.svg","contentUrl":"https:\/\/lifesupportdistribution.fr\/wp-content\/uploads\/2025\/10\/logo-life-support-distribution.svg","width":698,"height":223,"caption":"Life Support Distribution"},"image":{"@id":"https:\/\/lifesupportdistribution.fr\/de\/#\/schema\/logo\/image\/"},"sameAs":["https:\/\/www.linkedin.com\/company\/life-support-distribution\/"]}]}},"_links":{"self":[{"href":"https:\/\/lifesupportdistribution.fr\/de\/wp-json\/wp\/v2\/product\/5971","targetHints":{"allow":["GET"]}}],"collection":[{"href":"https:\/\/lifesupportdistribution.fr\/de\/wp-json\/wp\/v2\/product"}],"about":[{"href":"https:\/\/lifesupportdistribution.fr\/de\/wp-json\/wp\/v2\/types\/product"}],"wp:featuredmedia":[{"embeddable":true,"href":"https:\/\/lifesupportdistribution.fr\/de\/wp-json\/wp\/v2\/media\/2964"}],"wp:attachment":[{"href":"https:\/\/lifesupportdistribution.fr\/de\/wp-json\/wp\/v2\/media?parent=5971"}],"wp:term":[{"taxonomy":"product_brand","embeddable":true,"href":"https:\/\/lifesupportdistribution.fr\/de\/wp-json\/wp\/v2\/product_brand?post=5971"},{"taxonomy":"product_cat","embeddable":true,"href":"https:\/\/lifesupportdistribution.fr\/de\/wp-json\/wp\/v2\/product_cat?post=5971"},{"taxonomy":"product_tag","embeddable":true,"href":"https:\/\/lifesupportdistribution.fr\/de\/wp-json\/wp\/v2\/product_tag?post=5971"}],"curies":[{"name":"wp","href":"https:\/\/api.w.org\/{rel}","templated":true}]}}