{"id":5974,"date":"2025-11-14T17:13:36","date_gmt":"2025-11-14T16:13:36","guid":{"rendered":"https:\/\/lifesupportdistribution.fr\/produits\/erwachsenen-maennermodell-sherif\/"},"modified":"2025-11-14T17:13:36","modified_gmt":"2025-11-14T16:13:36","slug":"erwachsenen-maennermodell-sherif","status":"publish","type":"product","link":"https:\/\/lifesupportdistribution.fr\/de\/produkt\/erwachsenen-maennermodell-sherif\/","title":{"rendered":"Erwachsenen-M\u00e4nnermodell \u2013 Sherif"},"content":{"rendered":"<p>Das Sherif-Modell stellt einen bedeutenden Fortschritt f\u00fcr Simulationszentren dar, die ihre Teams in der Versorgung erwachsener Patienten in verschiedenen Kontexten schulen m\u00f6chten, von der Erstversorgung bis hin zu komplexen Notfallsituationen.<\/p>\n<p>Seine geschlossenen Augen mit manueller \u00d6ffnung, seine manuell implantierten Haare (modellabh\u00e4ngig) und seine realistische Muskulatur bilden das Aussehen eines 40\u201345-j\u00e4hrigen Erwachsenen naturgetreu ab, was die emotionale Beteiligung der Lernenden verst\u00e4rkt.<\/p>\n<p>Es erm\u00f6glicht das Training von Notfallma\u00dfnahmen und fortgeschrittenen Techniken: Atemwegsmanagement, Anwendung supraglottischer Atemwegshilfen, nicht-invasive Beatmung, endotracheale Intubation, intraoss\u00e4rer Zugang, Thoraxdekompression und Herz-Lungen-Wiederbelebung. Erh\u00e4ltlich in verschiedenen ethnischen Herk\u00fcnften je nach p\u00e4dagogischem Bedarf. <\/p>\n","protected":false},"excerpt":{"rendered":"<p>Das Erwachsenen-M\u00e4nnermodell Sherif von Lifecast Body Simulation wurde von einem echten 42-j\u00e4hrigen Sicherheitsbeamten abgeformt. Mit einer athletischen Morphologie, dunkler Hautfarbe und einem realistischen Gewicht von ca. 42 kg bietet es eine authentische, inklusive und realit\u00e4tsgetreue Darstellung echter Patienten. Seine Hauttextur, fein reproduzierte anatomische Details und funktionelle interne Merkmale erm\u00f6glichen die Schaffung immersiver und anspruchsvoller Szenarien f\u00fcr die klinische Ausbildung.  <\/p>\n","protected":false},"featured_media":1769,"template":"","meta":[],"product_brand":[202],"product_cat":[218],"product_tag":[230,238,249,251,236],"class_list":{"0":"post-5974","1":"product","2":"type-product","3":"status-publish","4":"has-post-thumbnail","6":"product_brand-lifecast-body-simulation","7":"product_cat-simulationspuppen","8":"product_tag-allgemeinmedizin","9":"product_tag-erste-hilfe","10":"product_tag-innere-medizin","11":"product_tag-krankenpflege","12":"product_tag-notfallmedizin","14":"first","15":"instock","16":"shipping-taxable","17":"purchasable","18":"product-type-simple"},"yoast_head":"<!-- This site is optimized with the Yoast SEO plugin v26.8 - https:\/\/yoast.com\/product\/yoast-seo-wordpress\/ -->\n<title>Erwachsenen-M\u00e4nnermodell Sherif Lifecast \u2013 Realistische Simulation<\/title>\n<meta name=\"description\" content=\"Erwachsenen-M\u00e4nnermodell Sherif Lifecast: hyperrealistisches Modell f\u00fcr die Ausbildung in Pflege, Notfallmedizin und klinischem Management.\" \/>\n<meta name=\"robots\" content=\"index, follow, max-snippet:-1, max-image-preview:large, max-video-preview:-1\" \/>\n<link rel=\"canonical\" href=\"https:\/\/lifesupportdistribution.fr\/de\/produkt\/erwachsenen-maennermodell-sherif\/\" \/>\n<meta property=\"og:locale\" content=\"de_DE\" \/>\n<meta property=\"og:type\" content=\"article\" \/>\n<meta property=\"og:title\" content=\"Erwachsenen-M\u00e4nnermodell Sherif Lifecast \u2013 Realistische Simulation\" \/>\n<meta property=\"og:description\" content=\"Erwachsenen-M\u00e4nnermodell Sherif Lifecast: hyperrealistisches Modell f\u00fcr die Ausbildung in Pflege, Notfallmedizin und klinischem Management.\" \/>\n<meta property=\"og:url\" content=\"https:\/\/lifesupportdistribution.fr\/de\/produkt\/erwachsenen-maennermodell-sherif\/\" \/>\n<meta property=\"og:site_name\" content=\"Life Support Distribution\" \/>\n<meta property=\"og:image\" content=\"https:\/\/lifesupportdistribution.fr\/wp-content\/uploads\/2025\/11\/Photo-1-sherif-lifecast.png\" \/>\n\t<meta property=\"og:image:width\" content=\"976\" \/>\n\t<meta property=\"og:image:height\" content=\"774\" \/>\n\t<meta property=\"og:image:type\" content=\"image\/png\" \/>\n<meta name=\"twitter:card\" content=\"summary_large_image\" \/>\n<meta name=\"twitter:label1\" content=\"Gesch\u00e4tzte Lesezeit\" \/>\n\t<meta name=\"twitter:data1\" content=\"1\u00a0Minute\" \/>\n<script type=\"application\/ld+json\" class=\"yoast-schema-graph\">{\"@context\":\"https:\/\/schema.org\",\"@graph\":[{\"@type\":\"WebPage\",\"@id\":\"https:\/\/lifesupportdistribution.fr\/de\/produkt\/erwachsenen-maennermodell-sherif\/\",\"url\":\"https:\/\/lifesupportdistribution.fr\/de\/produkt\/erwachsenen-maennermodell-sherif\/\",\"name\":\"Erwachsenen-M\u00e4nnermodell Sherif Lifecast \u2013 Realistische Simulation\",\"isPartOf\":{\"@id\":\"https:\/\/lifesupportdistribution.fr\/de\/#website\"},\"primaryImageOfPage\":{\"@id\":\"https:\/\/lifesupportdistribution.fr\/de\/produkt\/erwachsenen-maennermodell-sherif\/#primaryimage\"},\"image\":{\"@id\":\"https:\/\/lifesupportdistribution.fr\/de\/produkt\/erwachsenen-maennermodell-sherif\/#primaryimage\"},\"thumbnailUrl\":\"https:\/\/lifesupportdistribution.fr\/wp-content\/uploads\/2025\/11\/Photo-1-sherif-lifecast.png\",\"datePublished\":\"2025-11-14T16:13:36+00:00\",\"description\":\"Erwachsenen-M\u00e4nnermodell Sherif Lifecast: hyperrealistisches Modell f\u00fcr die Ausbildung in Pflege, Notfallmedizin und klinischem Management.\",\"breadcrumb\":{\"@id\":\"https:\/\/lifesupportdistribution.fr\/de\/produkt\/erwachsenen-maennermodell-sherif\/#breadcrumb\"},\"inLanguage\":\"de\",\"potentialAction\":[{\"@type\":\"ReadAction\",\"target\":[\"https:\/\/lifesupportdistribution.fr\/de\/produkt\/erwachsenen-maennermodell-sherif\/\"]}]},{\"@type\":\"ImageObject\",\"inLanguage\":\"de\",\"@id\":\"https:\/\/lifesupportdistribution.fr\/de\/produkt\/erwachsenen-maennermodell-sherif\/#primaryimage\",\"url\":\"https:\/\/lifesupportdistribution.fr\/wp-content\/uploads\/2025\/11\/Photo-1-sherif-lifecast.png\",\"contentUrl\":\"https:\/\/lifesupportdistribution.fr\/wp-content\/uploads\/2025\/11\/Photo-1-sherif-lifecast.png\",\"width\":976,\"height\":774},{\"@type\":\"BreadcrumbList\",\"@id\":\"https:\/\/lifesupportdistribution.fr\/de\/produkt\/erwachsenen-maennermodell-sherif\/#breadcrumb\",\"itemListElement\":[{\"@type\":\"ListItem\",\"position\":1,\"name\":\"Accueil\",\"item\":\"https:\/\/lifesupportdistribution.fr\/de\/startseite\/\"},{\"@type\":\"ListItem\",\"position\":2,\"name\":\"Shop\",\"item\":\"https:\/\/lifesupportdistribution.fr\/de\/shop\/\"},{\"@type\":\"ListItem\",\"position\":3,\"name\":\"Erwachsenen-M\u00e4nnermodell \u2013 Sherif\"}]},{\"@type\":\"WebSite\",\"@id\":\"https:\/\/lifesupportdistribution.fr\/de\/#website\",\"url\":\"https:\/\/lifesupportdistribution.fr\/de\/\",\"name\":\"Life Support Distribution\",\"description\":\"Solutions en simulation m\u00e9dicale\",\"publisher\":{\"@id\":\"https:\/\/lifesupportdistribution.fr\/de\/#organization\"},\"potentialAction\":[{\"@type\":\"SearchAction\",\"target\":{\"@type\":\"EntryPoint\",\"urlTemplate\":\"https:\/\/lifesupportdistribution.fr\/de\/?s={search_term_string}\"},\"query-input\":{\"@type\":\"PropertyValueSpecification\",\"valueRequired\":true,\"valueName\":\"search_term_string\"}}],\"inLanguage\":\"de\"},{\"@type\":\"Organization\",\"@id\":\"https:\/\/lifesupportdistribution.fr\/de\/#organization\",\"name\":\"Life Support Distribution\",\"url\":\"https:\/\/lifesupportdistribution.fr\/de\/\",\"logo\":{\"@type\":\"ImageObject\",\"inLanguage\":\"de\",\"@id\":\"https:\/\/lifesupportdistribution.fr\/de\/#\/schema\/logo\/image\/\",\"url\":\"https:\/\/lifesupportdistribution.fr\/wp-content\/uploads\/2025\/10\/logo-life-support-distribution.svg\",\"contentUrl\":\"https:\/\/lifesupportdistribution.fr\/wp-content\/uploads\/2025\/10\/logo-life-support-distribution.svg\",\"width\":698,\"height\":223,\"caption\":\"Life Support Distribution\"},\"image\":{\"@id\":\"https:\/\/lifesupportdistribution.fr\/de\/#\/schema\/logo\/image\/\"},\"sameAs\":[\"https:\/\/www.linkedin.com\/company\/life-support-distribution\/\"]}]}<\/script>\n<!-- \/ Yoast SEO plugin. -->","yoast_head_json":{"title":"Erwachsenen-M\u00e4nnermodell Sherif Lifecast \u2013 Realistische Simulation","description":"Erwachsenen-M\u00e4nnermodell Sherif Lifecast: hyperrealistisches Modell f\u00fcr die Ausbildung in Pflege, Notfallmedizin und klinischem Management.","robots":{"index":"index","follow":"follow","max-snippet":"max-snippet:-1","max-image-preview":"max-image-preview:large","max-video-preview":"max-video-preview:-1"},"canonical":"https:\/\/lifesupportdistribution.fr\/de\/produkt\/erwachsenen-maennermodell-sherif\/","og_locale":"de_DE","og_type":"article","og_title":"Erwachsenen-M\u00e4nnermodell Sherif Lifecast \u2013 Realistische Simulation","og_description":"Erwachsenen-M\u00e4nnermodell Sherif Lifecast: hyperrealistisches Modell f\u00fcr die Ausbildung in Pflege, Notfallmedizin und klinischem Management.","og_url":"https:\/\/lifesupportdistribution.fr\/de\/produkt\/erwachsenen-maennermodell-sherif\/","og_site_name":"Life Support Distribution","og_image":[{"width":976,"height":774,"url":"https:\/\/lifesupportdistribution.fr\/wp-content\/uploads\/2025\/11\/Photo-1-sherif-lifecast.png","type":"image\/png"}],"twitter_card":"summary_large_image","twitter_misc":{"Gesch\u00e4tzte Lesezeit":"1\u00a0Minute"},"schema":{"@context":"https:\/\/schema.org","@graph":[{"@type":"WebPage","@id":"https:\/\/lifesupportdistribution.fr\/de\/produkt\/erwachsenen-maennermodell-sherif\/","url":"https:\/\/lifesupportdistribution.fr\/de\/produkt\/erwachsenen-maennermodell-sherif\/","name":"Erwachsenen-M\u00e4nnermodell Sherif Lifecast \u2013 Realistische Simulation","isPartOf":{"@id":"https:\/\/lifesupportdistribution.fr\/de\/#website"},"primaryImageOfPage":{"@id":"https:\/\/lifesupportdistribution.fr\/de\/produkt\/erwachsenen-maennermodell-sherif\/#primaryimage"},"image":{"@id":"https:\/\/lifesupportdistribution.fr\/de\/produkt\/erwachsenen-maennermodell-sherif\/#primaryimage"},"thumbnailUrl":"https:\/\/lifesupportdistribution.fr\/wp-content\/uploads\/2025\/11\/Photo-1-sherif-lifecast.png","datePublished":"2025-11-14T16:13:36+00:00","description":"Erwachsenen-M\u00e4nnermodell Sherif Lifecast: hyperrealistisches Modell f\u00fcr die Ausbildung in Pflege, Notfallmedizin und klinischem Management.","breadcrumb":{"@id":"https:\/\/lifesupportdistribution.fr\/de\/produkt\/erwachsenen-maennermodell-sherif\/#breadcrumb"},"inLanguage":"de","potentialAction":[{"@type":"ReadAction","target":["https:\/\/lifesupportdistribution.fr\/de\/produkt\/erwachsenen-maennermodell-sherif\/"]}]},{"@type":"ImageObject","inLanguage":"de","@id":"https:\/\/lifesupportdistribution.fr\/de\/produkt\/erwachsenen-maennermodell-sherif\/#primaryimage","url":"https:\/\/lifesupportdistribution.fr\/wp-content\/uploads\/2025\/11\/Photo-1-sherif-lifecast.png","contentUrl":"https:\/\/lifesupportdistribution.fr\/wp-content\/uploads\/2025\/11\/Photo-1-sherif-lifecast.png","width":976,"height":774},{"@type":"BreadcrumbList","@id":"https:\/\/lifesupportdistribution.fr\/de\/produkt\/erwachsenen-maennermodell-sherif\/#breadcrumb","itemListElement":[{"@type":"ListItem","position":1,"name":"Accueil","item":"https:\/\/lifesupportdistribution.fr\/de\/startseite\/"},{"@type":"ListItem","position":2,"name":"Shop","item":"https:\/\/lifesupportdistribution.fr\/de\/shop\/"},{"@type":"ListItem","position":3,"name":"Erwachsenen-M\u00e4nnermodell \u2013 Sherif"}]},{"@type":"WebSite","@id":"https:\/\/lifesupportdistribution.fr\/de\/#website","url":"https:\/\/lifesupportdistribution.fr\/de\/","name":"Life Support Distribution","description":"Solutions en simulation m\u00e9dicale","publisher":{"@id":"https:\/\/lifesupportdistribution.fr\/de\/#organization"},"potentialAction":[{"@type":"SearchAction","target":{"@type":"EntryPoint","urlTemplate":"https:\/\/lifesupportdistribution.fr\/de\/?s={search_term_string}"},"query-input":{"@type":"PropertyValueSpecification","valueRequired":true,"valueName":"search_term_string"}}],"inLanguage":"de"},{"@type":"Organization","@id":"https:\/\/lifesupportdistribution.fr\/de\/#organization","name":"Life Support Distribution","url":"https:\/\/lifesupportdistribution.fr\/de\/","logo":{"@type":"ImageObject","inLanguage":"de","@id":"https:\/\/lifesupportdistribution.fr\/de\/#\/schema\/logo\/image\/","url":"https:\/\/lifesupportdistribution.fr\/wp-content\/uploads\/2025\/10\/logo-life-support-distribution.svg","contentUrl":"https:\/\/lifesupportdistribution.fr\/wp-content\/uploads\/2025\/10\/logo-life-support-distribution.svg","width":698,"height":223,"caption":"Life Support Distribution"},"image":{"@id":"https:\/\/lifesupportdistribution.fr\/de\/#\/schema\/logo\/image\/"},"sameAs":["https:\/\/www.linkedin.com\/company\/life-support-distribution\/"]}]}},"_links":{"self":[{"href":"https:\/\/lifesupportdistribution.fr\/de\/wp-json\/wp\/v2\/product\/5974","targetHints":{"allow":["GET"]}}],"collection":[{"href":"https:\/\/lifesupportdistribution.fr\/de\/wp-json\/wp\/v2\/product"}],"about":[{"href":"https:\/\/lifesupportdistribution.fr\/de\/wp-json\/wp\/v2\/types\/product"}],"wp:featuredmedia":[{"embeddable":true,"href":"https:\/\/lifesupportdistribution.fr\/de\/wp-json\/wp\/v2\/media\/1769"}],"wp:attachment":[{"href":"https:\/\/lifesupportdistribution.fr\/de\/wp-json\/wp\/v2\/media?parent=5974"}],"wp:term":[{"taxonomy":"product_brand","embeddable":true,"href":"https:\/\/lifesupportdistribution.fr\/de\/wp-json\/wp\/v2\/product_brand?post=5974"},{"taxonomy":"product_cat","embeddable":true,"href":"https:\/\/lifesupportdistribution.fr\/de\/wp-json\/wp\/v2\/product_cat?post=5974"},{"taxonomy":"product_tag","embeddable":true,"href":"https:\/\/lifesupportdistribution.fr\/de\/wp-json\/wp\/v2\/product_tag?post=5974"}],"curies":[{"name":"wp","href":"https:\/\/api.w.org\/{rel}","templated":true}]}}