{"id":5991,"date":"2025-11-14T18:26:29","date_gmt":"2025-11-14T17:26:29","guid":{"rendered":"https:\/\/lifesupportdistribution.fr\/produits\/senioren-maennermodell-pete-post-covid\/"},"modified":"2025-11-14T18:26:29","modified_gmt":"2025-11-14T17:26:29","slug":"senioren-maennermodell-pete-post-covid","status":"publish","type":"product","link":"https:\/\/lifesupportdistribution.fr\/de\/produkt\/senioren-maennermodell-pete-post-covid\/","title":{"rendered":"Senioren-M\u00e4nnermodell \u2013 Pete Post-COVID"},"content":{"rendered":"<p>Mit einem realistischen Gewicht von 30 kg und einer Morphologie, die einem 85-j\u00e4hrigen Mann entspricht, verk\u00f6rpert dieses Seniorenmodell die p\u00e4dagogische Kontinuit\u00e4t der Lifecast-Reihe. Seine geschlossenen Augen mit manuellem \u00d6ffnungsmechanismus und sein detailliertes K\u00f6rperbild erm\u00f6glichen das Arbeiten in einem hochimmersiven Simulationsumfeld. <\/p>\n<p>Dieses Modell eignet sich besonders f\u00fcr geriatrische Pflegeszenarien, aber auch, um Lernende f\u00fcr altersbedingte physiologische Ver\u00e4nderungen und f\u00fcr die Auswirkungen von Pathologien oder Public-Health-Kontexten wie COVID-19 zu sensibilisieren.<\/p>\n","protected":false},"excerpt":{"rendered":"<p>Das Senioren-M\u00e4nnermodell Pete Post-COVID von Lifecast Body Simulation veranschaulicht auf einzigartige Weise die k\u00f6rperlichen Ver\u00e4nderungen, die mit dem Altern und der Gesundheit nach der Pandemie verbunden sind. Inspiriert von einem ehemaligen Milit\u00e4rangeh\u00f6rigen mit 20 Dienstjahren, der leidenschaftlich gerne schwamm, wurde dieses Modell anhand eines Scans im Alter von 85 Jahren entwickelt. Es zeigt die k\u00f6rperlichen Ver\u00e4nderungen und den Gewichtsverlust, die nach einer Ern\u00e4hrungsumstellung und den Folgen der Pandemie auftraten. Dieser einzigartige Realismus verleiht der medizinischen Ausbildung und der Sensibilisierung f\u00fcr Public-Health-Themen eine neue Dimension.   <\/p>\n","protected":false},"featured_media":1792,"template":"","meta":[],"product_brand":[202],"product_cat":[218],"product_tag":[230,237,232,249,251,236],"class_list":{"0":"post-5991","1":"product","2":"type-product","3":"status-publish","4":"has-post-thumbnail","6":"product_brand-lifecast-body-simulation","7":"product_cat-simulationspuppen","8":"product_tag-allgemeinmedizin","9":"product_tag-anasthesie","10":"product_tag-geriatrische-medizin","11":"product_tag-innere-medizin","12":"product_tag-krankenpflege","13":"product_tag-notfallmedizin","15":"first","16":"instock","17":"shipping-taxable","18":"purchasable","19":"product-type-simple"},"yoast_head":"<!-- This site is optimized with the Yoast SEO plugin v26.8 - https:\/\/yoast.com\/product\/yoast-seo-wordpress\/ -->\n<title>Senioren-M\u00e4nnermodell Pete Post-COVID Lifecast<\/title>\n<meta name=\"description\" content=\"Senioren-M\u00e4nnermodell Pete Post-COVID Lifecast: hyperrealistisches Modell zur Schulung in der Versorgung, geriatrischen Pflege und den Post-COVID-Folgen.\" \/>\n<meta name=\"robots\" content=\"index, follow, max-snippet:-1, max-image-preview:large, max-video-preview:-1\" \/>\n<link rel=\"canonical\" href=\"https:\/\/lifesupportdistribution.fr\/de\/produkt\/senioren-maennermodell-pete-post-covid\/\" \/>\n<meta property=\"og:locale\" content=\"de_DE\" \/>\n<meta property=\"og:type\" content=\"article\" \/>\n<meta property=\"og:title\" content=\"Senioren-M\u00e4nnermodell Pete Post-COVID Lifecast\" \/>\n<meta property=\"og:description\" content=\"Senioren-M\u00e4nnermodell Pete Post-COVID Lifecast: hyperrealistisches Modell zur Schulung in der Versorgung, geriatrischen Pflege und den Post-COVID-Folgen.\" \/>\n<meta property=\"og:url\" content=\"https:\/\/lifesupportdistribution.fr\/de\/produkt\/senioren-maennermodell-pete-post-covid\/\" \/>\n<meta property=\"og:site_name\" content=\"Life Support Distribution\" \/>\n<meta property=\"og:image\" content=\"https:\/\/lifesupportdistribution.fr\/wp-content\/uploads\/2025\/11\/Photo-1-pete-post-covid.png\" \/>\n\t<meta property=\"og:image:width\" content=\"270\" \/>\n\t<meta property=\"og:image:height\" content=\"328\" \/>\n\t<meta property=\"og:image:type\" content=\"image\/png\" \/>\n<meta name=\"twitter:card\" content=\"summary_large_image\" \/>\n<script type=\"application\/ld+json\" class=\"yoast-schema-graph\">{\"@context\":\"https:\/\/schema.org\",\"@graph\":[{\"@type\":\"WebPage\",\"@id\":\"https:\/\/lifesupportdistribution.fr\/de\/produkt\/senioren-maennermodell-pete-post-covid\/\",\"url\":\"https:\/\/lifesupportdistribution.fr\/de\/produkt\/senioren-maennermodell-pete-post-covid\/\",\"name\":\"Senioren-M\u00e4nnermodell Pete Post-COVID Lifecast\",\"isPartOf\":{\"@id\":\"https:\/\/lifesupportdistribution.fr\/de\/#website\"},\"primaryImageOfPage\":{\"@id\":\"https:\/\/lifesupportdistribution.fr\/de\/produkt\/senioren-maennermodell-pete-post-covid\/#primaryimage\"},\"image\":{\"@id\":\"https:\/\/lifesupportdistribution.fr\/de\/produkt\/senioren-maennermodell-pete-post-covid\/#primaryimage\"},\"thumbnailUrl\":\"https:\/\/lifesupportdistribution.fr\/wp-content\/uploads\/2025\/11\/Photo-1-pete-post-covid.png\",\"datePublished\":\"2025-11-14T17:26:29+00:00\",\"description\":\"Senioren-M\u00e4nnermodell Pete Post-COVID Lifecast: hyperrealistisches Modell zur Schulung in der Versorgung, geriatrischen Pflege und den Post-COVID-Folgen.\",\"breadcrumb\":{\"@id\":\"https:\/\/lifesupportdistribution.fr\/de\/produkt\/senioren-maennermodell-pete-post-covid\/#breadcrumb\"},\"inLanguage\":\"de\",\"potentialAction\":[{\"@type\":\"ReadAction\",\"target\":[\"https:\/\/lifesupportdistribution.fr\/de\/produkt\/senioren-maennermodell-pete-post-covid\/\"]}]},{\"@type\":\"ImageObject\",\"inLanguage\":\"de\",\"@id\":\"https:\/\/lifesupportdistribution.fr\/de\/produkt\/senioren-maennermodell-pete-post-covid\/#primaryimage\",\"url\":\"https:\/\/lifesupportdistribution.fr\/wp-content\/uploads\/2025\/11\/Photo-1-pete-post-covid.png\",\"contentUrl\":\"https:\/\/lifesupportdistribution.fr\/wp-content\/uploads\/2025\/11\/Photo-1-pete-post-covid.png\",\"width\":270,\"height\":328},{\"@type\":\"BreadcrumbList\",\"@id\":\"https:\/\/lifesupportdistribution.fr\/de\/produkt\/senioren-maennermodell-pete-post-covid\/#breadcrumb\",\"itemListElement\":[{\"@type\":\"ListItem\",\"position\":1,\"name\":\"Accueil\",\"item\":\"https:\/\/lifesupportdistribution.fr\/de\/startseite\/\"},{\"@type\":\"ListItem\",\"position\":2,\"name\":\"Shop\",\"item\":\"https:\/\/lifesupportdistribution.fr\/de\/shop\/\"},{\"@type\":\"ListItem\",\"position\":3,\"name\":\"Senioren-M\u00e4nnermodell \u2013 Pete Post-COVID\"}]},{\"@type\":\"WebSite\",\"@id\":\"https:\/\/lifesupportdistribution.fr\/de\/#website\",\"url\":\"https:\/\/lifesupportdistribution.fr\/de\/\",\"name\":\"Life Support Distribution\",\"description\":\"Solutions en simulation m\u00e9dicale\",\"publisher\":{\"@id\":\"https:\/\/lifesupportdistribution.fr\/de\/#organization\"},\"potentialAction\":[{\"@type\":\"SearchAction\",\"target\":{\"@type\":\"EntryPoint\",\"urlTemplate\":\"https:\/\/lifesupportdistribution.fr\/de\/?s={search_term_string}\"},\"query-input\":{\"@type\":\"PropertyValueSpecification\",\"valueRequired\":true,\"valueName\":\"search_term_string\"}}],\"inLanguage\":\"de\"},{\"@type\":\"Organization\",\"@id\":\"https:\/\/lifesupportdistribution.fr\/de\/#organization\",\"name\":\"Life Support Distribution\",\"url\":\"https:\/\/lifesupportdistribution.fr\/de\/\",\"logo\":{\"@type\":\"ImageObject\",\"inLanguage\":\"de\",\"@id\":\"https:\/\/lifesupportdistribution.fr\/de\/#\/schema\/logo\/image\/\",\"url\":\"https:\/\/lifesupportdistribution.fr\/wp-content\/uploads\/2025\/10\/logo-life-support-distribution.svg\",\"contentUrl\":\"https:\/\/lifesupportdistribution.fr\/wp-content\/uploads\/2025\/10\/logo-life-support-distribution.svg\",\"width\":698,\"height\":223,\"caption\":\"Life Support Distribution\"},\"image\":{\"@id\":\"https:\/\/lifesupportdistribution.fr\/de\/#\/schema\/logo\/image\/\"},\"sameAs\":[\"https:\/\/www.linkedin.com\/company\/life-support-distribution\/\"]}]}<\/script>\n<!-- \/ Yoast SEO plugin. -->","yoast_head_json":{"title":"Senioren-M\u00e4nnermodell Pete Post-COVID Lifecast","description":"Senioren-M\u00e4nnermodell Pete Post-COVID Lifecast: hyperrealistisches Modell zur Schulung in der Versorgung, geriatrischen Pflege und den Post-COVID-Folgen.","robots":{"index":"index","follow":"follow","max-snippet":"max-snippet:-1","max-image-preview":"max-image-preview:large","max-video-preview":"max-video-preview:-1"},"canonical":"https:\/\/lifesupportdistribution.fr\/de\/produkt\/senioren-maennermodell-pete-post-covid\/","og_locale":"de_DE","og_type":"article","og_title":"Senioren-M\u00e4nnermodell Pete Post-COVID Lifecast","og_description":"Senioren-M\u00e4nnermodell Pete Post-COVID Lifecast: hyperrealistisches Modell zur Schulung in der Versorgung, geriatrischen Pflege und den Post-COVID-Folgen.","og_url":"https:\/\/lifesupportdistribution.fr\/de\/produkt\/senioren-maennermodell-pete-post-covid\/","og_site_name":"Life Support Distribution","og_image":[{"width":270,"height":328,"url":"https:\/\/lifesupportdistribution.fr\/wp-content\/uploads\/2025\/11\/Photo-1-pete-post-covid.png","type":"image\/png"}],"twitter_card":"summary_large_image","schema":{"@context":"https:\/\/schema.org","@graph":[{"@type":"WebPage","@id":"https:\/\/lifesupportdistribution.fr\/de\/produkt\/senioren-maennermodell-pete-post-covid\/","url":"https:\/\/lifesupportdistribution.fr\/de\/produkt\/senioren-maennermodell-pete-post-covid\/","name":"Senioren-M\u00e4nnermodell Pete Post-COVID Lifecast","isPartOf":{"@id":"https:\/\/lifesupportdistribution.fr\/de\/#website"},"primaryImageOfPage":{"@id":"https:\/\/lifesupportdistribution.fr\/de\/produkt\/senioren-maennermodell-pete-post-covid\/#primaryimage"},"image":{"@id":"https:\/\/lifesupportdistribution.fr\/de\/produkt\/senioren-maennermodell-pete-post-covid\/#primaryimage"},"thumbnailUrl":"https:\/\/lifesupportdistribution.fr\/wp-content\/uploads\/2025\/11\/Photo-1-pete-post-covid.png","datePublished":"2025-11-14T17:26:29+00:00","description":"Senioren-M\u00e4nnermodell Pete Post-COVID Lifecast: hyperrealistisches Modell zur Schulung in der Versorgung, geriatrischen Pflege und den Post-COVID-Folgen.","breadcrumb":{"@id":"https:\/\/lifesupportdistribution.fr\/de\/produkt\/senioren-maennermodell-pete-post-covid\/#breadcrumb"},"inLanguage":"de","potentialAction":[{"@type":"ReadAction","target":["https:\/\/lifesupportdistribution.fr\/de\/produkt\/senioren-maennermodell-pete-post-covid\/"]}]},{"@type":"ImageObject","inLanguage":"de","@id":"https:\/\/lifesupportdistribution.fr\/de\/produkt\/senioren-maennermodell-pete-post-covid\/#primaryimage","url":"https:\/\/lifesupportdistribution.fr\/wp-content\/uploads\/2025\/11\/Photo-1-pete-post-covid.png","contentUrl":"https:\/\/lifesupportdistribution.fr\/wp-content\/uploads\/2025\/11\/Photo-1-pete-post-covid.png","width":270,"height":328},{"@type":"BreadcrumbList","@id":"https:\/\/lifesupportdistribution.fr\/de\/produkt\/senioren-maennermodell-pete-post-covid\/#breadcrumb","itemListElement":[{"@type":"ListItem","position":1,"name":"Accueil","item":"https:\/\/lifesupportdistribution.fr\/de\/startseite\/"},{"@type":"ListItem","position":2,"name":"Shop","item":"https:\/\/lifesupportdistribution.fr\/de\/shop\/"},{"@type":"ListItem","position":3,"name":"Senioren-M\u00e4nnermodell \u2013 Pete Post-COVID"}]},{"@type":"WebSite","@id":"https:\/\/lifesupportdistribution.fr\/de\/#website","url":"https:\/\/lifesupportdistribution.fr\/de\/","name":"Life Support Distribution","description":"Solutions en simulation m\u00e9dicale","publisher":{"@id":"https:\/\/lifesupportdistribution.fr\/de\/#organization"},"potentialAction":[{"@type":"SearchAction","target":{"@type":"EntryPoint","urlTemplate":"https:\/\/lifesupportdistribution.fr\/de\/?s={search_term_string}"},"query-input":{"@type":"PropertyValueSpecification","valueRequired":true,"valueName":"search_term_string"}}],"inLanguage":"de"},{"@type":"Organization","@id":"https:\/\/lifesupportdistribution.fr\/de\/#organization","name":"Life Support Distribution","url":"https:\/\/lifesupportdistribution.fr\/de\/","logo":{"@type":"ImageObject","inLanguage":"de","@id":"https:\/\/lifesupportdistribution.fr\/de\/#\/schema\/logo\/image\/","url":"https:\/\/lifesupportdistribution.fr\/wp-content\/uploads\/2025\/10\/logo-life-support-distribution.svg","contentUrl":"https:\/\/lifesupportdistribution.fr\/wp-content\/uploads\/2025\/10\/logo-life-support-distribution.svg","width":698,"height":223,"caption":"Life Support Distribution"},"image":{"@id":"https:\/\/lifesupportdistribution.fr\/de\/#\/schema\/logo\/image\/"},"sameAs":["https:\/\/www.linkedin.com\/company\/life-support-distribution\/"]}]}},"_links":{"self":[{"href":"https:\/\/lifesupportdistribution.fr\/de\/wp-json\/wp\/v2\/product\/5991","targetHints":{"allow":["GET"]}}],"collection":[{"href":"https:\/\/lifesupportdistribution.fr\/de\/wp-json\/wp\/v2\/product"}],"about":[{"href":"https:\/\/lifesupportdistribution.fr\/de\/wp-json\/wp\/v2\/types\/product"}],"wp:featuredmedia":[{"embeddable":true,"href":"https:\/\/lifesupportdistribution.fr\/de\/wp-json\/wp\/v2\/media\/1792"}],"wp:attachment":[{"href":"https:\/\/lifesupportdistribution.fr\/de\/wp-json\/wp\/v2\/media?parent=5991"}],"wp:term":[{"taxonomy":"product_brand","embeddable":true,"href":"https:\/\/lifesupportdistribution.fr\/de\/wp-json\/wp\/v2\/product_brand?post=5991"},{"taxonomy":"product_cat","embeddable":true,"href":"https:\/\/lifesupportdistribution.fr\/de\/wp-json\/wp\/v2\/product_cat?post=5991"},{"taxonomy":"product_tag","embeddable":true,"href":"https:\/\/lifesupportdistribution.fr\/de\/wp-json\/wp\/v2\/product_tag?post=5991"}],"curies":[{"name":"wp","href":"https:\/\/api.w.org\/{rel}","templated":true}]}}