{"id":5993,"date":"2025-12-11T16:32:04","date_gmt":"2025-12-11T15:32:04","guid":{"rendered":"https:\/\/lifesupportdistribution.fr\/produits\/huelle-fuer-frakturreduzierer\/"},"modified":"2025-12-11T16:32:04","modified_gmt":"2025-12-11T15:32:04","slug":"huelle-fuer-frakturreduzierer","status":"publish","type":"product","link":"https:\/\/lifesupportdistribution.fr\/de\/produkt\/huelle-fuer-frakturreduzierer\/","title":{"rendered":"H\u00fclle f\u00fcr Frakturreduzierer"},"content":{"rendered":"<p>Die H\u00fclle f\u00fcr Frakturreduzierer wurde speziell entwickelt, um die \u00e4u\u00dfere Struktur des Creaplast Frakturreduzierers zu sch\u00fctzen, zu erhalten und zu ersetzen.<br \/>\nDieses Modul reproduziert die \u00e4u\u00dfere Morphologie des hinteren Rumpfes und bietet einen realistischen visuellen und taktilen Bezugspunkt bei chirurgischen Manipulationen zur Wirbels\u00e4ulenreduktion und -fixierung.<br \/>\nHergestellt aus weichem und widerstandsf\u00e4higem Material, gew\u00e4hrleistet diese H\u00fclle die Stabilit\u00e4t des Simulators und erm\u00f6glicht gleichzeitig einen optimalen Zugang zu den simulierten Operationsbereichen.<br \/>\nEntwickelt von Creaplast, einem franz\u00f6sischen Hersteller, der f\u00fcr die Qualit\u00e4t und Langlebigkeit seiner anatomischen Modelle bekannt ist, verl\u00e4ngert sie die Lebensdauer des Reduzierers und bewahrt gleichzeitig ein hohes Ma\u00df an Realismus \u00fcber die gesamte Dauer der Schulungen hinweg.<br \/>\nEinfach zu installieren und zu entfernen, passt sie perfekt zu den Frakturreduzierer-Simulatoren T12 und L1.<\/p>\n","protected":false},"excerpt":{"rendered":"<p>Die H\u00fclle f\u00fcr Frakturreduzierer von Creaplast ist ein Ersatzmodul, das f\u00fcr Wirbels\u00e4ulenfraktur-Reduktionssimulatoren entwickelt wurde. Dieses Element erm\u00f6glicht die Wiederherstellung des anatomischen und taktilen Realismus chirurgischer Schulungssitzungen und gew\u00e4hrleistet eine dauerhafte und wiederholte Nutzung des Reduzierers. <\/p>\n","protected":false},"featured_media":3411,"template":"","meta":[],"product_brand":[191],"product_cat":[221,222],"product_tag":[250],"class_list":{"0":"post-5993","1":"product","2":"type-product","3":"status-publish","4":"has-post-thumbnail","6":"product_brand-creaplast","7":"product_cat-anatomische-tafeln-und-modelle","8":"product_cat-simulatoren-fur-medizinische-versorgung","9":"product_tag-chirurgie","11":"first","12":"instock","13":"shipping-taxable","14":"purchasable","15":"product-type-simple"},"yoast_head":"<!-- This site is optimized with the Yoast SEO plugin v26.8 - https:\/\/yoast.com\/product\/yoast-seo-wordpress\/ -->\n<title>H\u00fclle f\u00fcr Frakturreduzierer \u2013 Ersatzmodul<\/title>\n<meta name=\"description\" content=\"Weiches Modul f\u00fcr T12\/L1-Reduzierer. Stellt den Realismus wieder her und verl\u00e4ngert die Nutzungsdauer der Creaplast-Simulatoren.\" \/>\n<meta name=\"robots\" content=\"index, follow, max-snippet:-1, max-image-preview:large, max-video-preview:-1\" \/>\n<link rel=\"canonical\" href=\"https:\/\/lifesupportdistribution.fr\/de\/produkt\/huelle-fuer-frakturreduzierer\/\" \/>\n<meta property=\"og:locale\" content=\"de_DE\" \/>\n<meta property=\"og:type\" content=\"article\" \/>\n<meta property=\"og:title\" content=\"H\u00fclle f\u00fcr Frakturreduzierer \u2013 Ersatzmodul\" \/>\n<meta property=\"og:description\" content=\"Weiches Modul f\u00fcr T12\/L1-Reduzierer. Stellt den Realismus wieder her und verl\u00e4ngert die Nutzungsdauer der Creaplast-Simulatoren.\" \/>\n<meta property=\"og:url\" content=\"https:\/\/lifesupportdistribution.fr\/de\/produkt\/huelle-fuer-frakturreduzierer\/\" \/>\n<meta property=\"og:site_name\" content=\"Life Support Distribution\" \/>\n<meta property=\"og:image\" content=\"https:\/\/lifesupportdistribution.fr\/wp-content\/uploads\/2025\/12\/enveloppe-reducteur-fracture.jpg\" \/>\n\t<meta property=\"og:image:width\" content=\"600\" \/>\n\t<meta property=\"og:image:height\" content=\"400\" \/>\n\t<meta property=\"og:image:type\" content=\"image\/jpeg\" \/>\n<meta name=\"twitter:card\" content=\"summary_large_image\" \/>\n<meta name=\"twitter:label1\" content=\"Gesch\u00e4tzte Lesezeit\" \/>\n\t<meta name=\"twitter:data1\" content=\"1\u00a0Minute\" \/>\n<script type=\"application\/ld+json\" class=\"yoast-schema-graph\">{\"@context\":\"https:\/\/schema.org\",\"@graph\":[{\"@type\":\"WebPage\",\"@id\":\"https:\/\/lifesupportdistribution.fr\/de\/produkt\/huelle-fuer-frakturreduzierer\/\",\"url\":\"https:\/\/lifesupportdistribution.fr\/de\/produkt\/huelle-fuer-frakturreduzierer\/\",\"name\":\"H\u00fclle f\u00fcr Frakturreduzierer \u2013 Ersatzmodul\",\"isPartOf\":{\"@id\":\"https:\/\/lifesupportdistribution.fr\/de\/#website\"},\"primaryImageOfPage\":{\"@id\":\"https:\/\/lifesupportdistribution.fr\/de\/produkt\/huelle-fuer-frakturreduzierer\/#primaryimage\"},\"image\":{\"@id\":\"https:\/\/lifesupportdistribution.fr\/de\/produkt\/huelle-fuer-frakturreduzierer\/#primaryimage\"},\"thumbnailUrl\":\"https:\/\/lifesupportdistribution.fr\/wp-content\/uploads\/2025\/12\/enveloppe-reducteur-fracture.jpg\",\"datePublished\":\"2025-12-11T15:32:04+00:00\",\"description\":\"Weiches Modul f\u00fcr T12\/L1-Reduzierer. Stellt den Realismus wieder her und verl\u00e4ngert die Nutzungsdauer der Creaplast-Simulatoren.\",\"breadcrumb\":{\"@id\":\"https:\/\/lifesupportdistribution.fr\/de\/produkt\/huelle-fuer-frakturreduzierer\/#breadcrumb\"},\"inLanguage\":\"de\",\"potentialAction\":[{\"@type\":\"ReadAction\",\"target\":[\"https:\/\/lifesupportdistribution.fr\/de\/produkt\/huelle-fuer-frakturreduzierer\/\"]}]},{\"@type\":\"ImageObject\",\"inLanguage\":\"de\",\"@id\":\"https:\/\/lifesupportdistribution.fr\/de\/produkt\/huelle-fuer-frakturreduzierer\/#primaryimage\",\"url\":\"https:\/\/lifesupportdistribution.fr\/wp-content\/uploads\/2025\/12\/enveloppe-reducteur-fracture.jpg\",\"contentUrl\":\"https:\/\/lifesupportdistribution.fr\/wp-content\/uploads\/2025\/12\/enveloppe-reducteur-fracture.jpg\",\"width\":600,\"height\":400},{\"@type\":\"BreadcrumbList\",\"@id\":\"https:\/\/lifesupportdistribution.fr\/de\/produkt\/huelle-fuer-frakturreduzierer\/#breadcrumb\",\"itemListElement\":[{\"@type\":\"ListItem\",\"position\":1,\"name\":\"Accueil\",\"item\":\"https:\/\/lifesupportdistribution.fr\/de\/startseite\/\"},{\"@type\":\"ListItem\",\"position\":2,\"name\":\"Shop\",\"item\":\"https:\/\/lifesupportdistribution.fr\/de\/shop\/\"},{\"@type\":\"ListItem\",\"position\":3,\"name\":\"H\u00fclle f\u00fcr Frakturreduzierer\"}]},{\"@type\":\"WebSite\",\"@id\":\"https:\/\/lifesupportdistribution.fr\/de\/#website\",\"url\":\"https:\/\/lifesupportdistribution.fr\/de\/\",\"name\":\"Life Support Distribution\",\"description\":\"Solutions en simulation m\u00e9dicale\",\"publisher\":{\"@id\":\"https:\/\/lifesupportdistribution.fr\/de\/#organization\"},\"potentialAction\":[{\"@type\":\"SearchAction\",\"target\":{\"@type\":\"EntryPoint\",\"urlTemplate\":\"https:\/\/lifesupportdistribution.fr\/de\/?s={search_term_string}\"},\"query-input\":{\"@type\":\"PropertyValueSpecification\",\"valueRequired\":true,\"valueName\":\"search_term_string\"}}],\"inLanguage\":\"de\"},{\"@type\":\"Organization\",\"@id\":\"https:\/\/lifesupportdistribution.fr\/de\/#organization\",\"name\":\"Life Support Distribution\",\"url\":\"https:\/\/lifesupportdistribution.fr\/de\/\",\"logo\":{\"@type\":\"ImageObject\",\"inLanguage\":\"de\",\"@id\":\"https:\/\/lifesupportdistribution.fr\/de\/#\/schema\/logo\/image\/\",\"url\":\"https:\/\/lifesupportdistribution.fr\/wp-content\/uploads\/2025\/10\/logo-life-support-distribution.svg\",\"contentUrl\":\"https:\/\/lifesupportdistribution.fr\/wp-content\/uploads\/2025\/10\/logo-life-support-distribution.svg\",\"width\":698,\"height\":223,\"caption\":\"Life Support Distribution\"},\"image\":{\"@id\":\"https:\/\/lifesupportdistribution.fr\/de\/#\/schema\/logo\/image\/\"},\"sameAs\":[\"https:\/\/www.linkedin.com\/company\/life-support-distribution\/\"]}]}<\/script>\n<!-- \/ Yoast SEO plugin. -->","yoast_head_json":{"title":"H\u00fclle f\u00fcr Frakturreduzierer \u2013 Ersatzmodul","description":"Weiches Modul f\u00fcr T12\/L1-Reduzierer. Stellt den Realismus wieder her und verl\u00e4ngert die Nutzungsdauer der Creaplast-Simulatoren.","robots":{"index":"index","follow":"follow","max-snippet":"max-snippet:-1","max-image-preview":"max-image-preview:large","max-video-preview":"max-video-preview:-1"},"canonical":"https:\/\/lifesupportdistribution.fr\/de\/produkt\/huelle-fuer-frakturreduzierer\/","og_locale":"de_DE","og_type":"article","og_title":"H\u00fclle f\u00fcr Frakturreduzierer \u2013 Ersatzmodul","og_description":"Weiches Modul f\u00fcr T12\/L1-Reduzierer. Stellt den Realismus wieder her und verl\u00e4ngert die Nutzungsdauer der Creaplast-Simulatoren.","og_url":"https:\/\/lifesupportdistribution.fr\/de\/produkt\/huelle-fuer-frakturreduzierer\/","og_site_name":"Life Support Distribution","og_image":[{"width":600,"height":400,"url":"https:\/\/lifesupportdistribution.fr\/wp-content\/uploads\/2025\/12\/enveloppe-reducteur-fracture.jpg","type":"image\/jpeg"}],"twitter_card":"summary_large_image","twitter_misc":{"Gesch\u00e4tzte Lesezeit":"1\u00a0Minute"},"schema":{"@context":"https:\/\/schema.org","@graph":[{"@type":"WebPage","@id":"https:\/\/lifesupportdistribution.fr\/de\/produkt\/huelle-fuer-frakturreduzierer\/","url":"https:\/\/lifesupportdistribution.fr\/de\/produkt\/huelle-fuer-frakturreduzierer\/","name":"H\u00fclle f\u00fcr Frakturreduzierer \u2013 Ersatzmodul","isPartOf":{"@id":"https:\/\/lifesupportdistribution.fr\/de\/#website"},"primaryImageOfPage":{"@id":"https:\/\/lifesupportdistribution.fr\/de\/produkt\/huelle-fuer-frakturreduzierer\/#primaryimage"},"image":{"@id":"https:\/\/lifesupportdistribution.fr\/de\/produkt\/huelle-fuer-frakturreduzierer\/#primaryimage"},"thumbnailUrl":"https:\/\/lifesupportdistribution.fr\/wp-content\/uploads\/2025\/12\/enveloppe-reducteur-fracture.jpg","datePublished":"2025-12-11T15:32:04+00:00","description":"Weiches Modul f\u00fcr T12\/L1-Reduzierer. Stellt den Realismus wieder her und verl\u00e4ngert die Nutzungsdauer der Creaplast-Simulatoren.","breadcrumb":{"@id":"https:\/\/lifesupportdistribution.fr\/de\/produkt\/huelle-fuer-frakturreduzierer\/#breadcrumb"},"inLanguage":"de","potentialAction":[{"@type":"ReadAction","target":["https:\/\/lifesupportdistribution.fr\/de\/produkt\/huelle-fuer-frakturreduzierer\/"]}]},{"@type":"ImageObject","inLanguage":"de","@id":"https:\/\/lifesupportdistribution.fr\/de\/produkt\/huelle-fuer-frakturreduzierer\/#primaryimage","url":"https:\/\/lifesupportdistribution.fr\/wp-content\/uploads\/2025\/12\/enveloppe-reducteur-fracture.jpg","contentUrl":"https:\/\/lifesupportdistribution.fr\/wp-content\/uploads\/2025\/12\/enveloppe-reducteur-fracture.jpg","width":600,"height":400},{"@type":"BreadcrumbList","@id":"https:\/\/lifesupportdistribution.fr\/de\/produkt\/huelle-fuer-frakturreduzierer\/#breadcrumb","itemListElement":[{"@type":"ListItem","position":1,"name":"Accueil","item":"https:\/\/lifesupportdistribution.fr\/de\/startseite\/"},{"@type":"ListItem","position":2,"name":"Shop","item":"https:\/\/lifesupportdistribution.fr\/de\/shop\/"},{"@type":"ListItem","position":3,"name":"H\u00fclle f\u00fcr Frakturreduzierer"}]},{"@type":"WebSite","@id":"https:\/\/lifesupportdistribution.fr\/de\/#website","url":"https:\/\/lifesupportdistribution.fr\/de\/","name":"Life Support Distribution","description":"Solutions en simulation m\u00e9dicale","publisher":{"@id":"https:\/\/lifesupportdistribution.fr\/de\/#organization"},"potentialAction":[{"@type":"SearchAction","target":{"@type":"EntryPoint","urlTemplate":"https:\/\/lifesupportdistribution.fr\/de\/?s={search_term_string}"},"query-input":{"@type":"PropertyValueSpecification","valueRequired":true,"valueName":"search_term_string"}}],"inLanguage":"de"},{"@type":"Organization","@id":"https:\/\/lifesupportdistribution.fr\/de\/#organization","name":"Life Support Distribution","url":"https:\/\/lifesupportdistribution.fr\/de\/","logo":{"@type":"ImageObject","inLanguage":"de","@id":"https:\/\/lifesupportdistribution.fr\/de\/#\/schema\/logo\/image\/","url":"https:\/\/lifesupportdistribution.fr\/wp-content\/uploads\/2025\/10\/logo-life-support-distribution.svg","contentUrl":"https:\/\/lifesupportdistribution.fr\/wp-content\/uploads\/2025\/10\/logo-life-support-distribution.svg","width":698,"height":223,"caption":"Life Support Distribution"},"image":{"@id":"https:\/\/lifesupportdistribution.fr\/de\/#\/schema\/logo\/image\/"},"sameAs":["https:\/\/www.linkedin.com\/company\/life-support-distribution\/"]}]}},"_links":{"self":[{"href":"https:\/\/lifesupportdistribution.fr\/de\/wp-json\/wp\/v2\/product\/5993","targetHints":{"allow":["GET"]}}],"collection":[{"href":"https:\/\/lifesupportdistribution.fr\/de\/wp-json\/wp\/v2\/product"}],"about":[{"href":"https:\/\/lifesupportdistribution.fr\/de\/wp-json\/wp\/v2\/types\/product"}],"wp:featuredmedia":[{"embeddable":true,"href":"https:\/\/lifesupportdistribution.fr\/de\/wp-json\/wp\/v2\/media\/3411"}],"wp:attachment":[{"href":"https:\/\/lifesupportdistribution.fr\/de\/wp-json\/wp\/v2\/media?parent=5993"}],"wp:term":[{"taxonomy":"product_brand","embeddable":true,"href":"https:\/\/lifesupportdistribution.fr\/de\/wp-json\/wp\/v2\/product_brand?post=5993"},{"taxonomy":"product_cat","embeddable":true,"href":"https:\/\/lifesupportdistribution.fr\/de\/wp-json\/wp\/v2\/product_cat?post=5993"},{"taxonomy":"product_tag","embeddable":true,"href":"https:\/\/lifesupportdistribution.fr\/de\/wp-json\/wp\/v2\/product_tag?post=5993"}],"curies":[{"name":"wp","href":"https:\/\/api.w.org\/{rel}","templated":true}]}}