{"id":6059,"date":"2025-12-11T13:48:35","date_gmt":"2025-12-11T12:48:35","guid":{"rendered":"https:\/\/lifesupportdistribution.fr\/produits\/l4-sakrum-weissharz\/"},"modified":"2025-12-11T13:48:35","modified_gmt":"2025-12-11T12:48:35","slug":"l4-sakrum-weissharz","status":"publish","type":"product","link":"https:\/\/lifesupportdistribution.fr\/de\/produkt\/l4-sakrum-weissharz\/","title":{"rendered":"L4\u2013Sakrum Wei\u00dfharz"},"content":{"rendered":"<p>Das L4\u2013Sakrum Wei\u00dfharz-Modell stellt die lumbale und sakrale Verbindung dar, einen wesentlichen Bereich f\u00fcr die Stabilit\u00e4t und Mobilit\u00e4t des Rumpfes.<br \/>\nHergestellt aus hochdichtem wei\u00dfem Harz, kombiniert dieses Modell feine anatomische Details mit hoher mechanischer Best\u00e4ndigkeit, was eine einfache und dauerhafte Handhabung gew\u00e4hrleistet.<br \/>\nEntwickelt von Creaplast, einem franz\u00f6sischen Hersteller, der f\u00fcr die Qualit\u00e4t und Pr\u00e4zision seiner anatomischen Modelle bekannt ist, wird dieses Modell h\u00e4ufig in Universit\u00e4ten, Gesundheitsschulen, Anatomie- und Biomechaniklaboren sowie in chirurgischen Ausbildungszentren eingesetzt.<br \/>\nEs hebt Wirbelk\u00f6rper, Apophysen, Foramina, Gelenkfl\u00e4chen und den Wirbelkanal hervor und erm\u00f6glicht eine pr\u00e4zise Untersuchung des \u00dcbergangs zwischen Lendenwirbels\u00e4ule und Kreuzbein.<br \/>\nEs ist ein ideales Lehrmittel, um die Biomechanik des unteren R\u00fcckens, die Haltung, lumbosakrale Pathologien und die Wirbels\u00e4ulenchirurgie zu vermitteln.<\/p>\n","protected":false},"excerpt":{"rendered":"<p>Das L4\u2013Sakrum Wei\u00dfharz-Modell von Creaplast ist eine originalgetreue anatomische Reproduktion des unteren Lendenwirbels\u00e4ulenabschnitts, einschlie\u00dflich der L4- und L5-Wirbel sowie des Kreuzbeins. Hergestellt aus hochdichtem wei\u00dfem Harz, bietet es eine hohe anatomische Pr\u00e4zision und perfekte Steifigkeit, ideal f\u00fcr Ausbildung, Forschung und chirurgische Demonstration. <\/p>\n","protected":false},"featured_media":3360,"template":"","meta":[],"product_brand":[191],"product_cat":[221],"product_tag":[241],"class_list":{"0":"post-6059","1":"product","2":"type-product","3":"status-publish","4":"has-post-thumbnail","6":"product_brand-creaplast","7":"product_cat-anatomische-tafeln-und-modelle","8":"product_tag-anatomietraining","10":"first","11":"instock","12":"shipping-taxable","13":"purchasable","14":"product-type-simple"},"yoast_head":"<!-- This site is optimized with the Yoast SEO plugin v27.5 - https:\/\/yoast.com\/product\/yoast-seo-wordpress\/ -->\n<title>L4\u2013Sakrum Wei\u00dfharz: Lumbosakrales Segment<\/title>\n<meta name=\"description\" content=\"L4\u2013Sakrum Modell aus wei\u00dfem Harz, ideal f\u00fcr anatomische Studien, Biomechanik und chirurgische Ausbildung.\" \/>\n<meta name=\"robots\" content=\"index, follow, max-snippet:-1, max-image-preview:large, max-video-preview:-1\" \/>\n<link rel=\"canonical\" href=\"https:\/\/lifesupportdistribution.fr\/de\/produkt\/l4-sakrum-weissharz\/\" \/>\n<meta property=\"og:locale\" content=\"de_DE\" \/>\n<meta property=\"og:type\" content=\"article\" \/>\n<meta property=\"og:title\" content=\"L4\u2013Sakrum Wei\u00dfharz: Lumbosakrales Segment\" \/>\n<meta property=\"og:description\" content=\"L4\u2013Sakrum Modell aus wei\u00dfem Harz, ideal f\u00fcr anatomische Studien, Biomechanik und chirurgische Ausbildung.\" \/>\n<meta property=\"og:url\" content=\"https:\/\/lifesupportdistribution.fr\/de\/produkt\/l4-sakrum-weissharz\/\" \/>\n<meta property=\"og:site_name\" content=\"Life Support Distribution\" \/>\n<meta property=\"og:image\" content=\"https:\/\/lifesupportdistribution.fr\/wp-content\/uploads\/2025\/12\/rachis-l4sacrum-white-resin.jpg\" \/>\n\t<meta property=\"og:image:width\" content=\"600\" \/>\n\t<meta property=\"og:image:height\" content=\"400\" \/>\n\t<meta property=\"og:image:type\" content=\"image\/jpeg\" \/>\n<meta name=\"twitter:card\" content=\"summary_large_image\" \/>\n<meta name=\"twitter:label1\" content=\"Gesch\u00e4tzte Lesezeit\" \/>\n\t<meta name=\"twitter:data1\" content=\"1\u00a0Minute\" \/>\n<script type=\"application\/ld+json\" class=\"yoast-schema-graph\">{\"@context\":\"https:\\\/\\\/schema.org\",\"@graph\":[{\"@type\":\"WebPage\",\"@id\":\"https:\\\/\\\/lifesupportdistribution.fr\\\/de\\\/produkt\\\/l4-sakrum-weissharz\\\/\",\"url\":\"https:\\\/\\\/lifesupportdistribution.fr\\\/de\\\/produkt\\\/l4-sakrum-weissharz\\\/\",\"name\":\"L4\u2013Sakrum Wei\u00dfharz: Lumbosakrales Segment\",\"isPartOf\":{\"@id\":\"https:\\\/\\\/lifesupportdistribution.fr\\\/de\\\/#website\"},\"primaryImageOfPage\":{\"@id\":\"https:\\\/\\\/lifesupportdistribution.fr\\\/de\\\/produkt\\\/l4-sakrum-weissharz\\\/#primaryimage\"},\"image\":{\"@id\":\"https:\\\/\\\/lifesupportdistribution.fr\\\/de\\\/produkt\\\/l4-sakrum-weissharz\\\/#primaryimage\"},\"thumbnailUrl\":\"https:\\\/\\\/lifesupportdistribution.fr\\\/wp-content\\\/uploads\\\/2025\\\/12\\\/rachis-l4sacrum-white-resin.jpg\",\"datePublished\":\"2025-12-11T12:48:35+00:00\",\"description\":\"L4\u2013Sakrum Modell aus wei\u00dfem Harz, ideal f\u00fcr anatomische Studien, Biomechanik und chirurgische Ausbildung.\",\"breadcrumb\":{\"@id\":\"https:\\\/\\\/lifesupportdistribution.fr\\\/de\\\/produkt\\\/l4-sakrum-weissharz\\\/#breadcrumb\"},\"inLanguage\":\"de\",\"potentialAction\":[{\"@type\":\"ReadAction\",\"target\":[\"https:\\\/\\\/lifesupportdistribution.fr\\\/de\\\/produkt\\\/l4-sakrum-weissharz\\\/\"]}]},{\"@type\":\"ImageObject\",\"inLanguage\":\"de\",\"@id\":\"https:\\\/\\\/lifesupportdistribution.fr\\\/de\\\/produkt\\\/l4-sakrum-weissharz\\\/#primaryimage\",\"url\":\"https:\\\/\\\/lifesupportdistribution.fr\\\/wp-content\\\/uploads\\\/2025\\\/12\\\/rachis-l4sacrum-white-resin.jpg\",\"contentUrl\":\"https:\\\/\\\/lifesupportdistribution.fr\\\/wp-content\\\/uploads\\\/2025\\\/12\\\/rachis-l4sacrum-white-resin.jpg\",\"width\":600,\"height\":400},{\"@type\":\"BreadcrumbList\",\"@id\":\"https:\\\/\\\/lifesupportdistribution.fr\\\/de\\\/produkt\\\/l4-sakrum-weissharz\\\/#breadcrumb\",\"itemListElement\":[{\"@type\":\"ListItem\",\"position\":1,\"name\":\"Accueil\",\"item\":\"https:\\\/\\\/lifesupportdistribution.fr\\\/de\\\/startseite\\\/\"},{\"@type\":\"ListItem\",\"position\":2,\"name\":\"Shop\",\"item\":\"https:\\\/\\\/lifesupportdistribution.fr\\\/de\\\/shop\\\/\"},{\"@type\":\"ListItem\",\"position\":3,\"name\":\"L4\u2013Sakrum Wei\u00dfharz\"}]},{\"@type\":\"WebSite\",\"@id\":\"https:\\\/\\\/lifesupportdistribution.fr\\\/de\\\/#website\",\"url\":\"https:\\\/\\\/lifesupportdistribution.fr\\\/de\\\/\",\"name\":\"Life Support Distribution\",\"description\":\"Solutions en simulation m\u00e9dicale\",\"publisher\":{\"@id\":\"https:\\\/\\\/lifesupportdistribution.fr\\\/de\\\/#organization\"},\"potentialAction\":[{\"@type\":\"SearchAction\",\"target\":{\"@type\":\"EntryPoint\",\"urlTemplate\":\"https:\\\/\\\/lifesupportdistribution.fr\\\/de\\\/?s={search_term_string}\"},\"query-input\":{\"@type\":\"PropertyValueSpecification\",\"valueRequired\":true,\"valueName\":\"search_term_string\"}}],\"inLanguage\":\"de\"},{\"@type\":\"Organization\",\"@id\":\"https:\\\/\\\/lifesupportdistribution.fr\\\/de\\\/#organization\",\"name\":\"Life Support Distribution\",\"url\":\"https:\\\/\\\/lifesupportdistribution.fr\\\/de\\\/\",\"logo\":{\"@type\":\"ImageObject\",\"inLanguage\":\"de\",\"@id\":\"https:\\\/\\\/lifesupportdistribution.fr\\\/de\\\/#\\\/schema\\\/logo\\\/image\\\/\",\"url\":\"https:\\\/\\\/lifesupportdistribution.fr\\\/wp-content\\\/uploads\\\/2025\\\/10\\\/logo-life-support-distribution.svg\",\"contentUrl\":\"https:\\\/\\\/lifesupportdistribution.fr\\\/wp-content\\\/uploads\\\/2025\\\/10\\\/logo-life-support-distribution.svg\",\"width\":698,\"height\":223,\"caption\":\"Life Support Distribution\"},\"image\":{\"@id\":\"https:\\\/\\\/lifesupportdistribution.fr\\\/de\\\/#\\\/schema\\\/logo\\\/image\\\/\"},\"sameAs\":[\"https:\\\/\\\/www.linkedin.com\\\/company\\\/life-support-distribution\\\/\"]}]}<\/script>\n<!-- \/ Yoast SEO plugin. -->","yoast_head_json":{"title":"L4\u2013Sakrum Wei\u00dfharz: Lumbosakrales Segment","description":"L4\u2013Sakrum Modell aus wei\u00dfem Harz, ideal f\u00fcr anatomische Studien, Biomechanik und chirurgische Ausbildung.","robots":{"index":"index","follow":"follow","max-snippet":"max-snippet:-1","max-image-preview":"max-image-preview:large","max-video-preview":"max-video-preview:-1"},"canonical":"https:\/\/lifesupportdistribution.fr\/de\/produkt\/l4-sakrum-weissharz\/","og_locale":"de_DE","og_type":"article","og_title":"L4\u2013Sakrum Wei\u00dfharz: Lumbosakrales Segment","og_description":"L4\u2013Sakrum Modell aus wei\u00dfem Harz, ideal f\u00fcr anatomische Studien, Biomechanik und chirurgische Ausbildung.","og_url":"https:\/\/lifesupportdistribution.fr\/de\/produkt\/l4-sakrum-weissharz\/","og_site_name":"Life Support Distribution","og_image":[{"width":600,"height":400,"url":"https:\/\/lifesupportdistribution.fr\/wp-content\/uploads\/2025\/12\/rachis-l4sacrum-white-resin.jpg","type":"image\/jpeg"}],"twitter_card":"summary_large_image","twitter_misc":{"Gesch\u00e4tzte Lesezeit":"1\u00a0Minute"},"schema":{"@context":"https:\/\/schema.org","@graph":[{"@type":"WebPage","@id":"https:\/\/lifesupportdistribution.fr\/de\/produkt\/l4-sakrum-weissharz\/","url":"https:\/\/lifesupportdistribution.fr\/de\/produkt\/l4-sakrum-weissharz\/","name":"L4\u2013Sakrum Wei\u00dfharz: Lumbosakrales Segment","isPartOf":{"@id":"https:\/\/lifesupportdistribution.fr\/de\/#website"},"primaryImageOfPage":{"@id":"https:\/\/lifesupportdistribution.fr\/de\/produkt\/l4-sakrum-weissharz\/#primaryimage"},"image":{"@id":"https:\/\/lifesupportdistribution.fr\/de\/produkt\/l4-sakrum-weissharz\/#primaryimage"},"thumbnailUrl":"https:\/\/lifesupportdistribution.fr\/wp-content\/uploads\/2025\/12\/rachis-l4sacrum-white-resin.jpg","datePublished":"2025-12-11T12:48:35+00:00","description":"L4\u2013Sakrum Modell aus wei\u00dfem Harz, ideal f\u00fcr anatomische Studien, Biomechanik und chirurgische Ausbildung.","breadcrumb":{"@id":"https:\/\/lifesupportdistribution.fr\/de\/produkt\/l4-sakrum-weissharz\/#breadcrumb"},"inLanguage":"de","potentialAction":[{"@type":"ReadAction","target":["https:\/\/lifesupportdistribution.fr\/de\/produkt\/l4-sakrum-weissharz\/"]}]},{"@type":"ImageObject","inLanguage":"de","@id":"https:\/\/lifesupportdistribution.fr\/de\/produkt\/l4-sakrum-weissharz\/#primaryimage","url":"https:\/\/lifesupportdistribution.fr\/wp-content\/uploads\/2025\/12\/rachis-l4sacrum-white-resin.jpg","contentUrl":"https:\/\/lifesupportdistribution.fr\/wp-content\/uploads\/2025\/12\/rachis-l4sacrum-white-resin.jpg","width":600,"height":400},{"@type":"BreadcrumbList","@id":"https:\/\/lifesupportdistribution.fr\/de\/produkt\/l4-sakrum-weissharz\/#breadcrumb","itemListElement":[{"@type":"ListItem","position":1,"name":"Accueil","item":"https:\/\/lifesupportdistribution.fr\/de\/startseite\/"},{"@type":"ListItem","position":2,"name":"Shop","item":"https:\/\/lifesupportdistribution.fr\/de\/shop\/"},{"@type":"ListItem","position":3,"name":"L4\u2013Sakrum Wei\u00dfharz"}]},{"@type":"WebSite","@id":"https:\/\/lifesupportdistribution.fr\/de\/#website","url":"https:\/\/lifesupportdistribution.fr\/de\/","name":"Life Support Distribution","description":"Solutions en simulation m\u00e9dicale","publisher":{"@id":"https:\/\/lifesupportdistribution.fr\/de\/#organization"},"potentialAction":[{"@type":"SearchAction","target":{"@type":"EntryPoint","urlTemplate":"https:\/\/lifesupportdistribution.fr\/de\/?s={search_term_string}"},"query-input":{"@type":"PropertyValueSpecification","valueRequired":true,"valueName":"search_term_string"}}],"inLanguage":"de"},{"@type":"Organization","@id":"https:\/\/lifesupportdistribution.fr\/de\/#organization","name":"Life Support Distribution","url":"https:\/\/lifesupportdistribution.fr\/de\/","logo":{"@type":"ImageObject","inLanguage":"de","@id":"https:\/\/lifesupportdistribution.fr\/de\/#\/schema\/logo\/image\/","url":"https:\/\/lifesupportdistribution.fr\/wp-content\/uploads\/2025\/10\/logo-life-support-distribution.svg","contentUrl":"https:\/\/lifesupportdistribution.fr\/wp-content\/uploads\/2025\/10\/logo-life-support-distribution.svg","width":698,"height":223,"caption":"Life Support Distribution"},"image":{"@id":"https:\/\/lifesupportdistribution.fr\/de\/#\/schema\/logo\/image\/"},"sameAs":["https:\/\/www.linkedin.com\/company\/life-support-distribution\/"]}]}},"_links":{"self":[{"href":"https:\/\/lifesupportdistribution.fr\/de\/wp-json\/wp\/v2\/product\/6059","targetHints":{"allow":["GET"]}}],"collection":[{"href":"https:\/\/lifesupportdistribution.fr\/de\/wp-json\/wp\/v2\/product"}],"about":[{"href":"https:\/\/lifesupportdistribution.fr\/de\/wp-json\/wp\/v2\/types\/product"}],"wp:featuredmedia":[{"embeddable":true,"href":"https:\/\/lifesupportdistribution.fr\/de\/wp-json\/wp\/v2\/media\/3360"}],"wp:attachment":[{"href":"https:\/\/lifesupportdistribution.fr\/de\/wp-json\/wp\/v2\/media?parent=6059"}],"wp:term":[{"taxonomy":"product_brand","embeddable":true,"href":"https:\/\/lifesupportdistribution.fr\/de\/wp-json\/wp\/v2\/product_brand?post=6059"},{"taxonomy":"product_cat","embeddable":true,"href":"https:\/\/lifesupportdistribution.fr\/de\/wp-json\/wp\/v2\/product_cat?post=6059"},{"taxonomy":"product_tag","embeddable":true,"href":"https:\/\/lifesupportdistribution.fr\/de\/wp-json\/wp\/v2\/product_tag?post=6059"}],"curies":[{"name":"wp","href":"https:\/\/api.w.org\/{rel}","templated":true}]}}