{"id":6064,"date":"2025-12-11T14:02:56","date_gmt":"2025-12-11T13:02:56","guid":{"rendered":"https:\/\/lifesupportdistribution.fr\/produits\/rechtes-tibia-fuer-intraossaere-injektion\/"},"modified":"2025-12-11T14:02:56","modified_gmt":"2025-12-11T13:02:56","slug":"rechtes-tibia-fuer-intraossaere-injektion","status":"publish","type":"product","link":"https:\/\/lifesupportdistribution.fr\/de\/produkt\/rechtes-tibia-fuer-intraossaere-injektion\/","title":{"rendered":"Rechtes Tibia f\u00fcr intraoss\u00e4re Injektion"},"content":{"rendered":"<p>Das rechte Tibia f\u00fcr intraoss\u00e4re Injektion bietet eine originalgetreue Nachbildung des menschlichen Schienbeins, speziell angepasst an das praktische Training der intraoss\u00e4ren Injektion (IO), einer vitalen Technik in Notfallsituationen, wenn ein ven\u00f6ser Zugang schwierig ist.<br \/>\nHergestellt aus hochdichtem Hartschaum (solid foam), erm\u00f6glicht es die realistische Reproduktion des Widerstands des kortikalen Knochens bei der Perforation mit einer IO-Nadel.<br \/>\nEntwickelt von Creaplast, einem franz\u00f6sischen Hersteller, der auf hochpr\u00e4zise anatomische Modelle spezialisiert ist, richtet sich dieses Modell an Universit\u00e4ten, Krankenpflegeschulen, Gesundheitsschulen, medizinische Simulationszentren und Krankenhausabteilungen.<br \/>\nEs ist ideal f\u00fcr die Ausbildung in Notfallmedizin, P\u00e4diatrie, An\u00e4sthesie- und Intensivmedizin sowie pr\u00e4klinischer Versorgung und bietet eine realistische und reproduzierbare Erfahrung technischer Handgriffe.<br \/>\nDas Modell kann allein oder in eine vollst\u00e4ndige klinische Simulationsumgebung integriert werden.<\/p>\n","protected":false},"excerpt":{"rendered":"<p>Das rechte Tibia f\u00fcr intraoss\u00e4re Injektion von Creaplast ist ein realistisches anatomisches Modell, das speziell f\u00fcr das Training der intraoss\u00e4ren Injektionstechnik entwickelt wurde. Hergestellt aus hochdichtem Hartschaum, reproduziert es originalgetreu die Morphologie des menschlichen Schienbeins und erm\u00f6glicht gleichzeitig die Simulation medizinischer Notfallma\u00dfnahmen. <\/p>\n","protected":false},"featured_media":3353,"template":"","meta":[],"product_brand":[191],"product_cat":[221,222],"product_tag":[237,241,236],"class_list":{"0":"post-6064","1":"product","2":"type-product","3":"status-publish","4":"has-post-thumbnail","6":"product_brand-creaplast","7":"product_cat-anatomische-tafeln-und-modelle","8":"product_cat-simulatoren-fur-medizinische-versorgung","9":"product_tag-anasthesie","10":"product_tag-anatomietraining","11":"product_tag-notfallmedizin","13":"first","14":"instock","15":"shipping-taxable","16":"purchasable","17":"product-type-simple"},"yoast_head":"<!-- This site is optimized with the Yoast SEO plugin v27.5 - https:\/\/yoast.com\/product\/yoast-seo-wordpress\/ -->\n<title>Rechtes Tibia f\u00fcr intraoss\u00e4re Injektion: IO-Simulationsmodell<\/title>\n<meta name=\"description\" content=\"Rechtes Tibia, speziell f\u00fcr das Training der intraoss\u00e4ren Injektion, realistisch und langlebig, ideal f\u00fcr die medizinische Simulation.\" \/>\n<meta name=\"robots\" content=\"index, follow, max-snippet:-1, max-image-preview:large, max-video-preview:-1\" \/>\n<link rel=\"canonical\" href=\"https:\/\/lifesupportdistribution.fr\/de\/produkt\/rechtes-tibia-fuer-intraossaere-injektion\/\" \/>\n<meta property=\"og:locale\" content=\"de_DE\" \/>\n<meta property=\"og:type\" content=\"article\" \/>\n<meta property=\"og:title\" content=\"Rechtes Tibia f\u00fcr intraoss\u00e4re Injektion: IO-Simulationsmodell\" \/>\n<meta property=\"og:description\" content=\"Rechtes Tibia, speziell f\u00fcr das Training der intraoss\u00e4ren Injektion, realistisch und langlebig, ideal f\u00fcr die medizinische Simulation.\" \/>\n<meta property=\"og:url\" content=\"https:\/\/lifesupportdistribution.fr\/de\/produkt\/rechtes-tibia-fuer-intraossaere-injektion\/\" \/>\n<meta property=\"og:site_name\" content=\"Life Support Distribution\" \/>\n<meta property=\"og:image\" content=\"https:\/\/lifesupportdistribution.fr\/wp-content\/uploads\/2025\/12\/tibia-injection-intraosseuse-droit.jpg\" \/>\n\t<meta property=\"og:image:width\" content=\"600\" \/>\n\t<meta property=\"og:image:height\" content=\"400\" \/>\n\t<meta property=\"og:image:type\" content=\"image\/jpeg\" \/>\n<meta name=\"twitter:card\" content=\"summary_large_image\" \/>\n<meta name=\"twitter:label1\" content=\"Gesch\u00e4tzte Lesezeit\" \/>\n\t<meta name=\"twitter:data1\" content=\"1\u00a0Minute\" \/>\n<script type=\"application\/ld+json\" class=\"yoast-schema-graph\">{\"@context\":\"https:\\\/\\\/schema.org\",\"@graph\":[{\"@type\":\"WebPage\",\"@id\":\"https:\\\/\\\/lifesupportdistribution.fr\\\/de\\\/produkt\\\/rechtes-tibia-fuer-intraossaere-injektion\\\/\",\"url\":\"https:\\\/\\\/lifesupportdistribution.fr\\\/de\\\/produkt\\\/rechtes-tibia-fuer-intraossaere-injektion\\\/\",\"name\":\"Rechtes Tibia f\u00fcr intraoss\u00e4re Injektion: IO-Simulationsmodell\",\"isPartOf\":{\"@id\":\"https:\\\/\\\/lifesupportdistribution.fr\\\/de\\\/#website\"},\"primaryImageOfPage\":{\"@id\":\"https:\\\/\\\/lifesupportdistribution.fr\\\/de\\\/produkt\\\/rechtes-tibia-fuer-intraossaere-injektion\\\/#primaryimage\"},\"image\":{\"@id\":\"https:\\\/\\\/lifesupportdistribution.fr\\\/de\\\/produkt\\\/rechtes-tibia-fuer-intraossaere-injektion\\\/#primaryimage\"},\"thumbnailUrl\":\"https:\\\/\\\/lifesupportdistribution.fr\\\/wp-content\\\/uploads\\\/2025\\\/12\\\/tibia-injection-intraosseuse-droit.jpg\",\"datePublished\":\"2025-12-11T13:02:56+00:00\",\"description\":\"Rechtes Tibia, speziell f\u00fcr das Training der intraoss\u00e4ren Injektion, realistisch und langlebig, ideal f\u00fcr die medizinische Simulation.\",\"breadcrumb\":{\"@id\":\"https:\\\/\\\/lifesupportdistribution.fr\\\/de\\\/produkt\\\/rechtes-tibia-fuer-intraossaere-injektion\\\/#breadcrumb\"},\"inLanguage\":\"de\",\"potentialAction\":[{\"@type\":\"ReadAction\",\"target\":[\"https:\\\/\\\/lifesupportdistribution.fr\\\/de\\\/produkt\\\/rechtes-tibia-fuer-intraossaere-injektion\\\/\"]}]},{\"@type\":\"ImageObject\",\"inLanguage\":\"de\",\"@id\":\"https:\\\/\\\/lifesupportdistribution.fr\\\/de\\\/produkt\\\/rechtes-tibia-fuer-intraossaere-injektion\\\/#primaryimage\",\"url\":\"https:\\\/\\\/lifesupportdistribution.fr\\\/wp-content\\\/uploads\\\/2025\\\/12\\\/tibia-injection-intraosseuse-droit.jpg\",\"contentUrl\":\"https:\\\/\\\/lifesupportdistribution.fr\\\/wp-content\\\/uploads\\\/2025\\\/12\\\/tibia-injection-intraosseuse-droit.jpg\",\"width\":600,\"height\":400},{\"@type\":\"BreadcrumbList\",\"@id\":\"https:\\\/\\\/lifesupportdistribution.fr\\\/de\\\/produkt\\\/rechtes-tibia-fuer-intraossaere-injektion\\\/#breadcrumb\",\"itemListElement\":[{\"@type\":\"ListItem\",\"position\":1,\"name\":\"Accueil\",\"item\":\"https:\\\/\\\/lifesupportdistribution.fr\\\/de\\\/startseite\\\/\"},{\"@type\":\"ListItem\",\"position\":2,\"name\":\"Shop\",\"item\":\"https:\\\/\\\/lifesupportdistribution.fr\\\/de\\\/shop\\\/\"},{\"@type\":\"ListItem\",\"position\":3,\"name\":\"Rechtes Tibia f\u00fcr intraoss\u00e4re Injektion\"}]},{\"@type\":\"WebSite\",\"@id\":\"https:\\\/\\\/lifesupportdistribution.fr\\\/de\\\/#website\",\"url\":\"https:\\\/\\\/lifesupportdistribution.fr\\\/de\\\/\",\"name\":\"Life Support Distribution\",\"description\":\"Solutions en simulation m\u00e9dicale\",\"publisher\":{\"@id\":\"https:\\\/\\\/lifesupportdistribution.fr\\\/de\\\/#organization\"},\"potentialAction\":[{\"@type\":\"SearchAction\",\"target\":{\"@type\":\"EntryPoint\",\"urlTemplate\":\"https:\\\/\\\/lifesupportdistribution.fr\\\/de\\\/?s={search_term_string}\"},\"query-input\":{\"@type\":\"PropertyValueSpecification\",\"valueRequired\":true,\"valueName\":\"search_term_string\"}}],\"inLanguage\":\"de\"},{\"@type\":\"Organization\",\"@id\":\"https:\\\/\\\/lifesupportdistribution.fr\\\/de\\\/#organization\",\"name\":\"Life Support Distribution\",\"url\":\"https:\\\/\\\/lifesupportdistribution.fr\\\/de\\\/\",\"logo\":{\"@type\":\"ImageObject\",\"inLanguage\":\"de\",\"@id\":\"https:\\\/\\\/lifesupportdistribution.fr\\\/de\\\/#\\\/schema\\\/logo\\\/image\\\/\",\"url\":\"https:\\\/\\\/lifesupportdistribution.fr\\\/wp-content\\\/uploads\\\/2025\\\/10\\\/logo-life-support-distribution.svg\",\"contentUrl\":\"https:\\\/\\\/lifesupportdistribution.fr\\\/wp-content\\\/uploads\\\/2025\\\/10\\\/logo-life-support-distribution.svg\",\"width\":698,\"height\":223,\"caption\":\"Life Support Distribution\"},\"image\":{\"@id\":\"https:\\\/\\\/lifesupportdistribution.fr\\\/de\\\/#\\\/schema\\\/logo\\\/image\\\/\"},\"sameAs\":[\"https:\\\/\\\/www.linkedin.com\\\/company\\\/life-support-distribution\\\/\"]}]}<\/script>\n<!-- \/ Yoast SEO plugin. -->","yoast_head_json":{"title":"Rechtes Tibia f\u00fcr intraoss\u00e4re Injektion: IO-Simulationsmodell","description":"Rechtes Tibia, speziell f\u00fcr das Training der intraoss\u00e4ren Injektion, realistisch und langlebig, ideal f\u00fcr die medizinische Simulation.","robots":{"index":"index","follow":"follow","max-snippet":"max-snippet:-1","max-image-preview":"max-image-preview:large","max-video-preview":"max-video-preview:-1"},"canonical":"https:\/\/lifesupportdistribution.fr\/de\/produkt\/rechtes-tibia-fuer-intraossaere-injektion\/","og_locale":"de_DE","og_type":"article","og_title":"Rechtes Tibia f\u00fcr intraoss\u00e4re Injektion: IO-Simulationsmodell","og_description":"Rechtes Tibia, speziell f\u00fcr das Training der intraoss\u00e4ren Injektion, realistisch und langlebig, ideal f\u00fcr die medizinische Simulation.","og_url":"https:\/\/lifesupportdistribution.fr\/de\/produkt\/rechtes-tibia-fuer-intraossaere-injektion\/","og_site_name":"Life Support Distribution","og_image":[{"width":600,"height":400,"url":"https:\/\/lifesupportdistribution.fr\/wp-content\/uploads\/2025\/12\/tibia-injection-intraosseuse-droit.jpg","type":"image\/jpeg"}],"twitter_card":"summary_large_image","twitter_misc":{"Gesch\u00e4tzte Lesezeit":"1\u00a0Minute"},"schema":{"@context":"https:\/\/schema.org","@graph":[{"@type":"WebPage","@id":"https:\/\/lifesupportdistribution.fr\/de\/produkt\/rechtes-tibia-fuer-intraossaere-injektion\/","url":"https:\/\/lifesupportdistribution.fr\/de\/produkt\/rechtes-tibia-fuer-intraossaere-injektion\/","name":"Rechtes Tibia f\u00fcr intraoss\u00e4re Injektion: IO-Simulationsmodell","isPartOf":{"@id":"https:\/\/lifesupportdistribution.fr\/de\/#website"},"primaryImageOfPage":{"@id":"https:\/\/lifesupportdistribution.fr\/de\/produkt\/rechtes-tibia-fuer-intraossaere-injektion\/#primaryimage"},"image":{"@id":"https:\/\/lifesupportdistribution.fr\/de\/produkt\/rechtes-tibia-fuer-intraossaere-injektion\/#primaryimage"},"thumbnailUrl":"https:\/\/lifesupportdistribution.fr\/wp-content\/uploads\/2025\/12\/tibia-injection-intraosseuse-droit.jpg","datePublished":"2025-12-11T13:02:56+00:00","description":"Rechtes Tibia, speziell f\u00fcr das Training der intraoss\u00e4ren Injektion, realistisch und langlebig, ideal f\u00fcr die medizinische Simulation.","breadcrumb":{"@id":"https:\/\/lifesupportdistribution.fr\/de\/produkt\/rechtes-tibia-fuer-intraossaere-injektion\/#breadcrumb"},"inLanguage":"de","potentialAction":[{"@type":"ReadAction","target":["https:\/\/lifesupportdistribution.fr\/de\/produkt\/rechtes-tibia-fuer-intraossaere-injektion\/"]}]},{"@type":"ImageObject","inLanguage":"de","@id":"https:\/\/lifesupportdistribution.fr\/de\/produkt\/rechtes-tibia-fuer-intraossaere-injektion\/#primaryimage","url":"https:\/\/lifesupportdistribution.fr\/wp-content\/uploads\/2025\/12\/tibia-injection-intraosseuse-droit.jpg","contentUrl":"https:\/\/lifesupportdistribution.fr\/wp-content\/uploads\/2025\/12\/tibia-injection-intraosseuse-droit.jpg","width":600,"height":400},{"@type":"BreadcrumbList","@id":"https:\/\/lifesupportdistribution.fr\/de\/produkt\/rechtes-tibia-fuer-intraossaere-injektion\/#breadcrumb","itemListElement":[{"@type":"ListItem","position":1,"name":"Accueil","item":"https:\/\/lifesupportdistribution.fr\/de\/startseite\/"},{"@type":"ListItem","position":2,"name":"Shop","item":"https:\/\/lifesupportdistribution.fr\/de\/shop\/"},{"@type":"ListItem","position":3,"name":"Rechtes Tibia f\u00fcr intraoss\u00e4re Injektion"}]},{"@type":"WebSite","@id":"https:\/\/lifesupportdistribution.fr\/de\/#website","url":"https:\/\/lifesupportdistribution.fr\/de\/","name":"Life Support Distribution","description":"Solutions en simulation m\u00e9dicale","publisher":{"@id":"https:\/\/lifesupportdistribution.fr\/de\/#organization"},"potentialAction":[{"@type":"SearchAction","target":{"@type":"EntryPoint","urlTemplate":"https:\/\/lifesupportdistribution.fr\/de\/?s={search_term_string}"},"query-input":{"@type":"PropertyValueSpecification","valueRequired":true,"valueName":"search_term_string"}}],"inLanguage":"de"},{"@type":"Organization","@id":"https:\/\/lifesupportdistribution.fr\/de\/#organization","name":"Life Support Distribution","url":"https:\/\/lifesupportdistribution.fr\/de\/","logo":{"@type":"ImageObject","inLanguage":"de","@id":"https:\/\/lifesupportdistribution.fr\/de\/#\/schema\/logo\/image\/","url":"https:\/\/lifesupportdistribution.fr\/wp-content\/uploads\/2025\/10\/logo-life-support-distribution.svg","contentUrl":"https:\/\/lifesupportdistribution.fr\/wp-content\/uploads\/2025\/10\/logo-life-support-distribution.svg","width":698,"height":223,"caption":"Life Support Distribution"},"image":{"@id":"https:\/\/lifesupportdistribution.fr\/de\/#\/schema\/logo\/image\/"},"sameAs":["https:\/\/www.linkedin.com\/company\/life-support-distribution\/"]}]}},"_links":{"self":[{"href":"https:\/\/lifesupportdistribution.fr\/de\/wp-json\/wp\/v2\/product\/6064","targetHints":{"allow":["GET"]}}],"collection":[{"href":"https:\/\/lifesupportdistribution.fr\/de\/wp-json\/wp\/v2\/product"}],"about":[{"href":"https:\/\/lifesupportdistribution.fr\/de\/wp-json\/wp\/v2\/types\/product"}],"wp:featuredmedia":[{"embeddable":true,"href":"https:\/\/lifesupportdistribution.fr\/de\/wp-json\/wp\/v2\/media\/3353"}],"wp:attachment":[{"href":"https:\/\/lifesupportdistribution.fr\/de\/wp-json\/wp\/v2\/media?parent=6064"}],"wp:term":[{"taxonomy":"product_brand","embeddable":true,"href":"https:\/\/lifesupportdistribution.fr\/de\/wp-json\/wp\/v2\/product_brand?post=6064"},{"taxonomy":"product_cat","embeddable":true,"href":"https:\/\/lifesupportdistribution.fr\/de\/wp-json\/wp\/v2\/product_cat?post=6064"},{"taxonomy":"product_tag","embeddable":true,"href":"https:\/\/lifesupportdistribution.fr\/de\/wp-json\/wp\/v2\/product_tag?post=6064"}],"curies":[{"name":"wp","href":"https:\/\/api.w.org\/{rel}","templated":true}]}}