{"id":6066,"date":"2025-12-11T13:52:15","date_gmt":"2025-12-11T12:52:15","guid":{"rendered":"https:\/\/lifesupportdistribution.fr\/produits\/l1-sakrum-wirbelsaeule-weisses-harz\/"},"modified":"2025-12-11T13:52:15","modified_gmt":"2025-12-11T12:52:15","slug":"l1-sakrum-wirbelsaeule-weisses-harz","status":"publish","type":"product","link":"https:\/\/lifesupportdistribution.fr\/de\/produkt\/l1-sakrum-wirbelsaeule-weisses-harz\/","title":{"rendered":"L1\u2013Sakrum Wirbels\u00e4ule, wei\u00dfes Harz"},"content":{"rendered":"<p>Das L1\u2013Sakrum Wirbels\u00e4ulenmodell aus wei\u00dfem Harz stellt getreu die komplette Lendenregion (L1 bis L5) sowie das Sakrum dar, eine Schl\u00fcsselzone f\u00fcr die Rumpfstabilit\u00e4t und die Last\u00fcbertragung zwischen Wirbels\u00e4ule und Becken.<br \/>\nHergestellt aus hochdichtem wei\u00dfem Harz, zeichnet sich dieses Modell durch perfekte Steifigkeit, bemerkenswerte morphologische Pr\u00e4zision und eine glatte Oberfl\u00e4che aus, die die Knochenstrukturen hervorhebt.<br \/>\nEntwickelt von Creaplast, einem franz\u00f6sischen Hersteller, der f\u00fcr die Qualit\u00e4t seiner anatomischen Modelle bekannt ist, wird dieses Modell in Universit\u00e4ten, Gesundheitsschulen, Anatomie- und Biomechaniklaboren sowie in chirurgischen Ausbildungszentren eingesetzt.<br \/>\nDieses Modell hebt die Wirbelk\u00f6rper, Apophysen, Zwischenwirbell\u00f6cher, Gelenkfl\u00e4chen und den Wirbelkanal hervor, was ein vollst\u00e4ndiges Verst\u00e4ndnis der lumbosakralen Biomechanik und der unteren Wirbels\u00e4ulenpathologien erm\u00f6glicht.<br \/>\nEs ist ein ideales Lehrmittel f\u00fcr die medizinische Ausbildung und chirurgische Planung im Rahmen von Wirbels\u00e4ulen- und Haltungsstudien.<\/p>\n","protected":false},"excerpt":{"rendered":"<p>Das L1\u2013Sakrum Wirbels\u00e4ulenmodell aus wei\u00dfem Harz von Creaplast ist eine pr\u00e4zise anatomische Reproduktion der kompletten Lendenwirbels\u00e4ule und des Sakrums. Hergestellt aus hochdichtem wei\u00dfem Harz, vereint dieses Modell Steifigkeit, Detailgenauigkeit und Langlebigkeit, ideal f\u00fcr Anatomieunterricht, biomechanische Forschung und chirurgische Ausbildung. <\/p>\n","protected":false},"featured_media":3358,"template":"","meta":[],"product_brand":[191],"product_cat":[221],"product_tag":[241],"class_list":{"0":"post-6066","1":"product","2":"type-product","3":"status-publish","4":"has-post-thumbnail","6":"product_brand-creaplast","7":"product_cat-anatomische-tafeln-und-modelle","8":"product_tag-anatomietraining","10":"first","11":"instock","12":"shipping-taxable","13":"purchasable","14":"product-type-simple"},"yoast_head":"<!-- This site is optimized with the Yoast SEO plugin v27.5 - https:\/\/yoast.com\/product\/yoast-seo-wordpress\/ -->\n<title>L1\u2013Sakrum Wirbels\u00e4ule aus wei\u00dfem Harz: vollst\u00e4ndiges Lendenwirbels\u00e4ulenmodell<\/title>\n<meta name=\"description\" content=\"L1\u2013Sakrum-Modell aus wei\u00dfem Harz, pr\u00e4zise und starr, ideal f\u00fcr anatomische Studien und chirurgische Ausbildung.\" \/>\n<meta name=\"robots\" content=\"index, follow, max-snippet:-1, max-image-preview:large, max-video-preview:-1\" \/>\n<link rel=\"canonical\" href=\"https:\/\/lifesupportdistribution.fr\/de\/produkt\/l1-sakrum-wirbelsaeule-weisses-harz\/\" \/>\n<meta property=\"og:locale\" content=\"de_DE\" \/>\n<meta property=\"og:type\" content=\"article\" \/>\n<meta property=\"og:title\" content=\"L1\u2013Sakrum Wirbels\u00e4ule aus wei\u00dfem Harz: vollst\u00e4ndiges Lendenwirbels\u00e4ulenmodell\" \/>\n<meta property=\"og:description\" content=\"L1\u2013Sakrum-Modell aus wei\u00dfem Harz, pr\u00e4zise und starr, ideal f\u00fcr anatomische Studien und chirurgische Ausbildung.\" \/>\n<meta property=\"og:url\" content=\"https:\/\/lifesupportdistribution.fr\/de\/produkt\/l1-sakrum-wirbelsaeule-weisses-harz\/\" \/>\n<meta property=\"og:site_name\" content=\"Life Support Distribution\" \/>\n<meta property=\"og:image\" content=\"https:\/\/lifesupportdistribution.fr\/wp-content\/uploads\/2025\/12\/rachis-l1sacrum-white-resin.jpg\" \/>\n\t<meta property=\"og:image:width\" content=\"600\" \/>\n\t<meta property=\"og:image:height\" content=\"400\" \/>\n\t<meta property=\"og:image:type\" content=\"image\/jpeg\" \/>\n<meta name=\"twitter:card\" content=\"summary_large_image\" \/>\n<meta name=\"twitter:label1\" content=\"Gesch\u00e4tzte Lesezeit\" \/>\n\t<meta name=\"twitter:data1\" content=\"1\u00a0Minute\" \/>\n<script type=\"application\/ld+json\" class=\"yoast-schema-graph\">{\"@context\":\"https:\\\/\\\/schema.org\",\"@graph\":[{\"@type\":\"WebPage\",\"@id\":\"https:\\\/\\\/lifesupportdistribution.fr\\\/de\\\/produkt\\\/l1-sakrum-wirbelsaeule-weisses-harz\\\/\",\"url\":\"https:\\\/\\\/lifesupportdistribution.fr\\\/de\\\/produkt\\\/l1-sakrum-wirbelsaeule-weisses-harz\\\/\",\"name\":\"L1\u2013Sakrum Wirbels\u00e4ule aus wei\u00dfem Harz: vollst\u00e4ndiges Lendenwirbels\u00e4ulenmodell\",\"isPartOf\":{\"@id\":\"https:\\\/\\\/lifesupportdistribution.fr\\\/de\\\/#website\"},\"primaryImageOfPage\":{\"@id\":\"https:\\\/\\\/lifesupportdistribution.fr\\\/de\\\/produkt\\\/l1-sakrum-wirbelsaeule-weisses-harz\\\/#primaryimage\"},\"image\":{\"@id\":\"https:\\\/\\\/lifesupportdistribution.fr\\\/de\\\/produkt\\\/l1-sakrum-wirbelsaeule-weisses-harz\\\/#primaryimage\"},\"thumbnailUrl\":\"https:\\\/\\\/lifesupportdistribution.fr\\\/wp-content\\\/uploads\\\/2025\\\/12\\\/rachis-l1sacrum-white-resin.jpg\",\"datePublished\":\"2025-12-11T12:52:15+00:00\",\"description\":\"L1\u2013Sakrum-Modell aus wei\u00dfem Harz, pr\u00e4zise und starr, ideal f\u00fcr anatomische Studien und chirurgische Ausbildung.\",\"breadcrumb\":{\"@id\":\"https:\\\/\\\/lifesupportdistribution.fr\\\/de\\\/produkt\\\/l1-sakrum-wirbelsaeule-weisses-harz\\\/#breadcrumb\"},\"inLanguage\":\"de\",\"potentialAction\":[{\"@type\":\"ReadAction\",\"target\":[\"https:\\\/\\\/lifesupportdistribution.fr\\\/de\\\/produkt\\\/l1-sakrum-wirbelsaeule-weisses-harz\\\/\"]}]},{\"@type\":\"ImageObject\",\"inLanguage\":\"de\",\"@id\":\"https:\\\/\\\/lifesupportdistribution.fr\\\/de\\\/produkt\\\/l1-sakrum-wirbelsaeule-weisses-harz\\\/#primaryimage\",\"url\":\"https:\\\/\\\/lifesupportdistribution.fr\\\/wp-content\\\/uploads\\\/2025\\\/12\\\/rachis-l1sacrum-white-resin.jpg\",\"contentUrl\":\"https:\\\/\\\/lifesupportdistribution.fr\\\/wp-content\\\/uploads\\\/2025\\\/12\\\/rachis-l1sacrum-white-resin.jpg\",\"width\":600,\"height\":400},{\"@type\":\"BreadcrumbList\",\"@id\":\"https:\\\/\\\/lifesupportdistribution.fr\\\/de\\\/produkt\\\/l1-sakrum-wirbelsaeule-weisses-harz\\\/#breadcrumb\",\"itemListElement\":[{\"@type\":\"ListItem\",\"position\":1,\"name\":\"Accueil\",\"item\":\"https:\\\/\\\/lifesupportdistribution.fr\\\/de\\\/startseite\\\/\"},{\"@type\":\"ListItem\",\"position\":2,\"name\":\"Shop\",\"item\":\"https:\\\/\\\/lifesupportdistribution.fr\\\/de\\\/shop\\\/\"},{\"@type\":\"ListItem\",\"position\":3,\"name\":\"L1\u2013Sakrum Wirbels\u00e4ule, wei\u00dfes Harz\"}]},{\"@type\":\"WebSite\",\"@id\":\"https:\\\/\\\/lifesupportdistribution.fr\\\/de\\\/#website\",\"url\":\"https:\\\/\\\/lifesupportdistribution.fr\\\/de\\\/\",\"name\":\"Life Support Distribution\",\"description\":\"Solutions en simulation m\u00e9dicale\",\"publisher\":{\"@id\":\"https:\\\/\\\/lifesupportdistribution.fr\\\/de\\\/#organization\"},\"potentialAction\":[{\"@type\":\"SearchAction\",\"target\":{\"@type\":\"EntryPoint\",\"urlTemplate\":\"https:\\\/\\\/lifesupportdistribution.fr\\\/de\\\/?s={search_term_string}\"},\"query-input\":{\"@type\":\"PropertyValueSpecification\",\"valueRequired\":true,\"valueName\":\"search_term_string\"}}],\"inLanguage\":\"de\"},{\"@type\":\"Organization\",\"@id\":\"https:\\\/\\\/lifesupportdistribution.fr\\\/de\\\/#organization\",\"name\":\"Life Support Distribution\",\"url\":\"https:\\\/\\\/lifesupportdistribution.fr\\\/de\\\/\",\"logo\":{\"@type\":\"ImageObject\",\"inLanguage\":\"de\",\"@id\":\"https:\\\/\\\/lifesupportdistribution.fr\\\/de\\\/#\\\/schema\\\/logo\\\/image\\\/\",\"url\":\"https:\\\/\\\/lifesupportdistribution.fr\\\/wp-content\\\/uploads\\\/2025\\\/10\\\/logo-life-support-distribution.svg\",\"contentUrl\":\"https:\\\/\\\/lifesupportdistribution.fr\\\/wp-content\\\/uploads\\\/2025\\\/10\\\/logo-life-support-distribution.svg\",\"width\":698,\"height\":223,\"caption\":\"Life Support Distribution\"},\"image\":{\"@id\":\"https:\\\/\\\/lifesupportdistribution.fr\\\/de\\\/#\\\/schema\\\/logo\\\/image\\\/\"},\"sameAs\":[\"https:\\\/\\\/www.linkedin.com\\\/company\\\/life-support-distribution\\\/\"]}]}<\/script>\n<!-- \/ Yoast SEO plugin. -->","yoast_head_json":{"title":"L1\u2013Sakrum Wirbels\u00e4ule aus wei\u00dfem Harz: vollst\u00e4ndiges Lendenwirbels\u00e4ulenmodell","description":"L1\u2013Sakrum-Modell aus wei\u00dfem Harz, pr\u00e4zise und starr, ideal f\u00fcr anatomische Studien und chirurgische Ausbildung.","robots":{"index":"index","follow":"follow","max-snippet":"max-snippet:-1","max-image-preview":"max-image-preview:large","max-video-preview":"max-video-preview:-1"},"canonical":"https:\/\/lifesupportdistribution.fr\/de\/produkt\/l1-sakrum-wirbelsaeule-weisses-harz\/","og_locale":"de_DE","og_type":"article","og_title":"L1\u2013Sakrum Wirbels\u00e4ule aus wei\u00dfem Harz: vollst\u00e4ndiges Lendenwirbels\u00e4ulenmodell","og_description":"L1\u2013Sakrum-Modell aus wei\u00dfem Harz, pr\u00e4zise und starr, ideal f\u00fcr anatomische Studien und chirurgische Ausbildung.","og_url":"https:\/\/lifesupportdistribution.fr\/de\/produkt\/l1-sakrum-wirbelsaeule-weisses-harz\/","og_site_name":"Life Support Distribution","og_image":[{"width":600,"height":400,"url":"https:\/\/lifesupportdistribution.fr\/wp-content\/uploads\/2025\/12\/rachis-l1sacrum-white-resin.jpg","type":"image\/jpeg"}],"twitter_card":"summary_large_image","twitter_misc":{"Gesch\u00e4tzte Lesezeit":"1\u00a0Minute"},"schema":{"@context":"https:\/\/schema.org","@graph":[{"@type":"WebPage","@id":"https:\/\/lifesupportdistribution.fr\/de\/produkt\/l1-sakrum-wirbelsaeule-weisses-harz\/","url":"https:\/\/lifesupportdistribution.fr\/de\/produkt\/l1-sakrum-wirbelsaeule-weisses-harz\/","name":"L1\u2013Sakrum Wirbels\u00e4ule aus wei\u00dfem Harz: vollst\u00e4ndiges Lendenwirbels\u00e4ulenmodell","isPartOf":{"@id":"https:\/\/lifesupportdistribution.fr\/de\/#website"},"primaryImageOfPage":{"@id":"https:\/\/lifesupportdistribution.fr\/de\/produkt\/l1-sakrum-wirbelsaeule-weisses-harz\/#primaryimage"},"image":{"@id":"https:\/\/lifesupportdistribution.fr\/de\/produkt\/l1-sakrum-wirbelsaeule-weisses-harz\/#primaryimage"},"thumbnailUrl":"https:\/\/lifesupportdistribution.fr\/wp-content\/uploads\/2025\/12\/rachis-l1sacrum-white-resin.jpg","datePublished":"2025-12-11T12:52:15+00:00","description":"L1\u2013Sakrum-Modell aus wei\u00dfem Harz, pr\u00e4zise und starr, ideal f\u00fcr anatomische Studien und chirurgische Ausbildung.","breadcrumb":{"@id":"https:\/\/lifesupportdistribution.fr\/de\/produkt\/l1-sakrum-wirbelsaeule-weisses-harz\/#breadcrumb"},"inLanguage":"de","potentialAction":[{"@type":"ReadAction","target":["https:\/\/lifesupportdistribution.fr\/de\/produkt\/l1-sakrum-wirbelsaeule-weisses-harz\/"]}]},{"@type":"ImageObject","inLanguage":"de","@id":"https:\/\/lifesupportdistribution.fr\/de\/produkt\/l1-sakrum-wirbelsaeule-weisses-harz\/#primaryimage","url":"https:\/\/lifesupportdistribution.fr\/wp-content\/uploads\/2025\/12\/rachis-l1sacrum-white-resin.jpg","contentUrl":"https:\/\/lifesupportdistribution.fr\/wp-content\/uploads\/2025\/12\/rachis-l1sacrum-white-resin.jpg","width":600,"height":400},{"@type":"BreadcrumbList","@id":"https:\/\/lifesupportdistribution.fr\/de\/produkt\/l1-sakrum-wirbelsaeule-weisses-harz\/#breadcrumb","itemListElement":[{"@type":"ListItem","position":1,"name":"Accueil","item":"https:\/\/lifesupportdistribution.fr\/de\/startseite\/"},{"@type":"ListItem","position":2,"name":"Shop","item":"https:\/\/lifesupportdistribution.fr\/de\/shop\/"},{"@type":"ListItem","position":3,"name":"L1\u2013Sakrum Wirbels\u00e4ule, wei\u00dfes Harz"}]},{"@type":"WebSite","@id":"https:\/\/lifesupportdistribution.fr\/de\/#website","url":"https:\/\/lifesupportdistribution.fr\/de\/","name":"Life Support Distribution","description":"Solutions en simulation m\u00e9dicale","publisher":{"@id":"https:\/\/lifesupportdistribution.fr\/de\/#organization"},"potentialAction":[{"@type":"SearchAction","target":{"@type":"EntryPoint","urlTemplate":"https:\/\/lifesupportdistribution.fr\/de\/?s={search_term_string}"},"query-input":{"@type":"PropertyValueSpecification","valueRequired":true,"valueName":"search_term_string"}}],"inLanguage":"de"},{"@type":"Organization","@id":"https:\/\/lifesupportdistribution.fr\/de\/#organization","name":"Life Support Distribution","url":"https:\/\/lifesupportdistribution.fr\/de\/","logo":{"@type":"ImageObject","inLanguage":"de","@id":"https:\/\/lifesupportdistribution.fr\/de\/#\/schema\/logo\/image\/","url":"https:\/\/lifesupportdistribution.fr\/wp-content\/uploads\/2025\/10\/logo-life-support-distribution.svg","contentUrl":"https:\/\/lifesupportdistribution.fr\/wp-content\/uploads\/2025\/10\/logo-life-support-distribution.svg","width":698,"height":223,"caption":"Life Support Distribution"},"image":{"@id":"https:\/\/lifesupportdistribution.fr\/de\/#\/schema\/logo\/image\/"},"sameAs":["https:\/\/www.linkedin.com\/company\/life-support-distribution\/"]}]}},"_links":{"self":[{"href":"https:\/\/lifesupportdistribution.fr\/de\/wp-json\/wp\/v2\/product\/6066","targetHints":{"allow":["GET"]}}],"collection":[{"href":"https:\/\/lifesupportdistribution.fr\/de\/wp-json\/wp\/v2\/product"}],"about":[{"href":"https:\/\/lifesupportdistribution.fr\/de\/wp-json\/wp\/v2\/types\/product"}],"wp:featuredmedia":[{"embeddable":true,"href":"https:\/\/lifesupportdistribution.fr\/de\/wp-json\/wp\/v2\/media\/3358"}],"wp:attachment":[{"href":"https:\/\/lifesupportdistribution.fr\/de\/wp-json\/wp\/v2\/media?parent=6066"}],"wp:term":[{"taxonomy":"product_brand","embeddable":true,"href":"https:\/\/lifesupportdistribution.fr\/de\/wp-json\/wp\/v2\/product_brand?post=6066"},{"taxonomy":"product_cat","embeddable":true,"href":"https:\/\/lifesupportdistribution.fr\/de\/wp-json\/wp\/v2\/product_cat?post=6066"},{"taxonomy":"product_tag","embeddable":true,"href":"https:\/\/lifesupportdistribution.fr\/de\/wp-json\/wp\/v2\/product_tag?post=6066"}],"curies":[{"name":"wp","href":"https:\/\/api.w.org\/{rel}","templated":true}]}}