{"id":6080,"date":"2025-11-30T22:34:23","date_gmt":"2025-11-30T21:34:23","guid":{"rendered":"https:\/\/lifesupportdistribution.fr\/produits\/sonoskin-ultraschall-trainingsplattform\/"},"modified":"2025-11-30T22:34:23","modified_gmt":"2025-11-30T21:34:23","slug":"sonoskin-ultraschall-trainingsplattform","status":"publish","type":"product","link":"https:\/\/lifesupportdistribution.fr\/de\/produkt\/sonoskin-ultraschall-trainingsplattform\/","title":{"rendered":"SonoSkin\u00ae \u2013 Ultraschall-Trainingsplattform"},"content":{"rendered":"<p>Das SonoSkin\u00ae von Simulab bietet eine umfassende und mobile L\u00f6sung f\u00fcr die Lehre der klinischen Sonographie.<br \/>\nEs besteht aus einer computerkompatiblen Simulationssoftware, die mit einer simulierten Ultraschallsonde mit USB-Anschluss verbunden ist.<br \/>\nVerschiedene Module sind verf\u00fcgbar, um eine breite Palette von Untersuchungen abzudecken: abdominal, thorakal, kardial oder geburtshilflich.<br \/>\nDie angezeigten Bilder stammen aus realen klinischen F\u00e4llen und erm\u00f6glichen das Verst\u00e4ndnis normaler und pathologischer Variationen.<br \/>\nDer Benutzer kann zwischen transversalen und longitudinalen Ansichten w\u00e4hlen, um die Analyse anatomischer Strukturen zu \u00fcben.<br \/>\nEinfach zu installieren und zu transportieren, richtet sich das SonoSkin\u00ae an Gesundheitsschulen, medizinische Fakult\u00e4ten und Simulationszentren, die die Ausbildung in der diagnostischen Sonographie st\u00e4rken m\u00f6chten.<\/p>\n","protected":false},"excerpt":{"rendered":"<p>Der SonoSkin\u00ae ist eine tragbare Trainingsplattform f\u00fcr das Erlernen von FAST- und eFAST-Ultraschalluntersuchungen.<br \/>\nSie erm\u00f6glicht den Erwerb der notwendigen F\u00e4higkeiten zur Befundung und Interpretation physiologischer und pathologischer Ultraschallbilder anhand realer Patientenf\u00e4lle.<\/p>\n","protected":false},"featured_media":2566,"template":"","meta":[],"product_brand":[210],"product_cat":[225],"product_tag":[237,249,252,245,236,248],"class_list":{"0":"post-6080","1":"product","2":"type-product","3":"status-publish","4":"has-post-thumbnail","6":"product_brand-simulab","7":"product_cat-simulationssoftware","8":"product_tag-anasthesie","9":"product_tag-innere-medizin","10":"product_tag-intensivmedizin","11":"product_tag-intensivpflege","12":"product_tag-notfallmedizin","13":"product_tag-radiologie","15":"first","16":"instock","17":"shipping-taxable","18":"purchasable","19":"product-type-simple"},"yoast_head":"<!-- This site is optimized with the Yoast SEO plugin v26.8 - https:\/\/yoast.com\/product\/yoast-seo-wordpress\/ -->\n<title>SonoSkin\u00ae \u2013 Ultraschalltraining<\/title>\n<meta name=\"description\" content=\"SonoSkin\u00ae von Simulab, realistische Ultraschall-Trainingsplattform. Ideal zum sicheren \u00dcben von Lokalisierung, F\u00fchrung und klinischen Handgriffen.\" \/>\n<meta name=\"robots\" content=\"index, follow, max-snippet:-1, max-image-preview:large, max-video-preview:-1\" \/>\n<link rel=\"canonical\" href=\"https:\/\/lifesupportdistribution.fr\/de\/produkt\/sonoskin-ultraschall-trainingsplattform\/\" \/>\n<meta property=\"og:locale\" content=\"de_DE\" \/>\n<meta property=\"og:type\" content=\"article\" \/>\n<meta property=\"og:title\" content=\"SonoSkin\u00ae \u2013 Ultraschalltraining\" \/>\n<meta property=\"og:description\" content=\"SonoSkin\u00ae von Simulab, realistische Ultraschall-Trainingsplattform. Ideal zum sicheren \u00dcben von Lokalisierung, F\u00fchrung und klinischen Handgriffen.\" \/>\n<meta property=\"og:url\" content=\"https:\/\/lifesupportdistribution.fr\/de\/produkt\/sonoskin-ultraschall-trainingsplattform\/\" \/>\n<meta property=\"og:site_name\" content=\"Life Support Distribution\" \/>\n<meta property=\"og:image\" content=\"https:\/\/lifesupportdistribution.fr\/wp-content\/uploads\/2025\/11\/SonoSkin-1.png\" \/>\n\t<meta property=\"og:image:width\" content=\"842\" \/>\n\t<meta property=\"og:image:height\" content=\"526\" \/>\n\t<meta property=\"og:image:type\" content=\"image\/png\" \/>\n<meta name=\"twitter:card\" content=\"summary_large_image\" \/>\n<meta name=\"twitter:label1\" content=\"Gesch\u00e4tzte Lesezeit\" \/>\n\t<meta name=\"twitter:data1\" content=\"1\u00a0Minute\" \/>\n<script type=\"application\/ld+json\" class=\"yoast-schema-graph\">{\"@context\":\"https:\/\/schema.org\",\"@graph\":[{\"@type\":\"WebPage\",\"@id\":\"https:\/\/lifesupportdistribution.fr\/de\/produkt\/sonoskin-ultraschall-trainingsplattform\/\",\"url\":\"https:\/\/lifesupportdistribution.fr\/de\/produkt\/sonoskin-ultraschall-trainingsplattform\/\",\"name\":\"SonoSkin\u00ae \u2013 Ultraschalltraining\",\"isPartOf\":{\"@id\":\"https:\/\/lifesupportdistribution.fr\/de\/#website\"},\"primaryImageOfPage\":{\"@id\":\"https:\/\/lifesupportdistribution.fr\/de\/produkt\/sonoskin-ultraschall-trainingsplattform\/#primaryimage\"},\"image\":{\"@id\":\"https:\/\/lifesupportdistribution.fr\/de\/produkt\/sonoskin-ultraschall-trainingsplattform\/#primaryimage\"},\"thumbnailUrl\":\"https:\/\/lifesupportdistribution.fr\/wp-content\/uploads\/2025\/11\/SonoSkin-1.png\",\"datePublished\":\"2025-11-30T21:34:23+00:00\",\"description\":\"SonoSkin\u00ae von Simulab, realistische Ultraschall-Trainingsplattform. Ideal zum sicheren \u00dcben von Lokalisierung, F\u00fchrung und klinischen Handgriffen.\",\"breadcrumb\":{\"@id\":\"https:\/\/lifesupportdistribution.fr\/de\/produkt\/sonoskin-ultraschall-trainingsplattform\/#breadcrumb\"},\"inLanguage\":\"de\",\"potentialAction\":[{\"@type\":\"ReadAction\",\"target\":[\"https:\/\/lifesupportdistribution.fr\/de\/produkt\/sonoskin-ultraschall-trainingsplattform\/\"]}]},{\"@type\":\"ImageObject\",\"inLanguage\":\"de\",\"@id\":\"https:\/\/lifesupportdistribution.fr\/de\/produkt\/sonoskin-ultraschall-trainingsplattform\/#primaryimage\",\"url\":\"https:\/\/lifesupportdistribution.fr\/wp-content\/uploads\/2025\/11\/SonoSkin-1.png\",\"contentUrl\":\"https:\/\/lifesupportdistribution.fr\/wp-content\/uploads\/2025\/11\/SonoSkin-1.png\",\"width\":842,\"height\":526},{\"@type\":\"BreadcrumbList\",\"@id\":\"https:\/\/lifesupportdistribution.fr\/de\/produkt\/sonoskin-ultraschall-trainingsplattform\/#breadcrumb\",\"itemListElement\":[{\"@type\":\"ListItem\",\"position\":1,\"name\":\"Accueil\",\"item\":\"https:\/\/lifesupportdistribution.fr\/de\/startseite\/\"},{\"@type\":\"ListItem\",\"position\":2,\"name\":\"Shop\",\"item\":\"https:\/\/lifesupportdistribution.fr\/de\/shop\/\"},{\"@type\":\"ListItem\",\"position\":3,\"name\":\"SonoSkin\u00ae \u2013 Ultraschall-Trainingsplattform\"}]},{\"@type\":\"WebSite\",\"@id\":\"https:\/\/lifesupportdistribution.fr\/de\/#website\",\"url\":\"https:\/\/lifesupportdistribution.fr\/de\/\",\"name\":\"Life Support Distribution\",\"description\":\"Solutions en simulation m\u00e9dicale\",\"publisher\":{\"@id\":\"https:\/\/lifesupportdistribution.fr\/de\/#organization\"},\"potentialAction\":[{\"@type\":\"SearchAction\",\"target\":{\"@type\":\"EntryPoint\",\"urlTemplate\":\"https:\/\/lifesupportdistribution.fr\/de\/?s={search_term_string}\"},\"query-input\":{\"@type\":\"PropertyValueSpecification\",\"valueRequired\":true,\"valueName\":\"search_term_string\"}}],\"inLanguage\":\"de\"},{\"@type\":\"Organization\",\"@id\":\"https:\/\/lifesupportdistribution.fr\/de\/#organization\",\"name\":\"Life Support Distribution\",\"url\":\"https:\/\/lifesupportdistribution.fr\/de\/\",\"logo\":{\"@type\":\"ImageObject\",\"inLanguage\":\"de\",\"@id\":\"https:\/\/lifesupportdistribution.fr\/de\/#\/schema\/logo\/image\/\",\"url\":\"https:\/\/lifesupportdistribution.fr\/wp-content\/uploads\/2025\/10\/logo-life-support-distribution.svg\",\"contentUrl\":\"https:\/\/lifesupportdistribution.fr\/wp-content\/uploads\/2025\/10\/logo-life-support-distribution.svg\",\"width\":698,\"height\":223,\"caption\":\"Life Support Distribution\"},\"image\":{\"@id\":\"https:\/\/lifesupportdistribution.fr\/de\/#\/schema\/logo\/image\/\"},\"sameAs\":[\"https:\/\/www.linkedin.com\/company\/life-support-distribution\/\"]}]}<\/script>\n<!-- \/ Yoast SEO plugin. -->","yoast_head_json":{"title":"SonoSkin\u00ae \u2013 Ultraschalltraining","description":"SonoSkin\u00ae von Simulab, realistische Ultraschall-Trainingsplattform. Ideal zum sicheren \u00dcben von Lokalisierung, F\u00fchrung und klinischen Handgriffen.","robots":{"index":"index","follow":"follow","max-snippet":"max-snippet:-1","max-image-preview":"max-image-preview:large","max-video-preview":"max-video-preview:-1"},"canonical":"https:\/\/lifesupportdistribution.fr\/de\/produkt\/sonoskin-ultraschall-trainingsplattform\/","og_locale":"de_DE","og_type":"article","og_title":"SonoSkin\u00ae \u2013 Ultraschalltraining","og_description":"SonoSkin\u00ae von Simulab, realistische Ultraschall-Trainingsplattform. Ideal zum sicheren \u00dcben von Lokalisierung, F\u00fchrung und klinischen Handgriffen.","og_url":"https:\/\/lifesupportdistribution.fr\/de\/produkt\/sonoskin-ultraschall-trainingsplattform\/","og_site_name":"Life Support Distribution","og_image":[{"width":842,"height":526,"url":"https:\/\/lifesupportdistribution.fr\/wp-content\/uploads\/2025\/11\/SonoSkin-1.png","type":"image\/png"}],"twitter_card":"summary_large_image","twitter_misc":{"Gesch\u00e4tzte Lesezeit":"1\u00a0Minute"},"schema":{"@context":"https:\/\/schema.org","@graph":[{"@type":"WebPage","@id":"https:\/\/lifesupportdistribution.fr\/de\/produkt\/sonoskin-ultraschall-trainingsplattform\/","url":"https:\/\/lifesupportdistribution.fr\/de\/produkt\/sonoskin-ultraschall-trainingsplattform\/","name":"SonoSkin\u00ae \u2013 Ultraschalltraining","isPartOf":{"@id":"https:\/\/lifesupportdistribution.fr\/de\/#website"},"primaryImageOfPage":{"@id":"https:\/\/lifesupportdistribution.fr\/de\/produkt\/sonoskin-ultraschall-trainingsplattform\/#primaryimage"},"image":{"@id":"https:\/\/lifesupportdistribution.fr\/de\/produkt\/sonoskin-ultraschall-trainingsplattform\/#primaryimage"},"thumbnailUrl":"https:\/\/lifesupportdistribution.fr\/wp-content\/uploads\/2025\/11\/SonoSkin-1.png","datePublished":"2025-11-30T21:34:23+00:00","description":"SonoSkin\u00ae von Simulab, realistische Ultraschall-Trainingsplattform. Ideal zum sicheren \u00dcben von Lokalisierung, F\u00fchrung und klinischen Handgriffen.","breadcrumb":{"@id":"https:\/\/lifesupportdistribution.fr\/de\/produkt\/sonoskin-ultraschall-trainingsplattform\/#breadcrumb"},"inLanguage":"de","potentialAction":[{"@type":"ReadAction","target":["https:\/\/lifesupportdistribution.fr\/de\/produkt\/sonoskin-ultraschall-trainingsplattform\/"]}]},{"@type":"ImageObject","inLanguage":"de","@id":"https:\/\/lifesupportdistribution.fr\/de\/produkt\/sonoskin-ultraschall-trainingsplattform\/#primaryimage","url":"https:\/\/lifesupportdistribution.fr\/wp-content\/uploads\/2025\/11\/SonoSkin-1.png","contentUrl":"https:\/\/lifesupportdistribution.fr\/wp-content\/uploads\/2025\/11\/SonoSkin-1.png","width":842,"height":526},{"@type":"BreadcrumbList","@id":"https:\/\/lifesupportdistribution.fr\/de\/produkt\/sonoskin-ultraschall-trainingsplattform\/#breadcrumb","itemListElement":[{"@type":"ListItem","position":1,"name":"Accueil","item":"https:\/\/lifesupportdistribution.fr\/de\/startseite\/"},{"@type":"ListItem","position":2,"name":"Shop","item":"https:\/\/lifesupportdistribution.fr\/de\/shop\/"},{"@type":"ListItem","position":3,"name":"SonoSkin\u00ae \u2013 Ultraschall-Trainingsplattform"}]},{"@type":"WebSite","@id":"https:\/\/lifesupportdistribution.fr\/de\/#website","url":"https:\/\/lifesupportdistribution.fr\/de\/","name":"Life Support Distribution","description":"Solutions en simulation m\u00e9dicale","publisher":{"@id":"https:\/\/lifesupportdistribution.fr\/de\/#organization"},"potentialAction":[{"@type":"SearchAction","target":{"@type":"EntryPoint","urlTemplate":"https:\/\/lifesupportdistribution.fr\/de\/?s={search_term_string}"},"query-input":{"@type":"PropertyValueSpecification","valueRequired":true,"valueName":"search_term_string"}}],"inLanguage":"de"},{"@type":"Organization","@id":"https:\/\/lifesupportdistribution.fr\/de\/#organization","name":"Life Support Distribution","url":"https:\/\/lifesupportdistribution.fr\/de\/","logo":{"@type":"ImageObject","inLanguage":"de","@id":"https:\/\/lifesupportdistribution.fr\/de\/#\/schema\/logo\/image\/","url":"https:\/\/lifesupportdistribution.fr\/wp-content\/uploads\/2025\/10\/logo-life-support-distribution.svg","contentUrl":"https:\/\/lifesupportdistribution.fr\/wp-content\/uploads\/2025\/10\/logo-life-support-distribution.svg","width":698,"height":223,"caption":"Life Support Distribution"},"image":{"@id":"https:\/\/lifesupportdistribution.fr\/de\/#\/schema\/logo\/image\/"},"sameAs":["https:\/\/www.linkedin.com\/company\/life-support-distribution\/"]}]}},"_links":{"self":[{"href":"https:\/\/lifesupportdistribution.fr\/de\/wp-json\/wp\/v2\/product\/6080","targetHints":{"allow":["GET"]}}],"collection":[{"href":"https:\/\/lifesupportdistribution.fr\/de\/wp-json\/wp\/v2\/product"}],"about":[{"href":"https:\/\/lifesupportdistribution.fr\/de\/wp-json\/wp\/v2\/types\/product"}],"wp:featuredmedia":[{"embeddable":true,"href":"https:\/\/lifesupportdistribution.fr\/de\/wp-json\/wp\/v2\/media\/2566"}],"wp:attachment":[{"href":"https:\/\/lifesupportdistribution.fr\/de\/wp-json\/wp\/v2\/media?parent=6080"}],"wp:term":[{"taxonomy":"product_brand","embeddable":true,"href":"https:\/\/lifesupportdistribution.fr\/de\/wp-json\/wp\/v2\/product_brand?post=6080"},{"taxonomy":"product_cat","embeddable":true,"href":"https:\/\/lifesupportdistribution.fr\/de\/wp-json\/wp\/v2\/product_cat?post=6080"},{"taxonomy":"product_tag","embeddable":true,"href":"https:\/\/lifesupportdistribution.fr\/de\/wp-json\/wp\/v2\/product_tag?post=6080"}],"curies":[{"name":"wp","href":"https:\/\/api.w.org\/{rel}","templated":true}]}}