{"id":6089,"date":"2025-11-30T19:10:50","date_gmt":"2025-11-30T18:10:50","guid":{"rendered":"https:\/\/lifesupportdistribution.fr\/produits\/peter-picc-linie\/"},"modified":"2025-11-30T19:10:50","modified_gmt":"2025-11-30T18:10:50","slug":"peter-picc-linie","status":"publish","type":"product","link":"https:\/\/lifesupportdistribution.fr\/de\/produkt\/peter-picc-linie\/","title":{"rendered":"Peter PICC&#x2122; Linie"},"content":{"rendered":"<p>Der Peter PICC Line&#x2122; Simulator ist eine Komplettl\u00f6sung f\u00fcr das Training der PICC-Katheterinsertion. Sein realistisches anatomisches Design integriert ein durchgehendes internes Schlauchsystem, das den Katheterweg zur oberen Hohlvene reproduziert und eine visuelle Best\u00e4tigung der korrekten Positionierung durch ein Seitenfenster bietet.<br \/>\nEin bewegliches Kinn erm\u00f6glicht die Simulation der Jugularvenenokklusion, wodurch das Fortschreiten des Katheters blockiert wird, um die Reaktion und Pr\u00e4zision des Eingriffs zu testen.<br \/>\nGeliefert mit einem Beutel simulierten Blutes, Infusionsschl\u00e4uchen, einer Bedienungsanleitung und einem robusten Transportkoffer, garantiert dieses Modell ein umfassendes, mobiles und langlebiges Training.<br \/>\nEntwickelt f\u00fcr Lehrumgebungen, Krankenh\u00e4user und Simulationszentren, kombiniert der Peter PICC Line&#x2122; klinischen Realismus mit logistischer Einfachheit f\u00fcr wiederholten Einsatz ohne komplexe Wartung. <\/p>\n","protected":false},"excerpt":{"rendered":"<p>Der Peter PICC Line&#x2122; von VATA ist der einzige Simulator, der entwickelt wurde, um die Technik der Platzierung peripher eingef\u00fchrter zentraler Katheter (PICC) zu lehren, zu \u00fcben und zu bewerten. Dieses Modell reproduziert getreu die Morphologie und den Widerstand menschlicher Gewebe und bietet eine immersive Erfahrung f\u00fcr das Training des gesamten Verfahrens, von der sterilen Vorbereitung bis zur Best\u00e4tigung der Katheterposition.<br \/>\nDank seines lebensgro\u00dfen Designs und seines simulierten Jugularvenen-Okklusionssystems erm\u00f6glicht er ein progressives und sicheres Lernen, geeignet f\u00fcr Studenten, spezialisierte Pflegekr\u00e4fte und medizinisches Fachpersonal in der Weiterbildung. <\/p>\n","protected":false},"featured_media":2552,"template":"","meta":[],"product_brand":[213],"product_cat":[222],"product_tag":[237,252,245,251,234],"class_list":{"0":"post-6089","1":"product","2":"type-product","3":"status-publish","4":"has-post-thumbnail","6":"product_brand-vata","7":"product_cat-simulatoren-fur-medizinische-versorgung","8":"product_tag-anasthesie","9":"product_tag-intensivmedizin","10":"product_tag-intensivpflege","11":"product_tag-krankenpflege","12":"product_tag-onkologie","14":"first","15":"instock","16":"shipping-taxable","17":"purchasable","18":"product-type-simple"},"yoast_head":"<!-- This site is optimized with the Yoast SEO plugin v26.8 - https:\/\/yoast.com\/product\/yoast-seo-wordpress\/ -->\n<title>Peter PICC\u2122 VATA Linie<\/title>\n<meta name=\"description\" content=\"Peter PICC\u2122 VATA Linie f\u00fcr das Training zentralven\u00f6ser Zug\u00e4nge. Erm\u00f6glicht das \u00dcben von sicherer Handhabung, Sp\u00fclung und Pflege.\" \/>\n<meta name=\"robots\" content=\"index, follow, max-snippet:-1, max-image-preview:large, max-video-preview:-1\" \/>\n<link rel=\"canonical\" href=\"https:\/\/lifesupportdistribution.fr\/de\/produkt\/peter-picc-linie\/\" \/>\n<meta property=\"og:locale\" content=\"de_DE\" \/>\n<meta property=\"og:type\" content=\"article\" \/>\n<meta property=\"og:title\" content=\"Peter PICC\u2122 VATA Linie\" \/>\n<meta property=\"og:description\" content=\"Peter PICC\u2122 VATA Linie f\u00fcr das Training zentralven\u00f6ser Zug\u00e4nge. Erm\u00f6glicht das \u00dcben von sicherer Handhabung, Sp\u00fclung und Pflege.\" \/>\n<meta property=\"og:url\" content=\"https:\/\/lifesupportdistribution.fr\/de\/produkt\/peter-picc-linie\/\" \/>\n<meta property=\"og:site_name\" content=\"Life Support Distribution\" \/>\n<meta property=\"og:image\" content=\"https:\/\/lifesupportdistribution.fr\/wp-content\/uploads\/2025\/11\/Ligne-Peter-PICC\u2122-1.png\" \/>\n\t<meta property=\"og:image:width\" content=\"522\" \/>\n\t<meta property=\"og:image:height\" content=\"406\" \/>\n\t<meta property=\"og:image:type\" content=\"image\/png\" \/>\n<meta name=\"twitter:card\" content=\"summary_large_image\" \/>\n<meta name=\"twitter:label1\" content=\"Gesch\u00e4tzte Lesezeit\" \/>\n\t<meta name=\"twitter:data1\" content=\"1\u00a0Minute\" \/>\n<script type=\"application\/ld+json\" class=\"yoast-schema-graph\">{\"@context\":\"https:\/\/schema.org\",\"@graph\":[{\"@type\":\"WebPage\",\"@id\":\"https:\/\/lifesupportdistribution.fr\/de\/produkt\/peter-picc-linie\/\",\"url\":\"https:\/\/lifesupportdistribution.fr\/de\/produkt\/peter-picc-linie\/\",\"name\":\"Peter PICC\u2122 VATA Linie\",\"isPartOf\":{\"@id\":\"https:\/\/lifesupportdistribution.fr\/de\/#website\"},\"primaryImageOfPage\":{\"@id\":\"https:\/\/lifesupportdistribution.fr\/de\/produkt\/peter-picc-linie\/#primaryimage\"},\"image\":{\"@id\":\"https:\/\/lifesupportdistribution.fr\/de\/produkt\/peter-picc-linie\/#primaryimage\"},\"thumbnailUrl\":\"https:\/\/lifesupportdistribution.fr\/wp-content\/uploads\/2025\/11\/Ligne-Peter-PICC\u2122-1.png\",\"datePublished\":\"2025-11-30T18:10:50+00:00\",\"description\":\"Peter PICC\u2122 VATA Linie f\u00fcr das Training zentralven\u00f6ser Zug\u00e4nge. Erm\u00f6glicht das \u00dcben von sicherer Handhabung, Sp\u00fclung und Pflege.\",\"breadcrumb\":{\"@id\":\"https:\/\/lifesupportdistribution.fr\/de\/produkt\/peter-picc-linie\/#breadcrumb\"},\"inLanguage\":\"de\",\"potentialAction\":[{\"@type\":\"ReadAction\",\"target\":[\"https:\/\/lifesupportdistribution.fr\/de\/produkt\/peter-picc-linie\/\"]}]},{\"@type\":\"ImageObject\",\"inLanguage\":\"de\",\"@id\":\"https:\/\/lifesupportdistribution.fr\/de\/produkt\/peter-picc-linie\/#primaryimage\",\"url\":\"https:\/\/lifesupportdistribution.fr\/wp-content\/uploads\/2025\/11\/Ligne-Peter-PICC\u2122-1.png\",\"contentUrl\":\"https:\/\/lifesupportdistribution.fr\/wp-content\/uploads\/2025\/11\/Ligne-Peter-PICC\u2122-1.png\",\"width\":522,\"height\":406},{\"@type\":\"BreadcrumbList\",\"@id\":\"https:\/\/lifesupportdistribution.fr\/de\/produkt\/peter-picc-linie\/#breadcrumb\",\"itemListElement\":[{\"@type\":\"ListItem\",\"position\":1,\"name\":\"Accueil\",\"item\":\"https:\/\/lifesupportdistribution.fr\/de\/startseite\/\"},{\"@type\":\"ListItem\",\"position\":2,\"name\":\"Shop\",\"item\":\"https:\/\/lifesupportdistribution.fr\/de\/shop\/\"},{\"@type\":\"ListItem\",\"position\":3,\"name\":\"Peter PICC&#x2122; Linie\"}]},{\"@type\":\"WebSite\",\"@id\":\"https:\/\/lifesupportdistribution.fr\/de\/#website\",\"url\":\"https:\/\/lifesupportdistribution.fr\/de\/\",\"name\":\"Life Support Distribution\",\"description\":\"Solutions en simulation m\u00e9dicale\",\"publisher\":{\"@id\":\"https:\/\/lifesupportdistribution.fr\/de\/#organization\"},\"potentialAction\":[{\"@type\":\"SearchAction\",\"target\":{\"@type\":\"EntryPoint\",\"urlTemplate\":\"https:\/\/lifesupportdistribution.fr\/de\/?s={search_term_string}\"},\"query-input\":{\"@type\":\"PropertyValueSpecification\",\"valueRequired\":true,\"valueName\":\"search_term_string\"}}],\"inLanguage\":\"de\"},{\"@type\":\"Organization\",\"@id\":\"https:\/\/lifesupportdistribution.fr\/de\/#organization\",\"name\":\"Life Support Distribution\",\"url\":\"https:\/\/lifesupportdistribution.fr\/de\/\",\"logo\":{\"@type\":\"ImageObject\",\"inLanguage\":\"de\",\"@id\":\"https:\/\/lifesupportdistribution.fr\/de\/#\/schema\/logo\/image\/\",\"url\":\"https:\/\/lifesupportdistribution.fr\/wp-content\/uploads\/2025\/10\/logo-life-support-distribution.svg\",\"contentUrl\":\"https:\/\/lifesupportdistribution.fr\/wp-content\/uploads\/2025\/10\/logo-life-support-distribution.svg\",\"width\":698,\"height\":223,\"caption\":\"Life Support Distribution\"},\"image\":{\"@id\":\"https:\/\/lifesupportdistribution.fr\/de\/#\/schema\/logo\/image\/\"},\"sameAs\":[\"https:\/\/www.linkedin.com\/company\/life-support-distribution\/\"]}]}<\/script>\n<!-- \/ Yoast SEO plugin. -->","yoast_head_json":{"title":"Peter PICC\u2122 VATA Linie","description":"Peter PICC\u2122 VATA Linie f\u00fcr das Training zentralven\u00f6ser Zug\u00e4nge. Erm\u00f6glicht das \u00dcben von sicherer Handhabung, Sp\u00fclung und Pflege.","robots":{"index":"index","follow":"follow","max-snippet":"max-snippet:-1","max-image-preview":"max-image-preview:large","max-video-preview":"max-video-preview:-1"},"canonical":"https:\/\/lifesupportdistribution.fr\/de\/produkt\/peter-picc-linie\/","og_locale":"de_DE","og_type":"article","og_title":"Peter PICC\u2122 VATA Linie","og_description":"Peter PICC\u2122 VATA Linie f\u00fcr das Training zentralven\u00f6ser Zug\u00e4nge. Erm\u00f6glicht das \u00dcben von sicherer Handhabung, Sp\u00fclung und Pflege.","og_url":"https:\/\/lifesupportdistribution.fr\/de\/produkt\/peter-picc-linie\/","og_site_name":"Life Support Distribution","og_image":[{"width":522,"height":406,"url":"https:\/\/lifesupportdistribution.fr\/wp-content\/uploads\/2025\/11\/Ligne-Peter-PICC\u2122-1.png","type":"image\/png"}],"twitter_card":"summary_large_image","twitter_misc":{"Gesch\u00e4tzte Lesezeit":"1\u00a0Minute"},"schema":{"@context":"https:\/\/schema.org","@graph":[{"@type":"WebPage","@id":"https:\/\/lifesupportdistribution.fr\/de\/produkt\/peter-picc-linie\/","url":"https:\/\/lifesupportdistribution.fr\/de\/produkt\/peter-picc-linie\/","name":"Peter PICC\u2122 VATA Linie","isPartOf":{"@id":"https:\/\/lifesupportdistribution.fr\/de\/#website"},"primaryImageOfPage":{"@id":"https:\/\/lifesupportdistribution.fr\/de\/produkt\/peter-picc-linie\/#primaryimage"},"image":{"@id":"https:\/\/lifesupportdistribution.fr\/de\/produkt\/peter-picc-linie\/#primaryimage"},"thumbnailUrl":"https:\/\/lifesupportdistribution.fr\/wp-content\/uploads\/2025\/11\/Ligne-Peter-PICC\u2122-1.png","datePublished":"2025-11-30T18:10:50+00:00","description":"Peter PICC\u2122 VATA Linie f\u00fcr das Training zentralven\u00f6ser Zug\u00e4nge. Erm\u00f6glicht das \u00dcben von sicherer Handhabung, Sp\u00fclung und Pflege.","breadcrumb":{"@id":"https:\/\/lifesupportdistribution.fr\/de\/produkt\/peter-picc-linie\/#breadcrumb"},"inLanguage":"de","potentialAction":[{"@type":"ReadAction","target":["https:\/\/lifesupportdistribution.fr\/de\/produkt\/peter-picc-linie\/"]}]},{"@type":"ImageObject","inLanguage":"de","@id":"https:\/\/lifesupportdistribution.fr\/de\/produkt\/peter-picc-linie\/#primaryimage","url":"https:\/\/lifesupportdistribution.fr\/wp-content\/uploads\/2025\/11\/Ligne-Peter-PICC\u2122-1.png","contentUrl":"https:\/\/lifesupportdistribution.fr\/wp-content\/uploads\/2025\/11\/Ligne-Peter-PICC\u2122-1.png","width":522,"height":406},{"@type":"BreadcrumbList","@id":"https:\/\/lifesupportdistribution.fr\/de\/produkt\/peter-picc-linie\/#breadcrumb","itemListElement":[{"@type":"ListItem","position":1,"name":"Accueil","item":"https:\/\/lifesupportdistribution.fr\/de\/startseite\/"},{"@type":"ListItem","position":2,"name":"Shop","item":"https:\/\/lifesupportdistribution.fr\/de\/shop\/"},{"@type":"ListItem","position":3,"name":"Peter PICC&#x2122; Linie"}]},{"@type":"WebSite","@id":"https:\/\/lifesupportdistribution.fr\/de\/#website","url":"https:\/\/lifesupportdistribution.fr\/de\/","name":"Life Support Distribution","description":"Solutions en simulation m\u00e9dicale","publisher":{"@id":"https:\/\/lifesupportdistribution.fr\/de\/#organization"},"potentialAction":[{"@type":"SearchAction","target":{"@type":"EntryPoint","urlTemplate":"https:\/\/lifesupportdistribution.fr\/de\/?s={search_term_string}"},"query-input":{"@type":"PropertyValueSpecification","valueRequired":true,"valueName":"search_term_string"}}],"inLanguage":"de"},{"@type":"Organization","@id":"https:\/\/lifesupportdistribution.fr\/de\/#organization","name":"Life Support Distribution","url":"https:\/\/lifesupportdistribution.fr\/de\/","logo":{"@type":"ImageObject","inLanguage":"de","@id":"https:\/\/lifesupportdistribution.fr\/de\/#\/schema\/logo\/image\/","url":"https:\/\/lifesupportdistribution.fr\/wp-content\/uploads\/2025\/10\/logo-life-support-distribution.svg","contentUrl":"https:\/\/lifesupportdistribution.fr\/wp-content\/uploads\/2025\/10\/logo-life-support-distribution.svg","width":698,"height":223,"caption":"Life Support Distribution"},"image":{"@id":"https:\/\/lifesupportdistribution.fr\/de\/#\/schema\/logo\/image\/"},"sameAs":["https:\/\/www.linkedin.com\/company\/life-support-distribution\/"]}]}},"_links":{"self":[{"href":"https:\/\/lifesupportdistribution.fr\/de\/wp-json\/wp\/v2\/product\/6089","targetHints":{"allow":["GET"]}}],"collection":[{"href":"https:\/\/lifesupportdistribution.fr\/de\/wp-json\/wp\/v2\/product"}],"about":[{"href":"https:\/\/lifesupportdistribution.fr\/de\/wp-json\/wp\/v2\/types\/product"}],"wp:featuredmedia":[{"embeddable":true,"href":"https:\/\/lifesupportdistribution.fr\/de\/wp-json\/wp\/v2\/media\/2552"}],"wp:attachment":[{"href":"https:\/\/lifesupportdistribution.fr\/de\/wp-json\/wp\/v2\/media?parent=6089"}],"wp:term":[{"taxonomy":"product_brand","embeddable":true,"href":"https:\/\/lifesupportdistribution.fr\/de\/wp-json\/wp\/v2\/product_brand?post=6089"},{"taxonomy":"product_cat","embeddable":true,"href":"https:\/\/lifesupportdistribution.fr\/de\/wp-json\/wp\/v2\/product_cat?post=6089"},{"taxonomy":"product_tag","embeddable":true,"href":"https:\/\/lifesupportdistribution.fr\/de\/wp-json\/wp\/v2\/product_tag?post=6089"}],"curies":[{"name":"wp","href":"https:\/\/api.w.org\/{rel}","templated":true}]}}