{"id":6092,"date":"2025-11-30T19:30:27","date_gmt":"2025-11-30T18:30:27","guid":{"rendered":"https:\/\/lifesupportdistribution.fr\/produits\/simulator-fuer-stomaanlage-und-pflege\/"},"modified":"2025-11-30T19:30:27","modified_gmt":"2025-11-30T18:30:27","slug":"simulator-fuer-stomaanlage-und-pflege","status":"publish","type":"product","link":"https:\/\/lifesupportdistribution.fr\/de\/produkt\/simulator-fuer-stomaanlage-und-pflege\/","title":{"rendered":"Simulator f\u00fcr Stomaanlage und -pflege"},"content":{"rendered":"<p>Das VATA Ostomy Pouching Trainer&#x2122; Modell ist ein p\u00e4dagogischer Simulator, der Patienten, deren Angeh\u00f6rige und medizinisches Fachpersonal auf das t\u00e4gliche Stomamanagement vorbereiten soll. Es f\u00f6rdert das Verst\u00e4ndnis, die Autonomie und die Reduzierung von \u00c4ngsten angesichts dieser neuen Lebenssituation, w\u00e4hrend es gleichzeitig die Lebensqualit\u00e4t der Anwender verbessert.<br \/>\nDieser realistische Simulator erm\u00f6glicht das \u00dcben der Techniken zum Anlegen und zur Pflege von Stomabeuteln, wobei eine pr\u00e4zise Hand-Augen-Koordination entwickelt wird. Er bietet auch eine ideale Unterst\u00fctzung f\u00fcr die pr\u00e4operative Schulung, die es zuk\u00fcnftigen Stomatr\u00e4gern und ihren Familien erm\u00f6glicht, sich vor der Operation mit dem Material und den Handgriffen vertraut zu machen.  <\/p>\n","protected":false},"excerpt":{"rendered":"<p>Das VATA Ostomy Pouching Trainer&#x2122; Modell ist ein p\u00e4dagogischer Simulator, der Patienten, deren Angeh\u00f6rige und medizinisches Fachpersonal auf das t\u00e4gliche Stomamanagement vorbereiten soll. Es f\u00f6rdert das Verst\u00e4ndnis, die Autonomie und die Reduzierung von \u00c4ngsten angesichts dieser neuen Lebenssituation, w\u00e4hrend es gleichzeitig die Lebensqualit\u00e4t der Anwender verbessert.<br \/>\nDieser realistische Simulator erm\u00f6glicht das \u00dcben der Techniken zum Anlegen und zur Pflege von Stomabeuteln, wobei eine pr\u00e4zise Hand-Augen-Koordination entwickelt wird. Er bietet auch eine ideale Unterst\u00fctzung f\u00fcr die pr\u00e4operative Schulung, die es zuk\u00fcnftigen Stomatr\u00e4gern und ihren Familien erm\u00f6glicht, sich vor der Operation mit dem Material und den Handgriffen vertraut zu machen.  <\/p>\n","protected":false},"featured_media":2556,"template":"","meta":[],"product_brand":[213],"product_cat":[222],"product_tag":[250,242,249,251],"class_list":{"0":"post-6092","1":"product","2":"type-product","3":"status-publish","4":"has-post-thumbnail","6":"product_brand-vata","7":"product_cat-simulatoren-fur-medizinische-versorgung","8":"product_tag-chirurgie","9":"product_tag-gastroenterologie","10":"product_tag-innere-medizin","11":"product_tag-krankenpflege","13":"first","14":"instock","15":"shipping-taxable","16":"purchasable","17":"product-type-simple"},"yoast_head":"<!-- This site is optimized with the Yoast SEO plugin v26.8 - https:\/\/yoast.com\/product\/yoast-seo-wordpress\/ -->\n<title>Ostomy Pouching Trainer\u2122 VATA<\/title>\n<meta name=\"description\" content=\"Ostomy Pouching Trainer\u2122 VATA zum Erlernen des Stomamanagements. Ideal zum \u00dcben des Beutelwechsels, der Pflege und sicherer Handgriffe.\" \/>\n<meta name=\"robots\" content=\"index, follow, max-snippet:-1, max-image-preview:large, max-video-preview:-1\" \/>\n<link rel=\"canonical\" href=\"https:\/\/lifesupportdistribution.fr\/de\/produkt\/simulator-fuer-stomaanlage-und-pflege\/\" \/>\n<meta property=\"og:locale\" content=\"de_DE\" \/>\n<meta property=\"og:type\" content=\"article\" \/>\n<meta property=\"og:title\" content=\"Ostomy Pouching Trainer\u2122 VATA\" \/>\n<meta property=\"og:description\" content=\"Ostomy Pouching Trainer\u2122 VATA zum Erlernen des Stomamanagements. Ideal zum \u00dcben des Beutelwechsels, der Pflege und sicherer Handgriffe.\" \/>\n<meta property=\"og:url\" content=\"https:\/\/lifesupportdistribution.fr\/de\/produkt\/simulator-fuer-stomaanlage-und-pflege\/\" \/>\n<meta property=\"og:site_name\" content=\"Life Support Distribution\" \/>\n<meta property=\"og:image\" content=\"https:\/\/lifesupportdistribution.fr\/wp-content\/uploads\/2025\/11\/Pose-et-soins-de-stomie-1.png\" \/>\n\t<meta property=\"og:image:width\" content=\"590\" \/>\n\t<meta property=\"og:image:height\" content=\"540\" \/>\n\t<meta property=\"og:image:type\" content=\"image\/png\" \/>\n<meta name=\"twitter:card\" content=\"summary_large_image\" \/>\n<meta name=\"twitter:label1\" content=\"Gesch\u00e4tzte Lesezeit\" \/>\n\t<meta name=\"twitter:data1\" content=\"1\u00a0Minute\" \/>\n<script type=\"application\/ld+json\" class=\"yoast-schema-graph\">{\"@context\":\"https:\/\/schema.org\",\"@graph\":[{\"@type\":\"WebPage\",\"@id\":\"https:\/\/lifesupportdistribution.fr\/de\/produkt\/simulator-fuer-stomaanlage-und-pflege\/\",\"url\":\"https:\/\/lifesupportdistribution.fr\/de\/produkt\/simulator-fuer-stomaanlage-und-pflege\/\",\"name\":\"Ostomy Pouching Trainer\u2122 VATA\",\"isPartOf\":{\"@id\":\"https:\/\/lifesupportdistribution.fr\/de\/#website\"},\"primaryImageOfPage\":{\"@id\":\"https:\/\/lifesupportdistribution.fr\/de\/produkt\/simulator-fuer-stomaanlage-und-pflege\/#primaryimage\"},\"image\":{\"@id\":\"https:\/\/lifesupportdistribution.fr\/de\/produkt\/simulator-fuer-stomaanlage-und-pflege\/#primaryimage\"},\"thumbnailUrl\":\"https:\/\/lifesupportdistribution.fr\/wp-content\/uploads\/2025\/11\/Pose-et-soins-de-stomie-1.png\",\"datePublished\":\"2025-11-30T18:30:27+00:00\",\"description\":\"Ostomy Pouching Trainer\u2122 VATA zum Erlernen des Stomamanagements. Ideal zum \u00dcben des Beutelwechsels, der Pflege und sicherer Handgriffe.\",\"breadcrumb\":{\"@id\":\"https:\/\/lifesupportdistribution.fr\/de\/produkt\/simulator-fuer-stomaanlage-und-pflege\/#breadcrumb\"},\"inLanguage\":\"de\",\"potentialAction\":[{\"@type\":\"ReadAction\",\"target\":[\"https:\/\/lifesupportdistribution.fr\/de\/produkt\/simulator-fuer-stomaanlage-und-pflege\/\"]}]},{\"@type\":\"ImageObject\",\"inLanguage\":\"de\",\"@id\":\"https:\/\/lifesupportdistribution.fr\/de\/produkt\/simulator-fuer-stomaanlage-und-pflege\/#primaryimage\",\"url\":\"https:\/\/lifesupportdistribution.fr\/wp-content\/uploads\/2025\/11\/Pose-et-soins-de-stomie-1.png\",\"contentUrl\":\"https:\/\/lifesupportdistribution.fr\/wp-content\/uploads\/2025\/11\/Pose-et-soins-de-stomie-1.png\",\"width\":590,\"height\":540},{\"@type\":\"BreadcrumbList\",\"@id\":\"https:\/\/lifesupportdistribution.fr\/de\/produkt\/simulator-fuer-stomaanlage-und-pflege\/#breadcrumb\",\"itemListElement\":[{\"@type\":\"ListItem\",\"position\":1,\"name\":\"Accueil\",\"item\":\"https:\/\/lifesupportdistribution.fr\/de\/startseite\/\"},{\"@type\":\"ListItem\",\"position\":2,\"name\":\"Shop\",\"item\":\"https:\/\/lifesupportdistribution.fr\/de\/shop\/\"},{\"@type\":\"ListItem\",\"position\":3,\"name\":\"Simulator f\u00fcr Stomaanlage und -pflege\"}]},{\"@type\":\"WebSite\",\"@id\":\"https:\/\/lifesupportdistribution.fr\/de\/#website\",\"url\":\"https:\/\/lifesupportdistribution.fr\/de\/\",\"name\":\"Life Support Distribution\",\"description\":\"Solutions en simulation m\u00e9dicale\",\"publisher\":{\"@id\":\"https:\/\/lifesupportdistribution.fr\/de\/#organization\"},\"potentialAction\":[{\"@type\":\"SearchAction\",\"target\":{\"@type\":\"EntryPoint\",\"urlTemplate\":\"https:\/\/lifesupportdistribution.fr\/de\/?s={search_term_string}\"},\"query-input\":{\"@type\":\"PropertyValueSpecification\",\"valueRequired\":true,\"valueName\":\"search_term_string\"}}],\"inLanguage\":\"de\"},{\"@type\":\"Organization\",\"@id\":\"https:\/\/lifesupportdistribution.fr\/de\/#organization\",\"name\":\"Life Support Distribution\",\"url\":\"https:\/\/lifesupportdistribution.fr\/de\/\",\"logo\":{\"@type\":\"ImageObject\",\"inLanguage\":\"de\",\"@id\":\"https:\/\/lifesupportdistribution.fr\/de\/#\/schema\/logo\/image\/\",\"url\":\"https:\/\/lifesupportdistribution.fr\/wp-content\/uploads\/2025\/10\/logo-life-support-distribution.svg\",\"contentUrl\":\"https:\/\/lifesupportdistribution.fr\/wp-content\/uploads\/2025\/10\/logo-life-support-distribution.svg\",\"width\":698,\"height\":223,\"caption\":\"Life Support Distribution\"},\"image\":{\"@id\":\"https:\/\/lifesupportdistribution.fr\/de\/#\/schema\/logo\/image\/\"},\"sameAs\":[\"https:\/\/www.linkedin.com\/company\/life-support-distribution\/\"]}]}<\/script>\n<!-- \/ Yoast SEO plugin. -->","yoast_head_json":{"title":"Ostomy Pouching Trainer\u2122 VATA","description":"Ostomy Pouching Trainer\u2122 VATA zum Erlernen des Stomamanagements. Ideal zum \u00dcben des Beutelwechsels, der Pflege und sicherer Handgriffe.","robots":{"index":"index","follow":"follow","max-snippet":"max-snippet:-1","max-image-preview":"max-image-preview:large","max-video-preview":"max-video-preview:-1"},"canonical":"https:\/\/lifesupportdistribution.fr\/de\/produkt\/simulator-fuer-stomaanlage-und-pflege\/","og_locale":"de_DE","og_type":"article","og_title":"Ostomy Pouching Trainer\u2122 VATA","og_description":"Ostomy Pouching Trainer\u2122 VATA zum Erlernen des Stomamanagements. Ideal zum \u00dcben des Beutelwechsels, der Pflege und sicherer Handgriffe.","og_url":"https:\/\/lifesupportdistribution.fr\/de\/produkt\/simulator-fuer-stomaanlage-und-pflege\/","og_site_name":"Life Support Distribution","og_image":[{"width":590,"height":540,"url":"https:\/\/lifesupportdistribution.fr\/wp-content\/uploads\/2025\/11\/Pose-et-soins-de-stomie-1.png","type":"image\/png"}],"twitter_card":"summary_large_image","twitter_misc":{"Gesch\u00e4tzte Lesezeit":"1\u00a0Minute"},"schema":{"@context":"https:\/\/schema.org","@graph":[{"@type":"WebPage","@id":"https:\/\/lifesupportdistribution.fr\/de\/produkt\/simulator-fuer-stomaanlage-und-pflege\/","url":"https:\/\/lifesupportdistribution.fr\/de\/produkt\/simulator-fuer-stomaanlage-und-pflege\/","name":"Ostomy Pouching Trainer\u2122 VATA","isPartOf":{"@id":"https:\/\/lifesupportdistribution.fr\/de\/#website"},"primaryImageOfPage":{"@id":"https:\/\/lifesupportdistribution.fr\/de\/produkt\/simulator-fuer-stomaanlage-und-pflege\/#primaryimage"},"image":{"@id":"https:\/\/lifesupportdistribution.fr\/de\/produkt\/simulator-fuer-stomaanlage-und-pflege\/#primaryimage"},"thumbnailUrl":"https:\/\/lifesupportdistribution.fr\/wp-content\/uploads\/2025\/11\/Pose-et-soins-de-stomie-1.png","datePublished":"2025-11-30T18:30:27+00:00","description":"Ostomy Pouching Trainer\u2122 VATA zum Erlernen des Stomamanagements. Ideal zum \u00dcben des Beutelwechsels, der Pflege und sicherer Handgriffe.","breadcrumb":{"@id":"https:\/\/lifesupportdistribution.fr\/de\/produkt\/simulator-fuer-stomaanlage-und-pflege\/#breadcrumb"},"inLanguage":"de","potentialAction":[{"@type":"ReadAction","target":["https:\/\/lifesupportdistribution.fr\/de\/produkt\/simulator-fuer-stomaanlage-und-pflege\/"]}]},{"@type":"ImageObject","inLanguage":"de","@id":"https:\/\/lifesupportdistribution.fr\/de\/produkt\/simulator-fuer-stomaanlage-und-pflege\/#primaryimage","url":"https:\/\/lifesupportdistribution.fr\/wp-content\/uploads\/2025\/11\/Pose-et-soins-de-stomie-1.png","contentUrl":"https:\/\/lifesupportdistribution.fr\/wp-content\/uploads\/2025\/11\/Pose-et-soins-de-stomie-1.png","width":590,"height":540},{"@type":"BreadcrumbList","@id":"https:\/\/lifesupportdistribution.fr\/de\/produkt\/simulator-fuer-stomaanlage-und-pflege\/#breadcrumb","itemListElement":[{"@type":"ListItem","position":1,"name":"Accueil","item":"https:\/\/lifesupportdistribution.fr\/de\/startseite\/"},{"@type":"ListItem","position":2,"name":"Shop","item":"https:\/\/lifesupportdistribution.fr\/de\/shop\/"},{"@type":"ListItem","position":3,"name":"Simulator f\u00fcr Stomaanlage und -pflege"}]},{"@type":"WebSite","@id":"https:\/\/lifesupportdistribution.fr\/de\/#website","url":"https:\/\/lifesupportdistribution.fr\/de\/","name":"Life Support Distribution","description":"Solutions en simulation m\u00e9dicale","publisher":{"@id":"https:\/\/lifesupportdistribution.fr\/de\/#organization"},"potentialAction":[{"@type":"SearchAction","target":{"@type":"EntryPoint","urlTemplate":"https:\/\/lifesupportdistribution.fr\/de\/?s={search_term_string}"},"query-input":{"@type":"PropertyValueSpecification","valueRequired":true,"valueName":"search_term_string"}}],"inLanguage":"de"},{"@type":"Organization","@id":"https:\/\/lifesupportdistribution.fr\/de\/#organization","name":"Life Support Distribution","url":"https:\/\/lifesupportdistribution.fr\/de\/","logo":{"@type":"ImageObject","inLanguage":"de","@id":"https:\/\/lifesupportdistribution.fr\/de\/#\/schema\/logo\/image\/","url":"https:\/\/lifesupportdistribution.fr\/wp-content\/uploads\/2025\/10\/logo-life-support-distribution.svg","contentUrl":"https:\/\/lifesupportdistribution.fr\/wp-content\/uploads\/2025\/10\/logo-life-support-distribution.svg","width":698,"height":223,"caption":"Life Support Distribution"},"image":{"@id":"https:\/\/lifesupportdistribution.fr\/de\/#\/schema\/logo\/image\/"},"sameAs":["https:\/\/www.linkedin.com\/company\/life-support-distribution\/"]}]}},"_links":{"self":[{"href":"https:\/\/lifesupportdistribution.fr\/de\/wp-json\/wp\/v2\/product\/6092","targetHints":{"allow":["GET"]}}],"collection":[{"href":"https:\/\/lifesupportdistribution.fr\/de\/wp-json\/wp\/v2\/product"}],"about":[{"href":"https:\/\/lifesupportdistribution.fr\/de\/wp-json\/wp\/v2\/types\/product"}],"wp:featuredmedia":[{"embeddable":true,"href":"https:\/\/lifesupportdistribution.fr\/de\/wp-json\/wp\/v2\/media\/2556"}],"wp:attachment":[{"href":"https:\/\/lifesupportdistribution.fr\/de\/wp-json\/wp\/v2\/media?parent=6092"}],"wp:term":[{"taxonomy":"product_brand","embeddable":true,"href":"https:\/\/lifesupportdistribution.fr\/de\/wp-json\/wp\/v2\/product_brand?post=6092"},{"taxonomy":"product_cat","embeddable":true,"href":"https:\/\/lifesupportdistribution.fr\/de\/wp-json\/wp\/v2\/product_cat?post=6092"},{"taxonomy":"product_tag","embeddable":true,"href":"https:\/\/lifesupportdistribution.fr\/de\/wp-json\/wp\/v2\/product_tag?post=6092"}],"curies":[{"name":"wp","href":"https:\/\/api.w.org\/{rel}","templated":true}]}}