{"id":6103,"date":"2025-11-27T12:40:56","date_gmt":"2025-11-27T11:40:56","guid":{"rendered":"https:\/\/lifesupportdistribution.fr\/produits\/wallcur-simulierte-medikamente\/"},"modified":"2025-11-27T12:40:56","modified_gmt":"2025-11-27T11:40:56","slug":"wallcur-simulierte-medikamente","status":"publish","type":"product","link":"https:\/\/lifesupportdistribution.fr\/de\/produkt\/wallcur-simulierte-medikamente\/","title":{"rendered":"Wallcur \u2013 Simulierte Medikamente"},"content":{"rendered":"<p>Wallcur ist eine international f\u00fchrende Marke in der Entwicklung simulierter Medikamente f\u00fcr die Lehre. Diese p\u00e4dagogischen L\u00f6sungen erm\u00f6glichen es, den gesamten Medikationsprozess, von der Zubereitung \u00fcber die Verabreichung bis zur Kontrolle, ohne Risiko f\u00fcr die Lernenden originalgetreu nachzubilden. <\/p>\n<p>Die vollst\u00e4ndige Abwesenheit von Wirkstoffen garantiert optimale Sicherheit und bietet gleichzeitig einen beeindruckenden Realismus, dank der Vielfalt der verf\u00fcgbaren Darreichungsformen: Tabletten, Kapseln, Sirupe, Ampullen, Infusionsbeutel usw.<\/p>\n<p>Mit Wallcur verf\u00fcgen Ausbilder \u00fcber ein zuverl\u00e4ssiges und modulares Werkzeug, das sich perfekt in die Ausbildungsprogramme f\u00fcr Krankenpflege, Medizin, Pharmazie und Notfallteams integriert. Diese L\u00f6sungen f\u00f6rdern die konkrete Anwendung von Wissen und entwickeln gleichzeitig die technischen F\u00e4higkeiten sowie die Wachsamkeit der Lernenden im Hinblick auf die Herausforderungen der Pharmakovigilanz. <\/p>\n","protected":false},"excerpt":{"rendered":"<p>Die simulierten Medikamente von Wallcur sind speziell f\u00fcr die Gesundheitsausbildung konzipiert. Ohne Wirkstoff erm\u00f6glichen sie ein sicheres, realistisches und vollst\u00e4ndig gesch\u00fctztes Training. Sie werden in Schulen, Ausbildungszentren und Krankenh\u00e4usern eingesetzt und bieten eine unverzichtbare p\u00e4dagogische Unterst\u00fctzung, um Studenten und Fachkr\u00e4fte in der Zubereitung, Verabreichung und Sicherung von Medikamenten zu schulen.  <\/p>\n","protected":false},"featured_media":2245,"template":"","meta":[],"product_brand":[215],"product_cat":[224],"product_tag":[230,251],"class_list":{"0":"post-6103","1":"product","2":"type-product","3":"status-publish","4":"has-post-thumbnail","6":"product_brand-wallcur","7":"product_cat-simulierte-medikamente","8":"product_tag-allgemeinmedizin","9":"product_tag-krankenpflege","11":"first","12":"instock","13":"shipping-taxable","14":"purchasable","15":"product-type-simple"},"yoast_head":"<!-- This site is optimized with the Yoast SEO plugin v26.8 - https:\/\/yoast.com\/product\/yoast-seo-wordpress\/ -->\n<title>Wallcur \u2013 Simulierte Medikamente f\u00fcr die Ausbildung<\/title>\n<meta name=\"description\" content=\"Wallcur: Realistische simulierte Medikamente zur Schulung in Zubereitung, Verabreichung, Medikationssicherheit und Best Practices.\" \/>\n<meta name=\"robots\" content=\"index, follow, max-snippet:-1, max-image-preview:large, max-video-preview:-1\" \/>\n<link rel=\"canonical\" href=\"https:\/\/lifesupportdistribution.fr\/de\/produkt\/wallcur-simulierte-medikamente\/\" \/>\n<meta property=\"og:locale\" content=\"de_DE\" \/>\n<meta property=\"og:type\" content=\"article\" \/>\n<meta property=\"og:title\" content=\"Wallcur \u2013 Simulierte Medikamente f\u00fcr die Ausbildung\" \/>\n<meta property=\"og:description\" content=\"Wallcur: Realistische simulierte Medikamente zur Schulung in Zubereitung, Verabreichung, Medikationssicherheit und Best Practices.\" \/>\n<meta property=\"og:url\" content=\"https:\/\/lifesupportdistribution.fr\/de\/produkt\/wallcur-simulierte-medikamente\/\" \/>\n<meta property=\"og:site_name\" content=\"Life Support Distribution\" \/>\n<meta property=\"og:image\" content=\"https:\/\/lifesupportdistribution.fr\/wp-content\/uploads\/2025\/11\/Photo-wallcur-1.png\" \/>\n\t<meta property=\"og:image:width\" content=\"630\" \/>\n\t<meta property=\"og:image:height\" content=\"492\" \/>\n\t<meta property=\"og:image:type\" content=\"image\/png\" \/>\n<meta name=\"twitter:card\" content=\"summary_large_image\" \/>\n<meta name=\"twitter:label1\" content=\"Gesch\u00e4tzte Lesezeit\" \/>\n\t<meta name=\"twitter:data1\" content=\"1\u00a0Minute\" \/>\n<script type=\"application\/ld+json\" class=\"yoast-schema-graph\">{\"@context\":\"https:\/\/schema.org\",\"@graph\":[{\"@type\":\"WebPage\",\"@id\":\"https:\/\/lifesupportdistribution.fr\/de\/produkt\/wallcur-simulierte-medikamente\/\",\"url\":\"https:\/\/lifesupportdistribution.fr\/de\/produkt\/wallcur-simulierte-medikamente\/\",\"name\":\"Wallcur \u2013 Simulierte Medikamente f\u00fcr die Ausbildung\",\"isPartOf\":{\"@id\":\"https:\/\/lifesupportdistribution.fr\/de\/#website\"},\"primaryImageOfPage\":{\"@id\":\"https:\/\/lifesupportdistribution.fr\/de\/produkt\/wallcur-simulierte-medikamente\/#primaryimage\"},\"image\":{\"@id\":\"https:\/\/lifesupportdistribution.fr\/de\/produkt\/wallcur-simulierte-medikamente\/#primaryimage\"},\"thumbnailUrl\":\"https:\/\/lifesupportdistribution.fr\/wp-content\/uploads\/2025\/11\/Photo-wallcur-1.png\",\"datePublished\":\"2025-11-27T11:40:56+00:00\",\"description\":\"Wallcur: Realistische simulierte Medikamente zur Schulung in Zubereitung, Verabreichung, Medikationssicherheit und Best Practices.\",\"breadcrumb\":{\"@id\":\"https:\/\/lifesupportdistribution.fr\/de\/produkt\/wallcur-simulierte-medikamente\/#breadcrumb\"},\"inLanguage\":\"de\",\"potentialAction\":[{\"@type\":\"ReadAction\",\"target\":[\"https:\/\/lifesupportdistribution.fr\/de\/produkt\/wallcur-simulierte-medikamente\/\"]}]},{\"@type\":\"ImageObject\",\"inLanguage\":\"de\",\"@id\":\"https:\/\/lifesupportdistribution.fr\/de\/produkt\/wallcur-simulierte-medikamente\/#primaryimage\",\"url\":\"https:\/\/lifesupportdistribution.fr\/wp-content\/uploads\/2025\/11\/Photo-wallcur-1.png\",\"contentUrl\":\"https:\/\/lifesupportdistribution.fr\/wp-content\/uploads\/2025\/11\/Photo-wallcur-1.png\",\"width\":630,\"height\":492},{\"@type\":\"BreadcrumbList\",\"@id\":\"https:\/\/lifesupportdistribution.fr\/de\/produkt\/wallcur-simulierte-medikamente\/#breadcrumb\",\"itemListElement\":[{\"@type\":\"ListItem\",\"position\":1,\"name\":\"Accueil\",\"item\":\"https:\/\/lifesupportdistribution.fr\/de\/startseite\/\"},{\"@type\":\"ListItem\",\"position\":2,\"name\":\"Shop\",\"item\":\"https:\/\/lifesupportdistribution.fr\/de\/shop\/\"},{\"@type\":\"ListItem\",\"position\":3,\"name\":\"Wallcur \u2013 Simulierte Medikamente\"}]},{\"@type\":\"WebSite\",\"@id\":\"https:\/\/lifesupportdistribution.fr\/de\/#website\",\"url\":\"https:\/\/lifesupportdistribution.fr\/de\/\",\"name\":\"Life Support Distribution\",\"description\":\"Solutions en simulation m\u00e9dicale\",\"publisher\":{\"@id\":\"https:\/\/lifesupportdistribution.fr\/de\/#organization\"},\"potentialAction\":[{\"@type\":\"SearchAction\",\"target\":{\"@type\":\"EntryPoint\",\"urlTemplate\":\"https:\/\/lifesupportdistribution.fr\/de\/?s={search_term_string}\"},\"query-input\":{\"@type\":\"PropertyValueSpecification\",\"valueRequired\":true,\"valueName\":\"search_term_string\"}}],\"inLanguage\":\"de\"},{\"@type\":\"Organization\",\"@id\":\"https:\/\/lifesupportdistribution.fr\/de\/#organization\",\"name\":\"Life Support Distribution\",\"url\":\"https:\/\/lifesupportdistribution.fr\/de\/\",\"logo\":{\"@type\":\"ImageObject\",\"inLanguage\":\"de\",\"@id\":\"https:\/\/lifesupportdistribution.fr\/de\/#\/schema\/logo\/image\/\",\"url\":\"https:\/\/lifesupportdistribution.fr\/wp-content\/uploads\/2025\/10\/logo-life-support-distribution.svg\",\"contentUrl\":\"https:\/\/lifesupportdistribution.fr\/wp-content\/uploads\/2025\/10\/logo-life-support-distribution.svg\",\"width\":698,\"height\":223,\"caption\":\"Life Support Distribution\"},\"image\":{\"@id\":\"https:\/\/lifesupportdistribution.fr\/de\/#\/schema\/logo\/image\/\"},\"sameAs\":[\"https:\/\/www.linkedin.com\/company\/life-support-distribution\/\"]}]}<\/script>\n<!-- \/ Yoast SEO plugin. -->","yoast_head_json":{"title":"Wallcur \u2013 Simulierte Medikamente f\u00fcr die Ausbildung","description":"Wallcur: Realistische simulierte Medikamente zur Schulung in Zubereitung, Verabreichung, Medikationssicherheit und Best Practices.","robots":{"index":"index","follow":"follow","max-snippet":"max-snippet:-1","max-image-preview":"max-image-preview:large","max-video-preview":"max-video-preview:-1"},"canonical":"https:\/\/lifesupportdistribution.fr\/de\/produkt\/wallcur-simulierte-medikamente\/","og_locale":"de_DE","og_type":"article","og_title":"Wallcur \u2013 Simulierte Medikamente f\u00fcr die Ausbildung","og_description":"Wallcur: Realistische simulierte Medikamente zur Schulung in Zubereitung, Verabreichung, Medikationssicherheit und Best Practices.","og_url":"https:\/\/lifesupportdistribution.fr\/de\/produkt\/wallcur-simulierte-medikamente\/","og_site_name":"Life Support Distribution","og_image":[{"width":630,"height":492,"url":"https:\/\/lifesupportdistribution.fr\/wp-content\/uploads\/2025\/11\/Photo-wallcur-1.png","type":"image\/png"}],"twitter_card":"summary_large_image","twitter_misc":{"Gesch\u00e4tzte Lesezeit":"1\u00a0Minute"},"schema":{"@context":"https:\/\/schema.org","@graph":[{"@type":"WebPage","@id":"https:\/\/lifesupportdistribution.fr\/de\/produkt\/wallcur-simulierte-medikamente\/","url":"https:\/\/lifesupportdistribution.fr\/de\/produkt\/wallcur-simulierte-medikamente\/","name":"Wallcur \u2013 Simulierte Medikamente f\u00fcr die Ausbildung","isPartOf":{"@id":"https:\/\/lifesupportdistribution.fr\/de\/#website"},"primaryImageOfPage":{"@id":"https:\/\/lifesupportdistribution.fr\/de\/produkt\/wallcur-simulierte-medikamente\/#primaryimage"},"image":{"@id":"https:\/\/lifesupportdistribution.fr\/de\/produkt\/wallcur-simulierte-medikamente\/#primaryimage"},"thumbnailUrl":"https:\/\/lifesupportdistribution.fr\/wp-content\/uploads\/2025\/11\/Photo-wallcur-1.png","datePublished":"2025-11-27T11:40:56+00:00","description":"Wallcur: Realistische simulierte Medikamente zur Schulung in Zubereitung, Verabreichung, Medikationssicherheit und Best Practices.","breadcrumb":{"@id":"https:\/\/lifesupportdistribution.fr\/de\/produkt\/wallcur-simulierte-medikamente\/#breadcrumb"},"inLanguage":"de","potentialAction":[{"@type":"ReadAction","target":["https:\/\/lifesupportdistribution.fr\/de\/produkt\/wallcur-simulierte-medikamente\/"]}]},{"@type":"ImageObject","inLanguage":"de","@id":"https:\/\/lifesupportdistribution.fr\/de\/produkt\/wallcur-simulierte-medikamente\/#primaryimage","url":"https:\/\/lifesupportdistribution.fr\/wp-content\/uploads\/2025\/11\/Photo-wallcur-1.png","contentUrl":"https:\/\/lifesupportdistribution.fr\/wp-content\/uploads\/2025\/11\/Photo-wallcur-1.png","width":630,"height":492},{"@type":"BreadcrumbList","@id":"https:\/\/lifesupportdistribution.fr\/de\/produkt\/wallcur-simulierte-medikamente\/#breadcrumb","itemListElement":[{"@type":"ListItem","position":1,"name":"Accueil","item":"https:\/\/lifesupportdistribution.fr\/de\/startseite\/"},{"@type":"ListItem","position":2,"name":"Shop","item":"https:\/\/lifesupportdistribution.fr\/de\/shop\/"},{"@type":"ListItem","position":3,"name":"Wallcur \u2013 Simulierte Medikamente"}]},{"@type":"WebSite","@id":"https:\/\/lifesupportdistribution.fr\/de\/#website","url":"https:\/\/lifesupportdistribution.fr\/de\/","name":"Life Support Distribution","description":"Solutions en simulation m\u00e9dicale","publisher":{"@id":"https:\/\/lifesupportdistribution.fr\/de\/#organization"},"potentialAction":[{"@type":"SearchAction","target":{"@type":"EntryPoint","urlTemplate":"https:\/\/lifesupportdistribution.fr\/de\/?s={search_term_string}"},"query-input":{"@type":"PropertyValueSpecification","valueRequired":true,"valueName":"search_term_string"}}],"inLanguage":"de"},{"@type":"Organization","@id":"https:\/\/lifesupportdistribution.fr\/de\/#organization","name":"Life Support Distribution","url":"https:\/\/lifesupportdistribution.fr\/de\/","logo":{"@type":"ImageObject","inLanguage":"de","@id":"https:\/\/lifesupportdistribution.fr\/de\/#\/schema\/logo\/image\/","url":"https:\/\/lifesupportdistribution.fr\/wp-content\/uploads\/2025\/10\/logo-life-support-distribution.svg","contentUrl":"https:\/\/lifesupportdistribution.fr\/wp-content\/uploads\/2025\/10\/logo-life-support-distribution.svg","width":698,"height":223,"caption":"Life Support Distribution"},"image":{"@id":"https:\/\/lifesupportdistribution.fr\/de\/#\/schema\/logo\/image\/"},"sameAs":["https:\/\/www.linkedin.com\/company\/life-support-distribution\/"]}]}},"_links":{"self":[{"href":"https:\/\/lifesupportdistribution.fr\/de\/wp-json\/wp\/v2\/product\/6103","targetHints":{"allow":["GET"]}}],"collection":[{"href":"https:\/\/lifesupportdistribution.fr\/de\/wp-json\/wp\/v2\/product"}],"about":[{"href":"https:\/\/lifesupportdistribution.fr\/de\/wp-json\/wp\/v2\/types\/product"}],"wp:featuredmedia":[{"embeddable":true,"href":"https:\/\/lifesupportdistribution.fr\/de\/wp-json\/wp\/v2\/media\/2245"}],"wp:attachment":[{"href":"https:\/\/lifesupportdistribution.fr\/de\/wp-json\/wp\/v2\/media?parent=6103"}],"wp:term":[{"taxonomy":"product_brand","embeddable":true,"href":"https:\/\/lifesupportdistribution.fr\/de\/wp-json\/wp\/v2\/product_brand?post=6103"},{"taxonomy":"product_cat","embeddable":true,"href":"https:\/\/lifesupportdistribution.fr\/de\/wp-json\/wp\/v2\/product_cat?post=6103"},{"taxonomy":"product_tag","embeddable":true,"href":"https:\/\/lifesupportdistribution.fr\/de\/wp-json\/wp\/v2\/product_tag?post=6103"}],"curies":[{"name":"wp","href":"https:\/\/api.w.org\/{rel}","templated":true}]}}