{"id":6104,"date":"2025-11-27T13:11:28","date_gmt":"2025-11-27T12:11:28","guid":{"rendered":"https:\/\/lifesupportdistribution.fr\/produits\/fuss-mit-baendern-und-muskeln\/"},"modified":"2025-11-27T13:11:28","modified_gmt":"2025-11-27T12:11:28","slug":"fuss-mit-baendern-und-muskeln","status":"publish","type":"product","link":"https:\/\/lifesupportdistribution.fr\/de\/produkt\/fuss-mit-baendern-und-muskeln\/","title":{"rendered":"Fu\u00df mit B\u00e4ndern und Muskeln"},"content":{"rendered":"<p>Das 3B Scientific Fu\u00dfmodell mit B\u00e4ndern und Muskeln bietet eine originalgetreue Darstellung der funktionellen Anatomie von Fu\u00df und Sprunggelenk.<br \/>\nDie Knochenstrukturen, lateralen und medialen B\u00e4nder sowie die Hauptmuskeln und Sehnen sind mit hoher Pr\u00e4zision reproduziert.<br \/>\nDieses Modell ist ideal, um die Beziehungen zwischen den anatomischen Strukturen, die an der Mobilit\u00e4t und Stabilit\u00e4t des Fu\u00dfes beteiligt sind, zu lehren und die Mechanismen h\u00e4ufiger Verletzungen wie Verstauchungen, Sehnenentz\u00fcndungen oder Fu\u00dfdeformit\u00e4ten zu veranschaulichen.<br \/>\nAuf einem stabilen und robusten Sockel montiert, eignet es sich f\u00fcr den intensiven Einsatz in Anatomie-, Physiotherapie- oder Podologieschulen.<\/p>\n","protected":false},"excerpt":{"rendered":"<p>Dieses detaillierte 3B Scientific Modell des menschlichen Fu\u00dfes zeigt nicht nur Knochen und B\u00e4nder, sondern auch Muskeln und Sehnenans\u00e4tze.<br \/>\nEs erm\u00f6glicht ein umfassendes Verst\u00e4ndnis der Biomechanik des Fu\u00dfes, der Gelenkstabilit\u00e4t und muskuloskelettaler Pathologien.<\/p>\n","protected":false},"featured_media":2270,"template":"","meta":[],"product_brand":[187],"product_cat":[221],"product_tag":[241],"class_list":{"0":"post-6104","1":"product","2":"type-product","3":"status-publish","4":"has-post-thumbnail","6":"product_brand-3b-scientific","7":"product_cat-anatomische-tafeln-und-modelle","8":"product_tag-anatomietraining","10":"first","11":"instock","12":"shipping-taxable","13":"purchasable","14":"product-type-simple"},"yoast_head":"<!-- This site is optimized with the Yoast SEO plugin v26.8 - https:\/\/yoast.com\/product\/yoast-seo-wordpress\/ -->\n<title>Fu\u00df mit B\u00e4ndern und Muskeln \u2013 3B Scientific<\/title>\n<meta name=\"description\" content=\"Fu\u00dfmodell mit B\u00e4ndern und Muskeln, ideal zur Vermittlung von Biomechanik, Gelenkstabilit\u00e4t sowie Fu\u00df- und Sprunggelenkpathologien.\" \/>\n<meta name=\"robots\" content=\"index, follow, max-snippet:-1, max-image-preview:large, max-video-preview:-1\" \/>\n<link rel=\"canonical\" href=\"https:\/\/lifesupportdistribution.fr\/de\/produkt\/fuss-mit-baendern-und-muskeln\/\" \/>\n<meta property=\"og:locale\" content=\"de_DE\" \/>\n<meta property=\"og:type\" content=\"article\" \/>\n<meta property=\"og:title\" content=\"Fu\u00df mit B\u00e4ndern und Muskeln \u2013 3B Scientific\" \/>\n<meta property=\"og:description\" content=\"Fu\u00dfmodell mit B\u00e4ndern und Muskeln, ideal zur Vermittlung von Biomechanik, Gelenkstabilit\u00e4t sowie Fu\u00df- und Sprunggelenkpathologien.\" \/>\n<meta property=\"og:url\" content=\"https:\/\/lifesupportdistribution.fr\/de\/produkt\/fuss-mit-baendern-und-muskeln\/\" \/>\n<meta property=\"og:site_name\" content=\"Life Support Distribution\" \/>\n<meta property=\"og:image\" content=\"https:\/\/lifesupportdistribution.fr\/wp-content\/uploads\/2025\/11\/M34-1_01_Modele-de-squelette-du-pied-avec-ligaments-et-muscles.jpg\" \/>\n\t<meta property=\"og:image:width\" content=\"500\" \/>\n\t<meta property=\"og:image:height\" content=\"500\" \/>\n\t<meta property=\"og:image:type\" content=\"image\/jpeg\" \/>\n<meta name=\"twitter:card\" content=\"summary_large_image\" \/>\n<meta name=\"twitter:label1\" content=\"Gesch\u00e4tzte Lesezeit\" \/>\n\t<meta name=\"twitter:data1\" content=\"1\u00a0Minute\" \/>\n<script type=\"application\/ld+json\" class=\"yoast-schema-graph\">{\"@context\":\"https:\/\/schema.org\",\"@graph\":[{\"@type\":\"WebPage\",\"@id\":\"https:\/\/lifesupportdistribution.fr\/de\/produkt\/fuss-mit-baendern-und-muskeln\/\",\"url\":\"https:\/\/lifesupportdistribution.fr\/de\/produkt\/fuss-mit-baendern-und-muskeln\/\",\"name\":\"Fu\u00df mit B\u00e4ndern und Muskeln \u2013 3B Scientific\",\"isPartOf\":{\"@id\":\"https:\/\/lifesupportdistribution.fr\/de\/#website\"},\"primaryImageOfPage\":{\"@id\":\"https:\/\/lifesupportdistribution.fr\/de\/produkt\/fuss-mit-baendern-und-muskeln\/#primaryimage\"},\"image\":{\"@id\":\"https:\/\/lifesupportdistribution.fr\/de\/produkt\/fuss-mit-baendern-und-muskeln\/#primaryimage\"},\"thumbnailUrl\":\"https:\/\/lifesupportdistribution.fr\/wp-content\/uploads\/2025\/11\/M34-1_01_Modele-de-squelette-du-pied-avec-ligaments-et-muscles.jpg\",\"datePublished\":\"2025-11-27T12:11:28+00:00\",\"description\":\"Fu\u00dfmodell mit B\u00e4ndern und Muskeln, ideal zur Vermittlung von Biomechanik, Gelenkstabilit\u00e4t sowie Fu\u00df- und Sprunggelenkpathologien.\",\"breadcrumb\":{\"@id\":\"https:\/\/lifesupportdistribution.fr\/de\/produkt\/fuss-mit-baendern-und-muskeln\/#breadcrumb\"},\"inLanguage\":\"de\",\"potentialAction\":[{\"@type\":\"ReadAction\",\"target\":[\"https:\/\/lifesupportdistribution.fr\/de\/produkt\/fuss-mit-baendern-und-muskeln\/\"]}]},{\"@type\":\"ImageObject\",\"inLanguage\":\"de\",\"@id\":\"https:\/\/lifesupportdistribution.fr\/de\/produkt\/fuss-mit-baendern-und-muskeln\/#primaryimage\",\"url\":\"https:\/\/lifesupportdistribution.fr\/wp-content\/uploads\/2025\/11\/M34-1_01_Modele-de-squelette-du-pied-avec-ligaments-et-muscles.jpg\",\"contentUrl\":\"https:\/\/lifesupportdistribution.fr\/wp-content\/uploads\/2025\/11\/M34-1_01_Modele-de-squelette-du-pied-avec-ligaments-et-muscles.jpg\",\"width\":500,\"height\":500},{\"@type\":\"BreadcrumbList\",\"@id\":\"https:\/\/lifesupportdistribution.fr\/de\/produkt\/fuss-mit-baendern-und-muskeln\/#breadcrumb\",\"itemListElement\":[{\"@type\":\"ListItem\",\"position\":1,\"name\":\"Accueil\",\"item\":\"https:\/\/lifesupportdistribution.fr\/de\/startseite\/\"},{\"@type\":\"ListItem\",\"position\":2,\"name\":\"Shop\",\"item\":\"https:\/\/lifesupportdistribution.fr\/de\/shop\/\"},{\"@type\":\"ListItem\",\"position\":3,\"name\":\"Fu\u00df mit B\u00e4ndern und Muskeln\"}]},{\"@type\":\"WebSite\",\"@id\":\"https:\/\/lifesupportdistribution.fr\/de\/#website\",\"url\":\"https:\/\/lifesupportdistribution.fr\/de\/\",\"name\":\"Life Support Distribution\",\"description\":\"Solutions en simulation m\u00e9dicale\",\"publisher\":{\"@id\":\"https:\/\/lifesupportdistribution.fr\/de\/#organization\"},\"potentialAction\":[{\"@type\":\"SearchAction\",\"target\":{\"@type\":\"EntryPoint\",\"urlTemplate\":\"https:\/\/lifesupportdistribution.fr\/de\/?s={search_term_string}\"},\"query-input\":{\"@type\":\"PropertyValueSpecification\",\"valueRequired\":true,\"valueName\":\"search_term_string\"}}],\"inLanguage\":\"de\"},{\"@type\":\"Organization\",\"@id\":\"https:\/\/lifesupportdistribution.fr\/de\/#organization\",\"name\":\"Life Support Distribution\",\"url\":\"https:\/\/lifesupportdistribution.fr\/de\/\",\"logo\":{\"@type\":\"ImageObject\",\"inLanguage\":\"de\",\"@id\":\"https:\/\/lifesupportdistribution.fr\/de\/#\/schema\/logo\/image\/\",\"url\":\"https:\/\/lifesupportdistribution.fr\/wp-content\/uploads\/2025\/10\/logo-life-support-distribution.svg\",\"contentUrl\":\"https:\/\/lifesupportdistribution.fr\/wp-content\/uploads\/2025\/10\/logo-life-support-distribution.svg\",\"width\":698,\"height\":223,\"caption\":\"Life Support Distribution\"},\"image\":{\"@id\":\"https:\/\/lifesupportdistribution.fr\/de\/#\/schema\/logo\/image\/\"},\"sameAs\":[\"https:\/\/www.linkedin.com\/company\/life-support-distribution\/\"]}]}<\/script>\n<!-- \/ Yoast SEO plugin. -->","yoast_head_json":{"title":"Fu\u00df mit B\u00e4ndern und Muskeln \u2013 3B Scientific","description":"Fu\u00dfmodell mit B\u00e4ndern und Muskeln, ideal zur Vermittlung von Biomechanik, Gelenkstabilit\u00e4t sowie Fu\u00df- und Sprunggelenkpathologien.","robots":{"index":"index","follow":"follow","max-snippet":"max-snippet:-1","max-image-preview":"max-image-preview:large","max-video-preview":"max-video-preview:-1"},"canonical":"https:\/\/lifesupportdistribution.fr\/de\/produkt\/fuss-mit-baendern-und-muskeln\/","og_locale":"de_DE","og_type":"article","og_title":"Fu\u00df mit B\u00e4ndern und Muskeln \u2013 3B Scientific","og_description":"Fu\u00dfmodell mit B\u00e4ndern und Muskeln, ideal zur Vermittlung von Biomechanik, Gelenkstabilit\u00e4t sowie Fu\u00df- und Sprunggelenkpathologien.","og_url":"https:\/\/lifesupportdistribution.fr\/de\/produkt\/fuss-mit-baendern-und-muskeln\/","og_site_name":"Life Support Distribution","og_image":[{"width":500,"height":500,"url":"https:\/\/lifesupportdistribution.fr\/wp-content\/uploads\/2025\/11\/M34-1_01_Modele-de-squelette-du-pied-avec-ligaments-et-muscles.jpg","type":"image\/jpeg"}],"twitter_card":"summary_large_image","twitter_misc":{"Gesch\u00e4tzte Lesezeit":"1\u00a0Minute"},"schema":{"@context":"https:\/\/schema.org","@graph":[{"@type":"WebPage","@id":"https:\/\/lifesupportdistribution.fr\/de\/produkt\/fuss-mit-baendern-und-muskeln\/","url":"https:\/\/lifesupportdistribution.fr\/de\/produkt\/fuss-mit-baendern-und-muskeln\/","name":"Fu\u00df mit B\u00e4ndern und Muskeln \u2013 3B Scientific","isPartOf":{"@id":"https:\/\/lifesupportdistribution.fr\/de\/#website"},"primaryImageOfPage":{"@id":"https:\/\/lifesupportdistribution.fr\/de\/produkt\/fuss-mit-baendern-und-muskeln\/#primaryimage"},"image":{"@id":"https:\/\/lifesupportdistribution.fr\/de\/produkt\/fuss-mit-baendern-und-muskeln\/#primaryimage"},"thumbnailUrl":"https:\/\/lifesupportdistribution.fr\/wp-content\/uploads\/2025\/11\/M34-1_01_Modele-de-squelette-du-pied-avec-ligaments-et-muscles.jpg","datePublished":"2025-11-27T12:11:28+00:00","description":"Fu\u00dfmodell mit B\u00e4ndern und Muskeln, ideal zur Vermittlung von Biomechanik, Gelenkstabilit\u00e4t sowie Fu\u00df- und Sprunggelenkpathologien.","breadcrumb":{"@id":"https:\/\/lifesupportdistribution.fr\/de\/produkt\/fuss-mit-baendern-und-muskeln\/#breadcrumb"},"inLanguage":"de","potentialAction":[{"@type":"ReadAction","target":["https:\/\/lifesupportdistribution.fr\/de\/produkt\/fuss-mit-baendern-und-muskeln\/"]}]},{"@type":"ImageObject","inLanguage":"de","@id":"https:\/\/lifesupportdistribution.fr\/de\/produkt\/fuss-mit-baendern-und-muskeln\/#primaryimage","url":"https:\/\/lifesupportdistribution.fr\/wp-content\/uploads\/2025\/11\/M34-1_01_Modele-de-squelette-du-pied-avec-ligaments-et-muscles.jpg","contentUrl":"https:\/\/lifesupportdistribution.fr\/wp-content\/uploads\/2025\/11\/M34-1_01_Modele-de-squelette-du-pied-avec-ligaments-et-muscles.jpg","width":500,"height":500},{"@type":"BreadcrumbList","@id":"https:\/\/lifesupportdistribution.fr\/de\/produkt\/fuss-mit-baendern-und-muskeln\/#breadcrumb","itemListElement":[{"@type":"ListItem","position":1,"name":"Accueil","item":"https:\/\/lifesupportdistribution.fr\/de\/startseite\/"},{"@type":"ListItem","position":2,"name":"Shop","item":"https:\/\/lifesupportdistribution.fr\/de\/shop\/"},{"@type":"ListItem","position":3,"name":"Fu\u00df mit B\u00e4ndern und Muskeln"}]},{"@type":"WebSite","@id":"https:\/\/lifesupportdistribution.fr\/de\/#website","url":"https:\/\/lifesupportdistribution.fr\/de\/","name":"Life Support Distribution","description":"Solutions en simulation m\u00e9dicale","publisher":{"@id":"https:\/\/lifesupportdistribution.fr\/de\/#organization"},"potentialAction":[{"@type":"SearchAction","target":{"@type":"EntryPoint","urlTemplate":"https:\/\/lifesupportdistribution.fr\/de\/?s={search_term_string}"},"query-input":{"@type":"PropertyValueSpecification","valueRequired":true,"valueName":"search_term_string"}}],"inLanguage":"de"},{"@type":"Organization","@id":"https:\/\/lifesupportdistribution.fr\/de\/#organization","name":"Life Support Distribution","url":"https:\/\/lifesupportdistribution.fr\/de\/","logo":{"@type":"ImageObject","inLanguage":"de","@id":"https:\/\/lifesupportdistribution.fr\/de\/#\/schema\/logo\/image\/","url":"https:\/\/lifesupportdistribution.fr\/wp-content\/uploads\/2025\/10\/logo-life-support-distribution.svg","contentUrl":"https:\/\/lifesupportdistribution.fr\/wp-content\/uploads\/2025\/10\/logo-life-support-distribution.svg","width":698,"height":223,"caption":"Life Support Distribution"},"image":{"@id":"https:\/\/lifesupportdistribution.fr\/de\/#\/schema\/logo\/image\/"},"sameAs":["https:\/\/www.linkedin.com\/company\/life-support-distribution\/"]}]}},"_links":{"self":[{"href":"https:\/\/lifesupportdistribution.fr\/de\/wp-json\/wp\/v2\/product\/6104","targetHints":{"allow":["GET"]}}],"collection":[{"href":"https:\/\/lifesupportdistribution.fr\/de\/wp-json\/wp\/v2\/product"}],"about":[{"href":"https:\/\/lifesupportdistribution.fr\/de\/wp-json\/wp\/v2\/types\/product"}],"wp:featuredmedia":[{"embeddable":true,"href":"https:\/\/lifesupportdistribution.fr\/de\/wp-json\/wp\/v2\/media\/2270"}],"wp:attachment":[{"href":"https:\/\/lifesupportdistribution.fr\/de\/wp-json\/wp\/v2\/media?parent=6104"}],"wp:term":[{"taxonomy":"product_brand","embeddable":true,"href":"https:\/\/lifesupportdistribution.fr\/de\/wp-json\/wp\/v2\/product_brand?post=6104"},{"taxonomy":"product_cat","embeddable":true,"href":"https:\/\/lifesupportdistribution.fr\/de\/wp-json\/wp\/v2\/product_cat?post=6104"},{"taxonomy":"product_tag","embeddable":true,"href":"https:\/\/lifesupportdistribution.fr\/de\/wp-json\/wp\/v2\/product_tag?post=6104"}],"curies":[{"name":"wp","href":"https:\/\/api.w.org\/{rel}","templated":true}]}}