{"id":6116,"date":"2025-11-27T13:01:21","date_gmt":"2025-11-27T12:01:21","guid":{"rendered":"https:\/\/lifesupportdistribution.fr\/produits\/hand-mit-baendern-und-karpaltunnel\/"},"modified":"2025-11-27T13:01:21","modified_gmt":"2025-11-27T12:01:21","slug":"hand-mit-baendern-und-karpaltunnel","status":"publish","type":"product","link":"https:\/\/lifesupportdistribution.fr\/de\/produkt\/hand-mit-baendern-und-karpaltunnel\/","title":{"rendered":"Hand mit B\u00e4ndern und Karpaltunnel"},"content":{"rendered":"<p>Das Handmodell mit B\u00e4ndern und Karpaltunnel von 3B Scientific bildet die wesentlichen anatomischen Elemente der Hand und des Handgelenks detailgetreu ab.<br \/>\nDie Mittelhandknochen, die palmaren B\u00e4nder und der Karpaltunnel sind pr\u00e4zise dargestellt, was die Visualisierung der Beziehungen zwischen kn\u00f6chernen, sehnigen und ligament\u00e4ren Strukturen erm\u00f6glicht.<br \/>\nDieses Modell ist besonders n\u00fctzlich, um die Kompressionsmechanismen des Nervus medianus, Bandpathologien und muskuloskelettale Erkrankungen im Zusammenhang mit wiederholten Bewegungen zu veranschaulichen.<br \/>\nAuf einem stabilen Sockel montiert, vereint es Robustheit, visuelle Klarheit und p\u00e4dagogischen Wert, ideal f\u00fcr Anatomieschulen, Physiotherapieausbildungen und medizinische Demonstrationen.<\/p>\n","protected":false},"excerpt":{"rendered":"<p>Dieses anatomische Modell der menschlichen Hand von 3B Scientific zeigt detailliert die Knochenstruktur, die Hauptb\u00e4nder und den Karpaltunnel.<br \/>\nEs erm\u00f6glicht ein pr\u00e4zises Verst\u00e4ndnis der Biomechanik des Handgelenks und der damit verbundenen muskuloskelettalen Pathologien, wie dem Karpaltunnelsyndrom.<\/p>\n","protected":false},"featured_media":2252,"template":"","meta":[],"product_brand":[187],"product_cat":[221],"product_tag":[241],"class_list":{"0":"post-6116","1":"product","2":"type-product","3":"status-publish","4":"has-post-thumbnail","6":"product_brand-3b-scientific","7":"product_cat-anatomische-tafeln-und-modelle","8":"product_tag-anatomietraining","10":"first","11":"instock","12":"shipping-taxable","13":"purchasable","14":"product-type-simple"},"yoast_head":"<!-- This site is optimized with the Yoast SEO plugin v26.8 - https:\/\/yoast.com\/product\/yoast-seo-wordpress\/ -->\n<title>Hand mit B\u00e4ndern und Karpaltunnel \u2013 3B Scientific<\/title>\n<meta name=\"description\" content=\"Modell der Hand, das B\u00e4nder und den Karpaltunnel zeigt, ideal zur Erkl\u00e4rung der Biomechanik des Handgelenks und von Pathologien wie dem Karpaltunnelsyndrom.\" \/>\n<meta name=\"robots\" content=\"index, follow, max-snippet:-1, max-image-preview:large, max-video-preview:-1\" \/>\n<link rel=\"canonical\" href=\"https:\/\/lifesupportdistribution.fr\/de\/produkt\/hand-mit-baendern-und-karpaltunnel\/\" \/>\n<meta property=\"og:locale\" content=\"de_DE\" \/>\n<meta property=\"og:type\" content=\"article\" \/>\n<meta property=\"og:title\" content=\"Hand mit B\u00e4ndern und Karpaltunnel \u2013 3B Scientific\" \/>\n<meta property=\"og:description\" content=\"Modell der Hand, das B\u00e4nder und den Karpaltunnel zeigt, ideal zur Erkl\u00e4rung der Biomechanik des Handgelenks und von Pathologien wie dem Karpaltunnelsyndrom.\" \/>\n<meta property=\"og:url\" content=\"https:\/\/lifesupportdistribution.fr\/de\/produkt\/hand-mit-baendern-und-karpaltunnel\/\" \/>\n<meta property=\"og:site_name\" content=\"Life Support Distribution\" \/>\n<meta property=\"og:image\" content=\"https:\/\/lifesupportdistribution.fr\/wp-content\/uploads\/2025\/11\/life-support-distribution-Modele-de-squelette-de-la-main-avec-ligaments-et-tunnel-carpien.jpg\" \/>\n\t<meta property=\"og:image:width\" content=\"500\" \/>\n\t<meta property=\"og:image:height\" content=\"500\" \/>\n\t<meta property=\"og:image:type\" content=\"image\/jpeg\" \/>\n<meta name=\"twitter:card\" content=\"summary_large_image\" \/>\n<script type=\"application\/ld+json\" class=\"yoast-schema-graph\">{\"@context\":\"https:\/\/schema.org\",\"@graph\":[{\"@type\":\"WebPage\",\"@id\":\"https:\/\/lifesupportdistribution.fr\/de\/produkt\/hand-mit-baendern-und-karpaltunnel\/\",\"url\":\"https:\/\/lifesupportdistribution.fr\/de\/produkt\/hand-mit-baendern-und-karpaltunnel\/\",\"name\":\"Hand mit B\u00e4ndern und Karpaltunnel \u2013 3B Scientific\",\"isPartOf\":{\"@id\":\"https:\/\/lifesupportdistribution.fr\/de\/#website\"},\"primaryImageOfPage\":{\"@id\":\"https:\/\/lifesupportdistribution.fr\/de\/produkt\/hand-mit-baendern-und-karpaltunnel\/#primaryimage\"},\"image\":{\"@id\":\"https:\/\/lifesupportdistribution.fr\/de\/produkt\/hand-mit-baendern-und-karpaltunnel\/#primaryimage\"},\"thumbnailUrl\":\"https:\/\/lifesupportdistribution.fr\/wp-content\/uploads\/2025\/11\/life-support-distribution-Modele-de-squelette-de-la-main-avec-ligaments-et-tunnel-carpien.jpg\",\"datePublished\":\"2025-11-27T12:01:21+00:00\",\"description\":\"Modell der Hand, das B\u00e4nder und den Karpaltunnel zeigt, ideal zur Erkl\u00e4rung der Biomechanik des Handgelenks und von Pathologien wie dem Karpaltunnelsyndrom.\",\"breadcrumb\":{\"@id\":\"https:\/\/lifesupportdistribution.fr\/de\/produkt\/hand-mit-baendern-und-karpaltunnel\/#breadcrumb\"},\"inLanguage\":\"de\",\"potentialAction\":[{\"@type\":\"ReadAction\",\"target\":[\"https:\/\/lifesupportdistribution.fr\/de\/produkt\/hand-mit-baendern-und-karpaltunnel\/\"]}]},{\"@type\":\"ImageObject\",\"inLanguage\":\"de\",\"@id\":\"https:\/\/lifesupportdistribution.fr\/de\/produkt\/hand-mit-baendern-und-karpaltunnel\/#primaryimage\",\"url\":\"https:\/\/lifesupportdistribution.fr\/wp-content\/uploads\/2025\/11\/life-support-distribution-Modele-de-squelette-de-la-main-avec-ligaments-et-tunnel-carpien.jpg\",\"contentUrl\":\"https:\/\/lifesupportdistribution.fr\/wp-content\/uploads\/2025\/11\/life-support-distribution-Modele-de-squelette-de-la-main-avec-ligaments-et-tunnel-carpien.jpg\",\"width\":500,\"height\":500},{\"@type\":\"BreadcrumbList\",\"@id\":\"https:\/\/lifesupportdistribution.fr\/de\/produkt\/hand-mit-baendern-und-karpaltunnel\/#breadcrumb\",\"itemListElement\":[{\"@type\":\"ListItem\",\"position\":1,\"name\":\"Accueil\",\"item\":\"https:\/\/lifesupportdistribution.fr\/de\/startseite\/\"},{\"@type\":\"ListItem\",\"position\":2,\"name\":\"Shop\",\"item\":\"https:\/\/lifesupportdistribution.fr\/de\/shop\/\"},{\"@type\":\"ListItem\",\"position\":3,\"name\":\"Hand mit B\u00e4ndern und Karpaltunnel\"}]},{\"@type\":\"WebSite\",\"@id\":\"https:\/\/lifesupportdistribution.fr\/de\/#website\",\"url\":\"https:\/\/lifesupportdistribution.fr\/de\/\",\"name\":\"Life Support Distribution\",\"description\":\"Solutions en simulation m\u00e9dicale\",\"publisher\":{\"@id\":\"https:\/\/lifesupportdistribution.fr\/de\/#organization\"},\"potentialAction\":[{\"@type\":\"SearchAction\",\"target\":{\"@type\":\"EntryPoint\",\"urlTemplate\":\"https:\/\/lifesupportdistribution.fr\/de\/?s={search_term_string}\"},\"query-input\":{\"@type\":\"PropertyValueSpecification\",\"valueRequired\":true,\"valueName\":\"search_term_string\"}}],\"inLanguage\":\"de\"},{\"@type\":\"Organization\",\"@id\":\"https:\/\/lifesupportdistribution.fr\/de\/#organization\",\"name\":\"Life Support Distribution\",\"url\":\"https:\/\/lifesupportdistribution.fr\/de\/\",\"logo\":{\"@type\":\"ImageObject\",\"inLanguage\":\"de\",\"@id\":\"https:\/\/lifesupportdistribution.fr\/de\/#\/schema\/logo\/image\/\",\"url\":\"https:\/\/lifesupportdistribution.fr\/wp-content\/uploads\/2025\/10\/logo-life-support-distribution.svg\",\"contentUrl\":\"https:\/\/lifesupportdistribution.fr\/wp-content\/uploads\/2025\/10\/logo-life-support-distribution.svg\",\"width\":698,\"height\":223,\"caption\":\"Life Support Distribution\"},\"image\":{\"@id\":\"https:\/\/lifesupportdistribution.fr\/de\/#\/schema\/logo\/image\/\"},\"sameAs\":[\"https:\/\/www.linkedin.com\/company\/life-support-distribution\/\"]}]}<\/script>\n<!-- \/ Yoast SEO plugin. -->","yoast_head_json":{"title":"Hand mit B\u00e4ndern und Karpaltunnel \u2013 3B Scientific","description":"Modell der Hand, das B\u00e4nder und den Karpaltunnel zeigt, ideal zur Erkl\u00e4rung der Biomechanik des Handgelenks und von Pathologien wie dem Karpaltunnelsyndrom.","robots":{"index":"index","follow":"follow","max-snippet":"max-snippet:-1","max-image-preview":"max-image-preview:large","max-video-preview":"max-video-preview:-1"},"canonical":"https:\/\/lifesupportdistribution.fr\/de\/produkt\/hand-mit-baendern-und-karpaltunnel\/","og_locale":"de_DE","og_type":"article","og_title":"Hand mit B\u00e4ndern und Karpaltunnel \u2013 3B Scientific","og_description":"Modell der Hand, das B\u00e4nder und den Karpaltunnel zeigt, ideal zur Erkl\u00e4rung der Biomechanik des Handgelenks und von Pathologien wie dem Karpaltunnelsyndrom.","og_url":"https:\/\/lifesupportdistribution.fr\/de\/produkt\/hand-mit-baendern-und-karpaltunnel\/","og_site_name":"Life Support Distribution","og_image":[{"width":500,"height":500,"url":"https:\/\/lifesupportdistribution.fr\/wp-content\/uploads\/2025\/11\/life-support-distribution-Modele-de-squelette-de-la-main-avec-ligaments-et-tunnel-carpien.jpg","type":"image\/jpeg"}],"twitter_card":"summary_large_image","schema":{"@context":"https:\/\/schema.org","@graph":[{"@type":"WebPage","@id":"https:\/\/lifesupportdistribution.fr\/de\/produkt\/hand-mit-baendern-und-karpaltunnel\/","url":"https:\/\/lifesupportdistribution.fr\/de\/produkt\/hand-mit-baendern-und-karpaltunnel\/","name":"Hand mit B\u00e4ndern und Karpaltunnel \u2013 3B Scientific","isPartOf":{"@id":"https:\/\/lifesupportdistribution.fr\/de\/#website"},"primaryImageOfPage":{"@id":"https:\/\/lifesupportdistribution.fr\/de\/produkt\/hand-mit-baendern-und-karpaltunnel\/#primaryimage"},"image":{"@id":"https:\/\/lifesupportdistribution.fr\/de\/produkt\/hand-mit-baendern-und-karpaltunnel\/#primaryimage"},"thumbnailUrl":"https:\/\/lifesupportdistribution.fr\/wp-content\/uploads\/2025\/11\/life-support-distribution-Modele-de-squelette-de-la-main-avec-ligaments-et-tunnel-carpien.jpg","datePublished":"2025-11-27T12:01:21+00:00","description":"Modell der Hand, das B\u00e4nder und den Karpaltunnel zeigt, ideal zur Erkl\u00e4rung der Biomechanik des Handgelenks und von Pathologien wie dem Karpaltunnelsyndrom.","breadcrumb":{"@id":"https:\/\/lifesupportdistribution.fr\/de\/produkt\/hand-mit-baendern-und-karpaltunnel\/#breadcrumb"},"inLanguage":"de","potentialAction":[{"@type":"ReadAction","target":["https:\/\/lifesupportdistribution.fr\/de\/produkt\/hand-mit-baendern-und-karpaltunnel\/"]}]},{"@type":"ImageObject","inLanguage":"de","@id":"https:\/\/lifesupportdistribution.fr\/de\/produkt\/hand-mit-baendern-und-karpaltunnel\/#primaryimage","url":"https:\/\/lifesupportdistribution.fr\/wp-content\/uploads\/2025\/11\/life-support-distribution-Modele-de-squelette-de-la-main-avec-ligaments-et-tunnel-carpien.jpg","contentUrl":"https:\/\/lifesupportdistribution.fr\/wp-content\/uploads\/2025\/11\/life-support-distribution-Modele-de-squelette-de-la-main-avec-ligaments-et-tunnel-carpien.jpg","width":500,"height":500},{"@type":"BreadcrumbList","@id":"https:\/\/lifesupportdistribution.fr\/de\/produkt\/hand-mit-baendern-und-karpaltunnel\/#breadcrumb","itemListElement":[{"@type":"ListItem","position":1,"name":"Accueil","item":"https:\/\/lifesupportdistribution.fr\/de\/startseite\/"},{"@type":"ListItem","position":2,"name":"Shop","item":"https:\/\/lifesupportdistribution.fr\/de\/shop\/"},{"@type":"ListItem","position":3,"name":"Hand mit B\u00e4ndern und Karpaltunnel"}]},{"@type":"WebSite","@id":"https:\/\/lifesupportdistribution.fr\/de\/#website","url":"https:\/\/lifesupportdistribution.fr\/de\/","name":"Life Support Distribution","description":"Solutions en simulation m\u00e9dicale","publisher":{"@id":"https:\/\/lifesupportdistribution.fr\/de\/#organization"},"potentialAction":[{"@type":"SearchAction","target":{"@type":"EntryPoint","urlTemplate":"https:\/\/lifesupportdistribution.fr\/de\/?s={search_term_string}"},"query-input":{"@type":"PropertyValueSpecification","valueRequired":true,"valueName":"search_term_string"}}],"inLanguage":"de"},{"@type":"Organization","@id":"https:\/\/lifesupportdistribution.fr\/de\/#organization","name":"Life Support Distribution","url":"https:\/\/lifesupportdistribution.fr\/de\/","logo":{"@type":"ImageObject","inLanguage":"de","@id":"https:\/\/lifesupportdistribution.fr\/de\/#\/schema\/logo\/image\/","url":"https:\/\/lifesupportdistribution.fr\/wp-content\/uploads\/2025\/10\/logo-life-support-distribution.svg","contentUrl":"https:\/\/lifesupportdistribution.fr\/wp-content\/uploads\/2025\/10\/logo-life-support-distribution.svg","width":698,"height":223,"caption":"Life Support Distribution"},"image":{"@id":"https:\/\/lifesupportdistribution.fr\/de\/#\/schema\/logo\/image\/"},"sameAs":["https:\/\/www.linkedin.com\/company\/life-support-distribution\/"]}]}},"_links":{"self":[{"href":"https:\/\/lifesupportdistribution.fr\/de\/wp-json\/wp\/v2\/product\/6116","targetHints":{"allow":["GET"]}}],"collection":[{"href":"https:\/\/lifesupportdistribution.fr\/de\/wp-json\/wp\/v2\/product"}],"about":[{"href":"https:\/\/lifesupportdistribution.fr\/de\/wp-json\/wp\/v2\/types\/product"}],"wp:featuredmedia":[{"embeddable":true,"href":"https:\/\/lifesupportdistribution.fr\/de\/wp-json\/wp\/v2\/media\/2252"}],"wp:attachment":[{"href":"https:\/\/lifesupportdistribution.fr\/de\/wp-json\/wp\/v2\/media?parent=6116"}],"wp:term":[{"taxonomy":"product_brand","embeddable":true,"href":"https:\/\/lifesupportdistribution.fr\/de\/wp-json\/wp\/v2\/product_brand?post=6116"},{"taxonomy":"product_cat","embeddable":true,"href":"https:\/\/lifesupportdistribution.fr\/de\/wp-json\/wp\/v2\/product_cat?post=6116"},{"taxonomy":"product_tag","embeddable":true,"href":"https:\/\/lifesupportdistribution.fr\/de\/wp-json\/wp\/v2\/product_tag?post=6116"}],"curies":[{"name":"wp","href":"https:\/\/api.w.org\/{rel}","templated":true}]}}