{"id":6176,"date":"2025-12-12T14:05:46","date_gmt":"2025-12-12T13:05:46","guid":{"rendered":"https:\/\/lifesupportdistribution.fr\/produits\/handact-mikrochirurgie-simulator-fuer-die-hand\/"},"modified":"2025-12-12T14:05:46","modified_gmt":"2025-12-12T13:05:46","slug":"handact-mikrochirurgie-simulator-fuer-die-hand","status":"publish","type":"product","link":"https:\/\/lifesupportdistribution.fr\/de\/produkt\/handact-mikrochirurgie-simulator-fuer-die-hand\/","title":{"rendered":"HandAct \u2013 Mikrochirurgie-Simulator f\u00fcr die Hand"},"content":{"rendered":"<p>Der HandAct Simulator wurde von Creaplast entwickelt, einem franz\u00f6sischen Hersteller, der f\u00fcr seine hochpr\u00e4zisen medizinischen und chirurgischen Simulationsmodelle bekannt ist.<br \/>\nDieser Simulator bildet die menschliche Hand mit ihren Knochen-, Sehnen-, Gef\u00e4\u00df- und Nervenstrukturen detailliert nach und erm\u00f6glicht so eine umfassende Ausbildung in der Mikrochirurgie.<br \/>\nHergestellt aus flexiblen Multi-Density-Materialien, gibt er die Textur, Geschmeidigkeit und Widerstandsf\u00e4higkeit von menschlichem Gewebe wieder und bietet ein realistisches taktiles Gef\u00fchl bei N\u00e4hten und Dissektionen.<br \/>\nDas Modell ist ideal f\u00fcr Ausbildungen in Handchirurgie, plastischer und rekonstruktiver Chirurgie sowie f\u00fcr die initiale Ausbildung in experimenteller Mikrochirurgie.<br \/>\nDank seines modularen Aufbaus erm\u00f6glicht der HandAct ein schrittweises Training, von der einfachen Manipulation unter der Binokularlupe bis zur Durchf\u00fchrung vollst\u00e4ndiger vaskul\u00e4rer und nervaler Anastomosen.<\/p>\n","protected":false},"excerpt":{"rendered":"<p>Der Creaplast HandAct ist ein Mikrochirurgie-Simulator f\u00fcr die Hand, konzipiert f\u00fcr das Training von Dissektions-, Gef\u00e4\u00df- und Nervenreparaturtechniken. Er bildet die Anatomie der menschlichen Hand naturgetreu ab und erm\u00f6glicht eine realistische und wiederholte \u00dcbung von Naht-, Mikroanastomose- und Rekonstruktionsverfahren unter dem Operationsmikroskop. <\/p>\n","protected":false},"featured_media":3551,"template":"","meta":[],"product_brand":[191],"product_cat":[222],"product_tag":[250],"class_list":{"0":"post-6176","1":"product","2":"type-product","3":"status-publish","4":"has-post-thumbnail","6":"product_brand-creaplast","7":"product_cat-simulatoren-fur-medizinische-versorgung","8":"product_tag-chirurgie","10":"first","11":"instock","12":"shipping-taxable","13":"purchasable","14":"product-type-simple"},"yoast_head":"<!-- This site is optimized with the Yoast SEO plugin v26.8 - https:\/\/yoast.com\/product\/yoast-seo-wordpress\/ -->\n<title>HandAct \u2013 Mikrochirurgie-Simulator f\u00fcr die Hand<\/title>\n<meta name=\"description\" content=\"Realistischer Mikrochirurgie-Simulator f\u00fcr die Hand zur Naht, Nerven- und Gef\u00e4\u00dfreparatur. Ideal f\u00fcr die chirurgische Ausbildung.\" \/>\n<meta name=\"robots\" content=\"index, follow, max-snippet:-1, max-image-preview:large, max-video-preview:-1\" \/>\n<link rel=\"canonical\" href=\"https:\/\/lifesupportdistribution.fr\/de\/produkt\/handact-mikrochirurgie-simulator-fuer-die-hand\/\" \/>\n<meta property=\"og:locale\" content=\"de_DE\" \/>\n<meta property=\"og:type\" content=\"article\" \/>\n<meta property=\"og:title\" content=\"HandAct \u2013 Mikrochirurgie-Simulator f\u00fcr die Hand\" \/>\n<meta property=\"og:description\" content=\"Realistischer Mikrochirurgie-Simulator f\u00fcr die Hand zur Naht, Nerven- und Gef\u00e4\u00dfreparatur. Ideal f\u00fcr die chirurgische Ausbildung.\" \/>\n<meta property=\"og:url\" content=\"https:\/\/lifesupportdistribution.fr\/de\/produkt\/handact-mikrochirurgie-simulator-fuer-die-hand\/\" \/>\n<meta property=\"og:site_name\" content=\"Life Support Distribution\" \/>\n<meta property=\"og:image\" content=\"https:\/\/lifesupportdistribution.fr\/wp-content\/uploads\/2025\/12\/handact-simulateur-de-microchirurgie-de-la-main.jpg\" \/>\n\t<meta property=\"og:image:width\" content=\"600\" \/>\n\t<meta property=\"og:image:height\" content=\"400\" \/>\n\t<meta property=\"og:image:type\" content=\"image\/jpeg\" \/>\n<meta name=\"twitter:card\" content=\"summary_large_image\" \/>\n<meta name=\"twitter:label1\" content=\"Gesch\u00e4tzte Lesezeit\" \/>\n\t<meta name=\"twitter:data1\" content=\"1\u00a0Minute\" \/>\n<script type=\"application\/ld+json\" class=\"yoast-schema-graph\">{\"@context\":\"https:\/\/schema.org\",\"@graph\":[{\"@type\":\"WebPage\",\"@id\":\"https:\/\/lifesupportdistribution.fr\/de\/produkt\/handact-mikrochirurgie-simulator-fuer-die-hand\/\",\"url\":\"https:\/\/lifesupportdistribution.fr\/de\/produkt\/handact-mikrochirurgie-simulator-fuer-die-hand\/\",\"name\":\"HandAct \u2013 Mikrochirurgie-Simulator f\u00fcr die Hand\",\"isPartOf\":{\"@id\":\"https:\/\/lifesupportdistribution.fr\/de\/#website\"},\"primaryImageOfPage\":{\"@id\":\"https:\/\/lifesupportdistribution.fr\/de\/produkt\/handact-mikrochirurgie-simulator-fuer-die-hand\/#primaryimage\"},\"image\":{\"@id\":\"https:\/\/lifesupportdistribution.fr\/de\/produkt\/handact-mikrochirurgie-simulator-fuer-die-hand\/#primaryimage\"},\"thumbnailUrl\":\"https:\/\/lifesupportdistribution.fr\/wp-content\/uploads\/2025\/12\/handact-simulateur-de-microchirurgie-de-la-main.jpg\",\"datePublished\":\"2025-12-12T13:05:46+00:00\",\"description\":\"Realistischer Mikrochirurgie-Simulator f\u00fcr die Hand zur Naht, Nerven- und Gef\u00e4\u00dfreparatur. Ideal f\u00fcr die chirurgische Ausbildung.\",\"breadcrumb\":{\"@id\":\"https:\/\/lifesupportdistribution.fr\/de\/produkt\/handact-mikrochirurgie-simulator-fuer-die-hand\/#breadcrumb\"},\"inLanguage\":\"de\",\"potentialAction\":[{\"@type\":\"ReadAction\",\"target\":[\"https:\/\/lifesupportdistribution.fr\/de\/produkt\/handact-mikrochirurgie-simulator-fuer-die-hand\/\"]}]},{\"@type\":\"ImageObject\",\"inLanguage\":\"de\",\"@id\":\"https:\/\/lifesupportdistribution.fr\/de\/produkt\/handact-mikrochirurgie-simulator-fuer-die-hand\/#primaryimage\",\"url\":\"https:\/\/lifesupportdistribution.fr\/wp-content\/uploads\/2025\/12\/handact-simulateur-de-microchirurgie-de-la-main.jpg\",\"contentUrl\":\"https:\/\/lifesupportdistribution.fr\/wp-content\/uploads\/2025\/12\/handact-simulateur-de-microchirurgie-de-la-main.jpg\",\"width\":600,\"height\":400},{\"@type\":\"BreadcrumbList\",\"@id\":\"https:\/\/lifesupportdistribution.fr\/de\/produkt\/handact-mikrochirurgie-simulator-fuer-die-hand\/#breadcrumb\",\"itemListElement\":[{\"@type\":\"ListItem\",\"position\":1,\"name\":\"Accueil\",\"item\":\"https:\/\/lifesupportdistribution.fr\/de\/startseite\/\"},{\"@type\":\"ListItem\",\"position\":2,\"name\":\"Shop\",\"item\":\"https:\/\/lifesupportdistribution.fr\/de\/shop\/\"},{\"@type\":\"ListItem\",\"position\":3,\"name\":\"HandAct \u2013 Mikrochirurgie-Simulator f\u00fcr die Hand\"}]},{\"@type\":\"WebSite\",\"@id\":\"https:\/\/lifesupportdistribution.fr\/de\/#website\",\"url\":\"https:\/\/lifesupportdistribution.fr\/de\/\",\"name\":\"Life Support Distribution\",\"description\":\"Solutions en simulation m\u00e9dicale\",\"publisher\":{\"@id\":\"https:\/\/lifesupportdistribution.fr\/de\/#organization\"},\"potentialAction\":[{\"@type\":\"SearchAction\",\"target\":{\"@type\":\"EntryPoint\",\"urlTemplate\":\"https:\/\/lifesupportdistribution.fr\/de\/?s={search_term_string}\"},\"query-input\":{\"@type\":\"PropertyValueSpecification\",\"valueRequired\":true,\"valueName\":\"search_term_string\"}}],\"inLanguage\":\"de\"},{\"@type\":\"Organization\",\"@id\":\"https:\/\/lifesupportdistribution.fr\/de\/#organization\",\"name\":\"Life Support Distribution\",\"url\":\"https:\/\/lifesupportdistribution.fr\/de\/\",\"logo\":{\"@type\":\"ImageObject\",\"inLanguage\":\"de\",\"@id\":\"https:\/\/lifesupportdistribution.fr\/de\/#\/schema\/logo\/image\/\",\"url\":\"https:\/\/lifesupportdistribution.fr\/wp-content\/uploads\/2025\/10\/logo-life-support-distribution.svg\",\"contentUrl\":\"https:\/\/lifesupportdistribution.fr\/wp-content\/uploads\/2025\/10\/logo-life-support-distribution.svg\",\"width\":698,\"height\":223,\"caption\":\"Life Support Distribution\"},\"image\":{\"@id\":\"https:\/\/lifesupportdistribution.fr\/de\/#\/schema\/logo\/image\/\"},\"sameAs\":[\"https:\/\/www.linkedin.com\/company\/life-support-distribution\/\"]}]}<\/script>\n<!-- \/ Yoast SEO plugin. -->","yoast_head_json":{"title":"HandAct \u2013 Mikrochirurgie-Simulator f\u00fcr die Hand","description":"Realistischer Mikrochirurgie-Simulator f\u00fcr die Hand zur Naht, Nerven- und Gef\u00e4\u00dfreparatur. Ideal f\u00fcr die chirurgische Ausbildung.","robots":{"index":"index","follow":"follow","max-snippet":"max-snippet:-1","max-image-preview":"max-image-preview:large","max-video-preview":"max-video-preview:-1"},"canonical":"https:\/\/lifesupportdistribution.fr\/de\/produkt\/handact-mikrochirurgie-simulator-fuer-die-hand\/","og_locale":"de_DE","og_type":"article","og_title":"HandAct \u2013 Mikrochirurgie-Simulator f\u00fcr die Hand","og_description":"Realistischer Mikrochirurgie-Simulator f\u00fcr die Hand zur Naht, Nerven- und Gef\u00e4\u00dfreparatur. Ideal f\u00fcr die chirurgische Ausbildung.","og_url":"https:\/\/lifesupportdistribution.fr\/de\/produkt\/handact-mikrochirurgie-simulator-fuer-die-hand\/","og_site_name":"Life Support Distribution","og_image":[{"width":600,"height":400,"url":"https:\/\/lifesupportdistribution.fr\/wp-content\/uploads\/2025\/12\/handact-simulateur-de-microchirurgie-de-la-main.jpg","type":"image\/jpeg"}],"twitter_card":"summary_large_image","twitter_misc":{"Gesch\u00e4tzte Lesezeit":"1\u00a0Minute"},"schema":{"@context":"https:\/\/schema.org","@graph":[{"@type":"WebPage","@id":"https:\/\/lifesupportdistribution.fr\/de\/produkt\/handact-mikrochirurgie-simulator-fuer-die-hand\/","url":"https:\/\/lifesupportdistribution.fr\/de\/produkt\/handact-mikrochirurgie-simulator-fuer-die-hand\/","name":"HandAct \u2013 Mikrochirurgie-Simulator f\u00fcr die Hand","isPartOf":{"@id":"https:\/\/lifesupportdistribution.fr\/de\/#website"},"primaryImageOfPage":{"@id":"https:\/\/lifesupportdistribution.fr\/de\/produkt\/handact-mikrochirurgie-simulator-fuer-die-hand\/#primaryimage"},"image":{"@id":"https:\/\/lifesupportdistribution.fr\/de\/produkt\/handact-mikrochirurgie-simulator-fuer-die-hand\/#primaryimage"},"thumbnailUrl":"https:\/\/lifesupportdistribution.fr\/wp-content\/uploads\/2025\/12\/handact-simulateur-de-microchirurgie-de-la-main.jpg","datePublished":"2025-12-12T13:05:46+00:00","description":"Realistischer Mikrochirurgie-Simulator f\u00fcr die Hand zur Naht, Nerven- und Gef\u00e4\u00dfreparatur. Ideal f\u00fcr die chirurgische Ausbildung.","breadcrumb":{"@id":"https:\/\/lifesupportdistribution.fr\/de\/produkt\/handact-mikrochirurgie-simulator-fuer-die-hand\/#breadcrumb"},"inLanguage":"de","potentialAction":[{"@type":"ReadAction","target":["https:\/\/lifesupportdistribution.fr\/de\/produkt\/handact-mikrochirurgie-simulator-fuer-die-hand\/"]}]},{"@type":"ImageObject","inLanguage":"de","@id":"https:\/\/lifesupportdistribution.fr\/de\/produkt\/handact-mikrochirurgie-simulator-fuer-die-hand\/#primaryimage","url":"https:\/\/lifesupportdistribution.fr\/wp-content\/uploads\/2025\/12\/handact-simulateur-de-microchirurgie-de-la-main.jpg","contentUrl":"https:\/\/lifesupportdistribution.fr\/wp-content\/uploads\/2025\/12\/handact-simulateur-de-microchirurgie-de-la-main.jpg","width":600,"height":400},{"@type":"BreadcrumbList","@id":"https:\/\/lifesupportdistribution.fr\/de\/produkt\/handact-mikrochirurgie-simulator-fuer-die-hand\/#breadcrumb","itemListElement":[{"@type":"ListItem","position":1,"name":"Accueil","item":"https:\/\/lifesupportdistribution.fr\/de\/startseite\/"},{"@type":"ListItem","position":2,"name":"Shop","item":"https:\/\/lifesupportdistribution.fr\/de\/shop\/"},{"@type":"ListItem","position":3,"name":"HandAct \u2013 Mikrochirurgie-Simulator f\u00fcr die Hand"}]},{"@type":"WebSite","@id":"https:\/\/lifesupportdistribution.fr\/de\/#website","url":"https:\/\/lifesupportdistribution.fr\/de\/","name":"Life Support Distribution","description":"Solutions en simulation m\u00e9dicale","publisher":{"@id":"https:\/\/lifesupportdistribution.fr\/de\/#organization"},"potentialAction":[{"@type":"SearchAction","target":{"@type":"EntryPoint","urlTemplate":"https:\/\/lifesupportdistribution.fr\/de\/?s={search_term_string}"},"query-input":{"@type":"PropertyValueSpecification","valueRequired":true,"valueName":"search_term_string"}}],"inLanguage":"de"},{"@type":"Organization","@id":"https:\/\/lifesupportdistribution.fr\/de\/#organization","name":"Life Support Distribution","url":"https:\/\/lifesupportdistribution.fr\/de\/","logo":{"@type":"ImageObject","inLanguage":"de","@id":"https:\/\/lifesupportdistribution.fr\/de\/#\/schema\/logo\/image\/","url":"https:\/\/lifesupportdistribution.fr\/wp-content\/uploads\/2025\/10\/logo-life-support-distribution.svg","contentUrl":"https:\/\/lifesupportdistribution.fr\/wp-content\/uploads\/2025\/10\/logo-life-support-distribution.svg","width":698,"height":223,"caption":"Life Support Distribution"},"image":{"@id":"https:\/\/lifesupportdistribution.fr\/de\/#\/schema\/logo\/image\/"},"sameAs":["https:\/\/www.linkedin.com\/company\/life-support-distribution\/"]}]}},"_links":{"self":[{"href":"https:\/\/lifesupportdistribution.fr\/de\/wp-json\/wp\/v2\/product\/6176","targetHints":{"allow":["GET"]}}],"collection":[{"href":"https:\/\/lifesupportdistribution.fr\/de\/wp-json\/wp\/v2\/product"}],"about":[{"href":"https:\/\/lifesupportdistribution.fr\/de\/wp-json\/wp\/v2\/types\/product"}],"wp:featuredmedia":[{"embeddable":true,"href":"https:\/\/lifesupportdistribution.fr\/de\/wp-json\/wp\/v2\/media\/3551"}],"wp:attachment":[{"href":"https:\/\/lifesupportdistribution.fr\/de\/wp-json\/wp\/v2\/media?parent=6176"}],"wp:term":[{"taxonomy":"product_brand","embeddable":true,"href":"https:\/\/lifesupportdistribution.fr\/de\/wp-json\/wp\/v2\/product_brand?post=6176"},{"taxonomy":"product_cat","embeddable":true,"href":"https:\/\/lifesupportdistribution.fr\/de\/wp-json\/wp\/v2\/product_cat?post=6176"},{"taxonomy":"product_tag","embeddable":true,"href":"https:\/\/lifesupportdistribution.fr\/de\/wp-json\/wp\/v2\/product_tag?post=6176"}],"curies":[{"name":"wp","href":"https:\/\/api.w.org\/{rel}","templated":true}]}}