{"id":6178,"date":"2025-12-12T14:12:21","date_gmt":"2025-12-12T13:12:21","guid":{"rendered":"https:\/\/lifesupportdistribution.fr\/produits\/anastomosegefaess-ersatz-o13-09-mm\/"},"modified":"2025-12-12T14:12:21","modified_gmt":"2025-12-12T13:12:21","slug":"anastomosegefaess-ersatz-o13-09-mm","status":"publish","type":"product","link":"https:\/\/lifesupportdistribution.fr\/de\/produkt\/anastomosegefaess-ersatz-o13-09-mm\/","title":{"rendered":"Anastomosegef\u00e4\u00df \u2013 Ersatz \u00d81,3 \/ 0,9 mm"},"content":{"rendered":"<p>Das Anastomosegef\u00e4\u00df ist ein austauschbares Insert, das f\u00fcr Creaplast Mikrochirurgie-Simulatoren wie den MicroChirSim oder den MicroVasTrainer entwickelt wurde.<br \/>\nHergestellt von Creaplast, einem f\u00fchrenden franz\u00f6sischen Hersteller f\u00fcr chirurgische Simulation, reproduziert es getreu die Textur, Elastizit\u00e4t und das mechanische Verhalten eines menschlichen Blutgef\u00e4\u00dfes kleinen Kalibers.<br \/>\nHergestellt aus hochpr\u00e4zisem Weichsilikon, erm\u00f6glicht es den Anwendern, End-zu-End-, End-zu-Seit- und Seit-zu-Seit-N\u00e4hte zu \u00fcben, mit realistischem taktilem Feedback und einem an Mikro-Anastomose-Chirurgief\u00e4den angepassten Widerstand.<br \/>\nDieses Insert stellt eine wirtschaftliche und langlebige L\u00f6sung dar, um die Lebensdauer der Simulatoren zu verl\u00e4ngern, bei gleichzeitig hohem p\u00e4dagogischem Realismus.<\/p>\n","protected":false},"excerpt":{"rendered":"<p>Das Creaplast Anastomosegef\u00e4\u00df \u00d81,3 \/ 0,9 mm ist ein Ersatzverbrauchsmaterial f\u00fcr Mikrochirurgie-Simulatoren. Es erm\u00f6glicht das wiederholte \u00dcben von Nahttechniken und vaskul\u00e4ren Anastomosen, unter Beibehaltung des f\u00fcr die chirurgische Ausbildung erforderlichen taktilen Realismus und der anatomischen Pr\u00e4zision. <\/p>\n","protected":false},"featured_media":3548,"template":"","meta":[],"product_brand":[191],"product_cat":[227],"product_tag":[250],"class_list":{"0":"post-6178","1":"product","2":"type-product","3":"status-publish","4":"has-post-thumbnail","6":"product_brand-creaplast","7":"product_cat-zubehor-und-ersatzteile","8":"product_tag-chirurgie","10":"first","11":"instock","12":"shipping-taxable","13":"purchasable","14":"product-type-simple"},"yoast_head":"<!-- This site is optimized with the Yoast SEO plugin v26.8 - https:\/\/yoast.com\/product\/yoast-seo-wordpress\/ -->\n<title>Anastomosegef\u00e4\u00df \u00d81,3 \/ 0,9 mm \u2013 Mikrochirurgie<\/title>\n<meta name=\"description\" content=\"Ersatz-Insert f\u00fcr Mikrochirurgie. Silikongef\u00e4\u00df \u00d81,3 \/ 0,9 mm f\u00fcr vaskul\u00e4res Anastomosen-Training.\" \/>\n<meta name=\"robots\" content=\"index, follow, max-snippet:-1, max-image-preview:large, max-video-preview:-1\" \/>\n<link rel=\"canonical\" href=\"https:\/\/lifesupportdistribution.fr\/de\/produkt\/anastomosegefaess-ersatz-o13-09-mm\/\" \/>\n<meta property=\"og:locale\" content=\"de_DE\" \/>\n<meta property=\"og:type\" content=\"article\" \/>\n<meta property=\"og:title\" content=\"Anastomosegef\u00e4\u00df \u00d81,3 \/ 0,9 mm \u2013 Mikrochirurgie\" \/>\n<meta property=\"og:description\" content=\"Ersatz-Insert f\u00fcr Mikrochirurgie. Silikongef\u00e4\u00df \u00d81,3 \/ 0,9 mm f\u00fcr vaskul\u00e4res Anastomosen-Training.\" \/>\n<meta property=\"og:url\" content=\"https:\/\/lifesupportdistribution.fr\/de\/produkt\/anastomosegefaess-ersatz-o13-09-mm\/\" \/>\n<meta property=\"og:site_name\" content=\"Life Support Distribution\" \/>\n<meta property=\"og:image\" content=\"https:\/\/lifesupportdistribution.fr\/wp-content\/uploads\/2025\/12\/vaisseau-anastomose-remplacement-1309-mm.jpg\" \/>\n\t<meta property=\"og:image:width\" content=\"600\" \/>\n\t<meta property=\"og:image:height\" content=\"400\" \/>\n\t<meta property=\"og:image:type\" content=\"image\/jpeg\" \/>\n<meta name=\"twitter:card\" content=\"summary_large_image\" \/>\n<meta name=\"twitter:label1\" content=\"Gesch\u00e4tzte Lesezeit\" \/>\n\t<meta name=\"twitter:data1\" content=\"1\u00a0Minute\" \/>\n<script type=\"application\/ld+json\" class=\"yoast-schema-graph\">{\"@context\":\"https:\/\/schema.org\",\"@graph\":[{\"@type\":\"WebPage\",\"@id\":\"https:\/\/lifesupportdistribution.fr\/de\/produkt\/anastomosegefaess-ersatz-o13-09-mm\/\",\"url\":\"https:\/\/lifesupportdistribution.fr\/de\/produkt\/anastomosegefaess-ersatz-o13-09-mm\/\",\"name\":\"Anastomosegef\u00e4\u00df \u00d81,3 \/ 0,9 mm \u2013 Mikrochirurgie\",\"isPartOf\":{\"@id\":\"https:\/\/lifesupportdistribution.fr\/de\/#website\"},\"primaryImageOfPage\":{\"@id\":\"https:\/\/lifesupportdistribution.fr\/de\/produkt\/anastomosegefaess-ersatz-o13-09-mm\/#primaryimage\"},\"image\":{\"@id\":\"https:\/\/lifesupportdistribution.fr\/de\/produkt\/anastomosegefaess-ersatz-o13-09-mm\/#primaryimage\"},\"thumbnailUrl\":\"https:\/\/lifesupportdistribution.fr\/wp-content\/uploads\/2025\/12\/vaisseau-anastomose-remplacement-1309-mm.jpg\",\"datePublished\":\"2025-12-12T13:12:21+00:00\",\"description\":\"Ersatz-Insert f\u00fcr Mikrochirurgie. Silikongef\u00e4\u00df \u00d81,3 \/ 0,9 mm f\u00fcr vaskul\u00e4res Anastomosen-Training.\",\"breadcrumb\":{\"@id\":\"https:\/\/lifesupportdistribution.fr\/de\/produkt\/anastomosegefaess-ersatz-o13-09-mm\/#breadcrumb\"},\"inLanguage\":\"de\",\"potentialAction\":[{\"@type\":\"ReadAction\",\"target\":[\"https:\/\/lifesupportdistribution.fr\/de\/produkt\/anastomosegefaess-ersatz-o13-09-mm\/\"]}]},{\"@type\":\"ImageObject\",\"inLanguage\":\"de\",\"@id\":\"https:\/\/lifesupportdistribution.fr\/de\/produkt\/anastomosegefaess-ersatz-o13-09-mm\/#primaryimage\",\"url\":\"https:\/\/lifesupportdistribution.fr\/wp-content\/uploads\/2025\/12\/vaisseau-anastomose-remplacement-1309-mm.jpg\",\"contentUrl\":\"https:\/\/lifesupportdistribution.fr\/wp-content\/uploads\/2025\/12\/vaisseau-anastomose-remplacement-1309-mm.jpg\",\"width\":600,\"height\":400},{\"@type\":\"BreadcrumbList\",\"@id\":\"https:\/\/lifesupportdistribution.fr\/de\/produkt\/anastomosegefaess-ersatz-o13-09-mm\/#breadcrumb\",\"itemListElement\":[{\"@type\":\"ListItem\",\"position\":1,\"name\":\"Accueil\",\"item\":\"https:\/\/lifesupportdistribution.fr\/de\/startseite\/\"},{\"@type\":\"ListItem\",\"position\":2,\"name\":\"Shop\",\"item\":\"https:\/\/lifesupportdistribution.fr\/de\/shop\/\"},{\"@type\":\"ListItem\",\"position\":3,\"name\":\"Anastomosegef\u00e4\u00df \u2013 Ersatz \u00d81,3 \/ 0,9 mm\"}]},{\"@type\":\"WebSite\",\"@id\":\"https:\/\/lifesupportdistribution.fr\/de\/#website\",\"url\":\"https:\/\/lifesupportdistribution.fr\/de\/\",\"name\":\"Life Support Distribution\",\"description\":\"Solutions en simulation m\u00e9dicale\",\"publisher\":{\"@id\":\"https:\/\/lifesupportdistribution.fr\/de\/#organization\"},\"potentialAction\":[{\"@type\":\"SearchAction\",\"target\":{\"@type\":\"EntryPoint\",\"urlTemplate\":\"https:\/\/lifesupportdistribution.fr\/de\/?s={search_term_string}\"},\"query-input\":{\"@type\":\"PropertyValueSpecification\",\"valueRequired\":true,\"valueName\":\"search_term_string\"}}],\"inLanguage\":\"de\"},{\"@type\":\"Organization\",\"@id\":\"https:\/\/lifesupportdistribution.fr\/de\/#organization\",\"name\":\"Life Support Distribution\",\"url\":\"https:\/\/lifesupportdistribution.fr\/de\/\",\"logo\":{\"@type\":\"ImageObject\",\"inLanguage\":\"de\",\"@id\":\"https:\/\/lifesupportdistribution.fr\/de\/#\/schema\/logo\/image\/\",\"url\":\"https:\/\/lifesupportdistribution.fr\/wp-content\/uploads\/2025\/10\/logo-life-support-distribution.svg\",\"contentUrl\":\"https:\/\/lifesupportdistribution.fr\/wp-content\/uploads\/2025\/10\/logo-life-support-distribution.svg\",\"width\":698,\"height\":223,\"caption\":\"Life Support Distribution\"},\"image\":{\"@id\":\"https:\/\/lifesupportdistribution.fr\/de\/#\/schema\/logo\/image\/\"},\"sameAs\":[\"https:\/\/www.linkedin.com\/company\/life-support-distribution\/\"]}]}<\/script>\n<!-- \/ Yoast SEO plugin. -->","yoast_head_json":{"title":"Anastomosegef\u00e4\u00df \u00d81,3 \/ 0,9 mm \u2013 Mikrochirurgie","description":"Ersatz-Insert f\u00fcr Mikrochirurgie. Silikongef\u00e4\u00df \u00d81,3 \/ 0,9 mm f\u00fcr vaskul\u00e4res Anastomosen-Training.","robots":{"index":"index","follow":"follow","max-snippet":"max-snippet:-1","max-image-preview":"max-image-preview:large","max-video-preview":"max-video-preview:-1"},"canonical":"https:\/\/lifesupportdistribution.fr\/de\/produkt\/anastomosegefaess-ersatz-o13-09-mm\/","og_locale":"de_DE","og_type":"article","og_title":"Anastomosegef\u00e4\u00df \u00d81,3 \/ 0,9 mm \u2013 Mikrochirurgie","og_description":"Ersatz-Insert f\u00fcr Mikrochirurgie. Silikongef\u00e4\u00df \u00d81,3 \/ 0,9 mm f\u00fcr vaskul\u00e4res Anastomosen-Training.","og_url":"https:\/\/lifesupportdistribution.fr\/de\/produkt\/anastomosegefaess-ersatz-o13-09-mm\/","og_site_name":"Life Support Distribution","og_image":[{"width":600,"height":400,"url":"https:\/\/lifesupportdistribution.fr\/wp-content\/uploads\/2025\/12\/vaisseau-anastomose-remplacement-1309-mm.jpg","type":"image\/jpeg"}],"twitter_card":"summary_large_image","twitter_misc":{"Gesch\u00e4tzte Lesezeit":"1\u00a0Minute"},"schema":{"@context":"https:\/\/schema.org","@graph":[{"@type":"WebPage","@id":"https:\/\/lifesupportdistribution.fr\/de\/produkt\/anastomosegefaess-ersatz-o13-09-mm\/","url":"https:\/\/lifesupportdistribution.fr\/de\/produkt\/anastomosegefaess-ersatz-o13-09-mm\/","name":"Anastomosegef\u00e4\u00df \u00d81,3 \/ 0,9 mm \u2013 Mikrochirurgie","isPartOf":{"@id":"https:\/\/lifesupportdistribution.fr\/de\/#website"},"primaryImageOfPage":{"@id":"https:\/\/lifesupportdistribution.fr\/de\/produkt\/anastomosegefaess-ersatz-o13-09-mm\/#primaryimage"},"image":{"@id":"https:\/\/lifesupportdistribution.fr\/de\/produkt\/anastomosegefaess-ersatz-o13-09-mm\/#primaryimage"},"thumbnailUrl":"https:\/\/lifesupportdistribution.fr\/wp-content\/uploads\/2025\/12\/vaisseau-anastomose-remplacement-1309-mm.jpg","datePublished":"2025-12-12T13:12:21+00:00","description":"Ersatz-Insert f\u00fcr Mikrochirurgie. Silikongef\u00e4\u00df \u00d81,3 \/ 0,9 mm f\u00fcr vaskul\u00e4res Anastomosen-Training.","breadcrumb":{"@id":"https:\/\/lifesupportdistribution.fr\/de\/produkt\/anastomosegefaess-ersatz-o13-09-mm\/#breadcrumb"},"inLanguage":"de","potentialAction":[{"@type":"ReadAction","target":["https:\/\/lifesupportdistribution.fr\/de\/produkt\/anastomosegefaess-ersatz-o13-09-mm\/"]}]},{"@type":"ImageObject","inLanguage":"de","@id":"https:\/\/lifesupportdistribution.fr\/de\/produkt\/anastomosegefaess-ersatz-o13-09-mm\/#primaryimage","url":"https:\/\/lifesupportdistribution.fr\/wp-content\/uploads\/2025\/12\/vaisseau-anastomose-remplacement-1309-mm.jpg","contentUrl":"https:\/\/lifesupportdistribution.fr\/wp-content\/uploads\/2025\/12\/vaisseau-anastomose-remplacement-1309-mm.jpg","width":600,"height":400},{"@type":"BreadcrumbList","@id":"https:\/\/lifesupportdistribution.fr\/de\/produkt\/anastomosegefaess-ersatz-o13-09-mm\/#breadcrumb","itemListElement":[{"@type":"ListItem","position":1,"name":"Accueil","item":"https:\/\/lifesupportdistribution.fr\/de\/startseite\/"},{"@type":"ListItem","position":2,"name":"Shop","item":"https:\/\/lifesupportdistribution.fr\/de\/shop\/"},{"@type":"ListItem","position":3,"name":"Anastomosegef\u00e4\u00df \u2013 Ersatz \u00d81,3 \/ 0,9 mm"}]},{"@type":"WebSite","@id":"https:\/\/lifesupportdistribution.fr\/de\/#website","url":"https:\/\/lifesupportdistribution.fr\/de\/","name":"Life Support Distribution","description":"Solutions en simulation m\u00e9dicale","publisher":{"@id":"https:\/\/lifesupportdistribution.fr\/de\/#organization"},"potentialAction":[{"@type":"SearchAction","target":{"@type":"EntryPoint","urlTemplate":"https:\/\/lifesupportdistribution.fr\/de\/?s={search_term_string}"},"query-input":{"@type":"PropertyValueSpecification","valueRequired":true,"valueName":"search_term_string"}}],"inLanguage":"de"},{"@type":"Organization","@id":"https:\/\/lifesupportdistribution.fr\/de\/#organization","name":"Life Support Distribution","url":"https:\/\/lifesupportdistribution.fr\/de\/","logo":{"@type":"ImageObject","inLanguage":"de","@id":"https:\/\/lifesupportdistribution.fr\/de\/#\/schema\/logo\/image\/","url":"https:\/\/lifesupportdistribution.fr\/wp-content\/uploads\/2025\/10\/logo-life-support-distribution.svg","contentUrl":"https:\/\/lifesupportdistribution.fr\/wp-content\/uploads\/2025\/10\/logo-life-support-distribution.svg","width":698,"height":223,"caption":"Life Support Distribution"},"image":{"@id":"https:\/\/lifesupportdistribution.fr\/de\/#\/schema\/logo\/image\/"},"sameAs":["https:\/\/www.linkedin.com\/company\/life-support-distribution\/"]}]}},"_links":{"self":[{"href":"https:\/\/lifesupportdistribution.fr\/de\/wp-json\/wp\/v2\/product\/6178","targetHints":{"allow":["GET"]}}],"collection":[{"href":"https:\/\/lifesupportdistribution.fr\/de\/wp-json\/wp\/v2\/product"}],"about":[{"href":"https:\/\/lifesupportdistribution.fr\/de\/wp-json\/wp\/v2\/types\/product"}],"wp:featuredmedia":[{"embeddable":true,"href":"https:\/\/lifesupportdistribution.fr\/de\/wp-json\/wp\/v2\/media\/3548"}],"wp:attachment":[{"href":"https:\/\/lifesupportdistribution.fr\/de\/wp-json\/wp\/v2\/media?parent=6178"}],"wp:term":[{"taxonomy":"product_brand","embeddable":true,"href":"https:\/\/lifesupportdistribution.fr\/de\/wp-json\/wp\/v2\/product_brand?post=6178"},{"taxonomy":"product_cat","embeddable":true,"href":"https:\/\/lifesupportdistribution.fr\/de\/wp-json\/wp\/v2\/product_cat?post=6178"},{"taxonomy":"product_tag","embeddable":true,"href":"https:\/\/lifesupportdistribution.fr\/de\/wp-json\/wp\/v2\/product_tag?post=6178"}],"curies":[{"name":"wp","href":"https:\/\/api.w.org\/{rel}","templated":true}]}}