{"id":6213,"date":"2025-11-27T13:31:27","date_gmt":"2025-11-27T12:31:27","guid":{"rendered":"https:\/\/lifesupportdistribution.fr\/produits\/basis-ellenbogen\/"},"modified":"2025-11-27T13:31:27","modified_gmt":"2025-11-27T12:31:27","slug":"basis-ellenbogen","status":"publish","type":"product","link":"https:\/\/lifesupportdistribution.fr\/de\/produkt\/basis-ellenbogen\/","title":{"rendered":"Basis-Ellenbogen"},"content":{"rendered":"<p>Das Basis-Ellenbogenmodell von 3B Scientific erm\u00f6glicht die Beobachtung der Hauptelemente des Ellenbogengelenks: Oberarmknochen (Humerus), Speiche (Radius) und Elle (Ulna), sowie der wichtigsten B\u00e4nder, die die Stabilit\u00e4t des Gelenks gew\u00e4hrleisten.<br \/>\nAuf einem robusten Sockel montiert, bietet es eine klare Sicht auf die anatomischen Strukturen und erleichtert die Demonstration physiologischer Bewegungen wie Flexion, Extension und Pronation-Supination.<br \/>\nSein klares Design macht es zu einem besonders geeigneten Hilfsmittel f\u00fcr die Einf\u00fchrung in den Unterricht oder f\u00fcr klinische Pr\u00e4sentationen.<\/p>\n","protected":false},"excerpt":{"rendered":"<p>Dieses anatomische Modell des menschlichen Ellenbogens zeigt die wesentlichen Knochen- und Bandstrukturen des Gelenks und erm\u00f6glicht ein schnelles Verst\u00e4ndnis der Beweglichkeit und Einschr\u00e4nkungen.<br \/>\nF\u00fcr den Grundunterricht konzipiert, ist es ein einfaches, stabiles und langlebiges Lehrmittel, ideal f\u00fcr Ausbildungen in Anatomie, Physiotherapie oder Sportmedizin.<\/p>\n","protected":false},"featured_media":2281,"template":"","meta":[],"product_brand":[187],"product_cat":[221],"product_tag":[241],"class_list":{"0":"post-6213","1":"product","2":"type-product","3":"status-publish","4":"has-post-thumbnail","6":"product_brand-3b-scientific","7":"product_cat-anatomische-tafeln-und-modelle","8":"product_tag-anatomietraining","10":"first","11":"instock","12":"shipping-taxable","13":"purchasable","14":"product-type-simple"},"yoast_head":"<!-- This site is optimized with the Yoast SEO plugin v26.8 - https:\/\/yoast.com\/product\/yoast-seo-wordpress\/ -->\n<title>Basis-Ellenbogen \u2013 Anatomisches Modell 3B Scientific<\/title>\n<meta name=\"description\" content=\"Basis-Ellenbogenmodell, das die wesentlichen Strukturen und grundlegenden Bewegungen veranschaulicht, ideal f\u00fcr die Einf\u00fchrung in die Anatomie und klinische Demonstrationen.\" \/>\n<meta name=\"robots\" content=\"index, follow, max-snippet:-1, max-image-preview:large, max-video-preview:-1\" \/>\n<link rel=\"canonical\" href=\"https:\/\/lifesupportdistribution.fr\/de\/produkt\/basis-ellenbogen\/\" \/>\n<meta property=\"og:locale\" content=\"de_DE\" \/>\n<meta property=\"og:type\" content=\"article\" \/>\n<meta property=\"og:title\" content=\"Basis-Ellenbogen \u2013 Anatomisches Modell 3B Scientific\" \/>\n<meta property=\"og:description\" content=\"Basis-Ellenbogenmodell, das die wesentlichen Strukturen und grundlegenden Bewegungen veranschaulicht, ideal f\u00fcr die Einf\u00fchrung in die Anatomie und klinische Demonstrationen.\" \/>\n<meta property=\"og:url\" content=\"https:\/\/lifesupportdistribution.fr\/de\/produkt\/basis-ellenbogen\/\" \/>\n<meta property=\"og:site_name\" content=\"Life Support Distribution\" \/>\n<meta property=\"og:image\" content=\"https:\/\/lifesupportdistribution.fr\/wp-content\/uploads\/2025\/11\/1019516_01_Modele-de-coude-basique.jpg\" \/>\n\t<meta property=\"og:image:width\" content=\"500\" \/>\n\t<meta property=\"og:image:height\" content=\"500\" \/>\n\t<meta property=\"og:image:type\" content=\"image\/jpeg\" \/>\n<meta name=\"twitter:card\" content=\"summary_large_image\" \/>\n<script type=\"application\/ld+json\" class=\"yoast-schema-graph\">{\"@context\":\"https:\/\/schema.org\",\"@graph\":[{\"@type\":\"WebPage\",\"@id\":\"https:\/\/lifesupportdistribution.fr\/de\/produkt\/basis-ellenbogen\/\",\"url\":\"https:\/\/lifesupportdistribution.fr\/de\/produkt\/basis-ellenbogen\/\",\"name\":\"Basis-Ellenbogen \u2013 Anatomisches Modell 3B Scientific\",\"isPartOf\":{\"@id\":\"https:\/\/lifesupportdistribution.fr\/de\/#website\"},\"primaryImageOfPage\":{\"@id\":\"https:\/\/lifesupportdistribution.fr\/de\/produkt\/basis-ellenbogen\/#primaryimage\"},\"image\":{\"@id\":\"https:\/\/lifesupportdistribution.fr\/de\/produkt\/basis-ellenbogen\/#primaryimage\"},\"thumbnailUrl\":\"https:\/\/lifesupportdistribution.fr\/wp-content\/uploads\/2025\/11\/1019516_01_Modele-de-coude-basique.jpg\",\"datePublished\":\"2025-11-27T12:31:27+00:00\",\"description\":\"Basis-Ellenbogenmodell, das die wesentlichen Strukturen und grundlegenden Bewegungen veranschaulicht, ideal f\u00fcr die Einf\u00fchrung in die Anatomie und klinische Demonstrationen.\",\"breadcrumb\":{\"@id\":\"https:\/\/lifesupportdistribution.fr\/de\/produkt\/basis-ellenbogen\/#breadcrumb\"},\"inLanguage\":\"de\",\"potentialAction\":[{\"@type\":\"ReadAction\",\"target\":[\"https:\/\/lifesupportdistribution.fr\/de\/produkt\/basis-ellenbogen\/\"]}]},{\"@type\":\"ImageObject\",\"inLanguage\":\"de\",\"@id\":\"https:\/\/lifesupportdistribution.fr\/de\/produkt\/basis-ellenbogen\/#primaryimage\",\"url\":\"https:\/\/lifesupportdistribution.fr\/wp-content\/uploads\/2025\/11\/1019516_01_Modele-de-coude-basique.jpg\",\"contentUrl\":\"https:\/\/lifesupportdistribution.fr\/wp-content\/uploads\/2025\/11\/1019516_01_Modele-de-coude-basique.jpg\",\"width\":500,\"height\":500},{\"@type\":\"BreadcrumbList\",\"@id\":\"https:\/\/lifesupportdistribution.fr\/de\/produkt\/basis-ellenbogen\/#breadcrumb\",\"itemListElement\":[{\"@type\":\"ListItem\",\"position\":1,\"name\":\"Accueil\",\"item\":\"https:\/\/lifesupportdistribution.fr\/de\/startseite\/\"},{\"@type\":\"ListItem\",\"position\":2,\"name\":\"Shop\",\"item\":\"https:\/\/lifesupportdistribution.fr\/de\/shop\/\"},{\"@type\":\"ListItem\",\"position\":3,\"name\":\"Basis-Ellenbogen\"}]},{\"@type\":\"WebSite\",\"@id\":\"https:\/\/lifesupportdistribution.fr\/de\/#website\",\"url\":\"https:\/\/lifesupportdistribution.fr\/de\/\",\"name\":\"Life Support Distribution\",\"description\":\"Solutions en simulation m\u00e9dicale\",\"publisher\":{\"@id\":\"https:\/\/lifesupportdistribution.fr\/de\/#organization\"},\"potentialAction\":[{\"@type\":\"SearchAction\",\"target\":{\"@type\":\"EntryPoint\",\"urlTemplate\":\"https:\/\/lifesupportdistribution.fr\/de\/?s={search_term_string}\"},\"query-input\":{\"@type\":\"PropertyValueSpecification\",\"valueRequired\":true,\"valueName\":\"search_term_string\"}}],\"inLanguage\":\"de\"},{\"@type\":\"Organization\",\"@id\":\"https:\/\/lifesupportdistribution.fr\/de\/#organization\",\"name\":\"Life Support Distribution\",\"url\":\"https:\/\/lifesupportdistribution.fr\/de\/\",\"logo\":{\"@type\":\"ImageObject\",\"inLanguage\":\"de\",\"@id\":\"https:\/\/lifesupportdistribution.fr\/de\/#\/schema\/logo\/image\/\",\"url\":\"https:\/\/lifesupportdistribution.fr\/wp-content\/uploads\/2025\/10\/logo-life-support-distribution.svg\",\"contentUrl\":\"https:\/\/lifesupportdistribution.fr\/wp-content\/uploads\/2025\/10\/logo-life-support-distribution.svg\",\"width\":698,\"height\":223,\"caption\":\"Life Support Distribution\"},\"image\":{\"@id\":\"https:\/\/lifesupportdistribution.fr\/de\/#\/schema\/logo\/image\/\"},\"sameAs\":[\"https:\/\/www.linkedin.com\/company\/life-support-distribution\/\"]}]}<\/script>\n<!-- \/ Yoast SEO plugin. -->","yoast_head_json":{"title":"Basis-Ellenbogen \u2013 Anatomisches Modell 3B Scientific","description":"Basis-Ellenbogenmodell, das die wesentlichen Strukturen und grundlegenden Bewegungen veranschaulicht, ideal f\u00fcr die Einf\u00fchrung in die Anatomie und klinische Demonstrationen.","robots":{"index":"index","follow":"follow","max-snippet":"max-snippet:-1","max-image-preview":"max-image-preview:large","max-video-preview":"max-video-preview:-1"},"canonical":"https:\/\/lifesupportdistribution.fr\/de\/produkt\/basis-ellenbogen\/","og_locale":"de_DE","og_type":"article","og_title":"Basis-Ellenbogen \u2013 Anatomisches Modell 3B Scientific","og_description":"Basis-Ellenbogenmodell, das die wesentlichen Strukturen und grundlegenden Bewegungen veranschaulicht, ideal f\u00fcr die Einf\u00fchrung in die Anatomie und klinische Demonstrationen.","og_url":"https:\/\/lifesupportdistribution.fr\/de\/produkt\/basis-ellenbogen\/","og_site_name":"Life Support Distribution","og_image":[{"width":500,"height":500,"url":"https:\/\/lifesupportdistribution.fr\/wp-content\/uploads\/2025\/11\/1019516_01_Modele-de-coude-basique.jpg","type":"image\/jpeg"}],"twitter_card":"summary_large_image","schema":{"@context":"https:\/\/schema.org","@graph":[{"@type":"WebPage","@id":"https:\/\/lifesupportdistribution.fr\/de\/produkt\/basis-ellenbogen\/","url":"https:\/\/lifesupportdistribution.fr\/de\/produkt\/basis-ellenbogen\/","name":"Basis-Ellenbogen \u2013 Anatomisches Modell 3B Scientific","isPartOf":{"@id":"https:\/\/lifesupportdistribution.fr\/de\/#website"},"primaryImageOfPage":{"@id":"https:\/\/lifesupportdistribution.fr\/de\/produkt\/basis-ellenbogen\/#primaryimage"},"image":{"@id":"https:\/\/lifesupportdistribution.fr\/de\/produkt\/basis-ellenbogen\/#primaryimage"},"thumbnailUrl":"https:\/\/lifesupportdistribution.fr\/wp-content\/uploads\/2025\/11\/1019516_01_Modele-de-coude-basique.jpg","datePublished":"2025-11-27T12:31:27+00:00","description":"Basis-Ellenbogenmodell, das die wesentlichen Strukturen und grundlegenden Bewegungen veranschaulicht, ideal f\u00fcr die Einf\u00fchrung in die Anatomie und klinische Demonstrationen.","breadcrumb":{"@id":"https:\/\/lifesupportdistribution.fr\/de\/produkt\/basis-ellenbogen\/#breadcrumb"},"inLanguage":"de","potentialAction":[{"@type":"ReadAction","target":["https:\/\/lifesupportdistribution.fr\/de\/produkt\/basis-ellenbogen\/"]}]},{"@type":"ImageObject","inLanguage":"de","@id":"https:\/\/lifesupportdistribution.fr\/de\/produkt\/basis-ellenbogen\/#primaryimage","url":"https:\/\/lifesupportdistribution.fr\/wp-content\/uploads\/2025\/11\/1019516_01_Modele-de-coude-basique.jpg","contentUrl":"https:\/\/lifesupportdistribution.fr\/wp-content\/uploads\/2025\/11\/1019516_01_Modele-de-coude-basique.jpg","width":500,"height":500},{"@type":"BreadcrumbList","@id":"https:\/\/lifesupportdistribution.fr\/de\/produkt\/basis-ellenbogen\/#breadcrumb","itemListElement":[{"@type":"ListItem","position":1,"name":"Accueil","item":"https:\/\/lifesupportdistribution.fr\/de\/startseite\/"},{"@type":"ListItem","position":2,"name":"Shop","item":"https:\/\/lifesupportdistribution.fr\/de\/shop\/"},{"@type":"ListItem","position":3,"name":"Basis-Ellenbogen"}]},{"@type":"WebSite","@id":"https:\/\/lifesupportdistribution.fr\/de\/#website","url":"https:\/\/lifesupportdistribution.fr\/de\/","name":"Life Support Distribution","description":"Solutions en simulation m\u00e9dicale","publisher":{"@id":"https:\/\/lifesupportdistribution.fr\/de\/#organization"},"potentialAction":[{"@type":"SearchAction","target":{"@type":"EntryPoint","urlTemplate":"https:\/\/lifesupportdistribution.fr\/de\/?s={search_term_string}"},"query-input":{"@type":"PropertyValueSpecification","valueRequired":true,"valueName":"search_term_string"}}],"inLanguage":"de"},{"@type":"Organization","@id":"https:\/\/lifesupportdistribution.fr\/de\/#organization","name":"Life Support Distribution","url":"https:\/\/lifesupportdistribution.fr\/de\/","logo":{"@type":"ImageObject","inLanguage":"de","@id":"https:\/\/lifesupportdistribution.fr\/de\/#\/schema\/logo\/image\/","url":"https:\/\/lifesupportdistribution.fr\/wp-content\/uploads\/2025\/10\/logo-life-support-distribution.svg","contentUrl":"https:\/\/lifesupportdistribution.fr\/wp-content\/uploads\/2025\/10\/logo-life-support-distribution.svg","width":698,"height":223,"caption":"Life Support Distribution"},"image":{"@id":"https:\/\/lifesupportdistribution.fr\/de\/#\/schema\/logo\/image\/"},"sameAs":["https:\/\/www.linkedin.com\/company\/life-support-distribution\/"]}]}},"_links":{"self":[{"href":"https:\/\/lifesupportdistribution.fr\/de\/wp-json\/wp\/v2\/product\/6213","targetHints":{"allow":["GET"]}}],"collection":[{"href":"https:\/\/lifesupportdistribution.fr\/de\/wp-json\/wp\/v2\/product"}],"about":[{"href":"https:\/\/lifesupportdistribution.fr\/de\/wp-json\/wp\/v2\/types\/product"}],"wp:featuredmedia":[{"embeddable":true,"href":"https:\/\/lifesupportdistribution.fr\/de\/wp-json\/wp\/v2\/media\/2281"}],"wp:attachment":[{"href":"https:\/\/lifesupportdistribution.fr\/de\/wp-json\/wp\/v2\/media?parent=6213"}],"wp:term":[{"taxonomy":"product_brand","embeddable":true,"href":"https:\/\/lifesupportdistribution.fr\/de\/wp-json\/wp\/v2\/product_brand?post=6213"},{"taxonomy":"product_cat","embeddable":true,"href":"https:\/\/lifesupportdistribution.fr\/de\/wp-json\/wp\/v2\/product_cat?post=6213"},{"taxonomy":"product_tag","embeddable":true,"href":"https:\/\/lifesupportdistribution.fr\/de\/wp-json\/wp\/v2\/product_tag?post=6213"}],"curies":[{"name":"wp","href":"https:\/\/api.w.org\/{rel}","templated":true}]}}