{"id":6242,"date":"2025-12-05T16:42:10","date_gmt":"2025-12-05T15:42:10","guid":{"rendered":"https:\/\/lifesupportdistribution.fr\/produits\/komplettes-naht-trainingsset\/"},"modified":"2025-12-05T16:42:10","modified_gmt":"2025-12-05T15:42:10","slug":"komplettes-naht-trainingsset","status":"publish","type":"product","link":"https:\/\/lifesupportdistribution.fr\/de\/produkt\/komplettes-naht-trainingsset\/","title":{"rendered":"Komplettes Naht-Trainingsset"},"content":{"rendered":"<p>Der Kyoto Kagaku M83 Simulator erm\u00f6glicht es Lernenden, die wesentlichen Handgriffe der chirurgischen Naht zu erlernen, dank weicher und realistischer Materialien, die Textur und Widerstandsf\u00e4higkeit menschlicher Haut naturgetreu nachbilden.<br \/>\nDie k\u00fcnstliche Haut kann beliebig zugeschnitten werden, um neue \u00dcbungsbereiche zu schaffen, was eine dauerhafte und wirtschaftliche Nutzung gew\u00e4hrleistet.<br \/>\nDie enthaltenen Halterungen sorgen f\u00fcr die notwendige Stabilit\u00e4t und Spannung bei Pr\u00e4zisions\u00fcbungen, w\u00e4hrend die r\u00f6hrenf\u00f6rmigen Modelle das \u00dcben an verschiedenen Kan\u00e4len und anatomischen Strukturen erleichtern.<br \/>\nDas Set ist darauf ausgelegt, alle grundlegenden Nahtarten abzudecken: Bauchnaht, Gef\u00e4\u00dfnaht, Darmnaht und Gliedma\u00dfenn\u00e4hte.<br \/>\nSein einfaches, leichtes und robustes Design macht es zu einem unverzichtbaren Trainingswerkzeug f\u00fcr Krankenpflegeschulen, medizinische Universit\u00e4ten und Simulationszentren.<\/p>\n","protected":false},"excerpt":{"rendered":"<p>Das Kyoto Kagaku M83 Set ist ein komplettes Ger\u00e4t, das f\u00fcr die effektive Schulung in chirurgischen Nahttechniken entwickelt wurde. Es ist f\u00fcr die Vermittlung grundlegender Techniken geeignet und bietet optimalen taktilen und visuellen Realismus zur Simulation von Haut, Gewebe und anatomischen Kan\u00e4len. Leicht und modular, ist es eine ideale L\u00f6sung f\u00fcr klinische, universit\u00e4re und mobile Schulungen.  <\/p>\n","protected":false},"featured_media":3043,"template":"","meta":[],"product_brand":[200],"product_cat":[222],"product_tag":[250,254,251,236],"class_list":{"0":"post-6242","1":"product","2":"type-product","3":"status-publish","4":"has-post-thumbnail","6":"product_brand-kyoto-kagaku","7":"product_cat-simulatoren-fur-medizinische-versorgung","8":"product_tag-chirurgie","9":"product_tag-dermatologie","10":"product_tag-krankenpflege","11":"product_tag-notfallmedizin","13":"first","14":"instock","15":"shipping-taxable","16":"purchasable","17":"product-type-simple"},"yoast_head":"<!-- This site is optimized with the Yoast SEO plugin v26.8 - https:\/\/yoast.com\/product\/yoast-seo-wordpress\/ -->\n<title>Komplettes Naht-Trainingsset \u2013 Kyoto Kagaku<\/title>\n<meta name=\"description\" content=\"Komplettes und realistisches Set zum Erlernen chirurgischer N\u00e4hte, mit Hautmodellen, Kan\u00e4len und Instrumenten. Ideal f\u00fcr medizinische und klinische Schulungen.\" \/>\n<meta name=\"robots\" content=\"index, follow, max-snippet:-1, max-image-preview:large, max-video-preview:-1\" \/>\n<link rel=\"canonical\" href=\"https:\/\/lifesupportdistribution.fr\/de\/produkt\/komplettes-naht-trainingsset\/\" \/>\n<meta property=\"og:locale\" content=\"de_DE\" \/>\n<meta property=\"og:type\" content=\"article\" \/>\n<meta property=\"og:title\" content=\"Komplettes Naht-Trainingsset \u2013 Kyoto Kagaku\" \/>\n<meta property=\"og:description\" content=\"Komplettes und realistisches Set zum Erlernen chirurgischer N\u00e4hte, mit Hautmodellen, Kan\u00e4len und Instrumenten. Ideal f\u00fcr medizinische und klinische Schulungen.\" \/>\n<meta property=\"og:url\" content=\"https:\/\/lifesupportdistribution.fr\/de\/produkt\/komplettes-naht-trainingsset\/\" \/>\n<meta property=\"og:site_name\" content=\"Life Support Distribution\" \/>\n<meta property=\"og:image\" content=\"https:\/\/lifesupportdistribution.fr\/wp-content\/uploads\/2025\/12\/Ensemble-complet-dentrainement-a-la-suture.jpg\" \/>\n\t<meta property=\"og:image:width\" content=\"1000\" \/>\n\t<meta property=\"og:image:height\" content=\"1000\" \/>\n\t<meta property=\"og:image:type\" content=\"image\/jpeg\" \/>\n<meta name=\"twitter:card\" content=\"summary_large_image\" \/>\n<meta name=\"twitter:label1\" content=\"Gesch\u00e4tzte Lesezeit\" \/>\n\t<meta name=\"twitter:data1\" content=\"1\u00a0Minute\" \/>\n<script type=\"application\/ld+json\" class=\"yoast-schema-graph\">{\"@context\":\"https:\/\/schema.org\",\"@graph\":[{\"@type\":\"WebPage\",\"@id\":\"https:\/\/lifesupportdistribution.fr\/de\/produkt\/komplettes-naht-trainingsset\/\",\"url\":\"https:\/\/lifesupportdistribution.fr\/de\/produkt\/komplettes-naht-trainingsset\/\",\"name\":\"Komplettes Naht-Trainingsset \u2013 Kyoto Kagaku\",\"isPartOf\":{\"@id\":\"https:\/\/lifesupportdistribution.fr\/de\/#website\"},\"primaryImageOfPage\":{\"@id\":\"https:\/\/lifesupportdistribution.fr\/de\/produkt\/komplettes-naht-trainingsset\/#primaryimage\"},\"image\":{\"@id\":\"https:\/\/lifesupportdistribution.fr\/de\/produkt\/komplettes-naht-trainingsset\/#primaryimage\"},\"thumbnailUrl\":\"https:\/\/lifesupportdistribution.fr\/wp-content\/uploads\/2025\/12\/Ensemble-complet-dentrainement-a-la-suture.jpg\",\"datePublished\":\"2025-12-05T15:42:10+00:00\",\"description\":\"Komplettes und realistisches Set zum Erlernen chirurgischer N\u00e4hte, mit Hautmodellen, Kan\u00e4len und Instrumenten. Ideal f\u00fcr medizinische und klinische Schulungen.\",\"breadcrumb\":{\"@id\":\"https:\/\/lifesupportdistribution.fr\/de\/produkt\/komplettes-naht-trainingsset\/#breadcrumb\"},\"inLanguage\":\"de\",\"potentialAction\":[{\"@type\":\"ReadAction\",\"target\":[\"https:\/\/lifesupportdistribution.fr\/de\/produkt\/komplettes-naht-trainingsset\/\"]}]},{\"@type\":\"ImageObject\",\"inLanguage\":\"de\",\"@id\":\"https:\/\/lifesupportdistribution.fr\/de\/produkt\/komplettes-naht-trainingsset\/#primaryimage\",\"url\":\"https:\/\/lifesupportdistribution.fr\/wp-content\/uploads\/2025\/12\/Ensemble-complet-dentrainement-a-la-suture.jpg\",\"contentUrl\":\"https:\/\/lifesupportdistribution.fr\/wp-content\/uploads\/2025\/12\/Ensemble-complet-dentrainement-a-la-suture.jpg\",\"width\":1000,\"height\":1000},{\"@type\":\"BreadcrumbList\",\"@id\":\"https:\/\/lifesupportdistribution.fr\/de\/produkt\/komplettes-naht-trainingsset\/#breadcrumb\",\"itemListElement\":[{\"@type\":\"ListItem\",\"position\":1,\"name\":\"Accueil\",\"item\":\"https:\/\/lifesupportdistribution.fr\/de\/startseite\/\"},{\"@type\":\"ListItem\",\"position\":2,\"name\":\"Shop\",\"item\":\"https:\/\/lifesupportdistribution.fr\/de\/shop\/\"},{\"@type\":\"ListItem\",\"position\":3,\"name\":\"Komplettes Naht-Trainingsset\"}]},{\"@type\":\"WebSite\",\"@id\":\"https:\/\/lifesupportdistribution.fr\/de\/#website\",\"url\":\"https:\/\/lifesupportdistribution.fr\/de\/\",\"name\":\"Life Support Distribution\",\"description\":\"Solutions en simulation m\u00e9dicale\",\"publisher\":{\"@id\":\"https:\/\/lifesupportdistribution.fr\/de\/#organization\"},\"potentialAction\":[{\"@type\":\"SearchAction\",\"target\":{\"@type\":\"EntryPoint\",\"urlTemplate\":\"https:\/\/lifesupportdistribution.fr\/de\/?s={search_term_string}\"},\"query-input\":{\"@type\":\"PropertyValueSpecification\",\"valueRequired\":true,\"valueName\":\"search_term_string\"}}],\"inLanguage\":\"de\"},{\"@type\":\"Organization\",\"@id\":\"https:\/\/lifesupportdistribution.fr\/de\/#organization\",\"name\":\"Life Support Distribution\",\"url\":\"https:\/\/lifesupportdistribution.fr\/de\/\",\"logo\":{\"@type\":\"ImageObject\",\"inLanguage\":\"de\",\"@id\":\"https:\/\/lifesupportdistribution.fr\/de\/#\/schema\/logo\/image\/\",\"url\":\"https:\/\/lifesupportdistribution.fr\/wp-content\/uploads\/2025\/10\/logo-life-support-distribution.svg\",\"contentUrl\":\"https:\/\/lifesupportdistribution.fr\/wp-content\/uploads\/2025\/10\/logo-life-support-distribution.svg\",\"width\":698,\"height\":223,\"caption\":\"Life Support Distribution\"},\"image\":{\"@id\":\"https:\/\/lifesupportdistribution.fr\/de\/#\/schema\/logo\/image\/\"},\"sameAs\":[\"https:\/\/www.linkedin.com\/company\/life-support-distribution\/\"]}]}<\/script>\n<!-- \/ Yoast SEO plugin. -->","yoast_head_json":{"title":"Komplettes Naht-Trainingsset \u2013 Kyoto Kagaku","description":"Komplettes und realistisches Set zum Erlernen chirurgischer N\u00e4hte, mit Hautmodellen, Kan\u00e4len und Instrumenten. Ideal f\u00fcr medizinische und klinische Schulungen.","robots":{"index":"index","follow":"follow","max-snippet":"max-snippet:-1","max-image-preview":"max-image-preview:large","max-video-preview":"max-video-preview:-1"},"canonical":"https:\/\/lifesupportdistribution.fr\/de\/produkt\/komplettes-naht-trainingsset\/","og_locale":"de_DE","og_type":"article","og_title":"Komplettes Naht-Trainingsset \u2013 Kyoto Kagaku","og_description":"Komplettes und realistisches Set zum Erlernen chirurgischer N\u00e4hte, mit Hautmodellen, Kan\u00e4len und Instrumenten. Ideal f\u00fcr medizinische und klinische Schulungen.","og_url":"https:\/\/lifesupportdistribution.fr\/de\/produkt\/komplettes-naht-trainingsset\/","og_site_name":"Life Support Distribution","og_image":[{"width":1000,"height":1000,"url":"https:\/\/lifesupportdistribution.fr\/wp-content\/uploads\/2025\/12\/Ensemble-complet-dentrainement-a-la-suture.jpg","type":"image\/jpeg"}],"twitter_card":"summary_large_image","twitter_misc":{"Gesch\u00e4tzte Lesezeit":"1\u00a0Minute"},"schema":{"@context":"https:\/\/schema.org","@graph":[{"@type":"WebPage","@id":"https:\/\/lifesupportdistribution.fr\/de\/produkt\/komplettes-naht-trainingsset\/","url":"https:\/\/lifesupportdistribution.fr\/de\/produkt\/komplettes-naht-trainingsset\/","name":"Komplettes Naht-Trainingsset \u2013 Kyoto Kagaku","isPartOf":{"@id":"https:\/\/lifesupportdistribution.fr\/de\/#website"},"primaryImageOfPage":{"@id":"https:\/\/lifesupportdistribution.fr\/de\/produkt\/komplettes-naht-trainingsset\/#primaryimage"},"image":{"@id":"https:\/\/lifesupportdistribution.fr\/de\/produkt\/komplettes-naht-trainingsset\/#primaryimage"},"thumbnailUrl":"https:\/\/lifesupportdistribution.fr\/wp-content\/uploads\/2025\/12\/Ensemble-complet-dentrainement-a-la-suture.jpg","datePublished":"2025-12-05T15:42:10+00:00","description":"Komplettes und realistisches Set zum Erlernen chirurgischer N\u00e4hte, mit Hautmodellen, Kan\u00e4len und Instrumenten. Ideal f\u00fcr medizinische und klinische Schulungen.","breadcrumb":{"@id":"https:\/\/lifesupportdistribution.fr\/de\/produkt\/komplettes-naht-trainingsset\/#breadcrumb"},"inLanguage":"de","potentialAction":[{"@type":"ReadAction","target":["https:\/\/lifesupportdistribution.fr\/de\/produkt\/komplettes-naht-trainingsset\/"]}]},{"@type":"ImageObject","inLanguage":"de","@id":"https:\/\/lifesupportdistribution.fr\/de\/produkt\/komplettes-naht-trainingsset\/#primaryimage","url":"https:\/\/lifesupportdistribution.fr\/wp-content\/uploads\/2025\/12\/Ensemble-complet-dentrainement-a-la-suture.jpg","contentUrl":"https:\/\/lifesupportdistribution.fr\/wp-content\/uploads\/2025\/12\/Ensemble-complet-dentrainement-a-la-suture.jpg","width":1000,"height":1000},{"@type":"BreadcrumbList","@id":"https:\/\/lifesupportdistribution.fr\/de\/produkt\/komplettes-naht-trainingsset\/#breadcrumb","itemListElement":[{"@type":"ListItem","position":1,"name":"Accueil","item":"https:\/\/lifesupportdistribution.fr\/de\/startseite\/"},{"@type":"ListItem","position":2,"name":"Shop","item":"https:\/\/lifesupportdistribution.fr\/de\/shop\/"},{"@type":"ListItem","position":3,"name":"Komplettes Naht-Trainingsset"}]},{"@type":"WebSite","@id":"https:\/\/lifesupportdistribution.fr\/de\/#website","url":"https:\/\/lifesupportdistribution.fr\/de\/","name":"Life Support Distribution","description":"Solutions en simulation m\u00e9dicale","publisher":{"@id":"https:\/\/lifesupportdistribution.fr\/de\/#organization"},"potentialAction":[{"@type":"SearchAction","target":{"@type":"EntryPoint","urlTemplate":"https:\/\/lifesupportdistribution.fr\/de\/?s={search_term_string}"},"query-input":{"@type":"PropertyValueSpecification","valueRequired":true,"valueName":"search_term_string"}}],"inLanguage":"de"},{"@type":"Organization","@id":"https:\/\/lifesupportdistribution.fr\/de\/#organization","name":"Life Support Distribution","url":"https:\/\/lifesupportdistribution.fr\/de\/","logo":{"@type":"ImageObject","inLanguage":"de","@id":"https:\/\/lifesupportdistribution.fr\/de\/#\/schema\/logo\/image\/","url":"https:\/\/lifesupportdistribution.fr\/wp-content\/uploads\/2025\/10\/logo-life-support-distribution.svg","contentUrl":"https:\/\/lifesupportdistribution.fr\/wp-content\/uploads\/2025\/10\/logo-life-support-distribution.svg","width":698,"height":223,"caption":"Life Support Distribution"},"image":{"@id":"https:\/\/lifesupportdistribution.fr\/de\/#\/schema\/logo\/image\/"},"sameAs":["https:\/\/www.linkedin.com\/company\/life-support-distribution\/"]}]}},"_links":{"self":[{"href":"https:\/\/lifesupportdistribution.fr\/de\/wp-json\/wp\/v2\/product\/6242","targetHints":{"allow":["GET"]}}],"collection":[{"href":"https:\/\/lifesupportdistribution.fr\/de\/wp-json\/wp\/v2\/product"}],"about":[{"href":"https:\/\/lifesupportdistribution.fr\/de\/wp-json\/wp\/v2\/types\/product"}],"wp:featuredmedia":[{"embeddable":true,"href":"https:\/\/lifesupportdistribution.fr\/de\/wp-json\/wp\/v2\/media\/3043"}],"wp:attachment":[{"href":"https:\/\/lifesupportdistribution.fr\/de\/wp-json\/wp\/v2\/media?parent=6242"}],"wp:term":[{"taxonomy":"product_brand","embeddable":true,"href":"https:\/\/lifesupportdistribution.fr\/de\/wp-json\/wp\/v2\/product_brand?post=6242"},{"taxonomy":"product_cat","embeddable":true,"href":"https:\/\/lifesupportdistribution.fr\/de\/wp-json\/wp\/v2\/product_cat?post=6242"},{"taxonomy":"product_tag","embeddable":true,"href":"https:\/\/lifesupportdistribution.fr\/de\/wp-json\/wp\/v2\/product_tag?post=6242"}],"curies":[{"name":"wp","href":"https:\/\/api.w.org\/{rel}","templated":true}]}}