{"id":6257,"date":"2025-12-05T17:04:38","date_gmt":"2025-12-05T16:04:38","guid":{"rendered":"https:\/\/lifesupportdistribution.fr\/produits\/trainingsphantom-fuer-die-hueftsonographie-bei-saeuglingen\/"},"modified":"2025-12-05T17:04:38","modified_gmt":"2025-12-05T16:04:38","slug":"trainingsphantom-fuer-die-hueftsonographie-bei-saeuglingen","status":"publish","type":"product","link":"https:\/\/lifesupportdistribution.fr\/de\/produkt\/trainingsphantom-fuer-die-hueftsonographie-bei-saeuglingen\/","title":{"rendered":"Trainingsphantom f\u00fcr die H\u00fcftsonographie bei S\u00e4uglingen"},"content":{"rendered":"<p>Das Kyoto Kagaku US13 H\u00fcftultraschall-Trainingsphantom bietet einen realistischen und umfassenden Ansatz f\u00fcr die Lehre p\u00e4diatrischer Ultraschalluntersuchungen.<br \/>\nEs bildet den K\u00f6rper eines 6 Wochen alten S\u00e4uglings getreu ab und erm\u00f6glicht beidseitige Untersuchungen zur morphologischen Beurteilung der H\u00fcften.<br \/>\nSeine beweglichen Arme erleichtern die Handgriffe zur Fixierung, Neupositionierung und zum Halten w\u00e4hrend der Untersuchung und verbessern so die Praxis der Manipulationstechniken.<br \/>\nDas Modell f\u00f6rdert auch das Verst\u00e4ndnis der Beziehung zwischen Sonde und innerer Anatomie und hilft den Studierenden, die Standardebenen (anterior und posterior) zu erkennen und Ultraschallbilder korrekt zu interpretieren.<br \/>\nEntwickelt f\u00fcr Kinder\u00e4rzte, Radiologen, Orthop\u00e4den und Ultraschall-Ausbilder, ist es ein unverzichtbares Schulungsinstrument in Gesundheitsschulen und Simulationszentren.<\/p>\n","protected":false},"excerpt":{"rendered":"<p>Das Kyoto Kagaku US13 Phantom ist f\u00fcr die Schulung in der S\u00e4uglingsh\u00fcftsonographie konzipiert, einer Schl\u00fcsseluntersuchung zur Fr\u00fcherkennung angeborener Dysplasien. Dieses realistische Modell in Lebensgr\u00f6\u00dfe erm\u00f6glicht es Lernenden, sich mit den anatomischen Orientierungspunkten und der Handhabung eines Neugeborenen vertraut zu machen, w\u00e4hrend sie die korrekten Positionierungs- und Schallkopf-Anwendungstechniken \u00fcben. <\/p>\n","protected":false},"featured_media":3039,"template":"","meta":[],"product_brand":[200],"product_cat":[218],"product_tag":[256,235,248],"class_list":{"0":"post-6257","1":"product","2":"type-product","3":"status-publish","4":"has-post-thumbnail","6":"product_brand-kyoto-kagaku","7":"product_cat-simulationspuppen","8":"product_tag-neonatologie","9":"product_tag-padiatrie","10":"product_tag-radiologie","12":"first","13":"instock","14":"shipping-taxable","15":"purchasable","16":"product-type-simple"},"yoast_head":"<!-- This site is optimized with the Yoast SEO plugin v26.8 - https:\/\/yoast.com\/product\/yoast-seo-wordpress\/ -->\n<title>S\u00e4uglings-H\u00fcftsonographie-Trainingsphantom \u2013 US13-Schulung<\/title>\n<meta name=\"description\" content=\"Realistisches Phantom f\u00fcr die H\u00fcftsonographie bei S\u00e4uglingen. Beidseitige Untersuchung, pr\u00e4zise anatomische Orientierungspunkte und Erlernen der Fr\u00fcherkennung.\" \/>\n<meta name=\"robots\" content=\"index, follow, max-snippet:-1, max-image-preview:large, max-video-preview:-1\" \/>\n<link rel=\"canonical\" href=\"https:\/\/lifesupportdistribution.fr\/de\/produkt\/trainingsphantom-fuer-die-hueftsonographie-bei-saeuglingen\/\" \/>\n<meta property=\"og:locale\" content=\"de_DE\" \/>\n<meta property=\"og:type\" content=\"article\" \/>\n<meta property=\"og:title\" content=\"S\u00e4uglings-H\u00fcftsonographie-Trainingsphantom \u2013 US13-Schulung\" \/>\n<meta property=\"og:description\" content=\"Realistisches Phantom f\u00fcr die H\u00fcftsonographie bei S\u00e4uglingen. Beidseitige Untersuchung, pr\u00e4zise anatomische Orientierungspunkte und Erlernen der Fr\u00fcherkennung.\" \/>\n<meta property=\"og:url\" content=\"https:\/\/lifesupportdistribution.fr\/de\/produkt\/trainingsphantom-fuer-die-hueftsonographie-bei-saeuglingen\/\" \/>\n<meta property=\"og:site_name\" content=\"Life Support Distribution\" \/>\n<meta property=\"og:image\" content=\"https:\/\/lifesupportdistribution.fr\/wp-content\/uploads\/2025\/12\/Mannequin-de-formation-pour-echographie-de-la-hanche-chez-le-nourrisson.jpg\" \/>\n\t<meta property=\"og:image:width\" content=\"1000\" \/>\n\t<meta property=\"og:image:height\" content=\"1000\" \/>\n\t<meta property=\"og:image:type\" content=\"image\/jpeg\" \/>\n<meta name=\"twitter:card\" content=\"summary_large_image\" \/>\n<meta name=\"twitter:label1\" content=\"Gesch\u00e4tzte Lesezeit\" \/>\n\t<meta name=\"twitter:data1\" content=\"1\u00a0Minute\" \/>\n<script type=\"application\/ld+json\" class=\"yoast-schema-graph\">{\"@context\":\"https:\/\/schema.org\",\"@graph\":[{\"@type\":\"WebPage\",\"@id\":\"https:\/\/lifesupportdistribution.fr\/de\/produkt\/trainingsphantom-fuer-die-hueftsonographie-bei-saeuglingen\/\",\"url\":\"https:\/\/lifesupportdistribution.fr\/de\/produkt\/trainingsphantom-fuer-die-hueftsonographie-bei-saeuglingen\/\",\"name\":\"S\u00e4uglings-H\u00fcftsonographie-Trainingsphantom \u2013 US13-Schulung\",\"isPartOf\":{\"@id\":\"https:\/\/lifesupportdistribution.fr\/de\/#website\"},\"primaryImageOfPage\":{\"@id\":\"https:\/\/lifesupportdistribution.fr\/de\/produkt\/trainingsphantom-fuer-die-hueftsonographie-bei-saeuglingen\/#primaryimage\"},\"image\":{\"@id\":\"https:\/\/lifesupportdistribution.fr\/de\/produkt\/trainingsphantom-fuer-die-hueftsonographie-bei-saeuglingen\/#primaryimage\"},\"thumbnailUrl\":\"https:\/\/lifesupportdistribution.fr\/wp-content\/uploads\/2025\/12\/Mannequin-de-formation-pour-echographie-de-la-hanche-chez-le-nourrisson.jpg\",\"datePublished\":\"2025-12-05T16:04:38+00:00\",\"description\":\"Realistisches Phantom f\u00fcr die H\u00fcftsonographie bei S\u00e4uglingen. Beidseitige Untersuchung, pr\u00e4zise anatomische Orientierungspunkte und Erlernen der Fr\u00fcherkennung.\",\"breadcrumb\":{\"@id\":\"https:\/\/lifesupportdistribution.fr\/de\/produkt\/trainingsphantom-fuer-die-hueftsonographie-bei-saeuglingen\/#breadcrumb\"},\"inLanguage\":\"de\",\"potentialAction\":[{\"@type\":\"ReadAction\",\"target\":[\"https:\/\/lifesupportdistribution.fr\/de\/produkt\/trainingsphantom-fuer-die-hueftsonographie-bei-saeuglingen\/\"]}]},{\"@type\":\"ImageObject\",\"inLanguage\":\"de\",\"@id\":\"https:\/\/lifesupportdistribution.fr\/de\/produkt\/trainingsphantom-fuer-die-hueftsonographie-bei-saeuglingen\/#primaryimage\",\"url\":\"https:\/\/lifesupportdistribution.fr\/wp-content\/uploads\/2025\/12\/Mannequin-de-formation-pour-echographie-de-la-hanche-chez-le-nourrisson.jpg\",\"contentUrl\":\"https:\/\/lifesupportdistribution.fr\/wp-content\/uploads\/2025\/12\/Mannequin-de-formation-pour-echographie-de-la-hanche-chez-le-nourrisson.jpg\",\"width\":1000,\"height\":1000},{\"@type\":\"BreadcrumbList\",\"@id\":\"https:\/\/lifesupportdistribution.fr\/de\/produkt\/trainingsphantom-fuer-die-hueftsonographie-bei-saeuglingen\/#breadcrumb\",\"itemListElement\":[{\"@type\":\"ListItem\",\"position\":1,\"name\":\"Accueil\",\"item\":\"https:\/\/lifesupportdistribution.fr\/de\/startseite\/\"},{\"@type\":\"ListItem\",\"position\":2,\"name\":\"Shop\",\"item\":\"https:\/\/lifesupportdistribution.fr\/de\/shop\/\"},{\"@type\":\"ListItem\",\"position\":3,\"name\":\"Trainingsphantom f\u00fcr die H\u00fcftsonographie bei S\u00e4uglingen\"}]},{\"@type\":\"WebSite\",\"@id\":\"https:\/\/lifesupportdistribution.fr\/de\/#website\",\"url\":\"https:\/\/lifesupportdistribution.fr\/de\/\",\"name\":\"Life Support Distribution\",\"description\":\"Solutions en simulation m\u00e9dicale\",\"publisher\":{\"@id\":\"https:\/\/lifesupportdistribution.fr\/de\/#organization\"},\"potentialAction\":[{\"@type\":\"SearchAction\",\"target\":{\"@type\":\"EntryPoint\",\"urlTemplate\":\"https:\/\/lifesupportdistribution.fr\/de\/?s={search_term_string}\"},\"query-input\":{\"@type\":\"PropertyValueSpecification\",\"valueRequired\":true,\"valueName\":\"search_term_string\"}}],\"inLanguage\":\"de\"},{\"@type\":\"Organization\",\"@id\":\"https:\/\/lifesupportdistribution.fr\/de\/#organization\",\"name\":\"Life Support Distribution\",\"url\":\"https:\/\/lifesupportdistribution.fr\/de\/\",\"logo\":{\"@type\":\"ImageObject\",\"inLanguage\":\"de\",\"@id\":\"https:\/\/lifesupportdistribution.fr\/de\/#\/schema\/logo\/image\/\",\"url\":\"https:\/\/lifesupportdistribution.fr\/wp-content\/uploads\/2025\/10\/logo-life-support-distribution.svg\",\"contentUrl\":\"https:\/\/lifesupportdistribution.fr\/wp-content\/uploads\/2025\/10\/logo-life-support-distribution.svg\",\"width\":698,\"height\":223,\"caption\":\"Life Support Distribution\"},\"image\":{\"@id\":\"https:\/\/lifesupportdistribution.fr\/de\/#\/schema\/logo\/image\/\"},\"sameAs\":[\"https:\/\/www.linkedin.com\/company\/life-support-distribution\/\"]}]}<\/script>\n<!-- \/ Yoast SEO plugin. -->","yoast_head_json":{"title":"S\u00e4uglings-H\u00fcftsonographie-Trainingsphantom \u2013 US13-Schulung","description":"Realistisches Phantom f\u00fcr die H\u00fcftsonographie bei S\u00e4uglingen. Beidseitige Untersuchung, pr\u00e4zise anatomische Orientierungspunkte und Erlernen der Fr\u00fcherkennung.","robots":{"index":"index","follow":"follow","max-snippet":"max-snippet:-1","max-image-preview":"max-image-preview:large","max-video-preview":"max-video-preview:-1"},"canonical":"https:\/\/lifesupportdistribution.fr\/de\/produkt\/trainingsphantom-fuer-die-hueftsonographie-bei-saeuglingen\/","og_locale":"de_DE","og_type":"article","og_title":"S\u00e4uglings-H\u00fcftsonographie-Trainingsphantom \u2013 US13-Schulung","og_description":"Realistisches Phantom f\u00fcr die H\u00fcftsonographie bei S\u00e4uglingen. Beidseitige Untersuchung, pr\u00e4zise anatomische Orientierungspunkte und Erlernen der Fr\u00fcherkennung.","og_url":"https:\/\/lifesupportdistribution.fr\/de\/produkt\/trainingsphantom-fuer-die-hueftsonographie-bei-saeuglingen\/","og_site_name":"Life Support Distribution","og_image":[{"width":1000,"height":1000,"url":"https:\/\/lifesupportdistribution.fr\/wp-content\/uploads\/2025\/12\/Mannequin-de-formation-pour-echographie-de-la-hanche-chez-le-nourrisson.jpg","type":"image\/jpeg"}],"twitter_card":"summary_large_image","twitter_misc":{"Gesch\u00e4tzte Lesezeit":"1\u00a0Minute"},"schema":{"@context":"https:\/\/schema.org","@graph":[{"@type":"WebPage","@id":"https:\/\/lifesupportdistribution.fr\/de\/produkt\/trainingsphantom-fuer-die-hueftsonographie-bei-saeuglingen\/","url":"https:\/\/lifesupportdistribution.fr\/de\/produkt\/trainingsphantom-fuer-die-hueftsonographie-bei-saeuglingen\/","name":"S\u00e4uglings-H\u00fcftsonographie-Trainingsphantom \u2013 US13-Schulung","isPartOf":{"@id":"https:\/\/lifesupportdistribution.fr\/de\/#website"},"primaryImageOfPage":{"@id":"https:\/\/lifesupportdistribution.fr\/de\/produkt\/trainingsphantom-fuer-die-hueftsonographie-bei-saeuglingen\/#primaryimage"},"image":{"@id":"https:\/\/lifesupportdistribution.fr\/de\/produkt\/trainingsphantom-fuer-die-hueftsonographie-bei-saeuglingen\/#primaryimage"},"thumbnailUrl":"https:\/\/lifesupportdistribution.fr\/wp-content\/uploads\/2025\/12\/Mannequin-de-formation-pour-echographie-de-la-hanche-chez-le-nourrisson.jpg","datePublished":"2025-12-05T16:04:38+00:00","description":"Realistisches Phantom f\u00fcr die H\u00fcftsonographie bei S\u00e4uglingen. Beidseitige Untersuchung, pr\u00e4zise anatomische Orientierungspunkte und Erlernen der Fr\u00fcherkennung.","breadcrumb":{"@id":"https:\/\/lifesupportdistribution.fr\/de\/produkt\/trainingsphantom-fuer-die-hueftsonographie-bei-saeuglingen\/#breadcrumb"},"inLanguage":"de","potentialAction":[{"@type":"ReadAction","target":["https:\/\/lifesupportdistribution.fr\/de\/produkt\/trainingsphantom-fuer-die-hueftsonographie-bei-saeuglingen\/"]}]},{"@type":"ImageObject","inLanguage":"de","@id":"https:\/\/lifesupportdistribution.fr\/de\/produkt\/trainingsphantom-fuer-die-hueftsonographie-bei-saeuglingen\/#primaryimage","url":"https:\/\/lifesupportdistribution.fr\/wp-content\/uploads\/2025\/12\/Mannequin-de-formation-pour-echographie-de-la-hanche-chez-le-nourrisson.jpg","contentUrl":"https:\/\/lifesupportdistribution.fr\/wp-content\/uploads\/2025\/12\/Mannequin-de-formation-pour-echographie-de-la-hanche-chez-le-nourrisson.jpg","width":1000,"height":1000},{"@type":"BreadcrumbList","@id":"https:\/\/lifesupportdistribution.fr\/de\/produkt\/trainingsphantom-fuer-die-hueftsonographie-bei-saeuglingen\/#breadcrumb","itemListElement":[{"@type":"ListItem","position":1,"name":"Accueil","item":"https:\/\/lifesupportdistribution.fr\/de\/startseite\/"},{"@type":"ListItem","position":2,"name":"Shop","item":"https:\/\/lifesupportdistribution.fr\/de\/shop\/"},{"@type":"ListItem","position":3,"name":"Trainingsphantom f\u00fcr die H\u00fcftsonographie bei S\u00e4uglingen"}]},{"@type":"WebSite","@id":"https:\/\/lifesupportdistribution.fr\/de\/#website","url":"https:\/\/lifesupportdistribution.fr\/de\/","name":"Life Support Distribution","description":"Solutions en simulation m\u00e9dicale","publisher":{"@id":"https:\/\/lifesupportdistribution.fr\/de\/#organization"},"potentialAction":[{"@type":"SearchAction","target":{"@type":"EntryPoint","urlTemplate":"https:\/\/lifesupportdistribution.fr\/de\/?s={search_term_string}"},"query-input":{"@type":"PropertyValueSpecification","valueRequired":true,"valueName":"search_term_string"}}],"inLanguage":"de"},{"@type":"Organization","@id":"https:\/\/lifesupportdistribution.fr\/de\/#organization","name":"Life Support Distribution","url":"https:\/\/lifesupportdistribution.fr\/de\/","logo":{"@type":"ImageObject","inLanguage":"de","@id":"https:\/\/lifesupportdistribution.fr\/de\/#\/schema\/logo\/image\/","url":"https:\/\/lifesupportdistribution.fr\/wp-content\/uploads\/2025\/10\/logo-life-support-distribution.svg","contentUrl":"https:\/\/lifesupportdistribution.fr\/wp-content\/uploads\/2025\/10\/logo-life-support-distribution.svg","width":698,"height":223,"caption":"Life Support Distribution"},"image":{"@id":"https:\/\/lifesupportdistribution.fr\/de\/#\/schema\/logo\/image\/"},"sameAs":["https:\/\/www.linkedin.com\/company\/life-support-distribution\/"]}]}},"_links":{"self":[{"href":"https:\/\/lifesupportdistribution.fr\/de\/wp-json\/wp\/v2\/product\/6257","targetHints":{"allow":["GET"]}}],"collection":[{"href":"https:\/\/lifesupportdistribution.fr\/de\/wp-json\/wp\/v2\/product"}],"about":[{"href":"https:\/\/lifesupportdistribution.fr\/de\/wp-json\/wp\/v2\/types\/product"}],"wp:featuredmedia":[{"embeddable":true,"href":"https:\/\/lifesupportdistribution.fr\/de\/wp-json\/wp\/v2\/media\/3039"}],"wp:attachment":[{"href":"https:\/\/lifesupportdistribution.fr\/de\/wp-json\/wp\/v2\/media?parent=6257"}],"wp:term":[{"taxonomy":"product_brand","embeddable":true,"href":"https:\/\/lifesupportdistribution.fr\/de\/wp-json\/wp\/v2\/product_brand?post=6257"},{"taxonomy":"product_cat","embeddable":true,"href":"https:\/\/lifesupportdistribution.fr\/de\/wp-json\/wp\/v2\/product_cat?post=6257"},{"taxonomy":"product_tag","embeddable":true,"href":"https:\/\/lifesupportdistribution.fr\/de\/wp-json\/wp\/v2\/product_tag?post=6257"}],"curies":[{"name":"wp","href":"https:\/\/api.w.org\/{rel}","templated":true}]}}