{"id":6275,"date":"2025-12-08T10:18:41","date_gmt":"2025-12-08T09:18:41","guid":{"rendered":"https:\/\/lifesupportdistribution.fr\/produits\/erwachsenen-erstickungs-trainingspuppe-mit-transporttasche\/"},"modified":"2025-12-08T10:18:41","modified_gmt":"2025-12-08T09:18:41","slug":"erwachsenen-erstickungs-trainingspuppe-mit-transporttasche","status":"publish","type":"product","link":"https:\/\/lifesupportdistribution.fr\/de\/produkt\/erwachsenen-erstickungs-trainingspuppe-mit-transporttasche\/","title":{"rendered":"Erwachsenen-Erstickungs-Trainingspuppe mit Transporttasche"},"content":{"rendered":"<p>Entwickelt von Nasco Healthcare, ist die Erwachsenen-Erstickungs-Trainingspuppe eine Referenz f\u00fcr das Training des Heimlich-Man\u00f6vers und der Atemwegs-Entblockungsman\u00f6ver. Sie erm\u00f6glicht die Simulation einer Atemwegsblockade mit realistischer Obstruktion und sofortigem visuellem Feedback bei erfolgreichem Man\u00f6ver. Ihr pr\u00e4zises anatomisches Design erm\u00f6glicht eine intuitive Handhabung und die Wiederholung der Man\u00f6ver bis zur perfekten Beherrschung.<br \/>\nHergestellt aus langlebigen Materialien, ist sie ideal f\u00fcr den intensiven Einsatz in Schulungszentren, Krankenpflegeschulen oder Erste-Hilfe-Organisationen. Die Trainingspuppe wird mit einer praktischen Transporttasche geliefert, um Lagerung und Transport bei Trainingseinheiten zu erleichtern.<br \/>\nSie ist ein zuverl\u00e4ssiges Lehrmittel, empfohlen f\u00fcr PSC1-, SST-, BLS-Schulungen und andere professionelle Erste-Hilfe-Programme.   <\/p>\n","protected":false},"excerpt":{"rendered":"<p>Diese Nasco Erwachsenen-Erstickungs-Trainingspuppe erm\u00f6glicht es, Lernende realistisch und sicher in Atemwegs-Entblockungstechniken zu schulen. Kompakt, robust und einfach zu bedienen, bildet sie physiologische Reaktionen bei teilweiser oder vollst\u00e4ndiger Erstickung originalgetreu ab. Ein unverzichtbares Werkzeug f\u00fcr Erste-Hilfe-Schulungen, Krankenpflege oder Notfallsituationen.  <\/p>\n","protected":false},"featured_media":3171,"template":"","meta":[],"product_brand":[205],"product_cat":[218],"product_tag":[238,236],"class_list":{"0":"post-6275","1":"product","2":"type-product","3":"status-publish","4":"has-post-thumbnail","6":"product_brand-nasco","7":"product_cat-simulationspuppen","8":"product_tag-erste-hilfe","9":"product_tag-notfallmedizin","11":"first","12":"instock","13":"shipping-taxable","14":"purchasable","15":"product-type-simple"},"yoast_head":"<!-- This site is optimized with the Yoast SEO plugin v26.8 - https:\/\/yoast.com\/product\/yoast-seo-wordpress\/ -->\n<title>Nasco Erwachsenen-Erstickungs-Trainingspuppe mit Transporttasche<\/title>\n<meta name=\"description\" content=\"Nasco Erwachsenen-Erstickungs-Trainingspuppe, realistisch und robust, ideal f\u00fcr das Training von Entblockungsman\u00f6vern. Wird mit Transporttasche geliefert.\" \/>\n<meta name=\"robots\" content=\"index, follow, max-snippet:-1, max-image-preview:large, max-video-preview:-1\" \/>\n<link rel=\"canonical\" href=\"https:\/\/lifesupportdistribution.fr\/de\/produkt\/erwachsenen-erstickungs-trainingspuppe-mit-transporttasche\/\" \/>\n<meta property=\"og:locale\" content=\"de_DE\" \/>\n<meta property=\"og:type\" content=\"article\" \/>\n<meta property=\"og:title\" content=\"Nasco Erwachsenen-Erstickungs-Trainingspuppe mit Transporttasche\" \/>\n<meta property=\"og:description\" content=\"Nasco Erwachsenen-Erstickungs-Trainingspuppe, realistisch und robust, ideal f\u00fcr das Training von Entblockungsman\u00f6vern. Wird mit Transporttasche geliefert.\" \/>\n<meta property=\"og:url\" content=\"https:\/\/lifesupportdistribution.fr\/de\/produkt\/erwachsenen-erstickungs-trainingspuppe-mit-transporttasche\/\" \/>\n<meta property=\"og:site_name\" content=\"Life Support Distribution\" \/>\n<meta property=\"og:image\" content=\"https:\/\/lifesupportdistribution.fr\/wp-content\/uploads\/2025\/12\/Mannequin-detouffement-adulte-avec-sac-de-transport.webp\" \/>\n\t<meta property=\"og:image:width\" content=\"1066\" \/>\n\t<meta property=\"og:image:height\" content=\"1066\" \/>\n\t<meta property=\"og:image:type\" content=\"image\/webp\" \/>\n<meta name=\"twitter:card\" content=\"summary_large_image\" \/>\n<meta name=\"twitter:label1\" content=\"Gesch\u00e4tzte Lesezeit\" \/>\n\t<meta name=\"twitter:data1\" content=\"1\u00a0Minute\" \/>\n<script type=\"application\/ld+json\" class=\"yoast-schema-graph\">{\"@context\":\"https:\/\/schema.org\",\"@graph\":[{\"@type\":\"WebPage\",\"@id\":\"https:\/\/lifesupportdistribution.fr\/de\/produkt\/erwachsenen-erstickungs-trainingspuppe-mit-transporttasche\/\",\"url\":\"https:\/\/lifesupportdistribution.fr\/de\/produkt\/erwachsenen-erstickungs-trainingspuppe-mit-transporttasche\/\",\"name\":\"Nasco Erwachsenen-Erstickungs-Trainingspuppe mit Transporttasche\",\"isPartOf\":{\"@id\":\"https:\/\/lifesupportdistribution.fr\/de\/#website\"},\"primaryImageOfPage\":{\"@id\":\"https:\/\/lifesupportdistribution.fr\/de\/produkt\/erwachsenen-erstickungs-trainingspuppe-mit-transporttasche\/#primaryimage\"},\"image\":{\"@id\":\"https:\/\/lifesupportdistribution.fr\/de\/produkt\/erwachsenen-erstickungs-trainingspuppe-mit-transporttasche\/#primaryimage\"},\"thumbnailUrl\":\"https:\/\/lifesupportdistribution.fr\/wp-content\/uploads\/2025\/12\/Mannequin-detouffement-adulte-avec-sac-de-transport.webp\",\"datePublished\":\"2025-12-08T09:18:41+00:00\",\"description\":\"Nasco Erwachsenen-Erstickungs-Trainingspuppe, realistisch und robust, ideal f\u00fcr das Training von Entblockungsman\u00f6vern. Wird mit Transporttasche geliefert.\",\"breadcrumb\":{\"@id\":\"https:\/\/lifesupportdistribution.fr\/de\/produkt\/erwachsenen-erstickungs-trainingspuppe-mit-transporttasche\/#breadcrumb\"},\"inLanguage\":\"de\",\"potentialAction\":[{\"@type\":\"ReadAction\",\"target\":[\"https:\/\/lifesupportdistribution.fr\/de\/produkt\/erwachsenen-erstickungs-trainingspuppe-mit-transporttasche\/\"]}]},{\"@type\":\"ImageObject\",\"inLanguage\":\"de\",\"@id\":\"https:\/\/lifesupportdistribution.fr\/de\/produkt\/erwachsenen-erstickungs-trainingspuppe-mit-transporttasche\/#primaryimage\",\"url\":\"https:\/\/lifesupportdistribution.fr\/wp-content\/uploads\/2025\/12\/Mannequin-detouffement-adulte-avec-sac-de-transport.webp\",\"contentUrl\":\"https:\/\/lifesupportdistribution.fr\/wp-content\/uploads\/2025\/12\/Mannequin-detouffement-adulte-avec-sac-de-transport.webp\",\"width\":1066,\"height\":1066},{\"@type\":\"BreadcrumbList\",\"@id\":\"https:\/\/lifesupportdistribution.fr\/de\/produkt\/erwachsenen-erstickungs-trainingspuppe-mit-transporttasche\/#breadcrumb\",\"itemListElement\":[{\"@type\":\"ListItem\",\"position\":1,\"name\":\"Accueil\",\"item\":\"https:\/\/lifesupportdistribution.fr\/de\/startseite\/\"},{\"@type\":\"ListItem\",\"position\":2,\"name\":\"Shop\",\"item\":\"https:\/\/lifesupportdistribution.fr\/de\/shop\/\"},{\"@type\":\"ListItem\",\"position\":3,\"name\":\"Erwachsenen-Erstickungs-Trainingspuppe mit Transporttasche\"}]},{\"@type\":\"WebSite\",\"@id\":\"https:\/\/lifesupportdistribution.fr\/de\/#website\",\"url\":\"https:\/\/lifesupportdistribution.fr\/de\/\",\"name\":\"Life Support Distribution\",\"description\":\"Solutions en simulation m\u00e9dicale\",\"publisher\":{\"@id\":\"https:\/\/lifesupportdistribution.fr\/de\/#organization\"},\"potentialAction\":[{\"@type\":\"SearchAction\",\"target\":{\"@type\":\"EntryPoint\",\"urlTemplate\":\"https:\/\/lifesupportdistribution.fr\/de\/?s={search_term_string}\"},\"query-input\":{\"@type\":\"PropertyValueSpecification\",\"valueRequired\":true,\"valueName\":\"search_term_string\"}}],\"inLanguage\":\"de\"},{\"@type\":\"Organization\",\"@id\":\"https:\/\/lifesupportdistribution.fr\/de\/#organization\",\"name\":\"Life Support Distribution\",\"url\":\"https:\/\/lifesupportdistribution.fr\/de\/\",\"logo\":{\"@type\":\"ImageObject\",\"inLanguage\":\"de\",\"@id\":\"https:\/\/lifesupportdistribution.fr\/de\/#\/schema\/logo\/image\/\",\"url\":\"https:\/\/lifesupportdistribution.fr\/wp-content\/uploads\/2025\/10\/logo-life-support-distribution.svg\",\"contentUrl\":\"https:\/\/lifesupportdistribution.fr\/wp-content\/uploads\/2025\/10\/logo-life-support-distribution.svg\",\"width\":698,\"height\":223,\"caption\":\"Life Support Distribution\"},\"image\":{\"@id\":\"https:\/\/lifesupportdistribution.fr\/de\/#\/schema\/logo\/image\/\"},\"sameAs\":[\"https:\/\/www.linkedin.com\/company\/life-support-distribution\/\"]}]}<\/script>\n<!-- \/ Yoast SEO plugin. -->","yoast_head_json":{"title":"Nasco Erwachsenen-Erstickungs-Trainingspuppe mit Transporttasche","description":"Nasco Erwachsenen-Erstickungs-Trainingspuppe, realistisch und robust, ideal f\u00fcr das Training von Entblockungsman\u00f6vern. Wird mit Transporttasche geliefert.","robots":{"index":"index","follow":"follow","max-snippet":"max-snippet:-1","max-image-preview":"max-image-preview:large","max-video-preview":"max-video-preview:-1"},"canonical":"https:\/\/lifesupportdistribution.fr\/de\/produkt\/erwachsenen-erstickungs-trainingspuppe-mit-transporttasche\/","og_locale":"de_DE","og_type":"article","og_title":"Nasco Erwachsenen-Erstickungs-Trainingspuppe mit Transporttasche","og_description":"Nasco Erwachsenen-Erstickungs-Trainingspuppe, realistisch und robust, ideal f\u00fcr das Training von Entblockungsman\u00f6vern. Wird mit Transporttasche geliefert.","og_url":"https:\/\/lifesupportdistribution.fr\/de\/produkt\/erwachsenen-erstickungs-trainingspuppe-mit-transporttasche\/","og_site_name":"Life Support Distribution","og_image":[{"width":1066,"height":1066,"url":"https:\/\/lifesupportdistribution.fr\/wp-content\/uploads\/2025\/12\/Mannequin-detouffement-adulte-avec-sac-de-transport.webp","type":"image\/webp"}],"twitter_card":"summary_large_image","twitter_misc":{"Gesch\u00e4tzte Lesezeit":"1\u00a0Minute"},"schema":{"@context":"https:\/\/schema.org","@graph":[{"@type":"WebPage","@id":"https:\/\/lifesupportdistribution.fr\/de\/produkt\/erwachsenen-erstickungs-trainingspuppe-mit-transporttasche\/","url":"https:\/\/lifesupportdistribution.fr\/de\/produkt\/erwachsenen-erstickungs-trainingspuppe-mit-transporttasche\/","name":"Nasco Erwachsenen-Erstickungs-Trainingspuppe mit Transporttasche","isPartOf":{"@id":"https:\/\/lifesupportdistribution.fr\/de\/#website"},"primaryImageOfPage":{"@id":"https:\/\/lifesupportdistribution.fr\/de\/produkt\/erwachsenen-erstickungs-trainingspuppe-mit-transporttasche\/#primaryimage"},"image":{"@id":"https:\/\/lifesupportdistribution.fr\/de\/produkt\/erwachsenen-erstickungs-trainingspuppe-mit-transporttasche\/#primaryimage"},"thumbnailUrl":"https:\/\/lifesupportdistribution.fr\/wp-content\/uploads\/2025\/12\/Mannequin-detouffement-adulte-avec-sac-de-transport.webp","datePublished":"2025-12-08T09:18:41+00:00","description":"Nasco Erwachsenen-Erstickungs-Trainingspuppe, realistisch und robust, ideal f\u00fcr das Training von Entblockungsman\u00f6vern. Wird mit Transporttasche geliefert.","breadcrumb":{"@id":"https:\/\/lifesupportdistribution.fr\/de\/produkt\/erwachsenen-erstickungs-trainingspuppe-mit-transporttasche\/#breadcrumb"},"inLanguage":"de","potentialAction":[{"@type":"ReadAction","target":["https:\/\/lifesupportdistribution.fr\/de\/produkt\/erwachsenen-erstickungs-trainingspuppe-mit-transporttasche\/"]}]},{"@type":"ImageObject","inLanguage":"de","@id":"https:\/\/lifesupportdistribution.fr\/de\/produkt\/erwachsenen-erstickungs-trainingspuppe-mit-transporttasche\/#primaryimage","url":"https:\/\/lifesupportdistribution.fr\/wp-content\/uploads\/2025\/12\/Mannequin-detouffement-adulte-avec-sac-de-transport.webp","contentUrl":"https:\/\/lifesupportdistribution.fr\/wp-content\/uploads\/2025\/12\/Mannequin-detouffement-adulte-avec-sac-de-transport.webp","width":1066,"height":1066},{"@type":"BreadcrumbList","@id":"https:\/\/lifesupportdistribution.fr\/de\/produkt\/erwachsenen-erstickungs-trainingspuppe-mit-transporttasche\/#breadcrumb","itemListElement":[{"@type":"ListItem","position":1,"name":"Accueil","item":"https:\/\/lifesupportdistribution.fr\/de\/startseite\/"},{"@type":"ListItem","position":2,"name":"Shop","item":"https:\/\/lifesupportdistribution.fr\/de\/shop\/"},{"@type":"ListItem","position":3,"name":"Erwachsenen-Erstickungs-Trainingspuppe mit Transporttasche"}]},{"@type":"WebSite","@id":"https:\/\/lifesupportdistribution.fr\/de\/#website","url":"https:\/\/lifesupportdistribution.fr\/de\/","name":"Life Support Distribution","description":"Solutions en simulation m\u00e9dicale","publisher":{"@id":"https:\/\/lifesupportdistribution.fr\/de\/#organization"},"potentialAction":[{"@type":"SearchAction","target":{"@type":"EntryPoint","urlTemplate":"https:\/\/lifesupportdistribution.fr\/de\/?s={search_term_string}"},"query-input":{"@type":"PropertyValueSpecification","valueRequired":true,"valueName":"search_term_string"}}],"inLanguage":"de"},{"@type":"Organization","@id":"https:\/\/lifesupportdistribution.fr\/de\/#organization","name":"Life Support Distribution","url":"https:\/\/lifesupportdistribution.fr\/de\/","logo":{"@type":"ImageObject","inLanguage":"de","@id":"https:\/\/lifesupportdistribution.fr\/de\/#\/schema\/logo\/image\/","url":"https:\/\/lifesupportdistribution.fr\/wp-content\/uploads\/2025\/10\/logo-life-support-distribution.svg","contentUrl":"https:\/\/lifesupportdistribution.fr\/wp-content\/uploads\/2025\/10\/logo-life-support-distribution.svg","width":698,"height":223,"caption":"Life Support Distribution"},"image":{"@id":"https:\/\/lifesupportdistribution.fr\/de\/#\/schema\/logo\/image\/"},"sameAs":["https:\/\/www.linkedin.com\/company\/life-support-distribution\/"]}]}},"_links":{"self":[{"href":"https:\/\/lifesupportdistribution.fr\/de\/wp-json\/wp\/v2\/product\/6275","targetHints":{"allow":["GET"]}}],"collection":[{"href":"https:\/\/lifesupportdistribution.fr\/de\/wp-json\/wp\/v2\/product"}],"about":[{"href":"https:\/\/lifesupportdistribution.fr\/de\/wp-json\/wp\/v2\/types\/product"}],"wp:featuredmedia":[{"embeddable":true,"href":"https:\/\/lifesupportdistribution.fr\/de\/wp-json\/wp\/v2\/media\/3171"}],"wp:attachment":[{"href":"https:\/\/lifesupportdistribution.fr\/de\/wp-json\/wp\/v2\/media?parent=6275"}],"wp:term":[{"taxonomy":"product_brand","embeddable":true,"href":"https:\/\/lifesupportdistribution.fr\/de\/wp-json\/wp\/v2\/product_brand?post=6275"},{"taxonomy":"product_cat","embeddable":true,"href":"https:\/\/lifesupportdistribution.fr\/de\/wp-json\/wp\/v2\/product_cat?post=6275"},{"taxonomy":"product_tag","embeddable":true,"href":"https:\/\/lifesupportdistribution.fr\/de\/wp-json\/wp\/v2\/product_tag?post=6275"}],"curies":[{"name":"wp","href":"https:\/\/api.w.org\/{rel}","templated":true}]}}