{"id":6287,"date":"2025-12-08T10:43:42","date_gmt":"2025-12-08T09:43:42","guid":{"rendered":"https:\/\/lifesupportdistribution.fr\/produits\/teri-geriatrische-simulatoren\/"},"modified":"2025-12-08T10:43:42","modified_gmt":"2025-12-08T09:43:42","slug":"teri-geriatrische-simulatoren","status":"publish","type":"product","link":"https:\/\/lifesupportdistribution.fr\/de\/produkt\/teri-geriatrische-simulatoren\/","title":{"rendered":"TERi \u2013 Geriatrische Simulatoren"},"content":{"rendered":"<p>Die TERi Simulatoren bilden die Morphologie und Bewegungen eines \u00e4lteren Patienten naturgetreu ab, f\u00fcr eine umfassende Ausbildung in der geriatrischen Pflege. Sie erm\u00f6glichen die \u00dcbung zahlreicher pflegerischer Handlungen wie Injektionen, Verb\u00e4nde, Harnkatheterisierung und Infusionen.<br \/>\nIhre realistische und widerstandsf\u00e4hige Haut, kombiniert mit flexiblen Gelenken, gew\u00e4hrleistet eine fl\u00fcssige und nat\u00fcrliche Handhabung w\u00e4hrend der \u00dcbungen.<br \/>\nKompatibel mit Kommunikations- und klinischen Bewertungsans\u00e4tzen f\u00f6rdern die TERi Puppen die Entwicklung relationaler Kompetenzen und des Wohlwollens in der Versorgung.<br \/>\nErh\u00e4ltlich in verschiedenen Versionen und Hautt\u00f6nen, lassen sie sich leicht in Ausbildungsprogramme f\u00fcr Krankenpflege, Pflegeassistenz oder klinische Simulation integrieren. <\/p>\n","protected":false},"excerpt":{"rendered":"<p>Die TERi Produktreihe von Nasco Healthcare wurde speziell f\u00fcr die Ausbildung in der Pflege \u00e4lterer Patienten entwickelt. Diese realistischen Simulatoren erm\u00f6glichen die Entwicklung wesentlicher geriatrischer Kompetenzen: Hygienepflege, Infusionen, Verb\u00e4nde, Katheterisierung oder therapeutische Kommunikation. Ihr naturgetreues Design und ihre fortschrittlichen Funktionen bieten eine vollst\u00e4ndige und realistische Immersion, um Studenten auf die Herausforderungen der geriatrischen Pflege vorzubereiten. Robust und vielseitig, passen sie sich allen p\u00e4dagogischen Kontexten an.   <\/p>\n","protected":false},"featured_media":3161,"template":"","meta":[],"product_brand":[205],"product_cat":[218],"product_tag":[230,232,249,251,236],"class_list":{"0":"post-6287","1":"product","2":"type-product","3":"status-publish","4":"has-post-thumbnail","6":"product_brand-nasco","7":"product_cat-simulationspuppen","8":"product_tag-allgemeinmedizin","9":"product_tag-geriatrische-medizin","10":"product_tag-innere-medizin","11":"product_tag-krankenpflege","12":"product_tag-notfallmedizin","14":"first","15":"instock","16":"shipping-taxable","17":"purchasable","18":"product-type-simple"},"yoast_head":"<!-- This site is optimized with the Yoast SEO plugin v27.5 - https:\/\/yoast.com\/product\/yoast-seo-wordpress\/ -->\n<title>TERi \u2013 Realistische geriatrische Simulatoren f\u00fcr die Ausbildung<\/title>\n<meta name=\"description\" content=\"TERi Geriatrische Simulatoren: Pflege, klinische Handlungen und Kommunikation. Realistisch, umfassend und f\u00fcr geriatrische Schulungen geeignet.\" \/>\n<meta name=\"robots\" content=\"index, follow, max-snippet:-1, max-image-preview:large, max-video-preview:-1\" \/>\n<link rel=\"canonical\" href=\"https:\/\/lifesupportdistribution.fr\/de\/produkt\/teri-geriatrische-simulatoren\/\" \/>\n<meta property=\"og:locale\" content=\"de_DE\" \/>\n<meta property=\"og:type\" content=\"article\" \/>\n<meta property=\"og:title\" content=\"TERi \u2013 Realistische geriatrische Simulatoren f\u00fcr die Ausbildung\" \/>\n<meta property=\"og:description\" content=\"TERi Geriatrische Simulatoren: Pflege, klinische Handlungen und Kommunikation. Realistisch, umfassend und f\u00fcr geriatrische Schulungen geeignet.\" \/>\n<meta property=\"og:url\" content=\"https:\/\/lifesupportdistribution.fr\/de\/produkt\/teri-geriatrische-simulatoren\/\" \/>\n<meta property=\"og:site_name\" content=\"Life Support Distribution\" \/>\n<meta property=\"og:image\" content=\"https:\/\/lifesupportdistribution.fr\/wp-content\/uploads\/2025\/12\/TERi-\u2013-Simulateurs-geriatriques.webp\" \/>\n\t<meta property=\"og:image:width\" content=\"1500\" \/>\n\t<meta property=\"og:image:height\" content=\"1500\" \/>\n\t<meta property=\"og:image:type\" content=\"image\/webp\" \/>\n<meta name=\"twitter:card\" content=\"summary_large_image\" \/>\n<meta name=\"twitter:label1\" content=\"Gesch\u00e4tzte Lesezeit\" \/>\n\t<meta name=\"twitter:data1\" content=\"1\u00a0Minute\" \/>\n<script type=\"application\/ld+json\" class=\"yoast-schema-graph\">{\"@context\":\"https:\\\/\\\/schema.org\",\"@graph\":[{\"@type\":\"WebPage\",\"@id\":\"https:\\\/\\\/lifesupportdistribution.fr\\\/de\\\/produkt\\\/teri-geriatrische-simulatoren\\\/\",\"url\":\"https:\\\/\\\/lifesupportdistribution.fr\\\/de\\\/produkt\\\/teri-geriatrische-simulatoren\\\/\",\"name\":\"TERi \u2013 Realistische geriatrische Simulatoren f\u00fcr die Ausbildung\",\"isPartOf\":{\"@id\":\"https:\\\/\\\/lifesupportdistribution.fr\\\/de\\\/#website\"},\"primaryImageOfPage\":{\"@id\":\"https:\\\/\\\/lifesupportdistribution.fr\\\/de\\\/produkt\\\/teri-geriatrische-simulatoren\\\/#primaryimage\"},\"image\":{\"@id\":\"https:\\\/\\\/lifesupportdistribution.fr\\\/de\\\/produkt\\\/teri-geriatrische-simulatoren\\\/#primaryimage\"},\"thumbnailUrl\":\"https:\\\/\\\/lifesupportdistribution.fr\\\/wp-content\\\/uploads\\\/2025\\\/12\\\/TERi-\u2013-Simulateurs-geriatriques.webp\",\"datePublished\":\"2025-12-08T09:43:42+00:00\",\"description\":\"TERi Geriatrische Simulatoren: Pflege, klinische Handlungen und Kommunikation. Realistisch, umfassend und f\u00fcr geriatrische Schulungen geeignet.\",\"breadcrumb\":{\"@id\":\"https:\\\/\\\/lifesupportdistribution.fr\\\/de\\\/produkt\\\/teri-geriatrische-simulatoren\\\/#breadcrumb\"},\"inLanguage\":\"de\",\"potentialAction\":[{\"@type\":\"ReadAction\",\"target\":[\"https:\\\/\\\/lifesupportdistribution.fr\\\/de\\\/produkt\\\/teri-geriatrische-simulatoren\\\/\"]}]},{\"@type\":\"ImageObject\",\"inLanguage\":\"de\",\"@id\":\"https:\\\/\\\/lifesupportdistribution.fr\\\/de\\\/produkt\\\/teri-geriatrische-simulatoren\\\/#primaryimage\",\"url\":\"https:\\\/\\\/lifesupportdistribution.fr\\\/wp-content\\\/uploads\\\/2025\\\/12\\\/TERi-\u2013-Simulateurs-geriatriques.webp\",\"contentUrl\":\"https:\\\/\\\/lifesupportdistribution.fr\\\/wp-content\\\/uploads\\\/2025\\\/12\\\/TERi-\u2013-Simulateurs-geriatriques.webp\",\"width\":1500,\"height\":1500},{\"@type\":\"BreadcrumbList\",\"@id\":\"https:\\\/\\\/lifesupportdistribution.fr\\\/de\\\/produkt\\\/teri-geriatrische-simulatoren\\\/#breadcrumb\",\"itemListElement\":[{\"@type\":\"ListItem\",\"position\":1,\"name\":\"Accueil\",\"item\":\"https:\\\/\\\/lifesupportdistribution.fr\\\/de\\\/startseite\\\/\"},{\"@type\":\"ListItem\",\"position\":2,\"name\":\"Shop\",\"item\":\"https:\\\/\\\/lifesupportdistribution.fr\\\/de\\\/shop\\\/\"},{\"@type\":\"ListItem\",\"position\":3,\"name\":\"TERi \u2013 Geriatrische Simulatoren\"}]},{\"@type\":\"WebSite\",\"@id\":\"https:\\\/\\\/lifesupportdistribution.fr\\\/de\\\/#website\",\"url\":\"https:\\\/\\\/lifesupportdistribution.fr\\\/de\\\/\",\"name\":\"Life Support Distribution\",\"description\":\"Solutions en simulation m\u00e9dicale\",\"publisher\":{\"@id\":\"https:\\\/\\\/lifesupportdistribution.fr\\\/de\\\/#organization\"},\"potentialAction\":[{\"@type\":\"SearchAction\",\"target\":{\"@type\":\"EntryPoint\",\"urlTemplate\":\"https:\\\/\\\/lifesupportdistribution.fr\\\/de\\\/?s={search_term_string}\"},\"query-input\":{\"@type\":\"PropertyValueSpecification\",\"valueRequired\":true,\"valueName\":\"search_term_string\"}}],\"inLanguage\":\"de\"},{\"@type\":\"Organization\",\"@id\":\"https:\\\/\\\/lifesupportdistribution.fr\\\/de\\\/#organization\",\"name\":\"Life Support Distribution\",\"url\":\"https:\\\/\\\/lifesupportdistribution.fr\\\/de\\\/\",\"logo\":{\"@type\":\"ImageObject\",\"inLanguage\":\"de\",\"@id\":\"https:\\\/\\\/lifesupportdistribution.fr\\\/de\\\/#\\\/schema\\\/logo\\\/image\\\/\",\"url\":\"https:\\\/\\\/lifesupportdistribution.fr\\\/wp-content\\\/uploads\\\/2025\\\/10\\\/logo-life-support-distribution.svg\",\"contentUrl\":\"https:\\\/\\\/lifesupportdistribution.fr\\\/wp-content\\\/uploads\\\/2025\\\/10\\\/logo-life-support-distribution.svg\",\"width\":698,\"height\":223,\"caption\":\"Life Support Distribution\"},\"image\":{\"@id\":\"https:\\\/\\\/lifesupportdistribution.fr\\\/de\\\/#\\\/schema\\\/logo\\\/image\\\/\"},\"sameAs\":[\"https:\\\/\\\/www.linkedin.com\\\/company\\\/life-support-distribution\\\/\"]}]}<\/script>\n<!-- \/ Yoast SEO plugin. -->","yoast_head_json":{"title":"TERi \u2013 Realistische geriatrische Simulatoren f\u00fcr die Ausbildung","description":"TERi Geriatrische Simulatoren: Pflege, klinische Handlungen und Kommunikation. Realistisch, umfassend und f\u00fcr geriatrische Schulungen geeignet.","robots":{"index":"index","follow":"follow","max-snippet":"max-snippet:-1","max-image-preview":"max-image-preview:large","max-video-preview":"max-video-preview:-1"},"canonical":"https:\/\/lifesupportdistribution.fr\/de\/produkt\/teri-geriatrische-simulatoren\/","og_locale":"de_DE","og_type":"article","og_title":"TERi \u2013 Realistische geriatrische Simulatoren f\u00fcr die Ausbildung","og_description":"TERi Geriatrische Simulatoren: Pflege, klinische Handlungen und Kommunikation. Realistisch, umfassend und f\u00fcr geriatrische Schulungen geeignet.","og_url":"https:\/\/lifesupportdistribution.fr\/de\/produkt\/teri-geriatrische-simulatoren\/","og_site_name":"Life Support Distribution","og_image":[{"width":1500,"height":1500,"url":"https:\/\/lifesupportdistribution.fr\/wp-content\/uploads\/2025\/12\/TERi-\u2013-Simulateurs-geriatriques.webp","type":"image\/webp"}],"twitter_card":"summary_large_image","twitter_misc":{"Gesch\u00e4tzte Lesezeit":"1\u00a0Minute"},"schema":{"@context":"https:\/\/schema.org","@graph":[{"@type":"WebPage","@id":"https:\/\/lifesupportdistribution.fr\/de\/produkt\/teri-geriatrische-simulatoren\/","url":"https:\/\/lifesupportdistribution.fr\/de\/produkt\/teri-geriatrische-simulatoren\/","name":"TERi \u2013 Realistische geriatrische Simulatoren f\u00fcr die Ausbildung","isPartOf":{"@id":"https:\/\/lifesupportdistribution.fr\/de\/#website"},"primaryImageOfPage":{"@id":"https:\/\/lifesupportdistribution.fr\/de\/produkt\/teri-geriatrische-simulatoren\/#primaryimage"},"image":{"@id":"https:\/\/lifesupportdistribution.fr\/de\/produkt\/teri-geriatrische-simulatoren\/#primaryimage"},"thumbnailUrl":"https:\/\/lifesupportdistribution.fr\/wp-content\/uploads\/2025\/12\/TERi-\u2013-Simulateurs-geriatriques.webp","datePublished":"2025-12-08T09:43:42+00:00","description":"TERi Geriatrische Simulatoren: Pflege, klinische Handlungen und Kommunikation. Realistisch, umfassend und f\u00fcr geriatrische Schulungen geeignet.","breadcrumb":{"@id":"https:\/\/lifesupportdistribution.fr\/de\/produkt\/teri-geriatrische-simulatoren\/#breadcrumb"},"inLanguage":"de","potentialAction":[{"@type":"ReadAction","target":["https:\/\/lifesupportdistribution.fr\/de\/produkt\/teri-geriatrische-simulatoren\/"]}]},{"@type":"ImageObject","inLanguage":"de","@id":"https:\/\/lifesupportdistribution.fr\/de\/produkt\/teri-geriatrische-simulatoren\/#primaryimage","url":"https:\/\/lifesupportdistribution.fr\/wp-content\/uploads\/2025\/12\/TERi-\u2013-Simulateurs-geriatriques.webp","contentUrl":"https:\/\/lifesupportdistribution.fr\/wp-content\/uploads\/2025\/12\/TERi-\u2013-Simulateurs-geriatriques.webp","width":1500,"height":1500},{"@type":"BreadcrumbList","@id":"https:\/\/lifesupportdistribution.fr\/de\/produkt\/teri-geriatrische-simulatoren\/#breadcrumb","itemListElement":[{"@type":"ListItem","position":1,"name":"Accueil","item":"https:\/\/lifesupportdistribution.fr\/de\/startseite\/"},{"@type":"ListItem","position":2,"name":"Shop","item":"https:\/\/lifesupportdistribution.fr\/de\/shop\/"},{"@type":"ListItem","position":3,"name":"TERi \u2013 Geriatrische Simulatoren"}]},{"@type":"WebSite","@id":"https:\/\/lifesupportdistribution.fr\/de\/#website","url":"https:\/\/lifesupportdistribution.fr\/de\/","name":"Life Support Distribution","description":"Solutions en simulation m\u00e9dicale","publisher":{"@id":"https:\/\/lifesupportdistribution.fr\/de\/#organization"},"potentialAction":[{"@type":"SearchAction","target":{"@type":"EntryPoint","urlTemplate":"https:\/\/lifesupportdistribution.fr\/de\/?s={search_term_string}"},"query-input":{"@type":"PropertyValueSpecification","valueRequired":true,"valueName":"search_term_string"}}],"inLanguage":"de"},{"@type":"Organization","@id":"https:\/\/lifesupportdistribution.fr\/de\/#organization","name":"Life Support Distribution","url":"https:\/\/lifesupportdistribution.fr\/de\/","logo":{"@type":"ImageObject","inLanguage":"de","@id":"https:\/\/lifesupportdistribution.fr\/de\/#\/schema\/logo\/image\/","url":"https:\/\/lifesupportdistribution.fr\/wp-content\/uploads\/2025\/10\/logo-life-support-distribution.svg","contentUrl":"https:\/\/lifesupportdistribution.fr\/wp-content\/uploads\/2025\/10\/logo-life-support-distribution.svg","width":698,"height":223,"caption":"Life Support Distribution"},"image":{"@id":"https:\/\/lifesupportdistribution.fr\/de\/#\/schema\/logo\/image\/"},"sameAs":["https:\/\/www.linkedin.com\/company\/life-support-distribution\/"]}]}},"_links":{"self":[{"href":"https:\/\/lifesupportdistribution.fr\/de\/wp-json\/wp\/v2\/product\/6287","targetHints":{"allow":["GET"]}}],"collection":[{"href":"https:\/\/lifesupportdistribution.fr\/de\/wp-json\/wp\/v2\/product"}],"about":[{"href":"https:\/\/lifesupportdistribution.fr\/de\/wp-json\/wp\/v2\/types\/product"}],"wp:featuredmedia":[{"embeddable":true,"href":"https:\/\/lifesupportdistribution.fr\/de\/wp-json\/wp\/v2\/media\/3161"}],"wp:attachment":[{"href":"https:\/\/lifesupportdistribution.fr\/de\/wp-json\/wp\/v2\/media?parent=6287"}],"wp:term":[{"taxonomy":"product_brand","embeddable":true,"href":"https:\/\/lifesupportdistribution.fr\/de\/wp-json\/wp\/v2\/product_brand?post=6287"},{"taxonomy":"product_cat","embeddable":true,"href":"https:\/\/lifesupportdistribution.fr\/de\/wp-json\/wp\/v2\/product_cat?post=6287"},{"taxonomy":"product_tag","embeddable":true,"href":"https:\/\/lifesupportdistribution.fr\/de\/wp-json\/wp\/v2\/product_tag?post=6287"}],"curies":[{"name":"wp","href":"https:\/\/api.w.org\/{rel}","templated":true}]}}