{"id":6288,"date":"2025-12-08T10:55:30","date_gmt":"2025-12-08T09:55:30","guid":{"rendered":"https:\/\/lifesupportdistribution.fr\/produits\/modell-zur-fetalen-ueberwachung-und-wehenprogression\/"},"modified":"2025-12-08T10:55:30","modified_gmt":"2025-12-08T09:55:30","slug":"modell-zur-fetalen-ueberwachung-und-wehenprogression","status":"publish","type":"product","link":"https:\/\/lifesupportdistribution.fr\/de\/produkt\/modell-zur-fetalen-ueberwachung-und-wehenprogression\/","title":{"rendered":"Modell zur fetalen \u00dcberwachung und Wehenprogression"},"content":{"rendered":"<p>Dieses geburtshilfliche Trainingsmodell bildet die weibliche Beckenanatomie und die physiologischen Bedingungen der Geburt pr\u00e4zise ab.<br \/>\nEs erm\u00f6glicht den Lernenden, die Beurteilung des Geb\u00e4rmutterhalses, die Dilatation, das Effacement und die Erkennung verschiedener fetaler Pr\u00e4sentationen zu \u00fcben.<br \/>\nDank eines modularen Systems bietet es die M\u00f6glichkeit, die verschiedenen Phasen der Wehenprogression zu simulieren und die Position des F\u00f6tus w\u00e4hrend seines Abstiegs ins Becken zu analysieren.<br \/>\nSein robustes und hygienisches Design gew\u00e4hrleistet eine hohe Langlebigkeit und erleichtert die Reinigung zwischen den Sitzungen.<br \/>\nDieses Modell ist ein umfassendes Lehrmittel, ideal f\u00fcr Ausbildungen in Geburtshilfe, Hebammenkunde und zur Vorbereitung auf die Praxis im Krei\u00dfsaal.<\/p>\n","protected":false},"excerpt":{"rendered":"<p>Das Nasco Healthcare Modell zur fetalen \u00dcberwachung und Wehenprogression ist f\u00fcr die Lehre und Praxis geburtshilflicher Untersuchungen im Zusammenhang mit Schwangerschafts\u00fcberwachung und Geburt konzipiert. Es erm\u00f6glicht die Beurteilung der Wehenprogression mittels eines realistischen Systems zur fetalen Pr\u00e4sentation und zervikalen Dilatation, w\u00e4hrend gleichzeitig Techniken der fetalen \u00dcberwachung behandelt werden. Robust und einfach zu bedienen, ist dieser Simulator ein unverzichtbares Werkzeug f\u00fcr Hebammenschulen, medizinische Fakult\u00e4ten und Simulationszentren.  <\/p>\n","protected":false},"featured_media":3155,"template":"","meta":[],"product_brand":[205],"product_cat":[222],"product_tag":[233,236],"class_list":{"0":"post-6288","1":"product","2":"type-product","3":"status-publish","4":"has-post-thumbnail","6":"product_brand-nasco","7":"product_cat-simulatoren-fur-medizinische-versorgung","8":"product_tag-geburtshilfe-gynakologie","9":"product_tag-notfallmedizin","11":"first","12":"instock","13":"shipping-taxable","14":"purchasable","15":"product-type-simple"},"yoast_head":"<!-- This site is optimized with the Yoast SEO plugin v26.8 - https:\/\/yoast.com\/product\/yoast-seo-wordpress\/ -->\n<title>Nasco Modell zur fetalen \u00dcberwachung und Wehenprogression<\/title>\n<meta name=\"description\" content=\"Nasco Geburtshilfemodell: Wehenprogression, Dilatation, fetale Pr\u00e4sentationen und \u00dcberwachung. Ideal f\u00fcr die Ausbildung in Geburtshilfe und Hebammenkunde.\" \/>\n<meta name=\"robots\" content=\"index, follow, max-snippet:-1, max-image-preview:large, max-video-preview:-1\" \/>\n<link rel=\"canonical\" href=\"https:\/\/lifesupportdistribution.fr\/de\/produkt\/modell-zur-fetalen-ueberwachung-und-wehenprogression\/\" \/>\n<meta property=\"og:locale\" content=\"de_DE\" \/>\n<meta property=\"og:type\" content=\"article\" \/>\n<meta property=\"og:title\" content=\"Nasco Modell zur fetalen \u00dcberwachung und Wehenprogression\" \/>\n<meta property=\"og:description\" content=\"Nasco Geburtshilfemodell: Wehenprogression, Dilatation, fetale Pr\u00e4sentationen und \u00dcberwachung. Ideal f\u00fcr die Ausbildung in Geburtshilfe und Hebammenkunde.\" \/>\n<meta property=\"og:url\" content=\"https:\/\/lifesupportdistribution.fr\/de\/produkt\/modell-zur-fetalen-ueberwachung-und-wehenprogression\/\" \/>\n<meta property=\"og:site_name\" content=\"Life Support Distribution\" \/>\n<meta property=\"og:image\" content=\"https:\/\/lifesupportdistribution.fr\/wp-content\/uploads\/2025\/12\/Modele-de-surveillance-foetale-et-de-progression-du-travail.webp\" \/>\n\t<meta property=\"og:image:width\" content=\"1066\" \/>\n\t<meta property=\"og:image:height\" content=\"1066\" \/>\n\t<meta property=\"og:image:type\" content=\"image\/webp\" \/>\n<meta name=\"twitter:card\" content=\"summary_large_image\" \/>\n<meta name=\"twitter:label1\" content=\"Gesch\u00e4tzte Lesezeit\" \/>\n\t<meta name=\"twitter:data1\" content=\"1\u00a0Minute\" \/>\n<script type=\"application\/ld+json\" class=\"yoast-schema-graph\">{\"@context\":\"https:\/\/schema.org\",\"@graph\":[{\"@type\":\"WebPage\",\"@id\":\"https:\/\/lifesupportdistribution.fr\/de\/produkt\/modell-zur-fetalen-ueberwachung-und-wehenprogression\/\",\"url\":\"https:\/\/lifesupportdistribution.fr\/de\/produkt\/modell-zur-fetalen-ueberwachung-und-wehenprogression\/\",\"name\":\"Nasco Modell zur fetalen \u00dcberwachung und Wehenprogression\",\"isPartOf\":{\"@id\":\"https:\/\/lifesupportdistribution.fr\/de\/#website\"},\"primaryImageOfPage\":{\"@id\":\"https:\/\/lifesupportdistribution.fr\/de\/produkt\/modell-zur-fetalen-ueberwachung-und-wehenprogression\/#primaryimage\"},\"image\":{\"@id\":\"https:\/\/lifesupportdistribution.fr\/de\/produkt\/modell-zur-fetalen-ueberwachung-und-wehenprogression\/#primaryimage\"},\"thumbnailUrl\":\"https:\/\/lifesupportdistribution.fr\/wp-content\/uploads\/2025\/12\/Modele-de-surveillance-foetale-et-de-progression-du-travail.webp\",\"datePublished\":\"2025-12-08T09:55:30+00:00\",\"description\":\"Nasco Geburtshilfemodell: Wehenprogression, Dilatation, fetale Pr\u00e4sentationen und \u00dcberwachung. Ideal f\u00fcr die Ausbildung in Geburtshilfe und Hebammenkunde.\",\"breadcrumb\":{\"@id\":\"https:\/\/lifesupportdistribution.fr\/de\/produkt\/modell-zur-fetalen-ueberwachung-und-wehenprogression\/#breadcrumb\"},\"inLanguage\":\"de\",\"potentialAction\":[{\"@type\":\"ReadAction\",\"target\":[\"https:\/\/lifesupportdistribution.fr\/de\/produkt\/modell-zur-fetalen-ueberwachung-und-wehenprogression\/\"]}]},{\"@type\":\"ImageObject\",\"inLanguage\":\"de\",\"@id\":\"https:\/\/lifesupportdistribution.fr\/de\/produkt\/modell-zur-fetalen-ueberwachung-und-wehenprogression\/#primaryimage\",\"url\":\"https:\/\/lifesupportdistribution.fr\/wp-content\/uploads\/2025\/12\/Modele-de-surveillance-foetale-et-de-progression-du-travail.webp\",\"contentUrl\":\"https:\/\/lifesupportdistribution.fr\/wp-content\/uploads\/2025\/12\/Modele-de-surveillance-foetale-et-de-progression-du-travail.webp\",\"width\":1066,\"height\":1066},{\"@type\":\"BreadcrumbList\",\"@id\":\"https:\/\/lifesupportdistribution.fr\/de\/produkt\/modell-zur-fetalen-ueberwachung-und-wehenprogression\/#breadcrumb\",\"itemListElement\":[{\"@type\":\"ListItem\",\"position\":1,\"name\":\"Accueil\",\"item\":\"https:\/\/lifesupportdistribution.fr\/de\/startseite\/\"},{\"@type\":\"ListItem\",\"position\":2,\"name\":\"Shop\",\"item\":\"https:\/\/lifesupportdistribution.fr\/de\/shop\/\"},{\"@type\":\"ListItem\",\"position\":3,\"name\":\"Modell zur fetalen \u00dcberwachung und Wehenprogression\"}]},{\"@type\":\"WebSite\",\"@id\":\"https:\/\/lifesupportdistribution.fr\/de\/#website\",\"url\":\"https:\/\/lifesupportdistribution.fr\/de\/\",\"name\":\"Life Support Distribution\",\"description\":\"Solutions en simulation m\u00e9dicale\",\"publisher\":{\"@id\":\"https:\/\/lifesupportdistribution.fr\/de\/#organization\"},\"potentialAction\":[{\"@type\":\"SearchAction\",\"target\":{\"@type\":\"EntryPoint\",\"urlTemplate\":\"https:\/\/lifesupportdistribution.fr\/de\/?s={search_term_string}\"},\"query-input\":{\"@type\":\"PropertyValueSpecification\",\"valueRequired\":true,\"valueName\":\"search_term_string\"}}],\"inLanguage\":\"de\"},{\"@type\":\"Organization\",\"@id\":\"https:\/\/lifesupportdistribution.fr\/de\/#organization\",\"name\":\"Life Support Distribution\",\"url\":\"https:\/\/lifesupportdistribution.fr\/de\/\",\"logo\":{\"@type\":\"ImageObject\",\"inLanguage\":\"de\",\"@id\":\"https:\/\/lifesupportdistribution.fr\/de\/#\/schema\/logo\/image\/\",\"url\":\"https:\/\/lifesupportdistribution.fr\/wp-content\/uploads\/2025\/10\/logo-life-support-distribution.svg\",\"contentUrl\":\"https:\/\/lifesupportdistribution.fr\/wp-content\/uploads\/2025\/10\/logo-life-support-distribution.svg\",\"width\":698,\"height\":223,\"caption\":\"Life Support Distribution\"},\"image\":{\"@id\":\"https:\/\/lifesupportdistribution.fr\/de\/#\/schema\/logo\/image\/\"},\"sameAs\":[\"https:\/\/www.linkedin.com\/company\/life-support-distribution\/\"]}]}<\/script>\n<!-- \/ Yoast SEO plugin. -->","yoast_head_json":{"title":"Nasco Modell zur fetalen \u00dcberwachung und Wehenprogression","description":"Nasco Geburtshilfemodell: Wehenprogression, Dilatation, fetale Pr\u00e4sentationen und \u00dcberwachung. Ideal f\u00fcr die Ausbildung in Geburtshilfe und Hebammenkunde.","robots":{"index":"index","follow":"follow","max-snippet":"max-snippet:-1","max-image-preview":"max-image-preview:large","max-video-preview":"max-video-preview:-1"},"canonical":"https:\/\/lifesupportdistribution.fr\/de\/produkt\/modell-zur-fetalen-ueberwachung-und-wehenprogression\/","og_locale":"de_DE","og_type":"article","og_title":"Nasco Modell zur fetalen \u00dcberwachung und Wehenprogression","og_description":"Nasco Geburtshilfemodell: Wehenprogression, Dilatation, fetale Pr\u00e4sentationen und \u00dcberwachung. Ideal f\u00fcr die Ausbildung in Geburtshilfe und Hebammenkunde.","og_url":"https:\/\/lifesupportdistribution.fr\/de\/produkt\/modell-zur-fetalen-ueberwachung-und-wehenprogression\/","og_site_name":"Life Support Distribution","og_image":[{"width":1066,"height":1066,"url":"https:\/\/lifesupportdistribution.fr\/wp-content\/uploads\/2025\/12\/Modele-de-surveillance-foetale-et-de-progression-du-travail.webp","type":"image\/webp"}],"twitter_card":"summary_large_image","twitter_misc":{"Gesch\u00e4tzte Lesezeit":"1\u00a0Minute"},"schema":{"@context":"https:\/\/schema.org","@graph":[{"@type":"WebPage","@id":"https:\/\/lifesupportdistribution.fr\/de\/produkt\/modell-zur-fetalen-ueberwachung-und-wehenprogression\/","url":"https:\/\/lifesupportdistribution.fr\/de\/produkt\/modell-zur-fetalen-ueberwachung-und-wehenprogression\/","name":"Nasco Modell zur fetalen \u00dcberwachung und Wehenprogression","isPartOf":{"@id":"https:\/\/lifesupportdistribution.fr\/de\/#website"},"primaryImageOfPage":{"@id":"https:\/\/lifesupportdistribution.fr\/de\/produkt\/modell-zur-fetalen-ueberwachung-und-wehenprogression\/#primaryimage"},"image":{"@id":"https:\/\/lifesupportdistribution.fr\/de\/produkt\/modell-zur-fetalen-ueberwachung-und-wehenprogression\/#primaryimage"},"thumbnailUrl":"https:\/\/lifesupportdistribution.fr\/wp-content\/uploads\/2025\/12\/Modele-de-surveillance-foetale-et-de-progression-du-travail.webp","datePublished":"2025-12-08T09:55:30+00:00","description":"Nasco Geburtshilfemodell: Wehenprogression, Dilatation, fetale Pr\u00e4sentationen und \u00dcberwachung. Ideal f\u00fcr die Ausbildung in Geburtshilfe und Hebammenkunde.","breadcrumb":{"@id":"https:\/\/lifesupportdistribution.fr\/de\/produkt\/modell-zur-fetalen-ueberwachung-und-wehenprogression\/#breadcrumb"},"inLanguage":"de","potentialAction":[{"@type":"ReadAction","target":["https:\/\/lifesupportdistribution.fr\/de\/produkt\/modell-zur-fetalen-ueberwachung-und-wehenprogression\/"]}]},{"@type":"ImageObject","inLanguage":"de","@id":"https:\/\/lifesupportdistribution.fr\/de\/produkt\/modell-zur-fetalen-ueberwachung-und-wehenprogression\/#primaryimage","url":"https:\/\/lifesupportdistribution.fr\/wp-content\/uploads\/2025\/12\/Modele-de-surveillance-foetale-et-de-progression-du-travail.webp","contentUrl":"https:\/\/lifesupportdistribution.fr\/wp-content\/uploads\/2025\/12\/Modele-de-surveillance-foetale-et-de-progression-du-travail.webp","width":1066,"height":1066},{"@type":"BreadcrumbList","@id":"https:\/\/lifesupportdistribution.fr\/de\/produkt\/modell-zur-fetalen-ueberwachung-und-wehenprogression\/#breadcrumb","itemListElement":[{"@type":"ListItem","position":1,"name":"Accueil","item":"https:\/\/lifesupportdistribution.fr\/de\/startseite\/"},{"@type":"ListItem","position":2,"name":"Shop","item":"https:\/\/lifesupportdistribution.fr\/de\/shop\/"},{"@type":"ListItem","position":3,"name":"Modell zur fetalen \u00dcberwachung und Wehenprogression"}]},{"@type":"WebSite","@id":"https:\/\/lifesupportdistribution.fr\/de\/#website","url":"https:\/\/lifesupportdistribution.fr\/de\/","name":"Life Support Distribution","description":"Solutions en simulation m\u00e9dicale","publisher":{"@id":"https:\/\/lifesupportdistribution.fr\/de\/#organization"},"potentialAction":[{"@type":"SearchAction","target":{"@type":"EntryPoint","urlTemplate":"https:\/\/lifesupportdistribution.fr\/de\/?s={search_term_string}"},"query-input":{"@type":"PropertyValueSpecification","valueRequired":true,"valueName":"search_term_string"}}],"inLanguage":"de"},{"@type":"Organization","@id":"https:\/\/lifesupportdistribution.fr\/de\/#organization","name":"Life Support Distribution","url":"https:\/\/lifesupportdistribution.fr\/de\/","logo":{"@type":"ImageObject","inLanguage":"de","@id":"https:\/\/lifesupportdistribution.fr\/de\/#\/schema\/logo\/image\/","url":"https:\/\/lifesupportdistribution.fr\/wp-content\/uploads\/2025\/10\/logo-life-support-distribution.svg","contentUrl":"https:\/\/lifesupportdistribution.fr\/wp-content\/uploads\/2025\/10\/logo-life-support-distribution.svg","width":698,"height":223,"caption":"Life Support Distribution"},"image":{"@id":"https:\/\/lifesupportdistribution.fr\/de\/#\/schema\/logo\/image\/"},"sameAs":["https:\/\/www.linkedin.com\/company\/life-support-distribution\/"]}]}},"_links":{"self":[{"href":"https:\/\/lifesupportdistribution.fr\/de\/wp-json\/wp\/v2\/product\/6288","targetHints":{"allow":["GET"]}}],"collection":[{"href":"https:\/\/lifesupportdistribution.fr\/de\/wp-json\/wp\/v2\/product"}],"about":[{"href":"https:\/\/lifesupportdistribution.fr\/de\/wp-json\/wp\/v2\/types\/product"}],"wp:featuredmedia":[{"embeddable":true,"href":"https:\/\/lifesupportdistribution.fr\/de\/wp-json\/wp\/v2\/media\/3155"}],"wp:attachment":[{"href":"https:\/\/lifesupportdistribution.fr\/de\/wp-json\/wp\/v2\/media?parent=6288"}],"wp:term":[{"taxonomy":"product_brand","embeddable":true,"href":"https:\/\/lifesupportdistribution.fr\/de\/wp-json\/wp\/v2\/product_brand?post=6288"},{"taxonomy":"product_cat","embeddable":true,"href":"https:\/\/lifesupportdistribution.fr\/de\/wp-json\/wp\/v2\/product_cat?post=6288"},{"taxonomy":"product_tag","embeddable":true,"href":"https:\/\/lifesupportdistribution.fr\/de\/wp-json\/wp\/v2\/product_tag?post=6288"}],"curies":[{"name":"wp","href":"https:\/\/api.w.org\/{rel}","templated":true}]}}