{"id":6292,"date":"2025-12-08T10:46:37","date_gmt":"2025-12-08T09:46:37","guid":{"rendered":"https:\/\/lifesupportdistribution.fr\/produits\/heimlich-westen\/"},"modified":"2025-12-08T10:46:37","modified_gmt":"2025-12-08T09:46:37","slug":"heimlich-westen","status":"publish","type":"product","link":"https:\/\/lifesupportdistribution.fr\/de\/produkt\/heimlich-westen\/","title":{"rendered":"Heimlich-Westen"},"content":{"rendered":"<p>Die Act+Fast Heimlich-Westen sind f\u00fcr ein sicheres Training der Atemwegsbefreiungstechniken konzipiert. Ihr ergonomisches, durch Gurte verstellbares Design erm\u00f6glicht eine einfache Anpassung an alle K\u00f6rperformen und Altersgruppen.<br \/>\nJede Weste simuliert pr\u00e4zise den Effekt der Bauchkompression: Bei korrekter Ausf\u00fchrung wird ein Projektil ausgeworfen, was ein sofortiges visuelles Feedback bietet.<br \/>\nAus widerstandsf\u00e4higen Materialien gefertigt, halten sie intensivem Training stand, sowohl im Innen- als auch im Au\u00dfenbereich.<br \/>\nErh\u00e4ltlich in verschiedenen Gr\u00f6\u00dfen und Farben (Rot, Blau und Gelb), erleichtern sie die Gruppenverwaltung und das Lernen auf verschiedenen Niveaus.<br \/>\nDiese Trainingswesten helfen den Lernenden, eine Erstickung zu erkennen, das richtige Man\u00f6ver auszuf\u00fchren und ihr Vertrauen bei praktischen \u00dcbungen zu st\u00e4rken. <\/p>\n","protected":false},"excerpt":{"rendered":"<p>Die Act+Fast Heimlich-Westen erm\u00f6glichen das Lehren und \u00dcben von abdominalen Atemwegsbefreiungsman\u00f6vern (Heimlich-Man\u00f6ver) bei Erwachsenen und Kindern. Wiederverwendbar, robust und pflegeleicht, bieten sie sofortiges visuelles Feedback durch den Auswurf eines Projektils bei korrekter Ausf\u00fchrung der Technik. Diese Westen stellen eine sichere, spielerische und effektive p\u00e4dagogische L\u00f6sung dar, ideal f\u00fcr PSC1-, SST-Schulungen, Schulen, Vereine und Simulationszentren.  <\/p>\n","protected":false},"featured_media":3159,"template":"","meta":[],"product_brand":[187,205],"product_cat":[222,220],"product_tag":[238,236],"class_list":{"0":"post-6292","1":"product","2":"type-product","3":"status-publish","4":"has-post-thumbnail","6":"product_brand-3b-scientific","7":"product_brand-nasco","8":"product_cat-simulatoren-fur-medizinische-versorgung","9":"product_cat-simulierte-patienten","10":"product_tag-erste-hilfe","11":"product_tag-notfallmedizin","13":"first","14":"instock","15":"shipping-taxable","16":"purchasable","17":"product-type-simple"},"yoast_head":"<!-- This site is optimized with the Yoast SEO plugin v27.5 - https:\/\/yoast.com\/product\/yoast-seo-wordpress\/ -->\n<title>Act+Fast Heimlich-Westen f\u00fcr das Training zur Atemwegsbefreiung<\/title>\n<meta name=\"description\" content=\"Act+Fast Heimlich-Westen: Sicheres, visuelles Training f\u00fcr Atemwegsbefreiung, f\u00fcr Erwachsene und Kinder. Robust und wiederverwendbar.\" \/>\n<meta name=\"robots\" content=\"index, follow, max-snippet:-1, max-image-preview:large, max-video-preview:-1\" \/>\n<link rel=\"canonical\" href=\"https:\/\/lifesupportdistribution.fr\/de\/produkt\/heimlich-westen\/\" \/>\n<meta property=\"og:locale\" content=\"de_DE\" \/>\n<meta property=\"og:type\" content=\"article\" \/>\n<meta property=\"og:title\" content=\"Act+Fast Heimlich-Westen f\u00fcr das Training zur Atemwegsbefreiung\" \/>\n<meta property=\"og:description\" content=\"Act+Fast Heimlich-Westen: Sicheres, visuelles Training f\u00fcr Atemwegsbefreiung, f\u00fcr Erwachsene und Kinder. Robust und wiederverwendbar.\" \/>\n<meta property=\"og:url\" content=\"https:\/\/lifesupportdistribution.fr\/de\/produkt\/heimlich-westen\/\" \/>\n<meta property=\"og:site_name\" content=\"Life Support Distribution\" \/>\n<meta property=\"og:image\" content=\"https:\/\/lifesupportdistribution.fr\/wp-content\/uploads\/2025\/12\/Gilets-Heimlish.webp\" \/>\n\t<meta property=\"og:image:width\" content=\"1066\" \/>\n\t<meta property=\"og:image:height\" content=\"1066\" \/>\n\t<meta property=\"og:image:type\" content=\"image\/webp\" \/>\n<meta name=\"twitter:card\" content=\"summary_large_image\" \/>\n<meta name=\"twitter:label1\" content=\"Gesch\u00e4tzte Lesezeit\" \/>\n\t<meta name=\"twitter:data1\" content=\"1\u00a0Minute\" \/>\n<script type=\"application\/ld+json\" class=\"yoast-schema-graph\">{\"@context\":\"https:\\\/\\\/schema.org\",\"@graph\":[{\"@type\":\"WebPage\",\"@id\":\"https:\\\/\\\/lifesupportdistribution.fr\\\/de\\\/produkt\\\/heimlich-westen\\\/\",\"url\":\"https:\\\/\\\/lifesupportdistribution.fr\\\/de\\\/produkt\\\/heimlich-westen\\\/\",\"name\":\"Act+Fast Heimlich-Westen f\u00fcr das Training zur Atemwegsbefreiung\",\"isPartOf\":{\"@id\":\"https:\\\/\\\/lifesupportdistribution.fr\\\/de\\\/#website\"},\"primaryImageOfPage\":{\"@id\":\"https:\\\/\\\/lifesupportdistribution.fr\\\/de\\\/produkt\\\/heimlich-westen\\\/#primaryimage\"},\"image\":{\"@id\":\"https:\\\/\\\/lifesupportdistribution.fr\\\/de\\\/produkt\\\/heimlich-westen\\\/#primaryimage\"},\"thumbnailUrl\":\"https:\\\/\\\/lifesupportdistribution.fr\\\/wp-content\\\/uploads\\\/2025\\\/12\\\/Gilets-Heimlish.webp\",\"datePublished\":\"2025-12-08T09:46:37+00:00\",\"description\":\"Act+Fast Heimlich-Westen: Sicheres, visuelles Training f\u00fcr Atemwegsbefreiung, f\u00fcr Erwachsene und Kinder. Robust und wiederverwendbar.\",\"breadcrumb\":{\"@id\":\"https:\\\/\\\/lifesupportdistribution.fr\\\/de\\\/produkt\\\/heimlich-westen\\\/#breadcrumb\"},\"inLanguage\":\"de\",\"potentialAction\":[{\"@type\":\"ReadAction\",\"target\":[\"https:\\\/\\\/lifesupportdistribution.fr\\\/de\\\/produkt\\\/heimlich-westen\\\/\"]}]},{\"@type\":\"ImageObject\",\"inLanguage\":\"de\",\"@id\":\"https:\\\/\\\/lifesupportdistribution.fr\\\/de\\\/produkt\\\/heimlich-westen\\\/#primaryimage\",\"url\":\"https:\\\/\\\/lifesupportdistribution.fr\\\/wp-content\\\/uploads\\\/2025\\\/12\\\/Gilets-Heimlish.webp\",\"contentUrl\":\"https:\\\/\\\/lifesupportdistribution.fr\\\/wp-content\\\/uploads\\\/2025\\\/12\\\/Gilets-Heimlish.webp\",\"width\":1066,\"height\":1066},{\"@type\":\"BreadcrumbList\",\"@id\":\"https:\\\/\\\/lifesupportdistribution.fr\\\/de\\\/produkt\\\/heimlich-westen\\\/#breadcrumb\",\"itemListElement\":[{\"@type\":\"ListItem\",\"position\":1,\"name\":\"Accueil\",\"item\":\"https:\\\/\\\/lifesupportdistribution.fr\\\/de\\\/startseite\\\/\"},{\"@type\":\"ListItem\",\"position\":2,\"name\":\"Shop\",\"item\":\"https:\\\/\\\/lifesupportdistribution.fr\\\/de\\\/shop\\\/\"},{\"@type\":\"ListItem\",\"position\":3,\"name\":\"Heimlich-Westen\"}]},{\"@type\":\"WebSite\",\"@id\":\"https:\\\/\\\/lifesupportdistribution.fr\\\/de\\\/#website\",\"url\":\"https:\\\/\\\/lifesupportdistribution.fr\\\/de\\\/\",\"name\":\"Life Support Distribution\",\"description\":\"Solutions en simulation m\u00e9dicale\",\"publisher\":{\"@id\":\"https:\\\/\\\/lifesupportdistribution.fr\\\/de\\\/#organization\"},\"potentialAction\":[{\"@type\":\"SearchAction\",\"target\":{\"@type\":\"EntryPoint\",\"urlTemplate\":\"https:\\\/\\\/lifesupportdistribution.fr\\\/de\\\/?s={search_term_string}\"},\"query-input\":{\"@type\":\"PropertyValueSpecification\",\"valueRequired\":true,\"valueName\":\"search_term_string\"}}],\"inLanguage\":\"de\"},{\"@type\":\"Organization\",\"@id\":\"https:\\\/\\\/lifesupportdistribution.fr\\\/de\\\/#organization\",\"name\":\"Life Support Distribution\",\"url\":\"https:\\\/\\\/lifesupportdistribution.fr\\\/de\\\/\",\"logo\":{\"@type\":\"ImageObject\",\"inLanguage\":\"de\",\"@id\":\"https:\\\/\\\/lifesupportdistribution.fr\\\/de\\\/#\\\/schema\\\/logo\\\/image\\\/\",\"url\":\"https:\\\/\\\/lifesupportdistribution.fr\\\/wp-content\\\/uploads\\\/2025\\\/10\\\/logo-life-support-distribution.svg\",\"contentUrl\":\"https:\\\/\\\/lifesupportdistribution.fr\\\/wp-content\\\/uploads\\\/2025\\\/10\\\/logo-life-support-distribution.svg\",\"width\":698,\"height\":223,\"caption\":\"Life Support Distribution\"},\"image\":{\"@id\":\"https:\\\/\\\/lifesupportdistribution.fr\\\/de\\\/#\\\/schema\\\/logo\\\/image\\\/\"},\"sameAs\":[\"https:\\\/\\\/www.linkedin.com\\\/company\\\/life-support-distribution\\\/\"]}]}<\/script>\n<!-- \/ Yoast SEO plugin. -->","yoast_head_json":{"title":"Act+Fast Heimlich-Westen f\u00fcr das Training zur Atemwegsbefreiung","description":"Act+Fast Heimlich-Westen: Sicheres, visuelles Training f\u00fcr Atemwegsbefreiung, f\u00fcr Erwachsene und Kinder. Robust und wiederverwendbar.","robots":{"index":"index","follow":"follow","max-snippet":"max-snippet:-1","max-image-preview":"max-image-preview:large","max-video-preview":"max-video-preview:-1"},"canonical":"https:\/\/lifesupportdistribution.fr\/de\/produkt\/heimlich-westen\/","og_locale":"de_DE","og_type":"article","og_title":"Act+Fast Heimlich-Westen f\u00fcr das Training zur Atemwegsbefreiung","og_description":"Act+Fast Heimlich-Westen: Sicheres, visuelles Training f\u00fcr Atemwegsbefreiung, f\u00fcr Erwachsene und Kinder. Robust und wiederverwendbar.","og_url":"https:\/\/lifesupportdistribution.fr\/de\/produkt\/heimlich-westen\/","og_site_name":"Life Support Distribution","og_image":[{"width":1066,"height":1066,"url":"https:\/\/lifesupportdistribution.fr\/wp-content\/uploads\/2025\/12\/Gilets-Heimlish.webp","type":"image\/webp"}],"twitter_card":"summary_large_image","twitter_misc":{"Gesch\u00e4tzte Lesezeit":"1\u00a0Minute"},"schema":{"@context":"https:\/\/schema.org","@graph":[{"@type":"WebPage","@id":"https:\/\/lifesupportdistribution.fr\/de\/produkt\/heimlich-westen\/","url":"https:\/\/lifesupportdistribution.fr\/de\/produkt\/heimlich-westen\/","name":"Act+Fast Heimlich-Westen f\u00fcr das Training zur Atemwegsbefreiung","isPartOf":{"@id":"https:\/\/lifesupportdistribution.fr\/de\/#website"},"primaryImageOfPage":{"@id":"https:\/\/lifesupportdistribution.fr\/de\/produkt\/heimlich-westen\/#primaryimage"},"image":{"@id":"https:\/\/lifesupportdistribution.fr\/de\/produkt\/heimlich-westen\/#primaryimage"},"thumbnailUrl":"https:\/\/lifesupportdistribution.fr\/wp-content\/uploads\/2025\/12\/Gilets-Heimlish.webp","datePublished":"2025-12-08T09:46:37+00:00","description":"Act+Fast Heimlich-Westen: Sicheres, visuelles Training f\u00fcr Atemwegsbefreiung, f\u00fcr Erwachsene und Kinder. Robust und wiederverwendbar.","breadcrumb":{"@id":"https:\/\/lifesupportdistribution.fr\/de\/produkt\/heimlich-westen\/#breadcrumb"},"inLanguage":"de","potentialAction":[{"@type":"ReadAction","target":["https:\/\/lifesupportdistribution.fr\/de\/produkt\/heimlich-westen\/"]}]},{"@type":"ImageObject","inLanguage":"de","@id":"https:\/\/lifesupportdistribution.fr\/de\/produkt\/heimlich-westen\/#primaryimage","url":"https:\/\/lifesupportdistribution.fr\/wp-content\/uploads\/2025\/12\/Gilets-Heimlish.webp","contentUrl":"https:\/\/lifesupportdistribution.fr\/wp-content\/uploads\/2025\/12\/Gilets-Heimlish.webp","width":1066,"height":1066},{"@type":"BreadcrumbList","@id":"https:\/\/lifesupportdistribution.fr\/de\/produkt\/heimlich-westen\/#breadcrumb","itemListElement":[{"@type":"ListItem","position":1,"name":"Accueil","item":"https:\/\/lifesupportdistribution.fr\/de\/startseite\/"},{"@type":"ListItem","position":2,"name":"Shop","item":"https:\/\/lifesupportdistribution.fr\/de\/shop\/"},{"@type":"ListItem","position":3,"name":"Heimlich-Westen"}]},{"@type":"WebSite","@id":"https:\/\/lifesupportdistribution.fr\/de\/#website","url":"https:\/\/lifesupportdistribution.fr\/de\/","name":"Life Support Distribution","description":"Solutions en simulation m\u00e9dicale","publisher":{"@id":"https:\/\/lifesupportdistribution.fr\/de\/#organization"},"potentialAction":[{"@type":"SearchAction","target":{"@type":"EntryPoint","urlTemplate":"https:\/\/lifesupportdistribution.fr\/de\/?s={search_term_string}"},"query-input":{"@type":"PropertyValueSpecification","valueRequired":true,"valueName":"search_term_string"}}],"inLanguage":"de"},{"@type":"Organization","@id":"https:\/\/lifesupportdistribution.fr\/de\/#organization","name":"Life Support Distribution","url":"https:\/\/lifesupportdistribution.fr\/de\/","logo":{"@type":"ImageObject","inLanguage":"de","@id":"https:\/\/lifesupportdistribution.fr\/de\/#\/schema\/logo\/image\/","url":"https:\/\/lifesupportdistribution.fr\/wp-content\/uploads\/2025\/10\/logo-life-support-distribution.svg","contentUrl":"https:\/\/lifesupportdistribution.fr\/wp-content\/uploads\/2025\/10\/logo-life-support-distribution.svg","width":698,"height":223,"caption":"Life Support Distribution"},"image":{"@id":"https:\/\/lifesupportdistribution.fr\/de\/#\/schema\/logo\/image\/"},"sameAs":["https:\/\/www.linkedin.com\/company\/life-support-distribution\/"]}]}},"_links":{"self":[{"href":"https:\/\/lifesupportdistribution.fr\/de\/wp-json\/wp\/v2\/product\/6292","targetHints":{"allow":["GET"]}}],"collection":[{"href":"https:\/\/lifesupportdistribution.fr\/de\/wp-json\/wp\/v2\/product"}],"about":[{"href":"https:\/\/lifesupportdistribution.fr\/de\/wp-json\/wp\/v2\/types\/product"}],"wp:featuredmedia":[{"embeddable":true,"href":"https:\/\/lifesupportdistribution.fr\/de\/wp-json\/wp\/v2\/media\/3159"}],"wp:attachment":[{"href":"https:\/\/lifesupportdistribution.fr\/de\/wp-json\/wp\/v2\/media?parent=6292"}],"wp:term":[{"taxonomy":"product_brand","embeddable":true,"href":"https:\/\/lifesupportdistribution.fr\/de\/wp-json\/wp\/v2\/product_brand?post=6292"},{"taxonomy":"product_cat","embeddable":true,"href":"https:\/\/lifesupportdistribution.fr\/de\/wp-json\/wp\/v2\/product_cat?post=6292"},{"taxonomy":"product_tag","embeddable":true,"href":"https:\/\/lifesupportdistribution.fr\/de\/wp-json\/wp\/v2\/product_tag?post=6292"}],"curies":[{"name":"wp","href":"https:\/\/api.w.org\/{rel}","templated":true}]}}