{"id":6295,"date":"2025-12-08T10:59:20","date_gmt":"2025-12-08T09:59:20","guid":{"rendered":"https:\/\/lifesupportdistribution.fr\/produits\/c-h-a-r-l-i-e-neonataler-reanimationssimulator\/"},"modified":"2025-12-08T10:59:20","modified_gmt":"2025-12-08T09:59:20","slug":"c-h-a-r-l-i-e-neonataler-reanimationssimulator","status":"publish","type":"product","link":"https:\/\/lifesupportdistribution.fr\/de\/produkt\/c-h-a-r-l-i-e-neonataler-reanimationssimulator\/","title":{"rendered":"C.H.A.R.L.I.E. \u2013 Neonataler Reanimationssimulator"},"content":{"rendered":"<p>Der C.H.A.R.L.I.E. Simulator bildet die Anatomie eines Neugeborenen realistisch ab, um die Reanimationsma\u00dfnahmen in Notfallsituationen zu trainieren.<br \/>\nEr erm\u00f6glicht das \u00dcben von Intubation, Beatmung, Thoraxkompressionen und der Koordination von Beatmung und Massage mit verschiedenen medizinischen Ger\u00e4ten (Maske, Sonde, selbstf\u00fcllender Beutel).<br \/>\nLernende k\u00f6nnen die Erkennung und das Management neonataler Notfallsituationen in einer sicheren und realistischen Lernumgebung \u00fcben.<br \/>\nDas robuste und hygienische Design der Puppe gew\u00e4hrleistet eine intensive Nutzung, w\u00e4hrend ihre Modularit\u00e4t die Integration des Simulators in verschiedene p\u00e4dagogische Szenarien erm\u00f6glicht.<br \/>\nKompakt und mit einer kompletten Tragetasche geliefert, eignet er sich sowohl f\u00fcr die Ausbildung im Simulationsraum als auch f\u00fcr den mobilen Unterricht.<\/p>\n","protected":false},"excerpt":{"rendered":"<p>Der neonatale C.H.A.R.L.I.E. Simulator (Comprehensive Humanistic Airway Resuscitation Life-support Infant Education) ist f\u00fcr das umfassende Erlernen der Neugeborenenreanimation konzipiert. Realistisch und vielseitig, erm\u00f6glicht er Studierenden und medizinischem Fachpersonal, wesentliche Verfahren der Atemwegs- und Kreislaufversorgung in einem sicheren und p\u00e4dagogischen Umfeld zu \u00fcben.<br \/>\nGeeignet f\u00fcr Pflegeschulen und Simulationszentren, ist er eine Referenz f\u00fcr die neonatale Reanimationsausbildung, die technische Pr\u00e4zision und klinischen Ansatz vereint. <\/p>\n","protected":false},"featured_media":3153,"template":"","meta":[],"product_brand":[205],"product_cat":[218],"product_tag":[237,252,245,256,236,235],"class_list":{"0":"post-6295","1":"product","2":"type-product","3":"status-publish","4":"has-post-thumbnail","6":"product_brand-nasco","7":"product_cat-simulationspuppen","8":"product_tag-anasthesie","9":"product_tag-intensivmedizin","10":"product_tag-intensivpflege","11":"product_tag-neonatologie","12":"product_tag-notfallmedizin","13":"product_tag-padiatrie","15":"first","16":"instock","17":"shipping-taxable","18":"purchasable","19":"product-type-simple"},"yoast_head":"<!-- This site is optimized with the Yoast SEO plugin v26.8 - https:\/\/yoast.com\/product\/yoast-seo-wordpress\/ -->\n<title>C.H.A.R.L.I.E. \u2013 Umfassender neonataler Reanimationssimulator<\/title>\n<meta name=\"description\" content=\"C.H.A.R.L.I.E. Simulator: Umfassende neonatale Reanimation, Intubation, Beatmung und Kompressionen. Realistisch, robust und ideal f\u00fcr Simulationszentren.\" \/>\n<meta name=\"robots\" content=\"index, follow, max-snippet:-1, max-image-preview:large, max-video-preview:-1\" \/>\n<link rel=\"canonical\" href=\"https:\/\/lifesupportdistribution.fr\/de\/produkt\/c-h-a-r-l-i-e-neonataler-reanimationssimulator\/\" \/>\n<meta property=\"og:locale\" content=\"de_DE\" \/>\n<meta property=\"og:type\" content=\"article\" \/>\n<meta property=\"og:title\" content=\"C.H.A.R.L.I.E. \u2013 Umfassender neonataler Reanimationssimulator\" \/>\n<meta property=\"og:description\" content=\"C.H.A.R.L.I.E. Simulator: Umfassende neonatale Reanimation, Intubation, Beatmung und Kompressionen. Realistisch, robust und ideal f\u00fcr Simulationszentren.\" \/>\n<meta property=\"og:url\" content=\"https:\/\/lifesupportdistribution.fr\/de\/produkt\/c-h-a-r-l-i-e-neonataler-reanimationssimulator\/\" \/>\n<meta property=\"og:site_name\" content=\"Life Support Distribution\" \/>\n<meta property=\"og:image\" content=\"https:\/\/lifesupportdistribution.fr\/wp-content\/uploads\/2025\/12\/C.H.A.R.L.I.E.-\u2013-Simulateur-de-reanimation-neonatale.webp\" \/>\n\t<meta property=\"og:image:width\" content=\"1066\" \/>\n\t<meta property=\"og:image:height\" content=\"1066\" \/>\n\t<meta property=\"og:image:type\" content=\"image\/webp\" \/>\n<meta name=\"twitter:card\" content=\"summary_large_image\" \/>\n<meta name=\"twitter:label1\" content=\"Gesch\u00e4tzte Lesezeit\" \/>\n\t<meta name=\"twitter:data1\" content=\"1\u00a0Minute\" \/>\n<script type=\"application\/ld+json\" class=\"yoast-schema-graph\">{\"@context\":\"https:\/\/schema.org\",\"@graph\":[{\"@type\":\"WebPage\",\"@id\":\"https:\/\/lifesupportdistribution.fr\/de\/produkt\/c-h-a-r-l-i-e-neonataler-reanimationssimulator\/\",\"url\":\"https:\/\/lifesupportdistribution.fr\/de\/produkt\/c-h-a-r-l-i-e-neonataler-reanimationssimulator\/\",\"name\":\"C.H.A.R.L.I.E. \u2013 Umfassender neonataler Reanimationssimulator\",\"isPartOf\":{\"@id\":\"https:\/\/lifesupportdistribution.fr\/de\/#website\"},\"primaryImageOfPage\":{\"@id\":\"https:\/\/lifesupportdistribution.fr\/de\/produkt\/c-h-a-r-l-i-e-neonataler-reanimationssimulator\/#primaryimage\"},\"image\":{\"@id\":\"https:\/\/lifesupportdistribution.fr\/de\/produkt\/c-h-a-r-l-i-e-neonataler-reanimationssimulator\/#primaryimage\"},\"thumbnailUrl\":\"https:\/\/lifesupportdistribution.fr\/wp-content\/uploads\/2025\/12\/C.H.A.R.L.I.E.-\u2013-Simulateur-de-reanimation-neonatale.webp\",\"datePublished\":\"2025-12-08T09:59:20+00:00\",\"description\":\"C.H.A.R.L.I.E. Simulator: Umfassende neonatale Reanimation, Intubation, Beatmung und Kompressionen. Realistisch, robust und ideal f\u00fcr Simulationszentren.\",\"breadcrumb\":{\"@id\":\"https:\/\/lifesupportdistribution.fr\/de\/produkt\/c-h-a-r-l-i-e-neonataler-reanimationssimulator\/#breadcrumb\"},\"inLanguage\":\"de\",\"potentialAction\":[{\"@type\":\"ReadAction\",\"target\":[\"https:\/\/lifesupportdistribution.fr\/de\/produkt\/c-h-a-r-l-i-e-neonataler-reanimationssimulator\/\"]}]},{\"@type\":\"ImageObject\",\"inLanguage\":\"de\",\"@id\":\"https:\/\/lifesupportdistribution.fr\/de\/produkt\/c-h-a-r-l-i-e-neonataler-reanimationssimulator\/#primaryimage\",\"url\":\"https:\/\/lifesupportdistribution.fr\/wp-content\/uploads\/2025\/12\/C.H.A.R.L.I.E.-\u2013-Simulateur-de-reanimation-neonatale.webp\",\"contentUrl\":\"https:\/\/lifesupportdistribution.fr\/wp-content\/uploads\/2025\/12\/C.H.A.R.L.I.E.-\u2013-Simulateur-de-reanimation-neonatale.webp\",\"width\":1066,\"height\":1066},{\"@type\":\"BreadcrumbList\",\"@id\":\"https:\/\/lifesupportdistribution.fr\/de\/produkt\/c-h-a-r-l-i-e-neonataler-reanimationssimulator\/#breadcrumb\",\"itemListElement\":[{\"@type\":\"ListItem\",\"position\":1,\"name\":\"Accueil\",\"item\":\"https:\/\/lifesupportdistribution.fr\/de\/startseite\/\"},{\"@type\":\"ListItem\",\"position\":2,\"name\":\"Shop\",\"item\":\"https:\/\/lifesupportdistribution.fr\/de\/shop\/\"},{\"@type\":\"ListItem\",\"position\":3,\"name\":\"C.H.A.R.L.I.E. \u2013 Neonataler Reanimationssimulator\"}]},{\"@type\":\"WebSite\",\"@id\":\"https:\/\/lifesupportdistribution.fr\/de\/#website\",\"url\":\"https:\/\/lifesupportdistribution.fr\/de\/\",\"name\":\"Life Support Distribution\",\"description\":\"Solutions en simulation m\u00e9dicale\",\"publisher\":{\"@id\":\"https:\/\/lifesupportdistribution.fr\/de\/#organization\"},\"potentialAction\":[{\"@type\":\"SearchAction\",\"target\":{\"@type\":\"EntryPoint\",\"urlTemplate\":\"https:\/\/lifesupportdistribution.fr\/de\/?s={search_term_string}\"},\"query-input\":{\"@type\":\"PropertyValueSpecification\",\"valueRequired\":true,\"valueName\":\"search_term_string\"}}],\"inLanguage\":\"de\"},{\"@type\":\"Organization\",\"@id\":\"https:\/\/lifesupportdistribution.fr\/de\/#organization\",\"name\":\"Life Support Distribution\",\"url\":\"https:\/\/lifesupportdistribution.fr\/de\/\",\"logo\":{\"@type\":\"ImageObject\",\"inLanguage\":\"de\",\"@id\":\"https:\/\/lifesupportdistribution.fr\/de\/#\/schema\/logo\/image\/\",\"url\":\"https:\/\/lifesupportdistribution.fr\/wp-content\/uploads\/2025\/10\/logo-life-support-distribution.svg\",\"contentUrl\":\"https:\/\/lifesupportdistribution.fr\/wp-content\/uploads\/2025\/10\/logo-life-support-distribution.svg\",\"width\":698,\"height\":223,\"caption\":\"Life Support Distribution\"},\"image\":{\"@id\":\"https:\/\/lifesupportdistribution.fr\/de\/#\/schema\/logo\/image\/\"},\"sameAs\":[\"https:\/\/www.linkedin.com\/company\/life-support-distribution\/\"]}]}<\/script>\n<!-- \/ Yoast SEO plugin. -->","yoast_head_json":{"title":"C.H.A.R.L.I.E. \u2013 Umfassender neonataler Reanimationssimulator","description":"C.H.A.R.L.I.E. Simulator: Umfassende neonatale Reanimation, Intubation, Beatmung und Kompressionen. Realistisch, robust und ideal f\u00fcr Simulationszentren.","robots":{"index":"index","follow":"follow","max-snippet":"max-snippet:-1","max-image-preview":"max-image-preview:large","max-video-preview":"max-video-preview:-1"},"canonical":"https:\/\/lifesupportdistribution.fr\/de\/produkt\/c-h-a-r-l-i-e-neonataler-reanimationssimulator\/","og_locale":"de_DE","og_type":"article","og_title":"C.H.A.R.L.I.E. \u2013 Umfassender neonataler Reanimationssimulator","og_description":"C.H.A.R.L.I.E. Simulator: Umfassende neonatale Reanimation, Intubation, Beatmung und Kompressionen. Realistisch, robust und ideal f\u00fcr Simulationszentren.","og_url":"https:\/\/lifesupportdistribution.fr\/de\/produkt\/c-h-a-r-l-i-e-neonataler-reanimationssimulator\/","og_site_name":"Life Support Distribution","og_image":[{"width":1066,"height":1066,"url":"https:\/\/lifesupportdistribution.fr\/wp-content\/uploads\/2025\/12\/C.H.A.R.L.I.E.-\u2013-Simulateur-de-reanimation-neonatale.webp","type":"image\/webp"}],"twitter_card":"summary_large_image","twitter_misc":{"Gesch\u00e4tzte Lesezeit":"1\u00a0Minute"},"schema":{"@context":"https:\/\/schema.org","@graph":[{"@type":"WebPage","@id":"https:\/\/lifesupportdistribution.fr\/de\/produkt\/c-h-a-r-l-i-e-neonataler-reanimationssimulator\/","url":"https:\/\/lifesupportdistribution.fr\/de\/produkt\/c-h-a-r-l-i-e-neonataler-reanimationssimulator\/","name":"C.H.A.R.L.I.E. \u2013 Umfassender neonataler Reanimationssimulator","isPartOf":{"@id":"https:\/\/lifesupportdistribution.fr\/de\/#website"},"primaryImageOfPage":{"@id":"https:\/\/lifesupportdistribution.fr\/de\/produkt\/c-h-a-r-l-i-e-neonataler-reanimationssimulator\/#primaryimage"},"image":{"@id":"https:\/\/lifesupportdistribution.fr\/de\/produkt\/c-h-a-r-l-i-e-neonataler-reanimationssimulator\/#primaryimage"},"thumbnailUrl":"https:\/\/lifesupportdistribution.fr\/wp-content\/uploads\/2025\/12\/C.H.A.R.L.I.E.-\u2013-Simulateur-de-reanimation-neonatale.webp","datePublished":"2025-12-08T09:59:20+00:00","description":"C.H.A.R.L.I.E. Simulator: Umfassende neonatale Reanimation, Intubation, Beatmung und Kompressionen. Realistisch, robust und ideal f\u00fcr Simulationszentren.","breadcrumb":{"@id":"https:\/\/lifesupportdistribution.fr\/de\/produkt\/c-h-a-r-l-i-e-neonataler-reanimationssimulator\/#breadcrumb"},"inLanguage":"de","potentialAction":[{"@type":"ReadAction","target":["https:\/\/lifesupportdistribution.fr\/de\/produkt\/c-h-a-r-l-i-e-neonataler-reanimationssimulator\/"]}]},{"@type":"ImageObject","inLanguage":"de","@id":"https:\/\/lifesupportdistribution.fr\/de\/produkt\/c-h-a-r-l-i-e-neonataler-reanimationssimulator\/#primaryimage","url":"https:\/\/lifesupportdistribution.fr\/wp-content\/uploads\/2025\/12\/C.H.A.R.L.I.E.-\u2013-Simulateur-de-reanimation-neonatale.webp","contentUrl":"https:\/\/lifesupportdistribution.fr\/wp-content\/uploads\/2025\/12\/C.H.A.R.L.I.E.-\u2013-Simulateur-de-reanimation-neonatale.webp","width":1066,"height":1066},{"@type":"BreadcrumbList","@id":"https:\/\/lifesupportdistribution.fr\/de\/produkt\/c-h-a-r-l-i-e-neonataler-reanimationssimulator\/#breadcrumb","itemListElement":[{"@type":"ListItem","position":1,"name":"Accueil","item":"https:\/\/lifesupportdistribution.fr\/de\/startseite\/"},{"@type":"ListItem","position":2,"name":"Shop","item":"https:\/\/lifesupportdistribution.fr\/de\/shop\/"},{"@type":"ListItem","position":3,"name":"C.H.A.R.L.I.E. \u2013 Neonataler Reanimationssimulator"}]},{"@type":"WebSite","@id":"https:\/\/lifesupportdistribution.fr\/de\/#website","url":"https:\/\/lifesupportdistribution.fr\/de\/","name":"Life Support Distribution","description":"Solutions en simulation m\u00e9dicale","publisher":{"@id":"https:\/\/lifesupportdistribution.fr\/de\/#organization"},"potentialAction":[{"@type":"SearchAction","target":{"@type":"EntryPoint","urlTemplate":"https:\/\/lifesupportdistribution.fr\/de\/?s={search_term_string}"},"query-input":{"@type":"PropertyValueSpecification","valueRequired":true,"valueName":"search_term_string"}}],"inLanguage":"de"},{"@type":"Organization","@id":"https:\/\/lifesupportdistribution.fr\/de\/#organization","name":"Life Support Distribution","url":"https:\/\/lifesupportdistribution.fr\/de\/","logo":{"@type":"ImageObject","inLanguage":"de","@id":"https:\/\/lifesupportdistribution.fr\/de\/#\/schema\/logo\/image\/","url":"https:\/\/lifesupportdistribution.fr\/wp-content\/uploads\/2025\/10\/logo-life-support-distribution.svg","contentUrl":"https:\/\/lifesupportdistribution.fr\/wp-content\/uploads\/2025\/10\/logo-life-support-distribution.svg","width":698,"height":223,"caption":"Life Support Distribution"},"image":{"@id":"https:\/\/lifesupportdistribution.fr\/de\/#\/schema\/logo\/image\/"},"sameAs":["https:\/\/www.linkedin.com\/company\/life-support-distribution\/"]}]}},"_links":{"self":[{"href":"https:\/\/lifesupportdistribution.fr\/de\/wp-json\/wp\/v2\/product\/6295","targetHints":{"allow":["GET"]}}],"collection":[{"href":"https:\/\/lifesupportdistribution.fr\/de\/wp-json\/wp\/v2\/product"}],"about":[{"href":"https:\/\/lifesupportdistribution.fr\/de\/wp-json\/wp\/v2\/types\/product"}],"wp:featuredmedia":[{"embeddable":true,"href":"https:\/\/lifesupportdistribution.fr\/de\/wp-json\/wp\/v2\/media\/3153"}],"wp:attachment":[{"href":"https:\/\/lifesupportdistribution.fr\/de\/wp-json\/wp\/v2\/media?parent=6295"}],"wp:term":[{"taxonomy":"product_brand","embeddable":true,"href":"https:\/\/lifesupportdistribution.fr\/de\/wp-json\/wp\/v2\/product_brand?post=6295"},{"taxonomy":"product_cat","embeddable":true,"href":"https:\/\/lifesupportdistribution.fr\/de\/wp-json\/wp\/v2\/product_cat?post=6295"},{"taxonomy":"product_tag","embeddable":true,"href":"https:\/\/lifesupportdistribution.fr\/de\/wp-json\/wp\/v2\/product_tag?post=6295"}],"curies":[{"name":"wp","href":"https:\/\/api.w.org\/{rel}","templated":true}]}}