{"id":6296,"date":"2025-12-08T10:49:09","date_gmt":"2025-12-08T09:49:09","guid":{"rendered":"https:\/\/lifesupportdistribution.fr\/produits\/saeuglinge-mit-besonderen-beduerfnissen\/"},"modified":"2025-12-08T10:49:09","modified_gmt":"2025-12-08T09:49:09","slug":"saeuglinge-mit-besonderen-beduerfnissen","status":"publish","type":"product","link":"https:\/\/lifesupportdistribution.fr\/de\/produkt\/saeuglinge-mit-besonderen-beduerfnissen\/","title":{"rendered":"S\u00e4uglinge mit besonderen Bed\u00fcrfnissen"},"content":{"rendered":"<p>Die Life\/form\u00ae Simulationspuppen \u2013 S\u00e4uglinge mit besonderen Bed\u00fcrfnissen erm\u00f6glichen das \u00dcben vielf\u00e4ltiger p\u00e4diatrischer Pflegema\u00dfnahmen an realistischen und fragilen S\u00e4uglingen. Ihr pr\u00e4zises anatomisches Design und ihre realistische Textur f\u00f6rdern ein vollst\u00e4ndiges Eintauchen in das Training in P\u00e4diatrie und Neonatologie.<br \/>\nSie erm\u00f6glichen die Praxis verschiedener Pflegema\u00dfnahmen wie Tracheostomie, Gastrostomie, nasogastrische Versorgung, urethraler Katheterismus oder die Versorgung von Stomata.<br \/>\nDiese Simulatoren sind in verschiedenen Hautt\u00f6nen und Versionen (M\u00e4dchen\/Junge) erh\u00e4ltlich, f\u00fcr einen inklusiven und repr\u00e4sentativen Unterricht der Vielfalt der Patienten, die in der Kinderpflege anzutreffen sind.<br \/>\nEinsetzbar f\u00fcr praktische Kurse oder klinische Pr\u00fcfungen (OSCE), helfen sie, die Pr\u00e4zision, Kommunikation und Empathie der Lernenden in der spezialisierten p\u00e4diatrischen Versorgung zu entwickeln. <\/p>\n","protected":false},"excerpt":{"rendered":"<p>S\u00e4uglinge mit besonderen Bed\u00fcrfnissen erfordern eine angepasste Versorgung, die manchmal komplexe medizinische Handgriffe umfasst. Die Life\/form\u00ae-Produktreihe \u2013 S\u00e4uglinge mit besonderen Bed\u00fcrfnissen wurde entwickelt, um Gesundheitseinrichtungen, Krankenpflegeschulen und Simulationszentren zu erm\u00f6glichen, diese wesentlichen Pflegema\u00dfnahmen in einem sicheren und realistischen p\u00e4dagogischen Umfeld zu lehren und zu \u00fcben. Diese Simulationspuppen in Neugeborenengr\u00f6\u00dfe bilden die kindliche Anatomie naturgetreu ab und erm\u00f6glichen eine Vielzahl von \u00dcbungen, von der t\u00e4glichen Pflege bis zu spezialisierten Interventionen.  <\/p>\n","protected":false},"featured_media":3158,"template":"","meta":[],"product_brand":[205],"product_cat":[218],"product_tag":[230,251,256,236,235],"class_list":{"0":"post-6296","1":"product","2":"type-product","3":"status-publish","4":"has-post-thumbnail","6":"product_brand-nasco","7":"product_cat-simulationspuppen","8":"product_tag-allgemeinmedizin","9":"product_tag-krankenpflege","10":"product_tag-neonatologie","11":"product_tag-notfallmedizin","12":"product_tag-padiatrie","14":"first","15":"instock","16":"shipping-taxable","17":"purchasable","18":"product-type-simple"},"yoast_head":"<!-- This site is optimized with the Yoast SEO plugin v26.8 - https:\/\/yoast.com\/product\/yoast-seo-wordpress\/ -->\n<title>S\u00e4uglinge mit besonderen Bed\u00fcrfnissen \u2013 Life\/form p\u00e4diatrische Simulationspuppen<\/title>\n<meta name=\"description\" content=\"Life\/form Simulationspuppen f\u00fcr S\u00e4uglinge mit besonderen Bed\u00fcrfnissen: realistische p\u00e4diatrische Versorgung, spezialisierte Handgriffe und sicheres Training in der Neonatologie.\" \/>\n<meta name=\"robots\" content=\"index, follow, max-snippet:-1, max-image-preview:large, max-video-preview:-1\" \/>\n<link rel=\"canonical\" href=\"https:\/\/lifesupportdistribution.fr\/de\/produkt\/saeuglinge-mit-besonderen-beduerfnissen\/\" \/>\n<meta property=\"og:locale\" content=\"de_DE\" \/>\n<meta property=\"og:type\" content=\"article\" \/>\n<meta property=\"og:title\" content=\"S\u00e4uglinge mit besonderen Bed\u00fcrfnissen \u2013 Life\/form p\u00e4diatrische Simulationspuppen\" \/>\n<meta property=\"og:description\" content=\"Life\/form Simulationspuppen f\u00fcr S\u00e4uglinge mit besonderen Bed\u00fcrfnissen: realistische p\u00e4diatrische Versorgung, spezialisierte Handgriffe und sicheres Training in der Neonatologie.\" \/>\n<meta property=\"og:url\" content=\"https:\/\/lifesupportdistribution.fr\/de\/produkt\/saeuglinge-mit-besonderen-beduerfnissen\/\" \/>\n<meta property=\"og:site_name\" content=\"Life Support Distribution\" \/>\n<meta property=\"og:image\" content=\"https:\/\/lifesupportdistribution.fr\/wp-content\/uploads\/2025\/12\/Bebes-a-besoins-speciaux-\u2013-Lifeform\u00ae.webp\" \/>\n\t<meta property=\"og:image:width\" content=\"1066\" \/>\n\t<meta property=\"og:image:height\" content=\"1066\" \/>\n\t<meta property=\"og:image:type\" content=\"image\/webp\" \/>\n<meta name=\"twitter:card\" content=\"summary_large_image\" \/>\n<meta name=\"twitter:label1\" content=\"Gesch\u00e4tzte Lesezeit\" \/>\n\t<meta name=\"twitter:data1\" content=\"1\u00a0Minute\" \/>\n<script type=\"application\/ld+json\" class=\"yoast-schema-graph\">{\"@context\":\"https:\/\/schema.org\",\"@graph\":[{\"@type\":\"WebPage\",\"@id\":\"https:\/\/lifesupportdistribution.fr\/de\/produkt\/saeuglinge-mit-besonderen-beduerfnissen\/\",\"url\":\"https:\/\/lifesupportdistribution.fr\/de\/produkt\/saeuglinge-mit-besonderen-beduerfnissen\/\",\"name\":\"S\u00e4uglinge mit besonderen Bed\u00fcrfnissen \u2013 Life\/form p\u00e4diatrische Simulationspuppen\",\"isPartOf\":{\"@id\":\"https:\/\/lifesupportdistribution.fr\/de\/#website\"},\"primaryImageOfPage\":{\"@id\":\"https:\/\/lifesupportdistribution.fr\/de\/produkt\/saeuglinge-mit-besonderen-beduerfnissen\/#primaryimage\"},\"image\":{\"@id\":\"https:\/\/lifesupportdistribution.fr\/de\/produkt\/saeuglinge-mit-besonderen-beduerfnissen\/#primaryimage\"},\"thumbnailUrl\":\"https:\/\/lifesupportdistribution.fr\/wp-content\/uploads\/2025\/12\/Bebes-a-besoins-speciaux-\u2013-Lifeform\u00ae.webp\",\"datePublished\":\"2025-12-08T09:49:09+00:00\",\"description\":\"Life\/form Simulationspuppen f\u00fcr S\u00e4uglinge mit besonderen Bed\u00fcrfnissen: realistische p\u00e4diatrische Versorgung, spezialisierte Handgriffe und sicheres Training in der Neonatologie.\",\"breadcrumb\":{\"@id\":\"https:\/\/lifesupportdistribution.fr\/de\/produkt\/saeuglinge-mit-besonderen-beduerfnissen\/#breadcrumb\"},\"inLanguage\":\"de\",\"potentialAction\":[{\"@type\":\"ReadAction\",\"target\":[\"https:\/\/lifesupportdistribution.fr\/de\/produkt\/saeuglinge-mit-besonderen-beduerfnissen\/\"]}]},{\"@type\":\"ImageObject\",\"inLanguage\":\"de\",\"@id\":\"https:\/\/lifesupportdistribution.fr\/de\/produkt\/saeuglinge-mit-besonderen-beduerfnissen\/#primaryimage\",\"url\":\"https:\/\/lifesupportdistribution.fr\/wp-content\/uploads\/2025\/12\/Bebes-a-besoins-speciaux-\u2013-Lifeform\u00ae.webp\",\"contentUrl\":\"https:\/\/lifesupportdistribution.fr\/wp-content\/uploads\/2025\/12\/Bebes-a-besoins-speciaux-\u2013-Lifeform\u00ae.webp\",\"width\":1066,\"height\":1066},{\"@type\":\"BreadcrumbList\",\"@id\":\"https:\/\/lifesupportdistribution.fr\/de\/produkt\/saeuglinge-mit-besonderen-beduerfnissen\/#breadcrumb\",\"itemListElement\":[{\"@type\":\"ListItem\",\"position\":1,\"name\":\"Accueil\",\"item\":\"https:\/\/lifesupportdistribution.fr\/de\/startseite\/\"},{\"@type\":\"ListItem\",\"position\":2,\"name\":\"Shop\",\"item\":\"https:\/\/lifesupportdistribution.fr\/de\/shop\/\"},{\"@type\":\"ListItem\",\"position\":3,\"name\":\"S\u00e4uglinge mit besonderen Bed\u00fcrfnissen\"}]},{\"@type\":\"WebSite\",\"@id\":\"https:\/\/lifesupportdistribution.fr\/de\/#website\",\"url\":\"https:\/\/lifesupportdistribution.fr\/de\/\",\"name\":\"Life Support Distribution\",\"description\":\"Solutions en simulation m\u00e9dicale\",\"publisher\":{\"@id\":\"https:\/\/lifesupportdistribution.fr\/de\/#organization\"},\"potentialAction\":[{\"@type\":\"SearchAction\",\"target\":{\"@type\":\"EntryPoint\",\"urlTemplate\":\"https:\/\/lifesupportdistribution.fr\/de\/?s={search_term_string}\"},\"query-input\":{\"@type\":\"PropertyValueSpecification\",\"valueRequired\":true,\"valueName\":\"search_term_string\"}}],\"inLanguage\":\"de\"},{\"@type\":\"Organization\",\"@id\":\"https:\/\/lifesupportdistribution.fr\/de\/#organization\",\"name\":\"Life Support Distribution\",\"url\":\"https:\/\/lifesupportdistribution.fr\/de\/\",\"logo\":{\"@type\":\"ImageObject\",\"inLanguage\":\"de\",\"@id\":\"https:\/\/lifesupportdistribution.fr\/de\/#\/schema\/logo\/image\/\",\"url\":\"https:\/\/lifesupportdistribution.fr\/wp-content\/uploads\/2025\/10\/logo-life-support-distribution.svg\",\"contentUrl\":\"https:\/\/lifesupportdistribution.fr\/wp-content\/uploads\/2025\/10\/logo-life-support-distribution.svg\",\"width\":698,\"height\":223,\"caption\":\"Life Support Distribution\"},\"image\":{\"@id\":\"https:\/\/lifesupportdistribution.fr\/de\/#\/schema\/logo\/image\/\"},\"sameAs\":[\"https:\/\/www.linkedin.com\/company\/life-support-distribution\/\"]}]}<\/script>\n<!-- \/ Yoast SEO plugin. -->","yoast_head_json":{"title":"S\u00e4uglinge mit besonderen Bed\u00fcrfnissen \u2013 Life\/form p\u00e4diatrische Simulationspuppen","description":"Life\/form Simulationspuppen f\u00fcr S\u00e4uglinge mit besonderen Bed\u00fcrfnissen: realistische p\u00e4diatrische Versorgung, spezialisierte Handgriffe und sicheres Training in der Neonatologie.","robots":{"index":"index","follow":"follow","max-snippet":"max-snippet:-1","max-image-preview":"max-image-preview:large","max-video-preview":"max-video-preview:-1"},"canonical":"https:\/\/lifesupportdistribution.fr\/de\/produkt\/saeuglinge-mit-besonderen-beduerfnissen\/","og_locale":"de_DE","og_type":"article","og_title":"S\u00e4uglinge mit besonderen Bed\u00fcrfnissen \u2013 Life\/form p\u00e4diatrische Simulationspuppen","og_description":"Life\/form Simulationspuppen f\u00fcr S\u00e4uglinge mit besonderen Bed\u00fcrfnissen: realistische p\u00e4diatrische Versorgung, spezialisierte Handgriffe und sicheres Training in der Neonatologie.","og_url":"https:\/\/lifesupportdistribution.fr\/de\/produkt\/saeuglinge-mit-besonderen-beduerfnissen\/","og_site_name":"Life Support Distribution","og_image":[{"width":1066,"height":1066,"url":"https:\/\/lifesupportdistribution.fr\/wp-content\/uploads\/2025\/12\/Bebes-a-besoins-speciaux-\u2013-Lifeform\u00ae.webp","type":"image\/webp"}],"twitter_card":"summary_large_image","twitter_misc":{"Gesch\u00e4tzte Lesezeit":"1\u00a0Minute"},"schema":{"@context":"https:\/\/schema.org","@graph":[{"@type":"WebPage","@id":"https:\/\/lifesupportdistribution.fr\/de\/produkt\/saeuglinge-mit-besonderen-beduerfnissen\/","url":"https:\/\/lifesupportdistribution.fr\/de\/produkt\/saeuglinge-mit-besonderen-beduerfnissen\/","name":"S\u00e4uglinge mit besonderen Bed\u00fcrfnissen \u2013 Life\/form p\u00e4diatrische Simulationspuppen","isPartOf":{"@id":"https:\/\/lifesupportdistribution.fr\/de\/#website"},"primaryImageOfPage":{"@id":"https:\/\/lifesupportdistribution.fr\/de\/produkt\/saeuglinge-mit-besonderen-beduerfnissen\/#primaryimage"},"image":{"@id":"https:\/\/lifesupportdistribution.fr\/de\/produkt\/saeuglinge-mit-besonderen-beduerfnissen\/#primaryimage"},"thumbnailUrl":"https:\/\/lifesupportdistribution.fr\/wp-content\/uploads\/2025\/12\/Bebes-a-besoins-speciaux-\u2013-Lifeform\u00ae.webp","datePublished":"2025-12-08T09:49:09+00:00","description":"Life\/form Simulationspuppen f\u00fcr S\u00e4uglinge mit besonderen Bed\u00fcrfnissen: realistische p\u00e4diatrische Versorgung, spezialisierte Handgriffe und sicheres Training in der Neonatologie.","breadcrumb":{"@id":"https:\/\/lifesupportdistribution.fr\/de\/produkt\/saeuglinge-mit-besonderen-beduerfnissen\/#breadcrumb"},"inLanguage":"de","potentialAction":[{"@type":"ReadAction","target":["https:\/\/lifesupportdistribution.fr\/de\/produkt\/saeuglinge-mit-besonderen-beduerfnissen\/"]}]},{"@type":"ImageObject","inLanguage":"de","@id":"https:\/\/lifesupportdistribution.fr\/de\/produkt\/saeuglinge-mit-besonderen-beduerfnissen\/#primaryimage","url":"https:\/\/lifesupportdistribution.fr\/wp-content\/uploads\/2025\/12\/Bebes-a-besoins-speciaux-\u2013-Lifeform\u00ae.webp","contentUrl":"https:\/\/lifesupportdistribution.fr\/wp-content\/uploads\/2025\/12\/Bebes-a-besoins-speciaux-\u2013-Lifeform\u00ae.webp","width":1066,"height":1066},{"@type":"BreadcrumbList","@id":"https:\/\/lifesupportdistribution.fr\/de\/produkt\/saeuglinge-mit-besonderen-beduerfnissen\/#breadcrumb","itemListElement":[{"@type":"ListItem","position":1,"name":"Accueil","item":"https:\/\/lifesupportdistribution.fr\/de\/startseite\/"},{"@type":"ListItem","position":2,"name":"Shop","item":"https:\/\/lifesupportdistribution.fr\/de\/shop\/"},{"@type":"ListItem","position":3,"name":"S\u00e4uglinge mit besonderen Bed\u00fcrfnissen"}]},{"@type":"WebSite","@id":"https:\/\/lifesupportdistribution.fr\/de\/#website","url":"https:\/\/lifesupportdistribution.fr\/de\/","name":"Life Support Distribution","description":"Solutions en simulation m\u00e9dicale","publisher":{"@id":"https:\/\/lifesupportdistribution.fr\/de\/#organization"},"potentialAction":[{"@type":"SearchAction","target":{"@type":"EntryPoint","urlTemplate":"https:\/\/lifesupportdistribution.fr\/de\/?s={search_term_string}"},"query-input":{"@type":"PropertyValueSpecification","valueRequired":true,"valueName":"search_term_string"}}],"inLanguage":"de"},{"@type":"Organization","@id":"https:\/\/lifesupportdistribution.fr\/de\/#organization","name":"Life Support Distribution","url":"https:\/\/lifesupportdistribution.fr\/de\/","logo":{"@type":"ImageObject","inLanguage":"de","@id":"https:\/\/lifesupportdistribution.fr\/de\/#\/schema\/logo\/image\/","url":"https:\/\/lifesupportdistribution.fr\/wp-content\/uploads\/2025\/10\/logo-life-support-distribution.svg","contentUrl":"https:\/\/lifesupportdistribution.fr\/wp-content\/uploads\/2025\/10\/logo-life-support-distribution.svg","width":698,"height":223,"caption":"Life Support Distribution"},"image":{"@id":"https:\/\/lifesupportdistribution.fr\/de\/#\/schema\/logo\/image\/"},"sameAs":["https:\/\/www.linkedin.com\/company\/life-support-distribution\/"]}]}},"_links":{"self":[{"href":"https:\/\/lifesupportdistribution.fr\/de\/wp-json\/wp\/v2\/product\/6296","targetHints":{"allow":["GET"]}}],"collection":[{"href":"https:\/\/lifesupportdistribution.fr\/de\/wp-json\/wp\/v2\/product"}],"about":[{"href":"https:\/\/lifesupportdistribution.fr\/de\/wp-json\/wp\/v2\/types\/product"}],"wp:featuredmedia":[{"embeddable":true,"href":"https:\/\/lifesupportdistribution.fr\/de\/wp-json\/wp\/v2\/media\/3158"}],"wp:attachment":[{"href":"https:\/\/lifesupportdistribution.fr\/de\/wp-json\/wp\/v2\/media?parent=6296"}],"wp:term":[{"taxonomy":"product_brand","embeddable":true,"href":"https:\/\/lifesupportdistribution.fr\/de\/wp-json\/wp\/v2\/product_brand?post=6296"},{"taxonomy":"product_cat","embeddable":true,"href":"https:\/\/lifesupportdistribution.fr\/de\/wp-json\/wp\/v2\/product_cat?post=6296"},{"taxonomy":"product_tag","embeddable":true,"href":"https:\/\/lifesupportdistribution.fr\/de\/wp-json\/wp\/v2\/product_tag?post=6296"}],"curies":[{"name":"wp","href":"https:\/\/api.w.org\/{rel}","templated":true}]}}