{"id":6300,"date":"2025-12-08T11:01:47","date_gmt":"2025-12-08T10:01:47","guid":{"rendered":"https:\/\/lifesupportdistribution.fr\/produits\/iv-arm-fuer-saeuglinge\/"},"modified":"2025-12-08T11:01:47","modified_gmt":"2025-12-08T10:01:47","slug":"iv-arm-fuer-saeuglinge","status":"publish","type":"product","link":"https:\/\/lifesupportdistribution.fr\/de\/produkt\/iv-arm-fuer-saeuglinge\/","title":{"rendered":"IV-Arm f\u00fcr S\u00e4uglinge"},"content":{"rendered":"<p>Dieser IV-Arm reproduziert originalgetreu Gr\u00f6\u00dfe, Aussehen und Textur eines S\u00e4uglings, mit einem tastbaren und sichtbaren Venensystem, das das Training der intraven\u00f6sen Punktion erm\u00f6glicht.<br \/>\nLernende k\u00f6nnen das Handling des Materials, die Venensuche und das Einf\u00fchren der Nadel \u00fcben, w\u00e4hrend sie einen realistischen Hautwiderstand sp\u00fcren.<br \/>\nDas flexible und selbstheilende Material des Arms erm\u00f6glicht wiederholte Einf\u00fchrungen, ohne das Modell zu besch\u00e4digen, und gew\u00e4hrleistet so optimale Haltbarkeit auch bei intensivem Gebrauch.<br \/>\nDieser Simulator ist ein unverzichtbares Werkzeug, um Pr\u00e4zision, Sorgfalt und Sicherheit bei der Durchf\u00fchrung invasiver p\u00e4diatrischer Behandlungen zu lehren.<\/p>\n","protected":false},"excerpt":{"rendered":"<p>Der Life\/form\u00ae S\u00e4uglings-IV-Arm ist ein Simulator, der f\u00fcr das Erlernen von Venenzugangstechniken bei sehr kleinen Kindern entwickelt wurde. Er erm\u00f6glicht es Studierenden und medizinischem Fachpersonal, das Einf\u00fchren von Kathetern und Infusionen in einer sicheren und realistischen Umgebung zu \u00fcben. Kompakt und robust, ist er ideal f\u00fcr Krankenpflegeschulen, Simulationszentren und p\u00e4diatrische Krankenhaustrainings.  <\/p>\n","protected":false},"featured_media":3152,"template":"","meta":[],"product_brand":[205],"product_cat":[222],"product_tag":[237,252,251,256,236,235],"class_list":{"0":"post-6300","1":"product","2":"type-product","3":"status-publish","4":"has-post-thumbnail","6":"product_brand-nasco","7":"product_cat-simulatoren-fur-medizinische-versorgung","8":"product_tag-anasthesie","9":"product_tag-intensivmedizin","10":"product_tag-krankenpflege","11":"product_tag-neonatologie","12":"product_tag-notfallmedizin","13":"product_tag-padiatrie","15":"first","16":"instock","17":"shipping-taxable","18":"purchasable","19":"product-type-simple"},"yoast_head":"<!-- This site is optimized with the Yoast SEO plugin v26.8 - https:\/\/yoast.com\/product\/yoast-seo-wordpress\/ -->\n<title>Life\/form S\u00e4uglings-IV-Arm zum Venenzugang<\/title>\n<meta name=\"description\" content=\"Life\/form S\u00e4uglings-IV-Arm: tastbare Venen, realistisches, selbstheilendes Material. Ideal f\u00fcr das Training von Venenzugangstechniken.\" \/>\n<meta name=\"robots\" content=\"index, follow, max-snippet:-1, max-image-preview:large, max-video-preview:-1\" \/>\n<link rel=\"canonical\" href=\"https:\/\/lifesupportdistribution.fr\/de\/produkt\/iv-arm-fuer-saeuglinge\/\" \/>\n<meta property=\"og:locale\" content=\"de_DE\" \/>\n<meta property=\"og:type\" content=\"article\" \/>\n<meta property=\"og:title\" content=\"Life\/form S\u00e4uglings-IV-Arm zum Venenzugang\" \/>\n<meta property=\"og:description\" content=\"Life\/form S\u00e4uglings-IV-Arm: tastbare Venen, realistisches, selbstheilendes Material. Ideal f\u00fcr das Training von Venenzugangstechniken.\" \/>\n<meta property=\"og:url\" content=\"https:\/\/lifesupportdistribution.fr\/de\/produkt\/iv-arm-fuer-saeuglinge\/\" \/>\n<meta property=\"og:site_name\" content=\"Life Support Distribution\" \/>\n<meta property=\"og:image\" content=\"https:\/\/lifesupportdistribution.fr\/wp-content\/uploads\/2025\/12\/Bras-intraveineux-pour-nourrisson.webp\" \/>\n\t<meta property=\"og:image:width\" content=\"1066\" \/>\n\t<meta property=\"og:image:height\" content=\"1066\" \/>\n\t<meta property=\"og:image:type\" content=\"image\/webp\" \/>\n<meta name=\"twitter:card\" content=\"summary_large_image\" \/>\n<meta name=\"twitter:label1\" content=\"Gesch\u00e4tzte Lesezeit\" \/>\n\t<meta name=\"twitter:data1\" content=\"1\u00a0Minute\" \/>\n<script type=\"application\/ld+json\" class=\"yoast-schema-graph\">{\"@context\":\"https:\/\/schema.org\",\"@graph\":[{\"@type\":\"WebPage\",\"@id\":\"https:\/\/lifesupportdistribution.fr\/de\/produkt\/iv-arm-fuer-saeuglinge\/\",\"url\":\"https:\/\/lifesupportdistribution.fr\/de\/produkt\/iv-arm-fuer-saeuglinge\/\",\"name\":\"Life\/form S\u00e4uglings-IV-Arm zum Venenzugang\",\"isPartOf\":{\"@id\":\"https:\/\/lifesupportdistribution.fr\/de\/#website\"},\"primaryImageOfPage\":{\"@id\":\"https:\/\/lifesupportdistribution.fr\/de\/produkt\/iv-arm-fuer-saeuglinge\/#primaryimage\"},\"image\":{\"@id\":\"https:\/\/lifesupportdistribution.fr\/de\/produkt\/iv-arm-fuer-saeuglinge\/#primaryimage\"},\"thumbnailUrl\":\"https:\/\/lifesupportdistribution.fr\/wp-content\/uploads\/2025\/12\/Bras-intraveineux-pour-nourrisson.webp\",\"datePublished\":\"2025-12-08T10:01:47+00:00\",\"description\":\"Life\/form S\u00e4uglings-IV-Arm: tastbare Venen, realistisches, selbstheilendes Material. Ideal f\u00fcr das Training von Venenzugangstechniken.\",\"breadcrumb\":{\"@id\":\"https:\/\/lifesupportdistribution.fr\/de\/produkt\/iv-arm-fuer-saeuglinge\/#breadcrumb\"},\"inLanguage\":\"de\",\"potentialAction\":[{\"@type\":\"ReadAction\",\"target\":[\"https:\/\/lifesupportdistribution.fr\/de\/produkt\/iv-arm-fuer-saeuglinge\/\"]}]},{\"@type\":\"ImageObject\",\"inLanguage\":\"de\",\"@id\":\"https:\/\/lifesupportdistribution.fr\/de\/produkt\/iv-arm-fuer-saeuglinge\/#primaryimage\",\"url\":\"https:\/\/lifesupportdistribution.fr\/wp-content\/uploads\/2025\/12\/Bras-intraveineux-pour-nourrisson.webp\",\"contentUrl\":\"https:\/\/lifesupportdistribution.fr\/wp-content\/uploads\/2025\/12\/Bras-intraveineux-pour-nourrisson.webp\",\"width\":1066,\"height\":1066},{\"@type\":\"BreadcrumbList\",\"@id\":\"https:\/\/lifesupportdistribution.fr\/de\/produkt\/iv-arm-fuer-saeuglinge\/#breadcrumb\",\"itemListElement\":[{\"@type\":\"ListItem\",\"position\":1,\"name\":\"Accueil\",\"item\":\"https:\/\/lifesupportdistribution.fr\/de\/startseite\/\"},{\"@type\":\"ListItem\",\"position\":2,\"name\":\"Shop\",\"item\":\"https:\/\/lifesupportdistribution.fr\/de\/shop\/\"},{\"@type\":\"ListItem\",\"position\":3,\"name\":\"IV-Arm f\u00fcr S\u00e4uglinge\"}]},{\"@type\":\"WebSite\",\"@id\":\"https:\/\/lifesupportdistribution.fr\/de\/#website\",\"url\":\"https:\/\/lifesupportdistribution.fr\/de\/\",\"name\":\"Life Support Distribution\",\"description\":\"Solutions en simulation m\u00e9dicale\",\"publisher\":{\"@id\":\"https:\/\/lifesupportdistribution.fr\/de\/#organization\"},\"potentialAction\":[{\"@type\":\"SearchAction\",\"target\":{\"@type\":\"EntryPoint\",\"urlTemplate\":\"https:\/\/lifesupportdistribution.fr\/de\/?s={search_term_string}\"},\"query-input\":{\"@type\":\"PropertyValueSpecification\",\"valueRequired\":true,\"valueName\":\"search_term_string\"}}],\"inLanguage\":\"de\"},{\"@type\":\"Organization\",\"@id\":\"https:\/\/lifesupportdistribution.fr\/de\/#organization\",\"name\":\"Life Support Distribution\",\"url\":\"https:\/\/lifesupportdistribution.fr\/de\/\",\"logo\":{\"@type\":\"ImageObject\",\"inLanguage\":\"de\",\"@id\":\"https:\/\/lifesupportdistribution.fr\/de\/#\/schema\/logo\/image\/\",\"url\":\"https:\/\/lifesupportdistribution.fr\/wp-content\/uploads\/2025\/10\/logo-life-support-distribution.svg\",\"contentUrl\":\"https:\/\/lifesupportdistribution.fr\/wp-content\/uploads\/2025\/10\/logo-life-support-distribution.svg\",\"width\":698,\"height\":223,\"caption\":\"Life Support Distribution\"},\"image\":{\"@id\":\"https:\/\/lifesupportdistribution.fr\/de\/#\/schema\/logo\/image\/\"},\"sameAs\":[\"https:\/\/www.linkedin.com\/company\/life-support-distribution\/\"]}]}<\/script>\n<!-- \/ Yoast SEO plugin. -->","yoast_head_json":{"title":"Life\/form S\u00e4uglings-IV-Arm zum Venenzugang","description":"Life\/form S\u00e4uglings-IV-Arm: tastbare Venen, realistisches, selbstheilendes Material. Ideal f\u00fcr das Training von Venenzugangstechniken.","robots":{"index":"index","follow":"follow","max-snippet":"max-snippet:-1","max-image-preview":"max-image-preview:large","max-video-preview":"max-video-preview:-1"},"canonical":"https:\/\/lifesupportdistribution.fr\/de\/produkt\/iv-arm-fuer-saeuglinge\/","og_locale":"de_DE","og_type":"article","og_title":"Life\/form S\u00e4uglings-IV-Arm zum Venenzugang","og_description":"Life\/form S\u00e4uglings-IV-Arm: tastbare Venen, realistisches, selbstheilendes Material. Ideal f\u00fcr das Training von Venenzugangstechniken.","og_url":"https:\/\/lifesupportdistribution.fr\/de\/produkt\/iv-arm-fuer-saeuglinge\/","og_site_name":"Life Support Distribution","og_image":[{"width":1066,"height":1066,"url":"https:\/\/lifesupportdistribution.fr\/wp-content\/uploads\/2025\/12\/Bras-intraveineux-pour-nourrisson.webp","type":"image\/webp"}],"twitter_card":"summary_large_image","twitter_misc":{"Gesch\u00e4tzte Lesezeit":"1\u00a0Minute"},"schema":{"@context":"https:\/\/schema.org","@graph":[{"@type":"WebPage","@id":"https:\/\/lifesupportdistribution.fr\/de\/produkt\/iv-arm-fuer-saeuglinge\/","url":"https:\/\/lifesupportdistribution.fr\/de\/produkt\/iv-arm-fuer-saeuglinge\/","name":"Life\/form S\u00e4uglings-IV-Arm zum Venenzugang","isPartOf":{"@id":"https:\/\/lifesupportdistribution.fr\/de\/#website"},"primaryImageOfPage":{"@id":"https:\/\/lifesupportdistribution.fr\/de\/produkt\/iv-arm-fuer-saeuglinge\/#primaryimage"},"image":{"@id":"https:\/\/lifesupportdistribution.fr\/de\/produkt\/iv-arm-fuer-saeuglinge\/#primaryimage"},"thumbnailUrl":"https:\/\/lifesupportdistribution.fr\/wp-content\/uploads\/2025\/12\/Bras-intraveineux-pour-nourrisson.webp","datePublished":"2025-12-08T10:01:47+00:00","description":"Life\/form S\u00e4uglings-IV-Arm: tastbare Venen, realistisches, selbstheilendes Material. Ideal f\u00fcr das Training von Venenzugangstechniken.","breadcrumb":{"@id":"https:\/\/lifesupportdistribution.fr\/de\/produkt\/iv-arm-fuer-saeuglinge\/#breadcrumb"},"inLanguage":"de","potentialAction":[{"@type":"ReadAction","target":["https:\/\/lifesupportdistribution.fr\/de\/produkt\/iv-arm-fuer-saeuglinge\/"]}]},{"@type":"ImageObject","inLanguage":"de","@id":"https:\/\/lifesupportdistribution.fr\/de\/produkt\/iv-arm-fuer-saeuglinge\/#primaryimage","url":"https:\/\/lifesupportdistribution.fr\/wp-content\/uploads\/2025\/12\/Bras-intraveineux-pour-nourrisson.webp","contentUrl":"https:\/\/lifesupportdistribution.fr\/wp-content\/uploads\/2025\/12\/Bras-intraveineux-pour-nourrisson.webp","width":1066,"height":1066},{"@type":"BreadcrumbList","@id":"https:\/\/lifesupportdistribution.fr\/de\/produkt\/iv-arm-fuer-saeuglinge\/#breadcrumb","itemListElement":[{"@type":"ListItem","position":1,"name":"Accueil","item":"https:\/\/lifesupportdistribution.fr\/de\/startseite\/"},{"@type":"ListItem","position":2,"name":"Shop","item":"https:\/\/lifesupportdistribution.fr\/de\/shop\/"},{"@type":"ListItem","position":3,"name":"IV-Arm f\u00fcr S\u00e4uglinge"}]},{"@type":"WebSite","@id":"https:\/\/lifesupportdistribution.fr\/de\/#website","url":"https:\/\/lifesupportdistribution.fr\/de\/","name":"Life Support Distribution","description":"Solutions en simulation m\u00e9dicale","publisher":{"@id":"https:\/\/lifesupportdistribution.fr\/de\/#organization"},"potentialAction":[{"@type":"SearchAction","target":{"@type":"EntryPoint","urlTemplate":"https:\/\/lifesupportdistribution.fr\/de\/?s={search_term_string}"},"query-input":{"@type":"PropertyValueSpecification","valueRequired":true,"valueName":"search_term_string"}}],"inLanguage":"de"},{"@type":"Organization","@id":"https:\/\/lifesupportdistribution.fr\/de\/#organization","name":"Life Support Distribution","url":"https:\/\/lifesupportdistribution.fr\/de\/","logo":{"@type":"ImageObject","inLanguage":"de","@id":"https:\/\/lifesupportdistribution.fr\/de\/#\/schema\/logo\/image\/","url":"https:\/\/lifesupportdistribution.fr\/wp-content\/uploads\/2025\/10\/logo-life-support-distribution.svg","contentUrl":"https:\/\/lifesupportdistribution.fr\/wp-content\/uploads\/2025\/10\/logo-life-support-distribution.svg","width":698,"height":223,"caption":"Life Support Distribution"},"image":{"@id":"https:\/\/lifesupportdistribution.fr\/de\/#\/schema\/logo\/image\/"},"sameAs":["https:\/\/www.linkedin.com\/company\/life-support-distribution\/"]}]}},"_links":{"self":[{"href":"https:\/\/lifesupportdistribution.fr\/de\/wp-json\/wp\/v2\/product\/6300","targetHints":{"allow":["GET"]}}],"collection":[{"href":"https:\/\/lifesupportdistribution.fr\/de\/wp-json\/wp\/v2\/product"}],"about":[{"href":"https:\/\/lifesupportdistribution.fr\/de\/wp-json\/wp\/v2\/types\/product"}],"wp:featuredmedia":[{"embeddable":true,"href":"https:\/\/lifesupportdistribution.fr\/de\/wp-json\/wp\/v2\/media\/3152"}],"wp:attachment":[{"href":"https:\/\/lifesupportdistribution.fr\/de\/wp-json\/wp\/v2\/media?parent=6300"}],"wp:term":[{"taxonomy":"product_brand","embeddable":true,"href":"https:\/\/lifesupportdistribution.fr\/de\/wp-json\/wp\/v2\/product_brand?post=6300"},{"taxonomy":"product_cat","embeddable":true,"href":"https:\/\/lifesupportdistribution.fr\/de\/wp-json\/wp\/v2\/product_cat?post=6300"},{"taxonomy":"product_tag","embeddable":true,"href":"https:\/\/lifesupportdistribution.fr\/de\/wp-json\/wp\/v2\/product_tag?post=6300"}],"curies":[{"name":"wp","href":"https:\/\/api.w.org\/{rel}","templated":true}]}}