{"id":6303,"date":"2025-12-12T14:34:32","date_gmt":"2025-12-12T13:34:32","guid":{"rendered":"https:\/\/lifesupportdistribution.fr\/produits\/simulator-fuer-die-sternalpunktion\/"},"modified":"2026-01-02T14:06:33","modified_gmt":"2026-01-02T13:06:33","slug":"simulator-fuer-die-sternalpunktion","status":"publish","type":"product","link":"https:\/\/lifesupportdistribution.fr\/de\/produkt\/simulator-fuer-die-sternalpunktion\/","title":{"rendered":"Simulator f\u00fcr die Sternalpunktion"},"content":{"rendered":"<p>Der Simulator f\u00fcr die Sternalpunktion wurde von Creaplast entwickelt, einem franz\u00f6sischen Hersteller, der auf anatomische Modelle und hochpr\u00e4zise medizinische Simulatoren spezialisiert ist.<br \/>\nDieses Modell bildet die vordere Brustregion detailgetreu nach, mit einer simulierten Knochenstruktur aus hartem Material, die mit einer weichen und realistischen Haut \u00fcberzogen ist, um die verschiedenen Widerst\u00e4nde w\u00e4hrend des Eingriffs sp\u00fcrbar zu machen.<br \/>\nEs erm\u00f6glicht ein umfassendes Training der sternalen Knochenmarkspunktion, von der Lokalisierung des Punktionspunktes bis zum Eindringen in das simulierte Knochenmark.<br \/>\nSein langlebiges und modulares Design erm\u00f6glicht eine wiederholte Nutzung, ideal f\u00fcr Krankenpflegeschulen, medizinische Universit\u00e4ten, Krankenh\u00e4user und klinische Simulationsinstitute.<\/p>\n","protected":false},"excerpt":{"rendered":"<p>Der Creaplast Simulator f\u00fcr die Sternalpunktion ist ein High-Fidelity-Lehrmodell, das f\u00fcr das Training der Brustbeinpunktion zur Knochenmarkentnahme bestimmt ist. Entwickelt, um au\u00dfergew\u00f6hnlichen anatomischen und taktilen Realismus zu bieten, erm\u00f6glicht es Studenten und medizinischem Fachpersonal, eine heikle technische Fertigkeit in einer sicheren Simulationsumgebung zu beherrschen. <\/p>\n","protected":false},"featured_media":6305,"template":"","meta":[],"product_brand":[191],"product_cat":[222],"product_tag":[237,252,245,236],"class_list":{"0":"post-6303","1":"product","2":"type-product","3":"status-publish","4":"has-post-thumbnail","6":"product_brand-creaplast","7":"product_cat-simulatoren-fur-medizinische-versorgung","8":"product_tag-anasthesie","9":"product_tag-intensivmedizin","10":"product_tag-intensivpflege","11":"product_tag-notfallmedizin","13":"first","14":"instock","15":"shipping-taxable","16":"purchasable","17":"product-type-simple"},"yoast_head":"<!-- This site is optimized with the Yoast SEO plugin v26.8 - https:\/\/yoast.com\/product\/yoast-seo-wordpress\/ -->\n<title>Sternalpunktionssimulator \u2013 medizinische Ausbildung<\/title>\n<meta name=\"description\" content=\"High-Fidelity-Simulator zum Erlernen der Sternalpunktion. Anatomischer und taktiler Realismus f\u00fcr sicheres Training.\" \/>\n<meta name=\"robots\" content=\"index, follow, max-snippet:-1, max-image-preview:large, max-video-preview:-1\" \/>\n<link rel=\"canonical\" href=\"https:\/\/lifesupportdistribution.fr\/de\/produkt\/simulator-fuer-die-sternalpunktion\/\" \/>\n<meta property=\"og:locale\" content=\"de_DE\" \/>\n<meta property=\"og:type\" content=\"article\" \/>\n<meta property=\"og:title\" content=\"Sternalpunktionssimulator \u2013 medizinische Ausbildung\" \/>\n<meta property=\"og:description\" content=\"High-Fidelity-Simulator zum Erlernen der Sternalpunktion. Anatomischer und taktiler Realismus f\u00fcr sicheres Training.\" \/>\n<meta property=\"og:url\" content=\"https:\/\/lifesupportdistribution.fr\/de\/produkt\/simulator-fuer-die-sternalpunktion\/\" \/>\n<meta property=\"og:site_name\" content=\"Life Support Distribution\" \/>\n<meta property=\"article:modified_time\" content=\"2026-01-02T13:06:33+00:00\" \/>\n<meta property=\"og:image\" content=\"https:\/\/lifesupportdistribution.fr\/wp-content\/uploads\/2025\/12\/simulateur-pour-la-ponction-sternale.jpg\" \/>\n\t<meta property=\"og:image:width\" content=\"600\" \/>\n\t<meta property=\"og:image:height\" content=\"400\" \/>\n\t<meta property=\"og:image:type\" content=\"image\/jpeg\" \/>\n<meta name=\"twitter:card\" content=\"summary_large_image\" \/>\n<meta name=\"twitter:label1\" content=\"Gesch\u00e4tzte Lesezeit\" \/>\n\t<meta name=\"twitter:data1\" content=\"1\u00a0Minute\" \/>\n<script type=\"application\/ld+json\" class=\"yoast-schema-graph\">{\"@context\":\"https:\/\/schema.org\",\"@graph\":[{\"@type\":\"WebPage\",\"@id\":\"https:\/\/lifesupportdistribution.fr\/de\/produkt\/simulator-fuer-die-sternalpunktion\/\",\"url\":\"https:\/\/lifesupportdistribution.fr\/de\/produkt\/simulator-fuer-die-sternalpunktion\/\",\"name\":\"Sternalpunktionssimulator \u2013 medizinische Ausbildung\",\"isPartOf\":{\"@id\":\"https:\/\/lifesupportdistribution.fr\/de\/#website\"},\"primaryImageOfPage\":{\"@id\":\"https:\/\/lifesupportdistribution.fr\/de\/produkt\/simulator-fuer-die-sternalpunktion\/#primaryimage\"},\"image\":{\"@id\":\"https:\/\/lifesupportdistribution.fr\/de\/produkt\/simulator-fuer-die-sternalpunktion\/#primaryimage\"},\"thumbnailUrl\":\"https:\/\/lifesupportdistribution.fr\/wp-content\/uploads\/2025\/12\/simulateur-pour-la-ponction-sternale.jpg\",\"datePublished\":\"2025-12-12T13:34:32+00:00\",\"dateModified\":\"2026-01-02T13:06:33+00:00\",\"description\":\"High-Fidelity-Simulator zum Erlernen der Sternalpunktion. Anatomischer und taktiler Realismus f\u00fcr sicheres Training.\",\"breadcrumb\":{\"@id\":\"https:\/\/lifesupportdistribution.fr\/de\/produkt\/simulator-fuer-die-sternalpunktion\/#breadcrumb\"},\"inLanguage\":\"de\",\"potentialAction\":[{\"@type\":\"ReadAction\",\"target\":[\"https:\/\/lifesupportdistribution.fr\/de\/produkt\/simulator-fuer-die-sternalpunktion\/\"]}]},{\"@type\":\"ImageObject\",\"inLanguage\":\"de\",\"@id\":\"https:\/\/lifesupportdistribution.fr\/de\/produkt\/simulator-fuer-die-sternalpunktion\/#primaryimage\",\"url\":\"https:\/\/lifesupportdistribution.fr\/wp-content\/uploads\/2025\/12\/simulateur-pour-la-ponction-sternale.jpg\",\"contentUrl\":\"https:\/\/lifesupportdistribution.fr\/wp-content\/uploads\/2025\/12\/simulateur-pour-la-ponction-sternale.jpg\",\"width\":600,\"height\":400},{\"@type\":\"BreadcrumbList\",\"@id\":\"https:\/\/lifesupportdistribution.fr\/de\/produkt\/simulator-fuer-die-sternalpunktion\/#breadcrumb\",\"itemListElement\":[{\"@type\":\"ListItem\",\"position\":1,\"name\":\"Accueil\",\"item\":\"https:\/\/lifesupportdistribution.fr\/de\/startseite\/\"},{\"@type\":\"ListItem\",\"position\":2,\"name\":\"Shop\",\"item\":\"https:\/\/lifesupportdistribution.fr\/de\/shop\/\"},{\"@type\":\"ListItem\",\"position\":3,\"name\":\"Simulator f\u00fcr die Sternalpunktion\"}]},{\"@type\":\"WebSite\",\"@id\":\"https:\/\/lifesupportdistribution.fr\/de\/#website\",\"url\":\"https:\/\/lifesupportdistribution.fr\/de\/\",\"name\":\"Life Support Distribution\",\"description\":\"Solutions en simulation m\u00e9dicale\",\"publisher\":{\"@id\":\"https:\/\/lifesupportdistribution.fr\/de\/#organization\"},\"potentialAction\":[{\"@type\":\"SearchAction\",\"target\":{\"@type\":\"EntryPoint\",\"urlTemplate\":\"https:\/\/lifesupportdistribution.fr\/de\/?s={search_term_string}\"},\"query-input\":{\"@type\":\"PropertyValueSpecification\",\"valueRequired\":true,\"valueName\":\"search_term_string\"}}],\"inLanguage\":\"de\"},{\"@type\":\"Organization\",\"@id\":\"https:\/\/lifesupportdistribution.fr\/de\/#organization\",\"name\":\"Life Support Distribution\",\"url\":\"https:\/\/lifesupportdistribution.fr\/de\/\",\"logo\":{\"@type\":\"ImageObject\",\"inLanguage\":\"de\",\"@id\":\"https:\/\/lifesupportdistribution.fr\/de\/#\/schema\/logo\/image\/\",\"url\":\"https:\/\/lifesupportdistribution.fr\/wp-content\/uploads\/2025\/10\/logo-life-support-distribution.svg\",\"contentUrl\":\"https:\/\/lifesupportdistribution.fr\/wp-content\/uploads\/2025\/10\/logo-life-support-distribution.svg\",\"width\":698,\"height\":223,\"caption\":\"Life Support Distribution\"},\"image\":{\"@id\":\"https:\/\/lifesupportdistribution.fr\/de\/#\/schema\/logo\/image\/\"},\"sameAs\":[\"https:\/\/www.linkedin.com\/company\/life-support-distribution\/\"]}]}<\/script>\n<!-- \/ Yoast SEO plugin. -->","yoast_head_json":{"title":"Sternalpunktionssimulator \u2013 medizinische Ausbildung","description":"High-Fidelity-Simulator zum Erlernen der Sternalpunktion. Anatomischer und taktiler Realismus f\u00fcr sicheres Training.","robots":{"index":"index","follow":"follow","max-snippet":"max-snippet:-1","max-image-preview":"max-image-preview:large","max-video-preview":"max-video-preview:-1"},"canonical":"https:\/\/lifesupportdistribution.fr\/de\/produkt\/simulator-fuer-die-sternalpunktion\/","og_locale":"de_DE","og_type":"article","og_title":"Sternalpunktionssimulator \u2013 medizinische Ausbildung","og_description":"High-Fidelity-Simulator zum Erlernen der Sternalpunktion. Anatomischer und taktiler Realismus f\u00fcr sicheres Training.","og_url":"https:\/\/lifesupportdistribution.fr\/de\/produkt\/simulator-fuer-die-sternalpunktion\/","og_site_name":"Life Support Distribution","article_modified_time":"2026-01-02T13:06:33+00:00","og_image":[{"width":600,"height":400,"url":"https:\/\/lifesupportdistribution.fr\/wp-content\/uploads\/2025\/12\/simulateur-pour-la-ponction-sternale.jpg","type":"image\/jpeg"}],"twitter_card":"summary_large_image","twitter_misc":{"Gesch\u00e4tzte Lesezeit":"1\u00a0Minute"},"schema":{"@context":"https:\/\/schema.org","@graph":[{"@type":"WebPage","@id":"https:\/\/lifesupportdistribution.fr\/de\/produkt\/simulator-fuer-die-sternalpunktion\/","url":"https:\/\/lifesupportdistribution.fr\/de\/produkt\/simulator-fuer-die-sternalpunktion\/","name":"Sternalpunktionssimulator \u2013 medizinische Ausbildung","isPartOf":{"@id":"https:\/\/lifesupportdistribution.fr\/de\/#website"},"primaryImageOfPage":{"@id":"https:\/\/lifesupportdistribution.fr\/de\/produkt\/simulator-fuer-die-sternalpunktion\/#primaryimage"},"image":{"@id":"https:\/\/lifesupportdistribution.fr\/de\/produkt\/simulator-fuer-die-sternalpunktion\/#primaryimage"},"thumbnailUrl":"https:\/\/lifesupportdistribution.fr\/wp-content\/uploads\/2025\/12\/simulateur-pour-la-ponction-sternale.jpg","datePublished":"2025-12-12T13:34:32+00:00","dateModified":"2026-01-02T13:06:33+00:00","description":"High-Fidelity-Simulator zum Erlernen der Sternalpunktion. Anatomischer und taktiler Realismus f\u00fcr sicheres Training.","breadcrumb":{"@id":"https:\/\/lifesupportdistribution.fr\/de\/produkt\/simulator-fuer-die-sternalpunktion\/#breadcrumb"},"inLanguage":"de","potentialAction":[{"@type":"ReadAction","target":["https:\/\/lifesupportdistribution.fr\/de\/produkt\/simulator-fuer-die-sternalpunktion\/"]}]},{"@type":"ImageObject","inLanguage":"de","@id":"https:\/\/lifesupportdistribution.fr\/de\/produkt\/simulator-fuer-die-sternalpunktion\/#primaryimage","url":"https:\/\/lifesupportdistribution.fr\/wp-content\/uploads\/2025\/12\/simulateur-pour-la-ponction-sternale.jpg","contentUrl":"https:\/\/lifesupportdistribution.fr\/wp-content\/uploads\/2025\/12\/simulateur-pour-la-ponction-sternale.jpg","width":600,"height":400},{"@type":"BreadcrumbList","@id":"https:\/\/lifesupportdistribution.fr\/de\/produkt\/simulator-fuer-die-sternalpunktion\/#breadcrumb","itemListElement":[{"@type":"ListItem","position":1,"name":"Accueil","item":"https:\/\/lifesupportdistribution.fr\/de\/startseite\/"},{"@type":"ListItem","position":2,"name":"Shop","item":"https:\/\/lifesupportdistribution.fr\/de\/shop\/"},{"@type":"ListItem","position":3,"name":"Simulator f\u00fcr die Sternalpunktion"}]},{"@type":"WebSite","@id":"https:\/\/lifesupportdistribution.fr\/de\/#website","url":"https:\/\/lifesupportdistribution.fr\/de\/","name":"Life Support Distribution","description":"Solutions en simulation m\u00e9dicale","publisher":{"@id":"https:\/\/lifesupportdistribution.fr\/de\/#organization"},"potentialAction":[{"@type":"SearchAction","target":{"@type":"EntryPoint","urlTemplate":"https:\/\/lifesupportdistribution.fr\/de\/?s={search_term_string}"},"query-input":{"@type":"PropertyValueSpecification","valueRequired":true,"valueName":"search_term_string"}}],"inLanguage":"de"},{"@type":"Organization","@id":"https:\/\/lifesupportdistribution.fr\/de\/#organization","name":"Life Support Distribution","url":"https:\/\/lifesupportdistribution.fr\/de\/","logo":{"@type":"ImageObject","inLanguage":"de","@id":"https:\/\/lifesupportdistribution.fr\/de\/#\/schema\/logo\/image\/","url":"https:\/\/lifesupportdistribution.fr\/wp-content\/uploads\/2025\/10\/logo-life-support-distribution.svg","contentUrl":"https:\/\/lifesupportdistribution.fr\/wp-content\/uploads\/2025\/10\/logo-life-support-distribution.svg","width":698,"height":223,"caption":"Life Support Distribution"},"image":{"@id":"https:\/\/lifesupportdistribution.fr\/de\/#\/schema\/logo\/image\/"},"sameAs":["https:\/\/www.linkedin.com\/company\/life-support-distribution\/"]}]}},"_links":{"self":[{"href":"https:\/\/lifesupportdistribution.fr\/de\/wp-json\/wp\/v2\/product\/6303","targetHints":{"allow":["GET"]}}],"collection":[{"href":"https:\/\/lifesupportdistribution.fr\/de\/wp-json\/wp\/v2\/product"}],"about":[{"href":"https:\/\/lifesupportdistribution.fr\/de\/wp-json\/wp\/v2\/types\/product"}],"wp:featuredmedia":[{"embeddable":true,"href":"https:\/\/lifesupportdistribution.fr\/de\/wp-json\/wp\/v2\/media\/6305"}],"wp:attachment":[{"href":"https:\/\/lifesupportdistribution.fr\/de\/wp-json\/wp\/v2\/media?parent=6303"}],"wp:term":[{"taxonomy":"product_brand","embeddable":true,"href":"https:\/\/lifesupportdistribution.fr\/de\/wp-json\/wp\/v2\/product_brand?post=6303"},{"taxonomy":"product_cat","embeddable":true,"href":"https:\/\/lifesupportdistribution.fr\/de\/wp-json\/wp\/v2\/product_cat?post=6303"},{"taxonomy":"product_tag","embeddable":true,"href":"https:\/\/lifesupportdistribution.fr\/de\/wp-json\/wp\/v2\/product_tag?post=6303"}],"curies":[{"name":"wp","href":"https:\/\/api.w.org\/{rel}","templated":true}]}}