{"id":6307,"date":"2025-12-12T14:36:35","date_gmt":"2025-12-12T13:36:35","guid":{"rendered":"https:\/\/lifesupportdistribution.fr\/produits\/verbrauchsmaterial-fuer-simpost-sternalpunktions-einsatz\/"},"modified":"2026-01-02T14:06:35","modified_gmt":"2026-01-02T13:06:35","slug":"verbrauchsmaterial-fuer-simpost-sternalpunktions-einsatz","status":"publish","type":"product","link":"https:\/\/lifesupportdistribution.fr\/de\/produkt\/verbrauchsmaterial-fuer-simpost-sternalpunktions-einsatz\/","title":{"rendered":"Verbrauchsmaterial f\u00fcr SimPost \u2013 Sternalpunktions-Einsatz"},"content":{"rendered":"<p>Das Verbrauchsmaterial f\u00fcr SimPost wurde von Creaplast entwickelt, einem franz\u00f6sischen Hersteller, der f\u00fcr die Qualit\u00e4t seiner medizinischen und chirurgischen Simulatoren bekannt ist.<br \/>\nDieser austauschbare Einsatz ist dazu bestimmt, die anatomischen Schichten zu reproduzieren, die bei einer Sternalpunktion durchdrungen werden: Haut, Unterhautgewebe und Brustbein.<br \/>\nHergestellt aus hochpr\u00e4zisen Mehrschichtmaterialien, bietet er einen progressiven Widerstand und ein realistisches taktiles Feedback, sodass Lernende jede Phase des technischen Vorgangs sp\u00fcren k\u00f6nnen.<br \/>\nDieses Verbrauchsmaterial gew\u00e4hrleistet die Haltbarkeit und Wiederholbarkeit der Trainingseinheiten und sichert gleichzeitig eine konstante Benutzererfahrung f\u00fcr jeden Teilnehmer.<\/p>\n","protected":false},"excerpt":{"rendered":"<p>Das Verbrauchsmaterial f\u00fcr SimPost von Creaplast ist ein Ersatz-Einsatz, der f\u00fcr den Sternalpunktionssimulator entwickelt wurde. Es erm\u00f6glicht, ein hohes Ma\u00df an Realismus bei wiederholten Trainingseinheiten aufrechtzuerhalten, indem es die Knochenstruktur und den Widerstand des menschlichen Brustbeins originalgetreu reproduziert. <\/p>\n","protected":false},"featured_media":6309,"template":"","meta":[],"product_brand":[191],"product_cat":[222],"product_tag":[237,252,245,236],"class_list":{"0":"post-6307","1":"product","2":"type-product","3":"status-publish","4":"has-post-thumbnail","6":"product_brand-creaplast","7":"product_cat-simulatoren-fur-medizinische-versorgung","8":"product_tag-anasthesie","9":"product_tag-intensivmedizin","10":"product_tag-intensivpflege","11":"product_tag-notfallmedizin","13":"first","14":"instock","15":"shipping-taxable","16":"purchasable","17":"product-type-simple"},"yoast_head":"<!-- This site is optimized with the Yoast SEO plugin v26.8 - https:\/\/yoast.com\/product\/yoast-seo-wordpress\/ -->\n<title>Sternalpunktions-Einsatz \u2013 SimPost Verbrauchsmaterial<\/title>\n<meta name=\"description\" content=\"Ersatz-Einsatz f\u00fcr SimPost Simulator. Taktiler Realismus und Knochenwiderstand f\u00fcr das Sternalpunktionstraining.\" \/>\n<meta name=\"robots\" content=\"index, follow, max-snippet:-1, max-image-preview:large, max-video-preview:-1\" \/>\n<link rel=\"canonical\" href=\"https:\/\/lifesupportdistribution.fr\/de\/produkt\/verbrauchsmaterial-fuer-simpost-sternalpunktions-einsatz\/\" \/>\n<meta property=\"og:locale\" content=\"de_DE\" \/>\n<meta property=\"og:type\" content=\"article\" \/>\n<meta property=\"og:title\" content=\"Sternalpunktions-Einsatz \u2013 SimPost Verbrauchsmaterial\" \/>\n<meta property=\"og:description\" content=\"Ersatz-Einsatz f\u00fcr SimPost Simulator. Taktiler Realismus und Knochenwiderstand f\u00fcr das Sternalpunktionstraining.\" \/>\n<meta property=\"og:url\" content=\"https:\/\/lifesupportdistribution.fr\/de\/produkt\/verbrauchsmaterial-fuer-simpost-sternalpunktions-einsatz\/\" \/>\n<meta property=\"og:site_name\" content=\"Life Support Distribution\" \/>\n<meta property=\"article:modified_time\" content=\"2026-01-02T13:06:35+00:00\" \/>\n<meta property=\"og:image\" content=\"https:\/\/lifesupportdistribution.fr\/wp-content\/uploads\/2025\/12\/consommable-pour-simpost.jpg\" \/>\n\t<meta property=\"og:image:width\" content=\"600\" \/>\n\t<meta property=\"og:image:height\" content=\"400\" \/>\n\t<meta property=\"og:image:type\" content=\"image\/jpeg\" \/>\n<meta name=\"twitter:card\" content=\"summary_large_image\" \/>\n<script type=\"application\/ld+json\" class=\"yoast-schema-graph\">{\"@context\":\"https:\/\/schema.org\",\"@graph\":[{\"@type\":\"WebPage\",\"@id\":\"https:\/\/lifesupportdistribution.fr\/de\/produkt\/verbrauchsmaterial-fuer-simpost-sternalpunktions-einsatz\/\",\"url\":\"https:\/\/lifesupportdistribution.fr\/de\/produkt\/verbrauchsmaterial-fuer-simpost-sternalpunktions-einsatz\/\",\"name\":\"Sternalpunktions-Einsatz \u2013 SimPost Verbrauchsmaterial\",\"isPartOf\":{\"@id\":\"https:\/\/lifesupportdistribution.fr\/de\/#website\"},\"primaryImageOfPage\":{\"@id\":\"https:\/\/lifesupportdistribution.fr\/de\/produkt\/verbrauchsmaterial-fuer-simpost-sternalpunktions-einsatz\/#primaryimage\"},\"image\":{\"@id\":\"https:\/\/lifesupportdistribution.fr\/de\/produkt\/verbrauchsmaterial-fuer-simpost-sternalpunktions-einsatz\/#primaryimage\"},\"thumbnailUrl\":\"https:\/\/lifesupportdistribution.fr\/wp-content\/uploads\/2025\/12\/consommable-pour-simpost.jpg\",\"datePublished\":\"2025-12-12T13:36:35+00:00\",\"dateModified\":\"2026-01-02T13:06:35+00:00\",\"description\":\"Ersatz-Einsatz f\u00fcr SimPost Simulator. Taktiler Realismus und Knochenwiderstand f\u00fcr das Sternalpunktionstraining.\",\"breadcrumb\":{\"@id\":\"https:\/\/lifesupportdistribution.fr\/de\/produkt\/verbrauchsmaterial-fuer-simpost-sternalpunktions-einsatz\/#breadcrumb\"},\"inLanguage\":\"de\",\"potentialAction\":[{\"@type\":\"ReadAction\",\"target\":[\"https:\/\/lifesupportdistribution.fr\/de\/produkt\/verbrauchsmaterial-fuer-simpost-sternalpunktions-einsatz\/\"]}]},{\"@type\":\"ImageObject\",\"inLanguage\":\"de\",\"@id\":\"https:\/\/lifesupportdistribution.fr\/de\/produkt\/verbrauchsmaterial-fuer-simpost-sternalpunktions-einsatz\/#primaryimage\",\"url\":\"https:\/\/lifesupportdistribution.fr\/wp-content\/uploads\/2025\/12\/consommable-pour-simpost.jpg\",\"contentUrl\":\"https:\/\/lifesupportdistribution.fr\/wp-content\/uploads\/2025\/12\/consommable-pour-simpost.jpg\",\"width\":600,\"height\":400},{\"@type\":\"BreadcrumbList\",\"@id\":\"https:\/\/lifesupportdistribution.fr\/de\/produkt\/verbrauchsmaterial-fuer-simpost-sternalpunktions-einsatz\/#breadcrumb\",\"itemListElement\":[{\"@type\":\"ListItem\",\"position\":1,\"name\":\"Accueil\",\"item\":\"https:\/\/lifesupportdistribution.fr\/de\/startseite\/\"},{\"@type\":\"ListItem\",\"position\":2,\"name\":\"Shop\",\"item\":\"https:\/\/lifesupportdistribution.fr\/de\/shop\/\"},{\"@type\":\"ListItem\",\"position\":3,\"name\":\"Verbrauchsmaterial f\u00fcr SimPost \u2013 Sternalpunktions-Einsatz\"}]},{\"@type\":\"WebSite\",\"@id\":\"https:\/\/lifesupportdistribution.fr\/de\/#website\",\"url\":\"https:\/\/lifesupportdistribution.fr\/de\/\",\"name\":\"Life Support Distribution\",\"description\":\"Solutions en simulation m\u00e9dicale\",\"publisher\":{\"@id\":\"https:\/\/lifesupportdistribution.fr\/de\/#organization\"},\"potentialAction\":[{\"@type\":\"SearchAction\",\"target\":{\"@type\":\"EntryPoint\",\"urlTemplate\":\"https:\/\/lifesupportdistribution.fr\/de\/?s={search_term_string}\"},\"query-input\":{\"@type\":\"PropertyValueSpecification\",\"valueRequired\":true,\"valueName\":\"search_term_string\"}}],\"inLanguage\":\"de\"},{\"@type\":\"Organization\",\"@id\":\"https:\/\/lifesupportdistribution.fr\/de\/#organization\",\"name\":\"Life Support Distribution\",\"url\":\"https:\/\/lifesupportdistribution.fr\/de\/\",\"logo\":{\"@type\":\"ImageObject\",\"inLanguage\":\"de\",\"@id\":\"https:\/\/lifesupportdistribution.fr\/de\/#\/schema\/logo\/image\/\",\"url\":\"https:\/\/lifesupportdistribution.fr\/wp-content\/uploads\/2025\/10\/logo-life-support-distribution.svg\",\"contentUrl\":\"https:\/\/lifesupportdistribution.fr\/wp-content\/uploads\/2025\/10\/logo-life-support-distribution.svg\",\"width\":698,\"height\":223,\"caption\":\"Life Support Distribution\"},\"image\":{\"@id\":\"https:\/\/lifesupportdistribution.fr\/de\/#\/schema\/logo\/image\/\"},\"sameAs\":[\"https:\/\/www.linkedin.com\/company\/life-support-distribution\/\"]}]}<\/script>\n<!-- \/ Yoast SEO plugin. -->","yoast_head_json":{"title":"Sternalpunktions-Einsatz \u2013 SimPost Verbrauchsmaterial","description":"Ersatz-Einsatz f\u00fcr SimPost Simulator. Taktiler Realismus und Knochenwiderstand f\u00fcr das Sternalpunktionstraining.","robots":{"index":"index","follow":"follow","max-snippet":"max-snippet:-1","max-image-preview":"max-image-preview:large","max-video-preview":"max-video-preview:-1"},"canonical":"https:\/\/lifesupportdistribution.fr\/de\/produkt\/verbrauchsmaterial-fuer-simpost-sternalpunktions-einsatz\/","og_locale":"de_DE","og_type":"article","og_title":"Sternalpunktions-Einsatz \u2013 SimPost Verbrauchsmaterial","og_description":"Ersatz-Einsatz f\u00fcr SimPost Simulator. Taktiler Realismus und Knochenwiderstand f\u00fcr das Sternalpunktionstraining.","og_url":"https:\/\/lifesupportdistribution.fr\/de\/produkt\/verbrauchsmaterial-fuer-simpost-sternalpunktions-einsatz\/","og_site_name":"Life Support Distribution","article_modified_time":"2026-01-02T13:06:35+00:00","og_image":[{"width":600,"height":400,"url":"https:\/\/lifesupportdistribution.fr\/wp-content\/uploads\/2025\/12\/consommable-pour-simpost.jpg","type":"image\/jpeg"}],"twitter_card":"summary_large_image","schema":{"@context":"https:\/\/schema.org","@graph":[{"@type":"WebPage","@id":"https:\/\/lifesupportdistribution.fr\/de\/produkt\/verbrauchsmaterial-fuer-simpost-sternalpunktions-einsatz\/","url":"https:\/\/lifesupportdistribution.fr\/de\/produkt\/verbrauchsmaterial-fuer-simpost-sternalpunktions-einsatz\/","name":"Sternalpunktions-Einsatz \u2013 SimPost Verbrauchsmaterial","isPartOf":{"@id":"https:\/\/lifesupportdistribution.fr\/de\/#website"},"primaryImageOfPage":{"@id":"https:\/\/lifesupportdistribution.fr\/de\/produkt\/verbrauchsmaterial-fuer-simpost-sternalpunktions-einsatz\/#primaryimage"},"image":{"@id":"https:\/\/lifesupportdistribution.fr\/de\/produkt\/verbrauchsmaterial-fuer-simpost-sternalpunktions-einsatz\/#primaryimage"},"thumbnailUrl":"https:\/\/lifesupportdistribution.fr\/wp-content\/uploads\/2025\/12\/consommable-pour-simpost.jpg","datePublished":"2025-12-12T13:36:35+00:00","dateModified":"2026-01-02T13:06:35+00:00","description":"Ersatz-Einsatz f\u00fcr SimPost Simulator. Taktiler Realismus und Knochenwiderstand f\u00fcr das Sternalpunktionstraining.","breadcrumb":{"@id":"https:\/\/lifesupportdistribution.fr\/de\/produkt\/verbrauchsmaterial-fuer-simpost-sternalpunktions-einsatz\/#breadcrumb"},"inLanguage":"de","potentialAction":[{"@type":"ReadAction","target":["https:\/\/lifesupportdistribution.fr\/de\/produkt\/verbrauchsmaterial-fuer-simpost-sternalpunktions-einsatz\/"]}]},{"@type":"ImageObject","inLanguage":"de","@id":"https:\/\/lifesupportdistribution.fr\/de\/produkt\/verbrauchsmaterial-fuer-simpost-sternalpunktions-einsatz\/#primaryimage","url":"https:\/\/lifesupportdistribution.fr\/wp-content\/uploads\/2025\/12\/consommable-pour-simpost.jpg","contentUrl":"https:\/\/lifesupportdistribution.fr\/wp-content\/uploads\/2025\/12\/consommable-pour-simpost.jpg","width":600,"height":400},{"@type":"BreadcrumbList","@id":"https:\/\/lifesupportdistribution.fr\/de\/produkt\/verbrauchsmaterial-fuer-simpost-sternalpunktions-einsatz\/#breadcrumb","itemListElement":[{"@type":"ListItem","position":1,"name":"Accueil","item":"https:\/\/lifesupportdistribution.fr\/de\/startseite\/"},{"@type":"ListItem","position":2,"name":"Shop","item":"https:\/\/lifesupportdistribution.fr\/de\/shop\/"},{"@type":"ListItem","position":3,"name":"Verbrauchsmaterial f\u00fcr SimPost \u2013 Sternalpunktions-Einsatz"}]},{"@type":"WebSite","@id":"https:\/\/lifesupportdistribution.fr\/de\/#website","url":"https:\/\/lifesupportdistribution.fr\/de\/","name":"Life Support Distribution","description":"Solutions en simulation m\u00e9dicale","publisher":{"@id":"https:\/\/lifesupportdistribution.fr\/de\/#organization"},"potentialAction":[{"@type":"SearchAction","target":{"@type":"EntryPoint","urlTemplate":"https:\/\/lifesupportdistribution.fr\/de\/?s={search_term_string}"},"query-input":{"@type":"PropertyValueSpecification","valueRequired":true,"valueName":"search_term_string"}}],"inLanguage":"de"},{"@type":"Organization","@id":"https:\/\/lifesupportdistribution.fr\/de\/#organization","name":"Life Support Distribution","url":"https:\/\/lifesupportdistribution.fr\/de\/","logo":{"@type":"ImageObject","inLanguage":"de","@id":"https:\/\/lifesupportdistribution.fr\/de\/#\/schema\/logo\/image\/","url":"https:\/\/lifesupportdistribution.fr\/wp-content\/uploads\/2025\/10\/logo-life-support-distribution.svg","contentUrl":"https:\/\/lifesupportdistribution.fr\/wp-content\/uploads\/2025\/10\/logo-life-support-distribution.svg","width":698,"height":223,"caption":"Life Support Distribution"},"image":{"@id":"https:\/\/lifesupportdistribution.fr\/de\/#\/schema\/logo\/image\/"},"sameAs":["https:\/\/www.linkedin.com\/company\/life-support-distribution\/"]}]}},"_links":{"self":[{"href":"https:\/\/lifesupportdistribution.fr\/de\/wp-json\/wp\/v2\/product\/6307","targetHints":{"allow":["GET"]}}],"collection":[{"href":"https:\/\/lifesupportdistribution.fr\/de\/wp-json\/wp\/v2\/product"}],"about":[{"href":"https:\/\/lifesupportdistribution.fr\/de\/wp-json\/wp\/v2\/types\/product"}],"wp:featuredmedia":[{"embeddable":true,"href":"https:\/\/lifesupportdistribution.fr\/de\/wp-json\/wp\/v2\/media\/6309"}],"wp:attachment":[{"href":"https:\/\/lifesupportdistribution.fr\/de\/wp-json\/wp\/v2\/media?parent=6307"}],"wp:term":[{"taxonomy":"product_brand","embeddable":true,"href":"https:\/\/lifesupportdistribution.fr\/de\/wp-json\/wp\/v2\/product_brand?post=6307"},{"taxonomy":"product_cat","embeddable":true,"href":"https:\/\/lifesupportdistribution.fr\/de\/wp-json\/wp\/v2\/product_cat?post=6307"},{"taxonomy":"product_tag","embeddable":true,"href":"https:\/\/lifesupportdistribution.fr\/de\/wp-json\/wp\/v2\/product_tag?post=6307"}],"curies":[{"name":"wp","href":"https:\/\/api.w.org\/{rel}","templated":true}]}}