{"id":6316,"date":"2025-12-12T14:19:58","date_gmt":"2025-12-12T13:19:58","guid":{"rendered":"https:\/\/lifesupportdistribution.fr\/produits\/nahtkissenhalterung\/"},"modified":"2025-12-12T14:19:58","modified_gmt":"2025-12-12T13:19:58","slug":"nahtkissenhalterung","status":"publish","type":"product","link":"https:\/\/lifesupportdistribution.fr\/de\/produkt\/nahtkissenhalterung\/","title":{"rendered":"Nahtkissenhalterung"},"content":{"rendered":"<p>Die Nahtkissenhalterung wurde speziell f\u00fcr Creaplast-Nahtkissen entwickelt, sowohl f\u00fcr die Modelle S als auch L.<br \/>\nHergestellt von Creaplast, einem franz\u00f6sischen Unternehmen, das f\u00fcr die Qualit\u00e4t seiner Simulatoren und Lehrmittel bekannt ist, gew\u00e4hrleistet diese Halterung eine stabile Fixierung des Kissens und verhindert jegliche Bewegung w\u00e4hrend der Handhabung.<br \/>\nDank ihrer starren und rutschfesten Struktur garantiert sie eine bessere Ergonomie und erm\u00f6glicht eine nat\u00fcrliche Arbeitsposition, die f\u00fcr pr\u00e4zise Naht\u00fcbungen unerl\u00e4sslich ist.<br \/>\nLeicht und langlebig, kann sie sowohl auf einem Werkstatttisch als auch an einem mobilen Simulationsarbeitsplatz verwendet werden und passt sich allen Ausbildungsumgebungen an.<\/p>\n","protected":false},"excerpt":{"rendered":"<p>Die Creaplast Nahtkissenhalterung ist ein unverzichtbares Zubeh\u00f6r, um Nahtkissen w\u00e4hrend der Trainingseinheiten zu stabilisieren. Entwickelt, um eine ergonomische Position und optimalen Halt zu bieten, verbessert sie den Komfort und die Pr\u00e4zision bei medizinischen oder chirurgischen Naht\u00fcbungen. <\/p>\n","protected":false},"featured_media":3544,"template":"","meta":[],"product_brand":[191],"product_cat":[227],"product_tag":[251],"class_list":{"0":"post-6316","1":"product","2":"type-product","3":"status-publish","4":"has-post-thumbnail","6":"product_brand-creaplast","7":"product_cat-zubehor-und-ersatzteile","8":"product_tag-krankenpflege","10":"first","11":"instock","12":"shipping-taxable","13":"purchasable","14":"product-type-simple"},"yoast_head":"<!-- This site is optimized with the Yoast SEO plugin v26.8 - https:\/\/yoast.com\/product\/yoast-seo-wordpress\/ -->\n<title>Nahtkissenhalterung \u2013 Stabilit\u00e4t und Pr\u00e4zision<\/title>\n<meta name=\"description\" content=\"Rutschfeste Halterung f\u00fcr Nahtkissen (Gr\u00f6\u00dfe S und L). Verbessert Stabilit\u00e4t, Ergonomie und Pr\u00e4zision beim Training.\" \/>\n<meta name=\"robots\" content=\"index, follow, max-snippet:-1, max-image-preview:large, max-video-preview:-1\" \/>\n<link rel=\"canonical\" href=\"https:\/\/lifesupportdistribution.fr\/de\/produkt\/nahtkissenhalterung\/\" \/>\n<meta property=\"og:locale\" content=\"de_DE\" \/>\n<meta property=\"og:type\" content=\"article\" \/>\n<meta property=\"og:title\" content=\"Nahtkissenhalterung \u2013 Stabilit\u00e4t und Pr\u00e4zision\" \/>\n<meta property=\"og:description\" content=\"Rutschfeste Halterung f\u00fcr Nahtkissen (Gr\u00f6\u00dfe S und L). Verbessert Stabilit\u00e4t, Ergonomie und Pr\u00e4zision beim Training.\" \/>\n<meta property=\"og:url\" content=\"https:\/\/lifesupportdistribution.fr\/de\/produkt\/nahtkissenhalterung\/\" \/>\n<meta property=\"og:site_name\" content=\"Life Support Distribution\" \/>\n<meta property=\"og:image\" content=\"https:\/\/lifesupportdistribution.fr\/wp-content\/uploads\/2025\/12\/support-tampon-de-suture.jpg\" \/>\n\t<meta property=\"og:image:width\" content=\"600\" \/>\n\t<meta property=\"og:image:height\" content=\"400\" \/>\n\t<meta property=\"og:image:type\" content=\"image\/jpeg\" \/>\n<meta name=\"twitter:card\" content=\"summary_large_image\" \/>\n<meta name=\"twitter:label1\" content=\"Gesch\u00e4tzte Lesezeit\" \/>\n\t<meta name=\"twitter:data1\" content=\"1\u00a0Minute\" \/>\n<script type=\"application\/ld+json\" class=\"yoast-schema-graph\">{\"@context\":\"https:\/\/schema.org\",\"@graph\":[{\"@type\":\"WebPage\",\"@id\":\"https:\/\/lifesupportdistribution.fr\/de\/produkt\/nahtkissenhalterung\/\",\"url\":\"https:\/\/lifesupportdistribution.fr\/de\/produkt\/nahtkissenhalterung\/\",\"name\":\"Nahtkissenhalterung \u2013 Stabilit\u00e4t und Pr\u00e4zision\",\"isPartOf\":{\"@id\":\"https:\/\/lifesupportdistribution.fr\/de\/#website\"},\"primaryImageOfPage\":{\"@id\":\"https:\/\/lifesupportdistribution.fr\/de\/produkt\/nahtkissenhalterung\/#primaryimage\"},\"image\":{\"@id\":\"https:\/\/lifesupportdistribution.fr\/de\/produkt\/nahtkissenhalterung\/#primaryimage\"},\"thumbnailUrl\":\"https:\/\/lifesupportdistribution.fr\/wp-content\/uploads\/2025\/12\/support-tampon-de-suture.jpg\",\"datePublished\":\"2025-12-12T13:19:58+00:00\",\"description\":\"Rutschfeste Halterung f\u00fcr Nahtkissen (Gr\u00f6\u00dfe S und L). Verbessert Stabilit\u00e4t, Ergonomie und Pr\u00e4zision beim Training.\",\"breadcrumb\":{\"@id\":\"https:\/\/lifesupportdistribution.fr\/de\/produkt\/nahtkissenhalterung\/#breadcrumb\"},\"inLanguage\":\"de\",\"potentialAction\":[{\"@type\":\"ReadAction\",\"target\":[\"https:\/\/lifesupportdistribution.fr\/de\/produkt\/nahtkissenhalterung\/\"]}]},{\"@type\":\"ImageObject\",\"inLanguage\":\"de\",\"@id\":\"https:\/\/lifesupportdistribution.fr\/de\/produkt\/nahtkissenhalterung\/#primaryimage\",\"url\":\"https:\/\/lifesupportdistribution.fr\/wp-content\/uploads\/2025\/12\/support-tampon-de-suture.jpg\",\"contentUrl\":\"https:\/\/lifesupportdistribution.fr\/wp-content\/uploads\/2025\/12\/support-tampon-de-suture.jpg\",\"width\":600,\"height\":400},{\"@type\":\"BreadcrumbList\",\"@id\":\"https:\/\/lifesupportdistribution.fr\/de\/produkt\/nahtkissenhalterung\/#breadcrumb\",\"itemListElement\":[{\"@type\":\"ListItem\",\"position\":1,\"name\":\"Accueil\",\"item\":\"https:\/\/lifesupportdistribution.fr\/de\/startseite\/\"},{\"@type\":\"ListItem\",\"position\":2,\"name\":\"Shop\",\"item\":\"https:\/\/lifesupportdistribution.fr\/de\/shop\/\"},{\"@type\":\"ListItem\",\"position\":3,\"name\":\"Nahtkissenhalterung\"}]},{\"@type\":\"WebSite\",\"@id\":\"https:\/\/lifesupportdistribution.fr\/de\/#website\",\"url\":\"https:\/\/lifesupportdistribution.fr\/de\/\",\"name\":\"Life Support Distribution\",\"description\":\"Solutions en simulation m\u00e9dicale\",\"publisher\":{\"@id\":\"https:\/\/lifesupportdistribution.fr\/de\/#organization\"},\"potentialAction\":[{\"@type\":\"SearchAction\",\"target\":{\"@type\":\"EntryPoint\",\"urlTemplate\":\"https:\/\/lifesupportdistribution.fr\/de\/?s={search_term_string}\"},\"query-input\":{\"@type\":\"PropertyValueSpecification\",\"valueRequired\":true,\"valueName\":\"search_term_string\"}}],\"inLanguage\":\"de\"},{\"@type\":\"Organization\",\"@id\":\"https:\/\/lifesupportdistribution.fr\/de\/#organization\",\"name\":\"Life Support Distribution\",\"url\":\"https:\/\/lifesupportdistribution.fr\/de\/\",\"logo\":{\"@type\":\"ImageObject\",\"inLanguage\":\"de\",\"@id\":\"https:\/\/lifesupportdistribution.fr\/de\/#\/schema\/logo\/image\/\",\"url\":\"https:\/\/lifesupportdistribution.fr\/wp-content\/uploads\/2025\/10\/logo-life-support-distribution.svg\",\"contentUrl\":\"https:\/\/lifesupportdistribution.fr\/wp-content\/uploads\/2025\/10\/logo-life-support-distribution.svg\",\"width\":698,\"height\":223,\"caption\":\"Life Support Distribution\"},\"image\":{\"@id\":\"https:\/\/lifesupportdistribution.fr\/de\/#\/schema\/logo\/image\/\"},\"sameAs\":[\"https:\/\/www.linkedin.com\/company\/life-support-distribution\/\"]}]}<\/script>\n<!-- \/ Yoast SEO plugin. -->","yoast_head_json":{"title":"Nahtkissenhalterung \u2013 Stabilit\u00e4t und Pr\u00e4zision","description":"Rutschfeste Halterung f\u00fcr Nahtkissen (Gr\u00f6\u00dfe S und L). Verbessert Stabilit\u00e4t, Ergonomie und Pr\u00e4zision beim Training.","robots":{"index":"index","follow":"follow","max-snippet":"max-snippet:-1","max-image-preview":"max-image-preview:large","max-video-preview":"max-video-preview:-1"},"canonical":"https:\/\/lifesupportdistribution.fr\/de\/produkt\/nahtkissenhalterung\/","og_locale":"de_DE","og_type":"article","og_title":"Nahtkissenhalterung \u2013 Stabilit\u00e4t und Pr\u00e4zision","og_description":"Rutschfeste Halterung f\u00fcr Nahtkissen (Gr\u00f6\u00dfe S und L). Verbessert Stabilit\u00e4t, Ergonomie und Pr\u00e4zision beim Training.","og_url":"https:\/\/lifesupportdistribution.fr\/de\/produkt\/nahtkissenhalterung\/","og_site_name":"Life Support Distribution","og_image":[{"width":600,"height":400,"url":"https:\/\/lifesupportdistribution.fr\/wp-content\/uploads\/2025\/12\/support-tampon-de-suture.jpg","type":"image\/jpeg"}],"twitter_card":"summary_large_image","twitter_misc":{"Gesch\u00e4tzte Lesezeit":"1\u00a0Minute"},"schema":{"@context":"https:\/\/schema.org","@graph":[{"@type":"WebPage","@id":"https:\/\/lifesupportdistribution.fr\/de\/produkt\/nahtkissenhalterung\/","url":"https:\/\/lifesupportdistribution.fr\/de\/produkt\/nahtkissenhalterung\/","name":"Nahtkissenhalterung \u2013 Stabilit\u00e4t und Pr\u00e4zision","isPartOf":{"@id":"https:\/\/lifesupportdistribution.fr\/de\/#website"},"primaryImageOfPage":{"@id":"https:\/\/lifesupportdistribution.fr\/de\/produkt\/nahtkissenhalterung\/#primaryimage"},"image":{"@id":"https:\/\/lifesupportdistribution.fr\/de\/produkt\/nahtkissenhalterung\/#primaryimage"},"thumbnailUrl":"https:\/\/lifesupportdistribution.fr\/wp-content\/uploads\/2025\/12\/support-tampon-de-suture.jpg","datePublished":"2025-12-12T13:19:58+00:00","description":"Rutschfeste Halterung f\u00fcr Nahtkissen (Gr\u00f6\u00dfe S und L). Verbessert Stabilit\u00e4t, Ergonomie und Pr\u00e4zision beim Training.","breadcrumb":{"@id":"https:\/\/lifesupportdistribution.fr\/de\/produkt\/nahtkissenhalterung\/#breadcrumb"},"inLanguage":"de","potentialAction":[{"@type":"ReadAction","target":["https:\/\/lifesupportdistribution.fr\/de\/produkt\/nahtkissenhalterung\/"]}]},{"@type":"ImageObject","inLanguage":"de","@id":"https:\/\/lifesupportdistribution.fr\/de\/produkt\/nahtkissenhalterung\/#primaryimage","url":"https:\/\/lifesupportdistribution.fr\/wp-content\/uploads\/2025\/12\/support-tampon-de-suture.jpg","contentUrl":"https:\/\/lifesupportdistribution.fr\/wp-content\/uploads\/2025\/12\/support-tampon-de-suture.jpg","width":600,"height":400},{"@type":"BreadcrumbList","@id":"https:\/\/lifesupportdistribution.fr\/de\/produkt\/nahtkissenhalterung\/#breadcrumb","itemListElement":[{"@type":"ListItem","position":1,"name":"Accueil","item":"https:\/\/lifesupportdistribution.fr\/de\/startseite\/"},{"@type":"ListItem","position":2,"name":"Shop","item":"https:\/\/lifesupportdistribution.fr\/de\/shop\/"},{"@type":"ListItem","position":3,"name":"Nahtkissenhalterung"}]},{"@type":"WebSite","@id":"https:\/\/lifesupportdistribution.fr\/de\/#website","url":"https:\/\/lifesupportdistribution.fr\/de\/","name":"Life Support Distribution","description":"Solutions en simulation m\u00e9dicale","publisher":{"@id":"https:\/\/lifesupportdistribution.fr\/de\/#organization"},"potentialAction":[{"@type":"SearchAction","target":{"@type":"EntryPoint","urlTemplate":"https:\/\/lifesupportdistribution.fr\/de\/?s={search_term_string}"},"query-input":{"@type":"PropertyValueSpecification","valueRequired":true,"valueName":"search_term_string"}}],"inLanguage":"de"},{"@type":"Organization","@id":"https:\/\/lifesupportdistribution.fr\/de\/#organization","name":"Life Support Distribution","url":"https:\/\/lifesupportdistribution.fr\/de\/","logo":{"@type":"ImageObject","inLanguage":"de","@id":"https:\/\/lifesupportdistribution.fr\/de\/#\/schema\/logo\/image\/","url":"https:\/\/lifesupportdistribution.fr\/wp-content\/uploads\/2025\/10\/logo-life-support-distribution.svg","contentUrl":"https:\/\/lifesupportdistribution.fr\/wp-content\/uploads\/2025\/10\/logo-life-support-distribution.svg","width":698,"height":223,"caption":"Life Support Distribution"},"image":{"@id":"https:\/\/lifesupportdistribution.fr\/de\/#\/schema\/logo\/image\/"},"sameAs":["https:\/\/www.linkedin.com\/company\/life-support-distribution\/"]}]}},"_links":{"self":[{"href":"https:\/\/lifesupportdistribution.fr\/de\/wp-json\/wp\/v2\/product\/6316","targetHints":{"allow":["GET"]}}],"collection":[{"href":"https:\/\/lifesupportdistribution.fr\/de\/wp-json\/wp\/v2\/product"}],"about":[{"href":"https:\/\/lifesupportdistribution.fr\/de\/wp-json\/wp\/v2\/types\/product"}],"wp:featuredmedia":[{"embeddable":true,"href":"https:\/\/lifesupportdistribution.fr\/de\/wp-json\/wp\/v2\/media\/3544"}],"wp:attachment":[{"href":"https:\/\/lifesupportdistribution.fr\/de\/wp-json\/wp\/v2\/media?parent=6316"}],"wp:term":[{"taxonomy":"product_brand","embeddable":true,"href":"https:\/\/lifesupportdistribution.fr\/de\/wp-json\/wp\/v2\/product_brand?post=6316"},{"taxonomy":"product_cat","embeddable":true,"href":"https:\/\/lifesupportdistribution.fr\/de\/wp-json\/wp\/v2\/product_cat?post=6316"},{"taxonomy":"product_tag","embeddable":true,"href":"https:\/\/lifesupportdistribution.fr\/de\/wp-json\/wp\/v2\/product_tag?post=6316"}],"curies":[{"name":"wp","href":"https:\/\/api.w.org\/{rel}","templated":true}]}}