{"id":6337,"date":"2025-12-12T14:14:39","date_gmt":"2025-12-12T13:14:39","guid":{"rendered":"https:\/\/lifesupportdistribution.fr\/produits\/anastomosen-gefaess-ersatz-o09-06-mm\/"},"modified":"2025-12-12T14:14:39","modified_gmt":"2025-12-12T13:14:39","slug":"anastomosen-gefaess-ersatz-o09-06-mm","status":"publish","type":"product","link":"https:\/\/lifesupportdistribution.fr\/de\/produkt\/anastomosen-gefaess-ersatz-o09-06-mm\/","title":{"rendered":"Anastomosen-Gef\u00e4\u00df \u2013 Ersatz \u00d80,9 \/ 0,6 mm"},"content":{"rendered":"<p>Entwickelt von Creaplast, einem franz\u00f6sischen Hersteller, spezialisiert auf medizinische und chirurgische Simulation, ist das Anastomosen-Gef\u00e4\u00df \u00d80,9 \/ 0,6 mm ein Ersatz-Insert, das Textur, Flexibilit\u00e4t und mechanisches Verhalten eines menschlichen mikrochirurgischen Gef\u00e4\u00dfes originalgetreu nachbildet.<br \/>\nIn Verbindung mit den Simulatoren MicroChirSim, MicroVasTrainer oder anderen kompatiblen Trainingsger\u00e4ten erm\u00f6glicht es Chirurgen und Studenten, die Durchf\u00fchrung von Anastomosen sehr kleinen Kalibers zu \u00fcben.<br \/>\nHergestellt aus hochflexiblem Silikon, bietet es ein realistisches taktiles Feedback und einen an feine Nahtf\u00e4den (10-0 bis 11-0) angepassten Widerstand.<br \/>\nDieses Insert ist besonders geeignet f\u00fcr fortgeschrittene Ausbildungen in der rekonstruktiven, experimentellen oder ophthalmologischen Chirurgie, wo die Pr\u00e4zision der Bewegung entscheidend ist.<\/p>\n","protected":false},"excerpt":{"rendered":"<p>Das Anastomosen-Gef\u00e4\u00df \u00d80,9 \/ 0,6 mm von Creaplast ist ein Ersatzverbrauchsmaterial f\u00fcr Mikrochirurgie-Simulatoren. Es erm\u00f6glicht das pr\u00e4zise und wiederholte \u00dcben von Gef\u00e4\u00dfn\u00e4hten sehr kleinen Kalibers unter Bedingungen, die der operativen Realit\u00e4t entsprechen. <\/p>\n","protected":false},"featured_media":3547,"template":"","meta":[],"product_brand":[191],"product_cat":[227],"product_tag":[250],"class_list":{"0":"post-6337","1":"product","2":"type-product","3":"status-publish","4":"has-post-thumbnail","6":"product_brand-creaplast","7":"product_cat-zubehor-und-ersatzteile","8":"product_tag-chirurgie","10":"first","11":"instock","12":"shipping-taxable","13":"purchasable","14":"product-type-simple"},"yoast_head":"<!-- This site is optimized with the Yoast SEO plugin v26.8 - https:\/\/yoast.com\/product\/yoast-seo-wordpress\/ -->\n<title>Anastomosen-Gef\u00e4\u00df \u00d80,9 \/ 0,6 mm \u2013 Mikrochirurgie<\/title>\n<meta name=\"description\" content=\"Ersatz-Insert f\u00fcr Mikrochirurgie. Silikongef\u00e4\u00df \u00d80,9 \/ 0,6 mm f\u00fcr das Training feiner Mikroanastomosen.\" \/>\n<meta name=\"robots\" content=\"index, follow, max-snippet:-1, max-image-preview:large, max-video-preview:-1\" \/>\n<link rel=\"canonical\" href=\"https:\/\/lifesupportdistribution.fr\/de\/produkt\/anastomosen-gefaess-ersatz-o09-06-mm\/\" \/>\n<meta property=\"og:locale\" content=\"de_DE\" \/>\n<meta property=\"og:type\" content=\"article\" \/>\n<meta property=\"og:title\" content=\"Anastomosen-Gef\u00e4\u00df \u00d80,9 \/ 0,6 mm \u2013 Mikrochirurgie\" \/>\n<meta property=\"og:description\" content=\"Ersatz-Insert f\u00fcr Mikrochirurgie. Silikongef\u00e4\u00df \u00d80,9 \/ 0,6 mm f\u00fcr das Training feiner Mikroanastomosen.\" \/>\n<meta property=\"og:url\" content=\"https:\/\/lifesupportdistribution.fr\/de\/produkt\/anastomosen-gefaess-ersatz-o09-06-mm\/\" \/>\n<meta property=\"og:site_name\" content=\"Life Support Distribution\" \/>\n<meta property=\"og:image\" content=\"https:\/\/lifesupportdistribution.fr\/wp-content\/uploads\/2025\/12\/vaisseau-anastomose-remplacement-0906-mm.jpg\" \/>\n\t<meta property=\"og:image:width\" content=\"600\" \/>\n\t<meta property=\"og:image:height\" content=\"400\" \/>\n\t<meta property=\"og:image:type\" content=\"image\/jpeg\" \/>\n<meta name=\"twitter:card\" content=\"summary_large_image\" \/>\n<meta name=\"twitter:label1\" content=\"Gesch\u00e4tzte Lesezeit\" \/>\n\t<meta name=\"twitter:data1\" content=\"1\u00a0Minute\" \/>\n<script type=\"application\/ld+json\" class=\"yoast-schema-graph\">{\"@context\":\"https:\/\/schema.org\",\"@graph\":[{\"@type\":\"WebPage\",\"@id\":\"https:\/\/lifesupportdistribution.fr\/de\/produkt\/anastomosen-gefaess-ersatz-o09-06-mm\/\",\"url\":\"https:\/\/lifesupportdistribution.fr\/de\/produkt\/anastomosen-gefaess-ersatz-o09-06-mm\/\",\"name\":\"Anastomosen-Gef\u00e4\u00df \u00d80,9 \/ 0,6 mm \u2013 Mikrochirurgie\",\"isPartOf\":{\"@id\":\"https:\/\/lifesupportdistribution.fr\/de\/#website\"},\"primaryImageOfPage\":{\"@id\":\"https:\/\/lifesupportdistribution.fr\/de\/produkt\/anastomosen-gefaess-ersatz-o09-06-mm\/#primaryimage\"},\"image\":{\"@id\":\"https:\/\/lifesupportdistribution.fr\/de\/produkt\/anastomosen-gefaess-ersatz-o09-06-mm\/#primaryimage\"},\"thumbnailUrl\":\"https:\/\/lifesupportdistribution.fr\/wp-content\/uploads\/2025\/12\/vaisseau-anastomose-remplacement-0906-mm.jpg\",\"datePublished\":\"2025-12-12T13:14:39+00:00\",\"description\":\"Ersatz-Insert f\u00fcr Mikrochirurgie. Silikongef\u00e4\u00df \u00d80,9 \/ 0,6 mm f\u00fcr das Training feiner Mikroanastomosen.\",\"breadcrumb\":{\"@id\":\"https:\/\/lifesupportdistribution.fr\/de\/produkt\/anastomosen-gefaess-ersatz-o09-06-mm\/#breadcrumb\"},\"inLanguage\":\"de\",\"potentialAction\":[{\"@type\":\"ReadAction\",\"target\":[\"https:\/\/lifesupportdistribution.fr\/de\/produkt\/anastomosen-gefaess-ersatz-o09-06-mm\/\"]}]},{\"@type\":\"ImageObject\",\"inLanguage\":\"de\",\"@id\":\"https:\/\/lifesupportdistribution.fr\/de\/produkt\/anastomosen-gefaess-ersatz-o09-06-mm\/#primaryimage\",\"url\":\"https:\/\/lifesupportdistribution.fr\/wp-content\/uploads\/2025\/12\/vaisseau-anastomose-remplacement-0906-mm.jpg\",\"contentUrl\":\"https:\/\/lifesupportdistribution.fr\/wp-content\/uploads\/2025\/12\/vaisseau-anastomose-remplacement-0906-mm.jpg\",\"width\":600,\"height\":400},{\"@type\":\"BreadcrumbList\",\"@id\":\"https:\/\/lifesupportdistribution.fr\/de\/produkt\/anastomosen-gefaess-ersatz-o09-06-mm\/#breadcrumb\",\"itemListElement\":[{\"@type\":\"ListItem\",\"position\":1,\"name\":\"Accueil\",\"item\":\"https:\/\/lifesupportdistribution.fr\/de\/startseite\/\"},{\"@type\":\"ListItem\",\"position\":2,\"name\":\"Shop\",\"item\":\"https:\/\/lifesupportdistribution.fr\/de\/shop\/\"},{\"@type\":\"ListItem\",\"position\":3,\"name\":\"Anastomosen-Gef\u00e4\u00df \u2013 Ersatz \u00d80,9 \/ 0,6 mm\"}]},{\"@type\":\"WebSite\",\"@id\":\"https:\/\/lifesupportdistribution.fr\/de\/#website\",\"url\":\"https:\/\/lifesupportdistribution.fr\/de\/\",\"name\":\"Life Support Distribution\",\"description\":\"Solutions en simulation m\u00e9dicale\",\"publisher\":{\"@id\":\"https:\/\/lifesupportdistribution.fr\/de\/#organization\"},\"potentialAction\":[{\"@type\":\"SearchAction\",\"target\":{\"@type\":\"EntryPoint\",\"urlTemplate\":\"https:\/\/lifesupportdistribution.fr\/de\/?s={search_term_string}\"},\"query-input\":{\"@type\":\"PropertyValueSpecification\",\"valueRequired\":true,\"valueName\":\"search_term_string\"}}],\"inLanguage\":\"de\"},{\"@type\":\"Organization\",\"@id\":\"https:\/\/lifesupportdistribution.fr\/de\/#organization\",\"name\":\"Life Support Distribution\",\"url\":\"https:\/\/lifesupportdistribution.fr\/de\/\",\"logo\":{\"@type\":\"ImageObject\",\"inLanguage\":\"de\",\"@id\":\"https:\/\/lifesupportdistribution.fr\/de\/#\/schema\/logo\/image\/\",\"url\":\"https:\/\/lifesupportdistribution.fr\/wp-content\/uploads\/2025\/10\/logo-life-support-distribution.svg\",\"contentUrl\":\"https:\/\/lifesupportdistribution.fr\/wp-content\/uploads\/2025\/10\/logo-life-support-distribution.svg\",\"width\":698,\"height\":223,\"caption\":\"Life Support Distribution\"},\"image\":{\"@id\":\"https:\/\/lifesupportdistribution.fr\/de\/#\/schema\/logo\/image\/\"},\"sameAs\":[\"https:\/\/www.linkedin.com\/company\/life-support-distribution\/\"]}]}<\/script>\n<!-- \/ Yoast SEO plugin. -->","yoast_head_json":{"title":"Anastomosen-Gef\u00e4\u00df \u00d80,9 \/ 0,6 mm \u2013 Mikrochirurgie","description":"Ersatz-Insert f\u00fcr Mikrochirurgie. Silikongef\u00e4\u00df \u00d80,9 \/ 0,6 mm f\u00fcr das Training feiner Mikroanastomosen.","robots":{"index":"index","follow":"follow","max-snippet":"max-snippet:-1","max-image-preview":"max-image-preview:large","max-video-preview":"max-video-preview:-1"},"canonical":"https:\/\/lifesupportdistribution.fr\/de\/produkt\/anastomosen-gefaess-ersatz-o09-06-mm\/","og_locale":"de_DE","og_type":"article","og_title":"Anastomosen-Gef\u00e4\u00df \u00d80,9 \/ 0,6 mm \u2013 Mikrochirurgie","og_description":"Ersatz-Insert f\u00fcr Mikrochirurgie. Silikongef\u00e4\u00df \u00d80,9 \/ 0,6 mm f\u00fcr das Training feiner Mikroanastomosen.","og_url":"https:\/\/lifesupportdistribution.fr\/de\/produkt\/anastomosen-gefaess-ersatz-o09-06-mm\/","og_site_name":"Life Support Distribution","og_image":[{"width":600,"height":400,"url":"https:\/\/lifesupportdistribution.fr\/wp-content\/uploads\/2025\/12\/vaisseau-anastomose-remplacement-0906-mm.jpg","type":"image\/jpeg"}],"twitter_card":"summary_large_image","twitter_misc":{"Gesch\u00e4tzte Lesezeit":"1\u00a0Minute"},"schema":{"@context":"https:\/\/schema.org","@graph":[{"@type":"WebPage","@id":"https:\/\/lifesupportdistribution.fr\/de\/produkt\/anastomosen-gefaess-ersatz-o09-06-mm\/","url":"https:\/\/lifesupportdistribution.fr\/de\/produkt\/anastomosen-gefaess-ersatz-o09-06-mm\/","name":"Anastomosen-Gef\u00e4\u00df \u00d80,9 \/ 0,6 mm \u2013 Mikrochirurgie","isPartOf":{"@id":"https:\/\/lifesupportdistribution.fr\/de\/#website"},"primaryImageOfPage":{"@id":"https:\/\/lifesupportdistribution.fr\/de\/produkt\/anastomosen-gefaess-ersatz-o09-06-mm\/#primaryimage"},"image":{"@id":"https:\/\/lifesupportdistribution.fr\/de\/produkt\/anastomosen-gefaess-ersatz-o09-06-mm\/#primaryimage"},"thumbnailUrl":"https:\/\/lifesupportdistribution.fr\/wp-content\/uploads\/2025\/12\/vaisseau-anastomose-remplacement-0906-mm.jpg","datePublished":"2025-12-12T13:14:39+00:00","description":"Ersatz-Insert f\u00fcr Mikrochirurgie. Silikongef\u00e4\u00df \u00d80,9 \/ 0,6 mm f\u00fcr das Training feiner Mikroanastomosen.","breadcrumb":{"@id":"https:\/\/lifesupportdistribution.fr\/de\/produkt\/anastomosen-gefaess-ersatz-o09-06-mm\/#breadcrumb"},"inLanguage":"de","potentialAction":[{"@type":"ReadAction","target":["https:\/\/lifesupportdistribution.fr\/de\/produkt\/anastomosen-gefaess-ersatz-o09-06-mm\/"]}]},{"@type":"ImageObject","inLanguage":"de","@id":"https:\/\/lifesupportdistribution.fr\/de\/produkt\/anastomosen-gefaess-ersatz-o09-06-mm\/#primaryimage","url":"https:\/\/lifesupportdistribution.fr\/wp-content\/uploads\/2025\/12\/vaisseau-anastomose-remplacement-0906-mm.jpg","contentUrl":"https:\/\/lifesupportdistribution.fr\/wp-content\/uploads\/2025\/12\/vaisseau-anastomose-remplacement-0906-mm.jpg","width":600,"height":400},{"@type":"BreadcrumbList","@id":"https:\/\/lifesupportdistribution.fr\/de\/produkt\/anastomosen-gefaess-ersatz-o09-06-mm\/#breadcrumb","itemListElement":[{"@type":"ListItem","position":1,"name":"Accueil","item":"https:\/\/lifesupportdistribution.fr\/de\/startseite\/"},{"@type":"ListItem","position":2,"name":"Shop","item":"https:\/\/lifesupportdistribution.fr\/de\/shop\/"},{"@type":"ListItem","position":3,"name":"Anastomosen-Gef\u00e4\u00df \u2013 Ersatz \u00d80,9 \/ 0,6 mm"}]},{"@type":"WebSite","@id":"https:\/\/lifesupportdistribution.fr\/de\/#website","url":"https:\/\/lifesupportdistribution.fr\/de\/","name":"Life Support Distribution","description":"Solutions en simulation m\u00e9dicale","publisher":{"@id":"https:\/\/lifesupportdistribution.fr\/de\/#organization"},"potentialAction":[{"@type":"SearchAction","target":{"@type":"EntryPoint","urlTemplate":"https:\/\/lifesupportdistribution.fr\/de\/?s={search_term_string}"},"query-input":{"@type":"PropertyValueSpecification","valueRequired":true,"valueName":"search_term_string"}}],"inLanguage":"de"},{"@type":"Organization","@id":"https:\/\/lifesupportdistribution.fr\/de\/#organization","name":"Life Support Distribution","url":"https:\/\/lifesupportdistribution.fr\/de\/","logo":{"@type":"ImageObject","inLanguage":"de","@id":"https:\/\/lifesupportdistribution.fr\/de\/#\/schema\/logo\/image\/","url":"https:\/\/lifesupportdistribution.fr\/wp-content\/uploads\/2025\/10\/logo-life-support-distribution.svg","contentUrl":"https:\/\/lifesupportdistribution.fr\/wp-content\/uploads\/2025\/10\/logo-life-support-distribution.svg","width":698,"height":223,"caption":"Life Support Distribution"},"image":{"@id":"https:\/\/lifesupportdistribution.fr\/de\/#\/schema\/logo\/image\/"},"sameAs":["https:\/\/www.linkedin.com\/company\/life-support-distribution\/"]}]}},"_links":{"self":[{"href":"https:\/\/lifesupportdistribution.fr\/de\/wp-json\/wp\/v2\/product\/6337","targetHints":{"allow":["GET"]}}],"collection":[{"href":"https:\/\/lifesupportdistribution.fr\/de\/wp-json\/wp\/v2\/product"}],"about":[{"href":"https:\/\/lifesupportdistribution.fr\/de\/wp-json\/wp\/v2\/types\/product"}],"wp:featuredmedia":[{"embeddable":true,"href":"https:\/\/lifesupportdistribution.fr\/de\/wp-json\/wp\/v2\/media\/3547"}],"wp:attachment":[{"href":"https:\/\/lifesupportdistribution.fr\/de\/wp-json\/wp\/v2\/media?parent=6337"}],"wp:term":[{"taxonomy":"product_brand","embeddable":true,"href":"https:\/\/lifesupportdistribution.fr\/de\/wp-json\/wp\/v2\/product_brand?post=6337"},{"taxonomy":"product_cat","embeddable":true,"href":"https:\/\/lifesupportdistribution.fr\/de\/wp-json\/wp\/v2\/product_cat?post=6337"},{"taxonomy":"product_tag","embeddable":true,"href":"https:\/\/lifesupportdistribution.fr\/de\/wp-json\/wp\/v2\/product_tag?post=6337"}],"curies":[{"name":"wp","href":"https:\/\/api.w.org\/{rel}","templated":true}]}}