{"id":6363,"date":"2025-11-27T15:31:01","date_gmt":"2025-11-27T14:31:01","guid":{"rendered":"https:\/\/lifesupportdistribution.fr\/produits\/artikulierter-schaedel-22-farbige-didaktische-teile\/"},"modified":"2025-11-27T15:31:01","modified_gmt":"2025-11-27T14:31:01","slug":"artikulierter-schaedel-22-farbige-didaktische-teile","status":"publish","type":"product","link":"https:\/\/lifesupportdistribution.fr\/de\/produkt\/artikulierter-schaedel-22-farbige-didaktische-teile\/","title":{"rendered":"Artikulierter Sch\u00e4del \u2013 22 farbige didaktische Teile"},"content":{"rendered":"<p>Der artikulierte Sch\u00e4del aus 22 didaktischen Teilen von 3B Scientific ist ein Referenzwerkzeug f\u00fcr das Studium der Sch\u00e4delanatomie.<br \/>\nJeder Knochen ist individuell nach einem standardisierten Farbcode gef\u00e4rbt, was die Identifizierung der Strukturen erleichtert:<\/p>\n<ul>\n<li>Stirnbein, Scheitelbeine, Schl\u00e4fenbeine, Hinterhauptbein, Keilbein, Jochbeine, Oberkieferknochen, Nasenbeine usw.<\/li>\n<\/ul>\n<p>Dieses Modell erm\u00f6glicht das einfache und stabile Zerlegen jedes Knochens, wobei die Feinheit der anatomischen N\u00e4hte erhalten bleibt.<br \/>\nDer artikulierte Unterkiefer veranschaulicht die nat\u00fcrlichen Kieferbewegungen, w\u00e4hrend magnetische Verbindungspunkte und Metallstifte eine hohe Langlebigkeit gew\u00e4hrleisten.<\/p>\n<p>Ideal f\u00fcr Studierende der Medizin, Osteopathie, Physiotherapie und Krankenpflege, sowie f\u00fcr Lehrende und Ausbilder in Anatomie.<\/p>\n","protected":false},"excerpt":{"rendered":"<p>Dieser artikulierte und zerlegbare menschliche Sch\u00e4del aus 22 Teilen bietet eine detaillierte Darstellung der kn\u00f6chernen Sch\u00e4delstrukturen, wobei jeder Knochen durch eine spezifische Farbe f\u00fcr ein klares und interaktives visuelles Lernen gekennzeichnet ist.<br \/>\nEntwickelt f\u00fcr den Universit\u00e4tsunterricht und die Gesundheitsausbildung, stellt er ein fortschrittliches Anatomiemodell dar, das die Erkundung der vollst\u00e4ndigen Morphologie und der Sch\u00e4deln\u00e4hte erm\u00f6glicht.<\/p>\n","protected":false},"featured_media":2377,"template":"","meta":[],"product_brand":[187],"product_cat":[220],"product_tag":[241],"class_list":{"0":"post-6363","1":"product","2":"type-product","3":"status-publish","4":"has-post-thumbnail","6":"product_brand-3b-scientific","7":"product_cat-simulierte-patienten","8":"product_tag-anatomietraining","10":"first","11":"instock","12":"shipping-taxable","13":"purchasable","14":"product-type-simple"},"yoast_head":"<!-- This site is optimized with the Yoast SEO plugin v26.8 - https:\/\/yoast.com\/product\/yoast-seo-wordpress\/ -->\n<title>Artikulierter Sch\u00e4del 22 didaktische Teile 3B<\/title>\n<meta name=\"description\" content=\"Artikulierter Sch\u00e4del aus 22 farbigen Teilen f\u00fcr ein klares Verst\u00e4ndnis der Sch\u00e4delknochen. Umfassendes Lehrmodell mit artikuliertem Unterkiefer.\" \/>\n<meta name=\"robots\" content=\"index, follow, max-snippet:-1, max-image-preview:large, max-video-preview:-1\" \/>\n<link rel=\"canonical\" href=\"https:\/\/lifesupportdistribution.fr\/de\/produkt\/artikulierter-schaedel-22-farbige-didaktische-teile\/\" \/>\n<meta property=\"og:locale\" content=\"de_DE\" \/>\n<meta property=\"og:type\" content=\"article\" \/>\n<meta property=\"og:title\" content=\"Artikulierter Sch\u00e4del 22 didaktische Teile 3B\" \/>\n<meta property=\"og:description\" content=\"Artikulierter Sch\u00e4del aus 22 farbigen Teilen f\u00fcr ein klares Verst\u00e4ndnis der Sch\u00e4delknochen. Umfassendes Lehrmodell mit artikuliertem Unterkiefer.\" \/>\n<meta property=\"og:url\" content=\"https:\/\/lifesupportdistribution.fr\/de\/produkt\/artikulierter-schaedel-22-farbige-didaktische-teile\/\" \/>\n<meta property=\"og:site_name\" content=\"Life Support Distribution\" \/>\n<meta property=\"og:image\" content=\"https:\/\/lifesupportdistribution.fr\/wp-content\/uploads\/2025\/11\/A291_01_Crane-articule-3B-Scientific-22-pieces-version-didactique-en-couleurs.jpg\" \/>\n\t<meta property=\"og:image:width\" content=\"500\" \/>\n\t<meta property=\"og:image:height\" content=\"500\" \/>\n\t<meta property=\"og:image:type\" content=\"image\/jpeg\" \/>\n<meta name=\"twitter:card\" content=\"summary_large_image\" \/>\n<meta name=\"twitter:label1\" content=\"Gesch\u00e4tzte Lesezeit\" \/>\n\t<meta name=\"twitter:data1\" content=\"1\u00a0Minute\" \/>\n<script type=\"application\/ld+json\" class=\"yoast-schema-graph\">{\"@context\":\"https:\/\/schema.org\",\"@graph\":[{\"@type\":\"WebPage\",\"@id\":\"https:\/\/lifesupportdistribution.fr\/de\/produkt\/artikulierter-schaedel-22-farbige-didaktische-teile\/\",\"url\":\"https:\/\/lifesupportdistribution.fr\/de\/produkt\/artikulierter-schaedel-22-farbige-didaktische-teile\/\",\"name\":\"Artikulierter Sch\u00e4del 22 didaktische Teile 3B\",\"isPartOf\":{\"@id\":\"https:\/\/lifesupportdistribution.fr\/de\/#website\"},\"primaryImageOfPage\":{\"@id\":\"https:\/\/lifesupportdistribution.fr\/de\/produkt\/artikulierter-schaedel-22-farbige-didaktische-teile\/#primaryimage\"},\"image\":{\"@id\":\"https:\/\/lifesupportdistribution.fr\/de\/produkt\/artikulierter-schaedel-22-farbige-didaktische-teile\/#primaryimage\"},\"thumbnailUrl\":\"https:\/\/lifesupportdistribution.fr\/wp-content\/uploads\/2025\/11\/A291_01_Crane-articule-3B-Scientific-22-pieces-version-didactique-en-couleurs.jpg\",\"datePublished\":\"2025-11-27T14:31:01+00:00\",\"description\":\"Artikulierter Sch\u00e4del aus 22 farbigen Teilen f\u00fcr ein klares Verst\u00e4ndnis der Sch\u00e4delknochen. Umfassendes Lehrmodell mit artikuliertem Unterkiefer.\",\"breadcrumb\":{\"@id\":\"https:\/\/lifesupportdistribution.fr\/de\/produkt\/artikulierter-schaedel-22-farbige-didaktische-teile\/#breadcrumb\"},\"inLanguage\":\"de\",\"potentialAction\":[{\"@type\":\"ReadAction\",\"target\":[\"https:\/\/lifesupportdistribution.fr\/de\/produkt\/artikulierter-schaedel-22-farbige-didaktische-teile\/\"]}]},{\"@type\":\"ImageObject\",\"inLanguage\":\"de\",\"@id\":\"https:\/\/lifesupportdistribution.fr\/de\/produkt\/artikulierter-schaedel-22-farbige-didaktische-teile\/#primaryimage\",\"url\":\"https:\/\/lifesupportdistribution.fr\/wp-content\/uploads\/2025\/11\/A291_01_Crane-articule-3B-Scientific-22-pieces-version-didactique-en-couleurs.jpg\",\"contentUrl\":\"https:\/\/lifesupportdistribution.fr\/wp-content\/uploads\/2025\/11\/A291_01_Crane-articule-3B-Scientific-22-pieces-version-didactique-en-couleurs.jpg\",\"width\":500,\"height\":500},{\"@type\":\"BreadcrumbList\",\"@id\":\"https:\/\/lifesupportdistribution.fr\/de\/produkt\/artikulierter-schaedel-22-farbige-didaktische-teile\/#breadcrumb\",\"itemListElement\":[{\"@type\":\"ListItem\",\"position\":1,\"name\":\"Accueil\",\"item\":\"https:\/\/lifesupportdistribution.fr\/de\/startseite\/\"},{\"@type\":\"ListItem\",\"position\":2,\"name\":\"Shop\",\"item\":\"https:\/\/lifesupportdistribution.fr\/de\/shop\/\"},{\"@type\":\"ListItem\",\"position\":3,\"name\":\"Artikulierter Sch\u00e4del \u2013 22 farbige didaktische Teile\"}]},{\"@type\":\"WebSite\",\"@id\":\"https:\/\/lifesupportdistribution.fr\/de\/#website\",\"url\":\"https:\/\/lifesupportdistribution.fr\/de\/\",\"name\":\"Life Support Distribution\",\"description\":\"Solutions en simulation m\u00e9dicale\",\"publisher\":{\"@id\":\"https:\/\/lifesupportdistribution.fr\/de\/#organization\"},\"potentialAction\":[{\"@type\":\"SearchAction\",\"target\":{\"@type\":\"EntryPoint\",\"urlTemplate\":\"https:\/\/lifesupportdistribution.fr\/de\/?s={search_term_string}\"},\"query-input\":{\"@type\":\"PropertyValueSpecification\",\"valueRequired\":true,\"valueName\":\"search_term_string\"}}],\"inLanguage\":\"de\"},{\"@type\":\"Organization\",\"@id\":\"https:\/\/lifesupportdistribution.fr\/de\/#organization\",\"name\":\"Life Support Distribution\",\"url\":\"https:\/\/lifesupportdistribution.fr\/de\/\",\"logo\":{\"@type\":\"ImageObject\",\"inLanguage\":\"de\",\"@id\":\"https:\/\/lifesupportdistribution.fr\/de\/#\/schema\/logo\/image\/\",\"url\":\"https:\/\/lifesupportdistribution.fr\/wp-content\/uploads\/2025\/10\/logo-life-support-distribution.svg\",\"contentUrl\":\"https:\/\/lifesupportdistribution.fr\/wp-content\/uploads\/2025\/10\/logo-life-support-distribution.svg\",\"width\":698,\"height\":223,\"caption\":\"Life Support Distribution\"},\"image\":{\"@id\":\"https:\/\/lifesupportdistribution.fr\/de\/#\/schema\/logo\/image\/\"},\"sameAs\":[\"https:\/\/www.linkedin.com\/company\/life-support-distribution\/\"]}]}<\/script>\n<!-- \/ Yoast SEO plugin. -->","yoast_head_json":{"title":"Artikulierter Sch\u00e4del 22 didaktische Teile 3B","description":"Artikulierter Sch\u00e4del aus 22 farbigen Teilen f\u00fcr ein klares Verst\u00e4ndnis der Sch\u00e4delknochen. Umfassendes Lehrmodell mit artikuliertem Unterkiefer.","robots":{"index":"index","follow":"follow","max-snippet":"max-snippet:-1","max-image-preview":"max-image-preview:large","max-video-preview":"max-video-preview:-1"},"canonical":"https:\/\/lifesupportdistribution.fr\/de\/produkt\/artikulierter-schaedel-22-farbige-didaktische-teile\/","og_locale":"de_DE","og_type":"article","og_title":"Artikulierter Sch\u00e4del 22 didaktische Teile 3B","og_description":"Artikulierter Sch\u00e4del aus 22 farbigen Teilen f\u00fcr ein klares Verst\u00e4ndnis der Sch\u00e4delknochen. Umfassendes Lehrmodell mit artikuliertem Unterkiefer.","og_url":"https:\/\/lifesupportdistribution.fr\/de\/produkt\/artikulierter-schaedel-22-farbige-didaktische-teile\/","og_site_name":"Life Support Distribution","og_image":[{"width":500,"height":500,"url":"https:\/\/lifesupportdistribution.fr\/wp-content\/uploads\/2025\/11\/A291_01_Crane-articule-3B-Scientific-22-pieces-version-didactique-en-couleurs.jpg","type":"image\/jpeg"}],"twitter_card":"summary_large_image","twitter_misc":{"Gesch\u00e4tzte Lesezeit":"1\u00a0Minute"},"schema":{"@context":"https:\/\/schema.org","@graph":[{"@type":"WebPage","@id":"https:\/\/lifesupportdistribution.fr\/de\/produkt\/artikulierter-schaedel-22-farbige-didaktische-teile\/","url":"https:\/\/lifesupportdistribution.fr\/de\/produkt\/artikulierter-schaedel-22-farbige-didaktische-teile\/","name":"Artikulierter Sch\u00e4del 22 didaktische Teile 3B","isPartOf":{"@id":"https:\/\/lifesupportdistribution.fr\/de\/#website"},"primaryImageOfPage":{"@id":"https:\/\/lifesupportdistribution.fr\/de\/produkt\/artikulierter-schaedel-22-farbige-didaktische-teile\/#primaryimage"},"image":{"@id":"https:\/\/lifesupportdistribution.fr\/de\/produkt\/artikulierter-schaedel-22-farbige-didaktische-teile\/#primaryimage"},"thumbnailUrl":"https:\/\/lifesupportdistribution.fr\/wp-content\/uploads\/2025\/11\/A291_01_Crane-articule-3B-Scientific-22-pieces-version-didactique-en-couleurs.jpg","datePublished":"2025-11-27T14:31:01+00:00","description":"Artikulierter Sch\u00e4del aus 22 farbigen Teilen f\u00fcr ein klares Verst\u00e4ndnis der Sch\u00e4delknochen. Umfassendes Lehrmodell mit artikuliertem Unterkiefer.","breadcrumb":{"@id":"https:\/\/lifesupportdistribution.fr\/de\/produkt\/artikulierter-schaedel-22-farbige-didaktische-teile\/#breadcrumb"},"inLanguage":"de","potentialAction":[{"@type":"ReadAction","target":["https:\/\/lifesupportdistribution.fr\/de\/produkt\/artikulierter-schaedel-22-farbige-didaktische-teile\/"]}]},{"@type":"ImageObject","inLanguage":"de","@id":"https:\/\/lifesupportdistribution.fr\/de\/produkt\/artikulierter-schaedel-22-farbige-didaktische-teile\/#primaryimage","url":"https:\/\/lifesupportdistribution.fr\/wp-content\/uploads\/2025\/11\/A291_01_Crane-articule-3B-Scientific-22-pieces-version-didactique-en-couleurs.jpg","contentUrl":"https:\/\/lifesupportdistribution.fr\/wp-content\/uploads\/2025\/11\/A291_01_Crane-articule-3B-Scientific-22-pieces-version-didactique-en-couleurs.jpg","width":500,"height":500},{"@type":"BreadcrumbList","@id":"https:\/\/lifesupportdistribution.fr\/de\/produkt\/artikulierter-schaedel-22-farbige-didaktische-teile\/#breadcrumb","itemListElement":[{"@type":"ListItem","position":1,"name":"Accueil","item":"https:\/\/lifesupportdistribution.fr\/de\/startseite\/"},{"@type":"ListItem","position":2,"name":"Shop","item":"https:\/\/lifesupportdistribution.fr\/de\/shop\/"},{"@type":"ListItem","position":3,"name":"Artikulierter Sch\u00e4del \u2013 22 farbige didaktische Teile"}]},{"@type":"WebSite","@id":"https:\/\/lifesupportdistribution.fr\/de\/#website","url":"https:\/\/lifesupportdistribution.fr\/de\/","name":"Life Support Distribution","description":"Solutions en simulation m\u00e9dicale","publisher":{"@id":"https:\/\/lifesupportdistribution.fr\/de\/#organization"},"potentialAction":[{"@type":"SearchAction","target":{"@type":"EntryPoint","urlTemplate":"https:\/\/lifesupportdistribution.fr\/de\/?s={search_term_string}"},"query-input":{"@type":"PropertyValueSpecification","valueRequired":true,"valueName":"search_term_string"}}],"inLanguage":"de"},{"@type":"Organization","@id":"https:\/\/lifesupportdistribution.fr\/de\/#organization","name":"Life Support Distribution","url":"https:\/\/lifesupportdistribution.fr\/de\/","logo":{"@type":"ImageObject","inLanguage":"de","@id":"https:\/\/lifesupportdistribution.fr\/de\/#\/schema\/logo\/image\/","url":"https:\/\/lifesupportdistribution.fr\/wp-content\/uploads\/2025\/10\/logo-life-support-distribution.svg","contentUrl":"https:\/\/lifesupportdistribution.fr\/wp-content\/uploads\/2025\/10\/logo-life-support-distribution.svg","width":698,"height":223,"caption":"Life Support Distribution"},"image":{"@id":"https:\/\/lifesupportdistribution.fr\/de\/#\/schema\/logo\/image\/"},"sameAs":["https:\/\/www.linkedin.com\/company\/life-support-distribution\/"]}]}},"_links":{"self":[{"href":"https:\/\/lifesupportdistribution.fr\/de\/wp-json\/wp\/v2\/product\/6363","targetHints":{"allow":["GET"]}}],"collection":[{"href":"https:\/\/lifesupportdistribution.fr\/de\/wp-json\/wp\/v2\/product"}],"about":[{"href":"https:\/\/lifesupportdistribution.fr\/de\/wp-json\/wp\/v2\/types\/product"}],"wp:featuredmedia":[{"embeddable":true,"href":"https:\/\/lifesupportdistribution.fr\/de\/wp-json\/wp\/v2\/media\/2377"}],"wp:attachment":[{"href":"https:\/\/lifesupportdistribution.fr\/de\/wp-json\/wp\/v2\/media?parent=6363"}],"wp:term":[{"taxonomy":"product_brand","embeddable":true,"href":"https:\/\/lifesupportdistribution.fr\/de\/wp-json\/wp\/v2\/product_brand?post=6363"},{"taxonomy":"product_cat","embeddable":true,"href":"https:\/\/lifesupportdistribution.fr\/de\/wp-json\/wp\/v2\/product_cat?post=6363"},{"taxonomy":"product_tag","embeddable":true,"href":"https:\/\/lifesupportdistribution.fr\/de\/wp-json\/wp\/v2\/product_tag?post=6363"}],"curies":[{"name":"wp","href":"https:\/\/api.w.org\/{rel}","templated":true}]}}