{"id":6368,"date":"2025-11-27T20:34:05","date_gmt":"2025-11-27T19:34:05","guid":{"rendered":"https:\/\/lifesupportdistribution.fr\/produits\/equiner-simulator-fuer-nasogastrale-intubation-venenpunktion-und-intramuskulaere-injektion\/"},"modified":"2025-11-27T20:34:05","modified_gmt":"2025-11-27T19:34:05","slug":"equiner-simulator-fuer-nasogastrale-intubation-venenpunktion-und-intramuskulaere-injektion","status":"publish","type":"product","link":"https:\/\/lifesupportdistribution.fr\/de\/produkt\/equiner-simulator-fuer-nasogastrale-intubation-venenpunktion-und-intramuskulaere-injektion\/","title":{"rendered":"Equiner Simulator f\u00fcr nasogastrale Intubation, Venenpunktion und intramuskul\u00e4re Injektion"},"content":{"rendered":"<p><span style=\"font-weight: 400;\">Der equine Intubations- und Pflegesimulator erm\u00f6glicht ein realistisches und sicheres \u00dcben der h\u00e4ufigsten veterin\u00e4rmedizinischen Pflegema\u00dfnahmen.<\/span><span style=\"font-weight: 400;\"><br \/>\n<\/span><span style=\"font-weight: 400;\">Sein anatomisch korrekter Nasengang f\u00fchrt die Sonde bis zur Magenkammer und vermittelt ein realit\u00e4tsnahes Gef\u00fchl.<\/span><span style=\"font-weight: 400;\"><br \/>\n<\/span><span style=\"font-weight: 400;\">Die palpablen Jugularvenen sind f\u00fcr multiple Punktionen (20\u201322 G Nadeln) ausgelegt, mit einem Drucksystem, das einen nat\u00fcrlichen Blutfluss bei der Probenentnahme simuliert.<\/span><span style=\"font-weight: 400;\"><br \/>\n<\/span><span style=\"font-weight: 400;\">Die robuste intramuskul\u00e4re Injektionsstelle erm\u00f6glicht wiederholte Injektionen, w\u00e4hrend der weiche Silikonkopf die Gesichts-Anatomie des Pferdes detailgetreu wiedergibt.<\/span><span style=\"font-weight: 400;\"><br \/>\n<\/span><span style=\"font-weight: 400;\">Sein verstellbarer Rollst\u00e4nder erleichtert Handhabung, Wartung und Transport.<\/span><span style=\"font-weight: 400;\"><br \/>\n<\/span><span style=\"font-weight: 400;\">Dieses Modell kann eigenst\u00e4ndig oder in einen kompletten Simulator f\u00fcr die Pferdepflege integriert werden.<\/span><\/p>\n","protected":false},"excerpt":{"rendered":"<p>Dieser equine Simulator reproduziert mit bemerkenswertem Realismus die g\u00e4ngigen Pflegema\u00dfnahmen:<br \/>\nnasogastrale Intubation, Jugularvenenpunktion und intramuskul\u00e4re Injektion.<br \/>\nF\u00fcr die Veterin\u00e4r-Ausbildung konzipiert, erm\u00f6glicht er Studenten und Praktikern, sicher zu \u00fcben und ihre technischen F\u00e4higkeiten in einem immersiven Umfeld zu entwickeln.<br \/>\nErh\u00e4ltlich mit oder ohne Rollst\u00e4nder, passt er sich allen p\u00e4dagogischen Umgebungen und verschiedenen Ausbildungsniveaus an.<\/p>\n","protected":false},"featured_media":2390,"template":"","meta":[],"product_brand":[214],"product_cat":[226],"product_tag":[240],"class_list":{"0":"post-6368","1":"product","2":"type-product","3":"status-publish","4":"has-post-thumbnail","6":"product_brand-vsi","7":"product_cat-simulatoren-fur-veterinarpflege","8":"product_tag-tiermedizin","10":"first","11":"instock","12":"shipping-taxable","13":"purchasable","14":"product-type-simple"},"yoast_head":"<!-- This site is optimized with the Yoast SEO plugin v26.8 - https:\/\/yoast.com\/product\/yoast-seo-wordpress\/ -->\n<title>Equiner Simulator \u2013 Intubation, Punktion und Injektion<\/title>\n<meta name=\"description\" content=\"Equiner Simulator: Realistisches Training f\u00fcr nasogastrale Intubation, Venenpunktion und intramuskul\u00e4re Injektionen in der Veterin\u00e4rmedizin.\" \/>\n<meta name=\"robots\" content=\"index, follow, max-snippet:-1, max-image-preview:large, max-video-preview:-1\" \/>\n<link rel=\"canonical\" href=\"https:\/\/lifesupportdistribution.fr\/de\/produkt\/equiner-simulator-fuer-nasogastrale-intubation-venenpunktion-und-intramuskulaere-injektion\/\" \/>\n<meta property=\"og:locale\" content=\"de_DE\" \/>\n<meta property=\"og:type\" content=\"article\" \/>\n<meta property=\"og:title\" content=\"Equiner Simulator \u2013 Intubation, Punktion und Injektion\" \/>\n<meta property=\"og:description\" content=\"Equiner Simulator: Realistisches Training f\u00fcr nasogastrale Intubation, Venenpunktion und intramuskul\u00e4re Injektionen in der Veterin\u00e4rmedizin.\" \/>\n<meta property=\"og:url\" content=\"https:\/\/lifesupportdistribution.fr\/de\/produkt\/equiner-simulator-fuer-nasogastrale-intubation-venenpunktion-und-intramuskulaere-injektion\/\" \/>\n<meta property=\"og:site_name\" content=\"Life Support Distribution\" \/>\n<meta property=\"og:image\" content=\"https:\/\/lifesupportdistribution.fr\/wp-content\/uploads\/2025\/11\/Photo-intubation-vsi-1-1.png\" \/>\n\t<meta property=\"og:image:width\" content=\"1228\" \/>\n\t<meta property=\"og:image:height\" content=\"920\" \/>\n\t<meta property=\"og:image:type\" content=\"image\/png\" \/>\n<meta name=\"twitter:card\" content=\"summary_large_image\" \/>\n<meta name=\"twitter:label1\" content=\"Gesch\u00e4tzte Lesezeit\" \/>\n\t<meta name=\"twitter:data1\" content=\"1\u00a0Minute\" \/>\n<script type=\"application\/ld+json\" class=\"yoast-schema-graph\">{\"@context\":\"https:\/\/schema.org\",\"@graph\":[{\"@type\":\"WebPage\",\"@id\":\"https:\/\/lifesupportdistribution.fr\/de\/produkt\/equiner-simulator-fuer-nasogastrale-intubation-venenpunktion-und-intramuskulaere-injektion\/\",\"url\":\"https:\/\/lifesupportdistribution.fr\/de\/produkt\/equiner-simulator-fuer-nasogastrale-intubation-venenpunktion-und-intramuskulaere-injektion\/\",\"name\":\"Equiner Simulator \u2013 Intubation, Punktion und Injektion\",\"isPartOf\":{\"@id\":\"https:\/\/lifesupportdistribution.fr\/de\/#website\"},\"primaryImageOfPage\":{\"@id\":\"https:\/\/lifesupportdistribution.fr\/de\/produkt\/equiner-simulator-fuer-nasogastrale-intubation-venenpunktion-und-intramuskulaere-injektion\/#primaryimage\"},\"image\":{\"@id\":\"https:\/\/lifesupportdistribution.fr\/de\/produkt\/equiner-simulator-fuer-nasogastrale-intubation-venenpunktion-und-intramuskulaere-injektion\/#primaryimage\"},\"thumbnailUrl\":\"https:\/\/lifesupportdistribution.fr\/wp-content\/uploads\/2025\/11\/Photo-intubation-vsi-1-1.png\",\"datePublished\":\"2025-11-27T19:34:05+00:00\",\"description\":\"Equiner Simulator: Realistisches Training f\u00fcr nasogastrale Intubation, Venenpunktion und intramuskul\u00e4re Injektionen in der Veterin\u00e4rmedizin.\",\"breadcrumb\":{\"@id\":\"https:\/\/lifesupportdistribution.fr\/de\/produkt\/equiner-simulator-fuer-nasogastrale-intubation-venenpunktion-und-intramuskulaere-injektion\/#breadcrumb\"},\"inLanguage\":\"de\",\"potentialAction\":[{\"@type\":\"ReadAction\",\"target\":[\"https:\/\/lifesupportdistribution.fr\/de\/produkt\/equiner-simulator-fuer-nasogastrale-intubation-venenpunktion-und-intramuskulaere-injektion\/\"]}]},{\"@type\":\"ImageObject\",\"inLanguage\":\"de\",\"@id\":\"https:\/\/lifesupportdistribution.fr\/de\/produkt\/equiner-simulator-fuer-nasogastrale-intubation-venenpunktion-und-intramuskulaere-injektion\/#primaryimage\",\"url\":\"https:\/\/lifesupportdistribution.fr\/wp-content\/uploads\/2025\/11\/Photo-intubation-vsi-1-1.png\",\"contentUrl\":\"https:\/\/lifesupportdistribution.fr\/wp-content\/uploads\/2025\/11\/Photo-intubation-vsi-1-1.png\",\"width\":1228,\"height\":920},{\"@type\":\"BreadcrumbList\",\"@id\":\"https:\/\/lifesupportdistribution.fr\/de\/produkt\/equiner-simulator-fuer-nasogastrale-intubation-venenpunktion-und-intramuskulaere-injektion\/#breadcrumb\",\"itemListElement\":[{\"@type\":\"ListItem\",\"position\":1,\"name\":\"Accueil\",\"item\":\"https:\/\/lifesupportdistribution.fr\/de\/startseite\/\"},{\"@type\":\"ListItem\",\"position\":2,\"name\":\"Shop\",\"item\":\"https:\/\/lifesupportdistribution.fr\/de\/shop\/\"},{\"@type\":\"ListItem\",\"position\":3,\"name\":\"Equiner Simulator f\u00fcr nasogastrale Intubation, Venenpunktion und intramuskul\u00e4re Injektion\"}]},{\"@type\":\"WebSite\",\"@id\":\"https:\/\/lifesupportdistribution.fr\/de\/#website\",\"url\":\"https:\/\/lifesupportdistribution.fr\/de\/\",\"name\":\"Life Support Distribution\",\"description\":\"Solutions en simulation m\u00e9dicale\",\"publisher\":{\"@id\":\"https:\/\/lifesupportdistribution.fr\/de\/#organization\"},\"potentialAction\":[{\"@type\":\"SearchAction\",\"target\":{\"@type\":\"EntryPoint\",\"urlTemplate\":\"https:\/\/lifesupportdistribution.fr\/de\/?s={search_term_string}\"},\"query-input\":{\"@type\":\"PropertyValueSpecification\",\"valueRequired\":true,\"valueName\":\"search_term_string\"}}],\"inLanguage\":\"de\"},{\"@type\":\"Organization\",\"@id\":\"https:\/\/lifesupportdistribution.fr\/de\/#organization\",\"name\":\"Life Support Distribution\",\"url\":\"https:\/\/lifesupportdistribution.fr\/de\/\",\"logo\":{\"@type\":\"ImageObject\",\"inLanguage\":\"de\",\"@id\":\"https:\/\/lifesupportdistribution.fr\/de\/#\/schema\/logo\/image\/\",\"url\":\"https:\/\/lifesupportdistribution.fr\/wp-content\/uploads\/2025\/10\/logo-life-support-distribution.svg\",\"contentUrl\":\"https:\/\/lifesupportdistribution.fr\/wp-content\/uploads\/2025\/10\/logo-life-support-distribution.svg\",\"width\":698,\"height\":223,\"caption\":\"Life Support Distribution\"},\"image\":{\"@id\":\"https:\/\/lifesupportdistribution.fr\/de\/#\/schema\/logo\/image\/\"},\"sameAs\":[\"https:\/\/www.linkedin.com\/company\/life-support-distribution\/\"]}]}<\/script>\n<!-- \/ Yoast SEO plugin. -->","yoast_head_json":{"title":"Equiner Simulator \u2013 Intubation, Punktion und Injektion","description":"Equiner Simulator: Realistisches Training f\u00fcr nasogastrale Intubation, Venenpunktion und intramuskul\u00e4re Injektionen in der Veterin\u00e4rmedizin.","robots":{"index":"index","follow":"follow","max-snippet":"max-snippet:-1","max-image-preview":"max-image-preview:large","max-video-preview":"max-video-preview:-1"},"canonical":"https:\/\/lifesupportdistribution.fr\/de\/produkt\/equiner-simulator-fuer-nasogastrale-intubation-venenpunktion-und-intramuskulaere-injektion\/","og_locale":"de_DE","og_type":"article","og_title":"Equiner Simulator \u2013 Intubation, Punktion und Injektion","og_description":"Equiner Simulator: Realistisches Training f\u00fcr nasogastrale Intubation, Venenpunktion und intramuskul\u00e4re Injektionen in der Veterin\u00e4rmedizin.","og_url":"https:\/\/lifesupportdistribution.fr\/de\/produkt\/equiner-simulator-fuer-nasogastrale-intubation-venenpunktion-und-intramuskulaere-injektion\/","og_site_name":"Life Support Distribution","og_image":[{"width":1228,"height":920,"url":"https:\/\/lifesupportdistribution.fr\/wp-content\/uploads\/2025\/11\/Photo-intubation-vsi-1-1.png","type":"image\/png"}],"twitter_card":"summary_large_image","twitter_misc":{"Gesch\u00e4tzte Lesezeit":"1\u00a0Minute"},"schema":{"@context":"https:\/\/schema.org","@graph":[{"@type":"WebPage","@id":"https:\/\/lifesupportdistribution.fr\/de\/produkt\/equiner-simulator-fuer-nasogastrale-intubation-venenpunktion-und-intramuskulaere-injektion\/","url":"https:\/\/lifesupportdistribution.fr\/de\/produkt\/equiner-simulator-fuer-nasogastrale-intubation-venenpunktion-und-intramuskulaere-injektion\/","name":"Equiner Simulator \u2013 Intubation, Punktion und Injektion","isPartOf":{"@id":"https:\/\/lifesupportdistribution.fr\/de\/#website"},"primaryImageOfPage":{"@id":"https:\/\/lifesupportdistribution.fr\/de\/produkt\/equiner-simulator-fuer-nasogastrale-intubation-venenpunktion-und-intramuskulaere-injektion\/#primaryimage"},"image":{"@id":"https:\/\/lifesupportdistribution.fr\/de\/produkt\/equiner-simulator-fuer-nasogastrale-intubation-venenpunktion-und-intramuskulaere-injektion\/#primaryimage"},"thumbnailUrl":"https:\/\/lifesupportdistribution.fr\/wp-content\/uploads\/2025\/11\/Photo-intubation-vsi-1-1.png","datePublished":"2025-11-27T19:34:05+00:00","description":"Equiner Simulator: Realistisches Training f\u00fcr nasogastrale Intubation, Venenpunktion und intramuskul\u00e4re Injektionen in der Veterin\u00e4rmedizin.","breadcrumb":{"@id":"https:\/\/lifesupportdistribution.fr\/de\/produkt\/equiner-simulator-fuer-nasogastrale-intubation-venenpunktion-und-intramuskulaere-injektion\/#breadcrumb"},"inLanguage":"de","potentialAction":[{"@type":"ReadAction","target":["https:\/\/lifesupportdistribution.fr\/de\/produkt\/equiner-simulator-fuer-nasogastrale-intubation-venenpunktion-und-intramuskulaere-injektion\/"]}]},{"@type":"ImageObject","inLanguage":"de","@id":"https:\/\/lifesupportdistribution.fr\/de\/produkt\/equiner-simulator-fuer-nasogastrale-intubation-venenpunktion-und-intramuskulaere-injektion\/#primaryimage","url":"https:\/\/lifesupportdistribution.fr\/wp-content\/uploads\/2025\/11\/Photo-intubation-vsi-1-1.png","contentUrl":"https:\/\/lifesupportdistribution.fr\/wp-content\/uploads\/2025\/11\/Photo-intubation-vsi-1-1.png","width":1228,"height":920},{"@type":"BreadcrumbList","@id":"https:\/\/lifesupportdistribution.fr\/de\/produkt\/equiner-simulator-fuer-nasogastrale-intubation-venenpunktion-und-intramuskulaere-injektion\/#breadcrumb","itemListElement":[{"@type":"ListItem","position":1,"name":"Accueil","item":"https:\/\/lifesupportdistribution.fr\/de\/startseite\/"},{"@type":"ListItem","position":2,"name":"Shop","item":"https:\/\/lifesupportdistribution.fr\/de\/shop\/"},{"@type":"ListItem","position":3,"name":"Equiner Simulator f\u00fcr nasogastrale Intubation, Venenpunktion und intramuskul\u00e4re Injektion"}]},{"@type":"WebSite","@id":"https:\/\/lifesupportdistribution.fr\/de\/#website","url":"https:\/\/lifesupportdistribution.fr\/de\/","name":"Life Support Distribution","description":"Solutions en simulation m\u00e9dicale","publisher":{"@id":"https:\/\/lifesupportdistribution.fr\/de\/#organization"},"potentialAction":[{"@type":"SearchAction","target":{"@type":"EntryPoint","urlTemplate":"https:\/\/lifesupportdistribution.fr\/de\/?s={search_term_string}"},"query-input":{"@type":"PropertyValueSpecification","valueRequired":true,"valueName":"search_term_string"}}],"inLanguage":"de"},{"@type":"Organization","@id":"https:\/\/lifesupportdistribution.fr\/de\/#organization","name":"Life Support Distribution","url":"https:\/\/lifesupportdistribution.fr\/de\/","logo":{"@type":"ImageObject","inLanguage":"de","@id":"https:\/\/lifesupportdistribution.fr\/de\/#\/schema\/logo\/image\/","url":"https:\/\/lifesupportdistribution.fr\/wp-content\/uploads\/2025\/10\/logo-life-support-distribution.svg","contentUrl":"https:\/\/lifesupportdistribution.fr\/wp-content\/uploads\/2025\/10\/logo-life-support-distribution.svg","width":698,"height":223,"caption":"Life Support Distribution"},"image":{"@id":"https:\/\/lifesupportdistribution.fr\/de\/#\/schema\/logo\/image\/"},"sameAs":["https:\/\/www.linkedin.com\/company\/life-support-distribution\/"]}]}},"_links":{"self":[{"href":"https:\/\/lifesupportdistribution.fr\/de\/wp-json\/wp\/v2\/product\/6368","targetHints":{"allow":["GET"]}}],"collection":[{"href":"https:\/\/lifesupportdistribution.fr\/de\/wp-json\/wp\/v2\/product"}],"about":[{"href":"https:\/\/lifesupportdistribution.fr\/de\/wp-json\/wp\/v2\/types\/product"}],"wp:featuredmedia":[{"embeddable":true,"href":"https:\/\/lifesupportdistribution.fr\/de\/wp-json\/wp\/v2\/media\/2390"}],"wp:attachment":[{"href":"https:\/\/lifesupportdistribution.fr\/de\/wp-json\/wp\/v2\/media?parent=6368"}],"wp:term":[{"taxonomy":"product_brand","embeddable":true,"href":"https:\/\/lifesupportdistribution.fr\/de\/wp-json\/wp\/v2\/product_brand?post=6368"},{"taxonomy":"product_cat","embeddable":true,"href":"https:\/\/lifesupportdistribution.fr\/de\/wp-json\/wp\/v2\/product_cat?post=6368"},{"taxonomy":"product_tag","embeddable":true,"href":"https:\/\/lifesupportdistribution.fr\/de\/wp-json\/wp\/v2\/product_tag?post=6368"}],"curies":[{"name":"wp","href":"https:\/\/api.w.org\/{rel}","templated":true}]}}