{"id":6372,"date":"2025-11-26T11:37:16","date_gmt":"2025-11-26T10:37:16","guid":{"rendered":"https:\/\/lifesupportdistribution.fr\/produits\/krikothyreotomie-simulator-decent-simulators\/"},"modified":"2025-11-26T11:37:16","modified_gmt":"2025-11-26T10:37:16","slug":"krikothyreotomie-simulator-decent-simulators","status":"publish","type":"product","link":"https:\/\/lifesupportdistribution.fr\/de\/produkt\/krikothyreotomie-simulator-decent-simulators\/","title":{"rendered":"Krikothyreotomie-Simulator \u2013 Decent Simulators"},"content":{"rendered":"<p>Dieser Simulator bietet Lernenden die M\u00f6glichkeit, ihre F\u00e4higkeiten in kritischen Notfallverfahren zu entwickeln, insbesondere wenn eine konventionelle Intubation und Beatmung nicht m\u00f6glich ist.<\/p>\n<p>Sein anatomisch getreues Design, basierend auf realen medizinischen Daten, integriert pr\u00e4zise tastbare Landmarken sowie eine interne Visualisierung f\u00fcr ein besseres Verst\u00e4ndnis der Technik durch Zuschauer, mittels Endoskop.<\/p>\n<p>Erh\u00e4ltlich in hellen oder dunklen Hautt\u00f6nen, enth\u00e4lt er zahlreiche Ersatzteile, um seine Nutzung zu verl\u00e4ngern und ein intensives und wiederholtes Training zu gew\u00e4hrleisten. Dieses Modell stellt ein unverzichtbares Werkzeug f\u00fcr medizinische Fakult\u00e4ten, Krankenhausabteilungen und Simulationszentren dar. <\/p>\n","protected":false},"excerpt":{"rendered":"<p>Der Krikothyreotomie-Simulator von Decent Simulators ist eine wirtschaftliche und realistische L\u00f6sung f\u00fcr das Training des Atemwegsmanagements in Notfallsituationen. Entwickelt f\u00fcr medizinisches Fachpersonal, erm\u00f6glicht er das \u00dcben sowohl der Nadeltechnik als auch der chirurgischen Krikothyreotomie unter Bedingungen, die der klinischen Realit\u00e4t nahekommen. <\/p>\n","protected":false},"featured_media":1968,"template":"","meta":[],"product_brand":[192],"product_cat":[222],"product_tag":[237,238,246,252,251,236],"class_list":{"0":"post-6372","1":"product","2":"type-product","3":"status-publish","4":"has-post-thumbnail","6":"product_brand-decent-simulators","7":"product_cat-simulatoren-fur-medizinische-versorgung","8":"product_tag-anasthesie","9":"product_tag-erste-hilfe","10":"product_tag-hno","11":"product_tag-intensivmedizin","12":"product_tag-krankenpflege","13":"product_tag-notfallmedizin","15":"first","16":"instock","17":"shipping-taxable","18":"purchasable","19":"product-type-simple"},"yoast_head":"<!-- This site is optimized with the Yoast SEO plugin v26.8 - https:\/\/yoast.com\/product\/yoast-seo-wordpress\/ -->\n<title>Krikothyreotomie-Trainer Decent Simulators \u2013 Simulation<\/title>\n<meta name=\"description\" content=\"Krikothyreotomie-Simulator Decent Simulators: realistisches Modell zum Training des chirurgischen Notfallzugangs zu den Atemwegen.\" \/>\n<meta name=\"robots\" content=\"index, follow, max-snippet:-1, max-image-preview:large, max-video-preview:-1\" \/>\n<link rel=\"canonical\" href=\"https:\/\/lifesupportdistribution.fr\/de\/produkt\/krikothyreotomie-simulator-decent-simulators\/\" \/>\n<meta property=\"og:locale\" content=\"de_DE\" \/>\n<meta property=\"og:type\" content=\"article\" \/>\n<meta property=\"og:title\" content=\"Krikothyreotomie-Trainer Decent Simulators \u2013 Simulation\" \/>\n<meta property=\"og:description\" content=\"Krikothyreotomie-Simulator Decent Simulators: realistisches Modell zum Training des chirurgischen Notfallzugangs zu den Atemwegen.\" \/>\n<meta property=\"og:url\" content=\"https:\/\/lifesupportdistribution.fr\/de\/produkt\/krikothyreotomie-simulator-decent-simulators\/\" \/>\n<meta property=\"og:site_name\" content=\"Life Support Distribution\" \/>\n<meta property=\"og:image\" content=\"https:\/\/lifesupportdistribution.fr\/wp-content\/uploads\/2025\/11\/Photo-crico-DS-1.png\" \/>\n\t<meta property=\"og:image:width\" content=\"522\" \/>\n\t<meta property=\"og:image:height\" content=\"522\" \/>\n\t<meta property=\"og:image:type\" content=\"image\/png\" \/>\n<meta name=\"twitter:card\" content=\"summary_large_image\" \/>\n<script type=\"application\/ld+json\" class=\"yoast-schema-graph\">{\"@context\":\"https:\/\/schema.org\",\"@graph\":[{\"@type\":\"WebPage\",\"@id\":\"https:\/\/lifesupportdistribution.fr\/de\/produkt\/krikothyreotomie-simulator-decent-simulators\/\",\"url\":\"https:\/\/lifesupportdistribution.fr\/de\/produkt\/krikothyreotomie-simulator-decent-simulators\/\",\"name\":\"Krikothyreotomie-Trainer Decent Simulators \u2013 Simulation\",\"isPartOf\":{\"@id\":\"https:\/\/lifesupportdistribution.fr\/de\/#website\"},\"primaryImageOfPage\":{\"@id\":\"https:\/\/lifesupportdistribution.fr\/de\/produkt\/krikothyreotomie-simulator-decent-simulators\/#primaryimage\"},\"image\":{\"@id\":\"https:\/\/lifesupportdistribution.fr\/de\/produkt\/krikothyreotomie-simulator-decent-simulators\/#primaryimage\"},\"thumbnailUrl\":\"https:\/\/lifesupportdistribution.fr\/wp-content\/uploads\/2025\/11\/Photo-crico-DS-1.png\",\"datePublished\":\"2025-11-26T10:37:16+00:00\",\"description\":\"Krikothyreotomie-Simulator Decent Simulators: realistisches Modell zum Training des chirurgischen Notfallzugangs zu den Atemwegen.\",\"breadcrumb\":{\"@id\":\"https:\/\/lifesupportdistribution.fr\/de\/produkt\/krikothyreotomie-simulator-decent-simulators\/#breadcrumb\"},\"inLanguage\":\"de\",\"potentialAction\":[{\"@type\":\"ReadAction\",\"target\":[\"https:\/\/lifesupportdistribution.fr\/de\/produkt\/krikothyreotomie-simulator-decent-simulators\/\"]}]},{\"@type\":\"ImageObject\",\"inLanguage\":\"de\",\"@id\":\"https:\/\/lifesupportdistribution.fr\/de\/produkt\/krikothyreotomie-simulator-decent-simulators\/#primaryimage\",\"url\":\"https:\/\/lifesupportdistribution.fr\/wp-content\/uploads\/2025\/11\/Photo-crico-DS-1.png\",\"contentUrl\":\"https:\/\/lifesupportdistribution.fr\/wp-content\/uploads\/2025\/11\/Photo-crico-DS-1.png\",\"width\":522,\"height\":522},{\"@type\":\"BreadcrumbList\",\"@id\":\"https:\/\/lifesupportdistribution.fr\/de\/produkt\/krikothyreotomie-simulator-decent-simulators\/#breadcrumb\",\"itemListElement\":[{\"@type\":\"ListItem\",\"position\":1,\"name\":\"Accueil\",\"item\":\"https:\/\/lifesupportdistribution.fr\/de\/startseite\/\"},{\"@type\":\"ListItem\",\"position\":2,\"name\":\"Shop\",\"item\":\"https:\/\/lifesupportdistribution.fr\/de\/shop\/\"},{\"@type\":\"ListItem\",\"position\":3,\"name\":\"Krikothyreotomie-Simulator \u2013 Decent Simulators\"}]},{\"@type\":\"WebSite\",\"@id\":\"https:\/\/lifesupportdistribution.fr\/de\/#website\",\"url\":\"https:\/\/lifesupportdistribution.fr\/de\/\",\"name\":\"Life Support Distribution\",\"description\":\"Solutions en simulation m\u00e9dicale\",\"publisher\":{\"@id\":\"https:\/\/lifesupportdistribution.fr\/de\/#organization\"},\"potentialAction\":[{\"@type\":\"SearchAction\",\"target\":{\"@type\":\"EntryPoint\",\"urlTemplate\":\"https:\/\/lifesupportdistribution.fr\/de\/?s={search_term_string}\"},\"query-input\":{\"@type\":\"PropertyValueSpecification\",\"valueRequired\":true,\"valueName\":\"search_term_string\"}}],\"inLanguage\":\"de\"},{\"@type\":\"Organization\",\"@id\":\"https:\/\/lifesupportdistribution.fr\/de\/#organization\",\"name\":\"Life Support Distribution\",\"url\":\"https:\/\/lifesupportdistribution.fr\/de\/\",\"logo\":{\"@type\":\"ImageObject\",\"inLanguage\":\"de\",\"@id\":\"https:\/\/lifesupportdistribution.fr\/de\/#\/schema\/logo\/image\/\",\"url\":\"https:\/\/lifesupportdistribution.fr\/wp-content\/uploads\/2025\/10\/logo-life-support-distribution.svg\",\"contentUrl\":\"https:\/\/lifesupportdistribution.fr\/wp-content\/uploads\/2025\/10\/logo-life-support-distribution.svg\",\"width\":698,\"height\":223,\"caption\":\"Life Support Distribution\"},\"image\":{\"@id\":\"https:\/\/lifesupportdistribution.fr\/de\/#\/schema\/logo\/image\/\"},\"sameAs\":[\"https:\/\/www.linkedin.com\/company\/life-support-distribution\/\"]}]}<\/script>\n<!-- \/ Yoast SEO plugin. -->","yoast_head_json":{"title":"Krikothyreotomie-Trainer Decent Simulators \u2013 Simulation","description":"Krikothyreotomie-Simulator Decent Simulators: realistisches Modell zum Training des chirurgischen Notfallzugangs zu den Atemwegen.","robots":{"index":"index","follow":"follow","max-snippet":"max-snippet:-1","max-image-preview":"max-image-preview:large","max-video-preview":"max-video-preview:-1"},"canonical":"https:\/\/lifesupportdistribution.fr\/de\/produkt\/krikothyreotomie-simulator-decent-simulators\/","og_locale":"de_DE","og_type":"article","og_title":"Krikothyreotomie-Trainer Decent Simulators \u2013 Simulation","og_description":"Krikothyreotomie-Simulator Decent Simulators: realistisches Modell zum Training des chirurgischen Notfallzugangs zu den Atemwegen.","og_url":"https:\/\/lifesupportdistribution.fr\/de\/produkt\/krikothyreotomie-simulator-decent-simulators\/","og_site_name":"Life Support Distribution","og_image":[{"width":522,"height":522,"url":"https:\/\/lifesupportdistribution.fr\/wp-content\/uploads\/2025\/11\/Photo-crico-DS-1.png","type":"image\/png"}],"twitter_card":"summary_large_image","schema":{"@context":"https:\/\/schema.org","@graph":[{"@type":"WebPage","@id":"https:\/\/lifesupportdistribution.fr\/de\/produkt\/krikothyreotomie-simulator-decent-simulators\/","url":"https:\/\/lifesupportdistribution.fr\/de\/produkt\/krikothyreotomie-simulator-decent-simulators\/","name":"Krikothyreotomie-Trainer Decent Simulators \u2013 Simulation","isPartOf":{"@id":"https:\/\/lifesupportdistribution.fr\/de\/#website"},"primaryImageOfPage":{"@id":"https:\/\/lifesupportdistribution.fr\/de\/produkt\/krikothyreotomie-simulator-decent-simulators\/#primaryimage"},"image":{"@id":"https:\/\/lifesupportdistribution.fr\/de\/produkt\/krikothyreotomie-simulator-decent-simulators\/#primaryimage"},"thumbnailUrl":"https:\/\/lifesupportdistribution.fr\/wp-content\/uploads\/2025\/11\/Photo-crico-DS-1.png","datePublished":"2025-11-26T10:37:16+00:00","description":"Krikothyreotomie-Simulator Decent Simulators: realistisches Modell zum Training des chirurgischen Notfallzugangs zu den Atemwegen.","breadcrumb":{"@id":"https:\/\/lifesupportdistribution.fr\/de\/produkt\/krikothyreotomie-simulator-decent-simulators\/#breadcrumb"},"inLanguage":"de","potentialAction":[{"@type":"ReadAction","target":["https:\/\/lifesupportdistribution.fr\/de\/produkt\/krikothyreotomie-simulator-decent-simulators\/"]}]},{"@type":"ImageObject","inLanguage":"de","@id":"https:\/\/lifesupportdistribution.fr\/de\/produkt\/krikothyreotomie-simulator-decent-simulators\/#primaryimage","url":"https:\/\/lifesupportdistribution.fr\/wp-content\/uploads\/2025\/11\/Photo-crico-DS-1.png","contentUrl":"https:\/\/lifesupportdistribution.fr\/wp-content\/uploads\/2025\/11\/Photo-crico-DS-1.png","width":522,"height":522},{"@type":"BreadcrumbList","@id":"https:\/\/lifesupportdistribution.fr\/de\/produkt\/krikothyreotomie-simulator-decent-simulators\/#breadcrumb","itemListElement":[{"@type":"ListItem","position":1,"name":"Accueil","item":"https:\/\/lifesupportdistribution.fr\/de\/startseite\/"},{"@type":"ListItem","position":2,"name":"Shop","item":"https:\/\/lifesupportdistribution.fr\/de\/shop\/"},{"@type":"ListItem","position":3,"name":"Krikothyreotomie-Simulator \u2013 Decent Simulators"}]},{"@type":"WebSite","@id":"https:\/\/lifesupportdistribution.fr\/de\/#website","url":"https:\/\/lifesupportdistribution.fr\/de\/","name":"Life Support Distribution","description":"Solutions en simulation m\u00e9dicale","publisher":{"@id":"https:\/\/lifesupportdistribution.fr\/de\/#organization"},"potentialAction":[{"@type":"SearchAction","target":{"@type":"EntryPoint","urlTemplate":"https:\/\/lifesupportdistribution.fr\/de\/?s={search_term_string}"},"query-input":{"@type":"PropertyValueSpecification","valueRequired":true,"valueName":"search_term_string"}}],"inLanguage":"de"},{"@type":"Organization","@id":"https:\/\/lifesupportdistribution.fr\/de\/#organization","name":"Life Support Distribution","url":"https:\/\/lifesupportdistribution.fr\/de\/","logo":{"@type":"ImageObject","inLanguage":"de","@id":"https:\/\/lifesupportdistribution.fr\/de\/#\/schema\/logo\/image\/","url":"https:\/\/lifesupportdistribution.fr\/wp-content\/uploads\/2025\/10\/logo-life-support-distribution.svg","contentUrl":"https:\/\/lifesupportdistribution.fr\/wp-content\/uploads\/2025\/10\/logo-life-support-distribution.svg","width":698,"height":223,"caption":"Life Support Distribution"},"image":{"@id":"https:\/\/lifesupportdistribution.fr\/de\/#\/schema\/logo\/image\/"},"sameAs":["https:\/\/www.linkedin.com\/company\/life-support-distribution\/"]}]}},"_links":{"self":[{"href":"https:\/\/lifesupportdistribution.fr\/de\/wp-json\/wp\/v2\/product\/6372","targetHints":{"allow":["GET"]}}],"collection":[{"href":"https:\/\/lifesupportdistribution.fr\/de\/wp-json\/wp\/v2\/product"}],"about":[{"href":"https:\/\/lifesupportdistribution.fr\/de\/wp-json\/wp\/v2\/types\/product"}],"wp:featuredmedia":[{"embeddable":true,"href":"https:\/\/lifesupportdistribution.fr\/de\/wp-json\/wp\/v2\/media\/1968"}],"wp:attachment":[{"href":"https:\/\/lifesupportdistribution.fr\/de\/wp-json\/wp\/v2\/media?parent=6372"}],"wp:term":[{"taxonomy":"product_brand","embeddable":true,"href":"https:\/\/lifesupportdistribution.fr\/de\/wp-json\/wp\/v2\/product_brand?post=6372"},{"taxonomy":"product_cat","embeddable":true,"href":"https:\/\/lifesupportdistribution.fr\/de\/wp-json\/wp\/v2\/product_cat?post=6372"},{"taxonomy":"product_tag","embeddable":true,"href":"https:\/\/lifesupportdistribution.fr\/de\/wp-json\/wp\/v2\/product_tag?post=6372"}],"curies":[{"name":"wp","href":"https:\/\/api.w.org\/{rel}","templated":true}]}}