{"id":6380,"date":"2025-11-26T12:21:42","date_gmt":"2025-11-26T11:21:42","guid":{"rendered":"https:\/\/lifesupportdistribution.fr\/produits\/blutstillungssimulator-decent-simulators\/"},"modified":"2025-11-26T12:21:42","modified_gmt":"2025-11-26T11:21:42","slug":"blutstillungssimulator-decent-simulators","status":"publish","type":"product","link":"https:\/\/lifesupportdistribution.fr\/de\/produkt\/blutstillungssimulator-decent-simulators\/","title":{"rendered":"Blutstillungssimulator \u2013 Decent Simulators"},"content":{"rendered":"<p>Dieser Simulator ist speziell konzipiert f\u00fcr praktische \u00dcbungen in der Notfallmedizin, in Simulationszentren oder Krankenhausabteilungen. Er bildet realistische Wunden naturgetreu nach und enth\u00e4lt ein einstellbares Blutungsmodul zur Simulation verschiedener Blutflussraten. Kompatibel mit Ger\u00e4ten wie dem ITClamp, Foley-Kathetern sowie jeder Art von Kompressionsverband oder arteriellen Tourniquets, erm\u00f6glicht er das \u00dcben fortgeschrittener Blutstillungstechniken. Dank seiner hochwertigen Materialien und seines anatomischen Designs, das auf realen Daten basiert, ist er ein robustes und zuverl\u00e4ssiges Werkzeug f\u00fcr wiederholtes und intensives Training.   <\/p>\n","protected":false},"excerpt":{"rendered":"<p>Das Control the Bleed Kit von Decent Simulators bietet eine realistische und effektive L\u00f6sung f\u00fcr das Training der Blutstillung. Entwickelt, um ein breites Spektrum kritischer Situationen abzudecken, erm\u00f6glicht er medizinischem Fachpersonal, unter realit\u00e4tsnahen Bedingungen zu trainieren, um ihre F\u00e4higkeiten im Management externer Blutungen zu verbessern. <\/p>\n","protected":false},"featured_media":1983,"template":"","meta":[],"product_brand":[192],"product_cat":[222],"product_tag":[238,251,236,255],"class_list":{"0":"post-6380","1":"product","2":"type-product","3":"status-publish","4":"has-post-thumbnail","6":"product_brand-decent-simulators","7":"product_cat-simulatoren-fur-medizinische-versorgung","8":"product_tag-erste-hilfe","9":"product_tag-krankenpflege","10":"product_tag-notfallmedizin","11":"product_tag-traumatologie","13":"first","14":"instock","15":"shipping-taxable","16":"purchasable","17":"product-type-simple"},"yoast_head":"<!-- This site is optimized with the Yoast SEO plugin v26.8 - https:\/\/yoast.com\/product\/yoast-seo-wordpress\/ -->\n<title>Decent Simulators \u2013 Blutstillungssimulator<\/title>\n<meta name=\"description\" content=\"Blutstillungssimulator von Decent Simulators: ideal zum Erlernen von Kompression, Tourniquet, Wundtamponade und Notfallmanagement.\" \/>\n<meta name=\"robots\" content=\"index, follow, max-snippet:-1, max-image-preview:large, max-video-preview:-1\" \/>\n<link rel=\"canonical\" href=\"https:\/\/lifesupportdistribution.fr\/de\/produkt\/blutstillungssimulator-decent-simulators\/\" \/>\n<meta property=\"og:locale\" content=\"de_DE\" \/>\n<meta property=\"og:type\" content=\"article\" \/>\n<meta property=\"og:title\" content=\"Decent Simulators \u2013 Blutstillungssimulator\" \/>\n<meta property=\"og:description\" content=\"Blutstillungssimulator von Decent Simulators: ideal zum Erlernen von Kompression, Tourniquet, Wundtamponade und Notfallmanagement.\" \/>\n<meta property=\"og:url\" content=\"https:\/\/lifesupportdistribution.fr\/de\/produkt\/blutstillungssimulator-decent-simulators\/\" \/>\n<meta property=\"og:site_name\" content=\"Life Support Distribution\" \/>\n<meta property=\"og:image\" content=\"https:\/\/lifesupportdistribution.fr\/wp-content\/uploads\/2025\/11\/Photo-control-hemo-DS-1-.png\" \/>\n\t<meta property=\"og:image:width\" content=\"1262\" \/>\n\t<meta property=\"og:image:height\" content=\"928\" \/>\n\t<meta property=\"og:image:type\" content=\"image\/png\" \/>\n<meta name=\"twitter:card\" content=\"summary_large_image\" \/>\n<script type=\"application\/ld+json\" class=\"yoast-schema-graph\">{\"@context\":\"https:\/\/schema.org\",\"@graph\":[{\"@type\":\"WebPage\",\"@id\":\"https:\/\/lifesupportdistribution.fr\/de\/produkt\/blutstillungssimulator-decent-simulators\/\",\"url\":\"https:\/\/lifesupportdistribution.fr\/de\/produkt\/blutstillungssimulator-decent-simulators\/\",\"name\":\"Decent Simulators \u2013 Blutstillungssimulator\",\"isPartOf\":{\"@id\":\"https:\/\/lifesupportdistribution.fr\/de\/#website\"},\"primaryImageOfPage\":{\"@id\":\"https:\/\/lifesupportdistribution.fr\/de\/produkt\/blutstillungssimulator-decent-simulators\/#primaryimage\"},\"image\":{\"@id\":\"https:\/\/lifesupportdistribution.fr\/de\/produkt\/blutstillungssimulator-decent-simulators\/#primaryimage\"},\"thumbnailUrl\":\"https:\/\/lifesupportdistribution.fr\/wp-content\/uploads\/2025\/11\/Photo-control-hemo-DS-1-.png\",\"datePublished\":\"2025-11-26T11:21:42+00:00\",\"description\":\"Blutstillungssimulator von Decent Simulators: ideal zum Erlernen von Kompression, Tourniquet, Wundtamponade und Notfallmanagement.\",\"breadcrumb\":{\"@id\":\"https:\/\/lifesupportdistribution.fr\/de\/produkt\/blutstillungssimulator-decent-simulators\/#breadcrumb\"},\"inLanguage\":\"de\",\"potentialAction\":[{\"@type\":\"ReadAction\",\"target\":[\"https:\/\/lifesupportdistribution.fr\/de\/produkt\/blutstillungssimulator-decent-simulators\/\"]}]},{\"@type\":\"ImageObject\",\"inLanguage\":\"de\",\"@id\":\"https:\/\/lifesupportdistribution.fr\/de\/produkt\/blutstillungssimulator-decent-simulators\/#primaryimage\",\"url\":\"https:\/\/lifesupportdistribution.fr\/wp-content\/uploads\/2025\/11\/Photo-control-hemo-DS-1-.png\",\"contentUrl\":\"https:\/\/lifesupportdistribution.fr\/wp-content\/uploads\/2025\/11\/Photo-control-hemo-DS-1-.png\",\"width\":1262,\"height\":928},{\"@type\":\"BreadcrumbList\",\"@id\":\"https:\/\/lifesupportdistribution.fr\/de\/produkt\/blutstillungssimulator-decent-simulators\/#breadcrumb\",\"itemListElement\":[{\"@type\":\"ListItem\",\"position\":1,\"name\":\"Accueil\",\"item\":\"https:\/\/lifesupportdistribution.fr\/de\/startseite\/\"},{\"@type\":\"ListItem\",\"position\":2,\"name\":\"Shop\",\"item\":\"https:\/\/lifesupportdistribution.fr\/de\/shop\/\"},{\"@type\":\"ListItem\",\"position\":3,\"name\":\"Blutstillungssimulator \u2013 Decent Simulators\"}]},{\"@type\":\"WebSite\",\"@id\":\"https:\/\/lifesupportdistribution.fr\/de\/#website\",\"url\":\"https:\/\/lifesupportdistribution.fr\/de\/\",\"name\":\"Life Support Distribution\",\"description\":\"Solutions en simulation m\u00e9dicale\",\"publisher\":{\"@id\":\"https:\/\/lifesupportdistribution.fr\/de\/#organization\"},\"potentialAction\":[{\"@type\":\"SearchAction\",\"target\":{\"@type\":\"EntryPoint\",\"urlTemplate\":\"https:\/\/lifesupportdistribution.fr\/de\/?s={search_term_string}\"},\"query-input\":{\"@type\":\"PropertyValueSpecification\",\"valueRequired\":true,\"valueName\":\"search_term_string\"}}],\"inLanguage\":\"de\"},{\"@type\":\"Organization\",\"@id\":\"https:\/\/lifesupportdistribution.fr\/de\/#organization\",\"name\":\"Life Support Distribution\",\"url\":\"https:\/\/lifesupportdistribution.fr\/de\/\",\"logo\":{\"@type\":\"ImageObject\",\"inLanguage\":\"de\",\"@id\":\"https:\/\/lifesupportdistribution.fr\/de\/#\/schema\/logo\/image\/\",\"url\":\"https:\/\/lifesupportdistribution.fr\/wp-content\/uploads\/2025\/10\/logo-life-support-distribution.svg\",\"contentUrl\":\"https:\/\/lifesupportdistribution.fr\/wp-content\/uploads\/2025\/10\/logo-life-support-distribution.svg\",\"width\":698,\"height\":223,\"caption\":\"Life Support Distribution\"},\"image\":{\"@id\":\"https:\/\/lifesupportdistribution.fr\/de\/#\/schema\/logo\/image\/\"},\"sameAs\":[\"https:\/\/www.linkedin.com\/company\/life-support-distribution\/\"]}]}<\/script>\n<!-- \/ Yoast SEO plugin. -->","yoast_head_json":{"title":"Decent Simulators \u2013 Blutstillungssimulator","description":"Blutstillungssimulator von Decent Simulators: ideal zum Erlernen von Kompression, Tourniquet, Wundtamponade und Notfallmanagement.","robots":{"index":"index","follow":"follow","max-snippet":"max-snippet:-1","max-image-preview":"max-image-preview:large","max-video-preview":"max-video-preview:-1"},"canonical":"https:\/\/lifesupportdistribution.fr\/de\/produkt\/blutstillungssimulator-decent-simulators\/","og_locale":"de_DE","og_type":"article","og_title":"Decent Simulators \u2013 Blutstillungssimulator","og_description":"Blutstillungssimulator von Decent Simulators: ideal zum Erlernen von Kompression, Tourniquet, Wundtamponade und Notfallmanagement.","og_url":"https:\/\/lifesupportdistribution.fr\/de\/produkt\/blutstillungssimulator-decent-simulators\/","og_site_name":"Life Support Distribution","og_image":[{"width":1262,"height":928,"url":"https:\/\/lifesupportdistribution.fr\/wp-content\/uploads\/2025\/11\/Photo-control-hemo-DS-1-.png","type":"image\/png"}],"twitter_card":"summary_large_image","schema":{"@context":"https:\/\/schema.org","@graph":[{"@type":"WebPage","@id":"https:\/\/lifesupportdistribution.fr\/de\/produkt\/blutstillungssimulator-decent-simulators\/","url":"https:\/\/lifesupportdistribution.fr\/de\/produkt\/blutstillungssimulator-decent-simulators\/","name":"Decent Simulators \u2013 Blutstillungssimulator","isPartOf":{"@id":"https:\/\/lifesupportdistribution.fr\/de\/#website"},"primaryImageOfPage":{"@id":"https:\/\/lifesupportdistribution.fr\/de\/produkt\/blutstillungssimulator-decent-simulators\/#primaryimage"},"image":{"@id":"https:\/\/lifesupportdistribution.fr\/de\/produkt\/blutstillungssimulator-decent-simulators\/#primaryimage"},"thumbnailUrl":"https:\/\/lifesupportdistribution.fr\/wp-content\/uploads\/2025\/11\/Photo-control-hemo-DS-1-.png","datePublished":"2025-11-26T11:21:42+00:00","description":"Blutstillungssimulator von Decent Simulators: ideal zum Erlernen von Kompression, Tourniquet, Wundtamponade und Notfallmanagement.","breadcrumb":{"@id":"https:\/\/lifesupportdistribution.fr\/de\/produkt\/blutstillungssimulator-decent-simulators\/#breadcrumb"},"inLanguage":"de","potentialAction":[{"@type":"ReadAction","target":["https:\/\/lifesupportdistribution.fr\/de\/produkt\/blutstillungssimulator-decent-simulators\/"]}]},{"@type":"ImageObject","inLanguage":"de","@id":"https:\/\/lifesupportdistribution.fr\/de\/produkt\/blutstillungssimulator-decent-simulators\/#primaryimage","url":"https:\/\/lifesupportdistribution.fr\/wp-content\/uploads\/2025\/11\/Photo-control-hemo-DS-1-.png","contentUrl":"https:\/\/lifesupportdistribution.fr\/wp-content\/uploads\/2025\/11\/Photo-control-hemo-DS-1-.png","width":1262,"height":928},{"@type":"BreadcrumbList","@id":"https:\/\/lifesupportdistribution.fr\/de\/produkt\/blutstillungssimulator-decent-simulators\/#breadcrumb","itemListElement":[{"@type":"ListItem","position":1,"name":"Accueil","item":"https:\/\/lifesupportdistribution.fr\/de\/startseite\/"},{"@type":"ListItem","position":2,"name":"Shop","item":"https:\/\/lifesupportdistribution.fr\/de\/shop\/"},{"@type":"ListItem","position":3,"name":"Blutstillungssimulator \u2013 Decent Simulators"}]},{"@type":"WebSite","@id":"https:\/\/lifesupportdistribution.fr\/de\/#website","url":"https:\/\/lifesupportdistribution.fr\/de\/","name":"Life Support Distribution","description":"Solutions en simulation m\u00e9dicale","publisher":{"@id":"https:\/\/lifesupportdistribution.fr\/de\/#organization"},"potentialAction":[{"@type":"SearchAction","target":{"@type":"EntryPoint","urlTemplate":"https:\/\/lifesupportdistribution.fr\/de\/?s={search_term_string}"},"query-input":{"@type":"PropertyValueSpecification","valueRequired":true,"valueName":"search_term_string"}}],"inLanguage":"de"},{"@type":"Organization","@id":"https:\/\/lifesupportdistribution.fr\/de\/#organization","name":"Life Support Distribution","url":"https:\/\/lifesupportdistribution.fr\/de\/","logo":{"@type":"ImageObject","inLanguage":"de","@id":"https:\/\/lifesupportdistribution.fr\/de\/#\/schema\/logo\/image\/","url":"https:\/\/lifesupportdistribution.fr\/wp-content\/uploads\/2025\/10\/logo-life-support-distribution.svg","contentUrl":"https:\/\/lifesupportdistribution.fr\/wp-content\/uploads\/2025\/10\/logo-life-support-distribution.svg","width":698,"height":223,"caption":"Life Support Distribution"},"image":{"@id":"https:\/\/lifesupportdistribution.fr\/de\/#\/schema\/logo\/image\/"},"sameAs":["https:\/\/www.linkedin.com\/company\/life-support-distribution\/"]}]}},"_links":{"self":[{"href":"https:\/\/lifesupportdistribution.fr\/de\/wp-json\/wp\/v2\/product\/6380","targetHints":{"allow":["GET"]}}],"collection":[{"href":"https:\/\/lifesupportdistribution.fr\/de\/wp-json\/wp\/v2\/product"}],"about":[{"href":"https:\/\/lifesupportdistribution.fr\/de\/wp-json\/wp\/v2\/types\/product"}],"wp:featuredmedia":[{"embeddable":true,"href":"https:\/\/lifesupportdistribution.fr\/de\/wp-json\/wp\/v2\/media\/1983"}],"wp:attachment":[{"href":"https:\/\/lifesupportdistribution.fr\/de\/wp-json\/wp\/v2\/media?parent=6380"}],"wp:term":[{"taxonomy":"product_brand","embeddable":true,"href":"https:\/\/lifesupportdistribution.fr\/de\/wp-json\/wp\/v2\/product_brand?post=6380"},{"taxonomy":"product_cat","embeddable":true,"href":"https:\/\/lifesupportdistribution.fr\/de\/wp-json\/wp\/v2\/product_cat?post=6380"},{"taxonomy":"product_tag","embeddable":true,"href":"https:\/\/lifesupportdistribution.fr\/de\/wp-json\/wp\/v2\/product_tag?post=6380"}],"curies":[{"name":"wp","href":"https:\/\/api.w.org\/{rel}","templated":true}]}}