{"id":6385,"date":"2025-12-05T15:39:42","date_gmt":"2025-12-05T14:39:42","guid":{"rendered":"https:\/\/lifesupportdistribution.fr\/produits\/vollstaendiger-perinatal-pflegesimulator-hana\/"},"modified":"2025-12-05T15:39:42","modified_gmt":"2025-12-05T14:39:42","slug":"vollstaendiger-perinatal-pflegesimulator-hana","status":"publish","type":"product","link":"https:\/\/lifesupportdistribution.fr\/de\/produkt\/vollstaendiger-perinatal-pflegesimulator-hana\/","title":{"rendered":"Vollst\u00e4ndiger Perinatal-Pflegesimulator Hana"},"content":{"rendered":"<p>Der Simulator \u201eHana\u201c Kyoto Kagaku MW48 bildet den K\u00f6rper einer erwachsenen Frau naturgetreu ab und erm\u00f6glicht die Simulation des gesamten Verlaufs einer Patientin in der Perinatalzeit.<br \/>\nDank seiner austauschbaren Teile bietet er ein modulares Training: gyn\u00e4kologische, perineale, geburtshilfliche oder postpartale Untersuchungen.<\/p>\n<p>Sein abnehmbarer Bauch erm\u00f6glicht die Simulation vielf\u00e4ltiger Situationen:<\/p>\n<ul>\n<li>Pr\u00e4natale Ultraschalluntersuchung (23. Schwangerschaftswoche).<\/li>\n<li>Zervikale und perineale Untersuchung.<\/li>\n<li>Wehen und Geburt.<\/li>\n<li>Wochenbettperiode.<\/li>\n<\/ul>\n<p>Lernende k\u00f6nnen technische Handgriffe \u00fcben, wie z.B. das Legen eines Blasenkatheters, intraven\u00f6se Injektionen, die Periduralan\u00e4sthesie oder Thoraxkompressionen.<br \/>\nDieses Mannequin ist auch mit den meisten Geburtsst\u00fchlen kompatibel f\u00fcr ein Training unter realistischen Bedingungen.<\/p>\n","protected":false},"excerpt":{"rendered":"<p>Der Kyoto Kagaku Hana Simulator bietet einen immersiven und realistischen Ansatz f\u00fcr die Ausbildung in der perinatalen Pflege.<br \/>\nDieses vielseitige Mannequin erm\u00f6glicht das Lehren und \u00dcben aller Handgriffe im Zusammenhang mit Schwangerschaft, Wehen, Geburt und postnataler Versorgung.<br \/>\nEr richtet sich an Hebammenschulen, Entbindungsstationen und medizinische Simulationszentren, die klinische Kompetenzen und die Koordination von Pflegeteams st\u00e4rken m\u00f6chten.<\/p>\n","protected":false},"featured_media":3065,"template":"","meta":[],"product_brand":[200],"product_cat":[218],"product_tag":[233,251,256,236,235],"class_list":{"0":"post-6385","1":"product","2":"type-product","3":"status-publish","4":"has-post-thumbnail","6":"product_brand-kyoto-kagaku","7":"product_cat-simulationspuppen","8":"product_tag-geburtshilfe-gynakologie","9":"product_tag-krankenpflege","10":"product_tag-neonatologie","11":"product_tag-notfallmedizin","12":"product_tag-padiatrie","14":"first","15":"instock","16":"shipping-taxable","17":"purchasable","18":"product-type-simple"},"yoast_head":"<!-- This site is optimized with the Yoast SEO plugin v26.8 - https:\/\/yoast.com\/product\/yoast-seo-wordpress\/ -->\n<title>Perinatal-Pflegesimulator Hana \u2013 Kyoto Kagaku<\/title>\n<meta name=\"description\" content=\"Hana-Simulator zur Schulung in der perinatalen Pflege, von der Schwangerschaftsbetreuung \u00fcber die Geburt bis zur Postpartum-Phase, mit umfassendem Realismus.\" \/>\n<meta name=\"robots\" content=\"index, follow, max-snippet:-1, max-image-preview:large, max-video-preview:-1\" \/>\n<link rel=\"canonical\" href=\"https:\/\/lifesupportdistribution.fr\/de\/produkt\/vollstaendiger-perinatal-pflegesimulator-hana\/\" \/>\n<meta property=\"og:locale\" content=\"de_DE\" \/>\n<meta property=\"og:type\" content=\"article\" \/>\n<meta property=\"og:title\" content=\"Perinatal-Pflegesimulator Hana \u2013 Kyoto Kagaku\" \/>\n<meta property=\"og:description\" content=\"Hana-Simulator zur Schulung in der perinatalen Pflege, von der Schwangerschaftsbetreuung \u00fcber die Geburt bis zur Postpartum-Phase, mit umfassendem Realismus.\" \/>\n<meta property=\"og:url\" content=\"https:\/\/lifesupportdistribution.fr\/de\/produkt\/vollstaendiger-perinatal-pflegesimulator-hana\/\" \/>\n<meta property=\"og:site_name\" content=\"Life Support Distribution\" \/>\n<meta property=\"og:image\" content=\"https:\/\/lifesupportdistribution.fr\/wp-content\/uploads\/2025\/12\/Simulateur-complet-de-soins-perinatals-Hana-.jpeg\" \/>\n\t<meta property=\"og:image:width\" content=\"225\" \/>\n\t<meta property=\"og:image:height\" content=\"225\" \/>\n\t<meta property=\"og:image:type\" content=\"image\/jpeg\" \/>\n<meta name=\"twitter:card\" content=\"summary_large_image\" \/>\n<meta name=\"twitter:label1\" content=\"Gesch\u00e4tzte Lesezeit\" \/>\n\t<meta name=\"twitter:data1\" content=\"1\u00a0Minute\" \/>\n<script type=\"application\/ld+json\" class=\"yoast-schema-graph\">{\"@context\":\"https:\/\/schema.org\",\"@graph\":[{\"@type\":\"WebPage\",\"@id\":\"https:\/\/lifesupportdistribution.fr\/de\/produkt\/vollstaendiger-perinatal-pflegesimulator-hana\/\",\"url\":\"https:\/\/lifesupportdistribution.fr\/de\/produkt\/vollstaendiger-perinatal-pflegesimulator-hana\/\",\"name\":\"Perinatal-Pflegesimulator Hana \u2013 Kyoto Kagaku\",\"isPartOf\":{\"@id\":\"https:\/\/lifesupportdistribution.fr\/de\/#website\"},\"primaryImageOfPage\":{\"@id\":\"https:\/\/lifesupportdistribution.fr\/de\/produkt\/vollstaendiger-perinatal-pflegesimulator-hana\/#primaryimage\"},\"image\":{\"@id\":\"https:\/\/lifesupportdistribution.fr\/de\/produkt\/vollstaendiger-perinatal-pflegesimulator-hana\/#primaryimage\"},\"thumbnailUrl\":\"https:\/\/lifesupportdistribution.fr\/wp-content\/uploads\/2025\/12\/Simulateur-complet-de-soins-perinatals-Hana-.jpeg\",\"datePublished\":\"2025-12-05T14:39:42+00:00\",\"description\":\"Hana-Simulator zur Schulung in der perinatalen Pflege, von der Schwangerschaftsbetreuung \u00fcber die Geburt bis zur Postpartum-Phase, mit umfassendem Realismus.\",\"breadcrumb\":{\"@id\":\"https:\/\/lifesupportdistribution.fr\/de\/produkt\/vollstaendiger-perinatal-pflegesimulator-hana\/#breadcrumb\"},\"inLanguage\":\"de\",\"potentialAction\":[{\"@type\":\"ReadAction\",\"target\":[\"https:\/\/lifesupportdistribution.fr\/de\/produkt\/vollstaendiger-perinatal-pflegesimulator-hana\/\"]}]},{\"@type\":\"ImageObject\",\"inLanguage\":\"de\",\"@id\":\"https:\/\/lifesupportdistribution.fr\/de\/produkt\/vollstaendiger-perinatal-pflegesimulator-hana\/#primaryimage\",\"url\":\"https:\/\/lifesupportdistribution.fr\/wp-content\/uploads\/2025\/12\/Simulateur-complet-de-soins-perinatals-Hana-.jpeg\",\"contentUrl\":\"https:\/\/lifesupportdistribution.fr\/wp-content\/uploads\/2025\/12\/Simulateur-complet-de-soins-perinatals-Hana-.jpeg\",\"width\":225,\"height\":225},{\"@type\":\"BreadcrumbList\",\"@id\":\"https:\/\/lifesupportdistribution.fr\/de\/produkt\/vollstaendiger-perinatal-pflegesimulator-hana\/#breadcrumb\",\"itemListElement\":[{\"@type\":\"ListItem\",\"position\":1,\"name\":\"Accueil\",\"item\":\"https:\/\/lifesupportdistribution.fr\/de\/startseite\/\"},{\"@type\":\"ListItem\",\"position\":2,\"name\":\"Shop\",\"item\":\"https:\/\/lifesupportdistribution.fr\/de\/shop\/\"},{\"@type\":\"ListItem\",\"position\":3,\"name\":\"Vollst\u00e4ndiger Perinatal-Pflegesimulator Hana\"}]},{\"@type\":\"WebSite\",\"@id\":\"https:\/\/lifesupportdistribution.fr\/de\/#website\",\"url\":\"https:\/\/lifesupportdistribution.fr\/de\/\",\"name\":\"Life Support Distribution\",\"description\":\"Solutions en simulation m\u00e9dicale\",\"publisher\":{\"@id\":\"https:\/\/lifesupportdistribution.fr\/de\/#organization\"},\"potentialAction\":[{\"@type\":\"SearchAction\",\"target\":{\"@type\":\"EntryPoint\",\"urlTemplate\":\"https:\/\/lifesupportdistribution.fr\/de\/?s={search_term_string}\"},\"query-input\":{\"@type\":\"PropertyValueSpecification\",\"valueRequired\":true,\"valueName\":\"search_term_string\"}}],\"inLanguage\":\"de\"},{\"@type\":\"Organization\",\"@id\":\"https:\/\/lifesupportdistribution.fr\/de\/#organization\",\"name\":\"Life Support Distribution\",\"url\":\"https:\/\/lifesupportdistribution.fr\/de\/\",\"logo\":{\"@type\":\"ImageObject\",\"inLanguage\":\"de\",\"@id\":\"https:\/\/lifesupportdistribution.fr\/de\/#\/schema\/logo\/image\/\",\"url\":\"https:\/\/lifesupportdistribution.fr\/wp-content\/uploads\/2025\/10\/logo-life-support-distribution.svg\",\"contentUrl\":\"https:\/\/lifesupportdistribution.fr\/wp-content\/uploads\/2025\/10\/logo-life-support-distribution.svg\",\"width\":698,\"height\":223,\"caption\":\"Life Support Distribution\"},\"image\":{\"@id\":\"https:\/\/lifesupportdistribution.fr\/de\/#\/schema\/logo\/image\/\"},\"sameAs\":[\"https:\/\/www.linkedin.com\/company\/life-support-distribution\/\"]}]}<\/script>\n<!-- \/ Yoast SEO plugin. -->","yoast_head_json":{"title":"Perinatal-Pflegesimulator Hana \u2013 Kyoto Kagaku","description":"Hana-Simulator zur Schulung in der perinatalen Pflege, von der Schwangerschaftsbetreuung \u00fcber die Geburt bis zur Postpartum-Phase, mit umfassendem Realismus.","robots":{"index":"index","follow":"follow","max-snippet":"max-snippet:-1","max-image-preview":"max-image-preview:large","max-video-preview":"max-video-preview:-1"},"canonical":"https:\/\/lifesupportdistribution.fr\/de\/produkt\/vollstaendiger-perinatal-pflegesimulator-hana\/","og_locale":"de_DE","og_type":"article","og_title":"Perinatal-Pflegesimulator Hana \u2013 Kyoto Kagaku","og_description":"Hana-Simulator zur Schulung in der perinatalen Pflege, von der Schwangerschaftsbetreuung \u00fcber die Geburt bis zur Postpartum-Phase, mit umfassendem Realismus.","og_url":"https:\/\/lifesupportdistribution.fr\/de\/produkt\/vollstaendiger-perinatal-pflegesimulator-hana\/","og_site_name":"Life Support Distribution","og_image":[{"width":225,"height":225,"url":"https:\/\/lifesupportdistribution.fr\/wp-content\/uploads\/2025\/12\/Simulateur-complet-de-soins-perinatals-Hana-.jpeg","type":"image\/jpeg"}],"twitter_card":"summary_large_image","twitter_misc":{"Gesch\u00e4tzte Lesezeit":"1\u00a0Minute"},"schema":{"@context":"https:\/\/schema.org","@graph":[{"@type":"WebPage","@id":"https:\/\/lifesupportdistribution.fr\/de\/produkt\/vollstaendiger-perinatal-pflegesimulator-hana\/","url":"https:\/\/lifesupportdistribution.fr\/de\/produkt\/vollstaendiger-perinatal-pflegesimulator-hana\/","name":"Perinatal-Pflegesimulator Hana \u2013 Kyoto Kagaku","isPartOf":{"@id":"https:\/\/lifesupportdistribution.fr\/de\/#website"},"primaryImageOfPage":{"@id":"https:\/\/lifesupportdistribution.fr\/de\/produkt\/vollstaendiger-perinatal-pflegesimulator-hana\/#primaryimage"},"image":{"@id":"https:\/\/lifesupportdistribution.fr\/de\/produkt\/vollstaendiger-perinatal-pflegesimulator-hana\/#primaryimage"},"thumbnailUrl":"https:\/\/lifesupportdistribution.fr\/wp-content\/uploads\/2025\/12\/Simulateur-complet-de-soins-perinatals-Hana-.jpeg","datePublished":"2025-12-05T14:39:42+00:00","description":"Hana-Simulator zur Schulung in der perinatalen Pflege, von der Schwangerschaftsbetreuung \u00fcber die Geburt bis zur Postpartum-Phase, mit umfassendem Realismus.","breadcrumb":{"@id":"https:\/\/lifesupportdistribution.fr\/de\/produkt\/vollstaendiger-perinatal-pflegesimulator-hana\/#breadcrumb"},"inLanguage":"de","potentialAction":[{"@type":"ReadAction","target":["https:\/\/lifesupportdistribution.fr\/de\/produkt\/vollstaendiger-perinatal-pflegesimulator-hana\/"]}]},{"@type":"ImageObject","inLanguage":"de","@id":"https:\/\/lifesupportdistribution.fr\/de\/produkt\/vollstaendiger-perinatal-pflegesimulator-hana\/#primaryimage","url":"https:\/\/lifesupportdistribution.fr\/wp-content\/uploads\/2025\/12\/Simulateur-complet-de-soins-perinatals-Hana-.jpeg","contentUrl":"https:\/\/lifesupportdistribution.fr\/wp-content\/uploads\/2025\/12\/Simulateur-complet-de-soins-perinatals-Hana-.jpeg","width":225,"height":225},{"@type":"BreadcrumbList","@id":"https:\/\/lifesupportdistribution.fr\/de\/produkt\/vollstaendiger-perinatal-pflegesimulator-hana\/#breadcrumb","itemListElement":[{"@type":"ListItem","position":1,"name":"Accueil","item":"https:\/\/lifesupportdistribution.fr\/de\/startseite\/"},{"@type":"ListItem","position":2,"name":"Shop","item":"https:\/\/lifesupportdistribution.fr\/de\/shop\/"},{"@type":"ListItem","position":3,"name":"Vollst\u00e4ndiger Perinatal-Pflegesimulator Hana"}]},{"@type":"WebSite","@id":"https:\/\/lifesupportdistribution.fr\/de\/#website","url":"https:\/\/lifesupportdistribution.fr\/de\/","name":"Life Support Distribution","description":"Solutions en simulation m\u00e9dicale","publisher":{"@id":"https:\/\/lifesupportdistribution.fr\/de\/#organization"},"potentialAction":[{"@type":"SearchAction","target":{"@type":"EntryPoint","urlTemplate":"https:\/\/lifesupportdistribution.fr\/de\/?s={search_term_string}"},"query-input":{"@type":"PropertyValueSpecification","valueRequired":true,"valueName":"search_term_string"}}],"inLanguage":"de"},{"@type":"Organization","@id":"https:\/\/lifesupportdistribution.fr\/de\/#organization","name":"Life Support Distribution","url":"https:\/\/lifesupportdistribution.fr\/de\/","logo":{"@type":"ImageObject","inLanguage":"de","@id":"https:\/\/lifesupportdistribution.fr\/de\/#\/schema\/logo\/image\/","url":"https:\/\/lifesupportdistribution.fr\/wp-content\/uploads\/2025\/10\/logo-life-support-distribution.svg","contentUrl":"https:\/\/lifesupportdistribution.fr\/wp-content\/uploads\/2025\/10\/logo-life-support-distribution.svg","width":698,"height":223,"caption":"Life Support Distribution"},"image":{"@id":"https:\/\/lifesupportdistribution.fr\/de\/#\/schema\/logo\/image\/"},"sameAs":["https:\/\/www.linkedin.com\/company\/life-support-distribution\/"]}]}},"_links":{"self":[{"href":"https:\/\/lifesupportdistribution.fr\/de\/wp-json\/wp\/v2\/product\/6385","targetHints":{"allow":["GET"]}}],"collection":[{"href":"https:\/\/lifesupportdistribution.fr\/de\/wp-json\/wp\/v2\/product"}],"about":[{"href":"https:\/\/lifesupportdistribution.fr\/de\/wp-json\/wp\/v2\/types\/product"}],"wp:featuredmedia":[{"embeddable":true,"href":"https:\/\/lifesupportdistribution.fr\/de\/wp-json\/wp\/v2\/media\/3065"}],"wp:attachment":[{"href":"https:\/\/lifesupportdistribution.fr\/de\/wp-json\/wp\/v2\/media?parent=6385"}],"wp:term":[{"taxonomy":"product_brand","embeddable":true,"href":"https:\/\/lifesupportdistribution.fr\/de\/wp-json\/wp\/v2\/product_brand?post=6385"},{"taxonomy":"product_cat","embeddable":true,"href":"https:\/\/lifesupportdistribution.fr\/de\/wp-json\/wp\/v2\/product_cat?post=6385"},{"taxonomy":"product_tag","embeddable":true,"href":"https:\/\/lifesupportdistribution.fr\/de\/wp-json\/wp\/v2\/product_tag?post=6385"}],"curies":[{"name":"wp","href":"https:\/\/api.w.org\/{rel}","templated":true}]}}