{"id":6397,"date":"2025-11-26T10:21:58","date_gmt":"2025-11-26T09:21:58","guid":{"rendered":"https:\/\/lifesupportdistribution.fr\/produits\/nahtsimulator-decent-simulators\/"},"modified":"2025-11-26T10:21:58","modified_gmt":"2025-11-26T09:21:58","slug":"nahtsimulator-decent-simulators","status":"publish","type":"product","link":"https:\/\/lifesupportdistribution.fr\/de\/produkt\/nahtsimulator-decent-simulators\/","title":{"rendered":"Nahtsimulator \u2013 Decent Simulators"},"content":{"rendered":"<p>Dieser Simulator wurde speziell entwickelt, um den Anforderungen der Ausbildung in Nahttechniken der Kopfchirurgie gerecht zu werden. Er reproduziert detailgetreu die verschiedenen Schichten des Gesichts \u2013 Epidermis, Dermis, Hypodermis und Muskel \u2013 sowie eine darunterliegende Knochenstruktur. <\/p>\n<p>Die Verwendung fester Materialien und medizinischer Bildgebungsdaten (MRT) gew\u00e4hrleistet ein hohes Ma\u00df an Realismus und Pr\u00e4zision. Lernende k\u00f6nnen so eine Vielzahl von Nahttechniken \u00fcben, von Einzelknopfn\u00e4hten \u00fcber fortlaufende N\u00e4hte bis hin zu subkutanen, vertikalen, horizontalen oder Lappenplastik-Ans\u00e4tzen. <\/p>\n<p>Der Simulator von Decent Simulators ist f\u00fcr wiederholte Handhabung konzipiert und bietet ein hervorragendes Verh\u00e4ltnis von Robustheit und p\u00e4dagogischem Realismus.<\/p>\n","protected":false},"excerpt":{"rendered":"<p>Der Gesichtshautnaht-Simulator von Decent Simulators ist f\u00fcr das praktische Erlernen von Naht- und Gewebereparaturtechniken konzipiert. Hergestellt aus prothetischem Silikon und verst\u00e4rkt durch Netzschichten, bietet er optimale Haltbarkeit und beeindruckenden Realismus. Dank seiner verschiedenen Gewebeschichten und Knochenstruktur erm\u00f6glicht er Studenten und Fachleuten, unter realit\u00e4tsnahen klinischen Bedingungen zu trainieren.  <\/p>\n","protected":false},"featured_media":1953,"template":"","meta":[],"product_brand":[192],"product_cat":[222],"product_tag":[250,254,251,236],"class_list":{"0":"post-6397","1":"product","2":"type-product","3":"status-publish","4":"has-post-thumbnail","6":"product_brand-decent-simulators","7":"product_cat-simulatoren-fur-medizinische-versorgung","8":"product_tag-chirurgie","9":"product_tag-dermatologie","10":"product_tag-krankenpflege","11":"product_tag-notfallmedizin","13":"first","14":"instock","15":"shipping-taxable","16":"purchasable","17":"product-type-simple"},"yoast_head":"<!-- This site is optimized with the Yoast SEO plugin v26.8 - https:\/\/yoast.com\/product\/yoast-seo-wordpress\/ -->\n<title>Sutures Trainer Decent Simulators \u2013 Nahtsimulator<\/title>\n<meta name=\"description\" content=\"Decent Simulators Nahtsimulator: Ein realistisches Werkzeug zum Erlernen von Naht-, Inzisions- und Hautverschlusstechniken.\" \/>\n<meta name=\"robots\" content=\"index, follow, max-snippet:-1, max-image-preview:large, max-video-preview:-1\" \/>\n<link rel=\"canonical\" href=\"https:\/\/lifesupportdistribution.fr\/de\/produkt\/nahtsimulator-decent-simulators\/\" \/>\n<meta property=\"og:locale\" content=\"de_DE\" \/>\n<meta property=\"og:type\" content=\"article\" \/>\n<meta property=\"og:title\" content=\"Sutures Trainer Decent Simulators \u2013 Nahtsimulator\" \/>\n<meta property=\"og:description\" content=\"Decent Simulators Nahtsimulator: Ein realistisches Werkzeug zum Erlernen von Naht-, Inzisions- und Hautverschlusstechniken.\" \/>\n<meta property=\"og:url\" content=\"https:\/\/lifesupportdistribution.fr\/de\/produkt\/nahtsimulator-decent-simulators\/\" \/>\n<meta property=\"og:site_name\" content=\"Life Support Distribution\" \/>\n<meta property=\"og:image\" content=\"https:\/\/lifesupportdistribution.fr\/wp-content\/uploads\/2025\/11\/Photo-suture-DS-1.png\" \/>\n\t<meta property=\"og:image:width\" content=\"1178\" \/>\n\t<meta property=\"og:image:height\" content=\"784\" \/>\n\t<meta property=\"og:image:type\" content=\"image\/png\" \/>\n<meta name=\"twitter:card\" content=\"summary_large_image\" \/>\n<meta name=\"twitter:label1\" content=\"Gesch\u00e4tzte Lesezeit\" \/>\n\t<meta name=\"twitter:data1\" content=\"1\u00a0Minute\" \/>\n<script type=\"application\/ld+json\" class=\"yoast-schema-graph\">{\"@context\":\"https:\/\/schema.org\",\"@graph\":[{\"@type\":\"WebPage\",\"@id\":\"https:\/\/lifesupportdistribution.fr\/de\/produkt\/nahtsimulator-decent-simulators\/\",\"url\":\"https:\/\/lifesupportdistribution.fr\/de\/produkt\/nahtsimulator-decent-simulators\/\",\"name\":\"Sutures Trainer Decent Simulators \u2013 Nahtsimulator\",\"isPartOf\":{\"@id\":\"https:\/\/lifesupportdistribution.fr\/de\/#website\"},\"primaryImageOfPage\":{\"@id\":\"https:\/\/lifesupportdistribution.fr\/de\/produkt\/nahtsimulator-decent-simulators\/#primaryimage\"},\"image\":{\"@id\":\"https:\/\/lifesupportdistribution.fr\/de\/produkt\/nahtsimulator-decent-simulators\/#primaryimage\"},\"thumbnailUrl\":\"https:\/\/lifesupportdistribution.fr\/wp-content\/uploads\/2025\/11\/Photo-suture-DS-1.png\",\"datePublished\":\"2025-11-26T09:21:58+00:00\",\"description\":\"Decent Simulators Nahtsimulator: Ein realistisches Werkzeug zum Erlernen von Naht-, Inzisions- und Hautverschlusstechniken.\",\"breadcrumb\":{\"@id\":\"https:\/\/lifesupportdistribution.fr\/de\/produkt\/nahtsimulator-decent-simulators\/#breadcrumb\"},\"inLanguage\":\"de\",\"potentialAction\":[{\"@type\":\"ReadAction\",\"target\":[\"https:\/\/lifesupportdistribution.fr\/de\/produkt\/nahtsimulator-decent-simulators\/\"]}]},{\"@type\":\"ImageObject\",\"inLanguage\":\"de\",\"@id\":\"https:\/\/lifesupportdistribution.fr\/de\/produkt\/nahtsimulator-decent-simulators\/#primaryimage\",\"url\":\"https:\/\/lifesupportdistribution.fr\/wp-content\/uploads\/2025\/11\/Photo-suture-DS-1.png\",\"contentUrl\":\"https:\/\/lifesupportdistribution.fr\/wp-content\/uploads\/2025\/11\/Photo-suture-DS-1.png\",\"width\":1178,\"height\":784},{\"@type\":\"BreadcrumbList\",\"@id\":\"https:\/\/lifesupportdistribution.fr\/de\/produkt\/nahtsimulator-decent-simulators\/#breadcrumb\",\"itemListElement\":[{\"@type\":\"ListItem\",\"position\":1,\"name\":\"Accueil\",\"item\":\"https:\/\/lifesupportdistribution.fr\/de\/startseite\/\"},{\"@type\":\"ListItem\",\"position\":2,\"name\":\"Shop\",\"item\":\"https:\/\/lifesupportdistribution.fr\/de\/shop\/\"},{\"@type\":\"ListItem\",\"position\":3,\"name\":\"Nahtsimulator \u2013 Decent Simulators\"}]},{\"@type\":\"WebSite\",\"@id\":\"https:\/\/lifesupportdistribution.fr\/de\/#website\",\"url\":\"https:\/\/lifesupportdistribution.fr\/de\/\",\"name\":\"Life Support Distribution\",\"description\":\"Solutions en simulation m\u00e9dicale\",\"publisher\":{\"@id\":\"https:\/\/lifesupportdistribution.fr\/de\/#organization\"},\"potentialAction\":[{\"@type\":\"SearchAction\",\"target\":{\"@type\":\"EntryPoint\",\"urlTemplate\":\"https:\/\/lifesupportdistribution.fr\/de\/?s={search_term_string}\"},\"query-input\":{\"@type\":\"PropertyValueSpecification\",\"valueRequired\":true,\"valueName\":\"search_term_string\"}}],\"inLanguage\":\"de\"},{\"@type\":\"Organization\",\"@id\":\"https:\/\/lifesupportdistribution.fr\/de\/#organization\",\"name\":\"Life Support Distribution\",\"url\":\"https:\/\/lifesupportdistribution.fr\/de\/\",\"logo\":{\"@type\":\"ImageObject\",\"inLanguage\":\"de\",\"@id\":\"https:\/\/lifesupportdistribution.fr\/de\/#\/schema\/logo\/image\/\",\"url\":\"https:\/\/lifesupportdistribution.fr\/wp-content\/uploads\/2025\/10\/logo-life-support-distribution.svg\",\"contentUrl\":\"https:\/\/lifesupportdistribution.fr\/wp-content\/uploads\/2025\/10\/logo-life-support-distribution.svg\",\"width\":698,\"height\":223,\"caption\":\"Life Support Distribution\"},\"image\":{\"@id\":\"https:\/\/lifesupportdistribution.fr\/de\/#\/schema\/logo\/image\/\"},\"sameAs\":[\"https:\/\/www.linkedin.com\/company\/life-support-distribution\/\"]}]}<\/script>\n<!-- \/ Yoast SEO plugin. -->","yoast_head_json":{"title":"Sutures Trainer Decent Simulators \u2013 Nahtsimulator","description":"Decent Simulators Nahtsimulator: Ein realistisches Werkzeug zum Erlernen von Naht-, Inzisions- und Hautverschlusstechniken.","robots":{"index":"index","follow":"follow","max-snippet":"max-snippet:-1","max-image-preview":"max-image-preview:large","max-video-preview":"max-video-preview:-1"},"canonical":"https:\/\/lifesupportdistribution.fr\/de\/produkt\/nahtsimulator-decent-simulators\/","og_locale":"de_DE","og_type":"article","og_title":"Sutures Trainer Decent Simulators \u2013 Nahtsimulator","og_description":"Decent Simulators Nahtsimulator: Ein realistisches Werkzeug zum Erlernen von Naht-, Inzisions- und Hautverschlusstechniken.","og_url":"https:\/\/lifesupportdistribution.fr\/de\/produkt\/nahtsimulator-decent-simulators\/","og_site_name":"Life Support Distribution","og_image":[{"width":1178,"height":784,"url":"https:\/\/lifesupportdistribution.fr\/wp-content\/uploads\/2025\/11\/Photo-suture-DS-1.png","type":"image\/png"}],"twitter_card":"summary_large_image","twitter_misc":{"Gesch\u00e4tzte Lesezeit":"1\u00a0Minute"},"schema":{"@context":"https:\/\/schema.org","@graph":[{"@type":"WebPage","@id":"https:\/\/lifesupportdistribution.fr\/de\/produkt\/nahtsimulator-decent-simulators\/","url":"https:\/\/lifesupportdistribution.fr\/de\/produkt\/nahtsimulator-decent-simulators\/","name":"Sutures Trainer Decent Simulators \u2013 Nahtsimulator","isPartOf":{"@id":"https:\/\/lifesupportdistribution.fr\/de\/#website"},"primaryImageOfPage":{"@id":"https:\/\/lifesupportdistribution.fr\/de\/produkt\/nahtsimulator-decent-simulators\/#primaryimage"},"image":{"@id":"https:\/\/lifesupportdistribution.fr\/de\/produkt\/nahtsimulator-decent-simulators\/#primaryimage"},"thumbnailUrl":"https:\/\/lifesupportdistribution.fr\/wp-content\/uploads\/2025\/11\/Photo-suture-DS-1.png","datePublished":"2025-11-26T09:21:58+00:00","description":"Decent Simulators Nahtsimulator: Ein realistisches Werkzeug zum Erlernen von Naht-, Inzisions- und Hautverschlusstechniken.","breadcrumb":{"@id":"https:\/\/lifesupportdistribution.fr\/de\/produkt\/nahtsimulator-decent-simulators\/#breadcrumb"},"inLanguage":"de","potentialAction":[{"@type":"ReadAction","target":["https:\/\/lifesupportdistribution.fr\/de\/produkt\/nahtsimulator-decent-simulators\/"]}]},{"@type":"ImageObject","inLanguage":"de","@id":"https:\/\/lifesupportdistribution.fr\/de\/produkt\/nahtsimulator-decent-simulators\/#primaryimage","url":"https:\/\/lifesupportdistribution.fr\/wp-content\/uploads\/2025\/11\/Photo-suture-DS-1.png","contentUrl":"https:\/\/lifesupportdistribution.fr\/wp-content\/uploads\/2025\/11\/Photo-suture-DS-1.png","width":1178,"height":784},{"@type":"BreadcrumbList","@id":"https:\/\/lifesupportdistribution.fr\/de\/produkt\/nahtsimulator-decent-simulators\/#breadcrumb","itemListElement":[{"@type":"ListItem","position":1,"name":"Accueil","item":"https:\/\/lifesupportdistribution.fr\/de\/startseite\/"},{"@type":"ListItem","position":2,"name":"Shop","item":"https:\/\/lifesupportdistribution.fr\/de\/shop\/"},{"@type":"ListItem","position":3,"name":"Nahtsimulator \u2013 Decent Simulators"}]},{"@type":"WebSite","@id":"https:\/\/lifesupportdistribution.fr\/de\/#website","url":"https:\/\/lifesupportdistribution.fr\/de\/","name":"Life Support Distribution","description":"Solutions en simulation m\u00e9dicale","publisher":{"@id":"https:\/\/lifesupportdistribution.fr\/de\/#organization"},"potentialAction":[{"@type":"SearchAction","target":{"@type":"EntryPoint","urlTemplate":"https:\/\/lifesupportdistribution.fr\/de\/?s={search_term_string}"},"query-input":{"@type":"PropertyValueSpecification","valueRequired":true,"valueName":"search_term_string"}}],"inLanguage":"de"},{"@type":"Organization","@id":"https:\/\/lifesupportdistribution.fr\/de\/#organization","name":"Life Support Distribution","url":"https:\/\/lifesupportdistribution.fr\/de\/","logo":{"@type":"ImageObject","inLanguage":"de","@id":"https:\/\/lifesupportdistribution.fr\/de\/#\/schema\/logo\/image\/","url":"https:\/\/lifesupportdistribution.fr\/wp-content\/uploads\/2025\/10\/logo-life-support-distribution.svg","contentUrl":"https:\/\/lifesupportdistribution.fr\/wp-content\/uploads\/2025\/10\/logo-life-support-distribution.svg","width":698,"height":223,"caption":"Life Support Distribution"},"image":{"@id":"https:\/\/lifesupportdistribution.fr\/de\/#\/schema\/logo\/image\/"},"sameAs":["https:\/\/www.linkedin.com\/company\/life-support-distribution\/"]}]}},"_links":{"self":[{"href":"https:\/\/lifesupportdistribution.fr\/de\/wp-json\/wp\/v2\/product\/6397","targetHints":{"allow":["GET"]}}],"collection":[{"href":"https:\/\/lifesupportdistribution.fr\/de\/wp-json\/wp\/v2\/product"}],"about":[{"href":"https:\/\/lifesupportdistribution.fr\/de\/wp-json\/wp\/v2\/types\/product"}],"wp:featuredmedia":[{"embeddable":true,"href":"https:\/\/lifesupportdistribution.fr\/de\/wp-json\/wp\/v2\/media\/1953"}],"wp:attachment":[{"href":"https:\/\/lifesupportdistribution.fr\/de\/wp-json\/wp\/v2\/media?parent=6397"}],"wp:term":[{"taxonomy":"product_brand","embeddable":true,"href":"https:\/\/lifesupportdistribution.fr\/de\/wp-json\/wp\/v2\/product_brand?post=6397"},{"taxonomy":"product_cat","embeddable":true,"href":"https:\/\/lifesupportdistribution.fr\/de\/wp-json\/wp\/v2\/product_cat?post=6397"},{"taxonomy":"product_tag","embeddable":true,"href":"https:\/\/lifesupportdistribution.fr\/de\/wp-json\/wp\/v2\/product_tag?post=6397"}],"curies":[{"name":"wp","href":"https:\/\/api.w.org\/{rel}","templated":true}]}}