{"id":6405,"date":"2025-11-26T11:19:28","date_gmt":"2025-11-26T10:19:28","guid":{"rendered":"https:\/\/lifesupportdistribution.fr\/produits\/neugeborenen-atemwegsmanagement-simulator-decent-simulators\/"},"modified":"2025-11-26T11:19:28","modified_gmt":"2025-11-26T10:19:28","slug":"neugeborenen-atemwegsmanagement-simulator-decent-simulators","status":"publish","type":"product","link":"https:\/\/lifesupportdistribution.fr\/de\/produkt\/neugeborenen-atemwegsmanagement-simulator-decent-simulators\/","title":{"rendered":"Neugeborenen-Atemwegsmanagement-Simulator \u2013 Decent Simulators"},"content":{"rendered":"<p>Dieser Neugeborenen-Simulator wurde entwickelt, um den Anforderungen von medizinischen Simulationszentren, Pflegeschulen und Krankenhausabteilungen gerecht zu werden.<\/p>\n<p>Sein pr\u00e4zises anatomisches Design erm\u00f6glicht das \u00dcben verschiedener wesentlicher Handgriffe wie Beatmung und Intubation.<\/p>\n<p>Dank hochwertiger Materialien bildet er die Textur und Geschmeidigkeit der Haut eines Neugeborenen naturgetreu ab. Er ist robust genug f\u00fcr den wiederholten Einsatz, wobei sein p\u00e4dagogischer Realismus erhalten bleibt. <\/p>\n<p>Dieses Modell ist ideal f\u00fcr das Training von neonatalen Reanimationsprotokollen und der Basispflege, was eine bessere Vorbereitung der medizinischen Teams auf Notfallsituationen gew\u00e4hrleistet.<\/p>\n","protected":false},"excerpt":{"rendered":"<p>Der neonatale Atemwegssimulator von Decent Simulators ist f\u00fcr das praktische Training technischer Handgriffe und p\u00e4diatrischer Reanimationsma\u00dfnahmen konzipiert. Realistisch und vielseitig, erm\u00f6glicht er Studierenden und medizinischem Fachpersonal, unter realit\u00e4tsnahen klinischen Bedingungen zu \u00fcben und gleichzeitig die Versorgung bei neonatalen Notf\u00e4llen zu verbessern. <\/p>\n","protected":false},"featured_media":1964,"template":"","meta":[],"product_brand":[192],"product_cat":[222],"product_tag":[237,252,245,256,236,235],"class_list":{"0":"post-6405","1":"product","2":"type-product","3":"status-publish","4":"has-post-thumbnail","6":"product_brand-decent-simulators","7":"product_cat-simulatoren-fur-medizinische-versorgung","8":"product_tag-anasthesie","9":"product_tag-intensivmedizin","10":"product_tag-intensivpflege","11":"product_tag-neonatologie","12":"product_tag-notfallmedizin","13":"product_tag-padiatrie","15":"first","16":"instock","17":"shipping-taxable","18":"purchasable","19":"product-type-simple"},"yoast_head":"<!-- This site is optimized with the Yoast SEO plugin v26.8 - https:\/\/yoast.com\/product\/yoast-seo-wordpress\/ -->\n<title>Neonatal Airway Trainer Decent Simulators \u2013 Neugeborenes<\/title>\n<meta name=\"description\" content=\"Neugeborenen-Atemwegssimulator Decent Simulators: zum Erlernen von Intubation, Beatmung und neonataler Versorgung.\" \/>\n<meta name=\"robots\" content=\"index, follow, max-snippet:-1, max-image-preview:large, max-video-preview:-1\" \/>\n<link rel=\"canonical\" href=\"https:\/\/lifesupportdistribution.fr\/de\/produkt\/neugeborenen-atemwegsmanagement-simulator-decent-simulators\/\" \/>\n<meta property=\"og:locale\" content=\"de_DE\" \/>\n<meta property=\"og:type\" content=\"article\" \/>\n<meta property=\"og:title\" content=\"Neonatal Airway Trainer Decent Simulators \u2013 Neugeborenes\" \/>\n<meta property=\"og:description\" content=\"Neugeborenen-Atemwegssimulator Decent Simulators: zum Erlernen von Intubation, Beatmung und neonataler Versorgung.\" \/>\n<meta property=\"og:url\" content=\"https:\/\/lifesupportdistribution.fr\/de\/produkt\/neugeborenen-atemwegsmanagement-simulator-decent-simulators\/\" \/>\n<meta property=\"og:site_name\" content=\"Life Support Distribution\" \/>\n<meta property=\"og:image\" content=\"https:\/\/lifesupportdistribution.fr\/wp-content\/uploads\/2025\/11\/Photo-airway-newborn-DS-1.png\" \/>\n\t<meta property=\"og:image:width\" content=\"1376\" \/>\n\t<meta property=\"og:image:height\" content=\"920\" \/>\n\t<meta property=\"og:image:type\" content=\"image\/png\" \/>\n<meta name=\"twitter:card\" content=\"summary_large_image\" \/>\n<script type=\"application\/ld+json\" class=\"yoast-schema-graph\">{\"@context\":\"https:\/\/schema.org\",\"@graph\":[{\"@type\":\"WebPage\",\"@id\":\"https:\/\/lifesupportdistribution.fr\/de\/produkt\/neugeborenen-atemwegsmanagement-simulator-decent-simulators\/\",\"url\":\"https:\/\/lifesupportdistribution.fr\/de\/produkt\/neugeborenen-atemwegsmanagement-simulator-decent-simulators\/\",\"name\":\"Neonatal Airway Trainer Decent Simulators \u2013 Neugeborenes\",\"isPartOf\":{\"@id\":\"https:\/\/lifesupportdistribution.fr\/de\/#website\"},\"primaryImageOfPage\":{\"@id\":\"https:\/\/lifesupportdistribution.fr\/de\/produkt\/neugeborenen-atemwegsmanagement-simulator-decent-simulators\/#primaryimage\"},\"image\":{\"@id\":\"https:\/\/lifesupportdistribution.fr\/de\/produkt\/neugeborenen-atemwegsmanagement-simulator-decent-simulators\/#primaryimage\"},\"thumbnailUrl\":\"https:\/\/lifesupportdistribution.fr\/wp-content\/uploads\/2025\/11\/Photo-airway-newborn-DS-1.png\",\"datePublished\":\"2025-11-26T10:19:28+00:00\",\"description\":\"Neugeborenen-Atemwegssimulator Decent Simulators: zum Erlernen von Intubation, Beatmung und neonataler Versorgung.\",\"breadcrumb\":{\"@id\":\"https:\/\/lifesupportdistribution.fr\/de\/produkt\/neugeborenen-atemwegsmanagement-simulator-decent-simulators\/#breadcrumb\"},\"inLanguage\":\"de\",\"potentialAction\":[{\"@type\":\"ReadAction\",\"target\":[\"https:\/\/lifesupportdistribution.fr\/de\/produkt\/neugeborenen-atemwegsmanagement-simulator-decent-simulators\/\"]}]},{\"@type\":\"ImageObject\",\"inLanguage\":\"de\",\"@id\":\"https:\/\/lifesupportdistribution.fr\/de\/produkt\/neugeborenen-atemwegsmanagement-simulator-decent-simulators\/#primaryimage\",\"url\":\"https:\/\/lifesupportdistribution.fr\/wp-content\/uploads\/2025\/11\/Photo-airway-newborn-DS-1.png\",\"contentUrl\":\"https:\/\/lifesupportdistribution.fr\/wp-content\/uploads\/2025\/11\/Photo-airway-newborn-DS-1.png\",\"width\":1376,\"height\":920},{\"@type\":\"BreadcrumbList\",\"@id\":\"https:\/\/lifesupportdistribution.fr\/de\/produkt\/neugeborenen-atemwegsmanagement-simulator-decent-simulators\/#breadcrumb\",\"itemListElement\":[{\"@type\":\"ListItem\",\"position\":1,\"name\":\"Accueil\",\"item\":\"https:\/\/lifesupportdistribution.fr\/de\/startseite\/\"},{\"@type\":\"ListItem\",\"position\":2,\"name\":\"Shop\",\"item\":\"https:\/\/lifesupportdistribution.fr\/de\/shop\/\"},{\"@type\":\"ListItem\",\"position\":3,\"name\":\"Neugeborenen-Atemwegsmanagement-Simulator \u2013 Decent Simulators\"}]},{\"@type\":\"WebSite\",\"@id\":\"https:\/\/lifesupportdistribution.fr\/de\/#website\",\"url\":\"https:\/\/lifesupportdistribution.fr\/de\/\",\"name\":\"Life Support Distribution\",\"description\":\"Solutions en simulation m\u00e9dicale\",\"publisher\":{\"@id\":\"https:\/\/lifesupportdistribution.fr\/de\/#organization\"},\"potentialAction\":[{\"@type\":\"SearchAction\",\"target\":{\"@type\":\"EntryPoint\",\"urlTemplate\":\"https:\/\/lifesupportdistribution.fr\/de\/?s={search_term_string}\"},\"query-input\":{\"@type\":\"PropertyValueSpecification\",\"valueRequired\":true,\"valueName\":\"search_term_string\"}}],\"inLanguage\":\"de\"},{\"@type\":\"Organization\",\"@id\":\"https:\/\/lifesupportdistribution.fr\/de\/#organization\",\"name\":\"Life Support Distribution\",\"url\":\"https:\/\/lifesupportdistribution.fr\/de\/\",\"logo\":{\"@type\":\"ImageObject\",\"inLanguage\":\"de\",\"@id\":\"https:\/\/lifesupportdistribution.fr\/de\/#\/schema\/logo\/image\/\",\"url\":\"https:\/\/lifesupportdistribution.fr\/wp-content\/uploads\/2025\/10\/logo-life-support-distribution.svg\",\"contentUrl\":\"https:\/\/lifesupportdistribution.fr\/wp-content\/uploads\/2025\/10\/logo-life-support-distribution.svg\",\"width\":698,\"height\":223,\"caption\":\"Life Support Distribution\"},\"image\":{\"@id\":\"https:\/\/lifesupportdistribution.fr\/de\/#\/schema\/logo\/image\/\"},\"sameAs\":[\"https:\/\/www.linkedin.com\/company\/life-support-distribution\/\"]}]}<\/script>\n<!-- \/ Yoast SEO plugin. -->","yoast_head_json":{"title":"Neonatal Airway Trainer Decent Simulators \u2013 Neugeborenes","description":"Neugeborenen-Atemwegssimulator Decent Simulators: zum Erlernen von Intubation, Beatmung und neonataler Versorgung.","robots":{"index":"index","follow":"follow","max-snippet":"max-snippet:-1","max-image-preview":"max-image-preview:large","max-video-preview":"max-video-preview:-1"},"canonical":"https:\/\/lifesupportdistribution.fr\/de\/produkt\/neugeborenen-atemwegsmanagement-simulator-decent-simulators\/","og_locale":"de_DE","og_type":"article","og_title":"Neonatal Airway Trainer Decent Simulators \u2013 Neugeborenes","og_description":"Neugeborenen-Atemwegssimulator Decent Simulators: zum Erlernen von Intubation, Beatmung und neonataler Versorgung.","og_url":"https:\/\/lifesupportdistribution.fr\/de\/produkt\/neugeborenen-atemwegsmanagement-simulator-decent-simulators\/","og_site_name":"Life Support Distribution","og_image":[{"width":1376,"height":920,"url":"https:\/\/lifesupportdistribution.fr\/wp-content\/uploads\/2025\/11\/Photo-airway-newborn-DS-1.png","type":"image\/png"}],"twitter_card":"summary_large_image","schema":{"@context":"https:\/\/schema.org","@graph":[{"@type":"WebPage","@id":"https:\/\/lifesupportdistribution.fr\/de\/produkt\/neugeborenen-atemwegsmanagement-simulator-decent-simulators\/","url":"https:\/\/lifesupportdistribution.fr\/de\/produkt\/neugeborenen-atemwegsmanagement-simulator-decent-simulators\/","name":"Neonatal Airway Trainer Decent Simulators \u2013 Neugeborenes","isPartOf":{"@id":"https:\/\/lifesupportdistribution.fr\/de\/#website"},"primaryImageOfPage":{"@id":"https:\/\/lifesupportdistribution.fr\/de\/produkt\/neugeborenen-atemwegsmanagement-simulator-decent-simulators\/#primaryimage"},"image":{"@id":"https:\/\/lifesupportdistribution.fr\/de\/produkt\/neugeborenen-atemwegsmanagement-simulator-decent-simulators\/#primaryimage"},"thumbnailUrl":"https:\/\/lifesupportdistribution.fr\/wp-content\/uploads\/2025\/11\/Photo-airway-newborn-DS-1.png","datePublished":"2025-11-26T10:19:28+00:00","description":"Neugeborenen-Atemwegssimulator Decent Simulators: zum Erlernen von Intubation, Beatmung und neonataler Versorgung.","breadcrumb":{"@id":"https:\/\/lifesupportdistribution.fr\/de\/produkt\/neugeborenen-atemwegsmanagement-simulator-decent-simulators\/#breadcrumb"},"inLanguage":"de","potentialAction":[{"@type":"ReadAction","target":["https:\/\/lifesupportdistribution.fr\/de\/produkt\/neugeborenen-atemwegsmanagement-simulator-decent-simulators\/"]}]},{"@type":"ImageObject","inLanguage":"de","@id":"https:\/\/lifesupportdistribution.fr\/de\/produkt\/neugeborenen-atemwegsmanagement-simulator-decent-simulators\/#primaryimage","url":"https:\/\/lifesupportdistribution.fr\/wp-content\/uploads\/2025\/11\/Photo-airway-newborn-DS-1.png","contentUrl":"https:\/\/lifesupportdistribution.fr\/wp-content\/uploads\/2025\/11\/Photo-airway-newborn-DS-1.png","width":1376,"height":920},{"@type":"BreadcrumbList","@id":"https:\/\/lifesupportdistribution.fr\/de\/produkt\/neugeborenen-atemwegsmanagement-simulator-decent-simulators\/#breadcrumb","itemListElement":[{"@type":"ListItem","position":1,"name":"Accueil","item":"https:\/\/lifesupportdistribution.fr\/de\/startseite\/"},{"@type":"ListItem","position":2,"name":"Shop","item":"https:\/\/lifesupportdistribution.fr\/de\/shop\/"},{"@type":"ListItem","position":3,"name":"Neugeborenen-Atemwegsmanagement-Simulator \u2013 Decent Simulators"}]},{"@type":"WebSite","@id":"https:\/\/lifesupportdistribution.fr\/de\/#website","url":"https:\/\/lifesupportdistribution.fr\/de\/","name":"Life Support Distribution","description":"Solutions en simulation m\u00e9dicale","publisher":{"@id":"https:\/\/lifesupportdistribution.fr\/de\/#organization"},"potentialAction":[{"@type":"SearchAction","target":{"@type":"EntryPoint","urlTemplate":"https:\/\/lifesupportdistribution.fr\/de\/?s={search_term_string}"},"query-input":{"@type":"PropertyValueSpecification","valueRequired":true,"valueName":"search_term_string"}}],"inLanguage":"de"},{"@type":"Organization","@id":"https:\/\/lifesupportdistribution.fr\/de\/#organization","name":"Life Support Distribution","url":"https:\/\/lifesupportdistribution.fr\/de\/","logo":{"@type":"ImageObject","inLanguage":"de","@id":"https:\/\/lifesupportdistribution.fr\/de\/#\/schema\/logo\/image\/","url":"https:\/\/lifesupportdistribution.fr\/wp-content\/uploads\/2025\/10\/logo-life-support-distribution.svg","contentUrl":"https:\/\/lifesupportdistribution.fr\/wp-content\/uploads\/2025\/10\/logo-life-support-distribution.svg","width":698,"height":223,"caption":"Life Support Distribution"},"image":{"@id":"https:\/\/lifesupportdistribution.fr\/de\/#\/schema\/logo\/image\/"},"sameAs":["https:\/\/www.linkedin.com\/company\/life-support-distribution\/"]}]}},"_links":{"self":[{"href":"https:\/\/lifesupportdistribution.fr\/de\/wp-json\/wp\/v2\/product\/6405","targetHints":{"allow":["GET"]}}],"collection":[{"href":"https:\/\/lifesupportdistribution.fr\/de\/wp-json\/wp\/v2\/product"}],"about":[{"href":"https:\/\/lifesupportdistribution.fr\/de\/wp-json\/wp\/v2\/types\/product"}],"wp:featuredmedia":[{"embeddable":true,"href":"https:\/\/lifesupportdistribution.fr\/de\/wp-json\/wp\/v2\/media\/1964"}],"wp:attachment":[{"href":"https:\/\/lifesupportdistribution.fr\/de\/wp-json\/wp\/v2\/media?parent=6405"}],"wp:term":[{"taxonomy":"product_brand","embeddable":true,"href":"https:\/\/lifesupportdistribution.fr\/de\/wp-json\/wp\/v2\/product_brand?post=6405"},{"taxonomy":"product_cat","embeddable":true,"href":"https:\/\/lifesupportdistribution.fr\/de\/wp-json\/wp\/v2\/product_cat?post=6405"},{"taxonomy":"product_tag","embeddable":true,"href":"https:\/\/lifesupportdistribution.fr\/de\/wp-json\/wp\/v2\/product_tag?post=6405"}],"curies":[{"name":"wp","href":"https:\/\/api.w.org\/{rel}","templated":true}]}}