{"id":6409,"date":"2025-11-26T00:35:57","date_gmt":"2025-11-25T23:35:57","guid":{"rendered":"https:\/\/lifesupportdistribution.fr\/produits\/ear-t-simulationsohrthermometer-innov2learn\/"},"modified":"2025-11-26T00:35:57","modified_gmt":"2025-11-25T23:35:57","slug":"ear-t-simulationsohrthermometer-innov2learn","status":"publish","type":"product","link":"https:\/\/lifesupportdistribution.fr\/de\/produkt\/ear-t-simulationsohrthermometer-innov2learn\/","title":{"rendered":"Ear-T \u2013 Simulationsohrthermometer \u2013 Innov2Learn"},"content":{"rendered":"<p>Das Ear-T ist von Thermometern inspiriert, die am Patientenbett verwendet werden. Es zeigt eine vom Ausbilder \u00fcber die Innov2Learn App definierte Temperatur an, mit einem klaren Digitaldisplay und einem akustischen Signal am Ende der Messung. <\/p>\n<p>Es funktioniert dank seines internen Akkus einen ganzen Trainingstag lang, mit Anzeige in \u00b0C oder \u00b0F.<\/p>\n<p>Die Verwendung von Einweg-Sondenkappen vom Typ Braun ThermoScan erh\u00f6ht den klinischen Realismus und gew\u00e4hrleistet gleichzeitig Hygienestandards.<\/p>\n<p>Dank seiner Kompatibilit\u00e4t mit Mannequins aller Fidelity-Stufen und standardisierten Patienten erm\u00f6glicht das Ear-T die Integration der Temperatur als dynamische Variable in p\u00e4dagogische Szenarien, indem die Temperatur des \u201ePatienten\u201c in Echtzeit angepasst wird.<\/p>\n","protected":false},"excerpt":{"rendered":"<p>Das Ear-T von Innov2Learn ist das erste Ohrthermometer, das vollst\u00e4ndig der Simulation gewidmet ist. Verbunden mit der Innov2Learn Mobil-App zeigt es die vom Ausbilder gew\u00e4hlte Temperatur an und reproduziert die Ohr-Temperaturmessung sowohl an Mannequins als auch an standardisierten Patienten naturgetreu. Kompakt, einfach zu bedienen und f\u00fcr intensiven Gebrauch konzipiert, l\u00e4sst es sich perfekt in Triage-, P\u00e4diatrie-, Innere Medizin- oder Notfallszenarien integrieren.  <\/p>\n","protected":false},"featured_media":6681,"template":"","meta":[],"product_brand":[199],"product_cat":[222],"product_tag":[230,246,249,251,236],"class_list":{"0":"post-6409","1":"product","2":"type-product","3":"status-publish","4":"has-post-thumbnail","6":"product_brand-innov2learn","7":"product_cat-simulatoren-fur-medizinische-versorgung","8":"product_tag-allgemeinmedizin","9":"product_tag-hno","10":"product_tag-innere-medizin","11":"product_tag-krankenpflege","12":"product_tag-notfallmedizin","14":"first","15":"instock","16":"shipping-taxable","17":"purchasable","18":"product-type-simple"},"yoast_head":"<!-- This site is optimized with the Yoast SEO plugin v26.8 - https:\/\/yoast.com\/product\/yoast-seo-wordpress\/ -->\n<title>Ear-T Innov2Learn \u2013 Simulationsohrthermometer<\/title>\n<meta name=\"description\" content=\"Ear-T Innov2Learn: Simulator f\u00fcr Ohrmessungen, um den pr\u00e4zisen und realistischen Einsatz von Trommelfellthermometern zu erlernen.\" \/>\n<meta name=\"robots\" content=\"index, follow, max-snippet:-1, max-image-preview:large, max-video-preview:-1\" \/>\n<link rel=\"canonical\" href=\"https:\/\/lifesupportdistribution.fr\/de\/produkt\/ear-t-simulationsohrthermometer-innov2learn\/\" \/>\n<meta property=\"og:locale\" content=\"de_DE\" \/>\n<meta property=\"og:type\" content=\"article\" \/>\n<meta property=\"og:title\" content=\"Ear-T Innov2Learn \u2013 Simulationsohrthermometer\" \/>\n<meta property=\"og:description\" content=\"Ear-T Innov2Learn: Simulator f\u00fcr Ohrmessungen, um den pr\u00e4zisen und realistischen Einsatz von Trommelfellthermometern zu erlernen.\" \/>\n<meta property=\"og:url\" content=\"https:\/\/lifesupportdistribution.fr\/de\/produkt\/ear-t-simulationsohrthermometer-innov2learn\/\" \/>\n<meta property=\"og:site_name\" content=\"Life Support Distribution\" \/>\n<meta property=\"og:image\" content=\"https:\/\/lifesupportdistribution.fr\/wp-content\/uploads\/2025\/11\/Photo-Ear-T-1.png\" \/>\n\t<meta property=\"og:image:width\" content=\"1536\" \/>\n\t<meta property=\"og:image:height\" content=\"1187\" \/>\n\t<meta property=\"og:image:type\" content=\"image\/png\" \/>\n<meta name=\"twitter:card\" content=\"summary_large_image\" \/>\n<meta name=\"twitter:label1\" content=\"Gesch\u00e4tzte Lesezeit\" \/>\n\t<meta name=\"twitter:data1\" content=\"1\u00a0Minute\" \/>\n<script type=\"application\/ld+json\" class=\"yoast-schema-graph\">{\"@context\":\"https:\/\/schema.org\",\"@graph\":[{\"@type\":\"WebPage\",\"@id\":\"https:\/\/lifesupportdistribution.fr\/de\/produkt\/ear-t-simulationsohrthermometer-innov2learn\/\",\"url\":\"https:\/\/lifesupportdistribution.fr\/de\/produkt\/ear-t-simulationsohrthermometer-innov2learn\/\",\"name\":\"Ear-T Innov2Learn \u2013 Simulationsohrthermometer\",\"isPartOf\":{\"@id\":\"https:\/\/lifesupportdistribution.fr\/de\/#website\"},\"primaryImageOfPage\":{\"@id\":\"https:\/\/lifesupportdistribution.fr\/de\/produkt\/ear-t-simulationsohrthermometer-innov2learn\/#primaryimage\"},\"image\":{\"@id\":\"https:\/\/lifesupportdistribution.fr\/de\/produkt\/ear-t-simulationsohrthermometer-innov2learn\/#primaryimage\"},\"thumbnailUrl\":\"https:\/\/lifesupportdistribution.fr\/wp-content\/uploads\/2025\/11\/Image-ear-t-1-scaled.jpg\",\"datePublished\":\"2025-11-25T23:35:57+00:00\",\"description\":\"Ear-T Innov2Learn: Simulator f\u00fcr Ohrmessungen, um den pr\u00e4zisen und realistischen Einsatz von Trommelfellthermometern zu erlernen.\",\"breadcrumb\":{\"@id\":\"https:\/\/lifesupportdistribution.fr\/de\/produkt\/ear-t-simulationsohrthermometer-innov2learn\/#breadcrumb\"},\"inLanguage\":\"de\",\"potentialAction\":[{\"@type\":\"ReadAction\",\"target\":[\"https:\/\/lifesupportdistribution.fr\/de\/produkt\/ear-t-simulationsohrthermometer-innov2learn\/\"]}]},{\"@type\":\"ImageObject\",\"inLanguage\":\"de\",\"@id\":\"https:\/\/lifesupportdistribution.fr\/de\/produkt\/ear-t-simulationsohrthermometer-innov2learn\/#primaryimage\",\"url\":\"https:\/\/lifesupportdistribution.fr\/wp-content\/uploads\/2025\/11\/Image-ear-t-1-scaled.jpg\",\"contentUrl\":\"https:\/\/lifesupportdistribution.fr\/wp-content\/uploads\/2025\/11\/Image-ear-t-1-scaled.jpg\",\"width\":2560,\"height\":1707},{\"@type\":\"BreadcrumbList\",\"@id\":\"https:\/\/lifesupportdistribution.fr\/de\/produkt\/ear-t-simulationsohrthermometer-innov2learn\/#breadcrumb\",\"itemListElement\":[{\"@type\":\"ListItem\",\"position\":1,\"name\":\"Accueil\",\"item\":\"https:\/\/lifesupportdistribution.fr\/de\/startseite\/\"},{\"@type\":\"ListItem\",\"position\":2,\"name\":\"Shop\",\"item\":\"https:\/\/lifesupportdistribution.fr\/de\/shop\/\"},{\"@type\":\"ListItem\",\"position\":3,\"name\":\"Ear-T \u2013 Simulationsohrthermometer \u2013 Innov2Learn\"}]},{\"@type\":\"WebSite\",\"@id\":\"https:\/\/lifesupportdistribution.fr\/de\/#website\",\"url\":\"https:\/\/lifesupportdistribution.fr\/de\/\",\"name\":\"Life Support Distribution\",\"description\":\"Solutions en simulation m\u00e9dicale\",\"publisher\":{\"@id\":\"https:\/\/lifesupportdistribution.fr\/de\/#organization\"},\"potentialAction\":[{\"@type\":\"SearchAction\",\"target\":{\"@type\":\"EntryPoint\",\"urlTemplate\":\"https:\/\/lifesupportdistribution.fr\/de\/?s={search_term_string}\"},\"query-input\":{\"@type\":\"PropertyValueSpecification\",\"valueRequired\":true,\"valueName\":\"search_term_string\"}}],\"inLanguage\":\"de\"},{\"@type\":\"Organization\",\"@id\":\"https:\/\/lifesupportdistribution.fr\/de\/#organization\",\"name\":\"Life Support Distribution\",\"url\":\"https:\/\/lifesupportdistribution.fr\/de\/\",\"logo\":{\"@type\":\"ImageObject\",\"inLanguage\":\"de\",\"@id\":\"https:\/\/lifesupportdistribution.fr\/de\/#\/schema\/logo\/image\/\",\"url\":\"https:\/\/lifesupportdistribution.fr\/wp-content\/uploads\/2025\/10\/logo-life-support-distribution.svg\",\"contentUrl\":\"https:\/\/lifesupportdistribution.fr\/wp-content\/uploads\/2025\/10\/logo-life-support-distribution.svg\",\"width\":698,\"height\":223,\"caption\":\"Life Support Distribution\"},\"image\":{\"@id\":\"https:\/\/lifesupportdistribution.fr\/de\/#\/schema\/logo\/image\/\"},\"sameAs\":[\"https:\/\/www.linkedin.com\/company\/life-support-distribution\/\"]}]}<\/script>\n<!-- \/ Yoast SEO plugin. -->","yoast_head_json":{"title":"Ear-T Innov2Learn \u2013 Simulationsohrthermometer","description":"Ear-T Innov2Learn: Simulator f\u00fcr Ohrmessungen, um den pr\u00e4zisen und realistischen Einsatz von Trommelfellthermometern zu erlernen.","robots":{"index":"index","follow":"follow","max-snippet":"max-snippet:-1","max-image-preview":"max-image-preview:large","max-video-preview":"max-video-preview:-1"},"canonical":"https:\/\/lifesupportdistribution.fr\/de\/produkt\/ear-t-simulationsohrthermometer-innov2learn\/","og_locale":"de_DE","og_type":"article","og_title":"Ear-T Innov2Learn \u2013 Simulationsohrthermometer","og_description":"Ear-T Innov2Learn: Simulator f\u00fcr Ohrmessungen, um den pr\u00e4zisen und realistischen Einsatz von Trommelfellthermometern zu erlernen.","og_url":"https:\/\/lifesupportdistribution.fr\/de\/produkt\/ear-t-simulationsohrthermometer-innov2learn\/","og_site_name":"Life Support Distribution","og_image":[{"width":1536,"height":1187,"url":"https:\/\/lifesupportdistribution.fr\/wp-content\/uploads\/2025\/11\/Photo-Ear-T-1.png","type":"image\/png"}],"twitter_card":"summary_large_image","twitter_misc":{"Gesch\u00e4tzte Lesezeit":"1\u00a0Minute"},"schema":{"@context":"https:\/\/schema.org","@graph":[{"@type":"WebPage","@id":"https:\/\/lifesupportdistribution.fr\/de\/produkt\/ear-t-simulationsohrthermometer-innov2learn\/","url":"https:\/\/lifesupportdistribution.fr\/de\/produkt\/ear-t-simulationsohrthermometer-innov2learn\/","name":"Ear-T Innov2Learn \u2013 Simulationsohrthermometer","isPartOf":{"@id":"https:\/\/lifesupportdistribution.fr\/de\/#website"},"primaryImageOfPage":{"@id":"https:\/\/lifesupportdistribution.fr\/de\/produkt\/ear-t-simulationsohrthermometer-innov2learn\/#primaryimage"},"image":{"@id":"https:\/\/lifesupportdistribution.fr\/de\/produkt\/ear-t-simulationsohrthermometer-innov2learn\/#primaryimage"},"thumbnailUrl":"https:\/\/lifesupportdistribution.fr\/wp-content\/uploads\/2025\/11\/Image-ear-t-1-scaled.jpg","datePublished":"2025-11-25T23:35:57+00:00","description":"Ear-T Innov2Learn: Simulator f\u00fcr Ohrmessungen, um den pr\u00e4zisen und realistischen Einsatz von Trommelfellthermometern zu erlernen.","breadcrumb":{"@id":"https:\/\/lifesupportdistribution.fr\/de\/produkt\/ear-t-simulationsohrthermometer-innov2learn\/#breadcrumb"},"inLanguage":"de","potentialAction":[{"@type":"ReadAction","target":["https:\/\/lifesupportdistribution.fr\/de\/produkt\/ear-t-simulationsohrthermometer-innov2learn\/"]}]},{"@type":"ImageObject","inLanguage":"de","@id":"https:\/\/lifesupportdistribution.fr\/de\/produkt\/ear-t-simulationsohrthermometer-innov2learn\/#primaryimage","url":"https:\/\/lifesupportdistribution.fr\/wp-content\/uploads\/2025\/11\/Image-ear-t-1-scaled.jpg","contentUrl":"https:\/\/lifesupportdistribution.fr\/wp-content\/uploads\/2025\/11\/Image-ear-t-1-scaled.jpg","width":2560,"height":1707},{"@type":"BreadcrumbList","@id":"https:\/\/lifesupportdistribution.fr\/de\/produkt\/ear-t-simulationsohrthermometer-innov2learn\/#breadcrumb","itemListElement":[{"@type":"ListItem","position":1,"name":"Accueil","item":"https:\/\/lifesupportdistribution.fr\/de\/startseite\/"},{"@type":"ListItem","position":2,"name":"Shop","item":"https:\/\/lifesupportdistribution.fr\/de\/shop\/"},{"@type":"ListItem","position":3,"name":"Ear-T \u2013 Simulationsohrthermometer \u2013 Innov2Learn"}]},{"@type":"WebSite","@id":"https:\/\/lifesupportdistribution.fr\/de\/#website","url":"https:\/\/lifesupportdistribution.fr\/de\/","name":"Life Support Distribution","description":"Solutions en simulation m\u00e9dicale","publisher":{"@id":"https:\/\/lifesupportdistribution.fr\/de\/#organization"},"potentialAction":[{"@type":"SearchAction","target":{"@type":"EntryPoint","urlTemplate":"https:\/\/lifesupportdistribution.fr\/de\/?s={search_term_string}"},"query-input":{"@type":"PropertyValueSpecification","valueRequired":true,"valueName":"search_term_string"}}],"inLanguage":"de"},{"@type":"Organization","@id":"https:\/\/lifesupportdistribution.fr\/de\/#organization","name":"Life Support Distribution","url":"https:\/\/lifesupportdistribution.fr\/de\/","logo":{"@type":"ImageObject","inLanguage":"de","@id":"https:\/\/lifesupportdistribution.fr\/de\/#\/schema\/logo\/image\/","url":"https:\/\/lifesupportdistribution.fr\/wp-content\/uploads\/2025\/10\/logo-life-support-distribution.svg","contentUrl":"https:\/\/lifesupportdistribution.fr\/wp-content\/uploads\/2025\/10\/logo-life-support-distribution.svg","width":698,"height":223,"caption":"Life Support Distribution"},"image":{"@id":"https:\/\/lifesupportdistribution.fr\/de\/#\/schema\/logo\/image\/"},"sameAs":["https:\/\/www.linkedin.com\/company\/life-support-distribution\/"]}]}},"_links":{"self":[{"href":"https:\/\/lifesupportdistribution.fr\/de\/wp-json\/wp\/v2\/product\/6409","targetHints":{"allow":["GET"]}}],"collection":[{"href":"https:\/\/lifesupportdistribution.fr\/de\/wp-json\/wp\/v2\/product"}],"about":[{"href":"https:\/\/lifesupportdistribution.fr\/de\/wp-json\/wp\/v2\/types\/product"}],"wp:featuredmedia":[{"embeddable":true,"href":"https:\/\/lifesupportdistribution.fr\/de\/wp-json\/wp\/v2\/media\/6681"}],"wp:attachment":[{"href":"https:\/\/lifesupportdistribution.fr\/de\/wp-json\/wp\/v2\/media?parent=6409"}],"wp:term":[{"taxonomy":"product_brand","embeddable":true,"href":"https:\/\/lifesupportdistribution.fr\/de\/wp-json\/wp\/v2\/product_brand?post=6409"},{"taxonomy":"product_cat","embeddable":true,"href":"https:\/\/lifesupportdistribution.fr\/de\/wp-json\/wp\/v2\/product_cat?post=6409"},{"taxonomy":"product_tag","embeddable":true,"href":"https:\/\/lifesupportdistribution.fr\/de\/wp-json\/wp\/v2\/product_tag?post=6409"}],"curies":[{"name":"wp","href":"https:\/\/api.w.org\/{rel}","templated":true}]}}