{"id":6411,"date":"2025-11-26T11:49:11","date_gmt":"2025-11-26T10:49:11","guid":{"rendered":"https:\/\/lifesupportdistribution.fr\/produits\/blasenkatheterisierungs-simulator-decent-simulators\/"},"modified":"2025-11-26T11:49:11","modified_gmt":"2025-11-26T10:49:11","slug":"blasenkatheterisierungs-simulator-decent-simulators","status":"publish","type":"product","link":"https:\/\/lifesupportdistribution.fr\/de\/produkt\/blasenkatheterisierungs-simulator-decent-simulators\/","title":{"rendered":"Blasenkatheterisierungs-Simulator \u2013 Decent Simulators"},"content":{"rendered":"<p>Dieser vielseitige Simulator bietet eine umfassende Erfahrung zum Erlernen der Harnkatheterisierungstechniken, einschlie\u00dflich der Materialauswahl, der aseptischen Katheterisierung und des patientenbezogenen Aspekts.<\/p>\n<p>Basierend auf realen anatomischen Daten gefertigt, reproduziert er getreu die Genitalstrukturen und physiologischen Bedingungen durch einen realistischen Fl\u00fcssigkeitsfluss.<\/p>\n<p>Erh\u00e4ltlich in verschiedenen Hautfarben, umfasst er zahlreiche Ersatzteile f\u00fcr intensiven und dauerhaften Gebrauch. Sein robustes und modulares Design erm\u00f6glicht die zuverl\u00e4ssige Wiederholung von Handgriffen bei gleichzeitig hohem Realismusgrad. <\/p>\n","protected":false},"excerpt":{"rendered":"<p>Der prozedurale Blasenkatheterisierungs-Simulator von Decent Simulators ist f\u00fcr die praktische Ausbildung in der Harnkatheterisierung konzipiert. Vielseitig und realistisch, integriert er austauschbare m\u00e4nnliche und weibliche Genitalien, was es medizinischem Fachpersonal und Studenten erm\u00f6glicht, unter vielf\u00e4ltigen und kliniknahen Lehrbedingungen zu \u00fcben. <\/p>\n","protected":false},"featured_media":1974,"template":"","meta":[],"product_brand":[192],"product_cat":[222],"product_tag":[232,245,251,236,244],"class_list":{"0":"post-6411","1":"product","2":"type-product","3":"status-publish","4":"has-post-thumbnail","6":"product_brand-decent-simulators","7":"product_cat-simulatoren-fur-medizinische-versorgung","8":"product_tag-geriatrische-medizin","9":"product_tag-intensivpflege","10":"product_tag-krankenpflege","11":"product_tag-notfallmedizin","12":"product_tag-urologie","14":"first","15":"instock","16":"shipping-taxable","17":"purchasable","18":"product-type-simple"},"yoast_head":"<!-- This site is optimized with the Yoast SEO plugin v26.8 - https:\/\/yoast.com\/product\/yoast-seo-wordpress\/ -->\n<title>Katheterisierungs-Trainer \u2013 Decent Simulators<\/title>\n<meta name=\"description\" content=\"Katheterisierungs-Simulator von Decent Simulators: realistisches Modell zum Erlernen der Katheterplatzierung, steriler Techniken und der Patientenversorgung.\" \/>\n<meta name=\"robots\" content=\"index, follow, max-snippet:-1, max-image-preview:large, max-video-preview:-1\" \/>\n<link rel=\"canonical\" href=\"https:\/\/lifesupportdistribution.fr\/de\/produkt\/blasenkatheterisierungs-simulator-decent-simulators\/\" \/>\n<meta property=\"og:locale\" content=\"de_DE\" \/>\n<meta property=\"og:type\" content=\"article\" \/>\n<meta property=\"og:title\" content=\"Katheterisierungs-Trainer \u2013 Decent Simulators\" \/>\n<meta property=\"og:description\" content=\"Katheterisierungs-Simulator von Decent Simulators: realistisches Modell zum Erlernen der Katheterplatzierung, steriler Techniken und der Patientenversorgung.\" \/>\n<meta property=\"og:url\" content=\"https:\/\/lifesupportdistribution.fr\/de\/produkt\/blasenkatheterisierungs-simulator-decent-simulators\/\" \/>\n<meta property=\"og:site_name\" content=\"Life Support Distribution\" \/>\n<meta property=\"og:image\" content=\"https:\/\/lifesupportdistribution.fr\/wp-content\/uploads\/2025\/11\/Photo-sondage-vesical-DS-1.png\" \/>\n\t<meta property=\"og:image:width\" content=\"1090\" \/>\n\t<meta property=\"og:image:height\" content=\"744\" \/>\n\t<meta property=\"og:image:type\" content=\"image\/png\" \/>\n<meta name=\"twitter:card\" content=\"summary_large_image\" \/>\n<script type=\"application\/ld+json\" class=\"yoast-schema-graph\">{\"@context\":\"https:\/\/schema.org\",\"@graph\":[{\"@type\":\"WebPage\",\"@id\":\"https:\/\/lifesupportdistribution.fr\/de\/produkt\/blasenkatheterisierungs-simulator-decent-simulators\/\",\"url\":\"https:\/\/lifesupportdistribution.fr\/de\/produkt\/blasenkatheterisierungs-simulator-decent-simulators\/\",\"name\":\"Katheterisierungs-Trainer \u2013 Decent Simulators\",\"isPartOf\":{\"@id\":\"https:\/\/lifesupportdistribution.fr\/de\/#website\"},\"primaryImageOfPage\":{\"@id\":\"https:\/\/lifesupportdistribution.fr\/de\/produkt\/blasenkatheterisierungs-simulator-decent-simulators\/#primaryimage\"},\"image\":{\"@id\":\"https:\/\/lifesupportdistribution.fr\/de\/produkt\/blasenkatheterisierungs-simulator-decent-simulators\/#primaryimage\"},\"thumbnailUrl\":\"https:\/\/lifesupportdistribution.fr\/wp-content\/uploads\/2025\/11\/Photo-sondage-vesical-DS-1.png\",\"datePublished\":\"2025-11-26T10:49:11+00:00\",\"description\":\"Katheterisierungs-Simulator von Decent Simulators: realistisches Modell zum Erlernen der Katheterplatzierung, steriler Techniken und der Patientenversorgung.\",\"breadcrumb\":{\"@id\":\"https:\/\/lifesupportdistribution.fr\/de\/produkt\/blasenkatheterisierungs-simulator-decent-simulators\/#breadcrumb\"},\"inLanguage\":\"de\",\"potentialAction\":[{\"@type\":\"ReadAction\",\"target\":[\"https:\/\/lifesupportdistribution.fr\/de\/produkt\/blasenkatheterisierungs-simulator-decent-simulators\/\"]}]},{\"@type\":\"ImageObject\",\"inLanguage\":\"de\",\"@id\":\"https:\/\/lifesupportdistribution.fr\/de\/produkt\/blasenkatheterisierungs-simulator-decent-simulators\/#primaryimage\",\"url\":\"https:\/\/lifesupportdistribution.fr\/wp-content\/uploads\/2025\/11\/Photo-sondage-vesical-DS-1.png\",\"contentUrl\":\"https:\/\/lifesupportdistribution.fr\/wp-content\/uploads\/2025\/11\/Photo-sondage-vesical-DS-1.png\",\"width\":1090,\"height\":744},{\"@type\":\"BreadcrumbList\",\"@id\":\"https:\/\/lifesupportdistribution.fr\/de\/produkt\/blasenkatheterisierungs-simulator-decent-simulators\/#breadcrumb\",\"itemListElement\":[{\"@type\":\"ListItem\",\"position\":1,\"name\":\"Accueil\",\"item\":\"https:\/\/lifesupportdistribution.fr\/de\/startseite\/\"},{\"@type\":\"ListItem\",\"position\":2,\"name\":\"Shop\",\"item\":\"https:\/\/lifesupportdistribution.fr\/de\/shop\/\"},{\"@type\":\"ListItem\",\"position\":3,\"name\":\"Blasenkatheterisierungs-Simulator \u2013 Decent Simulators\"}]},{\"@type\":\"WebSite\",\"@id\":\"https:\/\/lifesupportdistribution.fr\/de\/#website\",\"url\":\"https:\/\/lifesupportdistribution.fr\/de\/\",\"name\":\"Life Support Distribution\",\"description\":\"Solutions en simulation m\u00e9dicale\",\"publisher\":{\"@id\":\"https:\/\/lifesupportdistribution.fr\/de\/#organization\"},\"potentialAction\":[{\"@type\":\"SearchAction\",\"target\":{\"@type\":\"EntryPoint\",\"urlTemplate\":\"https:\/\/lifesupportdistribution.fr\/de\/?s={search_term_string}\"},\"query-input\":{\"@type\":\"PropertyValueSpecification\",\"valueRequired\":true,\"valueName\":\"search_term_string\"}}],\"inLanguage\":\"de\"},{\"@type\":\"Organization\",\"@id\":\"https:\/\/lifesupportdistribution.fr\/de\/#organization\",\"name\":\"Life Support Distribution\",\"url\":\"https:\/\/lifesupportdistribution.fr\/de\/\",\"logo\":{\"@type\":\"ImageObject\",\"inLanguage\":\"de\",\"@id\":\"https:\/\/lifesupportdistribution.fr\/de\/#\/schema\/logo\/image\/\",\"url\":\"https:\/\/lifesupportdistribution.fr\/wp-content\/uploads\/2025\/10\/logo-life-support-distribution.svg\",\"contentUrl\":\"https:\/\/lifesupportdistribution.fr\/wp-content\/uploads\/2025\/10\/logo-life-support-distribution.svg\",\"width\":698,\"height\":223,\"caption\":\"Life Support Distribution\"},\"image\":{\"@id\":\"https:\/\/lifesupportdistribution.fr\/de\/#\/schema\/logo\/image\/\"},\"sameAs\":[\"https:\/\/www.linkedin.com\/company\/life-support-distribution\/\"]}]}<\/script>\n<!-- \/ Yoast SEO plugin. -->","yoast_head_json":{"title":"Katheterisierungs-Trainer \u2013 Decent Simulators","description":"Katheterisierungs-Simulator von Decent Simulators: realistisches Modell zum Erlernen der Katheterplatzierung, steriler Techniken und der Patientenversorgung.","robots":{"index":"index","follow":"follow","max-snippet":"max-snippet:-1","max-image-preview":"max-image-preview:large","max-video-preview":"max-video-preview:-1"},"canonical":"https:\/\/lifesupportdistribution.fr\/de\/produkt\/blasenkatheterisierungs-simulator-decent-simulators\/","og_locale":"de_DE","og_type":"article","og_title":"Katheterisierungs-Trainer \u2013 Decent Simulators","og_description":"Katheterisierungs-Simulator von Decent Simulators: realistisches Modell zum Erlernen der Katheterplatzierung, steriler Techniken und der Patientenversorgung.","og_url":"https:\/\/lifesupportdistribution.fr\/de\/produkt\/blasenkatheterisierungs-simulator-decent-simulators\/","og_site_name":"Life Support Distribution","og_image":[{"width":1090,"height":744,"url":"https:\/\/lifesupportdistribution.fr\/wp-content\/uploads\/2025\/11\/Photo-sondage-vesical-DS-1.png","type":"image\/png"}],"twitter_card":"summary_large_image","schema":{"@context":"https:\/\/schema.org","@graph":[{"@type":"WebPage","@id":"https:\/\/lifesupportdistribution.fr\/de\/produkt\/blasenkatheterisierungs-simulator-decent-simulators\/","url":"https:\/\/lifesupportdistribution.fr\/de\/produkt\/blasenkatheterisierungs-simulator-decent-simulators\/","name":"Katheterisierungs-Trainer \u2013 Decent Simulators","isPartOf":{"@id":"https:\/\/lifesupportdistribution.fr\/de\/#website"},"primaryImageOfPage":{"@id":"https:\/\/lifesupportdistribution.fr\/de\/produkt\/blasenkatheterisierungs-simulator-decent-simulators\/#primaryimage"},"image":{"@id":"https:\/\/lifesupportdistribution.fr\/de\/produkt\/blasenkatheterisierungs-simulator-decent-simulators\/#primaryimage"},"thumbnailUrl":"https:\/\/lifesupportdistribution.fr\/wp-content\/uploads\/2025\/11\/Photo-sondage-vesical-DS-1.png","datePublished":"2025-11-26T10:49:11+00:00","description":"Katheterisierungs-Simulator von Decent Simulators: realistisches Modell zum Erlernen der Katheterplatzierung, steriler Techniken und der Patientenversorgung.","breadcrumb":{"@id":"https:\/\/lifesupportdistribution.fr\/de\/produkt\/blasenkatheterisierungs-simulator-decent-simulators\/#breadcrumb"},"inLanguage":"de","potentialAction":[{"@type":"ReadAction","target":["https:\/\/lifesupportdistribution.fr\/de\/produkt\/blasenkatheterisierungs-simulator-decent-simulators\/"]}]},{"@type":"ImageObject","inLanguage":"de","@id":"https:\/\/lifesupportdistribution.fr\/de\/produkt\/blasenkatheterisierungs-simulator-decent-simulators\/#primaryimage","url":"https:\/\/lifesupportdistribution.fr\/wp-content\/uploads\/2025\/11\/Photo-sondage-vesical-DS-1.png","contentUrl":"https:\/\/lifesupportdistribution.fr\/wp-content\/uploads\/2025\/11\/Photo-sondage-vesical-DS-1.png","width":1090,"height":744},{"@type":"BreadcrumbList","@id":"https:\/\/lifesupportdistribution.fr\/de\/produkt\/blasenkatheterisierungs-simulator-decent-simulators\/#breadcrumb","itemListElement":[{"@type":"ListItem","position":1,"name":"Accueil","item":"https:\/\/lifesupportdistribution.fr\/de\/startseite\/"},{"@type":"ListItem","position":2,"name":"Shop","item":"https:\/\/lifesupportdistribution.fr\/de\/shop\/"},{"@type":"ListItem","position":3,"name":"Blasenkatheterisierungs-Simulator \u2013 Decent Simulators"}]},{"@type":"WebSite","@id":"https:\/\/lifesupportdistribution.fr\/de\/#website","url":"https:\/\/lifesupportdistribution.fr\/de\/","name":"Life Support Distribution","description":"Solutions en simulation m\u00e9dicale","publisher":{"@id":"https:\/\/lifesupportdistribution.fr\/de\/#organization"},"potentialAction":[{"@type":"SearchAction","target":{"@type":"EntryPoint","urlTemplate":"https:\/\/lifesupportdistribution.fr\/de\/?s={search_term_string}"},"query-input":{"@type":"PropertyValueSpecification","valueRequired":true,"valueName":"search_term_string"}}],"inLanguage":"de"},{"@type":"Organization","@id":"https:\/\/lifesupportdistribution.fr\/de\/#organization","name":"Life Support Distribution","url":"https:\/\/lifesupportdistribution.fr\/de\/","logo":{"@type":"ImageObject","inLanguage":"de","@id":"https:\/\/lifesupportdistribution.fr\/de\/#\/schema\/logo\/image\/","url":"https:\/\/lifesupportdistribution.fr\/wp-content\/uploads\/2025\/10\/logo-life-support-distribution.svg","contentUrl":"https:\/\/lifesupportdistribution.fr\/wp-content\/uploads\/2025\/10\/logo-life-support-distribution.svg","width":698,"height":223,"caption":"Life Support Distribution"},"image":{"@id":"https:\/\/lifesupportdistribution.fr\/de\/#\/schema\/logo\/image\/"},"sameAs":["https:\/\/www.linkedin.com\/company\/life-support-distribution\/"]}]}},"_links":{"self":[{"href":"https:\/\/lifesupportdistribution.fr\/de\/wp-json\/wp\/v2\/product\/6411","targetHints":{"allow":["GET"]}}],"collection":[{"href":"https:\/\/lifesupportdistribution.fr\/de\/wp-json\/wp\/v2\/product"}],"about":[{"href":"https:\/\/lifesupportdistribution.fr\/de\/wp-json\/wp\/v2\/types\/product"}],"wp:featuredmedia":[{"embeddable":true,"href":"https:\/\/lifesupportdistribution.fr\/de\/wp-json\/wp\/v2\/media\/1974"}],"wp:attachment":[{"href":"https:\/\/lifesupportdistribution.fr\/de\/wp-json\/wp\/v2\/media?parent=6411"}],"wp:term":[{"taxonomy":"product_brand","embeddable":true,"href":"https:\/\/lifesupportdistribution.fr\/de\/wp-json\/wp\/v2\/product_brand?post=6411"},{"taxonomy":"product_cat","embeddable":true,"href":"https:\/\/lifesupportdistribution.fr\/de\/wp-json\/wp\/v2\/product_cat?post=6411"},{"taxonomy":"product_tag","embeddable":true,"href":"https:\/\/lifesupportdistribution.fr\/de\/wp-json\/wp\/v2\/product_tag?post=6411"}],"curies":[{"name":"wp","href":"https:\/\/api.w.org\/{rel}","templated":true}]}}