{"id":6418,"date":"2025-11-26T10:33:31","date_gmt":"2025-11-26T09:33:31","guid":{"rendered":"https:\/\/lifesupportdistribution.fr\/produits\/atemwegsmanagement-simulator-decent-simulators\/"},"modified":"2025-11-26T10:33:31","modified_gmt":"2025-11-26T09:33:31","slug":"atemwegsmanagement-simulator-decent-simulators","status":"publish","type":"product","link":"https:\/\/lifesupportdistribution.fr\/de\/produkt\/atemwegsmanagement-simulator-decent-simulators\/","title":{"rendered":"Atemwegsmanagement-Simulator \u2013 Decent Simulators"},"content":{"rendered":"<p>Dieser Simulator richtet sich an medizinisches Fachpersonal, das seine F\u00e4higkeiten im Atemwegsmanagement verbessern m\u00f6chte, von grundlegenden Handgriffen bis hin zu komplexen Szenarien.<\/p>\n<p>Basierend auf realen anatomischen Daten, reproduziert er naturgetreu die Strukturen des Kehlkopfes und des Nackens (einstellbar) und bietet tastbare Orientierungspunkte f\u00fcr das Erlernen der Intubation. Die Schwierigkeit kann eingestellt werden, wodurch Lernende auf verschiedenen Komplexit\u00e4tsstufen geschult werden k\u00f6nnen. <\/p>\n<p>Sein modulares Design und die Verf\u00fcgbarkeit zahlreicher Ersatzteile gew\u00e4hrleisten eine langlebige Nutzung und Anpassung an verschiedene p\u00e4dagogische Kontexte. Kompakt und praktisch, wird er mit einem kompletten Kit f\u00fcr vielf\u00e4ltige und immersive Trainings geliefert. <\/p>\n","protected":false},"excerpt":{"rendered":"<p>Der Atemwegsmanagement-Simulator (Airway Task Trainer) von Decent Simulators ist ein vielseitiges und modulares Werkzeug, speziell entwickelt f\u00fcr das \u00dcben von Intubations- und Beatmungstechniken. Er ist in mehreren Versionen und Hautfarben erh\u00e4ltlich und erm\u00f6glicht das Training unter realistischen und vielf\u00e4ltigen Bedingungen. <\/p>\n","protected":false},"featured_media":1956,"template":"","meta":[],"product_brand":[192],"product_cat":[222],"product_tag":[237,238,252,245,251,236],"class_list":{"0":"post-6418","1":"product","2":"type-product","3":"status-publish","4":"has-post-thumbnail","6":"product_brand-decent-simulators","7":"product_cat-simulatoren-fur-medizinische-versorgung","8":"product_tag-anasthesie","9":"product_tag-erste-hilfe","10":"product_tag-intensivmedizin","11":"product_tag-intensivpflege","12":"product_tag-krankenpflege","13":"product_tag-notfallmedizin","15":"first","16":"instock","17":"shipping-taxable","18":"purchasable","19":"product-type-simple"},"yoast_head":"<!-- This site is optimized with the Yoast SEO plugin v26.8 - https:\/\/yoast.com\/product\/yoast-seo-wordpress\/ -->\n<title>Airway Trainer Decent Simulators \u2013 Atemwegsmanagement<\/title>\n<meta name=\"description\" content=\"Atemwegssimulator Decent Simulators: Realistisches Modell zum Erlernen von Intubation, Beatmung und Notfallma\u00dfnahmen.\" \/>\n<meta name=\"robots\" content=\"index, follow, max-snippet:-1, max-image-preview:large, max-video-preview:-1\" \/>\n<link rel=\"canonical\" href=\"https:\/\/lifesupportdistribution.fr\/de\/produkt\/atemwegsmanagement-simulator-decent-simulators\/\" \/>\n<meta property=\"og:locale\" content=\"de_DE\" \/>\n<meta property=\"og:type\" content=\"article\" \/>\n<meta property=\"og:title\" content=\"Airway Trainer Decent Simulators \u2013 Atemwegsmanagement\" \/>\n<meta property=\"og:description\" content=\"Atemwegssimulator Decent Simulators: Realistisches Modell zum Erlernen von Intubation, Beatmung und Notfallma\u00dfnahmen.\" \/>\n<meta property=\"og:url\" content=\"https:\/\/lifesupportdistribution.fr\/de\/produkt\/atemwegsmanagement-simulator-decent-simulators\/\" \/>\n<meta property=\"og:site_name\" content=\"Life Support Distribution\" \/>\n<meta property=\"og:image\" content=\"https:\/\/lifesupportdistribution.fr\/wp-content\/uploads\/2025\/11\/Photo-airway-DS-1.png\" \/>\n\t<meta property=\"og:image:width\" content=\"1386\" \/>\n\t<meta property=\"og:image:height\" content=\"916\" \/>\n\t<meta property=\"og:image:type\" content=\"image\/png\" \/>\n<meta name=\"twitter:card\" content=\"summary_large_image\" \/>\n<meta name=\"twitter:label1\" content=\"Gesch\u00e4tzte Lesezeit\" \/>\n\t<meta name=\"twitter:data1\" content=\"1\u00a0Minute\" \/>\n<script type=\"application\/ld+json\" class=\"yoast-schema-graph\">{\"@context\":\"https:\/\/schema.org\",\"@graph\":[{\"@type\":\"WebPage\",\"@id\":\"https:\/\/lifesupportdistribution.fr\/de\/produkt\/atemwegsmanagement-simulator-decent-simulators\/\",\"url\":\"https:\/\/lifesupportdistribution.fr\/de\/produkt\/atemwegsmanagement-simulator-decent-simulators\/\",\"name\":\"Airway Trainer Decent Simulators \u2013 Atemwegsmanagement\",\"isPartOf\":{\"@id\":\"https:\/\/lifesupportdistribution.fr\/de\/#website\"},\"primaryImageOfPage\":{\"@id\":\"https:\/\/lifesupportdistribution.fr\/de\/produkt\/atemwegsmanagement-simulator-decent-simulators\/#primaryimage\"},\"image\":{\"@id\":\"https:\/\/lifesupportdistribution.fr\/de\/produkt\/atemwegsmanagement-simulator-decent-simulators\/#primaryimage\"},\"thumbnailUrl\":\"https:\/\/lifesupportdistribution.fr\/wp-content\/uploads\/2025\/11\/Photo-airway-DS-1.png\",\"datePublished\":\"2025-11-26T09:33:31+00:00\",\"description\":\"Atemwegssimulator Decent Simulators: Realistisches Modell zum Erlernen von Intubation, Beatmung und Notfallma\u00dfnahmen.\",\"breadcrumb\":{\"@id\":\"https:\/\/lifesupportdistribution.fr\/de\/produkt\/atemwegsmanagement-simulator-decent-simulators\/#breadcrumb\"},\"inLanguage\":\"de\",\"potentialAction\":[{\"@type\":\"ReadAction\",\"target\":[\"https:\/\/lifesupportdistribution.fr\/de\/produkt\/atemwegsmanagement-simulator-decent-simulators\/\"]}]},{\"@type\":\"ImageObject\",\"inLanguage\":\"de\",\"@id\":\"https:\/\/lifesupportdistribution.fr\/de\/produkt\/atemwegsmanagement-simulator-decent-simulators\/#primaryimage\",\"url\":\"https:\/\/lifesupportdistribution.fr\/wp-content\/uploads\/2025\/11\/Photo-airway-DS-1.png\",\"contentUrl\":\"https:\/\/lifesupportdistribution.fr\/wp-content\/uploads\/2025\/11\/Photo-airway-DS-1.png\",\"width\":1386,\"height\":916},{\"@type\":\"BreadcrumbList\",\"@id\":\"https:\/\/lifesupportdistribution.fr\/de\/produkt\/atemwegsmanagement-simulator-decent-simulators\/#breadcrumb\",\"itemListElement\":[{\"@type\":\"ListItem\",\"position\":1,\"name\":\"Accueil\",\"item\":\"https:\/\/lifesupportdistribution.fr\/de\/startseite\/\"},{\"@type\":\"ListItem\",\"position\":2,\"name\":\"Shop\",\"item\":\"https:\/\/lifesupportdistribution.fr\/de\/shop\/\"},{\"@type\":\"ListItem\",\"position\":3,\"name\":\"Atemwegsmanagement-Simulator \u2013 Decent Simulators\"}]},{\"@type\":\"WebSite\",\"@id\":\"https:\/\/lifesupportdistribution.fr\/de\/#website\",\"url\":\"https:\/\/lifesupportdistribution.fr\/de\/\",\"name\":\"Life Support Distribution\",\"description\":\"Solutions en simulation m\u00e9dicale\",\"publisher\":{\"@id\":\"https:\/\/lifesupportdistribution.fr\/de\/#organization\"},\"potentialAction\":[{\"@type\":\"SearchAction\",\"target\":{\"@type\":\"EntryPoint\",\"urlTemplate\":\"https:\/\/lifesupportdistribution.fr\/de\/?s={search_term_string}\"},\"query-input\":{\"@type\":\"PropertyValueSpecification\",\"valueRequired\":true,\"valueName\":\"search_term_string\"}}],\"inLanguage\":\"de\"},{\"@type\":\"Organization\",\"@id\":\"https:\/\/lifesupportdistribution.fr\/de\/#organization\",\"name\":\"Life Support Distribution\",\"url\":\"https:\/\/lifesupportdistribution.fr\/de\/\",\"logo\":{\"@type\":\"ImageObject\",\"inLanguage\":\"de\",\"@id\":\"https:\/\/lifesupportdistribution.fr\/de\/#\/schema\/logo\/image\/\",\"url\":\"https:\/\/lifesupportdistribution.fr\/wp-content\/uploads\/2025\/10\/logo-life-support-distribution.svg\",\"contentUrl\":\"https:\/\/lifesupportdistribution.fr\/wp-content\/uploads\/2025\/10\/logo-life-support-distribution.svg\",\"width\":698,\"height\":223,\"caption\":\"Life Support Distribution\"},\"image\":{\"@id\":\"https:\/\/lifesupportdistribution.fr\/de\/#\/schema\/logo\/image\/\"},\"sameAs\":[\"https:\/\/www.linkedin.com\/company\/life-support-distribution\/\"]}]}<\/script>\n<!-- \/ Yoast SEO plugin. -->","yoast_head_json":{"title":"Airway Trainer Decent Simulators \u2013 Atemwegsmanagement","description":"Atemwegssimulator Decent Simulators: Realistisches Modell zum Erlernen von Intubation, Beatmung und Notfallma\u00dfnahmen.","robots":{"index":"index","follow":"follow","max-snippet":"max-snippet:-1","max-image-preview":"max-image-preview:large","max-video-preview":"max-video-preview:-1"},"canonical":"https:\/\/lifesupportdistribution.fr\/de\/produkt\/atemwegsmanagement-simulator-decent-simulators\/","og_locale":"de_DE","og_type":"article","og_title":"Airway Trainer Decent Simulators \u2013 Atemwegsmanagement","og_description":"Atemwegssimulator Decent Simulators: Realistisches Modell zum Erlernen von Intubation, Beatmung und Notfallma\u00dfnahmen.","og_url":"https:\/\/lifesupportdistribution.fr\/de\/produkt\/atemwegsmanagement-simulator-decent-simulators\/","og_site_name":"Life Support Distribution","og_image":[{"width":1386,"height":916,"url":"https:\/\/lifesupportdistribution.fr\/wp-content\/uploads\/2025\/11\/Photo-airway-DS-1.png","type":"image\/png"}],"twitter_card":"summary_large_image","twitter_misc":{"Gesch\u00e4tzte Lesezeit":"1\u00a0Minute"},"schema":{"@context":"https:\/\/schema.org","@graph":[{"@type":"WebPage","@id":"https:\/\/lifesupportdistribution.fr\/de\/produkt\/atemwegsmanagement-simulator-decent-simulators\/","url":"https:\/\/lifesupportdistribution.fr\/de\/produkt\/atemwegsmanagement-simulator-decent-simulators\/","name":"Airway Trainer Decent Simulators \u2013 Atemwegsmanagement","isPartOf":{"@id":"https:\/\/lifesupportdistribution.fr\/de\/#website"},"primaryImageOfPage":{"@id":"https:\/\/lifesupportdistribution.fr\/de\/produkt\/atemwegsmanagement-simulator-decent-simulators\/#primaryimage"},"image":{"@id":"https:\/\/lifesupportdistribution.fr\/de\/produkt\/atemwegsmanagement-simulator-decent-simulators\/#primaryimage"},"thumbnailUrl":"https:\/\/lifesupportdistribution.fr\/wp-content\/uploads\/2025\/11\/Photo-airway-DS-1.png","datePublished":"2025-11-26T09:33:31+00:00","description":"Atemwegssimulator Decent Simulators: Realistisches Modell zum Erlernen von Intubation, Beatmung und Notfallma\u00dfnahmen.","breadcrumb":{"@id":"https:\/\/lifesupportdistribution.fr\/de\/produkt\/atemwegsmanagement-simulator-decent-simulators\/#breadcrumb"},"inLanguage":"de","potentialAction":[{"@type":"ReadAction","target":["https:\/\/lifesupportdistribution.fr\/de\/produkt\/atemwegsmanagement-simulator-decent-simulators\/"]}]},{"@type":"ImageObject","inLanguage":"de","@id":"https:\/\/lifesupportdistribution.fr\/de\/produkt\/atemwegsmanagement-simulator-decent-simulators\/#primaryimage","url":"https:\/\/lifesupportdistribution.fr\/wp-content\/uploads\/2025\/11\/Photo-airway-DS-1.png","contentUrl":"https:\/\/lifesupportdistribution.fr\/wp-content\/uploads\/2025\/11\/Photo-airway-DS-1.png","width":1386,"height":916},{"@type":"BreadcrumbList","@id":"https:\/\/lifesupportdistribution.fr\/de\/produkt\/atemwegsmanagement-simulator-decent-simulators\/#breadcrumb","itemListElement":[{"@type":"ListItem","position":1,"name":"Accueil","item":"https:\/\/lifesupportdistribution.fr\/de\/startseite\/"},{"@type":"ListItem","position":2,"name":"Shop","item":"https:\/\/lifesupportdistribution.fr\/de\/shop\/"},{"@type":"ListItem","position":3,"name":"Atemwegsmanagement-Simulator \u2013 Decent Simulators"}]},{"@type":"WebSite","@id":"https:\/\/lifesupportdistribution.fr\/de\/#website","url":"https:\/\/lifesupportdistribution.fr\/de\/","name":"Life Support Distribution","description":"Solutions en simulation m\u00e9dicale","publisher":{"@id":"https:\/\/lifesupportdistribution.fr\/de\/#organization"},"potentialAction":[{"@type":"SearchAction","target":{"@type":"EntryPoint","urlTemplate":"https:\/\/lifesupportdistribution.fr\/de\/?s={search_term_string}"},"query-input":{"@type":"PropertyValueSpecification","valueRequired":true,"valueName":"search_term_string"}}],"inLanguage":"de"},{"@type":"Organization","@id":"https:\/\/lifesupportdistribution.fr\/de\/#organization","name":"Life Support Distribution","url":"https:\/\/lifesupportdistribution.fr\/de\/","logo":{"@type":"ImageObject","inLanguage":"de","@id":"https:\/\/lifesupportdistribution.fr\/de\/#\/schema\/logo\/image\/","url":"https:\/\/lifesupportdistribution.fr\/wp-content\/uploads\/2025\/10\/logo-life-support-distribution.svg","contentUrl":"https:\/\/lifesupportdistribution.fr\/wp-content\/uploads\/2025\/10\/logo-life-support-distribution.svg","width":698,"height":223,"caption":"Life Support Distribution"},"image":{"@id":"https:\/\/lifesupportdistribution.fr\/de\/#\/schema\/logo\/image\/"},"sameAs":["https:\/\/www.linkedin.com\/company\/life-support-distribution\/"]}]}},"_links":{"self":[{"href":"https:\/\/lifesupportdistribution.fr\/de\/wp-json\/wp\/v2\/product\/6418","targetHints":{"allow":["GET"]}}],"collection":[{"href":"https:\/\/lifesupportdistribution.fr\/de\/wp-json\/wp\/v2\/product"}],"about":[{"href":"https:\/\/lifesupportdistribution.fr\/de\/wp-json\/wp\/v2\/types\/product"}],"wp:featuredmedia":[{"embeddable":true,"href":"https:\/\/lifesupportdistribution.fr\/de\/wp-json\/wp\/v2\/media\/1956"}],"wp:attachment":[{"href":"https:\/\/lifesupportdistribution.fr\/de\/wp-json\/wp\/v2\/media?parent=6418"}],"wp:term":[{"taxonomy":"product_brand","embeddable":true,"href":"https:\/\/lifesupportdistribution.fr\/de\/wp-json\/wp\/v2\/product_brand?post=6418"},{"taxonomy":"product_cat","embeddable":true,"href":"https:\/\/lifesupportdistribution.fr\/de\/wp-json\/wp\/v2\/product_cat?post=6418"},{"taxonomy":"product_tag","embeddable":true,"href":"https:\/\/lifesupportdistribution.fr\/de\/wp-json\/wp\/v2\/product_tag?post=6418"}],"curies":[{"name":"wp","href":"https:\/\/api.w.org\/{rel}","templated":true}]}}