{"id":6436,"date":"2025-12-02T14:56:55","date_gmt":"2025-12-02T13:56:55","guid":{"rendered":"https:\/\/lifesupportdistribution.fr\/produits\/verbruehungsmodell\/"},"modified":"2025-12-02T14:56:55","modified_gmt":"2025-12-02T13:56:55","slug":"verbruehungsmodell","status":"publish","type":"product","link":"https:\/\/lifesupportdistribution.fr\/de\/produkt\/verbruehungsmodell\/","title":{"rendered":"Verbr\u00fchungsmodell"},"content":{"rendered":"<p>Das Modell NW011 veranschaulicht eine Verbr\u00fchung, typisch f\u00fcr Unf\u00e4lle durch Spritzer hei\u00dfer Fl\u00fcssigkeiten (Wasser, \u00d6l, Kaffee, Dampf).<br \/>\nDie Hautoberfl\u00e4che weist Blasen, R\u00f6tungen und abgel\u00f6ste Hautbereiche auf, die die Anzeichen einer Verbrennung zweiten Grades wiedergeben.<\/p>\n<p>Dieses Lehrmodell ist gebrauchsfertig und kann an einer Pflegepuppe oder einem standardisierten Patienten verwendet werden, um realistische Notfallsituationen nachzubilden.<br \/>\nLeicht zu reinigen und wiederverwendbar, ist es ein bevorzugtes Werkzeug f\u00fcr Krankenpflegeschulen, Simulationszentren und Erste-Hilfe-Ausbilder.<\/p>\n","protected":false},"excerpt":{"rendered":"<p>Das Verbr\u00fchungsmodell NW011 von Erler Zimmer bildet Hautl\u00e4sionen, die durch kochende Fl\u00fcssigkeiten verursacht werden, wie sie bei h\u00e4uslichen oder beruflichen Unf\u00e4llen auftreten, naturgetreu nach.<br \/>\nIdeal f\u00fcr die Ausbildung in Notfallmedizin, Erster Hilfe, Krankenhaus- oder pr\u00e4klinischer Simulation, erm\u00f6glicht es die Erkennung von thermischen Verbrennungen und deren sofortige Versorgung zu lehren.<br \/>\nDieses Modell aus weichem und strapazierf\u00e4higem Silikon bietet eine visuelle und taktile Darstellung von gro\u00dfem Realismus f\u00fcr ein immersives Lernerlebnis.<\/p>\n<p>&nbsp;<\/p>\n","protected":false},"featured_media":2785,"template":"","meta":[],"product_brand":[193],"product_cat":[220],"product_tag":[254,238,251,236],"class_list":{"0":"post-6436","1":"product","2":"type-product","3":"status-publish","4":"has-post-thumbnail","6":"product_brand-erler-zimmer","7":"product_cat-simulierte-patienten","8":"product_tag-dermatologie","9":"product_tag-erste-hilfe","10":"product_tag-krankenpflege","11":"product_tag-notfallmedizin","13":"first","14":"instock","15":"shipping-taxable","16":"purchasable","17":"product-type-simple"},"yoast_head":"<!-- This site is optimized with the Yoast SEO plugin v27.5 - https:\/\/yoast.com\/product\/yoast-seo-wordpress\/ -->\n<title>Verbr\u00fchungsmodell NW011 \u2013 Realistische Verbrennung<\/title>\n<meta name=\"description\" content=\"Realistisches Verbr\u00fchungsmodell aus Silikon zur Schulung bei Verbr\u00fchungen durch hei\u00dfe Fl\u00fcssigkeiten. Wiederverwendbar, waschbar und mit Mannequins kompatibel.\" \/>\n<meta name=\"robots\" content=\"index, follow, max-snippet:-1, max-image-preview:large, max-video-preview:-1\" \/>\n<link rel=\"canonical\" href=\"https:\/\/lifesupportdistribution.fr\/de\/produkt\/verbruehungsmodell\/\" \/>\n<meta property=\"og:locale\" content=\"de_DE\" \/>\n<meta property=\"og:type\" content=\"article\" \/>\n<meta property=\"og:title\" content=\"Verbr\u00fchungsmodell NW011 \u2013 Realistische Verbrennung\" \/>\n<meta property=\"og:description\" content=\"Realistisches Verbr\u00fchungsmodell aus Silikon zur Schulung bei Verbr\u00fchungen durch hei\u00dfe Fl\u00fcssigkeiten. Wiederverwendbar, waschbar und mit Mannequins kompatibel.\" \/>\n<meta property=\"og:url\" content=\"https:\/\/lifesupportdistribution.fr\/de\/produkt\/verbruehungsmodell\/\" \/>\n<meta property=\"og:site_name\" content=\"Life Support Distribution\" \/>\n<meta property=\"og:image\" content=\"https:\/\/lifesupportdistribution.fr\/wp-content\/uploads\/2025\/12\/Moulage-debouillantage.jpeg\" \/>\n\t<meta property=\"og:image:width\" content=\"1920\" \/>\n\t<meta property=\"og:image:height\" content=\"1446\" \/>\n\t<meta property=\"og:image:type\" content=\"image\/jpeg\" \/>\n<meta name=\"twitter:card\" content=\"summary_large_image\" \/>\n<script type=\"application\/ld+json\" class=\"yoast-schema-graph\">{\"@context\":\"https:\\\/\\\/schema.org\",\"@graph\":[{\"@type\":\"WebPage\",\"@id\":\"https:\\\/\\\/lifesupportdistribution.fr\\\/de\\\/produkt\\\/verbruehungsmodell\\\/\",\"url\":\"https:\\\/\\\/lifesupportdistribution.fr\\\/de\\\/produkt\\\/verbruehungsmodell\\\/\",\"name\":\"Verbr\u00fchungsmodell NW011 \u2013 Realistische Verbrennung\",\"isPartOf\":{\"@id\":\"https:\\\/\\\/lifesupportdistribution.fr\\\/de\\\/#website\"},\"primaryImageOfPage\":{\"@id\":\"https:\\\/\\\/lifesupportdistribution.fr\\\/de\\\/produkt\\\/verbruehungsmodell\\\/#primaryimage\"},\"image\":{\"@id\":\"https:\\\/\\\/lifesupportdistribution.fr\\\/de\\\/produkt\\\/verbruehungsmodell\\\/#primaryimage\"},\"thumbnailUrl\":\"https:\\\/\\\/lifesupportdistribution.fr\\\/wp-content\\\/uploads\\\/2025\\\/12\\\/Moulage-debouillantage.jpeg\",\"datePublished\":\"2025-12-02T13:56:55+00:00\",\"description\":\"Realistisches Verbr\u00fchungsmodell aus Silikon zur Schulung bei Verbr\u00fchungen durch hei\u00dfe Fl\u00fcssigkeiten. Wiederverwendbar, waschbar und mit Mannequins kompatibel.\",\"breadcrumb\":{\"@id\":\"https:\\\/\\\/lifesupportdistribution.fr\\\/de\\\/produkt\\\/verbruehungsmodell\\\/#breadcrumb\"},\"inLanguage\":\"de\",\"potentialAction\":[{\"@type\":\"ReadAction\",\"target\":[\"https:\\\/\\\/lifesupportdistribution.fr\\\/de\\\/produkt\\\/verbruehungsmodell\\\/\"]}]},{\"@type\":\"ImageObject\",\"inLanguage\":\"de\",\"@id\":\"https:\\\/\\\/lifesupportdistribution.fr\\\/de\\\/produkt\\\/verbruehungsmodell\\\/#primaryimage\",\"url\":\"https:\\\/\\\/lifesupportdistribution.fr\\\/wp-content\\\/uploads\\\/2025\\\/12\\\/Moulage-debouillantage.jpeg\",\"contentUrl\":\"https:\\\/\\\/lifesupportdistribution.fr\\\/wp-content\\\/uploads\\\/2025\\\/12\\\/Moulage-debouillantage.jpeg\",\"width\":1920,\"height\":1446},{\"@type\":\"BreadcrumbList\",\"@id\":\"https:\\\/\\\/lifesupportdistribution.fr\\\/de\\\/produkt\\\/verbruehungsmodell\\\/#breadcrumb\",\"itemListElement\":[{\"@type\":\"ListItem\",\"position\":1,\"name\":\"Accueil\",\"item\":\"https:\\\/\\\/lifesupportdistribution.fr\\\/de\\\/startseite\\\/\"},{\"@type\":\"ListItem\",\"position\":2,\"name\":\"Shop\",\"item\":\"https:\\\/\\\/lifesupportdistribution.fr\\\/de\\\/shop\\\/\"},{\"@type\":\"ListItem\",\"position\":3,\"name\":\"Verbr\u00fchungsmodell\"}]},{\"@type\":\"WebSite\",\"@id\":\"https:\\\/\\\/lifesupportdistribution.fr\\\/de\\\/#website\",\"url\":\"https:\\\/\\\/lifesupportdistribution.fr\\\/de\\\/\",\"name\":\"Life Support Distribution\",\"description\":\"Solutions en simulation m\u00e9dicale\",\"publisher\":{\"@id\":\"https:\\\/\\\/lifesupportdistribution.fr\\\/de\\\/#organization\"},\"potentialAction\":[{\"@type\":\"SearchAction\",\"target\":{\"@type\":\"EntryPoint\",\"urlTemplate\":\"https:\\\/\\\/lifesupportdistribution.fr\\\/de\\\/?s={search_term_string}\"},\"query-input\":{\"@type\":\"PropertyValueSpecification\",\"valueRequired\":true,\"valueName\":\"search_term_string\"}}],\"inLanguage\":\"de\"},{\"@type\":\"Organization\",\"@id\":\"https:\\\/\\\/lifesupportdistribution.fr\\\/de\\\/#organization\",\"name\":\"Life Support Distribution\",\"url\":\"https:\\\/\\\/lifesupportdistribution.fr\\\/de\\\/\",\"logo\":{\"@type\":\"ImageObject\",\"inLanguage\":\"de\",\"@id\":\"https:\\\/\\\/lifesupportdistribution.fr\\\/de\\\/#\\\/schema\\\/logo\\\/image\\\/\",\"url\":\"https:\\\/\\\/lifesupportdistribution.fr\\\/wp-content\\\/uploads\\\/2025\\\/10\\\/logo-life-support-distribution.svg\",\"contentUrl\":\"https:\\\/\\\/lifesupportdistribution.fr\\\/wp-content\\\/uploads\\\/2025\\\/10\\\/logo-life-support-distribution.svg\",\"width\":698,\"height\":223,\"caption\":\"Life Support Distribution\"},\"image\":{\"@id\":\"https:\\\/\\\/lifesupportdistribution.fr\\\/de\\\/#\\\/schema\\\/logo\\\/image\\\/\"},\"sameAs\":[\"https:\\\/\\\/www.linkedin.com\\\/company\\\/life-support-distribution\\\/\"]}]}<\/script>\n<!-- \/ Yoast SEO plugin. -->","yoast_head_json":{"title":"Verbr\u00fchungsmodell NW011 \u2013 Realistische Verbrennung","description":"Realistisches Verbr\u00fchungsmodell aus Silikon zur Schulung bei Verbr\u00fchungen durch hei\u00dfe Fl\u00fcssigkeiten. Wiederverwendbar, waschbar und mit Mannequins kompatibel.","robots":{"index":"index","follow":"follow","max-snippet":"max-snippet:-1","max-image-preview":"max-image-preview:large","max-video-preview":"max-video-preview:-1"},"canonical":"https:\/\/lifesupportdistribution.fr\/de\/produkt\/verbruehungsmodell\/","og_locale":"de_DE","og_type":"article","og_title":"Verbr\u00fchungsmodell NW011 \u2013 Realistische Verbrennung","og_description":"Realistisches Verbr\u00fchungsmodell aus Silikon zur Schulung bei Verbr\u00fchungen durch hei\u00dfe Fl\u00fcssigkeiten. Wiederverwendbar, waschbar und mit Mannequins kompatibel.","og_url":"https:\/\/lifesupportdistribution.fr\/de\/produkt\/verbruehungsmodell\/","og_site_name":"Life Support Distribution","og_image":[{"width":1920,"height":1446,"url":"https:\/\/lifesupportdistribution.fr\/wp-content\/uploads\/2025\/12\/Moulage-debouillantage.jpeg","type":"image\/jpeg"}],"twitter_card":"summary_large_image","schema":{"@context":"https:\/\/schema.org","@graph":[{"@type":"WebPage","@id":"https:\/\/lifesupportdistribution.fr\/de\/produkt\/verbruehungsmodell\/","url":"https:\/\/lifesupportdistribution.fr\/de\/produkt\/verbruehungsmodell\/","name":"Verbr\u00fchungsmodell NW011 \u2013 Realistische Verbrennung","isPartOf":{"@id":"https:\/\/lifesupportdistribution.fr\/de\/#website"},"primaryImageOfPage":{"@id":"https:\/\/lifesupportdistribution.fr\/de\/produkt\/verbruehungsmodell\/#primaryimage"},"image":{"@id":"https:\/\/lifesupportdistribution.fr\/de\/produkt\/verbruehungsmodell\/#primaryimage"},"thumbnailUrl":"https:\/\/lifesupportdistribution.fr\/wp-content\/uploads\/2025\/12\/Moulage-debouillantage.jpeg","datePublished":"2025-12-02T13:56:55+00:00","description":"Realistisches Verbr\u00fchungsmodell aus Silikon zur Schulung bei Verbr\u00fchungen durch hei\u00dfe Fl\u00fcssigkeiten. Wiederverwendbar, waschbar und mit Mannequins kompatibel.","breadcrumb":{"@id":"https:\/\/lifesupportdistribution.fr\/de\/produkt\/verbruehungsmodell\/#breadcrumb"},"inLanguage":"de","potentialAction":[{"@type":"ReadAction","target":["https:\/\/lifesupportdistribution.fr\/de\/produkt\/verbruehungsmodell\/"]}]},{"@type":"ImageObject","inLanguage":"de","@id":"https:\/\/lifesupportdistribution.fr\/de\/produkt\/verbruehungsmodell\/#primaryimage","url":"https:\/\/lifesupportdistribution.fr\/wp-content\/uploads\/2025\/12\/Moulage-debouillantage.jpeg","contentUrl":"https:\/\/lifesupportdistribution.fr\/wp-content\/uploads\/2025\/12\/Moulage-debouillantage.jpeg","width":1920,"height":1446},{"@type":"BreadcrumbList","@id":"https:\/\/lifesupportdistribution.fr\/de\/produkt\/verbruehungsmodell\/#breadcrumb","itemListElement":[{"@type":"ListItem","position":1,"name":"Accueil","item":"https:\/\/lifesupportdistribution.fr\/de\/startseite\/"},{"@type":"ListItem","position":2,"name":"Shop","item":"https:\/\/lifesupportdistribution.fr\/de\/shop\/"},{"@type":"ListItem","position":3,"name":"Verbr\u00fchungsmodell"}]},{"@type":"WebSite","@id":"https:\/\/lifesupportdistribution.fr\/de\/#website","url":"https:\/\/lifesupportdistribution.fr\/de\/","name":"Life Support Distribution","description":"Solutions en simulation m\u00e9dicale","publisher":{"@id":"https:\/\/lifesupportdistribution.fr\/de\/#organization"},"potentialAction":[{"@type":"SearchAction","target":{"@type":"EntryPoint","urlTemplate":"https:\/\/lifesupportdistribution.fr\/de\/?s={search_term_string}"},"query-input":{"@type":"PropertyValueSpecification","valueRequired":true,"valueName":"search_term_string"}}],"inLanguage":"de"},{"@type":"Organization","@id":"https:\/\/lifesupportdistribution.fr\/de\/#organization","name":"Life Support Distribution","url":"https:\/\/lifesupportdistribution.fr\/de\/","logo":{"@type":"ImageObject","inLanguage":"de","@id":"https:\/\/lifesupportdistribution.fr\/de\/#\/schema\/logo\/image\/","url":"https:\/\/lifesupportdistribution.fr\/wp-content\/uploads\/2025\/10\/logo-life-support-distribution.svg","contentUrl":"https:\/\/lifesupportdistribution.fr\/wp-content\/uploads\/2025\/10\/logo-life-support-distribution.svg","width":698,"height":223,"caption":"Life Support Distribution"},"image":{"@id":"https:\/\/lifesupportdistribution.fr\/de\/#\/schema\/logo\/image\/"},"sameAs":["https:\/\/www.linkedin.com\/company\/life-support-distribution\/"]}]}},"_links":{"self":[{"href":"https:\/\/lifesupportdistribution.fr\/de\/wp-json\/wp\/v2\/product\/6436","targetHints":{"allow":["GET"]}}],"collection":[{"href":"https:\/\/lifesupportdistribution.fr\/de\/wp-json\/wp\/v2\/product"}],"about":[{"href":"https:\/\/lifesupportdistribution.fr\/de\/wp-json\/wp\/v2\/types\/product"}],"wp:featuredmedia":[{"embeddable":true,"href":"https:\/\/lifesupportdistribution.fr\/de\/wp-json\/wp\/v2\/media\/2785"}],"wp:attachment":[{"href":"https:\/\/lifesupportdistribution.fr\/de\/wp-json\/wp\/v2\/media?parent=6436"}],"wp:term":[{"taxonomy":"product_brand","embeddable":true,"href":"https:\/\/lifesupportdistribution.fr\/de\/wp-json\/wp\/v2\/product_brand?post=6436"},{"taxonomy":"product_cat","embeddable":true,"href":"https:\/\/lifesupportdistribution.fr\/de\/wp-json\/wp\/v2\/product_cat?post=6436"},{"taxonomy":"product_tag","embeddable":true,"href":"https:\/\/lifesupportdistribution.fr\/de\/wp-json\/wp\/v2\/product_tag?post=6436"}],"curies":[{"name":"wp","href":"https:\/\/api.w.org\/{rel}","templated":true}]}}